

{"id":18,"date":"2026-04-12T14:31:44","date_gmt":"2026-04-12T12:31:44","guid":{"rendered":"https:\/\/blog.hwr-berlin.de\/demokratie\/?page_id=18"},"modified":"2026-04-12T14:31:44","modified_gmt":"2026-04-12T12:31:44","slug":"datenschutzerklaerung-2","status":"publish","type":"page","link":"https:\/\/blog.hwr-berlin.de\/demokratie\/datenschutzerklaerung-2\/","title":{"rendered":"Datenschutzerkl\u00e4rung"},"content":{"rendered":"\n<p><strong>Hinweise zum Datenschutz f\u00fcr den Demokratie-Blog<\/strong><\/p>\n\n\n\n<figure class=\"wp-block-embed\"><div class=\"wp-block-embed__wrapper\">\nhttps:\/\/blog.hwr-berlin.de\/demokratie\n<\/div><\/figure>\n\n\n\n<p><em>an der Hochschule f\u00fcr Wirtschaft und Recht Berlin<\/em><\/p>\n\n\n\n<p><em>auf dem WordPress Server<\/em><\/p>\n\n\n\n<p>Die Hochschule f\u00fcr Wirtschaft und Recht Berlin (HWR Berlin) orientiert sich beim Thema Datenschutz an der EU-weit geltenden Datenschutz-Grundverordnung (EU-DSGVO). In den nachstehenden Hinweisen wird erl\u00e4utert, welche personenbezogenen Daten bei der Nutzung der Blogseite <a href=\"https:\/\/blog.hwr-berlin.de\/demokratie\/\">https:\/\/blog.hwr-berlin.de\/demokratie\/<\/a> erfasst und wie diese Daten genutzt werden.<\/p>\n\n\n\n<h1 class=\"wp-block-heading\">1&nbsp;&nbsp;&nbsp; Allgemeine Informationen<\/h1>\n\n\n\n<p>Verantwortlich f\u00fcr die Datenverarbeitung dieses Webangebots ist die Hochschule f\u00fcr Wirtschaft und Recht Berlin, Badensche Strasse 52 10825 Berlin, Verfahrensverantwortliche\/n Prof. Dr. Marianne Egger de Campo<\/p>\n\n\n\n<p>Es bestehen folgende Kontaktm\u00f6glichkeiten:<\/p>\n\n\n\n<p>HWR Berlin<\/p>\n\n\n\n<p>Alt-Friedrichsfelde 60<\/p>\n\n\n\n<p>10315 Berlin<\/p>\n\n\n\n<p>E-Mail: marianne.egger[at]hwr-berlin.de<\/p>\n\n\n\n<p>Telefon: 030-30877-2675<\/p>\n\n\n\n<p>Kontaktdaten des\/der beh\u00f6rdlichen Datenschutzbeauftragten:<\/p>\n\n\n\n<p>HWR Berlin<\/p>\n\n\n\n<p>Datenschutzbeauftragter<\/p>\n\n\n\n<p>Alt-Friedrichsfelde 60<\/p>\n\n\n\n<p>10315 Berlin<\/p>\n\n\n\n<p>E-Mail: datenschutz[at]hwr-berlin.de<\/p>\n\n\n\n<h1 class=\"wp-block-heading\">2&nbsp;&nbsp;&nbsp; Hinweis auf Betroffenenrechte<\/h1>\n\n\n\n<p>Nach Art. 15 EU-Datenschutzgrundverordnung (EU-DSGVO) besteht ein Anspruch auf kostenlose Auskunft dar\u00fcber, ob personenbezogene Daten der eigenen Person verarbeitet werden und wenn ja, um welche personenbezogenen Daten es sich hierbei handelt. Dabei kann grunds\u00e4tzlich eine Kopie der Daten verlangt werden, sofern keine gesetzliche Ausnahme oder h\u00f6here Interessen Dritter greifen. Sind die Daten unvollst\u00e4ndig oder nicht korrekt, besteht ein Anspruch auf Berichtigung gem\u00e4\u00df Art. 16 EU-DSGVO.<\/p>\n\n\n\n<p>Weitere Betroffenenrechte sind:<\/p>\n\n\n\n<ul class=\"wp-block-list\">\n<li>Art. 17 EU-DSGVO: L\u00f6schung der eigenen personenbezogenen Daten, wenn ein dort genannter L\u00f6schgrund vorliegt und keine \u00fcbergeordneten Gr\u00fcnde existieren.<\/li>\n\n\n\n<li>Art. 18 EU-DSGVO: Einschr\u00e4nkung der Verarbeitung der personenbezogenen Daten, wenn ein dort genannter Grund vorliegt.<\/li>\n\n\n\n<li>Art. 20 EU-DSGVO: \u00dcbertragung der eigenen personenbezogenen Daten zu einem Anbieter, wenn die Verarbeitung aufgrund einer Einwilligung oder aufgrund eines Vertrags erfolgt.<\/li>\n\n\n\n<li>Art. 21 EU-DSGVO: Aus Gr\u00fcnden einer besonderen pers\u00f6nlichen Situation kann das Recht auf Widerspruch gegen eine ansonsten legale Verarbeitung von personenbezogenen Daten bestehen.<\/li>\n\n\n\n<li>Art. 22 EU-DSGVO: R\u00e4umt besondere Betroffenenrechte bei Automatisierten Entscheidungen im Einzelfall einschlie\u00dflich Profiling ein.<\/li>\n<\/ul>\n\n\n\n<h1 class=\"wp-block-heading\">3&nbsp;&nbsp;&nbsp; Beschwerderecht<\/h1>\n\n\n\n<p>Es besteht das Recht zur Beschwerde bei der f\u00fcr die Hochschule f\u00fcr Wirtschaft und Recht Berlin zust\u00e4ndigen Aufsichtsbeh\u00f6rde:<\/p>\n\n\n\n<p>Berliner Beauftragte f\u00fcr Datenschutz und Informationsfreiheit<\/p>\n\n\n\n<p>Friedrichsstra\u00dfe 219<\/p>\n\n\n\n<p>10969 Berlin<\/p>\n\n\n\n<p>Tel.: +49 30 13889-0<\/p>\n\n\n\n<p>Fax: +49 30 2155050<\/p>\n\n\n\n<p>E-Mail: mailbox@datenschutz-berlin.de<\/p>\n\n\n\n<h1 class=\"wp-block-heading\">4&nbsp;&nbsp;&nbsp; Zweck der Verarbeitung personenbezogener Daten<\/h1>\n\n\n\n<p>Die Webseite Demokratie-Blog <a href=\"https:\/\/blog.hwr-berlin.de\/demokratie\/\">https:\/\/blog.hwr-berlin.de\/demokratie\/<\/a> dient der Ver\u00f6ffentlichung der Pr\u00fcfungsaufgabe innerhalb der Gruppe der Studierenden des \u00d6V Modul 24 \u201eResiliente Demokratie durch Verwaltungsmitarbeitende mit demokratischer \u00dcberzeugung&#8220; des Bachelorstudienganges \u00d6V bzw. \u00d6Vdual der Hochschule f\u00fcr Wirtschaft und Recht Berlin. Auf diesem Blog werden Artikel von den Nutzer*innen (das sind die Studierenden, die dieses Modul belegen) ver\u00f6ffentlicht, durch die sie die Erreichung der Lern- und Kompetenzziele des Moduls unter Beweis stellen.<\/p>\n\n\n\n<p>Die Webseite dient auch dem Peer-to-Peer-Learning innerhalb der Gruppe der Studierenden und ist f\u00fcr externe Nutzer*innen \u00fcber die Suchmaschine Google nicht auffindbar.<\/p>\n\n\n\n<p>Eine Erhebung von personenbezogenen Daten erfolgt nur zur Sicherstellung des Betriebes der Webseite.<\/p>\n\n\n\n<p>Es ist derzeit nicht beabsichtigt, die Daten zu anderen als den genannten Zwecken zu verwenden. Falls die Daten in der Zukunft doch zu anderen Zwecken verwendet werden sollen, werden wir Sie vorab informieren.<\/p>\n\n\n\n<p>Grundlage f\u00fcr die Verarbeitung sind die Datenschutzgrundverordnung der EU (EU-DSGVO), das Bundesdatenschutzgesetz, das Landesdatenschutzgesetz des Landes Berlin und die Studierendendatenverordnung des Landes Berlin.<\/p>\n\n\n\n<h1 class=\"wp-block-heading\">5&nbsp;&nbsp;&nbsp; Erhebung und Nutzung personenbezogener Daten<\/h1>\n\n\n\n<p>F\u00fcr die Nutzung unseres Dienstes ist notwendig, sich unter Angabe personenbezogener Daten zu registrieren oder anzumelden.<\/p>\n\n\n\n<h2 class=\"wp-block-heading\">Redaktionelle \/ administrative Benutzerverwaltung:<\/h2>\n\n\n\n<p>Die Registrierung eines Nutzenden ist nur zur Administration oder redaktionellen Bearbeitung der Webseite erforderlich. Die Erstellung des Blogs erfolgt durch die IT Abteilung. Die\/der Verantwortliche f\u00fcr den Blog erh\u00e4lt durch die IT Abteilung einen administrativen Account. Mit diesem Account ist das Anlegen weiterer administrativer oder redaktioneller Nutzender m\u00f6glich. Diese Anmeldedaten werden durch die\/den Verantwortliche\/n in der dezentralen Benutzerverwaltung des Blogs angelegt und verwaltet. Diese notwendigen Anmeldedaten werden durch die\/den Verantwortliche\/n \u00fcbermittelt und gespeichert. Eine Weitergabe der Daten an Dritte findet nicht statt.<\/p>\n\n\n\n<p>Folgende Daten werden im Rahmen des Registrierungsprozesses erhoben:<\/p>\n\n\n\n<ul class=\"wp-block-list\">\n<li>Benutzername<\/li>\n\n\n\n<li>Passwort in verschl\u00fcsselter Form<\/li>\n\n\n\n<li>(hochschulbezogene) E-Mail-Adresse<\/li>\n\n\n\n<li>Vorname<\/li>\n\n\n\n<li>Nachname<\/li>\n<\/ul>\n\n\n\n<p>Im Rahmen des Registrierungsprozesses wird \u00fcber die Verarbeitung dieser Daten informiert. Rechtsgrundlage f\u00fcr die Verarbeitung der Daten ist Art. 6 Abs. 1 lit. e DSGVO. Eine Registrierung der\/s Nutzenden ist f\u00fcr das Bereitstellen der Inhalte und Funktionen von WordPress zum Zweck der Bereitstellung von Inhalten erforderlich.<\/p>\n\n\n\n<p>Wir erheben und verwenden personenbezogene Daten unserer Nutzenden grunds\u00e4tzlich nur, soweit dies zur Bereitstellung von WordPress und seiner Funktionen erforderlich ist.<\/p>\n\n\n\n<p>Ist die Verarbeitung personenbezogener Daten zur Wahrnehmung einer \u00fcbertragenen Aufgabe erforderlich, dient Art. 6 Abs. 1 lit. e DSGVO als Rechtsgrundlage. Ist die Verarbeitung zur Wahrung eines berechtigten Interesses der Hochschule f\u00fcr Wirtschaft und Recht Berlin oder einer\/s Dritten erforderlich und \u00fcberwiegen die Interessen, Grundrechte und Grundfreiheiten von Betroffenen das erstgenannte Interesse nicht, so dient Art. 6 Abs. 1 lit. f DSGVO als Rechtsgrundlage f\u00fcr die Verarbeitung. Soweit wir f\u00fcr Verarbeitungsvorg\u00e4nge personenbezogener Daten eine Einwilligung der betroffenen Person einholen, dient Art. 6 Abs. 1 lit. a EU-Datenschutzgrundverordnung (DSGVO) als Rechtsgrundlage.<\/p>\n\n\n\n<p>Bei der Nutzung von WordPress ohne Plugins werden folgende Daten erhoben:<\/p>\n\n\n\n<ul class=\"wp-block-list\">\n<li>Verbindungsdaten (z.B. IP-Adresse, Datum und Uhrzeit des Zugriffs)<\/li>\n\n\n\n<li>Zugangsdaten: Benutzername, Passwort in verschl\u00fcsselter Form, (hochschulbezogene) E-Mail-Adresse, Vorname, Nachname<\/li>\n\n\n\n<li>Inhaltsdaten (z.B. hochgeladene Dateien, Beitr\u00e4ge)<\/li>\n<\/ul>\n\n\n\n<p>Die vor\u00fcbergehende Speicherung der Verbindungsdaten, insbesondere der IP-Adresse, durch das System ist notwendig, um eine Auslieferung von WordPress an den Rechner der\/s Nutzenden zu erm\u00f6glichen. Hierf\u00fcr muss die IP-Adresse der\/s Nutzenden f\u00fcr die Dauer der Sitzung gespeichert bleiben. Rechtsgrundlage f\u00fcr die vor\u00fcbergehende Speicherung der Daten ist Art. 6 Abs. 1 lit. f DSGVO.<\/p>\n\n\n\n<p>Die Daten (Verbindungs-\/Zugangs- und Typen von Inhaltsdaten) werden ebenfalls in Logfiles gespeichert. Die Speicherung in Logfiles erfolgt, um die Funktionsf\u00e4higkeit von WordPress sicherzustellen. Ebenso nutzen wir die Funktion Fail2ban auf Serverseite, um IP Adressen zu sperren. Zudem dienen uns die Daten zur Sicherstellung der Sicherheit unserer informationstechnischen Systeme. In diesen Zwecken liegt auch unser berechtigtes Interesse an der Datenverarbeitung nach Art. 6 Abs. 1 lit. f DSGVO.<\/p>\n\n\n\n<p>Die Daten in den Logfiles werden nach 14 Tagen gel\u00f6scht. Zugriff auf die Logfiles haben ausschlie\u00dflich Administratoren. Die Erfassung der Daten zur Bereitstellung von WordPress und die Speicherung der Daten in Logfiles ist f\u00fcr den Betrieb zwingend erforderlich. Es besteht folglich seitens der\/s Nutzenden keine Widerspruchsm\u00f6glichkeit.<\/p>\n\n\n\n<h2 class=\"wp-block-heading\">Kommentarfunktion<\/h2>\n\n\n\n<p>Beitr\u00e4ge im Demokratie-Blog <a href=\"https:\/\/blog.hwr-berlin.de\/demokratie\/\">https:\/\/blog.hwr-berlin.de\/demokratie\/<\/a> k\u00f6nnen und sollen im Interesse des Peer-To-Peer-Learnings kommentiert werden. Daten, die im Kommentar-Formular angezeigt werden, werden gespeichert. Das sind Name und E-Mail-Adresse des Nutzenden, der den Kommentar verfasst. Au\u00dferdem wird die IP-Adresse des\/der Nutzenden und der User-Agent-String (damit wird der Browser identifiziert) erfasst, um die Erkennung von Spam zu unterst\u00fctzen. Zus\u00e4tzlich wird Datum und Uhrzeit des Kommentars gespeichert.<\/p>\n\n\n\n<p>Aus der E-Mail-Adresse kann eine anonymisierte Zeichenfolge erstellt (auch Hash genannt) und dem Gravatar-Dienst \u00fcbergeben werden, um zu pr\u00fcfen, ob der\/die Nutzende diesen benutzt. Die Datenschutzerkl\u00e4rung des Gravatar-Dienstes findet man hier: <a href=\"https:\/\/automattic.com\/privacy\/\">https:\/\/automattic.com\/privacy\/<\/a>. Nachdem der Kommentar freigegeben wurde, ist das Profilbild \u00f6ffentlich im Kontext des Kommentars des\/r Nutzers*in sichtbar.<\/p>\n\n\n\n<h1 class=\"wp-block-heading\">6&nbsp;&nbsp;&nbsp; Dauer der Speicherung von Daten \/ L\u00f6schfristen<\/h1>\n\n\n\n<h2 class=\"wp-block-heading\">Registrierte Benutzer<\/h2>\n\n\n\n<p>Die personenbezogenen Daten der administrativen oder redaktionellen Nutzenden des WordPress Blogs Demokratie-Blog <a href=\"https:\/\/blog.hwr-berlin.de\/demokratie\/\">https:\/\/blog.hwr-berlin.de\/demokratie\/<\/a> werden so lange gespeichert bis die\/der Nutzende gel\u00f6scht wird, weil kein administrativer oder redaktioneller Zugriff mehr erforderlich ist.<\/p>\n\n\n\n<p>Dies ist der Fall, wenn die Person die HWR Berlin verl\u00e4sst, die Blogseite deaktiviert wird oder sich die Verantwortlichkeiten \u00e4ndern und findet sp\u00e4testens nach Ende des auf die Abgabe der Pr\u00fcfungsaufgabe folgenden Semesters statt (d.h. da das Modul im SoSe 2026 belegt wird, werden die Daten, Beitr\u00e4ge und Kommentare sp\u00e4testens zum 31.3.2027 gel\u00f6scht).<\/p>\n\n\n\n<h1 class=\"wp-block-heading\">7&nbsp;&nbsp;&nbsp; Verwendung von Cookies<\/h1>\n\n\n\n<p>WordPress verwendet Cookies. Bei Cookies handelt es sich um Textdateien, die im Internetbrowser bzw. vom Internetbrowser auf dem Computersystem der Nutzenden gespeichert werden. Wird WordPress aufgerufen, so kann ein Cookie auf dem Betriebssystem der\/s Nutzenden gespeichert werden. Dieses Cookie enth\u00e4lt eine charakteristische Zeichenfolge, die eine eindeutige Identifizierung des Browsers beim erneuten Aufrufen der Website erm\u00f6glicht.<\/p>\n\n\n\n<p>W\u00e4hrend der Anmeldung am Blog Demokratie-Blog <a href=\"https:\/\/blog.hwr-berlin.de\/demokratie\/\">https:\/\/blog.hwr-berlin.de\/demokratie\/<\/a> wird tempor\u00e4r ein Cookie gesetzt, um festzustellen, ob der Browser Cookies akzeptiert. Dieses Cookie enth\u00e4lt keine personenbezogenen Daten und wird verworfen, wenn der Browser geschlossen wird.<\/p>\n\n\n\n<p>W\u00e4hrend der Anmeldung am Blog Demokratie-Blog <a href=\"https:\/\/blog.hwr-berlin.de\/demokratie\/\">https:\/\/blog.hwr-berlin.de\/demokratie\/<\/a> werden zus\u00e4tzlich einige Cookies eingerichtet, um die Anmeldeinformationen und Anzeigeoptionen zu speichern. Anmelde-Cookies verfallen nach zwei Tagen, Cookies f\u00fcr die Anzeigeoptionen nach einem Jahr. Falls bei der Anmeldung die Option \u201eAngemeldet bleiben\u201c ausgew\u00e4hlt wird, wird die Anmeldung zwei Wochen lang aufrechterhalten. Mit der Abmeldung an WordPress werden die Anmelde-Cookies gel\u00f6scht.<\/p>\n\n\n\n<p>Wenn ein Artikel bearbeitet oder ver\u00f6ffentlicht wird, wird ein zus\u00e4tzliches Cookie im Browser gespeichert. Dieses Cookie enth\u00e4lt keine personenbezogenen Daten und verweist nur auf die Beitrags-ID des Artikels, die gerade bearbeitet wird. Dieses Cookie verf\u00e4llt nach einem Tag.<\/p>\n\n\n\n<p>Wenn Sie einen Kommentar auf dem Demokratie-Blog <a href=\"https:\/\/blog.hwr-berlin.de\/demokratie\/\">https:\/\/blog.hwr-berlin.de\/demokratie\/<\/a> schreiben, kann das eine Einwilligung sein, Ihren Namen, E-Mail-Adresse und Website in Cookies zu speichern. Dies ist eine Komfortfunktion, damit Sie nicht, wenn Sie einen weiteren Kommentar schreiben, all diese Daten erneut eingeben m\u00fcssen. Diese Cookies werden ein Jahr lang gespeichert.<\/p>\n\n\n\n<h2 class=\"wp-block-heading\">Eingebettete Inhalte von anderen Websites<\/h2>\n\n\n\n<p>Beitr\u00e4ge auf dieser Website k\u00f6nnen eingebettete Inhalte beinhalten (z. B. Videos, Bilder, Beitr\u00e4ge etc.). Eingebettete Inhalte von anderen Websites verhalten sich exakt so, als ob der Besucher die andere Website besucht h\u00e4tte.<\/p>\n\n\n\n<p>Diese Websites k\u00f6nnen Daten \u00fcber Sie sammeln, Cookies benutzen, zus\u00e4tzliche Tracking-Dienste von Dritten einbetten und Ihre Interaktion mit diesem eingebetteten Inhalt aufzeichnen, inklusive Ihrer Interaktion mit dem eingebetteten Inhalt, wenn Sie auf dem Demokratie-Blog <a href=\"https:\/\/blog.hwr-berlin.de\/demokratie\/\">https:\/\/blog.hwr-berlin.de\/demokratie\/<\/a> angemeldet sind.<\/p>\n\n\n\n<h1 class=\"wp-block-heading\">8&nbsp;&nbsp;&nbsp; Eingesetzte Plugins<\/h1>\n\n\n\n<p>Folgende Plugins werden f\u00fcr den Betrieb des Blogs Demokratie-Blog <a href=\"https:\/\/blog.hwr-berlin.de\/demokratie\/\">https:\/\/blog.hwr-berlin.de\/demokratie\/<\/a> genutzt:<\/p>\n\n\n\n<p>Word Press Footnotes: <a href=\"https:\/\/elvery.net\/drzax\/wordpress-footnotes-plugin\">https:\/\/elvery.net\/drzax\/wordpress-footnotes-plugin<\/a><\/p>\n\n\n\n<p>Dieses Plug-In erm\u00f6glicht das Einf\u00fcgen von Fu\u00dfnoten in Blogartikeln. Es ist nicht bekannt, dass dieses Plug-In personenbezogene Daten speichert.<\/p>\n\n\n\n<h1 class=\"wp-block-heading\">9&nbsp;&nbsp;&nbsp; Auskunft<\/h1>\n\n\n\n<p>Wir teilen Ihnen auf Ihre Anforderung umgehend mit, welche personenbezogenen Daten \u00fcber Sie in WordPress auf dem Blog Demokratie-Blog <a href=\"https:\/\/blog.hwr-berlin.de\/demokratie\/\">https:\/\/blog.hwr-berlin.de\/demokratie\/<\/a> gespeichert sind. Bitte wenden Sie sich hierzu per E-Mail an die Administration der WordPress Seite. Die E-Mail-Adresse lautet:<\/p>\n\n\n\n<p>marianne.egger[at]hwr-berlin.de<\/p>\n\n\n\n<p>bzw. mandy.bronner[at]hwr-berlin.de<\/p>\n\n\n\n<p>Ausk\u00fcnfte erteilt auch unser beh\u00f6rdlicher Datenschutzbeauftragter: Prof. Dr. Hartmut Aden: datenschutz[at]hwr-berlin.de.<\/p>\n\n\n\n<h1 class=\"wp-block-heading\">10&nbsp; Rechtsgrundlagen<\/h1>\n\n\n\n<ul class=\"wp-block-list\">\n<li>Datenschutz-Grundverordnung (EU-DSGVO)<\/li>\n\n\n\n<li>Studierendendatenverordnung (StudDatVO)<\/li>\n\n\n\n<li>Bundesdatenschutzgesetz (BDSG)<\/li>\n\n\n\n<li>Berliner Datenschutzgesetz (BlnDSG)<\/li>\n\n\n\n<li>Telemediengesetz (TMG)<\/li>\n\n\n\n<li>Datenverarbeitungssatzung der HWR Berlin (DVS HWR Bln)<\/li>\n<\/ul>\n\n\n\n<p>Weitere Informationen zum Datenschutz finden Sie im Internetauftritt des Landesbeauftragten f\u00fcr den Datenschutz: <a href=\"https:\/\/www.datenschutz-berlin.de\">https:\/\/www.datenschutz-berlin.de<\/a><\/p>\n\n\n\n<p><em>Stand: April 2026<\/em><\/p>\n","protected":false},"excerpt":{"rendered":"<p>Hinweise zum Datenschutz f\u00fcr den Demokratie-Blog an der Hochschule f\u00fcr Wirtschaft und Recht Berlin auf dem WordPress Server Die Hochschule f\u00fcr Wirtschaft und Recht Berlin (HWR Berlin) orientiert sich beim Thema Datenschutz an der EU-weit geltenden Datenschutz-Grundverordnung (EU-DSGVO). In den nachstehenden Hinweisen wird erl\u00e4utert, welche personenbezogenen Daten bei der Nutzung der Blogseite https:\/\/blog.hwr-berlin.de\/demokratie\/ erfasst und [&hellip;]<\/p>\n","protected":false},"author":2,"featured_media":0,"parent":0,"menu_order":0,"comment_status":"closed","ping_status":"closed","template":"","meta":{"footnotes":""},"class_list":["post-18","page","type-page","status-publish","hentry"],"_links":{"self":[{"href":"https:\/\/blog.hwr-berlin.de\/demokratie\/wp-json\/wp\/v2\/pages\/18","targetHints":{"allow":["GET"]}}],"collection":[{"href":"https:\/\/blog.hwr-berlin.de\/demokratie\/wp-json\/wp\/v2\/pages"}],"about":[{"href":"https:\/\/blog.hwr-berlin.de\/demokratie\/wp-json\/wp\/v2\/types\/page"}],"author":[{"embeddable":true,"href":"https:\/\/blog.hwr-berlin.de\/demokratie\/wp-json\/wp\/v2\/users\/2"}],"replies":[{"embeddable":true,"href":"https:\/\/blog.hwr-berlin.de\/demokratie\/wp-json\/wp\/v2\/comments?post=18"}],"version-history":[{"count":1,"href":"https:\/\/blog.hwr-berlin.de\/demokratie\/wp-json\/wp\/v2\/pages\/18\/revisions"}],"predecessor-version":[{"id":19,"href":"https:\/\/blog.hwr-berlin.de\/demokratie\/wp-json\/wp\/v2\/pages\/18\/revisions\/19"}],"wp:attachment":[{"href":"https:\/\/blog.hwr-berlin.de\/demokratie\/wp-json\/wp\/v2\/media?parent=18"}],"curies":[{"name":"wp","href":"https:\/\/api.w.org\/{rel}","templated":true}]}}