

{"id":27,"date":"2023-09-18T17:03:31","date_gmt":"2023-09-18T15:03:31","guid":{"rendered":"https:\/\/blog.hwr-berlin.de\/digitalisierung-wertschoepfungsketten\/?page_id=27"},"modified":"2024-07-16T11:23:37","modified_gmt":"2024-07-16T09:23:37","slug":"digitalisierung-von-wertschoepfungsketten-im-handel","status":"publish","type":"page","link":"https:\/\/blog.hwr-berlin.de\/digitalisierung-wertschoepfungsketten\/","title":{"rendered":"Herzlich Willkommen, zum Forschungsprojekt"},"content":{"rendered":"\n<h2 class=\"wp-block-heading has-vivid-red-color has-text-color has-link-color has-x-large-font-size wp-elements-53b8daf62172a6f037c1f50f3804c405\" style=\"font-style:normal;font-weight:600\">Digitalisierung von Wertsch\u00f6pfungsketten im Handel<\/h2>\n\n\n\n<div class=\"wp-block-group\"><div class=\"wp-block-group__inner-container is-layout-constrained wp-block-group-is-layout-constrained\">\n<div class=\"wp-block-columns is-layout-flex wp-container-core-columns-is-layout-9d6595d7 wp-block-columns-is-layout-flex\">\n<div class=\"wp-block-column is-layout-flow wp-block-column-is-layout-flow\" style=\"flex-basis:100%\">\n<div class=\"wp-block-group\"><div class=\"wp-block-group__inner-container is-layout-constrained wp-block-group-is-layout-constrained\">\n<div class=\"wp-block-columns is-layout-flex wp-container-core-columns-is-layout-9d6595d7 wp-block-columns-is-layout-flex\">\n<div class=\"wp-block-column is-layout-flow wp-block-column-is-layout-flow\">\n<p class=\"has-vivid-red-color has-text-color has-link-color has-medium-font-size wp-elements-06f709bd267263940901040e83d98362\">\ud83c\udde9\ud83c\uddea <a href=\"https:\/\/blog.hwr-berlin.de\/digitalisierung-wertschoepfungsketten\/kurzbeschreibung-hbs-projekt-digitalisierung-von-wertschoepfungsketten-im-einzelhandel-projektnummer-p-2022-795-2\/\"><strong>mehr Information<\/strong><\/a><\/p>\n<\/div>\n\n\n\n<div class=\"wp-block-column is-layout-flow wp-block-column-is-layout-flow\">\n<p class=\"has-vivid-red-color has-text-color has-link-color has-medium-font-size wp-elements-20f0860bcab4cedd672e74d810280ce0\"> \ud83c\uddec\ud83c\udde7<strong> <a href=\"https:\/\/blog.hwr-berlin.de\/digitalisierung-wertschoepfungsketten\/kurzbeschreibung-hbs-projekt-digitalisierung-von-wertschoepfungsketten-im-einzelhandel-projektnummer-p-2022-795-2\/short-description-of-the-research-project-digitalisation-of-value-chains-in-the-retail-sector\/\">more information<\/a><\/strong><a href=\"https:\/\/blog.hwr-berlin.de\/digitalisierung-wertschoepfungsketten\/kurzbeschreibung-hbs-projekt-digitalisierung-von-wertschoepfungsketten-im-einzelhandel-projektnummer-p-2022-795-2\/short-description-of-the-research-project-digitalisation-of-value-chains-in-the-retail-sector\/\"> <\/a><\/p>\n<\/div>\n\n\n\n<div class=\"wp-block-column is-layout-flow wp-block-column-is-layout-flow\">\n<p class=\"has-vivid-red-color has-text-color has-link-color has-medium-font-size wp-elements-38b42a44e8d0aac46f8cb54e4d874d7b\"> \ud83c\uddea\ud83c\uddf8<strong> <a href=\"https:\/\/blog.hwr-berlin.de\/digitalisierung-wertschoepfungsketten\/kurzbeschreibung-hbs-projekt-digitalisierung-von-wertschoepfungsketten-im-einzelhandel-projektnummer-p-2022-795-2\/breve-descripcion-del-proyecto-de-investigacion-digitalizacion-de-las-cadenas-de-valor-en-el-sector-comercial\/\">m\u00e1s informaci\u00f3n<\/a><\/strong><\/p>\n<\/div>\n<\/div>\n<\/div><\/div>\n<\/div>\n<\/div>\n\n\n\n<p>Wachsender Online-Handel, digitale Supply-Chain-Management-Systeme und neue Produktionstechnologien ver\u00e4ndern die Form und Steuerung globaler Wertsch\u00f6pfungsketten des Einzelhandels. Dies hat Auswirkungen auf die Beziehungen zwischen Unternehmen auf den verschiedenen Stufen der Wertsch\u00f6pfungsketten sowie deren r\u00e4umliche Konfiguration. Da digitale Technologien zu einer neuen Form der Integration von Wertsch\u00f6pfungsketten beitragen, ist es sowohl f\u00fcr Forscher*innen als auch f\u00fcr Praktiker*innen notwendig, eine Perspektive auf die gesamte Wertsch\u00f6pfungskette einzunehmen.<\/p>\n<\/div><\/div>\n\n\n\n<h2 class=\"wp-block-heading has-vivid-red-color has-text-color has-link-color has-large-font-size wp-elements-60f5f0b75bd8bf00df95e972f9badf82\" style=\"font-style:normal;font-weight:600\">Das Team:<\/h2>\n\n\n\n<div class=\"wp-block-columns is-layout-flex wp-container-core-columns-is-layout-9d6595d7 wp-block-columns-is-layout-flex\">\n<div class=\"wp-block-column is-layout-flow wp-block-column-is-layout-flow\" style=\"flex-basis:33.33%\">\n<figure class=\"wp-block-image size-full\"><img loading=\"lazy\" decoding=\"async\" width=\"375\" height=\"493\" src=\"https:\/\/blog.hwr-berlin.de\/digitalisierung-wertschoepfungsketten\/wp-content\/uploads_digitalisierung-wertsch\u00f6pfungsketten\/2024\/03\/PortraetfotoSproll.jpg\" alt=\"\" class=\"wp-image-201\" srcset=\"https:\/\/blog.hwr-berlin.de\/digitalisierung-wertschoepfungsketten\/wp-content\/uploads_digitalisierung-wertsch\u00f6pfungsketten\/2024\/03\/PortraetfotoSproll.jpg 375w, https:\/\/blog.hwr-berlin.de\/digitalisierung-wertschoepfungsketten\/wp-content\/uploads_digitalisierung-wertsch\u00f6pfungsketten\/2024\/03\/PortraetfotoSproll-228x300.jpg 228w\" sizes=\"auto, (max-width: 375px) 100vw, 375px\" \/><\/figure>\n<\/div>\n\n\n\n<div class=\"wp-block-column is-layout-flow wp-block-column-is-layout-flow\" style=\"flex-basis:66.66%\">\n<p class=\"has-vivid-red-color has-text-color has-link-color has-medium-font-size wp-elements-f92230c4712a721893e37057e645079b\">Prof. Dr. Martina Sproll<\/p>\n\n\n\n<p class=\"has-vivid-red-color has-text-color has-link-color wp-elements-75c239b41d8a1f78f0397a75fed93f37\"><a href=\"https:\/\/blog.hwr-berlin.de\/digitalisierung-wertschoepfungsketten\/beispiel-seite\/\">Projektleiterin <\/a><\/p>\n<\/div>\n<\/div>\n\n\n\n<div class=\"wp-block-columns is-layout-flex wp-container-core-columns-is-layout-9d6595d7 wp-block-columns-is-layout-flex\">\n<div class=\"wp-block-column is-layout-flow wp-block-column-is-layout-flow\" style=\"flex-basis:33.33%\">\n<figure class=\"wp-block-image size-full\"><img loading=\"lazy\" decoding=\"async\" width=\"407\" height=\"640\" src=\"https:\/\/blog.hwr-berlin.de\/digitalisierung-wertschoepfungsketten\/wp-content\/uploads_digitalisierung-wertsch\u00f6pfungsketten\/2024\/05\/Mayer_HWR.jpeg\" alt=\"\" class=\"wp-image-228\" srcset=\"https:\/\/blog.hwr-berlin.de\/digitalisierung-wertschoepfungsketten\/wp-content\/uploads_digitalisierung-wertsch\u00f6pfungsketten\/2024\/05\/Mayer_HWR.jpeg 407w, https:\/\/blog.hwr-berlin.de\/digitalisierung-wertschoepfungsketten\/wp-content\/uploads_digitalisierung-wertsch\u00f6pfungsketten\/2024\/05\/Mayer_HWR-191x300.jpeg 191w\" sizes=\"auto, (max-width: 407px) 100vw, 407px\" \/><\/figure>\n<\/div>\n\n\n\n<div class=\"wp-block-column is-layout-flow wp-block-column-is-layout-flow\" style=\"flex-basis:66.66%\">\n<p class=\"has-vivid-red-color has-text-color has-link-color has-medium-font-size wp-elements-4c6688aa89c9339de237baafc07ad41d\">Maria del Carmen Mayer<\/p>\n\n\n\n<p class=\"has-vivid-red-color has-text-color has-link-color wp-elements-2da50e261600234362e8f7f053873f1d\"><a href=\"https:\/\/blog.hwr-berlin.de\/digitalisierung-wertschoepfungsketten\/beispiel-seite\/\">wissenschaftliche Mitarbeiterin<\/a><\/p>\n<\/div>\n<\/div>\n\n\n\n<div class=\"wp-block-columns is-layout-flex wp-container-core-columns-is-layout-9d6595d7 wp-block-columns-is-layout-flex\">\n<div class=\"wp-block-column is-layout-flow wp-block-column-is-layout-flow\" style=\"flex-basis:33.33%\"><div class=\"wp-block-avatar\"><img alt='Avatar von Isabelle' src='https:\/\/secure.gravatar.com\/avatar\/835d1ac82fbd095b83f49210b5cfa15a186281fbf4dd8a6ea8b7ac61aaa4c5ac?s=96&#038;d=mm&#038;r=g' srcset='https:\/\/secure.gravatar.com\/avatar\/835d1ac82fbd095b83f49210b5cfa15a186281fbf4dd8a6ea8b7ac61aaa4c5ac?s=192&#038;d=mm&#038;r=g 2x' class='avatar avatar-96 photo wp-block-avatar__image' height='96' width='96' \/><\/div><\/div>\n\n\n\n<div class=\"wp-block-column is-layout-flow wp-block-column-is-layout-flow\" style=\"flex-basis:66.66%\">\n<p class=\"has-vivid-red-color has-text-color has-link-color has-medium-font-size wp-elements-7e3fd08216ca0d8045f72fda68face48\">Dr. Michael F\u00fctterer<\/p>\n\n\n\n<p class=\"has-vivid-red-color has-text-color has-link-color wp-elements-feb84aa9ea09e3078f871bccc00969ca\"><a href=\"https:\/\/blog.hwr-berlin.de\/digitalisierung-wertschoepfungsketten\/beispiel-seite\/\">wissenschaftlicher Mitarbeiter<\/a><\/p>\n<\/div>\n<\/div>\n\n\n\n<div class=\"wp-block-columns is-layout-flex wp-container-core-columns-is-layout-9d6595d7 wp-block-columns-is-layout-flex\">\n<div class=\"wp-block-column is-layout-flow wp-block-column-is-layout-flow\" style=\"flex-basis:33.33%\">\n<figure class=\"wp-block-image size-full\"><img loading=\"lazy\" decoding=\"async\" width=\"522\" height=\"600\" src=\"https:\/\/blog.hwr-berlin.de\/digitalisierung-wertschoepfungsketten\/wp-content\/uploads_digitalisierung-wertsch\u00f6pfungsketten\/2024\/05\/csm_Lopez_Foto_2_e5d87bf36b.jpeg\" alt=\"\" class=\"wp-image-229\" srcset=\"https:\/\/blog.hwr-berlin.de\/digitalisierung-wertschoepfungsketten\/wp-content\/uploads_digitalisierung-wertsch\u00f6pfungsketten\/2024\/05\/csm_Lopez_Foto_2_e5d87bf36b.jpeg 522w, https:\/\/blog.hwr-berlin.de\/digitalisierung-wertschoepfungsketten\/wp-content\/uploads_digitalisierung-wertsch\u00f6pfungsketten\/2024\/05\/csm_Lopez_Foto_2_e5d87bf36b-261x300.jpeg 261w\" sizes=\"auto, (max-width: 522px) 100vw, 522px\" \/><\/figure>\n<\/div>\n\n\n\n<div class=\"wp-block-column is-layout-flow wp-block-column-is-layout-flow\" style=\"flex-basis:66.66%\">\n<p class=\"has-vivid-red-color has-text-color has-link-color has-medium-font-size wp-elements-c0473afdd1b7488cebb9e5f5a9812de5\">Dr. Tatiana L\u00f3pez-Julies<\/p>\n\n\n\n<p class=\"has-vivid-red-color has-text-color has-link-color wp-elements-b6ec4249c21dedce223c8ec93ab99110\"><a href=\"https:\/\/blog.hwr-berlin.de\/digitalisierung-wertschoepfungsketten\/beispiel-seite\/\">assoziierte Wissenschaftlerin<\/a><\/p>\n<\/div>\n<\/div>\n\n\n\n<div class=\"wp-block-columns is-layout-flex wp-container-core-columns-is-layout-9d6595d7 wp-block-columns-is-layout-flex\">\n<div class=\"wp-block-column is-layout-flow wp-block-column-is-layout-flow\" style=\"flex-basis:33.33%\">\n<figure class=\"wp-block-image size-full\"><img decoding=\"async\" src=\"https:\/\/blog.hwr-berlin.de\/digitalisierung-wertschoepfungsketten\/wp-content\/uploads_digitalisierung-wertsch\u00f6pfungsketten\/2024\/06\/IMG_1425.heic\" alt=\"\" class=\"wp-image-274\"\/><\/figure>\n<\/div>\n\n\n\n<div class=\"wp-block-column is-layout-flow wp-block-column-is-layout-flow\" style=\"flex-basis:66.66%\">\n<p class=\"has-vivid-red-color has-text-color has-link-color has-medium-font-size wp-elements-2bc1eb3c53c8a3abeade3e6b51b323d5\">Marius Federmann<\/p>\n\n\n\n<p class=\"has-vivid-red-color has-text-color has-link-color wp-elements-64f3144024dfbf8519202e0c4b58c83a\"><a href=\"https:\/\/blog.hwr-berlin.de\/digitalisierung-wertschoepfungsketten\/beispiel-seite\/\">studentische Hilfskraft<\/a><\/p>\n<\/div>\n<\/div>\n\n\n\n<div class=\"wp-block-group alignfull has-background\" style=\"background-color:#00000008;padding-top:var(--wp--preset--spacing--50);padding-right:var(--wp--preset--spacing--40);padding-bottom:var(--wp--preset--spacing--50);padding-left:var(--wp--preset--spacing--40)\"><div class=\"wp-block-group__inner-container is-layout-constrained wp-container-core-group-is-layout-141b4844 wp-block-group-is-layout-constrained\">\n<div class=\"wp-block-group alignwide is-content-justification-space-between is-layout-flex wp-container-core-group-is-layout-0d19cf55 wp-block-group-is-layout-flex\">\n<div class=\"wp-block-group wp-container-content-9cfa9a5a is-content-justification-left\"><div class=\"wp-block-group__inner-container is-layout-constrained wp-container-core-group-is-layout-8c890d92 wp-block-group-is-layout-constrained\">\n<p class=\"has-text-align-left\" style=\"font-size:0.9rem;font-style:normal;font-weight:600;letter-spacing:1px;text-transform:uppercase\">Search<\/p>\n\n\n<form role=\"search\" method=\"get\" action=\"https:\/\/blog.hwr-berlin.de\/digitalisierung-wertschoepfungsketten\/\" class=\"wp-block-search__button-outside wp-block-search__icon-button wp-block-search\"    ><label class=\"wp-block-search__label screen-reader-text\" for=\"wp-block-search__input-1\" >Search<\/label><div class=\"wp-block-search__inside-wrapper\"  style=\"width: 100%\"><input class=\"wp-block-search__input\" id=\"wp-block-search__input-1\" placeholder=\"\" value=\"\" type=\"search\" name=\"s\" required  style=\"border-width: 1px\"\/><button aria-label=\"Search\" class=\"wp-block-search__button has-icon wp-element-button\" type=\"submit\"  style=\"border-width: 1px\"><svg class=\"search-icon\" viewBox=\"0 0 24 24\" width=\"24\" height=\"24\">\n\t\t\t\t\t<path d=\"M13 5c-3.3 0-6 2.7-6 6 0 1.4.5 2.7 1.3 3.7l-3.8 3.8 1.1 1.1 3.8-3.8c1 .8 2.3 1.3 3.7 1.3 3.3 0 6-2.7 6-6S16.3 5 13 5zm0 10.5c-2.5 0-4.5-2-4.5-4.5s2-4.5 4.5-4.5 4.5 2 4.5 4.5-2 4.5-4.5 4.5z\"><\/path>\n\t\t\t\t<\/svg><\/button><\/div><\/form><\/div><\/div>\n\n\n\n<div class=\"wp-block-group is-content-justification-right is-nowrap is-layout-flex wp-container-core-group-is-layout-b4654d8f wp-block-group-is-layout-flex\">\n<div class=\"wp-block-group is-vertical is-layout-flex wp-container-core-group-is-layout-8cf370e7 wp-block-group-is-layout-flex\">\n<p class=\"has-text-align-left\" style=\"font-size:0.9rem;font-style:normal;font-weight:600;letter-spacing:1px;text-transform:uppercase\"><\/p>\n<\/div>\n<\/div>\n<\/div>\n\n\n\n<div style=\"height:48px\" aria-hidden=\"true\" class=\"wp-block-spacer\"><\/div>\n\n\n\n<div class=\"wp-block-group alignwide is-content-justification-space-between is-layout-flex wp-container-core-group-is-layout-256aec57 wp-block-group-is-layout-flex\">\n<div class=\"wp-block-group is-layout-flex wp-block-group-is-layout-flex\"><h1 class=\"wp-block-site-title has-small-font-size\"><a href=\"https:\/\/blog.hwr-berlin.de\/digitalisierung-wertschoepfungsketten\" target=\"_self\" rel=\"home\">Digitalisierung von Wertsch\u00f6pfungsketten im Handel<\/a><\/h1><\/div>\n\n\n\n<p class=\"has-small-font-size\"> Proudly powered by <a rel=\"nofollow\" href=\"https:\/\/wordpress.org\">WordPress<\/a> <\/p>\n<\/div>\n<\/div><\/div>\n","protected":false},"excerpt":{"rendered":"<p>Digitalisierung von Wertsch\u00f6pfungsketten im Handel \ud83c\udde9\ud83c\uddea mehr Information \ud83c\uddec\ud83c\udde7 more information \ud83c\uddea\ud83c\uddf8 m\u00e1s informaci\u00f3n Wachsender Online-Handel, digitale Supply-Chain-Management-Systeme und neue Produktionstechnologien ver\u00e4ndern die Form und Steuerung globaler Wertsch\u00f6pfungsketten des Einzelhandels. Dies hat Auswirkungen auf die Beziehungen zwischen Unternehmen auf den verschiedenen Stufen der Wertsch\u00f6pfungsketten sowie deren r\u00e4umliche Konfiguration. Da digitale Technologien zu einer neuen Form &hellip; <\/p>\n<p class=\"link-more\"><a href=\"https:\/\/blog.hwr-berlin.de\/digitalisierung-wertschoepfungsketten\/\" class=\"more-link\"><span class=\"screen-reader-text\">\u201eHerzlich Willkommen, zum Forschungsprojekt\u201c <\/span>weiterlesen<\/a><\/p>\n","protected":false},"author":3,"featured_media":0,"parent":0,"menu_order":0,"comment_status":"closed","ping_status":"closed","template":"","meta":{"footnotes":""},"class_list":["post-27","page","type-page","status-publish","hentry"],"yoast_head":"<!-- This site is optimized with the Yoast SEO plugin v27.4 - https:\/\/yoast.com\/product\/yoast-seo-wordpress\/ -->\n<title>Herzlich Willkommen, zum Forschungsprojekt - Digitalisierung von Wertsch\u00f6pfungsketten im Handel<\/title>\n<meta name=\"robots\" content=\"index, follow, max-snippet:-1, max-image-preview:large, max-video-preview:-1\" \/>\n<link rel=\"canonical\" href=\"https:\/\/blog.hwr-berlin.de\/digitalisierung-wertschoepfungsketten\/\" \/>\n<meta property=\"og:locale\" content=\"de_DE\" \/>\n<meta property=\"og:type\" content=\"article\" \/>\n<meta property=\"og:title\" content=\"Herzlich Willkommen, zum Forschungsprojekt - Digitalisierung von Wertsch\u00f6pfungsketten im Handel\" \/>\n<meta property=\"og:description\" content=\"Digitalisierung von Wertsch\u00f6pfungsketten im Handel \ud83c\udde9\ud83c\uddea mehr Information \ud83c\uddec\ud83c\udde7 more information \ud83c\uddea\ud83c\uddf8 m\u00e1s informaci\u00f3n Wachsender Online-Handel, digitale Supply-Chain-Management-Systeme und neue Produktionstechnologien ver\u00e4ndern die Form und Steuerung globaler Wertsch\u00f6pfungsketten des Einzelhandels. Dies hat Auswirkungen auf die Beziehungen zwischen Unternehmen auf den verschiedenen Stufen der Wertsch\u00f6pfungsketten sowie deren r\u00e4umliche Konfiguration. Da digitale Technologien zu einer neuen Form &hellip; \u201eHerzlich Willkommen, zum Forschungsprojekt\u201c weiterlesen\" \/>\n<meta property=\"og:url\" content=\"https:\/\/blog.hwr-berlin.de\/digitalisierung-wertschoepfungsketten\/\" \/>\n<meta property=\"og:site_name\" content=\"Digitalisierung von Wertsch\u00f6pfungsketten im Handel\" \/>\n<meta property=\"article:modified_time\" content=\"2024-07-16T09:23:37+00:00\" \/>\n<meta name=\"twitter:card\" content=\"summary_large_image\" \/>\n<meta name=\"twitter:label1\" content=\"Gesch\u00e4tzte Lesezeit\" \/>\n\t<meta name=\"twitter:data1\" content=\"2\u00a0Minuten\" \/>\n<script type=\"application\/ld+json\" class=\"yoast-schema-graph\">{\"@context\":\"https:\\\/\\\/schema.org\",\"@graph\":[{\"@type\":\"WebPage\",\"@id\":\"https:\\\/\\\/blog.hwr-berlin.de\\\/digitalisierung-wertschoepfungsketten\\\/\",\"url\":\"https:\\\/\\\/blog.hwr-berlin.de\\\/digitalisierung-wertschoepfungsketten\\\/\",\"name\":\"Herzlich Willkommen, zum Forschungsprojekt - Digitalisierung von Wertsch\u00f6pfungsketten im Handel\",\"isPartOf\":{\"@id\":\"https:\\\/\\\/blog.hwr-berlin.de\\\/digitalisierung-wertschoepfungsketten\\\/#website\"},\"datePublished\":\"2023-09-18T15:03:31+00:00\",\"dateModified\":\"2024-07-16T09:23:37+00:00\",\"breadcrumb\":{\"@id\":\"https:\\\/\\\/blog.hwr-berlin.de\\\/digitalisierung-wertschoepfungsketten\\\/#breadcrumb\"},\"inLanguage\":\"de\",\"potentialAction\":[{\"@type\":\"ReadAction\",\"target\":[\"https:\\\/\\\/blog.hwr-berlin.de\\\/digitalisierung-wertschoepfungsketten\\\/\"]}]},{\"@type\":\"BreadcrumbList\",\"@id\":\"https:\\\/\\\/blog.hwr-berlin.de\\\/digitalisierung-wertschoepfungsketten\\\/#breadcrumb\",\"itemListElement\":[{\"@type\":\"ListItem\",\"position\":1,\"name\":\"Startseite\",\"item\":\"https:\\\/\\\/blog.hwr-berlin.de\\\/digitalisierung-wertschoepfungsketten\\\/\"},{\"@type\":\"ListItem\",\"position\":2,\"name\":\"Herzlich Willkommen, zum Forschungsprojekt\"}]},{\"@type\":\"WebSite\",\"@id\":\"https:\\\/\\\/blog.hwr-berlin.de\\\/digitalisierung-wertschoepfungsketten\\\/#website\",\"url\":\"https:\\\/\\\/blog.hwr-berlin.de\\\/digitalisierung-wertschoepfungsketten\\\/\",\"name\":\"Digitalisierung von Wertsch\u00f6pfungsketten im Handel\",\"description\":\"Forschungsprojekt der Hochschule f\u00fcr Wirtschaft und Recht Berlin\",\"publisher\":{\"@id\":\"https:\\\/\\\/blog.hwr-berlin.de\\\/digitalisierung-wertschoepfungsketten\\\/#organization\"},\"potentialAction\":[{\"@type\":\"SearchAction\",\"target\":{\"@type\":\"EntryPoint\",\"urlTemplate\":\"https:\\\/\\\/blog.hwr-berlin.de\\\/digitalisierung-wertschoepfungsketten\\\/?s={search_term_string}\"},\"query-input\":{\"@type\":\"PropertyValueSpecification\",\"valueRequired\":true,\"valueName\":\"search_term_string\"}}],\"inLanguage\":\"de\"},{\"@type\":\"Organization\",\"@id\":\"https:\\\/\\\/blog.hwr-berlin.de\\\/digitalisierung-wertschoepfungsketten\\\/#organization\",\"name\":\"Digitalisierung von Wertsch\u00f6pfungsketten im Handel\",\"url\":\"https:\\\/\\\/blog.hwr-berlin.de\\\/digitalisierung-wertschoepfungsketten\\\/\",\"logo\":{\"@type\":\"ImageObject\",\"inLanguage\":\"de\",\"@id\":\"https:\\\/\\\/blog.hwr-berlin.de\\\/digitalisierung-wertschoepfungsketten\\\/#\\\/schema\\\/logo\\\/image\\\/\",\"url\":\"https:\\\/\\\/blog.hwr-berlin.de\\\/digitalisierung-wertschoepfungsketten\\\/wp-content\\\/uploads_digitalisierung-wertsch\u00f6pfungsketten\\\/2023\\\/09\\\/cropped-Logo-HWR.png\",\"contentUrl\":\"https:\\\/\\\/blog.hwr-berlin.de\\\/digitalisierung-wertschoepfungsketten\\\/wp-content\\\/uploads_digitalisierung-wertsch\u00f6pfungsketten\\\/2023\\\/09\\\/cropped-Logo-HWR.png\",\"width\":1124,\"height\":250,\"caption\":\"Digitalisierung von Wertsch\u00f6pfungsketten im Handel\"},\"image\":{\"@id\":\"https:\\\/\\\/blog.hwr-berlin.de\\\/digitalisierung-wertschoepfungsketten\\\/#\\\/schema\\\/logo\\\/image\\\/\"}}]}<\/script>\n<!-- \/ Yoast SEO plugin. -->","yoast_head_json":{"title":"Herzlich Willkommen, zum Forschungsprojekt - Digitalisierung von Wertsch\u00f6pfungsketten im Handel","robots":{"index":"index","follow":"follow","max-snippet":"max-snippet:-1","max-image-preview":"max-image-preview:large","max-video-preview":"max-video-preview:-1"},"canonical":"https:\/\/blog.hwr-berlin.de\/digitalisierung-wertschoepfungsketten\/","og_locale":"de_DE","og_type":"article","og_title":"Herzlich Willkommen, zum Forschungsprojekt - Digitalisierung von Wertsch\u00f6pfungsketten im Handel","og_description":"Digitalisierung von Wertsch\u00f6pfungsketten im Handel \ud83c\udde9\ud83c\uddea mehr Information \ud83c\uddec\ud83c\udde7 more information \ud83c\uddea\ud83c\uddf8 m\u00e1s informaci\u00f3n Wachsender Online-Handel, digitale Supply-Chain-Management-Systeme und neue Produktionstechnologien ver\u00e4ndern die Form und Steuerung globaler Wertsch\u00f6pfungsketten des Einzelhandels. Dies hat Auswirkungen auf die Beziehungen zwischen Unternehmen auf den verschiedenen Stufen der Wertsch\u00f6pfungsketten sowie deren r\u00e4umliche Konfiguration. Da digitale Technologien zu einer neuen Form &hellip; \u201eHerzlich Willkommen, zum Forschungsprojekt\u201c weiterlesen","og_url":"https:\/\/blog.hwr-berlin.de\/digitalisierung-wertschoepfungsketten\/","og_site_name":"Digitalisierung von Wertsch\u00f6pfungsketten im Handel","article_modified_time":"2024-07-16T09:23:37+00:00","twitter_card":"summary_large_image","twitter_misc":{"Gesch\u00e4tzte Lesezeit":"2\u00a0Minuten"},"schema":{"@context":"https:\/\/schema.org","@graph":[{"@type":"WebPage","@id":"https:\/\/blog.hwr-berlin.de\/digitalisierung-wertschoepfungsketten\/","url":"https:\/\/blog.hwr-berlin.de\/digitalisierung-wertschoepfungsketten\/","name":"Herzlich Willkommen, zum Forschungsprojekt - Digitalisierung von Wertsch\u00f6pfungsketten im Handel","isPartOf":{"@id":"https:\/\/blog.hwr-berlin.de\/digitalisierung-wertschoepfungsketten\/#website"},"datePublished":"2023-09-18T15:03:31+00:00","dateModified":"2024-07-16T09:23:37+00:00","breadcrumb":{"@id":"https:\/\/blog.hwr-berlin.de\/digitalisierung-wertschoepfungsketten\/#breadcrumb"},"inLanguage":"de","potentialAction":[{"@type":"ReadAction","target":["https:\/\/blog.hwr-berlin.de\/digitalisierung-wertschoepfungsketten\/"]}]},{"@type":"BreadcrumbList","@id":"https:\/\/blog.hwr-berlin.de\/digitalisierung-wertschoepfungsketten\/#breadcrumb","itemListElement":[{"@type":"ListItem","position":1,"name":"Startseite","item":"https:\/\/blog.hwr-berlin.de\/digitalisierung-wertschoepfungsketten\/"},{"@type":"ListItem","position":2,"name":"Herzlich Willkommen, zum Forschungsprojekt"}]},{"@type":"WebSite","@id":"https:\/\/blog.hwr-berlin.de\/digitalisierung-wertschoepfungsketten\/#website","url":"https:\/\/blog.hwr-berlin.de\/digitalisierung-wertschoepfungsketten\/","name":"Digitalisierung von Wertsch\u00f6pfungsketten im Handel","description":"Forschungsprojekt der Hochschule f\u00fcr Wirtschaft und Recht Berlin","publisher":{"@id":"https:\/\/blog.hwr-berlin.de\/digitalisierung-wertschoepfungsketten\/#organization"},"potentialAction":[{"@type":"SearchAction","target":{"@type":"EntryPoint","urlTemplate":"https:\/\/blog.hwr-berlin.de\/digitalisierung-wertschoepfungsketten\/?s={search_term_string}"},"query-input":{"@type":"PropertyValueSpecification","valueRequired":true,"valueName":"search_term_string"}}],"inLanguage":"de"},{"@type":"Organization","@id":"https:\/\/blog.hwr-berlin.de\/digitalisierung-wertschoepfungsketten\/#organization","name":"Digitalisierung von Wertsch\u00f6pfungsketten im Handel","url":"https:\/\/blog.hwr-berlin.de\/digitalisierung-wertschoepfungsketten\/","logo":{"@type":"ImageObject","inLanguage":"de","@id":"https:\/\/blog.hwr-berlin.de\/digitalisierung-wertschoepfungsketten\/#\/schema\/logo\/image\/","url":"https:\/\/blog.hwr-berlin.de\/digitalisierung-wertschoepfungsketten\/wp-content\/uploads_digitalisierung-wertsch\u00f6pfungsketten\/2023\/09\/cropped-Logo-HWR.png","contentUrl":"https:\/\/blog.hwr-berlin.de\/digitalisierung-wertschoepfungsketten\/wp-content\/uploads_digitalisierung-wertsch\u00f6pfungsketten\/2023\/09\/cropped-Logo-HWR.png","width":1124,"height":250,"caption":"Digitalisierung von Wertsch\u00f6pfungsketten im Handel"},"image":{"@id":"https:\/\/blog.hwr-berlin.de\/digitalisierung-wertschoepfungsketten\/#\/schema\/logo\/image\/"}}]}},"_links":{"self":[{"href":"https:\/\/blog.hwr-berlin.de\/digitalisierung-wertschoepfungsketten\/wp-json\/wp\/v2\/pages\/27","targetHints":{"allow":["GET"]}}],"collection":[{"href":"https:\/\/blog.hwr-berlin.de\/digitalisierung-wertschoepfungsketten\/wp-json\/wp\/v2\/pages"}],"about":[{"href":"https:\/\/blog.hwr-berlin.de\/digitalisierung-wertschoepfungsketten\/wp-json\/wp\/v2\/types\/page"}],"author":[{"embeddable":true,"href":"https:\/\/blog.hwr-berlin.de\/digitalisierung-wertschoepfungsketten\/wp-json\/wp\/v2\/users\/3"}],"replies":[{"embeddable":true,"href":"https:\/\/blog.hwr-berlin.de\/digitalisierung-wertschoepfungsketten\/wp-json\/wp\/v2\/comments?post=27"}],"version-history":[{"count":36,"href":"https:\/\/blog.hwr-berlin.de\/digitalisierung-wertschoepfungsketten\/wp-json\/wp\/v2\/pages\/27\/revisions"}],"predecessor-version":[{"id":289,"href":"https:\/\/blog.hwr-berlin.de\/digitalisierung-wertschoepfungsketten\/wp-json\/wp\/v2\/pages\/27\/revisions\/289"}],"wp:attachment":[{"href":"https:\/\/blog.hwr-berlin.de\/digitalisierung-wertschoepfungsketten\/wp-json\/wp\/v2\/media?parent=27"}],"curies":[{"name":"wp","href":"https:\/\/api.w.org\/{rel}","templated":true}]}}