

{"id":93,"date":"2023-11-14T17:50:40","date_gmt":"2023-11-14T16:50:40","guid":{"rendered":"https:\/\/blog.hwr-berlin.de\/digitalisierung-wertschoepfungsketten\/?page_id=93"},"modified":"2024-07-16T11:37:11","modified_gmt":"2024-07-16T09:37:11","slug":"kurzbeschreibung-hbs-projekt-digitalisierung-von-wertschoepfungsketten-im-einzelhandel-projektnummer-p-2022-795-2","status":"publish","type":"page","link":"https:\/\/blog.hwr-berlin.de\/digitalisierung-wertschoepfungsketten\/kurzbeschreibung-hbs-projekt-digitalisierung-von-wertschoepfungsketten-im-einzelhandel-projektnummer-p-2022-795-2\/","title":{"rendered":"Kurzbeschreibung"},"content":{"rendered":"\n<div class=\"wp-block-columns is-layout-flex wp-container-core-columns-is-layout-9d6595d7 wp-block-columns-is-layout-flex\">\n<div class=\"wp-block-column is-layout-flow wp-block-column-is-layout-flow\">\n<h2 class=\"wp-block-heading\"><strong>Forschungsprojekt \u201eDigitalisierung von Wertsch\u00f6pfungsketten im Einzelhandel\u201c<\/strong><\/h2>\n\n\n\n<p><strong>Finanzierung: Hans-B\u00f6ckler-Stiftung (HBS)<\/strong>, <strong>05\/2023 &#8211; 14\/2025<\/strong><\/p>\n\n\n\n<p><strong>Projektleitung: Prof. Dr. Martina Sproll, HWR Berlin (Berlin School of Economics and Law)<\/strong><\/p>\n\n\n\n<p><strong>Mitarbeitende: Dr. Michael F\u00fctterer, Carmen Mayer, Dr. Tatiana L\u00f3pez-Julies<\/strong><\/p>\n\n\n\n<p><strong>Teaser:<\/strong><\/p>\n\n\n\n<p>Digitale Restrukturierungsprozesse ver\u00e4ndern die Form globaler Wertsch\u00f6pfungsketten. Das Projekt untersucht deren Auswirkungen auf Produktions- und Arbeitsprozesse, Arbeitsbedingungen und Ungleichheit in den Wertsch\u00f6pfungsketten des Einzelhandels sowie damit zusammenh\u00e4ngende Herausforderungen sowie die Rolle des sozialen Dialogs auf betrieblicher Ebene.<\/p>\n\n\n\n<p><strong>Kontext:<\/strong><\/p>\n\n\n\n<p>Wachsender Online-Handel, digitale Supply-Chain-Management-Systeme und neue Produktionstechnologien ver\u00e4ndern die Form und Steuerung globaler Wertsch\u00f6pfungsketten des Einzelhandels. Dies hat Auswirkungen auf die Beziehungen zwischen Unternehmen auf den verschiedenen Stufen der Wertsch\u00f6pfungsketten sowie deren r\u00e4umliche Konfiguration. Da digitale Technologien zu einer neuen Form der Integration von Wertsch\u00f6pfungsketten beitragen, ist es sowohl f\u00fcr Forscher*innen als auch f\u00fcr Praktiker*innen notwendig, eine Perspektive auf die gesamte Wertsch\u00f6pfungskette einzunehmen. Ver\u00e4nderungen auf allen Stufen der Wertsch\u00f6pfungskette (Produktion, Logistik und Handel) m\u00fcssen untersucht werden, um die Auswirkungen der digitalen Technologien auf Arbeits- und Produktionsprozesse und die damit verbundenen Ungleichheitsverh\u00e4ltnisse zu verstehen. Dies stellt bestehende Formen der Arbeitnehmervertretung wie Gewerkschaften und Betriebsr\u00e4te in Frage. Dies verweist auf die Notwendigkeit, die Einf\u00fchrung digitaler Technologien sozial zu gestalten und einen entsprechenden sozialen Dialog zu entwickeln.&nbsp;<\/p>\n\n\n\n<p><strong>Forschungsfragen:&nbsp;<\/strong><\/p>\n\n\n\n<p>1. Welche Auswirkungen haben digitale Technologien auf die Form und die Steuerung von Wertsch\u00f6pfungsketten und wie ver\u00e4ndern sie die Machtverh\u00e4ltnisse zwischen Unternehmen und Regionen sowie zwischen den verschiedenen Stakeholdern und den Sozialpartnern?&nbsp;<\/p>\n\n\n\n<p>2. Welche Auswirkungen haben sie auf die Arbeits- und Organisationsprozesse auf den verschiedenen Ebenen der Wertsch\u00f6pfung?&nbsp;<\/p>\n\n\n\n<p>3. Welche Rolle spielen die Arbeitnehmervertretungen und der soziale Dialog in diesem Ver\u00e4nderungsprozess im Einzelhandel und insbesondere in Deutschland?<\/p>\n\n\n\n<p>Zur Beantwortung der Forschungsfragen werden arbeitssoziologische und wirtschaftsgeographische Debatten und Konzepte zum Wandel von Arbeit und Produktion durch digitale Umstrukturierung aufgegriffen. Diese werden mit theoretischen Mehrebenenans\u00e4tzen zu globalen Wertsch\u00f6pfungsketten sowie mit Ans\u00e4tzen zur Analyse intersektionaler Ungleichheiten verkn\u00fcpft.<\/p>\n\n\n\n<p><strong>Forschungsdesign:<\/strong><\/p>\n\n\n\n<p>Im Rahmen eines mehrstufigen Ansatzes werden die Arbeits- und Produktionsprozesse auf allen Ebenen der Wertsch\u00f6pfungskette (Produktion, Logistik, Einzelhandel) untersucht. F\u00fcr die Studie wurden drei Fallunternehmen ausgew\u00e4hlt: Inditex\/Zara, H&amp;M und IKEA, die als Trendsetter bei der Einf\u00fchrung von (unterschiedlichen) digitalen Strategien gelten. Mit Hilfe eines qualitativ vergleichenden Fallstudiendesigns werden die Forschungsergebnisse reflektiert und anwendungsorientiert weiterentwickelt. Methodisch kommen Expert*inneninterviews mit Unternehmensvertreter*innen, Mitarbeiter*innen, Arbeitnehmervertreter*innen, Beobachtungen in Einzelhandelsgesch\u00e4ften, Logistikzentren und Fabriken sowie Dokumentenanalysen zum Einsatz.<\/p>\n<\/div>\n<\/div>\n\n\n\n<h2 class=\"wp-block-heading\">Link zur Website der Hochschule f\u00fcr Wirtschaft und Recht Berlin (HWR): <\/h2>\n\n\n\n<p><a href=\"https:\/\/www.hwr-berlin.de\/hwr-berlin\/fachbereiche-und-bps\/fb-4-rechtspflege\/neuigkeiten\/fb4-neuigkeiten-detail\/3584-digitalisierung-von-wertschoepfungsketten-im-handel\/\">https:\/\/www.hwr-berlin.de\/hwr-berlin\/fachbereiche-und-bps\/fb-4-rechtspflege\/neuigkeiten\/fb4-neuigkeiten-detail\/3584-digitalisierung-von-wertschoepfungsketten-im-handel\/<\/a><\/p>\n\n\n\n<h2 class=\"wp-block-heading\">Link zur Website der Hans B\u00f6ckler Stiftung:<\/h2>\n\n\n\n<p><a href=\"https:\/\/www.boeckler.de\/de\/suchergebnis-forschungsfoerderungsprojekte-detailseite-2732.htm?projekt=2022-795-2\">https:\/\/www.boeckler.de\/de\/suchergebnis-forschungsfoerderungsprojekte-detailseite-2732.htm?projekt=2022-795-2<\/a><\/p>\n","protected":false},"excerpt":{"rendered":"<p>Forschungsprojekt \u201eDigitalisierung von Wertsch\u00f6pfungsketten im Einzelhandel\u201c Finanzierung: Hans-B\u00f6ckler-Stiftung (HBS), 05\/2023 &#8211; 14\/2025 Projektleitung: Prof. Dr. Martina Sproll, HWR Berlin (Berlin School of Economics and Law) Mitarbeitende: Dr. Michael F\u00fctterer, Carmen Mayer, Dr. Tatiana L\u00f3pez-Julies Teaser: Digitale Restrukturierungsprozesse ver\u00e4ndern die Form globaler Wertsch\u00f6pfungsketten. Das Projekt untersucht deren Auswirkungen auf Produktions- und Arbeitsprozesse, Arbeitsbedingungen und Ungleichheit in &hellip; <\/p>\n<p class=\"link-more\"><a href=\"https:\/\/blog.hwr-berlin.de\/digitalisierung-wertschoepfungsketten\/kurzbeschreibung-hbs-projekt-digitalisierung-von-wertschoepfungsketten-im-einzelhandel-projektnummer-p-2022-795-2\/\" class=\"more-link\"><span class=\"screen-reader-text\">\u201eKurzbeschreibung\u201c <\/span>weiterlesen<\/a><\/p>\n","protected":false},"author":7,"featured_media":0,"parent":0,"menu_order":0,"comment_status":"closed","ping_status":"closed","template":"","meta":{"footnotes":""},"class_list":["post-93","page","type-page","status-publish","hentry"],"yoast_head":"<!-- This site is optimized with the Yoast SEO plugin v27.4 - https:\/\/yoast.com\/product\/yoast-seo-wordpress\/ -->\n<title>Kurzbeschreibung - Digitalisierung von Wertsch\u00f6pfungsketten im Handel<\/title>\n<meta name=\"robots\" content=\"index, follow, max-snippet:-1, max-image-preview:large, max-video-preview:-1\" \/>\n<link rel=\"canonical\" href=\"https:\/\/blog.hwr-berlin.de\/digitalisierung-wertschoepfungsketten\/kurzbeschreibung-hbs-projekt-digitalisierung-von-wertschoepfungsketten-im-einzelhandel-projektnummer-p-2022-795-2\/\" \/>\n<meta property=\"og:locale\" content=\"de_DE\" \/>\n<meta property=\"og:type\" content=\"article\" \/>\n<meta property=\"og:title\" content=\"Kurzbeschreibung - Digitalisierung von Wertsch\u00f6pfungsketten im Handel\" \/>\n<meta property=\"og:description\" content=\"Forschungsprojekt \u201eDigitalisierung von Wertsch\u00f6pfungsketten im Einzelhandel\u201c Finanzierung: Hans-B\u00f6ckler-Stiftung (HBS), 05\/2023 &#8211; 14\/2025 Projektleitung: Prof. Dr. Martina Sproll, HWR Berlin (Berlin School of Economics and Law) Mitarbeitende: Dr. Michael F\u00fctterer, Carmen Mayer, Dr. Tatiana L\u00f3pez-Julies Teaser: Digitale Restrukturierungsprozesse ver\u00e4ndern die Form globaler Wertsch\u00f6pfungsketten. Das Projekt untersucht deren Auswirkungen auf Produktions- und Arbeitsprozesse, Arbeitsbedingungen und Ungleichheit in &hellip; \u201eKurzbeschreibung\u201c weiterlesen\" \/>\n<meta property=\"og:url\" content=\"https:\/\/blog.hwr-berlin.de\/digitalisierung-wertschoepfungsketten\/kurzbeschreibung-hbs-projekt-digitalisierung-von-wertschoepfungsketten-im-einzelhandel-projektnummer-p-2022-795-2\/\" \/>\n<meta property=\"og:site_name\" content=\"Digitalisierung von Wertsch\u00f6pfungsketten im Handel\" \/>\n<meta property=\"article:modified_time\" content=\"2024-07-16T09:37:11+00:00\" \/>\n<meta name=\"twitter:card\" content=\"summary_large_image\" \/>\n<meta name=\"twitter:label1\" content=\"Gesch\u00e4tzte Lesezeit\" \/>\n\t<meta name=\"twitter:data1\" content=\"3\u00a0Minuten\" \/>\n<script type=\"application\/ld+json\" class=\"yoast-schema-graph\">{\"@context\":\"https:\\\/\\\/schema.org\",\"@graph\":[{\"@type\":\"WebPage\",\"@id\":\"https:\\\/\\\/blog.hwr-berlin.de\\\/digitalisierung-wertschoepfungsketten\\\/kurzbeschreibung-hbs-projekt-digitalisierung-von-wertschoepfungsketten-im-einzelhandel-projektnummer-p-2022-795-2\\\/\",\"url\":\"https:\\\/\\\/blog.hwr-berlin.de\\\/digitalisierung-wertschoepfungsketten\\\/kurzbeschreibung-hbs-projekt-digitalisierung-von-wertschoepfungsketten-im-einzelhandel-projektnummer-p-2022-795-2\\\/\",\"name\":\"Kurzbeschreibung - Digitalisierung von Wertsch\u00f6pfungsketten im Handel\",\"isPartOf\":{\"@id\":\"https:\\\/\\\/blog.hwr-berlin.de\\\/digitalisierung-wertschoepfungsketten\\\/#website\"},\"datePublished\":\"2023-11-14T16:50:40+00:00\",\"dateModified\":\"2024-07-16T09:37:11+00:00\",\"breadcrumb\":{\"@id\":\"https:\\\/\\\/blog.hwr-berlin.de\\\/digitalisierung-wertschoepfungsketten\\\/kurzbeschreibung-hbs-projekt-digitalisierung-von-wertschoepfungsketten-im-einzelhandel-projektnummer-p-2022-795-2\\\/#breadcrumb\"},\"inLanguage\":\"de\",\"potentialAction\":[{\"@type\":\"ReadAction\",\"target\":[\"https:\\\/\\\/blog.hwr-berlin.de\\\/digitalisierung-wertschoepfungsketten\\\/kurzbeschreibung-hbs-projekt-digitalisierung-von-wertschoepfungsketten-im-einzelhandel-projektnummer-p-2022-795-2\\\/\"]}]},{\"@type\":\"BreadcrumbList\",\"@id\":\"https:\\\/\\\/blog.hwr-berlin.de\\\/digitalisierung-wertschoepfungsketten\\\/kurzbeschreibung-hbs-projekt-digitalisierung-von-wertschoepfungsketten-im-einzelhandel-projektnummer-p-2022-795-2\\\/#breadcrumb\",\"itemListElement\":[{\"@type\":\"ListItem\",\"position\":1,\"name\":\"Startseite\",\"item\":\"https:\\\/\\\/blog.hwr-berlin.de\\\/digitalisierung-wertschoepfungsketten\\\/\"},{\"@type\":\"ListItem\",\"position\":2,\"name\":\"Kurzbeschreibung\"}]},{\"@type\":\"WebSite\",\"@id\":\"https:\\\/\\\/blog.hwr-berlin.de\\\/digitalisierung-wertschoepfungsketten\\\/#website\",\"url\":\"https:\\\/\\\/blog.hwr-berlin.de\\\/digitalisierung-wertschoepfungsketten\\\/\",\"name\":\"Digitalisierung von Wertsch\u00f6pfungsketten im Handel\",\"description\":\"Forschungsprojekt der Hochschule f\u00fcr Wirtschaft und Recht Berlin\",\"publisher\":{\"@id\":\"https:\\\/\\\/blog.hwr-berlin.de\\\/digitalisierung-wertschoepfungsketten\\\/#organization\"},\"potentialAction\":[{\"@type\":\"SearchAction\",\"target\":{\"@type\":\"EntryPoint\",\"urlTemplate\":\"https:\\\/\\\/blog.hwr-berlin.de\\\/digitalisierung-wertschoepfungsketten\\\/?s={search_term_string}\"},\"query-input\":{\"@type\":\"PropertyValueSpecification\",\"valueRequired\":true,\"valueName\":\"search_term_string\"}}],\"inLanguage\":\"de\"},{\"@type\":\"Organization\",\"@id\":\"https:\\\/\\\/blog.hwr-berlin.de\\\/digitalisierung-wertschoepfungsketten\\\/#organization\",\"name\":\"Digitalisierung von Wertsch\u00f6pfungsketten im Handel\",\"url\":\"https:\\\/\\\/blog.hwr-berlin.de\\\/digitalisierung-wertschoepfungsketten\\\/\",\"logo\":{\"@type\":\"ImageObject\",\"inLanguage\":\"de\",\"@id\":\"https:\\\/\\\/blog.hwr-berlin.de\\\/digitalisierung-wertschoepfungsketten\\\/#\\\/schema\\\/logo\\\/image\\\/\",\"url\":\"https:\\\/\\\/blog.hwr-berlin.de\\\/digitalisierung-wertschoepfungsketten\\\/wp-content\\\/uploads_digitalisierung-wertsch\u00f6pfungsketten\\\/2023\\\/09\\\/cropped-Logo-HWR.png\",\"contentUrl\":\"https:\\\/\\\/blog.hwr-berlin.de\\\/digitalisierung-wertschoepfungsketten\\\/wp-content\\\/uploads_digitalisierung-wertsch\u00f6pfungsketten\\\/2023\\\/09\\\/cropped-Logo-HWR.png\",\"width\":1124,\"height\":250,\"caption\":\"Digitalisierung von Wertsch\u00f6pfungsketten im Handel\"},\"image\":{\"@id\":\"https:\\\/\\\/blog.hwr-berlin.de\\\/digitalisierung-wertschoepfungsketten\\\/#\\\/schema\\\/logo\\\/image\\\/\"}}]}<\/script>\n<!-- \/ Yoast SEO plugin. -->","yoast_head_json":{"title":"Kurzbeschreibung - Digitalisierung von Wertsch\u00f6pfungsketten im Handel","robots":{"index":"index","follow":"follow","max-snippet":"max-snippet:-1","max-image-preview":"max-image-preview:large","max-video-preview":"max-video-preview:-1"},"canonical":"https:\/\/blog.hwr-berlin.de\/digitalisierung-wertschoepfungsketten\/kurzbeschreibung-hbs-projekt-digitalisierung-von-wertschoepfungsketten-im-einzelhandel-projektnummer-p-2022-795-2\/","og_locale":"de_DE","og_type":"article","og_title":"Kurzbeschreibung - Digitalisierung von Wertsch\u00f6pfungsketten im Handel","og_description":"Forschungsprojekt \u201eDigitalisierung von Wertsch\u00f6pfungsketten im Einzelhandel\u201c Finanzierung: Hans-B\u00f6ckler-Stiftung (HBS), 05\/2023 &#8211; 14\/2025 Projektleitung: Prof. Dr. Martina Sproll, HWR Berlin (Berlin School of Economics and Law) Mitarbeitende: Dr. Michael F\u00fctterer, Carmen Mayer, Dr. Tatiana L\u00f3pez-Julies Teaser: Digitale Restrukturierungsprozesse ver\u00e4ndern die Form globaler Wertsch\u00f6pfungsketten. Das Projekt untersucht deren Auswirkungen auf Produktions- und Arbeitsprozesse, Arbeitsbedingungen und Ungleichheit in &hellip; \u201eKurzbeschreibung\u201c weiterlesen","og_url":"https:\/\/blog.hwr-berlin.de\/digitalisierung-wertschoepfungsketten\/kurzbeschreibung-hbs-projekt-digitalisierung-von-wertschoepfungsketten-im-einzelhandel-projektnummer-p-2022-795-2\/","og_site_name":"Digitalisierung von Wertsch\u00f6pfungsketten im Handel","article_modified_time":"2024-07-16T09:37:11+00:00","twitter_card":"summary_large_image","twitter_misc":{"Gesch\u00e4tzte Lesezeit":"3\u00a0Minuten"},"schema":{"@context":"https:\/\/schema.org","@graph":[{"@type":"WebPage","@id":"https:\/\/blog.hwr-berlin.de\/digitalisierung-wertschoepfungsketten\/kurzbeschreibung-hbs-projekt-digitalisierung-von-wertschoepfungsketten-im-einzelhandel-projektnummer-p-2022-795-2\/","url":"https:\/\/blog.hwr-berlin.de\/digitalisierung-wertschoepfungsketten\/kurzbeschreibung-hbs-projekt-digitalisierung-von-wertschoepfungsketten-im-einzelhandel-projektnummer-p-2022-795-2\/","name":"Kurzbeschreibung - Digitalisierung von Wertsch\u00f6pfungsketten im Handel","isPartOf":{"@id":"https:\/\/blog.hwr-berlin.de\/digitalisierung-wertschoepfungsketten\/#website"},"datePublished":"2023-11-14T16:50:40+00:00","dateModified":"2024-07-16T09:37:11+00:00","breadcrumb":{"@id":"https:\/\/blog.hwr-berlin.de\/digitalisierung-wertschoepfungsketten\/kurzbeschreibung-hbs-projekt-digitalisierung-von-wertschoepfungsketten-im-einzelhandel-projektnummer-p-2022-795-2\/#breadcrumb"},"inLanguage":"de","potentialAction":[{"@type":"ReadAction","target":["https:\/\/blog.hwr-berlin.de\/digitalisierung-wertschoepfungsketten\/kurzbeschreibung-hbs-projekt-digitalisierung-von-wertschoepfungsketten-im-einzelhandel-projektnummer-p-2022-795-2\/"]}]},{"@type":"BreadcrumbList","@id":"https:\/\/blog.hwr-berlin.de\/digitalisierung-wertschoepfungsketten\/kurzbeschreibung-hbs-projekt-digitalisierung-von-wertschoepfungsketten-im-einzelhandel-projektnummer-p-2022-795-2\/#breadcrumb","itemListElement":[{"@type":"ListItem","position":1,"name":"Startseite","item":"https:\/\/blog.hwr-berlin.de\/digitalisierung-wertschoepfungsketten\/"},{"@type":"ListItem","position":2,"name":"Kurzbeschreibung"}]},{"@type":"WebSite","@id":"https:\/\/blog.hwr-berlin.de\/digitalisierung-wertschoepfungsketten\/#website","url":"https:\/\/blog.hwr-berlin.de\/digitalisierung-wertschoepfungsketten\/","name":"Digitalisierung von Wertsch\u00f6pfungsketten im Handel","description":"Forschungsprojekt der Hochschule f\u00fcr Wirtschaft und Recht Berlin","publisher":{"@id":"https:\/\/blog.hwr-berlin.de\/digitalisierung-wertschoepfungsketten\/#organization"},"potentialAction":[{"@type":"SearchAction","target":{"@type":"EntryPoint","urlTemplate":"https:\/\/blog.hwr-berlin.de\/digitalisierung-wertschoepfungsketten\/?s={search_term_string}"},"query-input":{"@type":"PropertyValueSpecification","valueRequired":true,"valueName":"search_term_string"}}],"inLanguage":"de"},{"@type":"Organization","@id":"https:\/\/blog.hwr-berlin.de\/digitalisierung-wertschoepfungsketten\/#organization","name":"Digitalisierung von Wertsch\u00f6pfungsketten im Handel","url":"https:\/\/blog.hwr-berlin.de\/digitalisierung-wertschoepfungsketten\/","logo":{"@type":"ImageObject","inLanguage":"de","@id":"https:\/\/blog.hwr-berlin.de\/digitalisierung-wertschoepfungsketten\/#\/schema\/logo\/image\/","url":"https:\/\/blog.hwr-berlin.de\/digitalisierung-wertschoepfungsketten\/wp-content\/uploads_digitalisierung-wertsch\u00f6pfungsketten\/2023\/09\/cropped-Logo-HWR.png","contentUrl":"https:\/\/blog.hwr-berlin.de\/digitalisierung-wertschoepfungsketten\/wp-content\/uploads_digitalisierung-wertsch\u00f6pfungsketten\/2023\/09\/cropped-Logo-HWR.png","width":1124,"height":250,"caption":"Digitalisierung von Wertsch\u00f6pfungsketten im Handel"},"image":{"@id":"https:\/\/blog.hwr-berlin.de\/digitalisierung-wertschoepfungsketten\/#\/schema\/logo\/image\/"}}]}},"_links":{"self":[{"href":"https:\/\/blog.hwr-berlin.de\/digitalisierung-wertschoepfungsketten\/wp-json\/wp\/v2\/pages\/93","targetHints":{"allow":["GET"]}}],"collection":[{"href":"https:\/\/blog.hwr-berlin.de\/digitalisierung-wertschoepfungsketten\/wp-json\/wp\/v2\/pages"}],"about":[{"href":"https:\/\/blog.hwr-berlin.de\/digitalisierung-wertschoepfungsketten\/wp-json\/wp\/v2\/types\/page"}],"author":[{"embeddable":true,"href":"https:\/\/blog.hwr-berlin.de\/digitalisierung-wertschoepfungsketten\/wp-json\/wp\/v2\/users\/7"}],"replies":[{"embeddable":true,"href":"https:\/\/blog.hwr-berlin.de\/digitalisierung-wertschoepfungsketten\/wp-json\/wp\/v2\/comments?post=93"}],"version-history":[{"count":17,"href":"https:\/\/blog.hwr-berlin.de\/digitalisierung-wertschoepfungsketten\/wp-json\/wp\/v2\/pages\/93\/revisions"}],"predecessor-version":[{"id":300,"href":"https:\/\/blog.hwr-berlin.de\/digitalisierung-wertschoepfungsketten\/wp-json\/wp\/v2\/pages\/93\/revisions\/300"}],"wp:attachment":[{"href":"https:\/\/blog.hwr-berlin.de\/digitalisierung-wertschoepfungsketten\/wp-json\/wp\/v2\/media?parent=93"}],"curies":[{"name":"wp","href":"https:\/\/api.w.org\/{rel}","templated":true}]}}