

{"id":104,"date":"2016-08-10T14:09:53","date_gmt":"2016-08-10T12:09:53","guid":{"rendered":"http:\/\/blog.hwr-berlin.de\/egovernment\/?page_id=104"},"modified":"2017-05-22T12:54:32","modified_gmt":"2017-05-22T10:54:32","slug":"akteure","status":"publish","type":"page","link":"https:\/\/blog.hwr-berlin.de\/egovernment\/akteure\/","title":{"rendered":"Akteure"},"content":{"rendered":"<p><img loading=\"lazy\" decoding=\"async\" class=\"alignnone size-medium wp-image-185\" src=\"http:\/\/blog.hwr-berlin.de\/egovernment\/wp-content\/uploads\/2016\/08\/Dirk-Stocksmeier-9-4-300x200.jpg\" alt=\"dirk-stocksmeier-9-4\" width=\"300\" height=\"200\" srcset=\"https:\/\/blog.hwr-berlin.de\/egovernment\/wp-content\/uploads\/2016\/08\/Dirk-Stocksmeier-9-4-300x200.jpg 300w, https:\/\/blog.hwr-berlin.de\/egovernment\/wp-content\/uploads\/2016\/08\/Dirk-Stocksmeier-9-4-768x512.jpg 768w, https:\/\/blog.hwr-berlin.de\/egovernment\/wp-content\/uploads\/2016\/08\/Dirk-Stocksmeier-9-4-1024x683.jpg 1024w\" sizes=\"auto, (max-width: 300px) 100vw, 300px\" \/><\/p>\n<p class=\"ox-f4fc13b773-MsoNormal\">Dirk Stocksmeier ist stellv. Vorstandsvorsitzender des Nationalen E-Government Kompetenzzentrums (<a href=\"http:\/\/www.negz.org\/\" target=\"_blank\" rel=\"noopener noreferrer\">NEGZ<\/a>). Er gr\u00fcndete 1995 die <a href=\"http:\/\/www.init.de\/\" target=\"_blank\" rel=\"noopener noreferrer\">]init[ AG f\u00fcr digitale Kommunikation<\/a>, eines der f\u00fchrenden deutschen Unternehmen im E-Government, und f\u00fchrt diese als CEO bis heute. Als Diplom-Informatiker hat Dirk Stocksmeier viele nationale wie internationale E-Government- und Modernisierungsprojekte geleitet. Schwerpunkte bilden E-Government- und IT-Strategien, IT-Steuerung, Standardisierung und Architekturmanagement. Er engagiert sich seit vielen Jahren in Gremien und Vereinen, u.a. im DIHK-Ausschuss IKT sowie im Forschungsausschuss des M\u00fcnchner Kreises.<\/p>\n<p class=\"ox-f4fc13b773-MsoNormal\"><img loading=\"lazy\" decoding=\"async\" class=\"alignnone wp-image-191\" src=\"http:\/\/blog.hwr-berlin.de\/egovernment\/wp-content\/uploads\/2016\/08\/Wilfried-B-2016-300x275.jpg\" alt=\"wilfried-b-2016\" width=\"220\" height=\"202\" srcset=\"https:\/\/blog.hwr-berlin.de\/egovernment\/wp-content\/uploads\/2016\/08\/Wilfried-B-2016-300x275.jpg 300w, https:\/\/blog.hwr-berlin.de\/egovernment\/wp-content\/uploads\/2016\/08\/Wilfried-B-2016-768x705.jpg 768w, https:\/\/blog.hwr-berlin.de\/egovernment\/wp-content\/uploads\/2016\/08\/Wilfried-B-2016-1024x940.jpg 1024w, https:\/\/blog.hwr-berlin.de\/egovernment\/wp-content\/uploads\/2016\/08\/Wilfried-B-2016.jpg 1604w\" sizes=\"auto, (max-width: 220px) 100vw, 220px\" \/><\/p>\n<p class=\"ox-f4fc13b773-MsoNormal\">Prof. Dr. jur. Wilfried Bernhardt absolvierte das \u00a02.Jur. Staatsexamen 1981 in M\u00fcnchen, promovierte \u00a01986 an der Universit\u00e4t Bayreuth, war 1985-1990 und 1996-2009 \u00a0Beamter des Bundesministeriums der Justiz (zuletzt als Ministerialdirigent, Unterabteilungsleiter und CIO des Ministeriums), 2009-2014 Staatssekret\u00e4r im S\u00e4chsischen Staatsministerium der Justiz und f\u00fcr Europa, zugleich CIO der S\u00e4chsischen Staatsregierung und Mitglied im IT-Planungsrat, nunmehr Rechtsanwalt (Schwerpunkt Internetrecht), Unternehmensberater f\u00fcr IT Management und Honorarprofessor f\u00fcr Internetrecht, insbesondere E-Government und E-Justice an der Universit\u00e4t Leipzig.<\/p>\n<p class=\"ox-f4fc13b773-MsoNormal\"><img loading=\"lazy\" decoding=\"async\" class=\"alignnone wp-image-331\" src=\"http:\/\/blog.hwr-berlin.de\/egovernment\/wp-content\/uploads\/2016\/08\/Bild-1-200x300.jpg\" alt=\"\" width=\"142\" height=\"213\" srcset=\"https:\/\/blog.hwr-berlin.de\/egovernment\/wp-content\/uploads\/2016\/08\/Bild-1-200x300.jpg 200w, https:\/\/blog.hwr-berlin.de\/egovernment\/wp-content\/uploads\/2016\/08\/Bild-1-768x1152.jpg 768w, https:\/\/blog.hwr-berlin.de\/egovernment\/wp-content\/uploads\/2016\/08\/Bild-1-682x1024.jpg 682w, https:\/\/blog.hwr-berlin.de\/egovernment\/wp-content\/uploads\/2016\/08\/Bild-1.jpg 1173w\" sizes=\"auto, (max-width: 142px) 100vw, 142px\" \/><\/p>\n<p>Ministerialdirigent a.D. Friedrich Ebner verantwortete ab 1994 f\u00fcr den standardisierten Aufbau der IT der Hessischen Umweltverwaltung. 2001 wurde er Referatsleiter IT im Hessischen Ministerium des Innern und f\u00fcr Sport, \u00fcbernahm den Vorsitz des Landesautomationsausschuss und die Dienst- und Fachaufsicht der Hessischen Zentrale f\u00fcr Datenverarbeitung. Von 2003 bis 2012 leitete er im Ministerium die Abteilung E-Government und Verwaltungsinformatik (Schwerpunkte: technologische Standardisierungen, einheitlichen Anwendungen, einheitliche IT-Architektur, IT-Sicherheit, Schaffung wichtiger organisatorischer und rechtlicher Grundlagen).<\/p>\n<p class=\"ox-f4fc13b773-MsoNormal\"><img loading=\"lazy\" decoding=\"async\" class=\"alignnone wp-image-208\" src=\"http:\/\/blog.hwr-berlin.de\/egovernment\/wp-content\/uploads\/2016\/08\/Passbild_Master_MG_9333-233x300.jpg\" alt=\"passbild_master_mg_9333\" width=\"138\" height=\"177\" \/><\/p>\n<p>Jan Giesau ist Principal Project Manager und arbeitet seit 2004 f\u00fcr die <a href=\"https:\/\/www.init.de\/de\">]init[ AG<\/a> aus Berlin. Er studierte Sozialwissenschaften an der Humboldt Universit\u00e4t zu Berlin und hat sich in seiner Diplomarbeit 2003 mit dem Thema \u201eeGovernment und Partizipation\u201c befasst.<\/p>\n<p><img loading=\"lazy\" decoding=\"async\" class=\" wp-image-348\" src=\"http:\/\/blog.hwr-berlin.de\/egovernment\/wp-content\/uploads\/2016\/08\/Foto-Christian-Hochhuth-1-300x200.jpg\" alt=\"\" width=\"240\" height=\"160\" srcset=\"https:\/\/blog.hwr-berlin.de\/egovernment\/wp-content\/uploads\/2016\/08\/Foto-Christian-Hochhuth-1-300x200.jpg 300w, https:\/\/blog.hwr-berlin.de\/egovernment\/wp-content\/uploads\/2016\/08\/Foto-Christian-Hochhuth-1-768x512.jpg 768w, https:\/\/blog.hwr-berlin.de\/egovernment\/wp-content\/uploads\/2016\/08\/Foto-Christian-Hochhuth-1-1024x683.jpg 1024w, https:\/\/blog.hwr-berlin.de\/egovernment\/wp-content\/uploads\/2016\/08\/Foto-Christian-Hochhuth-1.jpg 1908w\" sizes=\"auto, (max-width: 240px) 100vw, 240px\" \/><\/p>\n<p><span style=\"color: #333333; font-family: 'Georgia','serif';\">Christian Hochhuth ist Senior Conceptual Consultant bei der\u00a0<a href=\"http:\/\/www.init.de\/\" target=\"_blank\" rel=\"noopener noreferrer\">]init[ AG f\u00fcr digitale Kommunikation<\/a>. Seit \u00fcber zehn Jahren ber\u00e4t er Kunden aus der \u00f6ffentlichen Verwaltung und Wirtschaft zu den Themen Digitale Kommunikation, User Experience, Usability, Social Media und Informationsarchitektur. Als Konzepter und UX Designer entwickelt er nutzerfreundliche Systeme und Benutzeroberfl\u00e4chen mit Hilfe von nutzerzentrierten Prozessen wie Design Thinking.\u00a0<\/span><\/p>\n<p><img loading=\"lazy\" decoding=\"async\" class=\"alignnone wp-image-175\" src=\"http:\/\/blog.hwr-berlin.de\/egovernment\/wp-content\/uploads\/2016\/08\/Passbild_Master_IMG_5166-233x300.jpg\" alt=\"Sirko_Hunnius\" width=\"138\" height=\"178\" srcset=\"https:\/\/blog.hwr-berlin.de\/egovernment\/wp-content\/uploads\/2016\/08\/Passbild_Master_IMG_5166-233x300.jpg 233w, https:\/\/blog.hwr-berlin.de\/egovernment\/wp-content\/uploads\/2016\/08\/Passbild_Master_IMG_5166-768x988.jpg 768w, https:\/\/blog.hwr-berlin.de\/egovernment\/wp-content\/uploads\/2016\/08\/Passbild_Master_IMG_5166-796x1024.jpg 796w, https:\/\/blog.hwr-berlin.de\/egovernment\/wp-content\/uploads\/2016\/08\/Passbild_Master_IMG_5166.jpg 1000w\" sizes=\"auto, (max-width: 138px) 100vw, 138px\" \/><\/p>\n<p>Sirko Hunnius ist Studienleiter f\u00fcr das Nationale E-Government Kompetenzzentrum (<a href=\"http:\/\/www.negz.org\/\">NEGZ<\/a>) und Doctoral Fellow der <a href=\"https:\/\/www.init.de\/de\">]init[ AG<\/a>.\u00a0Er forscht und ber\u00e4t seit \u00fcber zehn Jahren Beh\u00f6rden zur digitalen Transformation des \u00f6ffentlichen Sektors. Insbesondere befasst er sich mit den Themen IT Governance und eGovernment-Strategien, f\u00f6derale E-Government-Architekturen, \u00f6ffentliche Leistungsnetzwerke und Public Merger, eGovernment-Kompetenzen sowie Open Data.<\/p>\n<p><img loading=\"lazy\" decoding=\"async\" class=\"alignnone wp-image-320\" src=\"http:\/\/blog.hwr-berlin.de\/egovernment\/wp-content\/uploads\/2016\/08\/Kleindiek-215x300.jpg\" alt=\"\" width=\"161\" height=\"224\" srcset=\"https:\/\/blog.hwr-berlin.de\/egovernment\/wp-content\/uploads\/2016\/08\/Kleindiek-215x300.jpg 215w, https:\/\/blog.hwr-berlin.de\/egovernment\/wp-content\/uploads\/2016\/08\/Kleindiek.jpg 266w\" sizes=\"auto, (max-width: 161px) 100vw, 161px\" \/><\/p>\n<p>Dr. Ralf Kleindiek ist seit 2014 Staatssektret\u00e4r im Bundesministerium f\u00fcr Familie, Senioren, Frauen und Jugend. Er war 1999 \u2013 2002 u.a. als Leiter der Projektgruppe \u201eBundOnline 2005\u201c sowie in der Stabstelle \u201eModerner Staat \u2013 Moderne Verwaltung\u201c im Bundesministerium des Innern t\u00e4tig. 2002 \u2013 2007 war Herr Dr. Kleindiek Leiter des B\u00fcros der Bundesjustizministerin Brigitte Zypries sowie anschlie\u00dfend bis 2009 Leiter des Leitungsstabes des Bundesjustizministeriums. Vor seiner Ernennung als Staatssektet\u00e4r im BMFSFJ war Herr Dr. Kleindiek zudem 2011 \u2013 2015 Staatsrat der Beh\u00f6rde f\u00fcr Justiz und Gleichstellung Hamburg.<\/p>\n<p><img loading=\"lazy\" decoding=\"async\" class=\"alignnone size-medium wp-image-292\" src=\"http:\/\/blog.hwr-berlin.de\/egovernment\/wp-content\/uploads\/2016\/08\/DSC_4945-300x200.jpg\" alt=\"\" width=\"300\" height=\"200\" srcset=\"https:\/\/blog.hwr-berlin.de\/egovernment\/wp-content\/uploads\/2016\/08\/DSC_4945-300x200.jpg 300w, https:\/\/blog.hwr-berlin.de\/egovernment\/wp-content\/uploads\/2016\/08\/DSC_4945-768x512.jpg 768w, https:\/\/blog.hwr-berlin.de\/egovernment\/wp-content\/uploads\/2016\/08\/DSC_4945-1024x683.jpg 1024w\" sizes=\"auto, (max-width: 300px) 100vw, 300px\" \/><\/p>\n<p>Professorin Dr. <a href=\"http:\/\/www.hwr-berlin.de\/prof\/dagmar-lueck-schneider\/vita\/\">Dagmar L\u00fcck-Schneider<\/a> ist Diplominformatikerin und lehrt seit 2009 an der <a href=\"http:\/\/www.hwr-berlin.de\/\">Hochschule f\u00fcr Wirtschaft und Recht Berlin<\/a>. Ihre T\u00e4tigkeitsschwerpunkte liegen in den Themenfeldern Datenbanksysteme, Projekt- und Gesch\u00e4ftsprozessmanagement sowie E-Government. Seit 2013 ist sie Studiengangsbeauftragte f\u00fcr den <a href=\"http:\/\/www.hwr-berlin.de\/fachbereich-allgemeine-verwaltung\/studiengaenge\/verwaltungsinformatik\/\">Bachelorstudiengang Verwaltungsinformatik<\/a>.<\/p>\n<p><img loading=\"lazy\" decoding=\"async\" class=\"alignnone wp-image-156\" src=\"http:\/\/blog.hwr-berlin.de\/egovernment\/wp-content\/uploads\/2016\/08\/image001-200x300.jpg\" alt=\"image001\" width=\"134\" height=\"201\" srcset=\"https:\/\/blog.hwr-berlin.de\/egovernment\/wp-content\/uploads\/2016\/08\/image001-200x300.jpg 200w, https:\/\/blog.hwr-berlin.de\/egovernment\/wp-content\/uploads\/2016\/08\/image001-768x1151.jpg 768w, https:\/\/blog.hwr-berlin.de\/egovernment\/wp-content\/uploads\/2016\/08\/image001-683x1024.jpg 683w, https:\/\/blog.hwr-berlin.de\/egovernment\/wp-content\/uploads\/2016\/08\/image001.jpg 854w\" sizes=\"auto, (max-width: 134px) 100vw, 134px\" \/><\/p>\n<p><a href=\"http:\/\/www.mi.fu-berlin.de\/inf\/groups\/ag-idm\/members\/Marian-Margraf\/index.html\">Marian Margraf<\/a> ist Professor f\u00fcr IT-Sicherheit an der Freien Universit\u00e4t Berlin und leitet dort die Arbeitsgruppe ID-Management. Seine Forschungsschwerpunkte sind Kryptoanalyse und theoretische Grundlagen der Kryptographie.<\/p>\n<p><img loading=\"lazy\" decoding=\"async\" class=\"alignnone wp-image-266\" src=\"http:\/\/blog.hwr-berlin.de\/egovernment\/wp-content\/uploads\/2017\/01\/parycek_peter_1.jpg\" alt=\"\" width=\"134\" height=\"184\" \/><\/p>\n<p>Univ.-Prof. Mag. Dr. <a href=\"http:\/\/www.donau-uni.ac.at\/de\/universitaet\/whois\/00570\/index.php\">Peter Parycek<\/a>, MAS, MSc ist Professor f\u00fcr E-Governance und Leiter des Departments f\u00fcr E-Governance in Wirtschaft und Verwaltung an der Donau-Universit\u00e4t Krems. Als Rechtswissenschaftler und Absolvent des Masterlehrgangs Telematik arbeitet er inter- und transdisziplin\u00e4r am Schnittpunkt rechtspolitischer, gesellschaftlicher und technologischer Entwicklungen. Seine Forschungsschwerpunkte sind der Einsatz von Technologie in Regierung und Verwaltung und deren Wirkungen auf die bestehenden Rechts- und Organisationssysteme.<\/p>\n<p><img loading=\"lazy\" decoding=\"async\" class=\"wp-image-153\" src=\"http:\/\/blog.hwr-berlin.de\/egovernment\/wp-content\/uploads\/2016\/08\/RAECKERS_neu2-213x300.jpg\" alt=\"RAECKERS\" width=\"137\" height=\"193\" srcset=\"https:\/\/blog.hwr-berlin.de\/egovernment\/wp-content\/uploads\/2016\/08\/RAECKERS_neu2-213x300.jpg 213w, https:\/\/blog.hwr-berlin.de\/egovernment\/wp-content\/uploads\/2016\/08\/RAECKERS_neu2.jpg 661w\" sizes=\"auto, (max-width: 137px) 100vw, 137px\" \/><\/p>\n<p>Dr. <a href=\"https:\/\/www.wi.uni-muenster.de\/de\/institut\/is\/personen\/michael-raeckers\">Michael R\u00e4ckers<\/a> ist Gesch\u00e4ftsf\u00fchrer des Instituts f\u00fcr Wirtschaftsinformatik der Westf\u00e4lischen Wilhelms-Universit\u00e4t M\u00fcnster (WWU). Er studierte Wirtschaftsinformatik an der WWU (Masterabschluss 2006) und promovierte anschlie\u00dfend dort (Abschluss der Promotion 2010) im Themengebiet Prozessmanagement und E-Government. Seit 2007 leitet er das Kompetenzzentrum E-Government des European Research Center for Information Systems (ERCIS), einem internationalen Forschungsnetzwerk der WWU, und lehrt und forscht in den Themenbereichen E-Government, Projektmanagment und Prozessmanagement.<\/p>\n<p><img loading=\"lazy\" decoding=\"async\" class=\"alignnone size-medium wp-image-179\" src=\"http:\/\/blog.hwr-berlin.de\/egovernment\/wp-content\/uploads\/2016\/08\/Rogall-Grothe-225x300.jpg\" alt=\"rogall-grothe\" width=\"225\" height=\"300\" srcset=\"https:\/\/blog.hwr-berlin.de\/egovernment\/wp-content\/uploads\/2016\/08\/Rogall-Grothe-225x300.jpg 225w, https:\/\/blog.hwr-berlin.de\/egovernment\/wp-content\/uploads\/2016\/08\/Rogall-Grothe.jpg 240w\" sizes=\"auto, (max-width: 225px) 100vw, 225px\" \/><\/p>\n<p>Cornelia Rogall-Grothe, von Februar 2010 bis zum Eintritt in den Ruhestand im August 2015 beamtete Staatssekret\u00e4rin im Bundesministerium des Innern und Beauftragte der Bundesregierung f\u00fcr Informationstechnik sowie Leiterin des im Mai 2011 konstituierten Nationalen Cyber-Sicherheitsrates. Nach einem Studium der Rechtswissenschaften und\u00a0 zweitem juristischen Staatsexamen seit 1977 im Bundesministerium des Innern t\u00e4tig als Referentin, ab 1990 als Referatsleiterin, ab 1995 als Unterabteilungsleiterin und von 2006 bis 2010 als Leiterin der Verfassungsabteilung.<\/p>\n<p><img loading=\"lazy\" decoding=\"async\" class=\"alignnone size-medium wp-image-181\" src=\"http:\/\/blog.hwr-berlin.de\/egovernment\/wp-content\/uploads\/2016\/10\/Dr.-Sirko-Schulz-300x199.jpg\" alt=\"dr-sirko-schulz\" width=\"300\" height=\"199\" srcset=\"https:\/\/blog.hwr-berlin.de\/egovernment\/wp-content\/uploads\/2016\/10\/Dr.-Sirko-Schulz-300x199.jpg 300w, https:\/\/blog.hwr-berlin.de\/egovernment\/wp-content\/uploads\/2016\/10\/Dr.-Sirko-Schulz-768x511.jpg 768w, https:\/\/blog.hwr-berlin.de\/egovernment\/wp-content\/uploads\/2016\/10\/Dr.-Sirko-Schulz-1024x681.jpg 1024w\" sizes=\"auto, (max-width: 300px) 100vw, 300px\" \/>Foto \u00a9 CAU Kiel<\/p>\n<p>Dr. S\u00f6nke E. Schulz ist seit Oktober 2016 Gesch\u00e4ftsf\u00fchrendes Vorstandsmitglied des Schleswig-Holsteinischen Landkreistages und freier Mitarbeiter am Lorenz-von-Stein-Institut f\u00fcr Verwaltungswissenschaften an der Christian-Albrechts-Universit\u00e4t zu Kiel. Zuvor war er als Manager und Berater f\u00fcr die \u00f6ffentliche Verwaltung in Berlin t\u00e4tig sowie am Lorenz-von-Stein-Institut, wo er als Gesch\u00e4ftsf\u00fchrer u. a. Projekte zur Verwaltungsmodernisierung, zu Open und E-Government sowie zu netzpolitischen Themen verantwortete. Er hat Rechts- und Politikwissenschaften studiert, zwei juristische Staatsexamen und wurde zu einem grundrechtlichen Thema promoviert.<\/p>\n<p><img loading=\"lazy\" decoding=\"async\" class=\"alignnone size-medium wp-image-318\" src=\"http:\/\/blog.hwr-berlin.de\/egovernment\/wp-content\/uploads\/2017\/04\/SchuppanTino-300x200.jpg\" alt=\"\" width=\"300\" height=\"200\" srcset=\"https:\/\/blog.hwr-berlin.de\/egovernment\/wp-content\/uploads\/2017\/04\/SchuppanTino-300x200.jpg 300w, https:\/\/blog.hwr-berlin.de\/egovernment\/wp-content\/uploads\/2017\/04\/SchuppanTino-768x511.jpg 768w, https:\/\/blog.hwr-berlin.de\/egovernment\/wp-content\/uploads\/2017\/04\/SchuppanTino.jpg 829w\" sizes=\"auto, (max-width: 300px) 100vw, 300px\" \/><\/p>\n<p>Tino Schuppan hat eine Professur f\u00fcr Public Management an der Hochschule der Bundesagentur f\u00fcr Arbeit. Er ist au\u00dferdem Research Fellow am Stein-Hardenberg-Institut und am Potsdam Center for Policy and Management (PCPM). Seine Forschungs- Vortrags- und Publikationsschwerpunkte umfassen Themen wie neue IT-basierte Organisationsformen\/vernetztes E-Government, Transformation der Verwaltung\/Stein-Hardenberg 2.0, Kompetenzen f\u00fcr E-Government sowie diverse Public-Management-Themen. Insgesamt hat Tino Schuppan mehr als 60 nationale und internationale Forschungs- und Beratungsprojekte im Bereich E-Government und Public Management durchgef\u00fchrt und geleitet.<\/p>\n<p>&nbsp;<\/p>\n","protected":false},"excerpt":{"rendered":"<p>Dirk Stocksmeier ist stellv. Vorstandsvorsitzender des Nationalen E-Government Kompetenzzentrums (NEGZ). Er gr\u00fcndete 1995 die ]init[ AG f\u00fcr digitale Kommunikation, eines der f\u00fchrenden deutschen Unternehmen im E-Government, und f\u00fchrt diese als CEO bis heute. Als Diplom-Informatiker hat Dirk Stocksmeier viele nationale wie internationale E-Government- und Modernisierungsprojekte geleitet. Schwerpunkte bilden E-Government- und IT-Strategien, IT-Steuerung, Standardisierung und Architekturmanagement. &#8230;<\/p>\n","protected":false},"author":3,"featured_media":183,"parent":0,"menu_order":0,"comment_status":"closed","ping_status":"closed","template":"","meta":{"footnotes":""},"class_list":["post-104","page","type-page","status-publish","has-post-thumbnail","hentry"],"_links":{"self":[{"href":"https:\/\/blog.hwr-berlin.de\/egovernment\/wp-json\/wp\/v2\/pages\/104","targetHints":{"allow":["GET"]}}],"collection":[{"href":"https:\/\/blog.hwr-berlin.de\/egovernment\/wp-json\/wp\/v2\/pages"}],"about":[{"href":"https:\/\/blog.hwr-berlin.de\/egovernment\/wp-json\/wp\/v2\/types\/page"}],"author":[{"embeddable":true,"href":"https:\/\/blog.hwr-berlin.de\/egovernment\/wp-json\/wp\/v2\/users\/3"}],"replies":[{"embeddable":true,"href":"https:\/\/blog.hwr-berlin.de\/egovernment\/wp-json\/wp\/v2\/comments?post=104"}],"version-history":[{"count":42,"href":"https:\/\/blog.hwr-berlin.de\/egovernment\/wp-json\/wp\/v2\/pages\/104\/revisions"}],"predecessor-version":[{"id":349,"href":"https:\/\/blog.hwr-berlin.de\/egovernment\/wp-json\/wp\/v2\/pages\/104\/revisions\/349"}],"wp:featuredmedia":[{"embeddable":true,"href":"https:\/\/blog.hwr-berlin.de\/egovernment\/wp-json\/wp\/v2\/media\/183"}],"wp:attachment":[{"href":"https:\/\/blog.hwr-berlin.de\/egovernment\/wp-json\/wp\/v2\/media?parent=104"}],"curies":[{"name":"wp","href":"https:\/\/api.w.org\/{rel}","templated":true}]}}