

{"id":133,"date":"2016-08-10T14:58:03","date_gmt":"2016-08-10T12:58:03","guid":{"rendered":"http:\/\/blog.hwr-berlin.de\/egovernment\/?page_id=133"},"modified":"2018-06-11T12:39:51","modified_gmt":"2018-06-11T10:39:51","slug":"haftungsausschluss","status":"publish","type":"page","link":"https:\/\/blog.hwr-berlin.de\/egovernment\/haftungsausschluss\/","title":{"rendered":"Haftungsausschluss u. Datenschutz"},"content":{"rendered":"<p><strong>Inhalt des Onlineangebotes<\/strong><br \/>\nDie Studiengangsverantwortliche f\u00fcr den Studiengang Verwaltungsinformatik der HWR Berlin, Frau Prof. Dr. Dagmar L\u00fcck-Schneider (E-Gov-Blog-Verantwortliche) \u00fcbernimmt keinerlei Gew\u00e4hr f\u00fcr die Aktualit\u00e4t, Korrektheit, Vollst\u00e4ndigkeit oder Qualit\u00e4t der bereitgestellten Informationen. Haftungsanspr\u00fcche gegen die E-Gov-Blog-Verantwortliche, welche sich auf Sch\u00e4den materieller oder ideeller Art beziehen, die durch die Nutzung oder Nichtnutzung der dargebotenen Informationen bzw. durch die Nutzung fehlerhafter und unvollst\u00e4ndiger Informationen verursacht wurden, sind grunds\u00e4tzlich ausgeschlossen, sofern seitens der E-Gov-Blog-Verantwortlichen kein nachweislich vors\u00e4tzliches oder grob fahrl\u00e4ssiges Verschulden vorliegt.<br \/>\nAlle Angebote sind freibleibend und unverbindlich. Die E-Gov-Blog-Verantwortliche beh\u00e4lt es sich ausdr\u00fccklich vor, Teile der Seiten oder das gesamte Angebot ohne gesonderte Ank\u00fcndigung zu ver\u00e4ndern, zu erg\u00e4nzen, zu l\u00f6schen oder die Ver\u00f6ffentlichung zeitweise oder endg\u00fcltig einzustellen.<\/p>\n<p><strong><br \/>\nVerweise und Links<\/strong><br \/>\nBei direkten oder indirekten Verweisen auf fremde Internetseiten (\u201cLinks\u201d), die au\u00dferhalb des Verantwortungsbereiches der E-Gov-Blog-Verantwortlichen liegen, w\u00fcrde eine Haftungsverpflichtung ausschlie\u00dflich in dem Fall in Kraft treten, in dem die E-Gov-Blog-Verantwortliche von den Inhalten Kenntnis hat und es ihr technisch m\u00f6glich und zumutbar w\u00e4re, die Nutzung im Falle rechtswidriger Inhalte zu verhindern.<br \/>\nDie E-Gov-Blog-Verantwortliche erkl\u00e4rt hiermit ausdr\u00fccklich, dass zum Zeitpunkt der Linksetzung keine illegalen Inhalte auf den zu verlinkenden Seiten erkennbar waren. Auf die aktuelle und zuk\u00fcnftige Gestaltung, die Inhalte oder die Urheberschaft der verlinkten\/verkn\u00fcpften Seiten hat die E-Gov-Blog-Verantwortliche keinerlei Einfluss. Deshalb distanziert sie sich hiermit ausdr\u00fccklich von allen Inhalten aller gelinkten\/verkn\u00fcpften Seiten, die nach der Linksetzung ver\u00e4ndert wurden. Diese Feststellung gilt f\u00fcr alle innerhalb des eigenen Internetangebotes gesetzten Links und Verweise sowie f\u00fcr Fremdeintr\u00e4ge in vom Webteam der HWR Berlin ggf. eingerichteten G\u00e4steb\u00fcchern, Diskussionsforen und Mailinglisten. F\u00fcr illegale, fehlerhafte oder unvollst\u00e4ndige Inhalte und insbesondere f\u00fcr Sch\u00e4den, die aus der Nutzung oder Nichtnutzung solcherart dargebotener Informationen entstehen, haftet allein der Anbieter der Seite, auf welche verwiesen wurde, nicht derjenige, der \u00fcber Links auf die jeweilige Ver\u00f6ffentlichung lediglich verweist.<\/p>\n<p><strong>Urheber- und Kennzeichenrecht<\/strong><br \/>\nDie E-Gov-Blog-Verantwortliche ist bestrebt, in allen Publikationen die Urheberrechte der verwendeten Grafiken, Tondokumente, Videosequenzen und Texte zu beachten, von ihr selbst erstellte Grafiken, Tondokumente, Videosequenzen und Texte zu nutzen oder auf lizenzfreie Grafiken, Tondokumente, Videosequenzen und Texte zur\u00fcckzugreifen.<br \/>\nAlle innerhalb des Internetangebotes genannten und ggf. durch Dritte gesch\u00fctzten Marken- und Warenzeichen unterliegen uneingeschr\u00e4nkt den Bestimmungen des jeweils g\u00fcltigen Kennzeichenrechts und den Besitzrechten der jeweiligen eingetragenen Eigent\u00fcmer. Allein aufgrund der blo\u00dfen Nennung ist nicht der Schluss zu ziehen, dass Markenzeichen nicht durch Rechte Dritter gesch\u00fctzt sind!<br \/>\nDas Copyright f\u00fcr ver\u00f6ffentlichte, von der der E-Gov-Blog-Verantwortlichen oder der eLearning Team der HWR Berlin erstellte Objekte bleibt allein bei der E-Gov-Blog-Verantwortlichen bzw. bei der HWR Berlin. Eine Vervielf\u00e4ltigung oder Verwendung solcher Grafiken, Tondokumente, Videosequenzen und Texte in anderen elektronischen oder gedruckten Publikationen ist ohne ausdr\u00fcckliche Zustimmung der an den Objekten beteiligten Parteien nicht gestattet.<\/p>\n<p><strong>Rechtswirksamkeit dieses Haftungsausschlusses<\/strong><br \/>\nDieser Haftungsausschluss ist als Teil des Internetangebotes zu betrachten, von dem aus auf diese Seite verwiesen wurde. Sofern Teile oder einzelne Formulierungen dieses Textes der geltenden Rechtslage nicht, nicht mehr oder nicht vollst\u00e4ndig entsprechen sollten, bleiben die \u00fcbrigen Teile des Dokumentes in ihrem Inhalt und ihrer G\u00fcltigkeit davon unber\u00fchrt.<\/p>\n<p><strong>Hinweise zum Datenschutz f\u00fcr den Blog <\/strong><a href=\"https:\/\/blog.hwr-berlin.de\/egovernment\/\">https:\/\/blog.hwr-berlin.de\/egovernment\/<\/a><strong> an der Hochschule f\u00fcr Wirtschaft und Recht BerlinDatenschutz auf dem daf\u00fcr genutzten WordPress Server<br \/>\n<\/strong><\/p>\n<p>Die Hochschule f\u00fcr Wirtschaft und Recht Berlin (HWR Berlin) orientiert sich beim Thema Datenschutz an der EU-weit geltenden Datenschutz-Grundverordnung (EU-DSGVO). In den nachstehenden Hinweisen wird erl\u00e4utert, welche personenbezogenen Daten bei der der Nutzung der Blogseite https:\/\/blog.hwr-berlin.de\/egovernment\/ erfasst und wie diese Daten genutzt werden.<\/p>\n<p><strong>1 Allgemeine Informationen<\/strong><\/p>\n<p>Verantwortlich f\u00fcr die Datenverarbeitung dieses Webangebots ist die Hochschule f\u00fcr Wirtschaft und Recht Berlin, Badensche Strasse 52 10825 Berlin, vertreten durch den\/die Verfahrensverantwortliche, Frau Prof. Dr. Dagmar L\u00fcck-Schneider.<\/p>\n<p>Es bestehen folgende Kontaktm\u00f6glichkeiten:<\/p>\n<p>HWR Berlin<br \/>\nAlt Friedrichsfelde 60<br \/>\n10249 Berlin<br \/>\nE-Mail: dagmar.lueck-schneider[at]hwr-berlin.de<br \/>\nTelefon: 030-30877-2654<br \/>\n(bitte vorab unter Nennung des Anliegens per E-Mail einen Termin erfragen)<\/p>\n<p>Kontaktdaten des\/der beh\u00f6rdlichen Datenschutzbeauftragten:<\/p>\n<p>HWR Berlin<\/p>\n<p>Datenschutzbeauftragter<br \/>\nAlt-Friedrichsfelde 60<br \/>\n10315 Berlin<br \/>\nE-Mail: datenschutz[at]hwr-berlin.de<\/p>\n<p><strong>2 Hinweis auf Betroffenenrechte<\/strong><\/p>\n<p>Nach Art. 15 EU-Datenschutzgrundverordnung (EU-DSGVO besteht ein Anspruch auf kostenlose Auskunft dar\u00fcber, ob personenbezogene Daten der eigenen Person verarbeitet werden und wenn ja, um welche personenbezogenen Daten es sich hierbei handelt. Dabei kann grunds\u00e4tzlich eine Kopie der Daten verlangt werden, sofern keine gesetzliche Ausnahme oder h\u00f6here Interessen Dritter greifen. Sind die Daten unvollst\u00e4ndig oder nicht korrekt, besteht ein Anspruch auf Berichtigung gem\u00e4\u00df Art. 16 EU-DSGVO.<br \/>\nWeitere Betroffenenrechte sind:<\/p>\n<ul>\n<li>Art. 17 EU-DSGVO: L\u00f6schung der eigenen personenbezogenen Daten, wenn ein dort genannter L\u00f6schgrund vorliegt und keine \u00fcbergeordneten Gr\u00fcnde existieren.<\/li>\n<li>Art. 18 EU-DSGVO: Einschr\u00e4nkung der Verarbeitung der personenbezogenen Daten, wenn ein dort genannter Grund vorliegt.<\/li>\n<li>Art. 20 EU-DSGVO: \u00dcbertragung der eigenen personenbezogenen Daten zu einem Anbieter, wenn die Verarbeitung aufgrund einer Einwilligung oder aufgrund eines Vertrags erfolgt.<\/li>\n<li>Art. 21 EU-DSGVO: Aus Gr\u00fcnden einer besonderen pers\u00f6nlichen Situation kann das Recht auf Widerspruch gegen eine ansonsten legale Verarbeitung von personenbezogenen Daten bestehen.<\/li>\n<li>Art. 22 EU-DSGVO: R\u00e4umt besondere Betroffenenrechte bei Automatisierten Entscheidungen im Einzelfall einschlie\u00dflich Profiling ein.<\/li>\n<\/ul>\n<p><strong>3\u00a0\u00a0\u00a0\u00a0\u00a0 Beschwerderecht<\/strong><\/p>\n<p>Es besteht das Recht zur Beschwerde bei der f\u00fcr die Hochschule f\u00fcr Wirtschaft und Recht Berlin zust\u00e4ndigen Aufsichtsbeh\u00f6rde:<\/p>\n<p>&nbsp;<\/p>\n<p>Berliner Beauftragte f\u00fcr Datenschutz und Informationsfreiheit<br \/>\nFriedrichsstra\u00dfe 219<br \/>\n10969 Berlin<br \/>\nTel.: +49 30 13889-0<br \/>\nFax: +49 30 2155050<br \/>\nE-Mail: mailbox[at]datenschutz-berlin.de<\/p>\n<p><strong>4\u00a0\u00a0\u00a0\u00a0\u00a0 Zweck der Verarbeitung personenbezogener Daten<\/strong><\/p>\n<p>Die Blog-Webseite <a href=\"https:\/\/blog.hwr-berlin.de\/egovernment\/\">https:\/\/blog.hwr-berlin.de\/egovernment\/<\/a> dient in erster Linie dazu, eine Reihe von Vortr\u00e4gen zu E-Government-Themen, die im Rahmen einer Lehrveranstaltung des Studiengangs Verwaltungsinformatik entstanden sind, allgemein verf\u00fcgbar zu machen. Die Aufbereitung der Vortr\u00e4ge erfolgte in Zusammenarbeit mit dem E-Learning-Team der Hochschule f\u00fcr Wirtschaft und Recht Berlin in 2017. Auf diesem Blog werden erg\u00e4nzend einige Informationen zum Studiengang Verwaltungsinformatik der HWR Berlin zur Verf\u00fcgung gestellt. Weitere Informationen finden Sie innerhalb des Blogs unter: <a href=\"https:\/\/blog.hwr-berlin.de\/egovernment\/about-us\/\">https:\/\/blog.hwr-berlin.de\/egovernment\/about-us\/<\/a><\/p>\n<p>Die Webseite dient der Information aller Statusgruppen der HWR Berlin und ist \u00f6ffentlich auch f\u00fcr externe Interessierte zug\u00e4nglich.<\/p>\n<p>Eine Erhebung von personenbezogenen Daten erfolgt nicht.<\/p>\n<p>F\u00fcr die dargestellten personenbezogenen Daten liegen Einverst\u00e4ndniserkl\u00e4rungen zur Nutzung innerhalb dieses Blogs vor.<\/p>\n<p>Grundlage f\u00fcr die Verarbeitung sind die Datenschutzgrundverordnung der EU (EU-DSGVO), das Bundesdatenschutzgesetz, das Landesdatenschutzgesetz des Landes Berlin und die Studierendendatenverordnung des Landes Berlin.<\/p>\n<p><strong>5\u00a0\u00a0\u00a0\u00a0\u00a0 Erhebung und Nutzung personenbezogener Daten<\/strong><\/p>\n<p>F\u00fcr die Nutzung unseres Dienstes ist es nicht notwendig, sich unter Angabe personenbezogener Daten zu registrieren oder anzumelden.<\/p>\n<p><strong>Redaktionelle \/ administrative Benutzerverwaltung<\/strong>:<\/p>\n<p>Die <strong>Registrierung<\/strong> eines Nutzendens ist <strong>nur zur Administration<\/strong> <strong>oder redaktionellen<\/strong> <strong>Bearbeitung der Webseite<\/strong> erforderlich. Die Erstellung des Blogs erfolgt durch die IT Abteilung Die\/der Verantwortliche f\u00fcr den Blog erh\u00e4lt durch die IT Abteilung einen administrativen Account. Mit diesem Account ist das Anlegen weiterer administrativer oder redaktioneller Nutzender m\u00f6glich. Diese Anmeldedaten werden durch die\/den Verantwortliche\/n in der dezentralen Benutzerverwaltung des Blogs angelegt und verwaltet. Diese notwendigen Anmeldedaten werden durch die\/den Verantwortliche\/n \u00fcbermittelt und gespeichert. Eine Weitergabe der Daten an Dritte findet nicht statt.<\/p>\n<p>Folgende Daten werden im Rahmen des Registrierungsprozesses erhoben.<\/p>\n<ul>\n<li>Benutzername<\/li>\n<li>Passwort in verschl\u00fcsselter Form<\/li>\n<li>(hochschulbezogene) E-Mail-Adresse<\/li>\n<li>Vorname<\/li>\n<li>Nachname<\/li>\n<\/ul>\n<p>Im Rahmen des Registrierungsprozesses wird \u00fcber die Verarbeitung dieser Daten informiert. Rechtsgrundlage f\u00fcr die Verarbeitung der Daten ist Art.\u00a06 Abs.\u00a01 lit.\u00a0e DSGVO. Eine Registrierung der\/s Nutzenden ist f\u00fcr das Bereitstellen der Inhalte und Funktionen von WordPress zum Zweck der Bereitstellung von Inhalten erforderlich.<\/p>\n<p>Wir erheben und verwenden personenbezogene Daten unserer Nutzenden grunds\u00e4tzlich nur, soweit dies zur Bereitstellung von WordPress und seiner Funktionen erforderlich ist.<\/p>\n<p>Ist die Verarbeitung personenbezogener Daten zur Wahrnehmung einer \u00fcbertragenen Aufgabe erforderlich, dient Art.\u00a06 Abs.\u00a01 lit.\u00a0e DSGVO als Rechtsgrundlage. Ist die Verarbeitung zur Wahrung eines berechtigten Interesses der Hochschule f\u00fcr Wirtschaft und Recht Berlin oder einer\/s Dritten erforderlich und \u00fcberwiegen die Interessen, Grundrechte und Grundfreiheiten von Betroffenen das erstgenannte Interesse nicht, so dient Art.\u00a06 Abs.\u00a01 lit.\u00a0f DSGVO als Rechtsgrundlage f\u00fcr die Verarbeitung. Soweit wir f\u00fcr Verarbeitungsvorg\u00e4nge personenbezogener Daten eine Einwilligung der betroffenen Person einholen, dient Art.\u00a06 Abs.\u00a01 lit.\u00a0a EU-Datenschutzgrundverordnung (DSGVO) als Rechtsgrundlage.<\/p>\n<p>Bei der Nutzung von WordPress ohne Plugins werden folgende Daten erhoben:<\/p>\n<ul>\n<li>Verbindungsdaten (z.B. IP-Adresse, Datum und Uhrzeit des Zugriffs)<\/li>\n<li>Zugangsdaten: Benutzername, Passwort in verschl\u00fcsselter Form, (hochschulbezogene) E-Mail-Adresse, Vorname, Nachname<\/li>\n<li>Inhaltsdaten (z.B. hochgeladene Dateien, Beitr\u00e4ge,<\/li>\n<\/ul>\n<p>Die vor\u00fcbergehende Speicherung der Verbindungsdaten, insbesondere der IP-Adresse, durch das System ist notwendig, um eine Auslieferung von WordPress an den Rechner der\/s Nutzenden zu erm\u00f6glichen. Hierf\u00fcr muss die IP-Adresse der\/s Nutzenden f\u00fcr die Dauer der Sitzung gespeichert bleiben. Rechtsgrundlage f\u00fcr die vor\u00fcbergehende Speicherung der Daten ist Art.\u00a06 Abs.\u00a01 lit.\u00a0f DSGVO.<\/p>\n<p>Die Daten (Verbindungs-\/Zugangs- und Typen von Inhaltsdaten) werden ebenfalls in Logfiles gespeichert. Die Speicherung in Logfiles erfolgt, um die Funktionsf\u00e4higkeit von WordPress sicherzustellen. Ebenso nutzen wir die Funktion Fail2ban auf Serverseite, um IP Adressen zu sperren. Zudem dienen uns die Daten zur Sicherstellung der Sicherheit unserer informationstechnischen Systeme. In diesen Zwecken liegt auch unser berechtigtes Interesse an der Datenverarbeitung nach Art.\u00a06 Abs.\u00a01 lit.\u00a0f DSGVO.<\/p>\n<p>Die Daten in den Logfiles werden nach 14 Tagen gel\u00f6scht. Zugriff auf die Logfiles haben ausschlie\u00dflich Administratoren. Die Erfassung der Daten zur Bereitstellung von WordPress und die Speicherung der Daten in Logfiles ist f\u00fcr den Betrieb zwingend erforderlich. Es besteht folglich seitens der\/s Nutzenden keine Widerspruchsm\u00f6glichkeit.<\/p>\n<p><strong>6\u00a0\u00a0\u00a0\u00a0\u00a0 Dauer der Speicherung von Daten\/ L\u00f6schfristen<\/strong><\/p>\n<p><strong>Registrierte Benutzer<\/strong><\/p>\n<p>Die personenbezogenen Daten der administrativen oder redaktionellen Nutzenden des WordPress Blogs <a href=\"https:\/\/blog.hwr-berlin.de\/egovernment\/about-us\/\">https:\/\/blog.hwr-berlin.de\/egovernment\/about-us\/<\/a> werden so lange gespeichert bis die\/der Nutzende gel\u00f6scht wird, weil kein administrativer oder redaktioneller Zugriff mehr erforderlich ist.<\/p>\n<p>Dies ist der Fall, wenn die Person die HWR Berlin verl\u00e4sst, die Blogseite deaktiviert wird oder sich die Verantwortlichkeiten \u00e4ndern.<\/p>\n<p>7\u00a0\u00a0\u00a0\u00a0\u00a0 Verwendung von Cookies<\/p>\n<p>WordPress verwendet Cookies. Bei Cookies handelt es sich um Textdateien, die im Internetbrowser bzw. vom Internetbrowser auf dem Computersystem der Nutzenden gespeichert werden. Wird WordPress aufgerufen, so kann ein Cookie auf dem Betriebssystem der\/s Nutzenden gespeichert werden. Dieses Cookie enth\u00e4lt eine charakteristische Zeichenfolge, die eine eindeutige Identifizierung des Browsers beim erneuten Aufrufen der Website erm\u00f6glicht.<\/p>\n<p>W\u00e4hrend der Anmeldung am Blog it.hwr-berlin.de wird tempor\u00e4r ein Cookie gesetzt, um festzustellen, ob der Browser Cookies akzeptiert. Dieses Cookie enth\u00e4lt keine personenbezogenen Daten und wird verworfen, wenn der Browser geschlossen wird. W\u00e4hrend der Anmeldung am Blog it.hwr-berlin.de werden zus\u00e4tzlich einige Cookies eingerichtet, um die Anmeldeinformationen und Anzeigeoptionen zu speichern. Anmelde-Cookies verfallen nach zwei Tagen, Cookies f\u00fcr die Anzeigeoptionen nach einem Jahr. Falls bei der Anmeldung die Option\u00a0\u201eAngemeldet bleiben\u201c ausgew\u00e4hlt wird, wird die Anmeldung zwei Wochen lang aufrechterhalten. Mit der Abmeldung an WordPress werden die Anmelde-Cookies gel\u00f6scht.<\/p>\n<p>Wenn ein Artikel bearbeitet oder ver\u00f6ffentlicht wird, wird ein zus\u00e4tzliches Cookie im Browser gespeichert. Dieses Cookie enth\u00e4lt keine personenbezogenen Daten und verweist nur auf die Beitrags-ID des Artikels, die gerade bearbeitet wird. Dieses Cookie verf\u00e4llt nach einem Tag.<\/p>\n<p><strong>8\u00a0 KEINE Plugins<\/strong><\/p>\n<p>F\u00fcr den Betrieb des Blogs <a href=\"https:\/\/blog.hwr-berlin.de\/egovernment\/about-us\/\">https:\/\/blog.hwr-berlin.de\/egovernment\/about-us\/<\/a> werden KEINE Plugins genutzt.<\/p>\n<p><strong>\u00a09\u00a0\u00a0\u00a0\u00a0\u00a0 Auskunft<\/strong><\/p>\n<p>Wir teilen Ihnen auf Ihre Anforderung umgehend mit, welche personenbezogenen Daten \u00fcber Sie in WordPress auf dem Blog <a href=\"https:\/\/blog.hwr-berlin.de\/egovernment\/about-us\/\">https:\/\/blog.hwr-berlin.de\/egovernment\/about-us\/<\/a> gespeichert sind. Bitte wenden Sie sich hierzu per E-Mail an die Administration der WordPress Seite. Die E-Mail-Adresse lautet: verantwortliche_person[at]hwr-berlin.de.<\/p>\n<p>Ausk\u00fcnfte erteilt auch unser beh\u00f6rdlicher Datenschutzbeauftragter: Prof. Dr. Hartmut Aden: datenschutz[at]hwr-berlin.de.<\/p>\n<p>&nbsp;<\/p>\n<p><strong>10\u00a0\u00a0 Rechtsgrundlagen<\/strong><\/p>\n<p><a href=\"https:\/\/dsgvo-gesetz.de\">Datenschutz-Grundverordnung (EU-DSGVO)<\/a><br \/>\n<a href=\"http:\/\/gesetze.berlin.de\/jportal\/portal\/t\/16yp\/page\/bsbeprod.psml?doc.hl=1&amp;doc.id=jlr-StudDatVBErahmen&amp;documentnumber=1&amp;numberofresults=9&amp;showdoccase=1&amp;doc.part=X&amp;paramfromHL=true#focuspoint\">Studierendendatenverordnung (StudDatVO)<\/a><br \/>\n<a href=\"http:\/\/www.gesetze-im-internet.de\/bdsg_1990\/\">Bundesdatenschutzgesetz (BDSG)<\/a><br \/>\n<a href=\"http:\/\/gesetze.berlin.de\/jportal\/portal\/t\/3mk\/page\/bsbeprod.psml?pid=Dokumentanzeige&amp;showdoccase=1&amp;js_peid=Trefferliste&amp;documentnumber=1&amp;numberofresults=1&amp;fromdoctodoc=yes&amp;doc.id=jlr-DSGBErahmen&amp;doc.part=X&amp;doc.price=0.0#focuspoint\">Berliner Datenschutzgesetz (BlnDSG)<\/a><br \/>\n<a href=\"http:\/\/www.gesetze-im-internet.de\/tmg\/\">Telemediengesetz (TMG)<\/a><\/p>\n<p><a href=\"https:\/\/www.hwr-berlin.de\/fileadmin\/downloads_internet\/gesetze_richtlinien_ordnungen\/Datenverarbeitungssatzung_2011.pdf\">Datenverarbeitungssatzung der HWR Berlin (DVS HWR Bln)<\/a><\/p>\n<p>Weitere Informationen zum Datenschutz finden Sie im Internetauftritt des Landesbeauftragten f\u00fcr den Datenschutz:<br \/>\n<a href=\"https:\/\/www.datenschutz-berlin.de\">https:\/\/www.datenschutz-berlin.de<\/a><\/p>\n<p>Stand: 24.05.2018<\/p>\n","protected":false},"excerpt":{"rendered":"<p>Inhalt des Onlineangebotes Die Studiengangsverantwortliche f\u00fcr den Studiengang Verwaltungsinformatik der HWR Berlin, Frau Prof. Dr. Dagmar L\u00fcck-Schneider (E-Gov-Blog-Verantwortliche) \u00fcbernimmt keinerlei Gew\u00e4hr f\u00fcr die Aktualit\u00e4t, Korrektheit, Vollst\u00e4ndigkeit oder Qualit\u00e4t der bereitgestellten Informationen. Haftungsanspr\u00fcche gegen die E-Gov-Blog-Verantwortliche, welche sich auf Sch\u00e4den materieller oder ideeller Art beziehen, die durch die Nutzung oder Nichtnutzung der dargebotenen Informationen bzw. durch &#8230;<\/p>\n","protected":false},"author":4,"featured_media":0,"parent":0,"menu_order":0,"comment_status":"closed","ping_status":"closed","template":"","meta":{"footnotes":""},"class_list":["post-133","page","type-page","status-publish","hentry"],"_links":{"self":[{"href":"https:\/\/blog.hwr-berlin.de\/egovernment\/wp-json\/wp\/v2\/pages\/133","targetHints":{"allow":["GET"]}}],"collection":[{"href":"https:\/\/blog.hwr-berlin.de\/egovernment\/wp-json\/wp\/v2\/pages"}],"about":[{"href":"https:\/\/blog.hwr-berlin.de\/egovernment\/wp-json\/wp\/v2\/types\/page"}],"author":[{"embeddable":true,"href":"https:\/\/blog.hwr-berlin.de\/egovernment\/wp-json\/wp\/v2\/users\/4"}],"replies":[{"embeddable":true,"href":"https:\/\/blog.hwr-berlin.de\/egovernment\/wp-json\/wp\/v2\/comments?post=133"}],"version-history":[{"count":8,"href":"https:\/\/blog.hwr-berlin.de\/egovernment\/wp-json\/wp\/v2\/pages\/133\/revisions"}],"predecessor-version":[{"id":369,"href":"https:\/\/blog.hwr-berlin.de\/egovernment\/wp-json\/wp\/v2\/pages\/133\/revisions\/369"}],"wp:attachment":[{"href":"https:\/\/blog.hwr-berlin.de\/egovernment\/wp-json\/wp\/v2\/media?parent=133"}],"curies":[{"name":"wp","href":"https:\/\/api.w.org\/{rel}","templated":true}]}}