

{"id":52,"date":"2016-07-12T13:16:11","date_gmt":"2016-07-12T11:16:11","guid":{"rendered":"http:\/\/blog.hwr-berlin.de\/egovernment\/?page_id=52"},"modified":"2018-04-04T18:25:33","modified_gmt":"2018-04-04T16:25:33","slug":"about-us","status":"publish","type":"page","link":"https:\/\/blog.hwr-berlin.de\/egovernment\/about-us\/","title":{"rendered":"\u00dcber uns"},"content":{"rendered":"<p>Der vorliegende Blog liegt in der Verantwortung der Studiengangsverantwortlichen f\u00fcr den <a href=\"http:\/\/www.hwr-berlin.de\/fachbereich-allgemeine-verwaltung\/studiengaenge\/verwaltungsinformatik\/\">Bachelorstudiengang Verwaltungsinformatik<\/a> der <a href=\"http:\/\/www.hwr-berlin.de\/\">HWR Berlin<\/a> am <a href=\"http:\/\/www.hwr-berlin.de\/fachbereich-allgemeine-verwaltung\/\">Fachbereich Allgemeine Verwaltung,<\/a> Frau Prof. Dr. <a href=\"http:\/\/www.hwr-berlin.de\/fachbereich-allgemeine-verwaltung\/kontakt\/personen\/kontakt\/?tx_wmdbvcard_pi1[show]=1284&amp;cHash=9ea5140da5b2b04fafedd97701c423b4\">Dagmar L\u00fcck-Schneider<\/a>.<\/p>\n<p>Im Sommersemester 2016 sowie Wintersemester 2016\/17 f\u00fchrte <a href=\"https:\/\/blog.hwr-berlin.de\/egovernment\/referenten\/\">Dirk Stocksmeier<\/a>, u. a. stellvertretender Vorstandsvorsitzender des Nationalen E-Government Kompetenzzentrums (<a href=\"http:\/\/www.negz.org\/\">NEGZ<\/a>), bereits zum zweiten Mal unter Einbeziehung verschiedener Experten zum Thema die Lehrveranstaltung E-Government II im Studiengang Verwaltungsinformatik durch. Dabei kam die Idee auf, in diesem Durchgang eine Aufzeichnung der Vortr\u00e4ge zu realisieren um die vorgetragenen Inhalte \u00fcber die geplante e-Learning-Plattform des NEGZ einem breiteren Kreise\u00a0zug\u00e4ngig zu machen. Auch Studierende anderer Verwaltungsstudieng\u00e4nge bzw. sp\u00e4tere Verwaltungsinformatik-Jahrg\u00e4nge w\u00fcrden schlie\u00dflich diese offene Plattform nutzen k\u00f6nnen. Eine Anfrage beim <a href=\"http:\/\/elearning.hwr-berlin.de\/\">e-Learning Team <\/a>der HWR Berlin ergab, dass eine Unterst\u00fctzung bei der Video-Erstellung m\u00f6glich sei.<\/p>\n<p>Den Schritt zu gehen, die Videos auch \u00fcber einen Blog der HWR Berlin zur Verf\u00fcgung zu stellen und damit die Beteiligung unserer Hochschule noch herauszustreichen und zudem ein Forum f\u00fcr Reaktionen zum Thema zu schaffen, lag nahe.<\/p>\n<p>Auf welches Abenteuer sich hier alle Akteure eingelassen haben, lie\u00df sich erst ansatzweise am Ende der Lehrveranstaltung \u00fcberschauen. Insgesamt entstanden bereits im Sommersemester \u00fcber 40 Stunden Videomaterial von insgesamt 12 Vortragenden, die in umfassender Kleinarbeit durch unsere e-Learning Team f\u00fcr eine Internetpublikation aufbereitet wurden! Im Wintersemester kamen weitere hinzu. Mehr zu den Vortragenden finden Sie in der Kategorie <a href=\"http:\/\/blog.hwr-berlin.de\/egovernment\/?page_id=104\">Akteure<\/a>! Die Videobeitr\u00e4ge finden Sie in der Kategorie <a href=\"http:\/\/blog.hwr-berlin.de\/egovernment\/?cat=5\">Videos<\/a>.<\/p>\n<p>Der Blog erm\u00f6glicht aber auch Stellungnahmen und Erlebnisberichte von Studierenden, Lehrenden und Ehemaligen des Studiengangs Verwaltungsinformatik. Daf\u00fcr wurde die Seite B.A. Verwaltungsinformatik eingef\u00fchrt. Hier werden entsprechende Beitr\u00e4ge gesammelt. Die Abk\u00fcrzung B.A. weist auf den Abschluss dieses Studiengangs hin; es ist ein Bachelor of Arts.<\/p>\n<p>Stand 17.02.2017<\/p>\n","protected":false},"excerpt":{"rendered":"<p>Der vorliegende Blog liegt in der Verantwortung der Studiengangsverantwortlichen f\u00fcr den Bachelorstudiengang Verwaltungsinformatik der HWR Berlin am Fachbereich Allgemeine Verwaltung, Frau Prof. Dr. Dagmar L\u00fcck-Schneider. Im Sommersemester 2016 sowie Wintersemester 2016\/17 f\u00fchrte Dirk Stocksmeier, u. a. stellvertretender Vorstandsvorsitzender des Nationalen E-Government Kompetenzzentrums (NEGZ), bereits zum zweiten Mal unter Einbeziehung verschiedener Experten zum Thema die Lehrveranstaltung &#8230;<\/p>\n","protected":false},"author":3,"featured_media":0,"parent":0,"menu_order":0,"comment_status":"closed","ping_status":"closed","template":"","meta":{"footnotes":""},"class_list":["post-52","page","type-page","status-publish","hentry"],"_links":{"self":[{"href":"https:\/\/blog.hwr-berlin.de\/egovernment\/wp-json\/wp\/v2\/pages\/52","targetHints":{"allow":["GET"]}}],"collection":[{"href":"https:\/\/blog.hwr-berlin.de\/egovernment\/wp-json\/wp\/v2\/pages"}],"about":[{"href":"https:\/\/blog.hwr-berlin.de\/egovernment\/wp-json\/wp\/v2\/types\/page"}],"author":[{"embeddable":true,"href":"https:\/\/blog.hwr-berlin.de\/egovernment\/wp-json\/wp\/v2\/users\/3"}],"replies":[{"embeddable":true,"href":"https:\/\/blog.hwr-berlin.de\/egovernment\/wp-json\/wp\/v2\/comments?post=52"}],"version-history":[{"count":27,"href":"https:\/\/blog.hwr-berlin.de\/egovernment\/wp-json\/wp\/v2\/pages\/52\/revisions"}],"predecessor-version":[{"id":361,"href":"https:\/\/blog.hwr-berlin.de\/egovernment\/wp-json\/wp\/v2\/pages\/52\/revisions\/361"}],"wp:attachment":[{"href":"https:\/\/blog.hwr-berlin.de\/egovernment\/wp-json\/wp\/v2\/media?parent=52"}],"curies":[{"name":"wp","href":"https:\/\/api.w.org\/{rel}","templated":true}]}}