

{"id":30892,"date":"2021-08-20T13:13:46","date_gmt":"2021-08-20T11:13:46","guid":{"rendered":"https:\/\/blog.hwr-berlin.de\/elerner\/?page_id=30892"},"modified":"2023-10-13T13:54:51","modified_gmt":"2023-10-13T11:54:51","slug":"ueber-uns","status":"publish","type":"page","link":"https:\/\/blog.hwr-berlin.de\/elerner\/ueber-uns\/","title":{"rendered":"\u00dcber uns"},"content":{"rendered":"<p>[et_pb_section fb_built=&#8220;1&#8243; _builder_version=&#8220;4.16&#8243; _module_preset=&#8220;default&#8220; global_colors_info=&#8220;{}&#8220; theme_builder_area=&#8220;post_content&#8220;][et_pb_row column_structure=&#8220;3_4,1_4&#8243; _builder_version=&#8220;4.16&#8243; _module_preset=&#8220;default&#8220; global_colors_info=&#8220;{}&#8220; theme_builder_area=&#8220;post_content&#8220;][et_pb_column type=&#8220;3_4&#8243; _builder_version=&#8220;4.16&#8243; _module_preset=&#8220;default&#8220; global_colors_info=&#8220;{}&#8220; theme_builder_area=&#8220;post_content&#8220;][et_pb_text _builder_version=&#8220;4.16&#8243; _module_preset=&#8220;default&#8220; global_colors_info=&#8220;{}&#8220; theme_builder_area=&#8220;post_content&#8220;]<\/p>\n<h1>Das E-Learning-Zentrum<\/h1>\n<h3>Die Kompetenzen der HWR Berlin im Bereich digitales Lehren, Lernen und Pr\u00fcfen (E-Learning) sind im \u201eE-Learning Zentrum\u201c (ELZ) geb\u00fcndelt und nimmt sowohl mediendidaktische als auch medientechnische Aufgaben wahr. Das E-Learning Zentrum ist ein Team der Abteilung Informationstechnologie und geh\u00f6rt zum Ressort der 1. Vizepr\u00e4sidentin f\u00fcr Studium und Lehre.<\/h3>\n<p>[\/et_pb_text][\/et_pb_column][et_pb_column type=&#8220;1_4&#8243; _builder_version=&#8220;4.16&#8243; _module_preset=&#8220;default&#8220; global_colors_info=&#8220;{}&#8220; theme_builder_area=&#8220;post_content&#8220;][et_pb_image src=&#8220;https:\/\/blog.hwr-berlin.de\/elerner\/wp-content\/uploads_elerner\/2022\/03\/Fotolia_91780070_XS.jpg&#8220; alt=&#8220;Dekobild&#8220; title_text=&#8220;Gather the Team. Dude 3D characters X8 climbing up on Red letters forming TEAM.&#8220; _builder_version=&#8220;4.16&#8243; _module_preset=&#8220;default&#8220; global_colors_info=&#8220;{}&#8220; theme_builder_area=&#8220;post_content&#8220;][\/et_pb_image][\/et_pb_column][\/et_pb_row][\/et_pb_section][et_pb_section fb_built=&#8220;1&#8243; _builder_version=&#8220;4.16&#8243; _module_preset=&#8220;default&#8220; global_colors_info=&#8220;{}&#8220; theme_builder_area=&#8220;post_content&#8220;][et_pb_row column_structure=&#8220;2_3,1_3&#8243; _builder_version=&#8220;4.16&#8243; _module_preset=&#8220;default&#8220; global_colors_info=&#8220;{}&#8220; theme_builder_area=&#8220;post_content&#8220;][et_pb_column type=&#8220;2_3&#8243; _builder_version=&#8220;4.16&#8243; _module_preset=&#8220;default&#8220; global_colors_info=&#8220;{}&#8220; theme_builder_area=&#8220;post_content&#8220;][et_pb_team_member name=&#8220;Katja Drasdo&#8220; position=&#8220;Teamleitung&#8220; _builder_version=&#8220;4.16.0&#8243; _module_preset=&#8220;default&#8220; position_text_color=&#8220;#D50C2F&#8220; position_font_size=&#8220;25px&#8220; position_line_height=&#8220;1.8em&#8220; custom_css_main_element=&#8220;im&#8220; global_colors_info=&#8220;{}&#8220; theme_builder_area=&#8220;post_content&#8220;]<\/p>\n<p><span>Leitung des E-Learning Zentrums, Steuerung der Arbeitsabl\u00e4ufe, Konzeption und Umsetzung von Weiterentwicklungen, Einf\u00fchrung neuer Verfahren und Technologien, Konzeption und Steuerung innovativer medientechnischer Infrastruktur, medientechnische und-didaktische Beratung, Projektmanagement, Qualit\u00e4tsmanagement.<\/span><span><\/span><\/p>\n<p>[\/et_pb_team_member][\/et_pb_column][et_pb_column type=&#8220;1_3&#8243; _builder_version=&#8220;4.16&#8243; _module_preset=&#8220;default&#8220; global_colors_info=&#8220;{}&#8220; theme_builder_area=&#8220;post_content&#8220;][et_pb_blurb title=&#8220;+49 (0)30 30877 &#8211; 2533&#8243; use_icon=&#8220;on&#8220; font_icon=&#8220;&#xe090;||divi||400&#8243; icon_placement=&#8220;left&#8220; image_icon_width=&#8220;25px&#8220; _builder_version=&#8220;4.16.0&#8243; _module_preset=&#8220;default&#8220; header_font_size=&#8220;20px&#8220; custom_margin=&#8220;50px|||||&#8220; icon_font_size=&#8220;25px&#8220; global_colors_info=&#8220;{}&#8220; theme_builder_area=&#8220;post_content&#8220;][\/et_pb_blurb][et_pb_blurb title=&#8220;MS Teams&#8220; use_icon=&#8220;on&#8220; font_icon=&#8220;&#xe027;||divi||400&#8243; icon_placement=&#8220;left&#8220; image_icon_width=&#8220;25px&#8220; _builder_version=&#8220;4.16&#8243; _module_preset=&#8220;default&#8220; header_font_size=&#8220;20px&#8220; icon_font_size=&#8220;25px&#8220; global_colors_info=&#8220;{}&#8220; theme_builder_area=&#8220;post_content&#8220;][\/et_pb_blurb][et_pb_blurb title=&#8220;elearning(at)hwr-berlin.de&#8220; use_icon=&#8220;on&#8220; font_icon=&#8220;&#xe076;||divi||400&#8243; icon_placement=&#8220;left&#8220; image_icon_width=&#8220;25px&#8220; _builder_version=&#8220;4.16.0&#8243; _module_preset=&#8220;default&#8220; header_font_size=&#8220;20px&#8220; icon_font_size=&#8220;25px&#8220; global_colors_info=&#8220;{}&#8220; theme_builder_area=&#8220;post_content&#8220;][\/et_pb_blurb][\/et_pb_column][\/et_pb_row][et_pb_row column_structure=&#8220;2_3,1_3&#8243; _builder_version=&#8220;4.16.0&#8243; _module_preset=&#8220;default&#8220; global_colors_info=&#8220;{}&#8220; theme_builder_area=&#8220;post_content&#8220;][et_pb_column type=&#8220;2_3&#8243; _builder_version=&#8220;4.16.0&#8243; _module_preset=&#8220;default&#8220; global_colors_info=&#8220;{}&#8220; theme_builder_area=&#8220;post_content&#8220;][et_pb_text _builder_version=&#8220;4.16.0&#8243; _module_preset=&#8220;default&#8220; global_colors_info=&#8220;{}&#8220; theme_builder_area=&#8220;post_content&#8220;]<\/p>\n<h3>Unsere Aufgabenbereiche sind:<\/h3>\n<p>[\/et_pb_text][\/et_pb_column][et_pb_column type=&#8220;1_3&#8243; _builder_version=&#8220;4.16.0&#8243; _module_preset=&#8220;default&#8220; global_colors_info=&#8220;{}&#8220; theme_builder_area=&#8220;post_content&#8220;][\/et_pb_column][\/et_pb_row][et_pb_row column_structure=&#8220;2_3,1_3&#8243; _builder_version=&#8220;4.16&#8243; _module_preset=&#8220;default&#8220; global_colors_info=&#8220;{}&#8220; theme_builder_area=&#8220;post_content&#8220;][et_pb_column type=&#8220;2_3&#8243; _builder_version=&#8220;4.16&#8243; _module_preset=&#8220;default&#8220; global_colors_info=&#8220;{}&#8220; theme_builder_area=&#8220;post_content&#8220;][et_pb_team_member position=&#8220;E-Learning Support&#8220; _builder_version=&#8220;4.16.0&#8243; _module_preset=&#8220;default&#8220; position_text_color=&#8220;#D50C2F&#8220; position_font_size=&#8220;25px&#8220; position_line_height=&#8220;1.8em&#8220; custom_css_main_element=&#8220;im&#8220; global_colors_info=&#8220;{}&#8220; theme_builder_area=&#8220;post_content&#8220;]<\/p>\n<p><span>E-Learning Support f\u00fcr die webbasierten lehr- und lernunterst\u00fctzenden Systeme (u.a. Moodle Support). Einf\u00fchrungsschulungen f\u00fcr neue Lehrende.<br \/><\/span><\/p>\n<p>[\/et_pb_team_member][\/et_pb_column][et_pb_column type=&#8220;1_3&#8243; _builder_version=&#8220;4.16&#8243; _module_preset=&#8220;default&#8220; global_colors_info=&#8220;{}&#8220; theme_builder_area=&#8220;post_content&#8220;][et_pb_blurb title=&#8220;+49 (0)30 30877 &#8211; 2554 \/- 2534&#8243; use_icon=&#8220;on&#8220; font_icon=&#8220;&#xe090;||divi||400&#8243; icon_placement=&#8220;left&#8220; image_icon_width=&#8220;25px&#8220; _builder_version=&#8220;4.16.0&#8243; _module_preset=&#8220;default&#8220; header_font_size=&#8220;20px&#8220; custom_margin=&#8220;50px|||||&#8220; hover_enabled=&#8220;0&#8243; icon_font_size=&#8220;25px&#8220; global_colors_info=&#8220;{}&#8220; theme_builder_area=&#8220;post_content&#8220; sticky_enabled=&#8220;0&#8243;][\/et_pb_blurb][et_pb_blurb title=&#8220;elearning(at)hwr-berlin.de&#8220; use_icon=&#8220;on&#8220; font_icon=&#8220;&#xe076;||divi||400&#8243; icon_placement=&#8220;left&#8220; image_icon_width=&#8220;25px&#8220; _builder_version=&#8220;4.16.0&#8243; _module_preset=&#8220;default&#8220; header_font_size=&#8220;20px&#8220; icon_font_size=&#8220;25px&#8220; global_colors_info=&#8220;{}&#8220; theme_builder_area=&#8220;post_content&#8220;][\/et_pb_blurb][\/et_pb_column][\/et_pb_row][et_pb_row column_structure=&#8220;2_3,1_3&#8243; _builder_version=&#8220;4.16.0&#8243; _module_preset=&#8220;default&#8220; global_colors_info=&#8220;{}&#8220; theme_builder_area=&#8220;post_content&#8220;][et_pb_column type=&#8220;2_3&#8243; _builder_version=&#8220;4.16.0&#8243; _module_preset=&#8220;default&#8220; global_colors_info=&#8220;{}&#8220; theme_builder_area=&#8220;post_content&#8220;][et_pb_team_member position=&#8220;Neue Lehr- und Lernformen, Mediendidaktik&#8220; icon_color=&#8220;#D50C2F&#8220; _builder_version=&#8220;4.16.0&#8243; _module_preset=&#8220;default&#8220; position_text_color=&#8220;#D50C2F&#8220; position_font_size=&#8220;25px&#8220; position_line_height=&#8220;1.8em&#8220; custom_css_main_element=&#8220;im&#8220; global_colors_info=&#8220;{}&#8220; theme_builder_area=&#8220;post_content&#8220;]<\/p>\n<p><span>Mediendidaktische Schulungskonzepte, Schulungsprogramme f\u00fcr Lehrende und Studierende zur St\u00e4rkung der Digitalisierungskompetenzen, mediendidaktische und -technische Beratung, Projektakquise, Onboarding-Kurs f\u00fcr Lehrende, Konzeption und Verankerung von Open Educational Resources.<\/span><span><\/span><\/p>\n<p>[\/et_pb_team_member][\/et_pb_column][et_pb_column type=&#8220;1_3&#8243; _builder_version=&#8220;4.16.0&#8243; _module_preset=&#8220;default&#8220; global_colors_info=&#8220;{}&#8220; theme_builder_area=&#8220;post_content&#8220;][et_pb_blurb title=&#8220;+49 (0)30 30877 &#8211; 1235&#8243; use_icon=&#8220;on&#8220; font_icon=&#8220;&#xe090;||divi||400&#8243; icon_placement=&#8220;left&#8220; image_icon_width=&#8220;25px&#8220; _builder_version=&#8220;4.16.0&#8243; _module_preset=&#8220;default&#8220; header_font_size=&#8220;20px&#8220; custom_margin=&#8220;50px|||||&#8220; icon_font_size=&#8220;25px&#8220; global_colors_info=&#8220;{}&#8220; theme_builder_area=&#8220;post_content&#8220;][\/et_pb_blurb][et_pb_blurb title=&#8220;elearning(at)hwr-berlin.de&#8220; use_icon=&#8220;on&#8220; font_icon=&#8220;&#xe076;||divi||400&#8243; icon_placement=&#8220;left&#8220; image_icon_width=&#8220;25px&#8220; _builder_version=&#8220;4.16.0&#8243; _module_preset=&#8220;default&#8220; header_font_size=&#8220;20px&#8220; icon_font_size=&#8220;25px&#8220; global_colors_info=&#8220;{}&#8220; theme_builder_area=&#8220;post_content&#8220;][\/et_pb_blurb][\/et_pb_column][\/et_pb_row][et_pb_row column_structure=&#8220;2_3,1_3&#8243; _builder_version=&#8220;4.16.0&#8243; _module_preset=&#8220;default&#8220; global_colors_info=&#8220;{}&#8220; theme_builder_area=&#8220;post_content&#8220;][et_pb_column type=&#8220;2_3&#8243; _builder_version=&#8220;4.16.0&#8243; _module_preset=&#8220;default&#8220; global_colors_info=&#8220;{}&#8220; theme_builder_area=&#8220;post_content&#8220;][et_pb_team_member position=&#8220;Lehr- und Lernunterst\u00fctzende Systeme&#8220; _builder_version=&#8220;4.16.0&#8243; _module_preset=&#8220;default&#8220; position_text_color=&#8220;#D50C2F&#8220; position_font_size=&#8220;25px&#8220; position_line_height=&#8220;1.8em&#8220; custom_css_main_element=&#8220;im&#8220; global_colors_info=&#8220;{}&#8220; theme_builder_area=&#8220;post_content&#8220;]<\/p>\n<p style=\"text-align: left;\"><span>Anwendungsadministration aller webbasierten lehr- und lernunterst\u00fctzenden Systeme (mit Ausnahme von Video), Koordination des E-Learning Supports, Anforderungsmanagement von Schnittstellen zu Drittsystemen, Unterst\u00fctzung der Fachbereiche sowie einzelner Lehrpersonen bei der Umsetzung von Blended-Learning-Konzepten, Koordination der \u00d6ffentlichkeitsarbeit.<\/span><span><\/span><\/p>\n<p>[\/et_pb_team_member][\/et_pb_column][et_pb_column type=&#8220;1_3&#8243; _builder_version=&#8220;4.16.0&#8243; _module_preset=&#8220;default&#8220; global_colors_info=&#8220;{}&#8220; theme_builder_area=&#8220;post_content&#8220;][et_pb_blurb title=&#8220;+49 (0)30 30877 &#8211; 2534&#8243; use_icon=&#8220;on&#8220; font_icon=&#8220;&#xe090;||divi||400&#8243; icon_placement=&#8220;left&#8220; image_icon_width=&#8220;25px&#8220; _builder_version=&#8220;4.16.0&#8243; _module_preset=&#8220;default&#8220; header_font_size=&#8220;20px&#8220; custom_margin=&#8220;50px|||||&#8220; icon_font_size=&#8220;25px&#8220; global_colors_info=&#8220;{}&#8220; theme_builder_area=&#8220;post_content&#8220;][\/et_pb_blurb][et_pb_blurb title=&#8220;elearning(at)hwr-berlin.de&#8220; use_icon=&#8220;on&#8220; font_icon=&#8220;&#xe076;||divi||400&#8243; icon_placement=&#8220;left&#8220; image_icon_width=&#8220;25px&#8220; _builder_version=&#8220;4.16.0&#8243; _module_preset=&#8220;default&#8220; header_font_size=&#8220;20px&#8220; icon_font_size=&#8220;25px&#8220; global_colors_info=&#8220;{}&#8220; theme_builder_area=&#8220;post_content&#8220;][\/et_pb_blurb][\/et_pb_column][\/et_pb_row][et_pb_row column_structure=&#8220;2_3,1_3&#8243; _builder_version=&#8220;4.16.0&#8243; _module_preset=&#8220;default&#8220; global_colors_info=&#8220;{}&#8220; theme_builder_area=&#8220;post_content&#8220;][et_pb_column type=&#8220;2_3&#8243; _builder_version=&#8220;4.16.0&#8243; _module_preset=&#8220;default&#8220; global_colors_info=&#8220;{}&#8220; theme_builder_area=&#8220;post_content&#8220;][et_pb_team_member position=&#8220;Digitales Pr\u00fcfen&#8220; _builder_version=&#8220;4.16.0&#8243; _module_preset=&#8220;default&#8220; position_text_color=&#8220;#D50C2F&#8220; position_font_size=&#8220;25px&#8220; position_line_height=&#8220;1.8em&#8220; custom_css_main_element=&#8220;im&#8220; global_colors_info=&#8220;{}&#8220; theme_builder_area=&#8220;post_content&#8220;]<\/p>\n<p style=\"text-align: left;\"><span>Koordination und Entwicklung des Themenbereichs Digitales Pr\u00fcfen: rechtsichere Durchf\u00fchrung, organisatorische und technische Rahmenbedingungen, Unterst\u00fctzungsprozesse und Qualit\u00e4tsmanagement, Datenschutz- und Datensicherheitsanalyse <\/span><span><\/span><\/p>\n<p style=\"text-align: left;\"><span>Administration und technische Betreuung der E-Pr\u00fcfungsr\u00e4ume inkl. der Erstellung von Nutzungskonzepten, Administration der Clients, Konfiguration des Safe Exam Browsers, Unterst\u00fctzung der Lehrenden und Studierenden bei digitalen Pr\u00fcfungsprozessen (E-Pr\u00fcfungen), Weiterentwicklung der technischen und organisatorischen Prozesse f\u00fcr digitales Pr\u00fcfen, Erstellung von technischen Guidelines und FAQs sowie Entwicklung von Schulungsangeboten.<\/span><\/p>\n<p>[\/et_pb_team_member][\/et_pb_column][et_pb_column type=&#8220;1_3&#8243; _builder_version=&#8220;4.16.0&#8243; _module_preset=&#8220;default&#8220; global_colors_info=&#8220;{}&#8220; theme_builder_area=&#8220;post_content&#8220;][et_pb_blurb title=&#8220;+49 (0)30 30877 &#8211; 2555 \/- 2521&#8243; use_icon=&#8220;on&#8220; font_icon=&#8220;&#xe090;||divi||400&#8243; icon_placement=&#8220;left&#8220; image_icon_width=&#8220;25px&#8220; _builder_version=&#8220;4.16.0&#8243; _module_preset=&#8220;default&#8220; header_font_size=&#8220;20px&#8220; custom_margin=&#8220;50px|||||&#8220; icon_font_size=&#8220;25px&#8220; global_colors_info=&#8220;{}&#8220; theme_builder_area=&#8220;post_content&#8220;][\/et_pb_blurb][et_pb_blurb title=&#8220;elearning(at)hwr-berlin.de&#8220; use_icon=&#8220;on&#8220; font_icon=&#8220;&#xe076;||divi||400&#8243; icon_placement=&#8220;left&#8220; image_icon_width=&#8220;25px&#8220; _builder_version=&#8220;4.16.0&#8243; _module_preset=&#8220;default&#8220; header_font_size=&#8220;20px&#8220; icon_font_size=&#8220;25px&#8220; global_colors_info=&#8220;{}&#8220; theme_builder_area=&#8220;post_content&#8220;][\/et_pb_blurb][\/et_pb_column][\/et_pb_row][et_pb_row column_structure=&#8220;2_3,1_3&#8243; _builder_version=&#8220;4.16.0&#8243; _module_preset=&#8220;default&#8220; global_colors_info=&#8220;{}&#8220; theme_builder_area=&#8220;post_content&#8220;][et_pb_column type=&#8220;2_3&#8243; _builder_version=&#8220;4.16.0&#8243; _module_preset=&#8220;default&#8220; global_colors_info=&#8220;{}&#8220; theme_builder_area=&#8220;post_content&#8220;][et_pb_team_member position=&#8220;Audiovisuelles Medienmanagement&#8220; _builder_version=&#8220;4.16.0&#8243; _module_preset=&#8220;default&#8220; position_text_color=&#8220;#D50C2F&#8220; position_font_size=&#8220;25px&#8220; position_line_height=&#8220;1.8em&#8220; custom_css_main_element=&#8220;im&#8220; global_colors_info=&#8220;{}&#8220; theme_builder_area=&#8220;post_content&#8220;]<\/p>\n<p style=\"text-align: left;\"><span>Administration audiovisueller Dienstleistungen und Technologien (u.a. Medienplattform), Konzeption und Umsetzung von Weiterentwicklungen, Planung, Koordination und Betreuung von Audio\/Video-\u00dcbertragungs- und Aufzeichnungssystemen, Streaming, Koordination und Durchf\u00fchrung von Audio- und Videoproduktionen.<\/span><span><\/span><\/p>\n<p style=\"text-align: left;\"><span>Konzeption und Umsetzung von Weiterentwicklungen in der Medientechnik vorrangig im Bereich Lehre und Pr\u00fcfungen, Unterst\u00fctzung bei digitalen mobilen und station\u00e4ren Vor-Ort Pr\u00fcfungen (Administration und Wartung der notwendigen Software und Hardware, inkl. Auf- und Abbau der gesamten Pr\u00fcfungshardware, \u00dcberwachung der Technik), Technische Koordination und Begleitung von hybriden und Online-Veranstaltungen<\/span><\/p>\n<p>[\/et_pb_team_member][\/et_pb_column][et_pb_column type=&#8220;1_3&#8243; _builder_version=&#8220;4.16.0&#8243; _module_preset=&#8220;default&#8220; global_colors_info=&#8220;{}&#8220; theme_builder_area=&#8220;post_content&#8220;][et_pb_blurb title=&#8220;+49 (0)30 30877 &#8211; 2544 \/- 2548&#8243; use_icon=&#8220;on&#8220; font_icon=&#8220;&#xe090;||divi||400&#8243; icon_placement=&#8220;left&#8220; image_icon_width=&#8220;25px&#8220; _builder_version=&#8220;4.16.0&#8243; _module_preset=&#8220;default&#8220; header_font_size=&#8220;20px&#8220; custom_margin=&#8220;50px|||||&#8220; icon_font_size=&#8220;25px&#8220; global_colors_info=&#8220;{}&#8220; theme_builder_area=&#8220;post_content&#8220;][\/et_pb_blurb][et_pb_blurb title=&#8220;video(at)hwr-berlin.de&#8220; use_icon=&#8220;on&#8220; font_icon=&#8220;&#xe076;||divi||400&#8243; icon_placement=&#8220;left&#8220; image_icon_width=&#8220;25px&#8220; _builder_version=&#8220;4.16.0&#8243; _module_preset=&#8220;default&#8220; header_font_size=&#8220;20px&#8220; icon_font_size=&#8220;25px&#8220; global_colors_info=&#8220;{}&#8220; theme_builder_area=&#8220;post_content&#8220;][\/et_pb_blurb][\/et_pb_column][\/et_pb_row][et_pb_row column_structure=&#8220;2_3,1_3&#8243; _builder_version=&#8220;4.16.0&#8243; _module_preset=&#8220;default&#8220; global_colors_info=&#8220;{}&#8220; theme_builder_area=&#8220;post_content&#8220;][et_pb_column type=&#8220;2_3&#8243; _builder_version=&#8220;4.16.0&#8243; _module_preset=&#8220;default&#8220; global_colors_info=&#8220;{}&#8220; theme_builder_area=&#8220;post_content&#8220;][et_pb_team_member position=&#8220;Projekt PadLL&#8220; _builder_version=&#8220;4.16.0&#8243; _module_preset=&#8220;default&#8220; position_text_color=&#8220;#D50C2F&#8220; position_font_size=&#8220;25px&#8220; position_line_height=&#8220;1.8em&#8220; custom_css_main_element=&#8220;im&#8220; global_colors_info=&#8220;{}&#8220; theme_builder_area=&#8220;post_content&#8220;]<\/p>\n<p style=\"text-align: left;\">Aufbau einer Rechtsinformationsstelle, Ausbildung studentischer E-Scouts, hochschul\u00fcbergreifende Kooperationsprojekte<\/p>\n<p>[\/et_pb_team_member][\/et_pb_column][et_pb_column type=&#8220;1_3&#8243; _builder_version=&#8220;4.16.0&#8243; _module_preset=&#8220;default&#8220; global_colors_info=&#8220;{}&#8220; theme_builder_area=&#8220;post_content&#8220;][et_pb_blurb title=&#8220;+49 (0)30 30877 &#8211; 1171 \/- 1415&#8243; use_icon=&#8220;on&#8220; font_icon=&#8220;&#xe090;||divi||400&#8243; icon_placement=&#8220;left&#8220; image_icon_width=&#8220;25px&#8220; _builder_version=&#8220;4.16.0&#8243; _module_preset=&#8220;default&#8220; header_font_size=&#8220;20px&#8220; custom_margin=&#8220;50px|||||&#8220; icon_font_size=&#8220;25px&#8220; global_colors_info=&#8220;{}&#8220; theme_builder_area=&#8220;post_content&#8220;][\/et_pb_blurb][et_pb_blurb title=&#8220;elearning(at)hwr-berlin.de&#8220; use_icon=&#8220;on&#8220; font_icon=&#8220;&#xe076;||divi||400&#8243; icon_placement=&#8220;left&#8220; image_icon_width=&#8220;25px&#8220; _builder_version=&#8220;4.16.0&#8243; _module_preset=&#8220;default&#8220; header_font_size=&#8220;20px&#8220; icon_font_size=&#8220;25px&#8220; global_colors_info=&#8220;{}&#8220; theme_builder_area=&#8220;post_content&#8220;][\/et_pb_blurb][et_pb_blurb title=&#8220;rechtsinformation-padll(at)hwr-berlin.de&#8220; use_icon=&#8220;on&#8220; font_icon=&#8220;&#xe076;||divi||400&#8243; icon_placement=&#8220;left&#8220; image_icon_width=&#8220;25px&#8220; _builder_version=&#8220;4.16.0&#8243; _module_preset=&#8220;default&#8220; header_font_size=&#8220;20px&#8220; icon_font_size=&#8220;25px&#8220; global_colors_info=&#8220;{}&#8220; theme_builder_area=&#8220;post_content&#8220;][\/et_pb_blurb][\/et_pb_column][\/et_pb_row][\/et_pb_section]<\/p>\n","protected":false},"excerpt":{"rendered":"<p>Das E-Learning-Zentrum Die Kompetenzen der HWR Berlin im Bereich digitales Lehren, Lernen und Pr\u00fcfen (E-Learning) sind im \u201eE-Learning Zentrum\u201c (ELZ) geb\u00fcndelt und nimmt sowohl mediendidaktische als auch medientechnische Aufgaben wahr. Das E-Learning Zentrum ist ein Team der Abteilung Informationstechnologie und geh\u00f6rt zum Ressort der 1. Vizepr\u00e4sidentin f\u00fcr Studium und Lehre.Leitung des E-Learning Zentrums, Steuerung der [&hellip;]<\/p>\n","protected":false},"author":155,"featured_media":0,"parent":0,"menu_order":0,"comment_status":"closed","ping_status":"closed","template":"","meta":{"_et_pb_use_builder":"on","_et_pb_old_content":"","_et_gb_content_width":"","inline_featured_image":false,"footnotes":""},"class_list":["post-30892","page","type-page","status-publish","hentry"],"_links":{"self":[{"href":"https:\/\/blog.hwr-berlin.de\/elerner\/wp-json\/wp\/v2\/pages\/30892","targetHints":{"allow":["GET"]}}],"collection":[{"href":"https:\/\/blog.hwr-berlin.de\/elerner\/wp-json\/wp\/v2\/pages"}],"about":[{"href":"https:\/\/blog.hwr-berlin.de\/elerner\/wp-json\/wp\/v2\/types\/page"}],"author":[{"embeddable":true,"href":"https:\/\/blog.hwr-berlin.de\/elerner\/wp-json\/wp\/v2\/users\/155"}],"replies":[{"embeddable":true,"href":"https:\/\/blog.hwr-berlin.de\/elerner\/wp-json\/wp\/v2\/comments?post=30892"}],"version-history":[{"count":47,"href":"https:\/\/blog.hwr-berlin.de\/elerner\/wp-json\/wp\/v2\/pages\/30892\/revisions"}],"predecessor-version":[{"id":40750,"href":"https:\/\/blog.hwr-berlin.de\/elerner\/wp-json\/wp\/v2\/pages\/30892\/revisions\/40750"}],"wp:attachment":[{"href":"https:\/\/blog.hwr-berlin.de\/elerner\/wp-json\/wp\/v2\/media?parent=30892"}],"curies":[{"name":"wp","href":"https:\/\/api.w.org\/{rel}","templated":true}]}}