

{"id":31310,"date":"2021-10-26T11:54:58","date_gmt":"2021-10-26T09:54:58","guid":{"rendered":"https:\/\/blog.hwr-berlin.de\/elerner\/?page_id=31310"},"modified":"2025-11-25T10:26:38","modified_gmt":"2025-11-25T09:26:38","slug":"moodle","status":"publish","type":"page","link":"https:\/\/blog.hwr-berlin.de\/elerner\/moodle\/","title":{"rendered":"Moodle"},"content":{"rendered":"<p>[et_pb_section fb_built=&#8220;1&#8243; _builder_version=&#8220;4.16&#8243; _module_preset=&#8220;default&#8220; global_colors_info=&#8220;{}&#8220; theme_builder_area=&#8220;post_content&#8220;][et_pb_row _builder_version=&#8220;4.16&#8243; _module_preset=&#8220;default&#8220; global_colors_info=&#8220;{}&#8220; theme_builder_area=&#8220;post_content&#8220;][et_pb_column type=&#8220;4_4&#8243; _builder_version=&#8220;4.16&#8243; _module_preset=&#8220;default&#8220; global_colors_info=&#8220;{}&#8220; theme_builder_area=&#8220;post_content&#8220;][et_pb_text _builder_version=&#8220;4.16&#8243; _module_preset=&#8220;default&#8220; header_text_color=&#8220;#D50C2F&#8220; global_colors_info=&#8220;{}&#8220; theme_builder_area=&#8220;post_content&#8220;]<\/p>\n<h1>Moodle<\/h1>\n<p>[\/et_pb_text][\/et_pb_column][\/et_pb_row][et_pb_row column_structure=&#8220;3_4,1_4&#8243; _builder_version=&#8220;4.16&#8243; _module_preset=&#8220;default&#8220; global_colors_info=&#8220;{}&#8220; theme_builder_area=&#8220;post_content&#8220;][et_pb_column type=&#8220;3_4&#8243; _builder_version=&#8220;4.16&#8243; _module_preset=&#8220;default&#8220; global_colors_info=&#8220;{}&#8220; theme_builder_area=&#8220;post_content&#8220;][et_pb_text _builder_version=&#8220;4.16.0&#8243; _module_preset=&#8220;default&#8220; header_3_line_height=&#8220;1.7em&#8220; global_colors_info=&#8220;{}&#8220; theme_builder_area=&#8220;post_content&#8220;]<\/p>\n<h3>Moodle ist das zentrale Lernmanagementsystem der HWR Berlin und bietet zahlreiche webbasierte Funktionen f\u00fcr digitales Lehren, Lernen und Pr\u00fcfen. In digitalen Kursr\u00e4umen k\u00f6nnen Lehrende den Studierenden didaktisch aufbereitete Lernm\u00f6glichkeiten zur Verf\u00fcgung stellen und somit zeit- und ortsunabh\u00e4ngiges Lernen erm\u00f6glichen. Auf dieser Seite stellen wir Ihnen diese verschiedenen Funktionen vor.<\/h3>\n<p>[\/et_pb_text][\/et_pb_column][et_pb_column type=&#8220;1_4&#8243; _builder_version=&#8220;4.16&#8243; _module_preset=&#8220;default&#8220; global_colors_info=&#8220;{}&#8220; theme_builder_area=&#8220;post_content&#8220;][et_pb_cta title=&#8220;Moodle&#8220; button_text=&#8220;Klicks&#8220; _builder_version=&#8220;4.16.0&#8243; _module_preset=&#8220;9a1f7334-d83d-44ce-97b5-acdc9af63e86&#8243; custom_padding=&#8220;0px|25px|0px|25px|true|false&#8220; link_option_url=&#8220;https:\/\/moodle.hwr-berlin.de&#8220; link_option_url_new_window=&#8220;on&#8220; global_colors_info=&#8220;{}&#8220; header_letter_spacing__hover_enabled=&#8220;off|desktop&#8220; theme_builder_area=&#8220;post_content&#8220;]<\/p>\n<p><span class=\"et-pb-icon\" style=\"font-size: 35px;\">$<\/span><\/p>\n<p>[\/et_pb_cta][\/et_pb_column][\/et_pb_row][\/et_pb_section][et_pb_section fb_built=&#8220;1&#8243; _builder_version=&#8220;4.16.0&#8243; _module_preset=&#8220;default&#8220; global_colors_info=&#8220;{}&#8220; theme_builder_area=&#8220;post_content&#8220;][et_pb_row column_structure=&#8220;1_4,1_4,1_4,1_4&#8243; _builder_version=&#8220;4.16.0&#8243; _module_preset=&#8220;default&#8220; global_colors_info=&#8220;{}&#8220; theme_builder_area=&#8220;post_content&#8220;][et_pb_column type=&#8220;1_4&#8243; _builder_version=&#8220;4.16.0&#8243; _module_preset=&#8220;default&#8220; global_colors_info=&#8220;{}&#8220; theme_builder_area=&#8220;post_content&#8220;][et_pb_blurb title=&#8220;Kommunikation&#8220; use_icon=&#8220;on&#8220; font_icon=&#8220;&#xf075;||fa||900&#8243; _builder_version=&#8220;4.16.0&#8243; _module_preset=&#8220;default&#8220; global_colors_info=&#8220;{}&#8220; theme_builder_area=&#8220;post_content&#8220;]<\/p>\n<p>Moodle bietet Studierenden und Lehrenden kursbasiert verschiedene M\u00f6glichkeiten der Kommunikation.<\/p>\n<p>&nbsp;<\/p>\n<ul>\n<li><a href=\"https:\/\/blog.hwr-berlin.de\/elerner\/moodle-quickeasy-kommunikation\/\">Kommunikation<\/a><\/li>\n<li><a href=\"https:\/\/blog.hwr-berlin.de\/elerner\/moodle-quick-easy-wie-studierende-nachrichten-ueber-moodle-verschicken-koennen\/\">Studierende verschicken Nachrichten via Moodle<\/a><\/li>\n<li><a href=\"https:\/\/blog.hwr-berlin.de\/elerner\/moodle-quickeasy-forennachrichten-an-getrennte-gruppen-verschicken\/\">Forennachrichten an getrennte Gruppen schicken<\/a><\/li>\n<\/ul>\n<p>[\/et_pb_blurb][\/et_pb_column][et_pb_column type=&#8220;1_4&#8243; _builder_version=&#8220;4.16.0&#8243; _module_preset=&#8220;default&#8220; global_colors_info=&#8220;{}&#8220; theme_builder_area=&#8220;post_content&#8220;][et_pb_blurb title=&#8220;Kollaboration&#8220; use_icon=&#8220;on&#8220; font_icon=&#8220;&#xe068;||fa||900&#8243; _builder_version=&#8220;4.16.0&#8243; _module_preset=&#8220;default&#8220; global_colors_info=&#8220;{}&#8220; theme_builder_area=&#8220;post_content&#8220;]<\/p>\n<p>M\u00f6glichkeiten f\u00fcr Studierende, im Kurs zeit- und ortsunabh\u00e4ngig zusammen zu arbeiten.<\/p>\n<p>&nbsp;<\/p>\n<ul>\n<li><a href=\"https:\/\/blog.hwr-berlin.de\/elerner\/peer-review-die-gegenseitige-beurteilung-in-moodle\/\">die Gegenseitige Beurteilung in Moodle<\/a><\/li>\n<li><a href=\"https:\/\/blog.hwr-berlin.de\/elerner\/pinnwaende-in-moodle\/\">Pinnw\u00e4nde in Moodle<\/a><\/li>\n<li><a href=\"https:\/\/blog.hwr-berlin.de\/elerner\/wiki\/\">Das Wiki<\/a><\/li>\n<\/ul>\n<p>[\/et_pb_blurb][\/et_pb_column][et_pb_column type=&#8220;1_4&#8243; _builder_version=&#8220;4.16.0&#8243; _module_preset=&#8220;default&#8220; global_colors_info=&#8220;{}&#8220; theme_builder_area=&#8220;post_content&#8220;][et_pb_blurb title=&#8220;Kursgestaltung&#8220; use_icon=&#8220;on&#8220; font_icon=&#8220;&#xf1fc;||fa||900&#8243; _builder_version=&#8220;4.16.0&#8243; _module_preset=&#8220;default&#8220; global_colors_info=&#8220;{}&#8220; theme_builder_area=&#8220;post_content&#8220;]<\/p>\n<p>Erfahren Sie, wie Sie Ihren Kurs individuell f\u00fcr Ihre Studierenden gestalten k\u00f6nnen.<\/p>\n<p>&nbsp;<\/p>\n<ul>\n<li><a href=\"https:\/\/blog.hwr-berlin.de\/elerner\/moodle-quick-easy-kursformat-aendern\/\">Das Kursformat \u00e4ndern<\/a><\/li>\n<li><a href=\"https:\/\/blog.hwr-berlin.de\/elerner\/neue-kursformate-in-moodle-das-ein-themen-und-das-grid-format\/\">Das Grid- und Themenformat<\/a><\/li>\n<li><a href=\"https:\/\/blog.hwr-berlin.de\/elerner\/moodle-quickeasy-abschlussverfolgung-als-lesezeichen-und-lernpfad-nutzen\/\">Abschlussverfolgung als Lernpfad\u00a0<\/a><\/li>\n<li><a href=\"https:\/\/blog.hwr-berlin.de\/elerner\/anregungen-zur-kursgestaltung-in-moodle-c4l\/\" target=\"_blank\" rel=\"noopener\">c4l Lernbausteine verwenden<\/a><\/li>\n<li><a href=\"https:\/\/blog.hwr-berlin.de\/elerner\/gamification-durch-level-up-xp\/\">Gamification durch Level Up XP<\/a><\/li>\n<\/ul>\n<p>[\/et_pb_blurb][\/et_pb_column][et_pb_column type=&#8220;1_4&#8243; _builder_version=&#8220;4.16.0&#8243; _module_preset=&#8220;default&#8220; global_colors_info=&#8220;{}&#8220; theme_builder_area=&#8220;post_content&#8220;][et_pb_blurb title=&#8220;Verwaltung der Teilnehmenden&#8220; use_icon=&#8220;on&#8220; font_icon=&#8220;&#xe0a1;||divi||400&#8243; _builder_version=&#8220;4.16.0&#8243; _module_preset=&#8220;default&#8220; global_colors_info=&#8220;{}&#8220; theme_builder_area=&#8220;post_content&#8220;]<\/p>\n<p>Im Kurs k\u00f6nnen Gruppen erstellt und Aktivit\u00e4ten via Gruppenzugeh\u00f6rigkeit organisiert werden.<\/p>\n<p>&nbsp;<\/p>\n<ul>\n<li><a href=\"https:\/\/blog.hwr-berlin.de\/elerner\/moodle-quickeasy-gruppenverwaltung\/\">Gruppenverwaltung<\/a><\/li>\n<li><a href=\"https:\/\/blog.hwr-berlin.de\/elerner\/moodle-quickeasy-gruppenverwaltung-2-0\/\">Gruppenverwaltung 2.0\u00a0<\/a><\/li>\n<li><a href=\"https:\/\/blog.hwr-berlin.de\/elerner\/moodle-quickeasy-weitere-teilnehmende-in-den-kurs-eintragen\/\">Weitere Teilnehmende in Kurse eintragen<\/a><\/li>\n<li><a href=\"https:\/\/blog.hwr-berlin.de\/elerner\/moodle-quick-easy-studierende-nachtraeglich-in-kurse-eintragen\/\">Studierende nachtr\u00e4glich in den Kurs eintragen<\/a><\/li>\n<li><a href=\"https:\/\/blog.hwr-berlin.de\/elerner\/moodle-quickeasy-kurse-zusammenlegen\/\">Kurse zusammenlegen<\/a><\/li>\n<\/ul>\n<p>[\/et_pb_blurb][\/et_pb_column][\/et_pb_row][et_pb_row column_structure=&#8220;1_4,1_4,1_4,1_4&#8243; _builder_version=&#8220;4.16.0&#8243; _module_preset=&#8220;default&#8220; global_colors_info=&#8220;{}&#8220; theme_builder_area=&#8220;post_content&#8220;][et_pb_column type=&#8220;1_4&#8243; _builder_version=&#8220;4.16.0&#8243; _module_preset=&#8220;default&#8220; global_colors_info=&#8220;{}&#8220; theme_builder_area=&#8220;post_content&#8220;][et_pb_blurb title=&#8220;Inhalt&#8220; use_icon=&#8220;on&#8220; font_icon=&#8220;&#xf02d;||fa||900&#8243; _builder_version=&#8220;4.16.0&#8243; _module_preset=&#8220;default&#8220; hover_enabled=&#8220;0&#8243; global_colors_info=&#8220;{}&#8220; theme_builder_area=&#8220;post_content&#8220; sticky_enabled=&#8220;0&#8243;]<\/p>\n<p>Im Moodle stehen Ihnen kursbasiert eine breite Palette an Aktivit\u00e4ten und Materialien zur Verf\u00fcgung, um Ihre Kurse mit Inhalten zu f\u00fcllen.<\/p>\n<ul>\n<li><a href=\"https:\/\/blog.hwr-berlin.de\/elerner\/moodle-quick-easy-pdf-dateien-erzeugen-und-mit-pdf24-bearbeiten\/\">PDF-Dateien erzeugen und bearbeiten<\/a><\/li>\n<li><a href=\"https:\/\/blog.hwr-berlin.de\/elerner\/moodle-quickeasy-einbettung-von-h5p-elementen\/\">Einbettung von H5P-Elementen<\/a><\/li>\n<li><a href=\"https:\/\/blog.hwr-berlin.de\/elerner\/interaktive-moodleinhalte-mit-h5p-erstellen\/\">Interaktive Moodleinhalte mit H5P erstellen<\/a><\/li>\n<li><a href=\"https:\/\/blog.hwr-berlin.de\/elerner\/moodle-quickeasy-kurze-videos-und-audios-in-moodle-aufnehmen\/\">Kurze Videos\/ Audios in Moodle aufnehmen<\/a><\/li>\n<li><a href=\"https:\/\/blog.hwr-berlin.de\/elerner\/moodle-quickeasy-wie-studierende-im-kurs-dateien-hochladen-koennen\/\">Wie Studierende im Kurs Dateien hochladen k\u00f6nnen<\/a><\/li>\n<li><a href=\"https:\/\/blog.hwr-berlin.de\/elerner\/moodle-quickeasy-texte-und-links\/\">Texte und Links<\/a><\/li>\n<li><a href=\"https:\/\/blog.hwr-berlin.de\/elerner\/kursinhalte-in-einen-anderen-moodlekurs-importieren\/\">Kursinhalte in einen anderen Kurs importieren<\/a><\/li>\n<li><span style=\"color: #339966;\"><strong>Neu:<\/strong><\/span> <a href=\"https:\/\/blog.hwr-berlin.de\/elerner\/sharing-cart-zwischenspeicher-fuer-kursinhalte\/\" target=\"_blank\" rel=\"noopener\" title=\"Sharing Cart\">Sharing Cart<\/a> (Kursinhalte einfacher zwischen verschiedenen Kursen verwalten)<\/li>\n<\/ul>\n<p>[\/et_pb_blurb][\/et_pb_column][et_pb_column type=&#8220;1_4&#8243; _builder_version=&#8220;4.16.0&#8243; _module_preset=&#8220;default&#8220; global_colors_info=&#8220;{}&#8220; theme_builder_area=&#8220;post_content&#8220;][et_pb_blurb title=&#8220;Pr\u00fcfen und Reflektion&#8220; use_icon=&#8220;on&#8220; font_icon=&#8220;&#xf14a;||fa||400&#8243; _builder_version=&#8220;4.16.0&#8243; _module_preset=&#8220;default&#8220; global_colors_info=&#8220;{}&#8220; theme_builder_area=&#8220;post_content&#8220;]<\/p>\n<p>Wie kann Wissen im Kurs wiederholt und \u00fcberpr\u00fcft werden?<\/p>\n<p>&nbsp;<\/p>\n<ul>\n<li><a href=\"https:\/\/blog.hwr-berlin.de\/elerner\/digitale_pruefungen\/eklausur-aufgabe\/\">E-Klausur (Aufgabe)<\/a><\/li>\n<li><a href=\"https:\/\/blog.hwr-berlin.de\/elerner\/digitale_pruefungen\/e-klausur-test\/\">E-Klausur (Test)<\/a><\/li>\n<li><a href=\"https:\/\/blog.hwr-berlin.de\/elerner\/moodle-quickeasy-nachteilsausgleich-fuer-klausuren-hinterlegen\/\">Nachteilsausgleich f\u00fcr Klausuren hinterlegen<\/a><\/li>\n<li><a href=\"https:\/\/blog.hwr-berlin.de\/elerner\/moodle-quickeasy-abschlussverfolgung-bei-e-pruefungen\/\">Abschlussverfolgung bei E-Pr\u00fcfungen<\/a><\/li>\n<li><a href=\"https:\/\/blog.hwr-berlin.de\/elerner\/eklausuren_test_mitbewertung_sichern\/\">Test mit Bewertung sichern<\/a><\/li>\n<li><a href=\"https:\/\/blog.hwr-berlin.de\/elerner\/fragennavigation-in-e-klausuren\/\">Fragennavigation in E-Klausuren<\/a><\/li>\n<li><a href=\"https:\/\/blog.hwr-berlin.de\/elerner\/neu-in-moodle-student-quiz\/\">Das Student Quiz<\/a><\/li>\n<\/ul>\n<p>[\/et_pb_blurb][\/et_pb_column][et_pb_column type=&#8220;1_4&#8243; _builder_version=&#8220;4.16.0&#8243; _module_preset=&#8220;default&#8220; global_colors_info=&#8220;{}&#8220; theme_builder_area=&#8220;post_content&#8220;][et_pb_blurb title=&#8220;Hilfreiche Funktionen&#8220; use_icon=&#8220;on&#8220; font_icon=&#8220;&#xe007;||divi||400&#8243; _builder_version=&#8220;4.16.0&#8243; _module_preset=&#8220;default&#8220; global_colors_info=&#8220;{}&#8220; theme_builder_area=&#8220;post_content&#8220;]<\/p>\n<p>Um Ihnen die Arbeit mit Moodle zu erleichtern, haben wie einige Funktionen zusammengestellt.<\/p>\n<ul>\n<li><a href=\"https:\/\/blog.hwr-berlin.de\/elerner\/moodle-quickeasy-kurse-zusammenlegen\/\">Kurse zusammenlegen<\/a><\/li>\n<li><a href=\"https:\/\/blog.hwr-berlin.de\/elerner\/moodle-quick-easy-rollenwechsel-den-kurs-mit-anderen-augen-sehen\/\">Rollenwechsel<\/a><\/li>\n<li><a href=\"https:\/\/blog.hwr-berlin.de\/elerner\/kursinhalte-in-einen-anderen-moodlekurs-importieren\/\" target=\"_blank\" rel=\"noopener\">Kursimport<\/a><\/li>\n<li><a href=\"https:\/\/blog.hwr-berlin.de\/elerner\/moodle-quickeasy-abstimmen\/\">Abstimmungen, Planer, Feedback<\/a><\/li>\n<li><a href=\"https:\/\/blog.hwr-berlin.de\/elerner\/moodle-quickeasy-planer-zur-terminabstimmung\/\">Der Planer zur Terminabstimmung<\/a><\/li>\n<\/ul>\n<p>&nbsp;<\/p>\n<p>[\/et_pb_blurb][\/et_pb_column][et_pb_column type=&#8220;1_4&#8243; _builder_version=&#8220;4.16.0&#8243; _module_preset=&#8220;default&#8220; global_colors_info=&#8220;{}&#8220; theme_builder_area=&#8220;post_content&#8220;][\/et_pb_column][\/et_pb_row][\/et_pb_section][et_pb_section fb_built=&#8220;1&#8243; prev_background_color=&#8220;#ffffff&#8220; next_background_color=&#8220;#ffffff&#8220; _builder_version=&#8220;4.16&#8243; _module_preset=&#8220;default&#8220; background_color=&#8220;#F0F0F1&#8243; custom_padding=&#8220;100px||100px||true|false&#8220; top_divider_style=&#8220;mountains2&#8243; bottom_divider_style=&#8220;mountains2&#8243; global_colors_info=&#8220;{}&#8220; theme_builder_area=&#8220;post_content&#8220;][et_pb_row _builder_version=&#8220;4.16&#8243; _module_preset=&#8220;default&#8220; global_colors_info=&#8220;{}&#8220; theme_builder_area=&#8220;post_content&#8220;][et_pb_column type=&#8220;4_4&#8243; _builder_version=&#8220;4.16&#8243; _module_preset=&#8220;default&#8220; global_colors_info=&#8220;{}&#8220; theme_builder_area=&#8220;post_content&#8220;][et_pb_gallery gallery_ids=&#8220;24093,24094,24095,24096&#8243; show_pagination=&#8220;off&#8220; hover_icon=&#8220;&#x54;||divi||400&#8243; _builder_version=&#8220;4.16&#8243; _module_preset=&#8220;default&#8220; global_colors_info=&#8220;{}&#8220; theme_builder_area=&#8220;post_content&#8220;][\/et_pb_gallery][\/et_pb_column][\/et_pb_row][\/et_pb_section][et_pb_section fb_built=&#8220;1&#8243; _builder_version=&#8220;4.16&#8243; _module_preset=&#8220;default&#8220; global_colors_info=&#8220;{}&#8220; theme_builder_area=&#8220;post_content&#8220;][et_pb_row column_structure=&#8220;2_3,1_3&#8243; _builder_version=&#8220;4.16&#8243; _module_preset=&#8220;default&#8220; global_colors_info=&#8220;{}&#8220; theme_builder_area=&#8220;post_content&#8220;][et_pb_column type=&#8220;2_3&#8243; _builder_version=&#8220;4.16&#8243; _module_preset=&#8220;default&#8220; global_colors_info=&#8220;{}&#8220; theme_builder_area=&#8220;post_content&#8220;][et_pb_blurb use_icon=&#8220;on&#8220; font_icon=&#8220;&#x70;||divi||400&#8243; icon_placement=&#8220;left&#8220; content_max_width=&#8220;1024px&#8220; _builder_version=&#8220;4.16.0&#8243; _module_preset=&#8220;default&#8220; body_font_size=&#8220;22px&#8220; body_line_height=&#8220;1.71em&#8220; background_color=&#8220;#F0F0F1&#8243; custom_padding=&#8220;20px|20px|20px|20px|true|true&#8220; global_colors_info=&#8220;{}&#8220; theme_builder_area=&#8220;post_content&#8220;]<\/p>\n<p><a href=\"https:\/\/blog.hwr-berlin.de\/elerner\/ueber-uns\/\" target=\"_blank\" rel=\"noopener noreferrer\">Unser\u00a0Team<\/a><span> unterst\u00fctzt Sie bei der Nutzung der Lernplattform Moodle. Wenn Sie Unterst\u00fctzung w\u00fcnschen, Fragen oder Anregungen haben, wenden Sie sich bitte an uns oder besuchen unsere <a href=\"https:\/\/blog.hwr-berlin.de\/elerner\/sprechzeiten\/\">Online-Sprechstunden<\/a>.<\/span><\/p>\n<p>[\/et_pb_blurb][\/et_pb_column][et_pb_column type=&#8220;1_3&#8243; _builder_version=&#8220;4.16&#8243; _module_preset=&#8220;default&#8220; global_colors_info=&#8220;{}&#8220; theme_builder_area=&#8220;post_content&#8220;][et_pb_blurb title=&#8220;Beispiele &#038; Anleitungen&#8220; _builder_version=&#8220;4.16.0&#8243; _module_preset=&#8220;default&#8220; global_colors_info=&#8220;{}&#8220; theme_builder_area=&#8220;post_content&#8220;]<\/p>\n<ul>\n<li><a href=\"https:\/\/moodle.hwr-berlin.de\/course\/view.php?id=30\" target=\"_blank\" rel=\"noopener\">Was Moodle alles kann (Demo Kurs)<\/a><\/li>\n<li><a href=\"https:\/\/moodle.hwr-berlin.de\/course\/view.php?id=32112\" target=\"_blank\" rel=\"noopener\">Wie setze ich Blended Learning um? (Good Practices)<\/a><\/li>\n<li><a href=\"https:\/\/docs.moodle.org\/401\/de\/Kurzanleitung_f%C3%BCr_Trainer\/innen\" target=\"_blank\" rel=\"noopener\">offizielle Moodle-Dokumentation (Moodledocs)<\/a><\/li>\n<\/ul>\n<p>[\/et_pb_blurb][\/et_pb_column][\/et_pb_row][\/et_pb_section][et_pb_section fb_built=&#8220;1&#8243; prev_background_color=&#8220;#ffffff&#8220; next_background_color=&#8220;#ffffff&#8220; _builder_version=&#8220;4.16&#8243; _module_preset=&#8220;default&#8220; background_color=&#8220;#F0F0F1&#8243; custom_padding=&#8220;100px||100px||true|false&#8220; top_divider_style=&#8220;mountains2&#8243; bottom_divider_style=&#8220;mountains2&#8243; global_colors_info=&#8220;{}&#8220; theme_builder_area=&#8220;post_content&#8220;][et_pb_row _builder_version=&#8220;4.16&#8243; _module_preset=&#8220;default&#8220; global_colors_info=&#8220;{}&#8220; theme_builder_area=&#8220;post_content&#8220;][et_pb_column type=&#8220;4_4&#8243; _builder_version=&#8220;4.16&#8243; _module_preset=&#8220;default&#8220; global_colors_info=&#8220;{}&#8220; theme_builder_area=&#8220;post_content&#8220;][et_pb_text _builder_version=&#8220;4.16&#8243; _module_preset=&#8220;default&#8220; custom_margin=&#8220;||50px||false|false&#8220; global_colors_info=&#8220;{}&#8220; theme_builder_area=&#8220;post_content&#8220;]<\/p>\n<h1>Moodle &#8211; Beitr\u00e4ge und Tutorials<\/h1>\n<p>[\/et_pb_text][et_pb_blog posts_number=&#8220;20&#8243; include_categories=&#8220;413&#8243; excerpt_length=&#8220;300&#8243; show_more=&#8220;on&#8220; show_author=&#8220;off&#8220; show_date=&#8220;off&#8220; show_categories=&#8220;off&#8220; module_class=&#8220;elz-suche&#8220; _builder_version=&#8220;4.16.0&#8243; _module_preset=&#8220;default&#8220; meta_font=&#8220;|700|||||||&#8220; read_more_font=&#8220;||||||||&#8220; global_colors_info=&#8220;{}&#8220; theme_builder_area=&#8220;post_content&#8220;][\/et_pb_blog][\/et_pb_column][\/et_pb_row][\/et_pb_section]<\/p>\n","protected":false},"excerpt":{"rendered":"<p>MoodleMoodle ist das zentrale Lernmanagementsystem der HWR Berlin und bietet zahlreiche webbasierte Funktionen f\u00fcr digitales Lehren, Lernen und Pr\u00fcfen. In digitalen Kursr\u00e4umen k\u00f6nnen Lehrende den Studierenden didaktisch aufbereitete Lernm\u00f6glichkeiten zur Verf\u00fcgung stellen und somit zeit- und ortsunabh\u00e4ngiges Lernen erm\u00f6glichen. Auf dieser Seite stellen wir Ihnen diese verschiedenen Funktionen vor.$Moodle bietet Studierenden und Lehrenden kursbasiert verschiedene [&hellip;]<\/p>\n","protected":false},"author":155,"featured_media":0,"parent":0,"menu_order":0,"comment_status":"closed","ping_status":"closed","template":"","meta":{"_et_pb_use_builder":"on","_et_pb_old_content":"","_et_gb_content_width":"","inline_featured_image":false,"footnotes":""},"class_list":["post-31310","page","type-page","status-publish","hentry"],"_links":{"self":[{"href":"https:\/\/blog.hwr-berlin.de\/elerner\/wp-json\/wp\/v2\/pages\/31310","targetHints":{"allow":["GET"]}}],"collection":[{"href":"https:\/\/blog.hwr-berlin.de\/elerner\/wp-json\/wp\/v2\/pages"}],"about":[{"href":"https:\/\/blog.hwr-berlin.de\/elerner\/wp-json\/wp\/v2\/types\/page"}],"author":[{"embeddable":true,"href":"https:\/\/blog.hwr-berlin.de\/elerner\/wp-json\/wp\/v2\/users\/155"}],"replies":[{"embeddable":true,"href":"https:\/\/blog.hwr-berlin.de\/elerner\/wp-json\/wp\/v2\/comments?post=31310"}],"version-history":[{"count":56,"href":"https:\/\/blog.hwr-berlin.de\/elerner\/wp-json\/wp\/v2\/pages\/31310\/revisions"}],"predecessor-version":[{"id":44544,"href":"https:\/\/blog.hwr-berlin.de\/elerner\/wp-json\/wp\/v2\/pages\/31310\/revisions\/44544"}],"wp:attachment":[{"href":"https:\/\/blog.hwr-berlin.de\/elerner\/wp-json\/wp\/v2\/media?parent=31310"}],"curies":[{"name":"wp","href":"https:\/\/api.w.org\/{rel}","templated":true}]}}