

{"id":31460,"date":"2021-11-02T09:40:26","date_gmt":"2021-11-02T08:40:26","guid":{"rendered":"https:\/\/blog.hwr-berlin.de\/elerner\/?page_id=31460"},"modified":"2026-03-09T08:59:19","modified_gmt":"2026-03-09T07:59:19","slug":"sprechzeiten","status":"publish","type":"page","link":"https:\/\/blog.hwr-berlin.de\/elerner\/sprechzeiten\/","title":{"rendered":"Sprechzeiten"},"content":{"rendered":"<p>[et_pb_section fb_built=&#8220;1&#8243; _builder_version=&#8220;4.16&#8243; _module_preset=&#8220;default&#8220; global_colors_info=&#8220;{}&#8220; theme_builder_area=&#8220;post_content&#8220;][et_pb_row column_structure=&#8220;3_4,1_4&#8243; _builder_version=&#8220;4.16&#8243; _module_preset=&#8220;default&#8220; global_colors_info=&#8220;{}&#8220; theme_builder_area=&#8220;post_content&#8220;][et_pb_column type=&#8220;3_4&#8243; _builder_version=&#8220;4.16&#8243; _module_preset=&#8220;default&#8220; global_colors_info=&#8220;{}&#8220; theme_builder_area=&#8220;post_content&#8220;][et_pb_text _builder_version=&#8220;4.16&#8243; _module_preset=&#8220;default&#8220; header_3_text_color=&#8220;#000000&#8243; header_3_line_height=&#8220;1.7em&#8220; global_colors_info=&#8220;{}&#8220; theme_builder_area=&#8220;post_content&#8220;]<\/p>\n<h1>Sprechzeiten<\/h1>\n<h3><span>Kommen Sie mit Ihren konkreten Fragen und Ideen gerne in unsere Sprechstunden, die wir aktuell ausschlie\u00dflich online anbieten. Zus\u00e4tzlich zu unseren bekannten Kontaktm\u00f6glichkeiten bieten wir\u00a0 &#8222;Online-Sprechstunden&#8220; f\u00fcr alle an, die ganz konkrete Anliegen zur Gestaltung der Online-Lehre mit uns besprechen m\u00f6chten.<\/span><span><\/span><\/h3>\n<p>[\/et_pb_text][\/et_pb_column][et_pb_column type=&#8220;1_4&#8243; _builder_version=&#8220;4.16&#8243; _module_preset=&#8220;default&#8220; global_colors_info=&#8220;{}&#8220; theme_builder_area=&#8220;post_content&#8220;][et_pb_blurb use_icon=&#8220;on&#8220; font_icon=&#8220;&#x77;||divi||400&#8243; image_icon_width=&#8220;200px&#8220; _builder_version=&#8220;4.16&#8243; _module_preset=&#8220;default&#8220; icon_font_size=&#8220;200px&#8220; global_colors_info=&#8220;{}&#8220; theme_builder_area=&#8220;post_content&#8220;][\/et_pb_blurb][\/et_pb_column][\/et_pb_row][et_pb_row _builder_version=&#8220;4.16.0&#8243; _module_preset=&#8220;default&#8220; global_colors_info=&#8220;{}&#8220; theme_builder_area=&#8220;post_content&#8220;][et_pb_column type=&#8220;4_4&#8243; _builder_version=&#8220;4.16&#8243; _module_preset=&#8220;default&#8220; global_colors_info=&#8220;{}&#8220; theme_builder_area=&#8220;post_content&#8220;][et_pb_text _builder_version=&#8220;4.16.0&#8243; _module_preset=&#8220;default&#8220; header_font=&#8220;|300|||||||&#8220; header_text_color=&#8220;#D50C2F&#8220; header_2_font=&#8220;|300|||||||&#8220; header_2_text_color=&#8220;#D50C2F&#8220; custom_margin=&#8220;||50px||false|false&#8220; custom_padding=&#8220;0px|||||&#8220; hover_enabled=&#8220;0&#8243; global_colors_info=&#8220;{}&#8220; theme_builder_area=&#8220;post_content&#8220; sticky_enabled=&#8220;0&#8243;]<\/p>\n<h2>Allgemeine Online-Sprechstunde<\/h2>\n<h5>f\u00fcr Studierende, Lehrende und Mitarbeitende<\/h5>\n<h3><\/h3>\n<table style=\"width: 100%; border-collapse: collapse; border-color: #ffffff; border-style: solid;\" border=\"2\">\n<tbody>\n<tr style=\"background-color: #c4c5c7;\">\n<td style=\"width: 16.6667%; text-align: center;\"><span style=\"color: #ffffff;\">Mo<\/span><\/td>\n<td style=\"width: 16.6667%; text-align: center;\"><span style=\"color: #ffffff;\">Di<\/span><\/td>\n<td style=\"width: 16.6667%; text-align: center;\"><span style=\"color: #ffffff;\">Mi<\/span><\/td>\n<td style=\"width: 16.6667%; text-align: center;\"><span style=\"color: #ffffff;\">Do<\/span><\/td>\n<td style=\"width: 16.6667%; text-align: center;\"><span style=\"color: #ffffff;\">Fr<\/span><\/td>\n<td style=\"width: 16.6667%; text-align: center;\"><span style=\"color: #ffffff;\">Sa<\/span><\/td>\n<\/tr>\n<tr style=\"background-color: #f0f0f1;\">\n<td style=\"width: 16.6667%; text-align: center;\"><span style=\"color: #000000;\">09:00<\/span><br \/><span style=\"color: #000000;\">&#8211;<\/span><br \/><span style=\"color: #000000;\">09:30<\/span><\/td>\n<td style=\"width: 16.6667%; text-align: center;\"><span style=\"color: #000000;\">14:00<\/span><br \/><span style=\"color: #000000;\">&#8211;<\/span><br \/><span style=\"color: #000000;\">14:30<\/span><\/td>\n<td style=\"width: 16.6667%; text-align: center;\"><span style=\"color: #000000;\">09:00<\/span><br \/><span style=\"color: #000000;\">&#8211;<\/span><br \/><span style=\"color: #000000;\">09:30<\/span><\/td>\n<td style=\"width: 16.6667%; text-align: center;\">x<\/td>\n<td style=\"width: 16.6667%; text-align: center;\">x<\/td>\n<td style=\"width: 16.6667%; text-align: center;\">x<\/td>\n<\/tr>\n<\/tbody>\n<\/table>\n<p>[\/et_pb_text][\/et_pb_column][\/et_pb_row][et_pb_row column_structure=&#8220;1_4,1_4,1_4,1_4&#8243; _builder_version=&#8220;4.16&#8243; _module_preset=&#8220;default&#8220; global_colors_info=&#8220;{}&#8220; theme_builder_area=&#8220;post_content&#8220;][et_pb_column type=&#8220;1_4&#8243; _builder_version=&#8220;4.16&#8243; _module_preset=&#8220;default&#8220; global_colors_info=&#8220;{}&#8220; theme_builder_area=&#8220;post_content&#8220;][et_pb_blurb title=&#8220;Sprechstundenraum&#8220; use_icon=&#8220;on&#8220; font_icon=&#8220;&#xe027;||divi||400&#8243; image_icon_width=&#8220;50px&#8220; _builder_version=&#8220;4.16.0&#8243; _module_preset=&#8220;default&#8220; background_color=&#8220;#F0F0F1&#8243; text_orientation=&#8220;center&#8220; height=&#8220;170px&#8220; custom_padding=&#8220;20px||20px||true|false&#8220; link_option_url=&#8220;https:\/\/meet.hwr-berlin.de\/b\/fre-q02-cbk-wbc&#8220; icon_font_size=&#8220;50px&#8220; global_colors_info=&#8220;{}&#8220; theme_builder_area=&#8220;post_content&#8220;]<\/p>\n<p>Hier klicken<\/p>\n<p>[\/et_pb_blurb][\/et_pb_column][et_pb_column type=&#8220;1_4&#8243; _builder_version=&#8220;4.16&#8243; _module_preset=&#8220;default&#8220; global_colors_info=&#8220;{}&#8220; theme_builder_area=&#8220;post_content&#8220;][et_pb_blurb title=&#8220;elearning@hwr-berlin.de&#8220; use_icon=&#8220;on&#8220; font_icon=&#8220;&#xe010;||divi||400&#8243; image_icon_width=&#8220;50px&#8220; _builder_version=&#8220;4.16&#8243; _module_preset=&#8220;default&#8220; background_color=&#8220;#F0F0F1&#8243; text_orientation=&#8220;center&#8220; height=&#8220;170px&#8220; custom_padding=&#8220;20px||20px||true|false&#8220; icon_font_size=&#8220;50px&#8220; global_colors_info=&#8220;{}&#8220; theme_builder_area=&#8220;post_content&#8220;][\/et_pb_blurb][\/et_pb_column][et_pb_column type=&#8220;1_4&#8243; _builder_version=&#8220;4.16&#8243; _module_preset=&#8220;default&#8220; global_colors_info=&#8220;{}&#8220; theme_builder_area=&#8220;post_content&#8220;][\/et_pb_column][et_pb_column type=&#8220;1_4&#8243; _builder_version=&#8220;4.16&#8243; _module_preset=&#8220;default&#8220; global_colors_info=&#8220;{}&#8220; theme_builder_area=&#8220;post_content&#8220;][\/et_pb_column][\/et_pb_row][\/et_pb_section]<\/p>\n","protected":false},"excerpt":{"rendered":"<p>Sprechzeiten Kommen Sie mit Ihren konkreten Fragen und Ideen gerne in unsere Sprechstunden, die wir aktuell ausschlie\u00dflich online anbieten. Zus\u00e4tzlich zu unseren bekannten Kontaktm\u00f6glichkeiten bieten wir\u00a0 &#8222;Online-Sprechstunden&#8220; f\u00fcr alle an, die ganz konkrete Anliegen zur Gestaltung der Online-Lehre mit uns besprechen m\u00f6chten.Allgemeine Online-Sprechstunde f\u00fcr Studierende, Lehrende und Mitarbeitende Mo Di Mi Do Fr Sa 09:00-09:30 [&hellip;]<\/p>\n","protected":false},"author":155,"featured_media":0,"parent":0,"menu_order":0,"comment_status":"closed","ping_status":"closed","template":"","meta":{"_et_pb_use_builder":"on","_et_pb_old_content":"","_et_gb_content_width":"","inline_featured_image":false,"footnotes":""},"class_list":["post-31460","page","type-page","status-publish","hentry"],"_links":{"self":[{"href":"https:\/\/blog.hwr-berlin.de\/elerner\/wp-json\/wp\/v2\/pages\/31460","targetHints":{"allow":["GET"]}}],"collection":[{"href":"https:\/\/blog.hwr-berlin.de\/elerner\/wp-json\/wp\/v2\/pages"}],"about":[{"href":"https:\/\/blog.hwr-berlin.de\/elerner\/wp-json\/wp\/v2\/types\/page"}],"author":[{"embeddable":true,"href":"https:\/\/blog.hwr-berlin.de\/elerner\/wp-json\/wp\/v2\/users\/155"}],"replies":[{"embeddable":true,"href":"https:\/\/blog.hwr-berlin.de\/elerner\/wp-json\/wp\/v2\/comments?post=31460"}],"version-history":[{"count":64,"href":"https:\/\/blog.hwr-berlin.de\/elerner\/wp-json\/wp\/v2\/pages\/31460\/revisions"}],"predecessor-version":[{"id":44794,"href":"https:\/\/blog.hwr-berlin.de\/elerner\/wp-json\/wp\/v2\/pages\/31460\/revisions\/44794"}],"wp:attachment":[{"href":"https:\/\/blog.hwr-berlin.de\/elerner\/wp-json\/wp\/v2\/media?parent=31460"}],"curies":[{"name":"wp","href":"https:\/\/api.w.org\/{rel}","templated":true}]}}