

{"id":38018,"date":"2023-01-30T16:03:06","date_gmt":"2023-01-30T15:03:06","guid":{"rendered":"https:\/\/blog.hwr-berlin.de\/elerner\/?page_id=38018"},"modified":"2026-02-05T13:40:56","modified_gmt":"2026-02-05T12:40:56","slug":"padll","status":"publish","type":"page","link":"https:\/\/blog.hwr-berlin.de\/elerner\/padll\/","title":{"rendered":"PadLL"},"content":{"rendered":"<p>[et_pb_section fb_built=&#8220;1&#8243; admin_label=&#8220;section&#8220; _builder_version=&#8220;4.16.0&#8243; background_color=&#8220;#FFFFFF&#8220; top_divider_color=&#8220;#F0F0F1&#8243; bottom_divider_style=&#8220;mountains2&#8243; bottom_divider_color=&#8220;#F0F0F1&#8243; global_colors_info=&#8220;{}&#8220; theme_builder_area=&#8220;post_content&#8220;][et_pb_row column_structure=&#8220;1_2,1_2&#8243; admin_label=&#8220;row&#8220; _builder_version=&#8220;4.16.0&#8243; background_size=&#8220;initial&#8220; background_position=&#8220;top_left&#8220; background_repeat=&#8220;repeat&#8220; global_colors_info=&#8220;{}&#8220; theme_builder_area=&#8220;post_content&#8220;][et_pb_column type=&#8220;1_2&#8243; _builder_version=&#8220;4.16&#8243; custom_padding=&#8220;|||&#8220; global_colors_info=&#8220;{}&#8220; custom_padding__hover=&#8220;|||&#8220; theme_builder_area=&#8220;post_content&#8220;][et_pb_text _builder_version=&#8220;4.16.0&#8243; _module_preset=&#8220;default&#8220; header_4_text_color=&#8220;#8300E9&#8243; global_colors_info=&#8220;{}&#8220; theme_builder_area=&#8220;post_content&#8220;]<\/p>\n<h1>Plattform f\u00fcr angewandtes digitales Lehren und Lernen<\/h1>\n<p><span><\/span><\/p>\n<p><span>Das Projekt \u201ePlattform f\u00fcr angewandtes digitales Lehren und Lernen\u201c (PadLL) ist ein durch die Qualit\u00e4ts- und Innovationsoffensive des Landes Berlin gef\u00f6rdertes Kooperationsprojekt der Berliner Hochschulen. W\u00e4hrend der Projektlaufzeit vom <\/span><span>01.07.2022 bis 31.12.2024 (Verl\u00e4ngerung in 2025) waren <\/span><span>Berliner Hochschule f\u00fcr Technik (BHT), Alice Salomon Hochschule Berlin (ASH), Hochschule f\u00fcr Technik und Wirtschaft Berlin (HTW) und der Hochschule f\u00fcr Wirtschaft und Recht Berlin (HWR) beteiligt. <\/span><\/p>\n<p><span>Eine Projektverl\u00e4ngerung erm\u00f6glicht die Fortsetzung des Teilprojekts &#8222;Studienerfolg durch Wissenstransfer&#8220; im Jahr 2026. Gemeinsam mit der Berliner Hochschule f\u00fcr Technik (BHT) wird die E-Scout Qualifizierung weitergef\u00fchrt.<\/span><\/p>\n<p>[\/et_pb_text][\/et_pb_column][et_pb_column type=&#8220;1_2&#8243; _builder_version=&#8220;4.16&#8243; custom_padding=&#8220;|||&#8220; global_colors_info=&#8220;{}&#8220; custom_padding__hover=&#8220;|||&#8220; theme_builder_area=&#8220;post_content&#8220;][et_pb_image src=&#8220;https:\/\/blog.hwr-berlin.de\/elerner\/wp-content\/uploads_elerner\/2022\/09\/Kooperation-ASH-BHT-HTW-HWR-1.png&#8220; title_text=&#8220;Kooperation ASH BHT HTW HWR&#8220; _builder_version=&#8220;4.16.0&#8243; _module_preset=&#8220;default&#8220; global_colors_info=&#8220;{}&#8220; theme_builder_area=&#8220;post_content&#8220;][\/et_pb_image][\/et_pb_column][\/et_pb_row][\/et_pb_section][et_pb_section fb_built=&#8220;1&#8243; _builder_version=&#8220;4.16.0&#8243; _module_preset=&#8220;default&#8220; background_color=&#8220;#F0F0F1&#8243; top_divider_style=&#8220;mountains2&#8243; top_divider_color=&#8220;#F0F0F1&#8243; global_colors_info=&#8220;{}&#8220; theme_builder_area=&#8220;post_content&#8220;][et_pb_row _builder_version=&#8220;4.16.0&#8243; _module_preset=&#8220;default&#8220; global_colors_info=&#8220;{}&#8220; theme_builder_area=&#8220;post_content&#8220;][et_pb_column type=&#8220;4_4&#8243; _builder_version=&#8220;4.16.0&#8243; _module_preset=&#8220;default&#8220; global_colors_info=&#8220;{}&#8220; theme_builder_area=&#8220;post_content&#8220;][et_pb_text _builder_version=&#8220;4.16.0&#8243; _module_preset=&#8220;default&#8220; global_colors_info=&#8220;{}&#8220; theme_builder_area=&#8220;post_content&#8220;]<\/p>\n<h3>Projektlaufzeit 2022 bis 2025<\/h3>\n<p>[\/et_pb_text][\/et_pb_column][\/et_pb_row][et_pb_row column_structure=&#8220;1_3,1_3,1_3&#8243; _builder_version=&#8220;4.16.0&#8243; _module_preset=&#8220;default&#8220; global_colors_info=&#8220;{}&#8220; theme_builder_area=&#8220;post_content&#8220;][et_pb_column type=&#8220;1_3&#8243; _builder_version=&#8220;4.16.0&#8243; _module_preset=&#8220;default&#8220; global_colors_info=&#8220;{}&#8220; theme_builder_area=&#8220;post_content&#8220;][et_pb_text _builder_version=&#8220;4.16.0&#8243; _module_preset=&#8220;default&#8220; global_colors_info=&#8220;{}&#8220; theme_builder_area=&#8220;post_content&#8220;]<\/p>\n<div class=\"et_pb_module et_pb_text et_pb_text_0  et_pb_text_align_left et_pb_bg_layout_light\">\n<div class=\"et_pb_text_inner\">\n<p><span>Das Projekt gliedert sich in mehrere Teilprojekte: <\/span><span>Im Rahmen des <strong>Teilprojekts Studienerfolg durch Wissenstransfer<\/strong> werden Kooperationsprojekte zu einzelnen Themen der Digitalisierung der Lehre aufgesetzt. Dabei werden Beispiele guter Lehrpraxis in verschiedenen Bereichen, z. B. in der digitalen Barrierefreiheit oder im Bereich der digitalen Pr\u00fcfungen hochschul\u00fcbergreifend sichtbar gemacht und transferiert. Au\u00dferdem werden in Facharbeitskreisen konkrete technische und didaktische L\u00f6sungen mit entsprechenden Handreichungen entwickelt. Diese werden auf einer hochschul\u00fcbergreifenden Moodle Plattform bereitgestellt.<\/span><\/p>\n<\/div>\n<\/div>\n<p>[\/et_pb_text][\/et_pb_column][et_pb_column type=&#8220;1_3&#8243; _builder_version=&#8220;4.16.0&#8243; _module_preset=&#8220;default&#8220; global_colors_info=&#8220;{}&#8220; theme_builder_area=&#8220;post_content&#8220;][et_pb_text _builder_version=&#8220;4.16.0&#8243; _module_preset=&#8220;default&#8220; global_colors_info=&#8220;{}&#8220; theme_builder_area=&#8220;post_content&#8220;]<\/p>\n<div class=\"et_pb_module et_pb_text et_pb_text_0  et_pb_text_align_left et_pb_bg_layout_light\">\n<div class=\"et_pb_text_inner\">\n<p><span><\/span><span>Durch Ausbildung und Einsatz von <strong>studentischen E-Scouts<\/strong> sollen die Qualit\u00e4t der digitalen Lehre gesteigert und Lehrende bei der Umsetzung digitaler Lehr-Lern-Formate unterst\u00fctzt werden. In hochschul\u00fcbergreifender Kooperation werden unterschiedliche Weiterbildungsmodule im Bereich \u201eDigitale Lehre\u201c f\u00fcr studentische Besch\u00e4ftigte der beteiligten Hochschulen konzipiert, durchgef\u00fchrt und qualit\u00e4tsgesichert.<\/span><\/p>\n<\/div>\n<\/div>\n<div class=\"et_pb_module et_pb_text et_pb_text_1  et_pb_text_align_left et_pb_bg_layout_light\">\n<div class=\"et_pb_text_inner\">\n<ol><\/ol>\n<\/div>\n<\/div>\n<p>[\/et_pb_text][\/et_pb_column][et_pb_column type=&#8220;1_3&#8243; _builder_version=&#8220;4.16.0&#8243; _module_preset=&#8220;default&#8220; global_colors_info=&#8220;{}&#8220; theme_builder_area=&#8220;post_content&#8220;][et_pb_text _builder_version=&#8220;4.16.0&#8243; _module_preset=&#8220;default&#8220; global_colors_info=&#8220;{}&#8220; theme_builder_area=&#8220;post_content&#8220;]<\/p>\n<p><span>Im Rahmen des\u00a0<\/span><strong>Teilprojekts Studienerfolg durch Rechtssicherheit<\/strong><span> wird eine juristische Beratungs- und Servicestelle aufgebaut, die die beteiligten Hochschulen in konkreten Fragestellungen und F\u00e4llen ber\u00e4t. Sie informiert Lehrende au\u00dferdem proaktiv \u00fcber aktuelle Entscheidungen, Gutachten und ihre Folgen und setzt diese in den Kontext landesrechtlicher Regelungen. Ferner werden zentrale Schulungen zu juristischen Fragestellungen, z. B. Urheberrecht, Datenschutzrecht und Pr\u00fcfungsrecht angeboten. Ziel ist es, die digitale Lehre durch den Abbau von Rechtsunsicherheiten zu f\u00f6rdern.\u00a0<\/span><\/p>\n<p>[\/et_pb_text][\/et_pb_column][\/et_pb_row][et_pb_row _builder_version=&#8220;4.16.0&#8243; _module_preset=&#8220;default&#8220; global_colors_info=&#8220;{}&#8220; theme_builder_area=&#8220;post_content&#8220;][et_pb_column type=&#8220;4_4&#8243; _builder_version=&#8220;4.16.0&#8243; _module_preset=&#8220;default&#8220; global_colors_info=&#8220;{}&#8220; theme_builder_area=&#8220;post_content&#8220;][et_pb_text _builder_version=&#8220;4.16.0&#8243; _module_preset=&#8220;default&#8220; global_colors_info=&#8220;{}&#8220; theme_builder_area=&#8220;post_content&#8220;]<\/p>\n<h3>Projektlaufzeit 2026<\/h3>\n<p>[\/et_pb_text][\/et_pb_column][\/et_pb_row][et_pb_row column_structure=&#8220;3_5,2_5&#8243; _builder_version=&#8220;4.16.0&#8243; _module_preset=&#8220;default&#8220; global_colors_info=&#8220;{}&#8220; theme_builder_area=&#8220;post_content&#8220;][et_pb_column type=&#8220;3_5&#8243; _builder_version=&#8220;4.16.0&#8243; _module_preset=&#8220;default&#8220; global_colors_info=&#8220;{}&#8220; theme_builder_area=&#8220;post_content&#8220;][et_pb_text _builder_version=&#8220;4.16.0&#8243; _module_preset=&#8220;default&#8220; global_colors_info=&#8220;{}&#8220; theme_builder_area=&#8220;post_content&#8220;]<\/p>\n<div class=\"et_pb_module et_pb_text et_pb_text_0  et_pb_text_align_left et_pb_bg_layout_light\">\n<div class=\"et_pb_text_inner\">\n<p><span>Im Rahmen des <strong>Teilprojekts Studienerfolg durch Wissenstransfer: <\/strong><\/span><span>Durch Ausbildung und Einsatz von <strong>studentischen E-Scouts<\/strong> sollen die Qualit\u00e4t der digitalen Lehre gesteigert und Lehrende bei der Umsetzung digitaler Lehr-Lern-Formate unterst\u00fctzt werden. In Kooperation mit der BHT werden unterschiedliche Weiterbildungsmodule im Bereich \u201eDigitale Lehre\u201c f\u00fcr studentische Besch\u00e4ftigte der beteiligten Hochschulen konzipiert, durchgef\u00fchrt und qualit\u00e4tsgesichert. Die entwickelten Module werden in 2026 akualisiert und neu ausgerichtet. Ein Fokus liegt hierbei auf KI in Lehre und Pr\u00fcfungen.<\/span><\/p>\n<\/div>\n<\/div>\n<div class=\"et_pb_module et_pb_text et_pb_text_1  et_pb_text_align_left et_pb_bg_layout_light\">\n<div class=\"et_pb_text_inner\">\n<ol><\/ol>\n<\/div>\n<\/div>\n<p>[\/et_pb_text][\/et_pb_column][et_pb_column type=&#8220;2_5&#8243; _builder_version=&#8220;4.16.0&#8243; _module_preset=&#8220;default&#8220; global_colors_info=&#8220;{}&#8220; theme_builder_area=&#8220;post_content&#8220;][et_pb_cta title=&#8220;Zu den E-Scouts&#8220; button_text=&#8220;Klicks&#8220; _builder_version=&#8220;4.16.0&#8243; _dynamic_attributes=&#8220;link_option_url&#8220; _module_preset=&#8220;9a1f7334-d83d-44ce-97b5-acdc9af63e86&#8243; header_font_size=&#8220;16px&#8220; header_line_height=&#8220;1.7em&#8220; custom_padding=&#8220;20px|20px|0px|20px|false|false&#8220; link_option_url=&#8220;@ET-DC@eyJkeW5hbWljIjp0cnVlLCJjb250ZW50IjoicG9zdF9saW5rX3VybF9wYWdlIiwic2V0dGluZ3MiOnsicG9zdF9pZCI6IjQwMzIyIn19@&#8220; link_option_url_new_window=&#8220;on&#8220; global_colors_info=&#8220;{}&#8220; header_letter_spacing__hover_enabled=&#8220;off|desktop&#8220; theme_builder_area=&#8220;post_content&#8220;]<\/p>\n<p><span class=\"et-pb-icon\" style=\"font-size: 25px;\"><br \/>$<\/span><\/p>\n<p>[\/et_pb_cta][\/et_pb_column][\/et_pb_row][\/et_pb_section][et_pb_section fb_built=&#8220;1&#8243; _builder_version=&#8220;4.16.0&#8243; _module_preset=&#8220;default&#8220; global_colors_info=&#8220;{}&#8220; theme_builder_area=&#8220;post_content&#8220;][et_pb_row column_structure=&#8220;1_3,1_3,1_3&#8243; _builder_version=&#8220;4.16.0&#8243; _module_preset=&#8220;default&#8220; global_colors_info=&#8220;{}&#8220; theme_builder_area=&#8220;post_content&#8220;][et_pb_column type=&#8220;1_3&#8243; _builder_version=&#8220;4.16.0&#8243; _module_preset=&#8220;default&#8220; global_colors_info=&#8220;{}&#8220; theme_builder_area=&#8220;post_content&#8220;][et_pb_cta title=&#8220;Zu den Rechtsinformationen (abgeschlossen)&#8220; button_text=&#8220;Klicks&#8220; _builder_version=&#8220;4.16.0&#8243; _module_preset=&#8220;9a1f7334-d83d-44ce-97b5-acdc9af63e86&#8243; header_font_size=&#8220;16px&#8220; header_line_height=&#8220;1.7em&#8220; custom_padding=&#8220;20px|20px|0px|20px|false|false&#8220; link_option_url=&#8220;https:\/\/blog.hwr-berlin.de\/elerner\/rechtsinformationen\/&#8220; link_option_url_new_window=&#8220;on&#8220; hover_enabled=&#8220;0&#8243; global_colors_info=&#8220;{}&#8220; header_letter_spacing__hover_enabled=&#8220;off|desktop&#8220; theme_builder_area=&#8220;post_content&#8220; sticky_enabled=&#8220;0&#8243;]<\/p>\n<p><span class=\"et-pb-icon\" style=\"font-size: 25px;\"><br \/>$<\/span><\/p>\n<p>[\/et_pb_cta][\/et_pb_column][et_pb_column type=&#8220;1_3&#8243; _builder_version=&#8220;4.16.0&#8243; _module_preset=&#8220;default&#8220; global_colors_info=&#8220;{}&#8220; theme_builder_area=&#8220;post_content&#8220;][et_pb_cta title=&#8220;Zum Wissenstransfer&#8220; button_text=&#8220;Klicks&#8220; _builder_version=&#8220;4.16.0&#8243; _dynamic_attributes=&#8220;link_option_url&#8220; _module_preset=&#8220;9a1f7334-d83d-44ce-97b5-acdc9af63e86&#8243; header_font_size=&#8220;16px&#8220; header_line_height=&#8220;1.7em&#8220; custom_padding=&#8220;20px|20px|0px|20px|false|false&#8220; link_option_url=&#8220;@ET-DC@eyJkeW5hbWljIjp0cnVlLCJjb250ZW50IjoicG9zdF9saW5rX3VybF9wYWdlIiwic2V0dGluZ3MiOnsicG9zdF9pZCI6IjQxNDc1In19@&#8220; link_option_url_new_window=&#8220;on&#8220; global_colors_info=&#8220;{}&#8220; header_letter_spacing__hover_enabled=&#8220;off|desktop&#8220; theme_builder_area=&#8220;post_content&#8220;]<\/p>\n<p><span class=\"et-pb-icon\" style=\"font-size: 25px;\"><br \/>$<\/span><\/p>\n<p>[\/et_pb_cta][\/et_pb_column][et_pb_column type=&#8220;1_3&#8243; _builder_version=&#8220;4.16.0&#8243; _module_preset=&#8220;default&#8220; global_colors_info=&#8220;{}&#8220; theme_builder_area=&#8220;post_content&#8220;][\/et_pb_column][\/et_pb_row][\/et_pb_section]<\/p>\n","protected":false},"excerpt":{"rendered":"<p>Plattform f\u00fcr angewandtes digitales Lehren und Lernen Das Projekt \u201ePlattform f\u00fcr angewandtes digitales Lehren und Lernen\u201c (PadLL) ist ein durch die Qualit\u00e4ts- und Innovationsoffensive des Landes Berlin gef\u00f6rdertes Kooperationsprojekt der Berliner Hochschulen. W\u00e4hrend der Projektlaufzeit vom 01.07.2022 bis 31.12.2024 (Verl\u00e4ngerung in 2025) waren Berliner Hochschule f\u00fcr Technik (BHT), Alice Salomon Hochschule Berlin (ASH), Hochschule f\u00fcr [&hellip;]<\/p>\n","protected":false},"author":166,"featured_media":0,"parent":0,"menu_order":0,"comment_status":"closed","ping_status":"closed","template":"","meta":{"_et_pb_use_builder":"on","_et_pb_old_content":"","_et_gb_content_width":"","inline_featured_image":false,"footnotes":""},"class_list":["post-38018","page","type-page","status-publish","hentry"],"_links":{"self":[{"href":"https:\/\/blog.hwr-berlin.de\/elerner\/wp-json\/wp\/v2\/pages\/38018","targetHints":{"allow":["GET"]}}],"collection":[{"href":"https:\/\/blog.hwr-berlin.de\/elerner\/wp-json\/wp\/v2\/pages"}],"about":[{"href":"https:\/\/blog.hwr-berlin.de\/elerner\/wp-json\/wp\/v2\/types\/page"}],"author":[{"embeddable":true,"href":"https:\/\/blog.hwr-berlin.de\/elerner\/wp-json\/wp\/v2\/users\/166"}],"replies":[{"embeddable":true,"href":"https:\/\/blog.hwr-berlin.de\/elerner\/wp-json\/wp\/v2\/comments?post=38018"}],"version-history":[{"count":41,"href":"https:\/\/blog.hwr-berlin.de\/elerner\/wp-json\/wp\/v2\/pages\/38018\/revisions"}],"predecessor-version":[{"id":44703,"href":"https:\/\/blog.hwr-berlin.de\/elerner\/wp-json\/wp\/v2\/pages\/38018\/revisions\/44703"}],"wp:attachment":[{"href":"https:\/\/blog.hwr-berlin.de\/elerner\/wp-json\/wp\/v2\/media?parent=38018"}],"curies":[{"name":"wp","href":"https:\/\/api.w.org\/{rel}","templated":true}]}}