

{"id":38116,"date":"2023-01-30T16:10:52","date_gmt":"2023-01-30T15:10:52","guid":{"rendered":"https:\/\/blog.hwr-berlin.de\/elerner\/?page_id=38116"},"modified":"2025-12-18T09:50:11","modified_gmt":"2025-12-18T08:50:11","slug":"rechtsinformationen","status":"publish","type":"page","link":"https:\/\/blog.hwr-berlin.de\/elerner\/rechtsinformationen\/","title":{"rendered":"PadLL &#8211; Rechtsinformationen"},"content":{"rendered":"<p>[et_pb_section fb_built=&#8220;1&#8243; _builder_version=&#8220;4.16&#8243; _module_preset=&#8220;default&#8220; global_colors_info=&#8220;{}&#8220; theme_builder_area=&#8220;post_content&#8220;][et_pb_row _builder_version=&#8220;4.16&#8243; _module_preset=&#8220;default&#8220; global_colors_info=&#8220;{}&#8220; theme_builder_area=&#8220;post_content&#8220;][et_pb_column type=&#8220;4_4&#8243; _builder_version=&#8220;4.16&#8243; _module_preset=&#8220;default&#8220; global_colors_info=&#8220;{}&#8220; theme_builder_area=&#8220;post_content&#8220;][et_pb_post_title meta=&#8220;off&#8220; featured_image=&#8220;off&#8220; _builder_version=&#8220;4.16.0&#8243; _module_preset=&#8220;default&#8220; global_colors_info=&#8220;{}&#8220; theme_builder_area=&#8220;post_content&#8220;][\/et_pb_post_title][\/et_pb_column][\/et_pb_row][et_pb_row _builder_version=&#8220;4.16.0&#8243; _module_preset=&#8220;default&#8220; global_colors_info=&#8220;{}&#8220; theme_builder_area=&#8220;post_content&#8220;][et_pb_column type=&#8220;4_4&#8243; _builder_version=&#8220;4.16.0&#8243; _module_preset=&#8220;default&#8220; global_colors_info=&#8220;{}&#8220; theme_builder_area=&#8220;post_content&#8220;][et_pb_text _builder_version=&#8220;4.16.0&#8243; _module_preset=&#8220;default&#8220; width=&#8220;95.2%&#8220; custom_padding=&#8220;|0px||||&#8220; global_colors_info=&#8220;{}&#8220; theme_builder_area=&#8220;post_content&#8220;]<\/p>\n<p style=\"text-align: justify;\">Hier finden Sie als Lehrende oder Lehrender Informationen zum Thema Recht in der digitalen Lehre.<\/p>\n<p style=\"text-align: justify;\">Gerade bei der Erstellung und Zurverf\u00fcgungstellung von digitalen Inhalten spielt das Urheberrecht eine wichtige Rolle. Verst\u00f6\u00dfe gegen das Urheberrecht k\u00f6nnen zu schwerwiegenden Konsequenzen f\u00fchren, sodass wir Ihnen hier Informationen zu diesem Thema bereitstellen.<\/p>\n<p style=\"text-align: justify;\">Da nicht nur das Urheberrecht wichtig f\u00fcr die Lehre sein kann, werden auch weitere Themen wie das Datenschutzrecht und das Pr\u00fcfungsrecht aufbereitet und hier zur Verf\u00fcgung gestellt. Neben der Darstellung der soeben genannten Rechtsgebiete sollen auch rechtliche Grundlagen zur digitalen Barrierefreiheit vermittelt werden.<\/p>\n<p style=\"text-align: justify;\">Ziel der Seite ist es, eine \u00dcbersicht zu verschiedenen Fragestellungen aus den oben genannten Rechtsgebieten und Themenebereichen zu geben und Rechtsunsicherheiten abzubauen.<\/p>\n<p>[\/et_pb_text][\/et_pb_column][\/et_pb_row][et_pb_row column_structure=&#8220;1_3,1_3,1_3&#8243; _builder_version=&#8220;4.16.0&#8243; _module_preset=&#8220;default&#8220; global_colors_info=&#8220;{}&#8220; theme_builder_area=&#8220;post_content&#8220;][et_pb_column type=&#8220;1_3&#8243; _builder_version=&#8220;4.16.0&#8243; _module_preset=&#8220;default&#8220; global_colors_info=&#8220;{}&#8220; theme_builder_area=&#8220;post_content&#8220;][et_pb_cta title=&#8220;Datenschutzrecht&#8220; button_url=&#8220;https:\/\/blog.hwr-berlin.de\/elerner\/datenschutz-padll\/&#8220; _builder_version=&#8220;4.16.0&#8243; _module_preset=&#8220;9a1f7334-d83d-44ce-97b5-acdc9af63e86&#8243; header_font_size=&#8220;16px&#8220; header_line_height=&#8220;1.7em&#8220; custom_padding=&#8220;20px|20px|0px|20px|false|false&#8220; link_option_url=&#8220;https:\/\/blog.hwr-berlin.de\/elerner\/?page_id=39272&#038;et_fb=1&#038;PageSpeed=off&#8220; link_option_url_new_window=&#8220;on&#8220; global_colors_info=&#8220;{}&#8220; header_letter_spacing__hover_enabled=&#8220;off|desktop&#8220; theme_builder_area=&#8220;post_content&#8220;]<\/p>\n<p><span class=\"et-pb-icon\" style=\"font-size: 25px;\"><br \/>$<\/span><\/p>\n<p>[\/et_pb_cta][\/et_pb_column][et_pb_column type=&#8220;1_3&#8243; _builder_version=&#8220;4.16.0&#8243; _module_preset=&#8220;default&#8220; global_colors_info=&#8220;{}&#8220; theme_builder_area=&#8220;post_content&#8220;][et_pb_cta title=&#8220;Urheberrecht &#8220; _builder_version=&#8220;4.16.0&#8243; _module_preset=&#8220;9a1f7334-d83d-44ce-97b5-acdc9af63e86&#8243; header_font_size=&#8220;16px&#8220; header_line_height=&#8220;1.7em&#8220; custom_padding=&#8220;20px|20px|0px|20px|false|false&#8220; link_option_url=&#8220;https:\/\/blog.hwr-berlin.de\/elerner\/urheberrecht\/&#8220; link_option_url_new_window=&#8220;on&#8220; global_colors_info=&#8220;{}&#8220; header_letter_spacing__hover_enabled=&#8220;off|desktop&#8220; theme_builder_area=&#8220;post_content&#8220;]<\/p>\n<p><span class=\"et-pb-icon\" style=\"font-size: 25px;\"><br \/>$<\/span><\/p>\n<p>[\/et_pb_cta][\/et_pb_column][et_pb_column type=&#8220;1_3&#8243; _builder_version=&#8220;4.16.0&#8243; _module_preset=&#8220;default&#8220; global_colors_info=&#8220;{}&#8220; theme_builder_area=&#8220;post_content&#8220;][et_pb_cta title=&#8220;Digitale Barrierefreiheit &#8220; _builder_version=&#8220;4.16.0&#8243; _module_preset=&#8220;9a1f7334-d83d-44ce-97b5-acdc9af63e86&#8243; header_font_size=&#8220;16px&#8220; header_line_height=&#8220;1.7em&#8220; custom_padding=&#8220;20px|20px|0px|20px|false|false&#8220; link_option_url=&#8220;https:\/\/blog.hwr-berlin.de\/elerner\/?page_id=38271&#038;preview=true&#8220; link_option_url_new_window=&#8220;on&#8220; global_colors_info=&#8220;{}&#8220; header_letter_spacing__hover_enabled=&#8220;off|desktop&#8220; theme_builder_area=&#8220;post_content&#8220;]<\/p>\n<p><span class=\"et-pb-icon\" style=\"font-size: 25px;\"><br \/>$<\/span><\/p>\n<p>[\/et_pb_cta][\/et_pb_column][\/et_pb_row][\/et_pb_section]<\/p>\n","protected":false},"excerpt":{"rendered":"<p>Hier finden Sie als Lehrende oder Lehrender Informationen zum Thema Recht in der digitalen Lehre. Gerade bei der Erstellung und Zurverf\u00fcgungstellung von digitalen Inhalten spielt das Urheberrecht eine wichtige Rolle. Verst\u00f6\u00dfe gegen das Urheberrecht k\u00f6nnen zu schwerwiegenden Konsequenzen f\u00fchren, sodass wir Ihnen hier Informationen zu diesem Thema bereitstellen. Da nicht nur das Urheberrecht wichtig f\u00fcr [&hellip;]<\/p>\n","protected":false},"author":166,"featured_media":0,"parent":0,"menu_order":0,"comment_status":"closed","ping_status":"closed","template":"","meta":{"_et_pb_use_builder":"on","_et_pb_old_content":"","_et_gb_content_width":"","inline_featured_image":false,"footnotes":""},"class_list":["post-38116","page","type-page","status-publish","hentry"],"_links":{"self":[{"href":"https:\/\/blog.hwr-berlin.de\/elerner\/wp-json\/wp\/v2\/pages\/38116","targetHints":{"allow":["GET"]}}],"collection":[{"href":"https:\/\/blog.hwr-berlin.de\/elerner\/wp-json\/wp\/v2\/pages"}],"about":[{"href":"https:\/\/blog.hwr-berlin.de\/elerner\/wp-json\/wp\/v2\/types\/page"}],"author":[{"embeddable":true,"href":"https:\/\/blog.hwr-berlin.de\/elerner\/wp-json\/wp\/v2\/users\/166"}],"replies":[{"embeddable":true,"href":"https:\/\/blog.hwr-berlin.de\/elerner\/wp-json\/wp\/v2\/comments?post=38116"}],"version-history":[{"count":45,"href":"https:\/\/blog.hwr-berlin.de\/elerner\/wp-json\/wp\/v2\/pages\/38116\/revisions"}],"predecessor-version":[{"id":44589,"href":"https:\/\/blog.hwr-berlin.de\/elerner\/wp-json\/wp\/v2\/pages\/38116\/revisions\/44589"}],"wp:attachment":[{"href":"https:\/\/blog.hwr-berlin.de\/elerner\/wp-json\/wp\/v2\/media?parent=38116"}],"curies":[{"name":"wp","href":"https:\/\/api.w.org\/{rel}","templated":true}]}}