

{"id":38271,"date":"2023-02-03T11:17:15","date_gmt":"2023-02-03T10:17:15","guid":{"rendered":"https:\/\/blog.hwr-berlin.de\/elerner\/?page_id=38271"},"modified":"2025-12-18T09:52:00","modified_gmt":"2025-12-18T08:52:00","slug":"digitale-barrierefreiheit","status":"publish","type":"page","link":"https:\/\/blog.hwr-berlin.de\/elerner\/digitale-barrierefreiheit\/","title":{"rendered":"Digitale Barrierefreiheit"},"content":{"rendered":"<p>[et_pb_section fb_built=&#8220;1&#8243; admin_label=&#8220;section&#8220; _builder_version=&#8220;4.16&#8243; custom_padding=&#8220;||18px|||&#8220; global_colors_info=&#8220;{}&#8220; theme_builder_area=&#8220;post_content&#8220;][et_pb_row column_structure=&#8220;3_4,1_4&#8243; admin_label=&#8220;row&#8220; _builder_version=&#8220;4.16.0&#8243; background_size=&#8220;initial&#8220; background_position=&#8220;top_left&#8220; background_repeat=&#8220;repeat&#8220; global_colors_info=&#8220;{}&#8220; theme_builder_area=&#8220;post_content&#8220;][et_pb_column type=&#8220;3_4&#8243; _builder_version=&#8220;4.16&#8243; custom_padding=&#8220;|||&#8220; global_colors_info=&#8220;{}&#8220; custom_padding__hover=&#8220;|||&#8220; theme_builder_area=&#8220;post_content&#8220;][et_pb_text _builder_version=&#8220;4.16.0&#8243; _module_preset=&#8220;default&#8220; global_colors_info=&#8220;{}&#8220; theme_builder_area=&#8220;post_content&#8220;]<\/p>\n<h1>Digitale Barrierefreiheit<\/h1>\n<p>Der barrierefreie Zugang zu Hochschulen und ihren Angeboten ist gesetzlich verankert. Dabei ist zu beachten, dass nicht nur physische Barrieren zu reduzieren bzw. zu beseitigen sind, sondern auch der Abbau digitaler Barrieren ein wichtiger Faktor ist, um Inklusion gelingen zu lassen. Mit der EU-Richtlinie 2016\/2102 werden \u00f6ffentliche Institutionen in Deutschland, worunter auch Hochschulen fallen, verpflichtet, Websites, Dokumente und sonstige Inhalte barrierefrei zu gestalten. Hierbei ist zu erw\u00e4hnen, dass unter den Adressatenkreis nicht nur Studierende mit Handicap fallen, sondern die Teilnahme an Lehrveranstaltungen etc. f\u00fcr alle vereinfacht werden soll.<\/p>\n<p>[\/et_pb_text][\/et_pb_column][et_pb_column type=&#8220;1_4&#8243; _builder_version=&#8220;4.16&#8243; custom_padding=&#8220;|||&#8220; global_colors_info=&#8220;{}&#8220; custom_padding__hover=&#8220;|||&#8220; theme_builder_area=&#8220;post_content&#8220;][et_pb_image src=&#8220;https:\/\/blog.hwr-berlin.de\/elerner\/wp-content\/uploads_elerner\/2022\/03\/Fotolia_54305633_XS-e1648072621745.jpg&#8220; alt=&#8220;Dekobild&#8220; title_text=&#8220;3d small people &#8211; Paragraph&#8220; _builder_version=&#8220;4.16.0&#8243; _module_preset=&#8220;default&#8220; global_colors_info=&#8220;{}&#8220; theme_builder_area=&#8220;post_content&#8220;][\/et_pb_image][\/et_pb_column][\/et_pb_row][\/et_pb_section][et_pb_section fb_built=&#8220;1&#8243; prev_background_color=&#8220;#ffffff&#8220; next_background_color=&#8220;#ffffff&#8220; _builder_version=&#8220;4.16.0&#8243; _module_preset=&#8220;default&#8220; background_color=&#8220;#F0F0F1&#8243; top_divider_style=&#8220;mountains2&#8243; bottom_divider_style=&#8220;mountains2&#8243; global_colors_info=&#8220;{}&#8220; theme_builder_area=&#8220;post_content&#8220;][et_pb_row column_structure=&#8220;1_2,1_2&#8243; _builder_version=&#8220;4.16.0&#8243; _module_preset=&#8220;default&#8220; custom_padding=&#8220;||58px|||&#8220; global_colors_info=&#8220;{}&#8220; theme_builder_area=&#8220;post_content&#8220;][et_pb_column type=&#8220;1_2&#8243; _builder_version=&#8220;4.16.0&#8243; _module_preset=&#8220;default&#8220; global_colors_info=&#8220;{}&#8220; theme_builder_area=&#8220;post_content&#8220;][et_pb_text _builder_version=&#8220;4.16.0&#8243; _module_preset=&#8220;default&#8220; global_colors_info=&#8220;{}&#8220; theme_builder_area=&#8220;post_content&#8220;]<\/p>\n<h2>Definition von \u201edigitaler Barrierefreiheit\u201c<\/h2>\n<p>Unter dem Begriff \u201edigitale Barrierefreiheit\u201c f\u00e4llt alles, was die uneingeschr\u00e4nkte Nutzbarkeit digitaler Angebote unabh\u00e4ngig von den pers\u00f6nlichen Voraussetzungen der Nutzer und Nutzerinnen erm\u00f6glicht bzw. zumindest vereinfacht. Das hei\u00dft, dass neben digitalen Veranstaltungen auch alle Webseiten und Plattformen, Dokumente und Anwendungen so gestaltet sein m\u00fcssen, dass sie f\u00fcr alle Menschen auf die gleiche Art und Weise auffindbar, zug\u00e4nglich und nutzbar sind.<\/p>\n<p>Das World Wide Web Consortium 1999 hat f\u00fcr Webinhalte die sogenannten Web Content Accessibility Guidelines (WCAG) verabschiedet, die stetig auf aktuelle Gegebenheiten angepasst werden. Bei diesen Richtlinien handelt es sich vor allem um Empfehlungen zur Umsetzung digitaler Barrierefreiheit im Internet. Dabei werden verschiedene Aspekte betrachtet und ber\u00fccksichtigt. Ein Augenmerk liegt dabei beispielsweise auf der Wahrnehmbarkeit, Bedienbarkeit, Verst\u00e4ndlichkeit und Robustheit der einzelnen Webseiten und weiteren Anwendungen.<\/p>\n<p>[\/et_pb_text][\/et_pb_column][et_pb_column type=&#8220;1_2&#8243; _builder_version=&#8220;4.16.0&#8243; _module_preset=&#8220;default&#8220; global_colors_info=&#8220;{}&#8220; theme_builder_area=&#8220;post_content&#8220;][et_pb_blurb title=&#8220;Ausgestaltung digitaler Inhalte&#8220; use_icon=&#8220;on&#8220; font_icon=&#8220;&#xf12a;||fa||900&#8243; icon_placement=&#8220;left&#8220; _builder_version=&#8220;4.16.0&#8243; _module_preset=&#8220;default&#8220; background_color=&#8220;#C4C5C7&#8243; custom_padding=&#8220;10px|10px|10px|10px|false|false&#8220; global_colors_info=&#8220;{}&#8220; theme_builder_area=&#8220;post_content&#8220;]<\/p>\n<p>Menschen mit Behinderungen wird eine selbstbestimmte Teilhabe am digitalen Leben also dann erm\u00f6glicht, wenn die Angebote<\/p>\n<p>\u2022 in der allgemein \u00fcblichen Weise,<br \/>\u2022 ohne besondere Erschwernis<br \/>\u2022 und grunds\u00e4tzlich ohne fremde Hilfe (mit Ausnahme der behinderungsbedingt notwendigen Hilfsmittel)<br \/>\u2022 auffindbar, zug\u00e4nglich und nutzbar sind.<\/p>\n<p>[\/et_pb_blurb][\/et_pb_column][\/et_pb_row][\/et_pb_section][et_pb_section fb_built=&#8220;1&#8243; _builder_version=&#8220;4.16.0&#8243; _module_preset=&#8220;default&#8220; custom_padding=&#8220;14px||15px|||&#8220; global_colors_info=&#8220;{}&#8220; theme_builder_area=&#8220;post_content&#8220;][et_pb_row column_structure=&#8220;1_2,1_2&#8243; _builder_version=&#8220;4.16.0&#8243; _module_preset=&#8220;default&#8220; global_colors_info=&#8220;{}&#8220; theme_builder_area=&#8220;post_content&#8220;][et_pb_column type=&#8220;1_2&#8243; _builder_version=&#8220;4.16.0&#8243; _module_preset=&#8220;default&#8220; global_colors_info=&#8220;{}&#8220; theme_builder_area=&#8220;post_content&#8220;][et_pb_text _builder_version=&#8220;4.16.0&#8243; _module_preset=&#8220;default&#8220; global_colors_info=&#8220;{}&#8220; theme_builder_area=&#8220;post_content&#8220;]<\/p>\n<h2>Kurz\u00fcberblick \u00fcber die rechtlichen Grundlagen<\/h2>\n<p style=\"text-align: justify;\">Die Anforderungen zur barrierefreien Ausgestaltung digitaler Veranstaltungen und Angebote sind unter anderem in der EU-Richtlinie 2016\/2102 verankert. Nach Art. 3 Abs. 3 des Grundgesetzes (GG) darf niemand wegen einer Behinderung benachteiligt werden. Zu den hier zugeh\u00f6rigen Menschen z\u00e4hlen neben Blinden, Sehbehinderten, Geh\u00f6rlosen und Schwerh\u00f6rigen auch motorisch sowie kognitiv behinderte Menschen.<\/p>\n<p style=\"text-align: justify;\">\n<p>[\/et_pb_text][\/et_pb_column][et_pb_column type=&#8220;1_2&#8243; _builder_version=&#8220;4.16.0&#8243; _module_preset=&#8220;default&#8220; global_colors_info=&#8220;{}&#8220; theme_builder_area=&#8220;post_content&#8220;][et_pb_text _builder_version=&#8220;4.16.0&#8243; _module_preset=&#8220;default&#8220; global_colors_info=&#8220;{}&#8220; theme_builder_area=&#8220;post_content&#8220;]<\/p>\n<p>Um Menschen mit Handicaps besser zu unterst\u00fctzen und ihre Teilhabe am \u00f6ffentlichen Geschehen zu f\u00f6rdern, trat im Jahr 2002 das Bundesgesetz zur Gleichstellung behinderter Menschen in Kraft und in den Folgejahren erlie\u00dfen die Bundesl\u00e4nder Landesgleichstellungsgesetze.<\/p>\n<p>[\/et_pb_text][\/et_pb_column][\/et_pb_row][et_pb_row _builder_version=&#8220;4.16.0&#8243; _module_preset=&#8220;default&#8220; global_colors_info=&#8220;{}&#8220; theme_builder_area=&#8220;post_content&#8220;][et_pb_column type=&#8220;4_4&#8243; _builder_version=&#8220;4.16.0&#8243; _module_preset=&#8220;default&#8220; global_colors_info=&#8220;{}&#8220; theme_builder_area=&#8220;post_content&#8220;][et_pb_text _builder_version=&#8220;4.16.0&#8243; _module_preset=&#8220;default&#8220; global_colors_info=&#8220;{}&#8220; theme_builder_area=&#8220;post_content&#8220;]<\/p>\n<p>Auf Basis der BITV 2.0 sind f\u00fcr jedes Bundesland einzelne Gesetze formuliert. Folgende weitere Gesetze bzw. Rechtsgrundlagen zum Abbau von digitalen Barrieren sollen hier genannt werden:<\/p>\n<p>[\/et_pb_text][\/et_pb_column][\/et_pb_row][et_pb_row column_structure=&#8220;1_2,1_2&#8243; _builder_version=&#8220;4.16.0&#8243; _module_preset=&#8220;default&#8220; global_colors_info=&#8220;{}&#8220; theme_builder_area=&#8220;post_content&#8220;][et_pb_column type=&#8220;1_2&#8243; _builder_version=&#8220;4.16.0&#8243; _module_preset=&#8220;default&#8220; global_colors_info=&#8220;{}&#8220; theme_builder_area=&#8220;post_content&#8220;][et_pb_blurb title=&#8220;International:&#8220; use_icon=&#8220;on&#8220; font_icon=&#8220;&#xf0e3;||fa||900&#8243; icon_placement=&#8220;left&#8220; _builder_version=&#8220;4.16.0&#8243; _module_preset=&#8220;default&#8220; background_color=&#8220;#F0F0F1&#8243; custom_padding=&#8220;10px||10px|10px|false|false&#8220; locked=&#8220;off&#8220; global_colors_info=&#8220;{}&#8220; theme_builder_area=&#8220;post_content&#8220;]<\/p>\n<ul>\n<li>EU Richtlinie 2016\/2102<\/li>\n<li>EU-Durchf\u00fchrungsbeschluss 2018\/1523<\/li>\n<li>EU-Durchf\u00fchrungsbeschluss 2018\/1524<\/li>\n<li>EU Durchf\u00fchrungsbeschluss 2018\/2048<\/li>\n<li>UN-Behindertenrechtskonvention (UN-BRK)<\/li>\n<\/ul>\n<p>&nbsp;<\/p>\n<p>&nbsp;<\/p>\n<p>&nbsp;<\/p>\n<p>[\/et_pb_blurb][\/et_pb_column][et_pb_column type=&#8220;1_2&#8243; _builder_version=&#8220;4.16.0&#8243; _module_preset=&#8220;default&#8220; global_colors_info=&#8220;{}&#8220; theme_builder_area=&#8220;post_content&#8220;][et_pb_blurb title=&#8220;Bundesebene&#8220; use_icon=&#8220;on&#8220; font_icon=&#8220;&#xf0e3;||fa||900&#8243; icon_placement=&#8220;left&#8220; _builder_version=&#8220;4.16.0&#8243; _module_preset=&#8220;default&#8220; background_color=&#8220;#F0F0F1&#8243; custom_padding=&#8220;10px||10px|10px|false|false&#8220; locked=&#8220;off&#8220; global_colors_info=&#8220;{}&#8220; theme_builder_area=&#8220;post_content&#8220;]<\/p>\n<ul>\n<li>Grundgesetz (GG)<\/li>\n<li>Allgemeines Gleichbehandlungsgesetz (AGG)<\/li>\n<li>Barrierefreie-Informationstechnik-Verordnung (BITV 2.0)<\/li>\n<li>Behindertengleichstellungsgesetz (BGG)<\/li>\n<li>Bundesteilhabegesetz (BTHG)<\/li>\n<li>Sozialgesetzbuch IX (SGB IX)<\/li>\n<li>Hochschulrahmengesetz (HRG)<\/li>\n<\/ul>\n<p>&nbsp;<\/p>\n<p>[\/et_pb_blurb][\/et_pb_column][\/et_pb_row][\/et_pb_section][et_pb_section fb_built=&#8220;1&#8243; prev_background_color=&#8220;#ffffff&#8220; next_background_color=&#8220;#ffffff&#8220; _builder_version=&#8220;4.16.0&#8243; _module_preset=&#8220;default&#8220; background_color=&#8220;#F0F0F1&#8243; top_divider_style=&#8220;mountains2&#8243; bottom_divider_style=&#8220;mountains2&#8243; global_colors_info=&#8220;{}&#8220; theme_builder_area=&#8220;post_content&#8220;][et_pb_row column_structure=&#8220;1_2,1_2&#8243; _builder_version=&#8220;4.16.0&#8243; _module_preset=&#8220;default&#8220; global_colors_info=&#8220;{}&#8220; theme_builder_area=&#8220;post_content&#8220;][et_pb_column type=&#8220;1_2&#8243; _builder_version=&#8220;4.16.0&#8243; _module_preset=&#8220;default&#8220; global_colors_info=&#8220;{}&#8220; theme_builder_area=&#8220;post_content&#8220;][et_pb_text _builder_version=&#8220;4.16.0&#8243; _module_preset=&#8220;default&#8220; global_colors_info=&#8220;{}&#8220; theme_builder_area=&#8220;post_content&#8220;]<\/p>\n<h2 style=\"text-align: justify;\">Wie m\u00fcssen die Inhalte ausgestaltet sein?<\/h2>\n<p style=\"text-align: justify;\">In \u00a7 3 Abs. 1 BITV 2.0 ist definiert, wie die Inhalte ausgestaltet sein m\u00fcssen. Um als barrierefrei zu gelten, m\u00fcssen sie demnach folgenderma\u00dfen ausgestaltet sein:<\/p>\n<p style=\"text-align: justify;\">\n<ul>\n<li style=\"text-align: justify;\">Wahrnehmbar: Informationen und Bestandteile der Benutzerschnittstelle m\u00fcssen den Benutzern und Benutzerinnen so pr\u00e4sentiert werden, dass diese sie wahrnehmen k\u00f6nnen.<\/li>\n<li style=\"text-align: justify;\">\u00a0Bedienbar: Bestandteile der Benutzerschnittstelle und Navigation m\u00fcssen bedienbar sein.<\/li>\n<li style=\"text-align: justify;\">Verst\u00e4ndlich: Informationen und die Bedienung der Benutzerschnittstelle m\u00fcssen verst\u00e4ndlich sein.<\/li>\n<li style=\"text-align: justify;\">Robust: Inhalte m\u00fcssen robust genug sein, damit sie zuverl\u00e4ssig von einer gro\u00dfen Auswahl an Benutzeragenten einschlie\u00dflich assistierender Techniken interpretiert werden k\u00f6nnen.<\/li>\n<\/ul>\n<p>[\/et_pb_text][\/et_pb_column][et_pb_column type=&#8220;1_2&#8243; _builder_version=&#8220;4.16.0&#8243; _module_preset=&#8220;default&#8220; global_colors_info=&#8220;{}&#8220; theme_builder_area=&#8220;post_content&#8220;][et_pb_text _builder_version=&#8220;4.16.0&#8243; _module_preset=&#8220;default&#8220; global_colors_info=&#8220;{}&#8220; theme_builder_area=&#8220;post_content&#8220;]<\/p>\n<h2>Was gilt f\u00fcr Hochschulen?<\/h2>\n<p style=\"text-align: justify;\">Hochschulen m\u00fcssen ihre Internet- und Intranetseiten ebenfalls barrierefrei gestalten. Darunter fallen alle textuellen und nichttextuellen Informationen und alle integrierten Inhalte wie Dokumente, Videos oder Audiodateien, auch Formulare m\u00fcssen barrierefrei gestaltet werden.<\/p>\n<p style=\"text-align: justify;\">Durch verschiedene \u00dcberwachungsstellen wird gepr\u00fcft, ob die BITV 2.0 sowie die entsprechenden Landesgesetze durch die \u00f6ffentlichen Stellen umgesetzt werden. Daneben liegt es in der Verantwortung der einzelnen Hochschulen, die Umsetzung der gesetzlichen Verpflichtungen zu \u00fcberpr\u00fcfen. Dies kann beispielsweise im Rahmen von Evaluations- oder (Re-)Akkreditierungsverfahren erfolgen.<\/p>\n<p style=\"text-align: justify;\">Bei der Umsetzung der BITV 2.0 ist neben dem bereits Genannten auch bei der Beschaffung und Nutzung von Informations- und Kommunikationstechnik sowie bei der Entwicklung und Inanspruchnahme von Informations- und Kommunikationsservices und -Dienstleistungen deren Barrierefreiheit hinreichend zu beachten. Um die Hochschulen barrierefrei zu gestalten, ist es zudem wichtig, Lehrende, Studierende und Mitarbeitende der Hochschulen zu sensibilisieren, und auch zu qualifizieren. Ohne geschulte Personen kann die Barrierefreiheit nicht vollends erreicht werden, da die Umsetzung in nicht geringem Umfang auch von diesen abh\u00e4ngt.<\/p>\n<p>[\/et_pb_text][\/et_pb_column][\/et_pb_row][\/et_pb_section][et_pb_section fb_built=&#8220;1&#8243; _builder_version=&#8220;4.16.0&#8243; _module_preset=&#8220;default&#8220; custom_padding=&#8220;||11px|||&#8220; global_colors_info=&#8220;{}&#8220; theme_builder_area=&#8220;post_content&#8220;][et_pb_row _builder_version=&#8220;4.16.0&#8243; _module_preset=&#8220;default&#8220; custom_padding=&#8220;0px|||||&#8220; global_colors_info=&#8220;{}&#8220; theme_builder_area=&#8220;post_content&#8220;][et_pb_column type=&#8220;4_4&#8243; _builder_version=&#8220;4.16.0&#8243; _module_preset=&#8220;default&#8220; global_colors_info=&#8220;{}&#8220; theme_builder_area=&#8220;post_content&#8220;][et_pb_text _builder_version=&#8220;4.16.0&#8243; _module_preset=&#8220;default&#8220; global_colors_info=&#8220;{}&#8220; theme_builder_area=&#8220;post_content&#8220;]<\/p>\n<h2>Anforderungen an die Barrierefreiheit in beispielhaften Bereichen<\/h2>\n<p>Hochschulen k\u00f6nnen bei barrierefrei gestalteter digitaler Angebote gro\u00dfe Beitr\u00e4ge zum Nachteilsausgleich behinderter Studierenden leisten. Je nach Behinderung k\u00f6nnen dabei verschiedenartige Technologien zum Einsatz kommen, die assistierend genutzt werden k\u00f6nnen. Beispielhaft zu nennen sind hier Screenreader, Spracheingaben, Vergr\u00f6\u00dferungssoftware oder Bildschirmtastaturen.<\/p>\n<p>In folgenden Bereichen kann Barrierefreiheit seine Ber\u00fccksichtigung finden:<\/p>\n<p>[\/et_pb_text][\/et_pb_column][\/et_pb_row][et_pb_row column_structure=&#8220;1_3,1_3,1_3&#8243; _builder_version=&#8220;4.16.0&#8243; _module_preset=&#8220;default&#8220; background_color=&#8220;#F0F0F1&#8243; global_colors_info=&#8220;{}&#8220; theme_builder_area=&#8220;post_content&#8220;][et_pb_column type=&#8220;1_3&#8243; _builder_version=&#8220;4.16.0&#8243; _module_preset=&#8220;default&#8220; global_colors_info=&#8220;{}&#8220; theme_builder_area=&#8220;post_content&#8220;][et_pb_text _builder_version=&#8220;4.16.0&#8243; _module_preset=&#8220;default&#8220; global_colors_info=&#8220;{}&#8220; theme_builder_area=&#8220;post_content&#8220;]<\/p>\n<h3>Barrierefreie Texte:<\/h3>\n<p style=\"text-align: justify;\">Um allen Menschen den Zugang zum Inhalt eines Textes zu gew\u00e4hrleisten, ist es wichtig, dass Screenreader die Texte korrekt wiedergeben k\u00f6nnen.<\/p>\n<p style=\"text-align: justify;\">Es ist daher wichtig, die Texte gut durch strukturierte \u00dcberschriften zu gliedern, Informationen nicht allein durch Farben und Schattierungen zu vermitteln sowie Inhaltsverzeichnisse und Alternativtexte f\u00fcr Tabellen zu verwenden.<\/p>\n<p>[\/et_pb_text][\/et_pb_column][et_pb_column type=&#8220;1_3&#8243; _builder_version=&#8220;4.16.0&#8243; _module_preset=&#8220;default&#8220; global_colors_info=&#8220;{}&#8220; theme_builder_area=&#8220;post_content&#8220;][et_pb_text _builder_version=&#8220;4.16.0&#8243; _module_preset=&#8220;default&#8220; global_colors_info=&#8220;{}&#8220; theme_builder_area=&#8220;post_content&#8220;]<\/p>\n<h3 style=\"text-align: justify;\">Barrierefreie PDF, Word- und PowerPoint-Dateien<\/h3>\n<p style=\"text-align: justify;\">Bei diesen Dateien ist insbesondere auf die visuelle Barrierefreiheit zu achten, damit Menschen mit Sehbeeintr\u00e4chtigungen diese nutzen k\u00f6nnen. Um dies zu gew\u00e4hrleisten, m\u00fcssen bspw. Screenreader Text, aber auch Bilder richtig wiedergeben k\u00f6nnen.<\/p>\n<p style=\"text-align: justify;\">Bei der Gestaltung sollte beispielsweise auch auf eine passende Schriftgr\u00f6\u00dfe und einen geeigneten Zeilenabstand geachtet werden.<\/p>\n<p>[\/et_pb_text][\/et_pb_column][et_pb_column type=&#8220;1_3&#8243; _builder_version=&#8220;4.16.0&#8243; _module_preset=&#8220;default&#8220; global_colors_info=&#8220;{}&#8220; theme_builder_area=&#8220;post_content&#8220;][et_pb_text _builder_version=&#8220;4.16.0&#8243; _module_preset=&#8220;default&#8220; global_colors_info=&#8220;{}&#8220; theme_builder_area=&#8220;post_content&#8220;]<\/p>\n<h3 style=\"text-align: justify;\">Barrierefreier Webauftritt<\/h3>\n<p style=\"text-align: justify;\">Auch beim Webauftritt ist auf Barrierefreiheit zu achten. Dabei ist bei allen Ausgestaltungen darauf zu achten, dass unterschiedliche Bed\u00fcrfnisse abh\u00e4ngig von der Beeintr\u00e4chtigung existieren. So kann es f\u00fcr Menschen, die einen Screenreader verwenden, besonders wichtig sein, dass dieser die Struktur korrekt erfassen kann, damit der Inhalt richtig gelesen wird.<\/p>\n<p style=\"text-align: justify;\">Durch kontrastreiche oder vergr\u00f6\u00dferte Gestaltung der Inhalte kann das Lesen und Wahrnehmen dieser besser gelingen. Auch kann die \u00dcbersetzung in eine leichte bzw. verst\u00e4ndlichere Sprache dazu beitragen, Inhalte besser zu verstehen.<\/p>\n<p style=\"text-align: justify;\">[\/et_pb_text][\/et_pb_column][\/et_pb_row][et_pb_row column_structure=&#8220;1_2,1_2&#8243; _builder_version=&#8220;4.16.0&#8243; _module_preset=&#8220;default&#8220; background_color=&#8220;#F0F0F1&#8243; global_colors_info=&#8220;{}&#8220; theme_builder_area=&#8220;post_content&#8220;][et_pb_column type=&#8220;1_2&#8243; _builder_version=&#8220;4.16.0&#8243; _module_preset=&#8220;default&#8220; global_colors_info=&#8220;{}&#8220; theme_builder_area=&#8220;post_content&#8220;][et_pb_text _builder_version=&#8220;4.16.0&#8243; _module_preset=&#8220;default&#8220; global_colors_info=&#8220;{}&#8220; theme_builder_area=&#8220;post_content&#8220;]<\/p>\n<h3>Barrierefreie Bilder\u00a0<\/h3>\n<p style=\"text-align: justify;\">Wenn man Bilder verwenden m\u00f6chte, sollten nur solche mit inhaltlicher Relevanz in Betracht gezogen werden. Um auch Menschen mit Sehbeeintr\u00e4chtigung die Wahrnehmung des Inhalts zu erm\u00f6glichen, k\u00f6nnte ein Alternativtext dazu formuliert werden, der den Inhalt beschreibt.<\/p>\n<p>[\/et_pb_text][\/et_pb_column][et_pb_column type=&#8220;1_2&#8243; _builder_version=&#8220;4.16.0&#8243; _module_preset=&#8220;default&#8220; global_colors_info=&#8220;{}&#8220; theme_builder_area=&#8220;post_content&#8220;][et_pb_text _builder_version=&#8220;4.16.0&#8243; _module_preset=&#8220;default&#8220; global_colors_info=&#8220;{}&#8220; theme_builder_area=&#8220;post_content&#8220;]<\/p>\n<h3>Barrierefreie Video- und Audioinhalte<\/h3>\n<p style=\"text-align: justify;\">Bei Video- und Audioinhalten k\u00f6nnen Untertitel dazu beitragen, die Inhalte wahrzunehmen. <\/p>\n<p>[\/et_pb_text][\/et_pb_column][\/et_pb_row][et_pb_row _builder_version=&#8220;4.16.0&#8243; _module_preset=&#8220;default&#8220; global_colors_info=&#8220;{}&#8220; theme_builder_area=&#8220;post_content&#8220;][et_pb_column type=&#8220;4_4&#8243; _builder_version=&#8220;4.16.0&#8243; _module_preset=&#8220;default&#8220; global_colors_info=&#8220;{}&#8220; theme_builder_area=&#8220;post_content&#8220;][et_pb_text _builder_version=&#8220;4.16.0&#8243; _module_preset=&#8220;default&#8220; global_colors_info=&#8220;{}&#8220; theme_builder_area=&#8220;post_content&#8220;]<\/p>\n<p>N\u00e4heres zu den einzelnen gesetzlichen Grundlagen bzgl. digitaler Barrierefreiheit finden Sie auf <a href=\"https:\/\/blog.hwr-berlin.de\/elerner\/?page_id=38539&amp;et_fb=1&amp;PageSpeed=off\" target=\"_blank\" rel=\"noopener\">hier<\/a>.\u00a0<\/p>\n<p>[\/et_pb_text][\/et_pb_column][\/et_pb_row][\/et_pb_section][et_pb_section fb_built=&#8220;1&#8243; _builder_version=&#8220;4.16.0&#8243; _module_preset=&#8220;default&#8220; custom_padding=&#8220;16px||19px|||&#8220; global_colors_info=&#8220;{}&#8220; theme_builder_area=&#8220;post_content&#8220;][et_pb_row _builder_version=&#8220;4.16.0&#8243; _module_preset=&#8220;default&#8220; custom_padding=&#8220;0px||10px|||&#8220; locked=&#8220;off&#8220; global_colors_info=&#8220;{}&#8220; theme_builder_area=&#8220;post_content&#8220;][et_pb_column type=&#8220;4_4&#8243; _builder_version=&#8220;4.16.0&#8243; _module_preset=&#8220;default&#8220; global_colors_info=&#8220;{}&#8220; theme_builder_area=&#8220;post_content&#8220;][et_pb_text _builder_version=&#8220;4.16.0&#8243; _module_preset=&#8220;default&#8220; global_colors_info=&#8220;{}&#8220; theme_builder_area=&#8220;post_content&#8220;]<\/p>\n<h3>Weiterf\u00fchrende Links<\/h3>\n<ul>\n<li>Zu den gesetzlichen Grundlagen &#8211;\u00a0<a href=\"https:\/\/www.studentenwerke.de\/de\/content\/gesetzliche-grundlagen\">https:\/\/www.studentenwerke.de\/de\/content\/gesetzliche-grundlagen<\/a><\/li>\n<li>Hochschulforum Digitalisierung (2020), Barrierefreiheit in der Online-Lehre \u2013 Eine Handreichung &#8211; <a href=\"https:\/\/hochschulforumdigitalisierung.de\/blog\/barrierefreiheit-in-der-online-lehre-eine-handreichung\/\">https:\/\/hochschulforumdigitalisierung.de\/blog\/barrierefreiheit-in-der-online-lehre-eine-handreichung\/<\/a>\u00a0<\/li>\n<li>Prof. Dr. iur. J\u00f6rg Ennuschat, Nachteilsausgleiche f\u00fcr Studierende mit Behinderungen \u2013 Pr\u00fcfungsrechtliche Bausteine einer inklusiven Hochschule, Rechtsgutachten &#8211; <a href=\"https:\/\/www.der-querschnitt.de\/archive\/48831\">https:\/\/www.der-querschnitt.de\/archive\/48831<\/a>\u00a0<\/li>\n<li>Veranstaltung zu Barrierefreiheit &#8211;\u00a0<a href=\"https:\/\/blog.hwr-berlin.de\/elerner\/hands-on-digital-und-inklusiv-microsoft-word-dokumente-barrierefrei-gestalten-2\/\">https:\/\/blog.hwr-berlin.de\/elerner\/hands-on-digital-und-inklusiv-microsoft-word-dokumente-barrierefrei-gestalten-2\/<\/a><\/li>\n<li>zur Gestaltung von barrierefreien PowerPoint &#8211;\u00a0<a href=\"https:\/\/blog.hwr-berlin.de\/elerner\/barrierefreie-powerpoint-einfach-erklaert\/\">https:\/\/blog.hwr-berlin.de\/elerner\/barrierefreie-powerpoint-einfach-erklaert\/<\/a><\/li>\n<li>Inklusion an der HWR &#8211; <a href=\"https:\/\/www.hwr-berlin.de\/studium\/beratung\/studium-mit-behinderung-oder-chronischer-erkrankung\/\">https:\/\/www.hwr-berlin.de\/studium\/beratung\/studium-mit-behinderung-oder-chronischer-erkrankung\/<\/a><\/li>\n<li>Moodlekurs f\u00fcr Lehrende der HWR Berlin &#8211; <a href=\"https:\/\/moodle.hwr-berlin.de\/course\/view.php?id=70670\">https:\/\/moodle.hwr-berlin.de\/course\/view.php?id=70670<\/a>\u00a0<\/li>\n<\/ul>\n<p>[\/et_pb_text][\/et_pb_column][\/et_pb_row][\/et_pb_section]<\/p>\n","protected":false},"excerpt":{"rendered":"<p>Digitale Barrierefreiheit Der barrierefreie Zugang zu Hochschulen und ihren Angeboten ist gesetzlich verankert. Dabei ist zu beachten, dass nicht nur physische Barrieren zu reduzieren bzw. zu beseitigen sind, sondern auch der Abbau digitaler Barrieren ein wichtiger Faktor ist, um Inklusion gelingen zu lassen. Mit der EU-Richtlinie 2016\/2102 werden \u00f6ffentliche Institutionen in Deutschland, worunter auch Hochschulen [&hellip;]<\/p>\n","protected":false},"author":165,"featured_media":0,"parent":0,"menu_order":0,"comment_status":"closed","ping_status":"closed","template":"","meta":{"_et_pb_use_builder":"on","_et_pb_old_content":"","_et_gb_content_width":"","inline_featured_image":false,"footnotes":""},"class_list":["post-38271","page","type-page","status-publish","hentry"],"_links":{"self":[{"href":"https:\/\/blog.hwr-berlin.de\/elerner\/wp-json\/wp\/v2\/pages\/38271","targetHints":{"allow":["GET"]}}],"collection":[{"href":"https:\/\/blog.hwr-berlin.de\/elerner\/wp-json\/wp\/v2\/pages"}],"about":[{"href":"https:\/\/blog.hwr-berlin.de\/elerner\/wp-json\/wp\/v2\/types\/page"}],"author":[{"embeddable":true,"href":"https:\/\/blog.hwr-berlin.de\/elerner\/wp-json\/wp\/v2\/users\/165"}],"replies":[{"embeddable":true,"href":"https:\/\/blog.hwr-berlin.de\/elerner\/wp-json\/wp\/v2\/comments?post=38271"}],"version-history":[{"count":17,"href":"https:\/\/blog.hwr-berlin.de\/elerner\/wp-json\/wp\/v2\/pages\/38271\/revisions"}],"predecessor-version":[{"id":44590,"href":"https:\/\/blog.hwr-berlin.de\/elerner\/wp-json\/wp\/v2\/pages\/38271\/revisions\/44590"}],"wp:attachment":[{"href":"https:\/\/blog.hwr-berlin.de\/elerner\/wp-json\/wp\/v2\/media?parent=38271"}],"curies":[{"name":"wp","href":"https:\/\/api.w.org\/{rel}","templated":true}]}}