

{"id":38604,"date":"2023-02-16T13:26:03","date_gmt":"2023-02-16T12:26:03","guid":{"rendered":"https:\/\/blog.hwr-berlin.de\/elerner\/?page_id=38604"},"modified":"2023-02-22T09:53:40","modified_gmt":"2023-02-22T08:53:40","slug":"cc-lizenzen","status":"publish","type":"page","link":"https:\/\/blog.hwr-berlin.de\/elerner\/cc-lizenzen\/","title":{"rendered":"CC-Lizenzen"},"content":{"rendered":"\n[et_pb_section fb_built=&#8220;1&#8243; _builder_version=&#8220;4.16&#8243; _module_preset=&#8220;default&#8220; global_colors_info=&#8220;{}&#8220; theme_builder_area=&#8220;post_content&#8220;][et_pb_row column_structure=&#8220;3_4,1_4&#8243; _builder_version=&#8220;4.16.0&#8243; _module_preset=&#8220;default&#8220; global_colors_info=&#8220;{}&#8220; theme_builder_area=&#8220;post_content&#8220;][et_pb_column type=&#8220;3_4&#8243; _builder_version=&#8220;4.16&#8243; _module_preset=&#8220;default&#8220; global_colors_info=&#8220;{}&#8220; theme_builder_area=&#8220;post_content&#8220;][et_pb_post_title meta=&#8220;off&#8220; featured_image=&#8220;off&#8220; _builder_version=&#8220;4.16.0&#8243; _module_preset=&#8220;default&#8220; global_colors_info=&#8220;{}&#8220; theme_builder_area=&#8220;post_content&#8220;][\/et_pb_post_title][et_pb_text _builder_version=&#8220;4.16.0&#8243; _module_preset=&#8220;default&#8220; global_colors_info=&#8220;{}&#8220; theme_builder_area=&#8220;post_content&#8220;]<p style=\"text-align: justify;\">Der Begriff CC-Lizenzen (bzw. Creative Commons) spielt vor allem eine Rolle, wenn es um Fragen rund um das Thema Urheberrecht geht. Hier soll erl\u00e4utert werden, was CC-Lizenzen sind und wo sie in der Regel zum Einsatz kommen.<\/p>[\/et_pb_text][et_pb_text _builder_version=&#8220;4.16.0&#8243; _module_preset=&#8220;default&#8220; global_colors_info=&#8220;{}&#8220; theme_builder_area=&#8220;post_content&#8220;]<p style=\"text-align: justify;\">In diesem Text wird bei Personenbezeichnungen die im zugrundeliegenden Gesetz verwendete Formulierung beibehalten,\u00a0 d. h., es wird keine geschlechtsspezifische Bezeichnung verwendet, wenn dies im Gesetz nicht so vorgesehen ist. Selbstverst\u00e4ndlich sind damit auch Urheberinnen und andere gemeint.<\/p>[\/et_pb_text][\/et_pb_column][et_pb_column type=&#8220;1_4&#8243; _builder_version=&#8220;4.16&#8243; _module_preset=&#8220;default&#8220; global_colors_info=&#8220;{}&#8220; theme_builder_area=&#8220;post_content&#8220;][et_pb_image src=&#8220;https:\/\/blog.hwr-berlin.de\/elerner\/wp-content\/uploads_elerner\/2022\/03\/Fotolia_54305633_XS-e1648072621745.jpg&#8220; alt=&#8220;Dekobild&#8220; title_text=&#8220;3d small people &#8211; Paragraph&#8220; _builder_version=&#8220;4.16.0&#8243; _module_preset=&#8220;default&#8220; global_colors_info=&#8220;{}&#8220; theme_builder_area=&#8220;post_content&#8220;][\/et_pb_image][\/et_pb_column][\/et_pb_row][\/et_pb_section][et_pb_section fb_built=&#8220;1&#8243; prev_background_color=&#8220;#ffffff&#8220; next_background_color=&#8220;#ffffff&#8220; _builder_version=&#8220;4.16.0&#8243; _module_preset=&#8220;default&#8220; background_color=&#8220;#F0F0F1&#8243; min_height=&#8220;113px&#8220; custom_padding=&#8220;||45px|||&#8220; top_divider_style=&#8220;mountains2&#8243; bottom_divider_style=&#8220;mountains2&#8243; global_colors_info=&#8220;{}&#8220; theme_builder_area=&#8220;post_content&#8220;][et_pb_row column_structure=&#8220;3_4,1_4&#8243; _builder_version=&#8220;4.16.0&#8243; _module_preset=&#8220;default&#8220; global_colors_info=&#8220;{}&#8220; theme_builder_area=&#8220;post_content&#8220;][et_pb_column type=&#8220;3_4&#8243; _builder_version=&#8220;4.16.0&#8243; _module_preset=&#8220;default&#8220; global_colors_info=&#8220;{}&#8220; theme_builder_area=&#8220;post_content&#8220;][et_pb_text _builder_version=&#8220;4.16.0&#8243; _module_preset=&#8220;default&#8220; global_colors_info=&#8220;{}&#8220; theme_builder_area=&#8220;post_content&#8220;]<h2>Warum ist die Vergabe bzw. Nutzung von Lizenzen sinnvoll?<\/h2>\n<p style=\"text-align: justify;\">Um fremde Materialien beispielsweise zur Erstellung von Lehrmaterialien nutzen zu k\u00f6nnen, muss man sich in der Regel mit Fragen zum Urheber bzw. zu Urheberrechten auseinandersetzen. Dabei gilt, dass alle fremden Materialien, also alle Materialien, die nicht eigene Werke sind, urheberrechtlich gesch\u00fctzt sind. Das bedeutet, dass nur der Urheber das Recht hat, diese Inhalte zu verwenden oder zu vertreiben. Die Nutzung durch Dritte ist dann nur f\u00fcr den privaten Gebrauch m\u00f6glich. Es gibt aber auch hier Ausnahmen, auf die jedoch in diesem Beitrag nicht weiter eingegangen werden soll. Informationen zum Urheberrecht allgemein finden Sie auf der Ausgangseite \u201e<a href=\"https:\/\/blog.hwr-berlin.de\/elerner\/urheberrecht\/\" target=\"_blank\" rel=\"noopener\">Das Urheberrecht<\/a>\u201c.<\/p>\n<p style=\"text-align: justify;\">Sofern man Texte, Bilder oder andere Werke nutzen m\u00f6chte, beispielsweise durch Einstellen in einen Moodlekurs im Rahmen der Lehrmaterialien, ist die Grundvoraussetzung daf\u00fcr in der Erlaubnis des Urhebers zu sehen. Diese Erlaubnis ist die sogenannte Lizenz, die in Form eines Lizenzvertrages erteilt werden kann. Sofern der Urheber seine Rechte abgetreten hat, etwa an einen Verlag, ist dieser als Rechteinhaber die richtige Ansprechperson. Der Urheber kann jedoch seine Inhalte auch unter eine sogenannte freie Lizenz stellen, sodass andere die Materialien nutzen k\u00f6nnen, ohne vorab nachzufragen.<\/p>[\/et_pb_text][\/et_pb_column][et_pb_column type=&#8220;1_4&#8243; _builder_version=&#8220;4.16.0&#8243; _module_preset=&#8220;default&#8220; global_colors_info=&#8220;{}&#8220; theme_builder_area=&#8220;post_content&#8220;][et_pb_blurb use_icon=&#8220;on&#8220; font_icon=&#8220;&#xf129;||fa||900&#8243; icon_placement=&#8220;left&#8220; _builder_version=&#8220;4.16.0&#8243; _module_preset=&#8220;default&#8220; background_color=&#8220;#C4C5C7&#8243; custom_padding=&#8220;10px|2px|10px|10px|false|false&#8220; global_colors_info=&#8220;{}&#8220; theme_builder_area=&#8220;post_content&#8220;]<p><a href=\"https:\/\/blog.hwr-berlin.de\/elerner\/?page_id=38311&amp;preview=true\" target=\"_blank\" rel=\"noopener\">Hier<\/a> finden Sie weitergehende Informationen zum Urheberrecht.<\/p>[\/et_pb_blurb][\/et_pb_column][\/et_pb_row][et_pb_row column_structure=&#8220;1_2,1_2&#8243; _builder_version=&#8220;4.16.0&#8243; _module_preset=&#8220;default&#8220; global_colors_info=&#8220;{}&#8220; theme_builder_area=&#8220;post_content&#8220;][et_pb_column type=&#8220;1_2&#8243; _builder_version=&#8220;4.16.0&#8243; _module_preset=&#8220;default&#8220; global_colors_info=&#8220;{}&#8220; theme_builder_area=&#8220;post_content&#8220;][et_pb_text _builder_version=&#8220;4.16.0&#8243; _module_preset=&#8220;default&#8220; global_colors_info=&#8220;{}&#8220; theme_builder_area=&#8220;post_content&#8220;]<p style=\"text-align: justify;\">Dabei kann er durch verschieden ausgestaltete Lizenzen bestimmen, wie und in welchem Umfang diese genutzt werden k\u00f6nnen. Damit diese Bedingungen wirksam werden, ist kein pers\u00f6nlicher Kontakt zwischen Urheber und Verwender notwendig. Sie werden konkludent mit Nutzung wirksam und bindend. M\u00f6chte man das Werk anders als in den Lizenzbedingungen festgelegt verwenden, muss eine weitergehende Vereinbarung mit dem Urheber bzw. Rechteinhaber geschlossen werden.<\/p>\n<p style=\"text-align: justify;\"><\/p>[\/et_pb_text][\/et_pb_column][et_pb_column type=&#8220;1_2&#8243; _builder_version=&#8220;4.16.0&#8243; _module_preset=&#8220;default&#8220; global_colors_info=&#8220;{}&#8220; theme_builder_area=&#8220;post_content&#8220;][et_pb_text _builder_version=&#8220;4.16.0&#8243; _module_preset=&#8220;default&#8220; global_colors_info=&#8220;{}&#8220; theme_builder_area=&#8220;post_content&#8220;]<p style=\"text-align: justify;\">Bei Missachtung der Bedingungen liegt ein Versto\u00df gegen das Urheberrecht vor und kann entsprechend geahndet werden. Das bedeutet, dass Werke, die unter eine freie Lizenz gestellt werden, nicht automatisch auch gemeinfrei sind. Sie k\u00f6nnen und d\u00fcrfen nur nach den Regeln der festgelegten Lizenz genutzt werden.<\/p>[\/et_pb_text][\/et_pb_column][\/et_pb_row][\/et_pb_section][et_pb_section fb_built=&#8220;1&#8243; _builder_version=&#8220;4.16&#8243; _module_preset=&#8220;default&#8220; global_colors_info=&#8220;{}&#8220; theme_builder_area=&#8220;post_content&#8220;][et_pb_row column_structure=&#8220;1_2,1_2&#8243; _builder_version=&#8220;4.16.0&#8243; _module_preset=&#8220;default&#8220; global_colors_info=&#8220;{}&#8220; theme_builder_area=&#8220;post_content&#8220;][et_pb_column type=&#8220;1_2&#8243; _builder_version=&#8220;4.16.0&#8243; _module_preset=&#8220;default&#8220; global_colors_info=&#8220;{}&#8220; theme_builder_area=&#8220;post_content&#8220;][et_pb_text _builder_version=&#8220;4.16.0&#8243; _module_preset=&#8220;default&#8220; global_colors_info=&#8220;{}&#8220; theme_builder_area=&#8220;post_content&#8220;]<h2 style=\"text-align: justify;\">Was sind Creative Commons-Lizenzen?<\/h2>\n<p style=\"text-align: justify;\">Um einen Eindruck zu bekommen, wie man die Creative Commons-Lizenzen (CC-Lizenzen) nutzen kann, muss die Frage beantwortet werden, was CC-Lizenzen eigentlich sind.<\/p>\n<p style=\"text-align: justify;\">Bei CC-Lizenzen handelt es sich um sogenannte vorformulierte freie Lizenzen, mit denen der Urheber je nach Ausgestaltung selbst entscheiden kann, unter welchen Bedingungen andere Personen ihre Werke nutzen k\u00f6nnen. Diese wurden von der gemeinn\u00fctzigen Organisation Creative Commons (CC) entwickelt. Die Lizenzen k\u00f6nnen auf einfache Art und Weise von jedermann genutzt werden, bed\u00fcrfen demnach kein umfassendes juristisches Vorwissen zum Urheberrecht, und haben weltweiten Bekanntheitsgrad. F\u00fcr die Nutzung macht es keinen Unterschied, um welche Werkart es sich handelt. Gesch\u00fctzt werden k\u00f6nnen Texte, Bilder, Videos und auch Audio-Dateien.<\/p>[\/et_pb_text][\/et_pb_column][et_pb_column type=&#8220;1_2&#8243; _builder_version=&#8220;4.16.0&#8243; _module_preset=&#8220;default&#8220; global_colors_info=&#8220;{}&#8220; theme_builder_area=&#8220;post_content&#8220;][et_pb_text _builder_version=&#8220;4.16.0&#8243; _module_preset=&#8220;default&#8220; global_colors_info=&#8220;{}&#8220; theme_builder_area=&#8220;post_content&#8220;]<h2 style=\"text-align: justify;\">Welchen Vorteil haben die CC-Lizenzen?<\/h2>\n<p style=\"text-align: justify;\">Es gibt sechs verschiedene formulierte Standardlizenzvertr\u00e4ge, die durch CC kostenfrei zur Verf\u00fcgung gestellt werden. Der Urheber kann aus diesen Vertr\u00e4gen ausw\u00e4hlen und definieren, in welchem Umfang er Nutzungsrechte freigeben m\u00f6chte.<\/p>\n<p style=\"text-align: justify;\">CC-Lizenzen gestatten demnach eine umfassendere Nutzung als das Urheberrechtsgesetz (UrhG) es gestattet. Die Lizenzen sind durch verschiedene Icons bzw. K\u00fcrzel ausgestattet, die es erm\u00f6glichen, auf einen Blick klar und deutlich zu erkennen, welche Rechte der Urheber an seinen Werken freigibt.<\/p>\n<p>&nbsp;<\/p>[\/et_pb_text][\/et_pb_column][\/et_pb_row][\/et_pb_section][et_pb_section fb_built=&#8220;1&#8243; prev_background_color=&#8220;#ffffff&#8220; next_background_color=&#8220;#FFFFFF&#8220; _builder_version=&#8220;4.16.0&#8243; _module_preset=&#8220;default&#8220; background_color=&#8220;#F0F0F1&#8243; top_divider_style=&#8220;mountains2&#8243; bottom_divider_style=&#8220;mountains2&#8243; global_colors_info=&#8220;{}&#8220; theme_builder_area=&#8220;post_content&#8220;][et_pb_row _builder_version=&#8220;4.16.0&#8243; _module_preset=&#8220;default&#8220; global_colors_info=&#8220;{}&#8220; theme_builder_area=&#8220;post_content&#8220;][et_pb_column type=&#8220;4_4&#8243; _builder_version=&#8220;4.16.0&#8243; _module_preset=&#8220;default&#8220; global_colors_info=&#8220;{}&#8220; theme_builder_area=&#8220;post_content&#8220;][et_pb_text _builder_version=&#8220;4.16.0&#8243; _module_preset=&#8220;default&#8220; global_colors_info=&#8220;{}&#8220; theme_builder_area=&#8220;post_content&#8220;]<h2>Welche CC-Lizenzen gibt es?<\/h2>\n<p>Alle CC-Lizenzen regeln, dass der Name des Urhebers bei Weiterverwendung genannten werden muss. Das entsprechende K\u00fcrzel dazu ist BY. Dar\u00fcber hinaus kann geregelt werden, ob der Nutzer das Werk bearbeiten darf (ND), es f\u00fcr kommerzielle Zwecke nutzen darf (NC) und unter welchen Bedingungen das Werk weitergegeben werden darf (SA).<\/p>\n<p>Im Folgenden werden die einzelnen Lizenzen mit den entsprechenden Icons aufgelistet:<\/p>[\/et_pb_text][\/et_pb_column][\/et_pb_row][\/et_pb_section][et_pb_section fb_built=&#8220;1&#8243; _builder_version=&#8220;4.16.0&#8243; _module_preset=&#8220;default&#8220; background_color=&#8220;#FFFFFF&#8220; global_colors_info=&#8220;{}&#8220; theme_builder_area=&#8220;post_content&#8220;][et_pb_row column_structure=&#8220;1_3,1_3,1_3&#8243; _builder_version=&#8220;4.16.0&#8243; _module_preset=&#8220;default&#8220; global_colors_info=&#8220;{}&#8220; theme_builder_area=&#8220;post_content&#8220;][et_pb_column type=&#8220;1_3&#8243; _builder_version=&#8220;4.16.0&#8243; _module_preset=&#8220;default&#8220; global_colors_info=&#8220;{}&#8220; theme_builder_area=&#8220;post_content&#8220;][et_pb_blurb image=&#8220;https:\/\/blog.hwr-berlin.de\/elerner\/wp-content\/uploads_elerner\/2023\/02\/BY.jpg&#8220; _builder_version=&#8220;4.16.0&#8243; _module_preset=&#8220;default&#8220; global_colors_info=&#8220;{}&#8220; theme_builder_area=&#8220;post_content&#8220;]<p style=\"text-align: justify;\">Unter der Lizenz mit dem K\u00fcrzel BY muss der Name des Urhebers bei der Verwendung genannt werden. Diese Lizenz ist am wenigsten restriktiv.<\/p>[\/et_pb_blurb][\/et_pb_column][et_pb_column type=&#8220;1_3&#8243; _builder_version=&#8220;4.16.0&#8243; _module_preset=&#8220;default&#8220; global_colors_info=&#8220;{}&#8220; theme_builder_area=&#8220;post_content&#8220;][et_pb_blurb image=&#8220;https:\/\/blog.hwr-berlin.de\/elerner\/wp-content\/uploads_elerner\/2023\/02\/BY-ND.jpg&#8220; _builder_version=&#8220;4.16.0&#8243; _module_preset=&#8220;default&#8220; global_colors_info=&#8220;{}&#8220; theme_builder_area=&#8220;post_content&#8220;]<p style=\"text-align: justify;\">Unter der Lizenz BY-ND muss der Urheber genannt werden; Eine Ver\u00e4nderung des Werkes ist nicht erlaubt. Demnach darf nur die Originalversion des Werkes weitergegeben werden.<\/p>[\/et_pb_blurb][\/et_pb_column][et_pb_column type=&#8220;1_3&#8243; _builder_version=&#8220;4.16.0&#8243; _module_preset=&#8220;default&#8220; global_colors_info=&#8220;{}&#8220; theme_builder_area=&#8220;post_content&#8220;][et_pb_blurb image=&#8220;https:\/\/blog.hwr-berlin.de\/elerner\/wp-content\/uploads_elerner\/2023\/02\/bY-NC.jpg&#8220; _builder_version=&#8220;4.16.0&#8243; _module_preset=&#8220;default&#8220; global_colors_info=&#8220;{}&#8220; theme_builder_area=&#8220;post_content&#8220;]<p style=\"text-align: justify;\">Unter der Lizenz BY-NC muss der Urheber genannt werden; Eine kommerzielle Nutzung des Werks ist nicht erlaubt<\/p>[\/et_pb_blurb][\/et_pb_column][\/et_pb_row][et_pb_row column_structure=&#8220;1_3,1_3,1_3&#8243; _builder_version=&#8220;4.16.0&#8243; _module_preset=&#8220;default&#8220; global_colors_info=&#8220;{}&#8220; theme_builder_area=&#8220;post_content&#8220;][et_pb_column type=&#8220;1_3&#8243; _builder_version=&#8220;4.16.0&#8243; _module_preset=&#8220;default&#8220; global_colors_info=&#8220;{}&#8220; theme_builder_area=&#8220;post_content&#8220;][et_pb_blurb image=&#8220;https:\/\/blog.hwr-berlin.de\/elerner\/wp-content\/uploads_elerner\/2023\/02\/BY-NC-ND.jpg&#8220; _builder_version=&#8220;4.16.0&#8243; _module_preset=&#8220;default&#8220; global_colors_info=&#8220;{}&#8220; theme_builder_area=&#8220;post_content&#8220;]<p style=\"text-align: justify;\">Unter der Lizenz BY-NC-ND muss der Urheber genannt werden. Weder die Bearbeitung noch eine Nutzung f\u00fcr kommerzielle Zwecke ist erlaubt. Diese Lizenz ist die restriktivste aller CC-Lizenzen.<\/p>[\/et_pb_blurb][\/et_pb_column][et_pb_column type=&#8220;1_3&#8243; _builder_version=&#8220;4.16.0&#8243; _module_preset=&#8220;default&#8220; global_colors_info=&#8220;{}&#8220; theme_builder_area=&#8220;post_content&#8220;][et_pb_blurb image=&#8220;https:\/\/blog.hwr-berlin.de\/elerner\/wp-content\/uploads_elerner\/2023\/02\/bY-NC-SA.jpg&#8220; _builder_version=&#8220;4.16.0&#8243; _module_preset=&#8220;default&#8220; global_colors_info=&#8220;{}&#8220; theme_builder_area=&#8220;post_content&#8220;]<p style=\"text-align: justify;\">Unter der Lizenz BY-NC-SA d\u00fcrfen Werke bearbeitet, nicht jedoch nicht kommerziell genutzt werden. Die Weitergabe des Werkes ist nach Ver\u00e4nderung nur unter der gleichen Lizenz m\u00f6glich. Das Werk kann nicht mehr f\u00fcr kommerzielle Nutzungen freigegeben werden. Auch kann die Sperrung der Bearbeitung nicht mehr aufgehoben werden.<\/p>[\/et_pb_blurb][\/et_pb_column][et_pb_column type=&#8220;1_3&#8243; _builder_version=&#8220;4.16.0&#8243; _module_preset=&#8220;default&#8220; global_colors_info=&#8220;{}&#8220; theme_builder_area=&#8220;post_content&#8220;][et_pb_blurb image=&#8220;https:\/\/blog.hwr-berlin.de\/elerner\/wp-content\/uploads_elerner\/2023\/02\/BY-SA.jpg&#8220; _builder_version=&#8220;4.16.0&#8243; _module_preset=&#8220;default&#8220; global_colors_info=&#8220;{}&#8220; theme_builder_area=&#8220;post_content&#8220;]<p style=\"text-align: justify;\">Unter der Lizenz BY-SA ver\u00f6ffentlichte Werke d\u00fcrfen bearbeitet und auch f\u00fcr kommerzielle Zwecke verwendet werden. Diese Rechte d\u00fcrfen auch bei Ver\u00f6ffentlichung einer bearbeiteten Version dieser Werke nicht eingeschr\u00e4nkt werden.<\/p>[\/et_pb_blurb][\/et_pb_column][\/et_pb_row][et_pb_row column_structure=&#8220;1_2,1_2&#8243; _builder_version=&#8220;4.16.0&#8243; _module_preset=&#8220;default&#8220; global_colors_info=&#8220;{}&#8220; theme_builder_area=&#8220;post_content&#8220;][et_pb_column type=&#8220;1_2&#8243; _builder_version=&#8220;4.16.0&#8243; _module_preset=&#8220;default&#8220; global_colors_info=&#8220;{}&#8220; theme_builder_area=&#8220;post_content&#8220;][et_pb_text _builder_version=&#8220;4.16.0&#8243; _module_preset=&#8220;default&#8220; global_colors_info=&#8220;{}&#8220; theme_builder_area=&#8220;post_content&#8220;]<p style=\"text-align: justify;\">Der Rechteinhaber kann auf Anfrage weitere Rechte gew\u00e4hren. Soll beispielsweise ein bestimmtes, unter der Lizenz BY-ND ver\u00f6ffentlichtes Bild f\u00fcr die weitere Verwendung angepasst werden, ist dies zun\u00e4chst nicht erlaubt, da die gew\u00e4hlte Lizenz dies ausschlie\u00dft.<\/p>\n<p style=\"text-align: justify;\">Der Rechteinhaber kann dies im Einzelfall auf Anfrage gestatten, trotz der allgemein nicht gestattenden Lizenz. Es empfiehlt sich, die Erlaubnis schriftlich einzuholen, um im Nachgang einen Nachweis dar\u00fcber f\u00fchren zu k\u00f6nnen.<\/p>[\/et_pb_text][\/et_pb_column][et_pb_column type=&#8220;1_2&#8243; _builder_version=&#8220;4.16.0&#8243; _module_preset=&#8220;default&#8220; global_colors_info=&#8220;{}&#8220; theme_builder_area=&#8220;post_content&#8220;][et_pb_blurb title=&#8220;Abk\u00fcrzungen der einzelnen Lizenzmodule&#8220; use_icon=&#8220;on&#8220; font_icon=&#8220;&#xf12a;||fa||900&#8243; icon_placement=&#8220;left&#8220; _builder_version=&#8220;4.16.0&#8243; _module_preset=&#8220;default&#8220; background_color=&#8220;#F0F0F1&#8243; custom_padding=&#8220;10px|10px|0px|10px|false|false&#8220; global_colors_info=&#8220;{}&#8220; theme_builder_area=&#8220;post_content&#8220;]<ul>\n<li>\u00a0CC BY: Namensnennung (attribute)<\/li>\n<li>CC BY-SA: Namensnennung, Weitergabe unter gleichen Bedingungen (share alike)<\/li>\n<li>CC BY-ND: Namensnennung, keine Bearbeitung (no derivatives)<\/li>\n<li>CC BY-NC: Namensnennung, nicht kommerziell (non commercial)<\/li>\n<li>CC BY-NC-SA: Namensnennung, nicht kommerziell, Weitergabe unter gleichen Bedingungen<\/li>\n<li>CC BY-NC-ND: Namensnennung, nicht kommerziell, keine Bearbeitung<\/li>\n<\/ul>[\/et_pb_blurb][\/et_pb_column][\/et_pb_row][\/et_pb_section][et_pb_section fb_built=&#8220;1&#8243; next_background_color=&#8220;#FFFFFF&#8220; _builder_version=&#8220;4.16.0&#8243; _module_preset=&#8220;default&#8220; background_color=&#8220;#F0F0F1&#8243; top_divider_style=&#8220;mountains2&#8243; top_divider_color=&#8220;#F0F0F1&#8243; top_divider_style_tablet=&#8220;mountains2&#8243; top_divider_style_phone=&#8220;&#8220; top_divider_style_last_edited=&#8220;on|desktop&#8220; bottom_divider_style=&#8220;mountains2&#8243; global_colors_info=&#8220;{}&#8220; theme_builder_area=&#8220;post_content&#8220;][et_pb_row column_structure=&#8220;1_2,1_2&#8243; _builder_version=&#8220;4.16.0&#8243; _module_preset=&#8220;default&#8220; global_colors_info=&#8220;{}&#8220; theme_builder_area=&#8220;post_content&#8220;][et_pb_column type=&#8220;1_2&#8243; _builder_version=&#8220;4.16.0&#8243; _module_preset=&#8220;default&#8220; global_colors_info=&#8220;{}&#8220; theme_builder_area=&#8220;post_content&#8220;][et_pb_text _builder_version=&#8220;4.16.0&#8243; _module_preset=&#8220;default&#8220; global_colors_info=&#8220;{}&#8220; theme_builder_area=&#8220;post_content&#8220;]<h2>Ist eine nachtr\u00e4gliche \u00c4nderung der Lizenz m\u00f6glich?<\/h2>\n<p style=\"text-align: justify;\">Freie Lizenzen sind unwiderruflich. Der Urheber kann also eine einmal erteilte Lizenz nicht zur\u00fcckziehen oder einschr\u00e4nken. Zwar kann der Rechteinhaber sich im Nachgang dazu entscheiden, sein Werk zuk\u00fcnftig nicht mehr unter einer CC-Lizenz zu verbreiten. Allerdings kann er nicht mehr verhindern, dass bereits im Umlauf befindliche CC-lizenzierte Kopien weiterhin im Rahmen der erteilten CC-Lizenz genutzt und geteilt werden. <\/p>[\/et_pb_text][\/et_pb_column][et_pb_column type=&#8220;1_2&#8243; _builder_version=&#8220;4.16.0&#8243; _module_preset=&#8220;default&#8220; global_colors_info=&#8220;{}&#8220; theme_builder_area=&#8220;post_content&#8220;][et_pb_text _builder_version=&#8220;4.16.0&#8243; _module_preset=&#8220;default&#8220; global_colors_info=&#8220;{}&#8220; theme_builder_area=&#8220;post_content&#8220;]<h2>Wie wird ein Lizenzhinweis richtig angebracht?<\/h2>\n<p>Um sicherzustellen, dass das Werk im Rahmen der Lizenzbedingungen genutzt wird, sollte der Lizenzhinweis so angebracht werden, dass dieser f\u00fcr den Nutzer leicht erkennbar ist. Folgenden Inhalt sollte dieser haben:<\/p>\n<ul>\n<li>\u00a0Titel des Werks<\/li>\n<li>Urheber<\/li>\n<li>Lizenzbedingungen<\/li>\n<li>Link auf die Lizenz<\/li>\n<li>Quellenangabe.<\/li>\n<\/ul>[\/et_pb_text][\/et_pb_column][\/et_pb_row][\/et_pb_section][et_pb_section fb_built=&#8220;1&#8243; _builder_version=&#8220;4.16.0&#8243; _module_preset=&#8220;default&#8220; background_color=&#8220;#FFFFFF&#8220; global_colors_info=&#8220;{}&#8220; theme_builder_area=&#8220;post_content&#8220;][et_pb_row _builder_version=&#8220;4.16.0&#8243; _module_preset=&#8220;default&#8220; global_colors_info=&#8220;{}&#8220; theme_builder_area=&#8220;post_content&#8220;][et_pb_column type=&#8220;4_4&#8243; _builder_version=&#8220;4.16.0&#8243; _module_preset=&#8220;default&#8220; global_colors_info=&#8220;{}&#8220; theme_builder_area=&#8220;post_content&#8220;][et_pb_text _builder_version=&#8220;4.16.0&#8243; _module_preset=&#8220;default&#8220; global_colors_info=&#8220;{}&#8220; theme_builder_area=&#8220;post_content&#8220;]<h2>Fazit<\/h2>\n<p style=\"text-align: justify;\">Ohne Erlaubnis des Rechteinhabers bzw. des Urhebers d\u00fcrfen Texte, Bilder, Videos und andere Werke nicht \u00f6ffentlich genutzt werden. Das betrifft das die Nutzung im Rahmen der Lehrmaterialerstellung sowie die Verwendung im Rahmen von Moodle, Emailversand oder sonstiges. Wurde das jeweilige Werk aber mit einer CC-Lizenz versehen, kann das Werk in den Grenzen der Lizenz genutzt werden. <\/p>[\/et_pb_text][\/et_pb_column][\/et_pb_row][\/et_pb_section][et_pb_section fb_built=&#8220;1&#8243; _builder_version=&#8220;4.16.0&#8243; _module_preset=&#8220;default&#8220; global_colors_info=&#8220;{}&#8220; theme_builder_area=&#8220;post_content&#8220;][et_pb_row column_structure=&#8220;3_5,2_5&#8243; _builder_version=&#8220;4.16.0&#8243; _module_preset=&#8220;default&#8220; global_colors_info=&#8220;{}&#8220; theme_builder_area=&#8220;post_content&#8220;][et_pb_column type=&#8220;3_5&#8243; _builder_version=&#8220;4.16.0&#8243; _module_preset=&#8220;default&#8220; global_colors_info=&#8220;{}&#8220; theme_builder_area=&#8220;post_content&#8220;][et_pb_text _builder_version=&#8220;4.16.0&#8243; _module_preset=&#8220;default&#8220; locked=&#8220;off&#8220; global_colors_info=&#8220;{}&#8220; theme_builder_area=&#8220;post_content&#8220;]<h3>Weiterf\u00fchrende Links<\/h3>\n<p>Zu den einzelnen Lizenzen:<\/p>\n<p><a href=\"http:\/\/creativecommons.org\/about\/licenses\/meet-the-licenses\">http:\/\/creativecommons.org\/about\/licenses\/meet-the-licenses<\/a><a href=\"https:\/\/creativecommons.org\/licenses\/?lang=de\"> https:\/\/creativecommons.org\/licenses\/?lang=de<\/a><\/p>\n<p>&nbsp;<\/p>[\/et_pb_text][\/et_pb_column][et_pb_column type=&#8220;2_5&#8243; _builder_version=&#8220;4.16.0&#8243; _module_preset=&#8220;default&#8220; global_colors_info=&#8220;{}&#8220; theme_builder_area=&#8220;post_content&#8220;][et_pb_blurb title=&#8220;Haben Sie Fragen?&#8220; use_icon=&#8220;on&#8220; font_icon=&#8220;&#xe010;||divi||400&#8243; icon_placement=&#8220;left&#8220; _builder_version=&#8220;4.16.0&#8243; _module_preset=&#8220;default&#8220; background_color=&#8220;#F0F0F1&#8243; custom_margin=&#8220;||||false|false&#8220; custom_padding=&#8220;10px|10px|10px|10px|false|false&#8220; locked=&#8220;off&#8220; global_colors_info=&#8220;{}&#8220; theme_builder_area=&#8220;post_content&#8220;]<p>Bei Fragen oder Unsicherheiten stehen wir Ihnen als Lehrende zur Verf\u00fcgung.<\/p>\n<p><strong>rechtsinformation-padll[at]hwr-berlin.de<\/strong><\/p>[\/et_pb_blurb][\/et_pb_column][\/et_pb_row][\/et_pb_section]\n","protected":false},"excerpt":{"rendered":"<p>Der Begriff CC-Lizenzen (bzw. Creative Commons) spielt vor allem eine Rolle, wenn es um Fragen rund um das Thema Urheberrecht geht. Hier soll erl\u00e4utert werden, was CC-Lizenzen sind und wo sie in der Regel zum Einsatz kommen.In diesem Text wird bei Personenbezeichnungen die im zugrundeliegenden Gesetz verwendete Formulierung beibehalten,\u00a0 d. h., es wird keine geschlechtsspezifische [&hellip;]<\/p>\n","protected":false},"author":166,"featured_media":0,"parent":0,"menu_order":0,"comment_status":"closed","ping_status":"closed","template":"","meta":{"_et_pb_use_builder":"on","_et_pb_old_content":"","_et_gb_content_width":"","inline_featured_image":false,"footnotes":""},"class_list":["post-38604","page","type-page","status-publish","hentry"],"_links":{"self":[{"href":"https:\/\/blog.hwr-berlin.de\/elerner\/wp-json\/wp\/v2\/pages\/38604","targetHints":{"allow":["GET"]}}],"collection":[{"href":"https:\/\/blog.hwr-berlin.de\/elerner\/wp-json\/wp\/v2\/pages"}],"about":[{"href":"https:\/\/blog.hwr-berlin.de\/elerner\/wp-json\/wp\/v2\/types\/page"}],"author":[{"embeddable":true,"href":"https:\/\/blog.hwr-berlin.de\/elerner\/wp-json\/wp\/v2\/users\/166"}],"replies":[{"embeddable":true,"href":"https:\/\/blog.hwr-berlin.de\/elerner\/wp-json\/wp\/v2\/comments?post=38604"}],"version-history":[{"count":18,"href":"https:\/\/blog.hwr-berlin.de\/elerner\/wp-json\/wp\/v2\/pages\/38604\/revisions"}],"predecessor-version":[{"id":38637,"href":"https:\/\/blog.hwr-berlin.de\/elerner\/wp-json\/wp\/v2\/pages\/38604\/revisions\/38637"}],"wp:attachment":[{"href":"https:\/\/blog.hwr-berlin.de\/elerner\/wp-json\/wp\/v2\/media?parent=38604"}],"curies":[{"name":"wp","href":"https:\/\/api.w.org\/{rel}","templated":true}]}}