

{"id":39272,"date":"2023-03-31T09:43:57","date_gmt":"2023-03-31T07:43:57","guid":{"rendered":"https:\/\/blog.hwr-berlin.de\/elerner\/?page_id=39272"},"modified":"2025-12-18T09:54:05","modified_gmt":"2025-12-18T08:54:05","slug":"datenschutz-in-der-lehre-dinge-die-bei-online-veranstaltungen-zu-beachten-sind","status":"publish","type":"page","link":"https:\/\/blog.hwr-berlin.de\/elerner\/datenschutz-in-der-lehre-dinge-die-bei-online-veranstaltungen-zu-beachten-sind\/","title":{"rendered":"Datenschutz in der Lehre: Dinge, die bei Online-Veranstaltungen zu beachten sind"},"content":{"rendered":"<p>[et_pb_section fb_built=&#8220;1&#8243; admin_label=&#8220;section&#8220; _builder_version=&#8220;4.16&#8243; global_colors_info=&#8220;{}&#8220; theme_builder_area=&#8220;post_content&#8220;][et_pb_row column_structure=&#8220;3_4,1_4&#8243; admin_label=&#8220;row&#8220; _builder_version=&#8220;4.16&#8243; background_size=&#8220;initial&#8220; background_position=&#8220;top_left&#8220; background_repeat=&#8220;repeat&#8220; global_colors_info=&#8220;{}&#8220; theme_builder_area=&#8220;post_content&#8220;][et_pb_column type=&#8220;3_4&#8243; _builder_version=&#8220;4.16&#8243; custom_padding=&#8220;|||&#8220; global_colors_info=&#8220;{}&#8220; custom_padding__hover=&#8220;|||&#8220; theme_builder_area=&#8220;post_content&#8220;][et_pb_text _builder_version=&#8220;4.16.0&#8243; _module_preset=&#8220;default&#8220; global_colors_info=&#8220;{}&#8220; theme_builder_area=&#8220;post_content&#8220;]<\/p>\n<h1>Datenschutz in der Lehre: Dinge, die bei Online-Veranstaltungen zu beachten sind<o:p><\/o:p><\/h1>\n<p style=\"text-align: justify;\">Wenn es um rechtliche Fragen rund um das Thema Hochschule geht, geht es h\u00e4ufig um Pr\u00fcfungs- oder allgemeines Hochschulrecht. Nicht zu untersch\u00e4tzen ist jedoch der Datenschutz bzw. das Datenschutzrecht. Immer dann, wenn personenbezogene Daten eine Rolle spielen, ist der Anwendungsbereich des Datenschutzrechts er\u00f6ffnet. Dies betrifft im Rahmen der Hochschulthematik auch die Hochschullehre, die hier eine Rolle spielen soll.<\/p>\n<p style=\"text-align: justify;\">Der Schutz personenbezogener Daten r\u00fchrt aus Art. 8 Abs. 2 Satz 1 der Charta der Grundrechte der Europ\u00e4ischen Union. Auf deutscher Ebene wurde das Recht auf informationelle Selbstbestimmung aus Art. 2 Abs. 1 Grundgesetz (Recht auf freie Entfaltung der Pers\u00f6nlichkeit) und Art. 1 Abs. 1 GG (Schutz der Menschenw\u00fcrde) entwickelt. Die Datenschutzgrundverordnung (DSGVO) regelt den Datenschutz direkt, sodass diese auch f\u00fcr Datenverarbeitungen an Hochschulen ma\u00dfgeblich ist. Lesen Sie <a href=\"https:\/\/blog.hwr-berlin.de\/elerner\/?page_id=39300&amp;preview=true\" target=\"_blank\" rel=\"noopener\">hier<\/a> mehr zum Thema allgemeines Pers\u00f6nlichkeitsrecht.<\/p>\n<p style=\"text-align: justify;\">[\/et_pb_text][\/et_pb_column][et_pb_column type=&#8220;1_4&#8243; _builder_version=&#8220;4.16&#8243; custom_padding=&#8220;|||&#8220; global_colors_info=&#8220;{}&#8220; custom_padding__hover=&#8220;|||&#8220; theme_builder_area=&#8220;post_content&#8220;][et_pb_image src=&#8220;https:\/\/blog.hwr-berlin.de\/elerner\/wp-content\/uploads_elerner\/2022\/03\/Fotolia_54305633_XS-e1648072621745.jpg&#8220; alt=&#8220;Dekobild&#8220; title_text=&#8220;3d small people &#8211; Paragraph&#8220; _builder_version=&#8220;4.16.0&#8243; _module_preset=&#8220;default&#8220; global_colors_info=&#8220;{}&#8220; theme_builder_area=&#8220;post_content&#8220;][\/et_pb_image][\/et_pb_column][\/et_pb_row][\/et_pb_section][et_pb_section fb_built=&#8220;1&#8243; prev_background_color=&#8220;#ffffff&#8220; next_background_color=&#8220;#ffffff&#8220; _builder_version=&#8220;4.16.0&#8243; _module_preset=&#8220;default&#8220; background_color=&#8220;#F0F0F1&#8243; top_divider_style=&#8220;mountains2&#8243; bottom_divider_style=&#8220;mountains2&#8243; global_colors_info=&#8220;{}&#8220; theme_builder_area=&#8220;post_content&#8220;][et_pb_row column_structure=&#8220;1_2,1_2&#8243; _builder_version=&#8220;4.16.0&#8243; _module_preset=&#8220;default&#8220; global_colors_info=&#8220;{}&#8220; theme_builder_area=&#8220;post_content&#8220;][et_pb_column type=&#8220;1_2&#8243; _builder_version=&#8220;4.16.0&#8243; _module_preset=&#8220;default&#8220; global_colors_info=&#8220;{}&#8220; theme_builder_area=&#8220;post_content&#8220;][et_pb_text _builder_version=&#8220;4.16.0&#8243; _module_preset=&#8220;default&#8220; global_colors_info=&#8220;{}&#8220; theme_builder_area=&#8220;post_content&#8220;]<\/p>\n<h2>Was sind personenbezogene Daten?<\/h2>\n<p style=\"text-align: justify;\">Personenbezogene Daten sind gem\u00e4\u00df Art. 4 Nr. 1 DSGVO alle Informationen, welche die Identifikation einer Person aufgrund individueller Merkmale zulassen. Im Hochschulbereich, insbesondere im Rahmen der Lehre, sind dabei insbesondere Studierende der jeweiligen Lehrveranstaltung gemeint. So k\u00f6nnen Namen, E-Mail-Adressen, Telefon- oder Matrikelnummern und weitere Hinweise auf eine bestimmte Person geben. Aber auch Stimmen und Bildaufnahmen lassen eine eindeutige Identifikation eines Studierenden zu, sodass auch in diesen F\u00e4llen personenbezogene Daten vorliegen.<\/p>\n<p style=\"text-align: justify;\">\n<p>[\/et_pb_text][\/et_pb_column][et_pb_column type=&#8220;1_2&#8243; _builder_version=&#8220;4.16.0&#8243; _module_preset=&#8220;default&#8220; global_colors_info=&#8220;{}&#8220; theme_builder_area=&#8220;post_content&#8220;][et_pb_text _builder_version=&#8220;4.16.0&#8243; _module_preset=&#8220;default&#8220; global_colors_info=&#8220;{}&#8220; theme_builder_area=&#8220;post_content&#8220;]<\/p>\n<p style=\"text-align: justify;\">\n<p style=\"text-align: justify;\">In all diesen F\u00e4llen greift der Datenschutz und mit ihm das Regelwerk der Datenschutzgrundverordnung (DSGVO) ein. Daneben existieren weitere Datenschutzgesetze, die hier nur eine untergeordnete Rolle spielen.<\/p>\n<p style=\"text-align: justify;\">Da Lehrende ebenfalls mit Studierendendaten in Ber\u00fchrung kommen, ist es im Rahmen der Lehre wichtig, auf bestimmte Dinge zu achten und Lehrende zu diesem Thema stetig zu sensibilisieren. Dies ist zum einen wichtig, um die Pers\u00f6nlichkeitsrechte und die Daten der Studierenden zu sch\u00fctzen und zum anderen um daraus resultierende Bu\u00dfgelder und weitere Sanktionen zu vermeiden. H\u00e4ufiger wird es bei Online-Lehrveranstaltungen relevant, wenn es darum geht, ob Vorlesungen aufgezeichnet werden k\u00f6nnen oder nicht. Bei Unsicherheiten sollte immer R\u00fccksprache mit dem oder der zust\u00e4ndigen Datenschutzbeauftragten gehalten werden.<\/p>\n<p style=\"text-align: justify;\">\n<p>[\/et_pb_text][\/et_pb_column][\/et_pb_row][et_pb_row column_structure=&#8220;3_4,1_4&#8243; _builder_version=&#8220;4.16.0&#8243; _module_preset=&#8220;default&#8220; global_colors_info=&#8220;{}&#8220; theme_builder_area=&#8220;post_content&#8220;][et_pb_column type=&#8220;3_4&#8243; _builder_version=&#8220;4.16.0&#8243; _module_preset=&#8220;default&#8220; global_colors_info=&#8220;{}&#8220; theme_builder_area=&#8220;post_content&#8220;][et_pb_text _builder_version=&#8220;4.16.0&#8243; _module_preset=&#8220;default&#8220; global_colors_info=&#8220;{}&#8220; theme_builder_area=&#8220;post_content&#8220;][\/et_pb_text][et_pb_text _builder_version=&#8220;4.16.0&#8243; _module_preset=&#8220;default&#8220; global_colors_info=&#8220;{}&#8220; theme_builder_area=&#8220;post_content&#8220;]<\/p>\n<h2>Was m\u00fcssen Lehrkr\u00e4fte im Rahmen ihrer Lehre datenschutzrechtlich beachten?<\/h2>\n<p style=\"text-align: justify;\">Die Aufnahme und damit die Verarbeitung personenbezogener Daten ist nur m\u00f6glich, wenn eine Rechtsgrundlage vorliegt, die dies gestattet. In Betracht kommt im Rahmen der Online-Lehre mit Beteiligung der Studierenden oder (geplanten) Aufzeichnungen eine vorhergehende Einwilligung gem\u00e4\u00df Art. 6 1 lit. a) DSGVO durch die Studierenden. Denn wie soeben festgestellt, werden hier personenbezogene Daten in Form von Namen, Videobilder, Stimmen und anderen Merkmalen verarbeitet. <\/p>\n<p>[\/et_pb_text][\/et_pb_column][et_pb_column type=&#8220;1_4&#8243; _builder_version=&#8220;4.16.0&#8243; _module_preset=&#8220;default&#8220; global_colors_info=&#8220;{}&#8220; theme_builder_area=&#8220;post_content&#8220;][et_pb_blurb title=&#8220;Merke: &#8220; use_icon=&#8220;on&#8220; font_icon=&#8220;&#xf12a;||fa||900&#8243; icon_placement=&#8220;left&#8220; image_icon_width=&#8220;35px&#8220; _builder_version=&#8220;4.16.0&#8243; _module_preset=&#8220;default&#8220; background_color=&#8220;#C4C5C7&#8243; width=&#8220;98.7%&#8220; custom_padding=&#8220;10px|10px|10px|10px|false|false&#8220; locked=&#8220;off&#8220; global_colors_info=&#8220;{}&#8220; theme_builder_area=&#8220;post_content&#8220;]<\/p>\n<p style=\"text-align: justify;\">Immer, wenn personenbezogene Daten eine Rolle spielen, werden die Regelungen des Datenschutzrechts relevant. Diese m\u00fcssen zwingend beachtet werden, um etwaigen Sanktionen zu entgehen.<\/p>\n<p>[\/et_pb_blurb][\/et_pb_column][\/et_pb_row][\/et_pb_section][et_pb_section fb_built=&#8220;1&#8243; _builder_version=&#8220;4.16.0&#8243; _module_preset=&#8220;default&#8220; global_colors_info=&#8220;{}&#8220; theme_builder_area=&#8220;post_content&#8220;][et_pb_row column_structure=&#8220;1_2,1_2&#8243; _builder_version=&#8220;4.16.0&#8243; _module_preset=&#8220;default&#8220; global_colors_info=&#8220;{}&#8220; theme_builder_area=&#8220;post_content&#8220;][et_pb_column type=&#8220;1_2&#8243; _builder_version=&#8220;4.16.0&#8243; _module_preset=&#8220;default&#8220; global_colors_info=&#8220;{}&#8220; theme_builder_area=&#8220;post_content&#8220;][et_pb_text _builder_version=&#8220;4.16.0&#8243; _module_preset=&#8220;default&#8220; global_colors_info=&#8220;{}&#8220; theme_builder_area=&#8220;post_content&#8220;]<\/p>\n<h1>Welche rechtlichen Voraussetzungen m\u00fcssen erf\u00fcllt sein?<\/h1>\n<p style=\"text-align: justify;\">M\u00f6chten Lehrende eine Online-Veranstaltung abhalten, empfiehlt es sich, die durch die jeweilige Hochschule angebotenen Online-Tools zu nutzen, um datenschutzrechtliche Sicherheit bzgl. des Tools selbst sicherstellen zu k\u00f6nnen. In der Regel wird Big Blue Button genutzt, das aktuell als eines der rechtssichersten Tools gilt.<\/p>\n<p style=\"text-align: justify;\">Wenn sich Lehrende dazu entscheiden, ihre Online-Veranstaltung ohne aktive Beteiligung der Studierenden zu gestalten, bedarf es keiner aktiven Zustimmung bzw. Einwilligung der Studierenden.<\/p>\n<p style=\"text-align: justify;\">M\u00f6chte man als Lehrender die Studierenden miteinbeziehen, sodass eine aktive Mitarbeit der Studierenden gefordert ist, ist vor Beginn der Veranstaltung ggf. eine Einwilligung diesbez\u00fcglich einzuholen. Diese sollte im besten Fall schriftlich oder per nachverfolgbarer Opt-In-M\u00f6glichkeit erfolgen, um im Nachgang einen Nachweis \u00fcber diese zu haben.<\/p>\n<p>&nbsp;<\/p>\n<p>[\/et_pb_text][\/et_pb_column][et_pb_column type=&#8220;1_2&#8243; _builder_version=&#8220;4.16.0&#8243; _module_preset=&#8220;default&#8220; global_colors_info=&#8220;{}&#8220; theme_builder_area=&#8220;post_content&#8220;][et_pb_text _builder_version=&#8220;4.16.0&#8243; _module_preset=&#8220;default&#8220; global_colors_info=&#8220;{}&#8220; theme_builder_area=&#8220;post_content&#8220;]<\/p>\n<p style=\"text-align: justify;\">Es gen\u00fcgt jedoch auch, wenn der Nachweis einer Anmeldung vorliegt, wobei vorab die Datenschutzinformationen f\u00fcr alle Studierenden nachvollziehbar zur Kenntnis genommen werden muss. Erst in diesem Fall ist die konkludente Einwilligung in Form der Teilnahme an der Online-Lehrveranstaltung rechtswirksam.<\/p>\n<p style=\"text-align: justify;\">\n<p style=\"text-align: justify;\">Wenn man die Online-Veranstaltung aufzeichnen m\u00f6chte, muss darauf geachtet werden, dass Studierende nicht mit aufgezeichnet oder identifizierbar werden &#8211; weder in Bild, Ton oder Text. Wenn sich dies nicht vermeiden l\u00e4sst, sollte auch dazu deren explizite Zustimmung in schriftlicher Form eingeholt werden. Eine Interaktion kann bei fehlender Zustimmung zur Aufzeichnung in den Aufzeichnungspausen stattfinden.<\/p>\n<p style=\"text-align: justify;\">Hier ist jedoch darauf hinzuweisen, dass die die Einwilligung jederzeit f\u00fcr die Zukunft widerrufbar ist. Wenn ein Studierender im Nachgang der Aufzeichnung seine Einwilligung demnach widerruft, m\u00fcssen die Teile des Videodokuments gel\u00f6scht oder nachbearbeitet, so dass die Daten der Studierenden in diesem Fall anonymisiert w\u00e4ren und damit R\u00fcckschl\u00fcsse auch einzelne nicht zulassen.<\/p>\n<p>[\/et_pb_text][\/et_pb_column][\/et_pb_row][\/et_pb_section][et_pb_section fb_built=&#8220;1&#8243; prev_background_color=&#8220;#ffffff&#8220; next_background_color=&#8220;#ffffff&#8220; _builder_version=&#8220;4.16.0&#8243; _module_preset=&#8220;default&#8220; background_color=&#8220;#F0F0F1&#8243; top_divider_style=&#8220;mountains2&#8243; bottom_divider_style=&#8220;mountains2&#8243; global_colors_info=&#8220;{}&#8220; theme_builder_area=&#8220;post_content&#8220;][et_pb_row column_structure=&#8220;3_5,2_5&#8243; _builder_version=&#8220;4.16.0&#8243; _module_preset=&#8220;default&#8220; global_colors_info=&#8220;{}&#8220; theme_builder_area=&#8220;post_content&#8220;][et_pb_column type=&#8220;3_5&#8243; _builder_version=&#8220;4.16.0&#8243; _module_preset=&#8220;default&#8220; global_colors_info=&#8220;{}&#8220; theme_builder_area=&#8220;post_content&#8220;][et_pb_text _builder_version=&#8220;4.16.0&#8243; _module_preset=&#8220;default&#8220; global_colors_info=&#8220;{}&#8220; theme_builder_area=&#8220;post_content&#8220;]<\/p>\n<h2>Wie informiere ich die Studierenden richtig?<\/h2>\n<p style=\"text-align: justify;\">Die Information der Studierenden erfolgt \u00fcber eine Datenschutzinformation gem. Art. 13 DSGVO. Diese muss rechtzeitig zur Verf\u00fcgung gestellt werden, etwa mit Einladung zur jeweiligen Veranstaltung. Es m\u00fcssen umfassende Datenschutzinformationen gem\u00e4\u00df der Art. 13 und Art. 14 DSGVO erteilt werden. Dabei muss auf insbesondere auf das Widerrufsrecht hingewiesen werden (Art. 7 Abs. 3 DSGVO). Zudem m\u00fcssen die Studierenden eine echte Wahlm\u00f6glichkeit haben. Das bedeutet, dass den Studierenden, die ihre Einwilligung nicht erteilen wollen oder k\u00f6nnen, Alternativen angeboten werden m\u00fcssen und ihnen keine Nachteile entstehen d\u00fcrfen.<\/p>\n<p>[\/et_pb_text][\/et_pb_column][et_pb_column type=&#8220;2_5&#8243; _builder_version=&#8220;4.16.0&#8243; _module_preset=&#8220;default&#8220; global_colors_info=&#8220;{}&#8220; theme_builder_area=&#8220;post_content&#8220;][et_pb_blurb title=&#8220;M\u00f6gliche Alternativen&#8220; use_icon=&#8220;on&#8220; font_icon=&#8220;&#x68;||divi||400&#8243; icon_placement=&#8220;left&#8220; image_icon_width=&#8220;35px&#8220; _builder_version=&#8220;4.16.0&#8243; _module_preset=&#8220;default&#8220; background_color=&#8220;#C4C5C7&#8243; custom_padding=&#8220;10px|0px|10px|10px|false|false&#8220; locked=&#8220;off&#8220; global_colors_info=&#8220;{}&#8220; theme_builder_area=&#8220;post_content&#8220;]<\/p>\n<ul>\n<li>Teilnahme der Studierenden als stumme Zuh\u00f6rer der Veranstaltung.<\/li>\n<li>Man k\u00f6nnte die Veranstaltung ohne diesen Studierenden durchf\u00fchren und ggf. im Nachgang durch eine Aufnahme zur Verf\u00fcgung stellen.<\/li>\n<\/ul>\n<p>[\/et_pb_blurb][\/et_pb_column][\/et_pb_row][\/et_pb_section][et_pb_section fb_built=&#8220;1&#8243; _builder_version=&#8220;4.16.0&#8243; _module_preset=&#8220;default&#8220; global_colors_info=&#8220;{}&#8220; theme_builder_area=&#8220;post_content&#8220;][et_pb_row _builder_version=&#8220;4.16.0&#8243; _module_preset=&#8220;default&#8220; global_colors_info=&#8220;{}&#8220; theme_builder_area=&#8220;post_content&#8220;][et_pb_column type=&#8220;4_4&#8243; _builder_version=&#8220;4.16.0&#8243; _module_preset=&#8220;default&#8220; global_colors_info=&#8220;{}&#8220; theme_builder_area=&#8220;post_content&#8220;][et_pb_text _builder_version=&#8220;4.16.0&#8243; _module_preset=&#8220;default&#8220; global_colors_info=&#8220;{}&#8220; theme_builder_area=&#8220;post_content&#8220;]<\/p>\n<h2>Welche Risiken existieren bei Aufzeichnungen von Lehrveranstaltungen?<\/h2>\n<p style=\"text-align: justify;\">Holen Lehrende vor der Aufzeichnung bzw. Ver\u00f6ffentlichung die erforderliche Erlaubnis bzw. Einwilligung der Studierenden nicht ein, kann dies zu rechtlichen Folgen f\u00fchren:<\/p>\n<p style=\"text-align: justify;\">\n<ul>\n<li style=\"text-align: justify;\">Verletzung der Vertraulichkeit des Wortes. Dies kann zu einer Strafbarkeit des Lehrenden nach \u00a7 201 Strafgesetzbuch f\u00fchren.<\/li>\n<li style=\"text-align: justify;\">Verletzung des Rechts am eigenen Bild. In Folge dessen k\u00f6nnen die betroffenen Personen ggfs. Schadensersatz und Unterlassung nach \u00a7\u00a7 823, 1004 B\u00fcrgerliches Gesetzbuch von der HWR verlangen.<\/li>\n<li style=\"text-align: justify;\">Ggfs. Strafbarkeit des Lehrenden wegen der Verbreitung von Bildnissen ohne die erforderliche Erlaubnis nach \u00a7\u00a7 22, 33 Kunsturhebergesetz.<\/li>\n<li style=\"text-align: justify;\">Versto\u00df gegen Datenschutzvorschriften.<\/li>\n<\/ul>\n<p>[\/et_pb_text][\/et_pb_column][\/et_pb_row][et_pb_row _builder_version=&#8220;4.16.0&#8243; _module_preset=&#8220;default&#8220; global_colors_info=&#8220;{}&#8220; theme_builder_area=&#8220;post_content&#8220;][et_pb_column type=&#8220;4_4&#8243; _builder_version=&#8220;4.16.0&#8243; _module_preset=&#8220;default&#8220; global_colors_info=&#8220;{}&#8220; theme_builder_area=&#8220;post_content&#8220;][et_pb_text _builder_version=&#8220;4.16.0&#8243; _module_preset=&#8220;default&#8220; global_colors_info=&#8220;{}&#8220; theme_builder_area=&#8220;post_content&#8220;]<\/p>\n<p>Unsere FAQs finden Sie <a href=\"https:\/\/blog.hwr-berlin.de\/elerner\/wp-admin\/post.php?post=39669&amp;action=edit&amp;classic-editor\" target=\"_blank\" rel=\"noopener\" title=\"FAQs\">hier<\/a>.\u00a0<\/p>\n<p>[\/et_pb_text][\/et_pb_column][\/et_pb_row][\/et_pb_section][et_pb_section fb_built=&#8220;1&#8243; _builder_version=&#8220;4.16.0&#8243; _module_preset=&#8220;default&#8220; global_colors_info=&#8220;{}&#8220; theme_builder_area=&#8220;post_content&#8220;][et_pb_row column_structure=&#8220;3_5,2_5&#8243; _builder_version=&#8220;4.16.0&#8243; _module_preset=&#8220;default&#8220; global_colors_info=&#8220;{}&#8220; theme_builder_area=&#8220;post_content&#8220;][et_pb_column type=&#8220;3_5&#8243; _builder_version=&#8220;4.16.0&#8243; _module_preset=&#8220;default&#8220; global_colors_info=&#8220;{}&#8220; theme_builder_area=&#8220;post_content&#8220;][et_pb_text _builder_version=&#8220;4.16.0&#8243; _module_preset=&#8220;default&#8220; locked=&#8220;off&#8220; global_colors_info=&#8220;{}&#8220; theme_builder_area=&#8220;post_content&#8220;]<\/p>\n<h3>Weiterf\u00fchrende Links<\/h3>\n<p><span>Webseite des Datenschutzbeauftragten der HWR:<\/span><\/p>\n<p><span><a href=\"https:\/\/datenschutz.hwr-berlin.de\/\">https:\/\/datenschutz.hwr-berlin.de\/<\/a><\/span><span><\/span><\/p>\n<p><span>Weitere Informationen zum Datenschutz finden Sie im Internetauftritt des Landesbeauftragten f\u00fcr den Datenschutz:<\/span><\/p>\n<p><span><a href=\"https:\/\/www.datenschutz-berlin.de\">https:\/\/www.datenschutz-berlin.de<\/a><\/span><span><\/span><\/p>\n<p>&nbsp;<\/p>\n<p>[\/et_pb_text][\/et_pb_column][et_pb_column type=&#8220;2_5&#8243; _builder_version=&#8220;4.16.0&#8243; _module_preset=&#8220;default&#8220; global_colors_info=&#8220;{}&#8220; theme_builder_area=&#8220;post_content&#8220;][\/et_pb_column][\/et_pb_row][\/et_pb_section]<\/p>\n","protected":false},"excerpt":{"rendered":"<p>Datenschutz in der Lehre: Dinge, die bei Online-Veranstaltungen zu beachten sind Wenn es um rechtliche Fragen rund um das Thema Hochschule geht, geht es h\u00e4ufig um Pr\u00fcfungs- oder allgemeines Hochschulrecht. Nicht zu untersch\u00e4tzen ist jedoch der Datenschutz bzw. das Datenschutzrecht. Immer dann, wenn personenbezogene Daten eine Rolle spielen, ist der Anwendungsbereich des Datenschutzrechts er\u00f6ffnet. Dies [&hellip;]<\/p>\n","protected":false},"author":166,"featured_media":0,"parent":0,"menu_order":0,"comment_status":"closed","ping_status":"closed","template":"","meta":{"_et_pb_use_builder":"on","_et_pb_old_content":"","_et_gb_content_width":"","inline_featured_image":false,"footnotes":""},"class_list":["post-39272","page","type-page","status-publish","hentry"],"_links":{"self":[{"href":"https:\/\/blog.hwr-berlin.de\/elerner\/wp-json\/wp\/v2\/pages\/39272","targetHints":{"allow":["GET"]}}],"collection":[{"href":"https:\/\/blog.hwr-berlin.de\/elerner\/wp-json\/wp\/v2\/pages"}],"about":[{"href":"https:\/\/blog.hwr-berlin.de\/elerner\/wp-json\/wp\/v2\/types\/page"}],"author":[{"embeddable":true,"href":"https:\/\/blog.hwr-berlin.de\/elerner\/wp-json\/wp\/v2\/users\/166"}],"replies":[{"embeddable":true,"href":"https:\/\/blog.hwr-berlin.de\/elerner\/wp-json\/wp\/v2\/comments?post=39272"}],"version-history":[{"count":38,"href":"https:\/\/blog.hwr-berlin.de\/elerner\/wp-json\/wp\/v2\/pages\/39272\/revisions"}],"predecessor-version":[{"id":44592,"href":"https:\/\/blog.hwr-berlin.de\/elerner\/wp-json\/wp\/v2\/pages\/39272\/revisions\/44592"}],"wp:attachment":[{"href":"https:\/\/blog.hwr-berlin.de\/elerner\/wp-json\/wp\/v2\/media?parent=39272"}],"curies":[{"name":"wp","href":"https:\/\/api.w.org\/{rel}","templated":true}]}}