

{"id":39300,"date":"2023-04-05T12:29:26","date_gmt":"2023-04-05T10:29:26","guid":{"rendered":"https:\/\/blog.hwr-berlin.de\/elerner\/?page_id=39300"},"modified":"2023-07-06T12:30:51","modified_gmt":"2023-07-06T10:30:51","slug":"persoenlichkeitsrechte-schuetzen-auch-im-rahmen-der-hochschullehre","status":"publish","type":"page","link":"https:\/\/blog.hwr-berlin.de\/elerner\/datenschutz-in-der-lehre-dinge-die-bei-online-veranstaltungen-zu-beachten-sind\/persoenlichkeitsrechte-schuetzen-auch-im-rahmen-der-hochschullehre\/","title":{"rendered":"Pers\u00f6nlichkeitsrechte sch\u00fctzen \u2013 auch im Rahmen der Hochschullehre"},"content":{"rendered":"<p>[et_pb_section fb_built=&#8220;1&#8243; admin_label=&#8220;section&#8220; _builder_version=&#8220;4.16&#8243; locked=&#8220;off&#8220; global_colors_info=&#8220;{}&#8220;][et_pb_row column_structure=&#8220;3_4,1_4&#8243; admin_label=&#8220;row&#8220; _builder_version=&#8220;4.16.0&#8243; background_size=&#8220;initial&#8220; background_position=&#8220;top_left&#8220; background_repeat=&#8220;repeat&#8220; global_colors_info=&#8220;{}&#8220;][et_pb_column type=&#8220;3_4&#8243; _builder_version=&#8220;4.16&#8243; custom_padding=&#8220;|||&#8220; global_colors_info=&#8220;{}&#8220; custom_padding__hover=&#8220;|||&#8220;][et_pb_text _builder_version=&#8220;4.16.0&#8243; _module_preset=&#8220;default&#8220; global_colors_info=&#8220;{}&#8220;]<\/p>\n<h1>Pers\u00f6nlichkeitsrechte sch\u00fctzen \u2013<\/h1>\n<h1>auch im Rahmen der Hochschullehre<\/h1>\n<p>[\/et_pb_text][et_pb_text _builder_version=&#8220;4.16.0&#8243; _module_preset=&#8220;default&#8220; global_colors_info=&#8220;{}&#8220;]<\/p>\n<p style=\"text-align: justify;\">Pers\u00f6nlichkeitsrechte sollten auch in Vorlesungen und sonstigen Veranstaltungen an Hochschulen eine wichtige Rolle spielen und nicht untersch\u00e4tzt werden. Zu den Pers\u00f6nlichkeitsrechten z\u00e4hlen die Rechte am eigenen Bild und am eigenen Wort.<\/p>\n<p style=\"text-align: justify;\">Dabei spielt das Datenschutzrecht in diesem Zusammenhang eine wichtige Rolle, welches zum Schutz personenbezogener Daten und somit auch die Rechte am eigenen Bild und am eigenen Wort sch\u00fctzen soll. Auch das Kunsturhebergesetz kann eine Rolle spielen, sollen Aufzeichnungen \u00f6ffentlich zug\u00e4nglich gemacht bzw. anderweitig verbreitet werden. Sofern Aufzeichnungen einer Veranstaltung gemacht und \u00f6ffentlich zur Verf\u00fcgung gestellt werden sollen, greifen die entsprechenden Schutzgesetze ein.<\/p>\n<p>[\/et_pb_text][\/et_pb_column][et_pb_column type=&#8220;1_4&#8243; _builder_version=&#8220;4.16.0&#8243; _module_preset=&#8220;default&#8220; global_colors_info=&#8220;{}&#8220;][et_pb_image src=&#8220;https:\/\/blog.hwr-berlin.de\/elerner\/wp-content\/uploads_elerner\/2022\/03\/Fotolia_54305633_XS-e1648072621745.jpg&#8220; alt=&#8220;Dekobild&#8220; title_text=&#8220;3d small people &#8211; Paragraph&#8220; _builder_version=&#8220;4.16.0&#8243; _module_preset=&#8220;default&#8220; width=&#8220;80%&#8220; max_width=&#8220;80%&#8220; module_alignment=&#8220;right&#8220; global_colors_info=&#8220;{}&#8220;][\/et_pb_image][\/et_pb_column][\/et_pb_row][\/et_pb_section][et_pb_section fb_built=&#8220;1&#8243; prev_background_color=&#8220;#ffffff&#8220; next_background_color=&#8220;#ffffff&#8220; admin_label=&#8220;section&#8220; _builder_version=&#8220;4.16.0&#8243; background_color=&#8220;#F0F0F1&#8243; top_divider_style=&#8220;mountains2&#8243; bottom_divider_style=&#8220;mountains2&#8243; locked=&#8220;off&#8220; global_colors_info=&#8220;{}&#8220;][et_pb_row column_structure=&#8220;1_3,1_3,1_3&#8243; _builder_version=&#8220;4.16.0&#8243; _module_preset=&#8220;default&#8220; background_color=&#8220;RGBA(255,255,255,0)&#8220; custom_padding=&#8220;27px|||||&#8220; global_colors_info=&#8220;{}&#8220;][et_pb_column type=&#8220;1_3&#8243; _builder_version=&#8220;4.16.0&#8243; _module_preset=&#8220;default&#8220; global_colors_info=&#8220;{}&#8220;][et_pb_text _builder_version=&#8220;4.16.0&#8243; _module_preset=&#8220;default&#8220; background_color=&#8220;#F0F0F1&#8243; global_colors_info=&#8220;{}&#8220;]<\/p>\n<h2>Das Recht am eigenen Bild<\/h2>\n<p style=\"text-align: justify;\">Video- und Bildaufnahmen von Personen sind \u201eBildnisse\u201c nach dem Kunsturhebergesetz (KUG).<\/p>\n<p style=\"text-align: justify;\">In den \u00a7\u00a7 22 und 23 des KUG wird das Recht am eigenen Bild geregelt. Es gilt als Teil des allgemeinen Pers\u00f6nlichkeitsrechts aus Art. 1 Abs. 1 und Art. 2 Abs. 1 des Grundgesetztes (GG).<\/p>\n<p style=\"text-align: justify;\">Aus den Grunds\u00e4tzen dieses Rechts resultiert, dass Bildnisse nur mit Einwilligung des Abgebildeten verbreitet oder \u00f6ffentlich zur Schau gestellt werden d\u00fcrfen. Dazu z\u00e4hlen verschiedene Arten der Darstellung.<\/p>\n<p>&nbsp;<\/p>\n<p>[\/et_pb_text][\/et_pb_column][et_pb_column type=&#8220;1_3&#8243; _builder_version=&#8220;4.16.0&#8243; _module_preset=&#8220;default&#8220; global_colors_info=&#8220;{}&#8220;][et_pb_text _builder_version=&#8220;4.16.0&#8243; _module_preset=&#8220;default&#8220; global_colors_info=&#8220;{}&#8220;]<\/p>\n<p style=\"text-align: justify;\">So sind hiervon auch<\/p>\n<ul>\n<li>Zeichnungen,<\/li>\n<li>Gem\u00e4lde,<\/li>\n<li>Skulpturen,<\/li>\n<li>Fotografien und<\/li>\n<li>Filme<\/li>\n<\/ul>\n<p style=\"text-align: justify;\">umfasst.<\/p>\n<p style=\"text-align: justify;\">Das Gesetz selbst spricht nur von der Verbreitung und der \u00f6ffentlichen Zurschaustellung der Bildnisse. Nach der gefestigten Rechtsprechung gilt das Verbot mit Erlaubnisvorbehalt aber auch f\u00fcr die Anfertigung von Bildnissen.<\/p>\n<p>[\/et_pb_text][\/et_pb_column][et_pb_column type=&#8220;1_3&#8243; _builder_version=&#8220;4.16.0&#8243; _module_preset=&#8220;default&#8220; global_colors_info=&#8220;{}&#8220;][et_pb_text _builder_version=&#8220;4.16.0&#8243; _module_preset=&#8220;default&#8220; global_colors_info=&#8220;{}&#8220;]<\/p>\n<h2>Das Recht am eigenen Wort<\/h2>\n<p style=\"text-align: justify;\">Das Recht am eigenen Wort ist eine besondere Auspr\u00e4gung des allgemeinen Pers\u00f6nlichkeitsrechts und erstreckt sich auf die von einer bestimmten Person gesprochenen, geschriebenen oder auf andere Art ge\u00e4u\u00dferten Worte. Davon gesch\u00fctzt ist, selbst zu entscheiden, ob und wie der Inhalt einer Person bzw. einem bestimmten Personenkreis oder der \u00d6ffentlichkeit zug\u00e4nglich sein soll. Demnach stellen Bild- bzw. Tonmitschnitte, die ohne Einwilligung des Betroffenen angefertigt und genutzt werden, eine Verletzung des Rechts am eigenen Wort dar und sind demnach unzul\u00e4ssig.<\/p>\n<p>[\/et_pb_text][\/et_pb_column][\/et_pb_row][\/et_pb_section][et_pb_section fb_built=&#8220;1&#8243; _builder_version=&#8220;4.16.0&#8243; _module_preset=&#8220;default&#8220; global_colors_info=&#8220;{}&#8220;][et_pb_row column_structure=&#8220;2_3,1_3&#8243; _builder_version=&#8220;4.16.0&#8243; _module_preset=&#8220;default&#8220; global_colors_info=&#8220;{}&#8220;][et_pb_column type=&#8220;2_3&#8243; _builder_version=&#8220;4.16.0&#8243; _module_preset=&#8220;default&#8220; global_colors_info=&#8220;{}&#8220;][et_pb_text _builder_version=&#8220;4.16.0&#8243; _module_preset=&#8220;default&#8220; global_colors_info=&#8220;{}&#8220;]<\/p>\n<h2>Personenbezogene Daten<\/h2>\n<p style=\"text-align: justify;\">Personenbezogene Daten sind gem\u00e4\u00df Art. 4 Nr. 1 DSGVO alle Informationen, welche die Identifikation einer Person aufgrund individueller Merkmale zulassen. Im Hochschulbereich, insbesondere im Rahmen der Lehre, sind dabei insbesondere Studierende der jeweiligen Lehrveranstaltung gemeint. So k\u00f6nnen Namen, E-Mail-Adressen, Telefon- oder Matrikelnummern und weitere Hinweise auf eine bestimmte Person geben. Aber auch Stimmen und Bildaufnahmen lassen eine eindeutige Identifikation eines Studierenden zu, sodass auch in diesen F\u00e4llen personenbezogene Daten vorliegen.<\/p>\n<p style=\"text-align: justify;\">Da Lehrende ebenfalls mit Studierendendaten in Ber\u00fchrung kommen, ist es im Rahmen der Lehre wichtig, auf bestimmte Dinge zu achten und Lehrende zu diesem Thema stetig zu sensibilisieren. H\u00e4ufiger wird es bei Online-Lehrveranstaltungen relevant, wenn es darum geht, ob Vorlesungen aufgezeichnet werden k\u00f6nnen oder nicht. <\/p>\n<p>[\/et_pb_text][\/et_pb_column][et_pb_column type=&#8220;1_3&#8243; _builder_version=&#8220;4.16.0&#8243; _module_preset=&#8220;default&#8220; global_colors_info=&#8220;{}&#8220;][et_pb_blurb title=&#8220;Recht in der Lehre&#8220; use_icon=&#8220;on&#8220; font_icon=&#8220;&#xf12a;||fa||900&#8243; icon_placement=&#8220;left&#8220; _builder_version=&#8220;4.16.0&#8243; _module_preset=&#8220;default&#8220; background_color=&#8220;#C4C5C7&#8243; custom_margin=&#8220;||||false|false&#8220; custom_padding=&#8220;10px|10px|10px|10px|false|false&#8220; global_colors_info=&#8220;{}&#8220;]<\/p>\n<p>Alles zum Thema Recht in der digitalen Lehre finden Sie <a href=\"https:\/\/blog.hwr-berlin.de\/elerner\/rechtsinformationen\/\" target=\"_blank\" rel=\"noopener\">hier<\/a>.<\/p>\n<p>[\/et_pb_blurb][\/et_pb_column][\/et_pb_row][\/et_pb_section][et_pb_section fb_built=&#8220;1&#8243; prev_background_color=&#8220;#ffffff&#8220; next_background_color=&#8220;#FFFFFF&#8220; _builder_version=&#8220;4.16.0&#8243; _module_preset=&#8220;default&#8220; background_color=&#8220;#F0F0F1&#8243; top_divider_style=&#8220;mountains2&#8243; bottom_divider_style=&#8220;mountains2&#8243; global_colors_info=&#8220;{}&#8220;][et_pb_row _builder_version=&#8220;4.16.0&#8243; _module_preset=&#8220;default&#8220; custom_padding=&#8220;0px|||||&#8220; global_colors_info=&#8220;{}&#8220;][et_pb_column type=&#8220;4_4&#8243; _builder_version=&#8220;4.16.0&#8243; _module_preset=&#8220;default&#8220; global_colors_info=&#8220;{}&#8220;][et_pb_text _builder_version=&#8220;4.16.0&#8243; _module_preset=&#8220;default&#8220; global_colors_info=&#8220;{}&#8220;]<\/p>\n<h2>Ist eine Person erkennbar?<\/h2>\n<p style=\"text-align: justify;\">Die Verletzung am eigenen Bild setzt voraus, dass eine Person erkennbar ist. Es gen\u00fcgt, wenn Freunde, Familienangeh\u00f6rige oder sonstige Bekannte die Person erkennen. Dies kann durch besondere Merkmale wie Kleidung oder \u00e4hnliches geschehen. Das hei\u00dft also, selbst wenn das Gesicht nicht erkennbar ist, kann eine Verletzung vorliegen, wenn die Person aufgrund anderer Merkmale oder des Kontextes identifizierbar ist.<\/p>\n<p style=\"text-align: justify;\">Wenn also Vorlesungen oder andere hochschulische Veranstaltungen aufgezeichnet werden und andere Personen au\u00dfer der Lehrenden zu sehen sind, kann das allgemeine Pers\u00f6nlichkeitsrecht tangiert sein.<\/p>\n<p>[\/et_pb_text][\/et_pb_column][\/et_pb_row][\/et_pb_section][et_pb_section fb_built=&#8220;1&#8243; admin_label=&#8220;section&#8220; _builder_version=&#8220;4.16.0&#8243; background_color=&#8220;#FFFFFF&#8220; locked=&#8220;off&#8220; global_colors_info=&#8220;{}&#8220;][et_pb_row _builder_version=&#8220;4.16.0&#8243; _module_preset=&#8220;default&#8220; background_color=&#8220;RGBA(255,255,255,0)&#8220; custom_padding=&#8220;27px|||||&#8220; global_colors_info=&#8220;{}&#8220;][et_pb_column type=&#8220;4_4&#8243; _builder_version=&#8220;4.16.0&#8243; _module_preset=&#8220;default&#8220; global_colors_info=&#8220;{}&#8220;][et_pb_text _builder_version=&#8220;4.16.0&#8243; _module_preset=&#8220;default&#8220; background_color=&#8220;#FFFFFF&#8220; global_colors_info=&#8220;{}&#8220;]<\/p>\n<h2>Ausnahmen der Einwilligungspflicht durch den Abgebildeten<\/h2>\n<p style=\"text-align: justify;\">Das KUG nennt einige Ausnahmen, die das Einwilligungserfordernis hinf\u00e4llig machen. In diesen F\u00e4llen d\u00fcrfen Bilder von Personen auch ohne deren Einwilligung erstellt und ver\u00f6ffentlicht werden.<\/p>\n<p style=\"text-align: justify;\">Dies gilt f\u00fcr folgende Personen bzw. Bildnisse:<\/p>\n<p>[\/et_pb_text][\/et_pb_column][\/et_pb_row][et_pb_row _builder_version=&#8220;4.16.0&#8243; _module_preset=&#8220;default&#8220; background_color=&#8220;RGBA(255,255,255,0)&#8220; custom_padding=&#8220;27px|||||&#8220; global_colors_info=&#8220;{}&#8220;][et_pb_column type=&#8220;4_4&#8243; _builder_version=&#8220;4.16.0&#8243; _module_preset=&#8220;default&#8220; global_colors_info=&#8220;{}&#8220;][et_pb_text _builder_version=&#8220;4.16.0&#8243; _module_preset=&#8220;default&#8220; global_colors_info=&#8220;{}&#8220;]<\/p>\n<p style=\"text-align: justify;\">Dies gilt f\u00fcr folgende Personen bzw. Bildnisse:<\/p>\n<ul>\n<li style=\"text-align: justify;\">Bildnisse aus dem Bereich der Zeitgeschichte: Personen, an denen die \u00d6ffentlichkeit ein besonderes gesteigertes Interesse hat, z. B. Politiker, Sportler oder Schauspieler.<\/li>\n<li style=\"text-align: justify;\">Personen als Beiwerk neben einer Landschaft oder sonstigen \u00d6rtlichkeit: Abgebildete Personen sind Beiwerk, wenn die Personenabbildung der Gesamtdarstellung untergeordnet ist und in den Hintergrund tritt. Es handelt sich dabei insbesondere um Situationen, in denen die Personen zuf\u00e4llig oder aus Versehen abgebildet wurden.<\/li>\n<li style=\"text-align: justify;\">Bilder von Versammlungen, Aufz\u00fcgen und \u00e4hnlichen Vorg\u00e4ngen, an denen die dargestellten Personen teilgenommen haben, es sei denn, es handelt sich um eine private bzw. nicht \u00f6ffentliche Veranstaltung; In diesem Fall ist eine Einwilligung einzuholen bzw. vorab \u00fcber Bild- und Filmaufnahmen zu informieren, sodass die Teilnahme als konkludente Einwilligung gewertet werden kann. Aber auch hier empfiehlt sich immer die schriftliche Einwilligung.<\/li>\n<li style=\"text-align: justify;\">Bildnisse, die nicht auf Bestellung angefertigt sind, sofern die Verbreitung oder Schaustellung einem h\u00f6heren Interesse der Kunst dient.<\/li>\n<\/ul>\n<p>[\/et_pb_text][\/et_pb_column][\/et_pb_row][et_pb_row _builder_version=&#8220;4.16.0&#8243; _module_preset=&#8220;default&#8220; global_colors_info=&#8220;{}&#8220;][et_pb_column type=&#8220;4_4&#8243; _builder_version=&#8220;4.16.0&#8243; _module_preset=&#8220;default&#8220; global_colors_info=&#8220;{}&#8220;][et_pb_text _builder_version=&#8220;4.16.0&#8243; _module_preset=&#8220;default&#8220; global_colors_info=&#8220;{}&#8220;]<\/p>\n<p style=\"text-align: justify;\">Immer zu beachten ist jedoch auch bei diesen Gruppierungen, dass keine unzumutbare Verletzung der Privatsph\u00e4re oder der Intimsph\u00e4re gegeben sind und die Bildnisse nicht nur f\u00fcr kommerzielle- Zwecke- genutzt werden sollen.<\/p>\n<p style=\"text-align: justify;\">Im hochschulischen Kontext wird man von den oben genannten Ausnahmef\u00e4llen regelm\u00e4\u00dfig allerdings nicht ausgehen k\u00f6nnen. <\/p>\n<p>[\/et_pb_text][\/et_pb_column][\/et_pb_row][\/et_pb_section][et_pb_section fb_built=&#8220;1&#8243; prev_background_color=&#8220;#FFFFFF&#8220; next_background_color=&#8220;#ffffff&#8220; _builder_version=&#8220;4.16.0&#8243; _module_preset=&#8220;default&#8220; background_color=&#8220;#F0F0F1&#8243; top_divider_style=&#8220;mountains2&#8243; bottom_divider_style=&#8220;mountains2&#8243; global_colors_info=&#8220;{}&#8220;][et_pb_row column_structure=&#8220;1_2,1_2&#8243; _builder_version=&#8220;4.16.0&#8243; _module_preset=&#8220;default&#8220; global_colors_info=&#8220;{}&#8220;][et_pb_column type=&#8220;1_2&#8243; _builder_version=&#8220;4.16.0&#8243; _module_preset=&#8220;default&#8220; global_colors_info=&#8220;{}&#8220;][et_pb_text _builder_version=&#8220;4.16.0&#8243; _module_preset=&#8220;default&#8220; global_colors_info=&#8220;{}&#8220;]<\/p>\n<h2>Liegt eine Einwilligung vor?<\/h2>\n<p style=\"text-align: justify;\">Eine Verbreitung oder Ver\u00f6ffentlichung des Bildnisses eines Abgebildeten darf nur mit Einwilligung der jeweiligen Person geschehen. Die DSGVO geht dabei weiter und verlangt f\u00fcr jedwede Art der Datenverarbeitung eine Rechtsgrundlage. Wird beispielsweise die Vorlesung nur aufgenommen, nicht aber verbreitet oder gar ver\u00f6ffentlicht, bedarf es dennoch einer Rechtsgrundlage. Diese kann in einer Einwilligung gesehen werden.<\/p>\n<p style=\"text-align: justify;\">Diese kann ausdr\u00fccklich erteilt werden, wobei immer zu empfehlen ist, diese schriftlich einzuholen, um im Nachgang einen Nachweis dar\u00fcber zu haben. Es ist darauf zu achten, dass in der schriftlichen Einwilligungserkl\u00e4rung der Art und der Zweck der jeweiligen Verwendung geregelt sein sollte. Zwingende Formerfordernisse bestehen aber nicht. Nach der DSGVO und ihren Erw\u00e4gungsgr\u00fcnden sollte eine eindeutig best\u00e4tigende Handlung vorgenommen werden, die idealerweise schriftlich oder durch Opt-In-M\u00f6glichkeit ausgestaltet ist.<\/p>\n<p>[\/et_pb_text][\/et_pb_column][et_pb_column type=&#8220;1_2&#8243; _builder_version=&#8220;4.16.0&#8243; _module_preset=&#8220;default&#8220; global_colors_info=&#8220;{}&#8220;][et_pb_text _builder_version=&#8220;4.16.0&#8243; _module_preset=&#8220;default&#8220; global_colors_info=&#8220;{}&#8220;]<\/p>\n<p>Wenn nun eine Einwilligung erteilt wurde, kann diese jedoch im Nachgang immer auch widerrufen werden.<\/p>\n<p>Nach dem KUG kann diese aus wichtigem Grund, etwa bei Unzumutbarkeit, widerrufen werden. Davon ist auszugehen, wenn es sich um Bilder handelt, die den Privat- und Intimbereich der jeweiligen Person betreffen und unter Umst\u00e4nden entstanden sind, die die Person nicht absch\u00e4tzen konnte zum Zeitpunkt der Einwilligung.<\/p>\n<p style=\"text-align: justify;\">Anders behandelt die DSGVO die Frage nach dem Widerruf. Laut Art. 7 Abs. 3 DSGVO kann die Einwilligung jederzeit ohne Angabe von Gr\u00fcnden f\u00fcr die Zukunft widerrufen werden.<\/p>\n<p style=\"text-align: justify;\">Ein dritter Grund, der die Einwilligung aufhebt, ist die Anfechtung wegen T\u00e4uschung. Wenn also bei Einholung der Einwilligung \u00fcber den Nutzungszweck get\u00e4uscht wurde, besteht ein Grund, die Einwilligung anzufechten.<\/p>\n<p>[\/et_pb_text][\/et_pb_column][\/et_pb_row][\/et_pb_section][et_pb_section fb_built=&#8220;1&#8243; _builder_version=&#8220;4.16.0&#8243; _module_preset=&#8220;default&#8220; global_colors_info=&#8220;{}&#8220;][et_pb_row column_structure=&#8220;1_2,1_2&#8243; _builder_version=&#8220;4.16.0&#8243; _module_preset=&#8220;default&#8220; global_colors_info=&#8220;{}&#8220;][et_pb_column type=&#8220;1_2&#8243; _builder_version=&#8220;4.16.0&#8243; _module_preset=&#8220;default&#8220; global_colors_info=&#8220;{}&#8220;][et_pb_text _builder_version=&#8220;4.16.0&#8243; _module_preset=&#8220;default&#8220; global_colors_info=&#8220;{}&#8220;]<\/p>\n<h2>Welche Risiken existieren bei Aufzeichnungen von Lehrveranstaltungen?<\/h2>\n<p style=\"text-align: justify;\">Holen sich Lehrende vor der Aufzeichnung bzw. Ver\u00f6ffentlichung die erforderliche Erlaubnis bzw. Einwilligung der Studierenden nicht ein, kann dies zu problematischen rechtlichen Folgen f\u00fchren:<\/p>\n<p>[\/et_pb_text][\/et_pb_column][et_pb_column type=&#8220;1_2&#8243; _builder_version=&#8220;4.16.0&#8243; _module_preset=&#8220;default&#8220; global_colors_info=&#8220;{}&#8220;][et_pb_text _builder_version=&#8220;4.16.0&#8243; _module_preset=&#8220;default&#8220; global_colors_info=&#8220;{}&#8220;]<\/p>\n<ul>\n<li>Verletzung der Vertraulichkeit des Wortes. Dies kann zu einer Strafbarkeit des Lehrenden nach \u00a7 201 Strafgesetzbuch f\u00fchren.<\/li>\n<li>Verletzung des Rechts am eigenen Bild. In Folge dessen k\u00f6nnen die betroffenen Personen ggfs. Schadensersatz und Unterlassung nach \u00a7\u00a7 823, 1004 B\u00fcrgerliches Gesetzbuch von der HWR verlangen.<\/li>\n<li>Ggfs. Strafbarkeit des Lehrenden wegen der Verbreitung von Bildnissen ohne die erforderliche Erlaubnis nach \u00a7\u00a7 22, 33 Kunsturhebergesetz.<\/li>\n<li>Versto\u00df gegen Datenschutzvorschriften.<\/li>\n<\/ul>\n<p>[\/et_pb_text][\/et_pb_column][\/et_pb_row][\/et_pb_section][et_pb_section fb_built=&#8220;1&#8243; admin_label=&#8220;section&#8220; _builder_version=&#8220;4.16&#8243; locked=&#8220;off&#8220; global_colors_info=&#8220;{}&#8220;][et_pb_row column_structure=&#8220;3_5,2_5&#8243; _builder_version=&#8220;4.16.0&#8243; _module_preset=&#8220;default&#8220; global_colors_info=&#8220;{}&#8220;][et_pb_column type=&#8220;3_5&#8243; _builder_version=&#8220;4.16.0&#8243; _module_preset=&#8220;default&#8220; global_colors_info=&#8220;{}&#8220;][et_pb_text _builder_version=&#8220;4.16.0&#8243; _module_preset=&#8220;default&#8220; global_colors_info=&#8220;{}&#8220;]<\/p>\n<h3>Weiterf\u00fchrende Links<\/h3>\n<p>Webseite des Datenschutzbeauftragten der HWR:<\/p>\n<p><a href=\"https:\/\/datenschutz.hwr-berlin.de\/\">https:\/\/datenschutz.hwr-berlin.de\/<\/a><\/p>\n<p>Weitere Informationen zum Datenschutz finden Sie im Internetauftritt des Landesbeauftragten f\u00fcr den Datenschutz:<\/p>\n<p><a href=\"https:\/\/www.datenschutz-berlin.de\">https:\/\/www.datenschutz-berlin.de<\/a><\/p>\n<p>[\/et_pb_text][\/et_pb_column][et_pb_column type=&#8220;2_5&#8243; _builder_version=&#8220;4.16.0&#8243; _module_preset=&#8220;default&#8220; global_colors_info=&#8220;{}&#8220;][et_pb_blurb title=&#8220;Haben Sie Fragen?&#8220; use_icon=&#8220;on&#8220; font_icon=&#8220;&#xe010;||divi||400&#8243; icon_placement=&#8220;left&#8220; _builder_version=&#8220;4.16.0&#8243; _module_preset=&#8220;default&#8220; background_color=&#8220;#F0F0F1&#8243; custom_margin=&#8220;||||false|false&#8220; custom_padding=&#8220;10px|10px|10px|10px|false|false&#8220; global_colors_info=&#8220;{}&#8220;]<\/p>\n<p>Bei Fragen oder Unsicherheiten stehen wir Ihnen als Lehrende zur Verf\u00fcgung.<\/p>\n<p><strong>rechtsinformation-padll[at]hwr-berlin.de<\/strong><\/p>\n<p>[\/et_pb_blurb][\/et_pb_column][\/et_pb_row][\/et_pb_section]<\/p>\n","protected":false},"excerpt":{"rendered":"<p>Pers\u00f6nlichkeitsrechte sch\u00fctzen \u2013 auch im Rahmen der HochschullehrePers\u00f6nlichkeitsrechte sollten auch in Vorlesungen und sonstigen Veranstaltungen an Hochschulen eine wichtige Rolle spielen und nicht untersch\u00e4tzt werden. Zu den Pers\u00f6nlichkeitsrechten z\u00e4hlen die Rechte am eigenen Bild und am eigenen Wort. Dabei spielt das Datenschutzrecht in diesem Zusammenhang eine wichtige Rolle, welches zum Schutz personenbezogener Daten und somit [&hellip;]<\/p>\n","protected":false},"author":166,"featured_media":0,"parent":39272,"menu_order":0,"comment_status":"closed","ping_status":"closed","template":"","meta":{"_et_pb_use_builder":"on","_et_pb_old_content":"","_et_gb_content_width":"","inline_featured_image":false,"footnotes":""},"class_list":["post-39300","page","type-page","status-publish","hentry"],"_links":{"self":[{"href":"https:\/\/blog.hwr-berlin.de\/elerner\/wp-json\/wp\/v2\/pages\/39300","targetHints":{"allow":["GET"]}}],"collection":[{"href":"https:\/\/blog.hwr-berlin.de\/elerner\/wp-json\/wp\/v2\/pages"}],"about":[{"href":"https:\/\/blog.hwr-berlin.de\/elerner\/wp-json\/wp\/v2\/types\/page"}],"author":[{"embeddable":true,"href":"https:\/\/blog.hwr-berlin.de\/elerner\/wp-json\/wp\/v2\/users\/166"}],"replies":[{"embeddable":true,"href":"https:\/\/blog.hwr-berlin.de\/elerner\/wp-json\/wp\/v2\/comments?post=39300"}],"version-history":[{"count":16,"href":"https:\/\/blog.hwr-berlin.de\/elerner\/wp-json\/wp\/v2\/pages\/39300\/revisions"}],"predecessor-version":[{"id":39324,"href":"https:\/\/blog.hwr-berlin.de\/elerner\/wp-json\/wp\/v2\/pages\/39300\/revisions\/39324"}],"up":[{"embeddable":true,"href":"https:\/\/blog.hwr-berlin.de\/elerner\/wp-json\/wp\/v2\/pages\/39272"}],"wp:attachment":[{"href":"https:\/\/blog.hwr-berlin.de\/elerner\/wp-json\/wp\/v2\/media?parent=39300"}],"curies":[{"name":"wp","href":"https:\/\/api.w.org\/{rel}","templated":true}]}}