

{"id":40697,"date":"2023-09-28T15:34:03","date_gmt":"2023-09-28T13:34:03","guid":{"rendered":"https:\/\/blog.hwr-berlin.de\/elerner\/?page_id=40697"},"modified":"2025-04-07T13:39:43","modified_gmt":"2025-04-07T11:39:43","slug":"onboarding-asynchron","status":"publish","type":"page","link":"https:\/\/blog.hwr-berlin.de\/elerner\/onboarding-asynchron\/","title":{"rendered":"Onboarding (asynchron)"},"content":{"rendered":"<p>[et_pb_section fb_built=&#8220;1&#8243; _builder_version=&#8220;4.16&#8243; _module_preset=&#8220;default&#8220; custom_padding=&#8220;||0px|||&#8220; global_colors_info=&#8220;{}&#8220; theme_builder_area=&#8220;post_content&#8220;][et_pb_row _builder_version=&#8220;4.16&#8243; _module_preset=&#8220;default&#8220; global_colors_info=&#8220;{}&#8220; theme_builder_area=&#8220;post_content&#8220;][et_pb_column type=&#8220;4_4&#8243; _builder_version=&#8220;4.16&#8243; _module_preset=&#8220;default&#8220; global_colors_info=&#8220;{}&#8220; theme_builder_area=&#8220;post_content&#8220;][et_pb_text _builder_version=&#8220;4.16.0&#8243; _module_preset=&#8220;default&#8220; global_colors_info=&#8220;{}&#8220; theme_builder_area=&#8220;post_content&#8220;]<\/p>\n<h1>Onboarding Kurs f\u00fcr Lehrende<\/h1>\n<h2>Lehren, Lernen und Pr\u00fcfen mit Online-Werkzeugen<\/h2>\n<p>[\/et_pb_text][\/et_pb_column][\/et_pb_row][\/et_pb_section][et_pb_section fb_built=&#8220;1&#8243; specialty=&#8220;on&#8220; _builder_version=&#8220;4.16&#8243; _module_preset=&#8220;default&#8220; custom_padding=&#8220;0px|||||&#8220; global_colors_info=&#8220;{}&#8220; theme_builder_area=&#8220;post_content&#8220;][et_pb_column type=&#8220;3_4&#8243; specialty_columns=&#8220;3&#8243; _builder_version=&#8220;4.16&#8243; custom_padding=&#8220;|||&#8220; global_colors_info=&#8220;{}&#8220; custom_padding__hover=&#8220;|||&#8220; theme_builder_area=&#8220;post_content&#8220;][et_pb_row_inner _builder_version=&#8220;4.16&#8243; _module_preset=&#8220;default&#8220; global_colors_info=&#8220;{}&#8220; theme_builder_area=&#8220;post_content&#8220;][et_pb_column_inner saved_specialty_column_type=&#8220;3_4&#8243; _builder_version=&#8220;4.16&#8243; _module_preset=&#8220;default&#8220; global_colors_info=&#8220;{}&#8220; theme_builder_area=&#8220;post_content&#8220;][et_pb_text _builder_version=&#8220;4.16.0&#8243; _module_preset=&#8220;default&#8220; global_colors_info=&#8220;{}&#8220; theme_builder_area=&#8220;post_content&#8220;]<\/p>\n<p>In diesem Online-Kurs erhalten Sie einen praxisbezogenen Einblick in die Methoden und Werkzeuge digitaler Lehre, stets in Bezug zu Ihren bisherigen Lehrsettings und entwickeln eigene Konzepte zur erfolgreichen Umsetzung. Die Themen orientieren sich an Grundsituationen, die Ihnen in der praktischen Lehre begegnen und spiegeln diese &#8211; in Theorie und Praxis &#8211; im Bezug zu digitalen Lehr-Lern- und Pr\u00fcfungsszenarien.<\/p>\n<p>[\/et_pb_text][\/et_pb_column_inner][\/et_pb_row_inner][et_pb_row_inner column_structure=&#8220;1_2,1_2&#8243; _builder_version=&#8220;4.16&#8243; _module_preset=&#8220;default&#8220; global_colors_info=&#8220;{}&#8220; theme_builder_area=&#8220;post_content&#8220;][et_pb_column_inner type=&#8220;1_2&#8243; saved_specialty_column_type=&#8220;3_4&#8243; _builder_version=&#8220;4.16&#8243; _module_preset=&#8220;default&#8220; global_colors_info=&#8220;{}&#8220; theme_builder_area=&#8220;post_content&#8220;][et_pb_blurb title=&#8220;Zielgruppe&#8220; use_icon=&#8220;on&#8220; font_icon=&#8220;&#xe0a1;||divi||400&#8243; icon_placement=&#8220;left&#8220; _builder_version=&#8220;4.16.0&#8243; _module_preset=&#8220;default&#8220; global_colors_info=&#8220;{}&#8220; theme_builder_area=&#8220;post_content&#8220;]<\/p>\n<p>Diese Online-Weiterbildung richtet sich an Lehrende der HWR Berlin, die sich mit der Gestaltung von digitaler Lehre auseinandersetzen wollen und die bisher keine oder wenig Erfahrungen in diesem Bereich aufweisen.<\/p>\n<p>[\/et_pb_blurb][et_pb_blurb title=&#8220;Anmeldung&#8220; use_icon=&#8220;on&#8220; font_icon=&#8220;&#xe010;||divi||400&#8243; icon_placement=&#8220;left&#8220; _builder_version=&#8220;4.16.0&#8243; _module_preset=&#8220;default&#8220; hover_enabled=&#8220;0&#8243; global_colors_info=&#8220;{}&#8220; theme_builder_area=&#8220;post_content&#8220; sticky_enabled=&#8220;0&#8243;]<\/p>\n<p>Bitte melden Sie sich bei Interesse unter elearning[at]hwr-berlin.de an oder tragen Sie sich <a href=\"https:\/\/moodle.hwr-berlin.de\/course\/view.php?id=74906\" target=\"_blank\" rel=\"noopener\">im Kurs<\/a> direkt ein,<\/p>\n<p>[\/et_pb_blurb][\/et_pb_column_inner][et_pb_column_inner type=&#8220;1_2&#8243; saved_specialty_column_type=&#8220;3_4&#8243; _builder_version=&#8220;4.16&#8243; _module_preset=&#8220;default&#8220; global_colors_info=&#8220;{}&#8220; theme_builder_area=&#8220;post_content&#8220;][et_pb_blurb title=&#8220;Kursleitung&#8220; use_icon=&#8220;on&#8220; font_icon=&#8220;&#xe08b;||divi||400&#8243; icon_placement=&#8220;left&#8220; _builder_version=&#8220;4.16.0&#8243; _module_preset=&#8220;default&#8220; global_colors_info=&#8220;{}&#8220; theme_builder_area=&#8220;post_content&#8220;]<\/p>\n<p>Susanne Mey M.A., Hochschule f\u00fcr Wirtschaft und Recht Berlin, Master in Medien und Bildung und mit viel Erfahrung in der E-Learning Beratung<\/p>\n<p>[\/et_pb_blurb][\/et_pb_column_inner][\/et_pb_row_inner][\/et_pb_column][et_pb_column type=&#8220;1_4&#8243; _builder_version=&#8220;4.16&#8243; custom_padding=&#8220;|||&#8220; global_colors_info=&#8220;{}&#8220; custom_padding__hover=&#8220;|||&#8220; theme_builder_area=&#8220;post_content&#8220;][et_pb_image src=&#8220;https:\/\/blog.hwr-berlin.de\/elerner\/wp-content\/uploads_elerner\/2018\/03\/Fotolia_94851214_XS.jpg&#8220; alt=&#8220;Dekobild&#8220; title_text=&#8220;Happy student studying together&#8220; show_in_lightbox=&#8220;on&#8220; use_overlay=&#8220;on&#8220; overlay_icon_color=&#8220;#FFFFFF&#8220; hover_overlay_color=&#8220;rgba(0,0,0,0.5)&#8220; hover_icon=&#8220;&#x54;||divi||400&#8243; _builder_version=&#8220;4.16&#8243; _module_preset=&#8220;default&#8220; global_colors_info=&#8220;{}&#8220; theme_builder_area=&#8220;post_content&#8220;][\/et_pb_image][\/et_pb_column][\/et_pb_section][et_pb_section fb_built=&#8220;1&#8243; specialty=&#8220;on&#8220; prev_background_color=&#8220;#ffffff&#8220; next_background_color=&#8220;#ffffff&#8220; _builder_version=&#8220;4.16&#8243; _module_preset=&#8220;default&#8220; background_color=&#8220;#F0F0F1&#8243; z_index=&#8220;99999&#8243; custom_padding=&#8220;100px||100px||true|false&#8220; top_divider_style=&#8220;mountains2&#8243; bottom_divider_style=&#8220;mountains2&#8243; global_colors_info=&#8220;{}&#8220; theme_builder_area=&#8220;post_content&#8220;][et_pb_column type=&#8220;3_4&#8243; specialty_columns=&#8220;3&#8243; _builder_version=&#8220;4.16&#8243; custom_padding=&#8220;|||&#8220; global_colors_info=&#8220;{}&#8220; custom_padding__hover=&#8220;|||&#8220; theme_builder_area=&#8220;post_content&#8220;][et_pb_row_inner module_id=&#8220;01&#8243; _builder_version=&#8220;4.16&#8243; _module_preset=&#8220;default&#8220; custom_padding=&#8220;||0px|||&#8220; global_colors_info=&#8220;{}&#8220; theme_builder_area=&#8220;post_content&#8220;][et_pb_column_inner saved_specialty_column_type=&#8220;3_4&#8243; _builder_version=&#8220;4.16&#8243; _module_preset=&#8220;default&#8220; global_colors_info=&#8220;{}&#8220; theme_builder_area=&#8220;post_content&#8220;][et_pb_text module_id=&#8220;01_lernziele&#8220; _builder_version=&#8220;4.16&#8243; _module_preset=&#8220;default&#8220; global_colors_info=&#8220;{}&#8220; theme_builder_area=&#8220;post_content&#8220;]<\/p>\n<h2 class=\"widget-title\">Lernziele<\/h2>\n<p>[\/et_pb_text][et_pb_text _builder_version=&#8220;4.16.0&#8243; _module_preset=&#8220;default&#8220; global_colors_info=&#8220;{}&#8220; theme_builder_area=&#8220;post_content&#8220;]<\/p>\n<p>Die Teilnehmenden k\u00f6nnen am Ende des Online-Kurses&#8230;\u00a0<\/p>\n<p>&nbsp;<\/p>\n<ul>\n<li>verschiedene digitale Medien und E-Learning-Werkzeuge didaktisch begr\u00fcndet in die digitale Lehre implementieren,<\/li>\n<li>die Vorteile von digital aufbereitetem Studienmaterial erkennen und Lerninhalte mit unterschiedlichen Werkzeugen und Medien digital aufbereiten sowie verschiedenen Medien miteinander kombinieren,<\/li>\n<li>digitale Medien zur Kommunikation mit den Studierenden entsprechend des didaktischen Lehrkonzepts einsetzen und k\u00f6nnen durch erworbene Online-Moderationstechniken Studierende in deren Selbstlernphasen aktiv beim Online-Lernen unterst\u00fctzen,<\/li>\n<li>Werkzeuge zur Online-Kollaboration didaktisch begr\u00fcndet ausw\u00e4hlen und diese sicher anwenden sowie Studierende in deren Selbstlernphasen aktiv zur Kollaboration motivieren und unterst\u00fctzen,<\/li>\n<li>digitale Werkzeuge bereitstellen, die zur \u00dcberpr\u00fcfung des vermittelten Wissen geeignet sind und dies didaktisch begr\u00fcnden. Au\u00dferdem kennen Sie die besonderen Rahmenbedingungen und Vorgaben f\u00fcr formale summative Pr\u00fcfungsettings.<\/li>\n<\/ul>\n<p>[\/et_pb_text][\/et_pb_column_inner][\/et_pb_row_inner][\/et_pb_column][et_pb_column type=&#8220;1_4&#8243; _builder_version=&#8220;4.16&#8243; custom_padding=&#8220;|||&#8220; global_colors_info=&#8220;{}&#8220; custom_padding__hover=&#8220;|||&#8220; theme_builder_area=&#8220;post_content&#8220;][et_pb_text _builder_version=&#8220;4.16.0&#8243; _module_preset=&#8220;default&#8220; text_line_height=&#8220;1em&#8220; link_font=&#8220;||||||||&#8220; link_text_color=&#8220;#FFFFFF&#8220; header_text_color=&#8220;#FFFFFF&#8220; header_2_text_color=&#8220;#FFFFFF&#8220; background_color=&#8220;#D50C2F&#8220; width=&#8220;100%&#8220; custom_margin=&#8220;-150px||||false|false&#8220; custom_padding=&#8220;20px|20px|20px|20px|true|true&#8220; sticky_position=&#8220;top&#8220; sticky_offset_top=&#8220;200px&#8220; box_shadow_style=&#8220;preset3&#8243; global_colors_info=&#8220;{}&#8220; theme_builder_area=&#8220;post_content&#8220;]<\/p>\n<h2>Inhalt<\/h2>\n<p><a href=\"#01_lernziele\">Lernziele<\/a><\/p>\n<p><a href=\"#02_inhalt\">Inhalte und Ablauf<\/a><\/p>\n<p><a href=\"#03_technik\">Leistungsnachweise<\/a><\/p>\n<p>[\/et_pb_text][\/et_pb_column][\/et_pb_section][et_pb_section fb_built=&#8220;1&#8243; specialty=&#8220;on&#8220; _builder_version=&#8220;4.16&#8243; _module_preset=&#8220;default&#8220; global_colors_info=&#8220;{}&#8220; theme_builder_area=&#8220;post_content&#8220;][et_pb_column type=&#8220;3_4&#8243; specialty_columns=&#8220;3&#8243; _builder_version=&#8220;4.16&#8243; custom_padding=&#8220;|||&#8220; global_colors_info=&#8220;{}&#8220; custom_padding__hover=&#8220;|||&#8220; theme_builder_area=&#8220;post_content&#8220;][et_pb_row_inner module_id=&#8220;02&#8243; _builder_version=&#8220;4.16&#8243; _module_preset=&#8220;default&#8220; custom_padding=&#8220;||0px|||&#8220; global_colors_info=&#8220;{}&#8220; theme_builder_area=&#8220;post_content&#8220;][et_pb_column_inner saved_specialty_column_type=&#8220;3_4&#8243; _builder_version=&#8220;4.16&#8243; _module_preset=&#8220;default&#8220; global_colors_info=&#8220;{}&#8220; theme_builder_area=&#8220;post_content&#8220;][et_pb_text module_id=&#8220;02_inhalt&#8220; _builder_version=&#8220;4.16&#8243; _module_preset=&#8220;default&#8220; global_colors_info=&#8220;{}&#8220; theme_builder_area=&#8220;post_content&#8220;]<\/p>\n<h2>Inhalte und Ablauf<\/h2>\n<p>[\/et_pb_text][\/et_pb_column_inner][\/et_pb_row_inner][et_pb_row_inner column_structure=&#8220;1_2,1_2&#8243; _builder_version=&#8220;4.16&#8243; _module_preset=&#8220;default&#8220; global_colors_info=&#8220;{}&#8220; theme_builder_area=&#8220;post_content&#8220;][et_pb_column_inner type=&#8220;1_2&#8243; saved_specialty_column_type=&#8220;3_4&#8243; _builder_version=&#8220;4.16&#8243; _module_preset=&#8220;default&#8220; global_colors_info=&#8220;{}&#8220; theme_builder_area=&#8220;post_content&#8220;][et_pb_text _builder_version=&#8220;4.16.0&#8243; _module_preset=&#8220;default&#8220; global_colors_info=&#8220;{}&#8220; theme_builder_area=&#8220;post_content&#8220;]<\/p>\n<p>Die Veranstaltung ist berufsbegleitend konzipiert und findet online in Moodle statt. Die Teilnehmenden werden durch die asynchronen Online-Phasen begleitet. Dabei besch\u00e4ftigen wir uns mit unterschiedlichen Themenschwerpunkten, die jeweils mit einzureichenden Aufgaben abgeschlossen werden. In der Themeneinheit Kommunikation\/ Kooperation nehmen Sie an einem synchronen Workshop teil, der mehrmals im Jahr von uns angeboten wird.<\/p>\n<p>Der Aufwand kann in Abh\u00e4ngigkeit von der Kommunikationsst\u00e4rke und den vorhandenen Vorkenntnissen variieren.<\/p>\n<p>[\/et_pb_text][\/et_pb_column_inner][et_pb_column_inner type=&#8220;1_2&#8243; saved_specialty_column_type=&#8220;3_4&#8243; _builder_version=&#8220;4.16&#8243; _module_preset=&#8220;default&#8220; global_colors_info=&#8220;{}&#8220; theme_builder_area=&#8220;post_content&#8220;][et_pb_text _builder_version=&#8220;4.16.0&#8243; _module_preset=&#8220;default&#8220; global_colors_info=&#8220;{}&#8220; theme_builder_area=&#8220;post_content&#8220;]<\/p>\n<p><strong><span style=\"color: #333333;\">Themenfelder:<\/span><\/strong><\/p>\n<ul>\n<li><span><span style=\"color: #333333;\">Einblick in digitale Medien f\u00fcr die Lehre<br \/><\/span><\/span><\/li>\n<li><span><span style=\"color: #333333;\">Information und Wissensvermittlung<\/span><\/span><\/li>\n<li><span><span style=\"color: #333333;\">Kommunikation und Kollaboration <\/span><\/span><span><span style=\"color: #333333;\">inkl. synchroner Workshop<br \/><\/span><\/span><\/li>\n<li><span><span style=\"color: #333333;\">Digitales Pr\u00fcfen und Reflexion<\/span><\/span><\/li>\n<li><span><span style=\"color: #333333;\">Abschlusstest (<\/span><\/span><span><span style=\"color: #333333;\">schriftliche Aufgaben, individuelles Coachinggespr\u00e4ch, <\/span><\/span><span><span style=\"color: #333333;\">Feedback)<\/span><\/span><\/li>\n<\/ul>\n<p>&nbsp;<\/p>\n<p>[\/et_pb_text][\/et_pb_column_inner][\/et_pb_row_inner][\/et_pb_column][et_pb_column type=&#8220;1_4&#8243; _builder_version=&#8220;4.16&#8243; custom_padding=&#8220;|||&#8220; global_colors_info=&#8220;{}&#8220; custom_padding__hover=&#8220;|||&#8220; theme_builder_area=&#8220;post_content&#8220;][\/et_pb_column][\/et_pb_section][et_pb_section fb_built=&#8220;1&#8243; specialty=&#8220;on&#8220; prev_background_color=&#8220;#ffffff&#8220; next_background_color=&#8220;#ffffff&#8220; _builder_version=&#8220;4.16&#8243; _module_preset=&#8220;default&#8220; background_color=&#8220;#F0F0F1&#8243; custom_padding=&#8220;100px||100px||true|false&#8220; top_divider_style=&#8220;mountains2&#8243; bottom_divider_style=&#8220;mountains2&#8243; global_colors_info=&#8220;{}&#8220; theme_builder_area=&#8220;post_content&#8220;][et_pb_column type=&#8220;3_4&#8243; specialty_columns=&#8220;3&#8243; _builder_version=&#8220;4.16&#8243; custom_padding=&#8220;|||&#8220; global_colors_info=&#8220;{}&#8220; custom_padding__hover=&#8220;|||&#8220; theme_builder_area=&#8220;post_content&#8220;][et_pb_row_inner column_structure=&#8220;1_2,1_2&#8243; _builder_version=&#8220;4.16&#8243; _module_preset=&#8220;default&#8220; global_colors_info=&#8220;{}&#8220; theme_builder_area=&#8220;post_content&#8220;][et_pb_column_inner type=&#8220;1_2&#8243; saved_specialty_column_type=&#8220;3_4&#8243; _builder_version=&#8220;4.16&#8243; _module_preset=&#8220;default&#8220; global_colors_info=&#8220;{}&#8220; theme_builder_area=&#8220;post_content&#8220;][et_pb_text module_id=&#8220;04_leistungsnachweise&#8220; _builder_version=&#8220;4.16&#8243; _module_preset=&#8220;default&#8220; global_colors_info=&#8220;{}&#8220; theme_builder_area=&#8220;post_content&#8220;]<\/p>\n<h2>Leistungsnachweise<\/h2>\n<p>[\/et_pb_text][et_pb_text _builder_version=&#8220;4.16&#8243; _module_preset=&#8220;default&#8220; global_colors_info=&#8220;{}&#8220; theme_builder_area=&#8220;post_content&#8220;]<\/p>\n<p class=\"widget-title\"><span>Am Ende des Kurses erhalten Sie eine Teilnahmebescheinigung, die Ihnen die erfolgreiche Teilnahme best\u00e4tigt. Der erste Teil des Kurses (32 AE) kann f\u00fcr das Berliner Zertifikat f\u00fcr Hochschullehre des Berliner Zentrums f\u00fcr Hochschullehre (BZHL) angerechnet werden. Die Anrechnung erfolgt im Modul 2 (Spektrum) und entspricht 4 Kurstagen am BZHL.<\/span><\/p>\n<p>[\/et_pb_text][\/et_pb_column_inner][et_pb_column_inner type=&#8220;1_2&#8243; saved_specialty_column_type=&#8220;3_4&#8243; _builder_version=&#8220;4.16&#8243; _module_preset=&#8220;default&#8220; global_colors_info=&#8220;{}&#8220; theme_builder_area=&#8220;post_content&#8220;][\/et_pb_column_inner][\/et_pb_row_inner][\/et_pb_column][et_pb_column type=&#8220;1_4&#8243; _builder_version=&#8220;4.16&#8243; custom_padding=&#8220;|||&#8220; global_colors_info=&#8220;{}&#8220; custom_padding__hover=&#8220;|||&#8220; theme_builder_area=&#8220;post_content&#8220;][\/et_pb_column][\/et_pb_section]<\/p>\n","protected":false},"excerpt":{"rendered":"<p>Onboarding Kurs f\u00fcr Lehrende Lehren, Lernen und Pr\u00fcfen mit Online-WerkzeugenIn diesem Online-Kurs erhalten Sie einen praxisbezogenen Einblick in die Methoden und Werkzeuge digitaler Lehre, stets in Bezug zu Ihren bisherigen Lehrsettings und entwickeln eigene Konzepte zur erfolgreichen Umsetzung. Die Themen orientieren sich an Grundsituationen, die Ihnen in der praktischen Lehre begegnen und spiegeln diese &#8211; [&hellip;]<\/p>\n","protected":false},"author":16,"featured_media":0,"parent":0,"menu_order":0,"comment_status":"closed","ping_status":"closed","template":"","meta":{"_et_pb_use_builder":"on","_et_pb_old_content":"","_et_gb_content_width":"","inline_featured_image":false,"footnotes":""},"class_list":["post-40697","page","type-page","status-publish","hentry"],"_links":{"self":[{"href":"https:\/\/blog.hwr-berlin.de\/elerner\/wp-json\/wp\/v2\/pages\/40697","targetHints":{"allow":["GET"]}}],"collection":[{"href":"https:\/\/blog.hwr-berlin.de\/elerner\/wp-json\/wp\/v2\/pages"}],"about":[{"href":"https:\/\/blog.hwr-berlin.de\/elerner\/wp-json\/wp\/v2\/types\/page"}],"author":[{"embeddable":true,"href":"https:\/\/blog.hwr-berlin.de\/elerner\/wp-json\/wp\/v2\/users\/16"}],"replies":[{"embeddable":true,"href":"https:\/\/blog.hwr-berlin.de\/elerner\/wp-json\/wp\/v2\/comments?post=40697"}],"version-history":[{"count":4,"href":"https:\/\/blog.hwr-berlin.de\/elerner\/wp-json\/wp\/v2\/pages\/40697\/revisions"}],"predecessor-version":[{"id":43298,"href":"https:\/\/blog.hwr-berlin.de\/elerner\/wp-json\/wp\/v2\/pages\/40697\/revisions\/43298"}],"wp:attachment":[{"href":"https:\/\/blog.hwr-berlin.de\/elerner\/wp-json\/wp\/v2\/media?parent=40697"}],"curies":[{"name":"wp","href":"https:\/\/api.w.org\/{rel}","templated":true}]}}