

{"id":43533,"date":"2025-05-20T15:51:14","date_gmt":"2025-05-20T13:51:14","guid":{"rendered":"https:\/\/blog.hwr-berlin.de\/elerner\/?page_id=43533"},"modified":"2025-05-20T16:48:37","modified_gmt":"2025-05-20T14:48:37","slug":"ki-grundlagen","status":"publish","type":"page","link":"https:\/\/blog.hwr-berlin.de\/elerner\/ki-grundlagen\/","title":{"rendered":"KI &#8211; Grundlagen"},"content":{"rendered":"<p>[et_pb_section fb_built=&#8220;1&#8243; _builder_version=&#8220;4.16&#8243; _module_preset=&#8220;default&#8220; global_colors_info=&#8220;{}&#8220; theme_builder_area=&#8220;post_content&#8220; custom_padding=&#8220;||0px|||&#8220;][et_pb_row _builder_version=&#8220;4.16&#8243; _module_preset=&#8220;default&#8220; global_colors_info=&#8220;{}&#8220; theme_builder_area=&#8220;post_content&#8220;][et_pb_column type=&#8220;4_4&#8243; _builder_version=&#8220;4.16&#8243; _module_preset=&#8220;default&#8220; global_colors_info=&#8220;{}&#8220; theme_builder_area=&#8220;post_content&#8220;][et_pb_post_title meta=&#8220;off&#8220; featured_image=&#8220;off&#8220; _builder_version=&#8220;4.16.0&#8243; _module_preset=&#8220;default&#8220; global_colors_info=&#8220;{}&#8220; theme_builder_area=&#8220;post_content&#8220;][\/et_pb_post_title][\/et_pb_column][\/et_pb_row][et_pb_row _builder_version=&#8220;4.16&#8243; _module_preset=&#8220;default&#8220; global_colors_info=&#8220;{}&#8220; theme_builder_area=&#8220;post_content&#8220;][et_pb_column type=&#8220;4_4&#8243; _builder_version=&#8220;4.16&#8243; _module_preset=&#8220;default&#8220; global_colors_info=&#8220;{}&#8220; theme_builder_area=&#8220;post_content&#8220;][et_pb_text module_class=&#8220;auszug&#8220; _builder_version=&#8220;4.16.0&#8243; _dynamic_attributes=&#8220;content&#8220; _module_preset=&#8220;default&#8220; text_font=&#8220;|600|||||||&#8220; text_font_size=&#8220;22px&#8220; header_3_text_color=&#8220;#000000&#8243; header_3_line_height=&#8220;1.7em&#8220; global_colors_info=&#8220;{}&#8220; theme_builder_area=&#8220;post_content&#8220;]@ET-DC@eyJkeW5hbWljIjp0cnVlLCJjb250ZW50IjoicG9zdF9leGNlcnB0Iiwic2V0dGluZ3MiOnsiYmVmb3JlIjoiIiwiYWZ0ZXIiOiIiLCJ3b3JkcyI6IiIsInJlYWRfbW9yZV9sYWJlbCI6IiJ9fQ==@[\/et_pb_text][et_pb_image src=&#8220;@ET-DC@eyJkeW5hbWljIjp0cnVlLCJjb250ZW50IjoicG9zdF9mZWF0dXJlZF9pbWFnZSIsInNldHRpbmdzIjp7fX0=@&#8220; _builder_version=&#8220;4.16.0&#8243; _dynamic_attributes=&#8220;src&#8220; _module_preset=&#8220;default&#8220; global_colors_info=&#8220;{}&#8220; theme_builder_area=&#8220;post_content&#8220;][\/et_pb_image][\/et_pb_column][\/et_pb_row][\/et_pb_section][et_pb_section fb_built=&#8220;1&#8243; _builder_version=&#8220;4.16.0&#8243; _module_preset=&#8220;default&#8220; background_color=&#8220;RGBA(255,255,255,0)&#8220; custom_padding=&#8220;100px||100px||true|false&#8220; global_colors_info=&#8220;{}&#8220; theme_builder_area=&#8220;post_content&#8220;][et_pb_row column_structure=&#8220;1_2,1_2&#8243; make_equal=&#8220;on&#8220; _builder_version=&#8220;4.16.0&#8243; _module_preset=&#8220;default&#8220; positioning=&#8220;none&#8220; module_alignment=&#8220;center&#8220; custom_margin=&#8220;||100px||false|false&#8220; global_colors_info=&#8220;{}&#8220; theme_builder_area=&#8220;post_content&#8220;][et_pb_column type=&#8220;1_2&#8243; _builder_version=&#8220;4.16&#8243; _module_preset=&#8220;default&#8220; global_colors_info=&#8220;{}&#8220; theme_builder_area=&#8220;post_content&#8220;][et_pb_text _builder_version=&#8220;4.16.0&#8243; _module_preset=&#8220;default&#8220; global_colors_info=&#8220;{}&#8220; theme_builder_area=&#8220;post_content&#8220;]<\/p>\n<h2>Technischen Grundlagen<\/h2>\n<p>Was genau ist K\u00fcnstliche Intelligenz \u2013 und wie funktioniert sie? In diesem Video erkl\u00e4ren wir die technischen Grundlagen von KI und generativer KI leicht verst\u00e4ndlich: von den zentralen Bausteinen wie Daten, Algorithmen und Rechenleistung bis hin zu maschinellem Lernen, neuronalen Netzen und Deep Learning. Anhand anschaulicher Beispiele zeigen wir, wie KI bereits heute in unserem Alltag wirkt \u2013 etwa in Sprachassistenten, Navigationssystemen oder Empfehlungstools. Au\u00dferdem werfen wir einen Blick auf die verschiedenen Arten von KI \u2013 von einfachen reaktiven Systemen bis hin zur theoretischen Vision einer selbstbewussten Superintelligenz. Das Video bietet einen kompakten \u00dcberblick \u00fcber den aktuellen Stand der Technik und beleuchtet zugleich die Herausforderungen, die mit der weiteren Entwicklung leistungsf\u00e4higer KI-Systeme verbunden sind.<\/p>\n<p>[\/et_pb_text][\/et_pb_column][et_pb_column type=&#8220;1_2&#8243; _builder_version=&#8220;4.16&#8243; _module_preset=&#8220;default&#8220; global_colors_info=&#8220;{}&#8220; theme_builder_area=&#8220;post_content&#8220;][et_pb_video src=&#8220;https:\/\/media.hwr-berlin.de\/getMedium\/default\/fcf27329b553d199cce3264152902399.mp4&#8243; image_src=&#8220;https:\/\/blog.hwr-berlin.de\/elerner\/wp-content\/uploads_elerner\/2025\/05\/KI-Technische-Grundlagen_thumb_v2.png&#8220; _builder_version=&#8220;4.16.0&#8243; _module_preset=&#8220;default&#8220; hover_enabled=&#8220;0&#8243; border_radii=&#8220;on|20px|20px|20px|20px&#8220; box_shadow_style=&#8220;preset3&#8243; global_colors_info=&#8220;{}&#8220; theme_builder_area=&#8220;post_content&#8220; box_shadow_spread=&#8220;5px&#8220; sticky_enabled=&#8220;0&#8243; box_shadow_blur=&#8220;30px&#8220;][\/et_pb_video][\/et_pb_column][\/et_pb_row][et_pb_row column_structure=&#8220;1_2,1_2&#8243; make_equal=&#8220;on&#8220; _builder_version=&#8220;4.16.0&#8243; _module_preset=&#8220;default&#8220; positioning=&#8220;none&#8220; module_alignment=&#8220;center&#8220; custom_margin=&#8220;||100px||false|false&#8220; global_colors_info=&#8220;{}&#8220; theme_builder_area=&#8220;post_content&#8220;][et_pb_column type=&#8220;1_2&#8243; _builder_version=&#8220;4.16&#8243; _module_preset=&#8220;default&#8220; global_colors_info=&#8220;{}&#8220; theme_builder_area=&#8220;post_content&#8220;][et_pb_text _builder_version=&#8220;4.16.0&#8243; _module_preset=&#8220;default&#8220; global_colors_info=&#8220;{}&#8220; theme_builder_area=&#8220;post_content&#8220;]<\/p>\n<h2>Gesellschaftliche Reflektion<\/h2>\n<p>In diesem Video werfen wir einen kritischen Blick auf die gesellschaftlichen Auswirkungen von K\u00fcnstlicher Intelligenz. Neben technischen Fortschritten bringt der KI-Einsatz auch ethische, rechtliche und kulturelle Herausforderungen mit sich. Wir beleuchten Fragen der Verantwortung bei KI-Entscheidungen, Risiken durch diskriminierende Algorithmen und die Bedeutung von Datenschutz und Regulierung. Zudem thematisieren wir, wie KI unsere Arbeitswelt ver\u00e4ndert und welche Auswirkungen sie auf unser Selbstbild und gesellschaftliche Rollen haben kann. Ziel ist es, ein Bewusstsein f\u00fcr eine verantwortungsvolle Integration von KI zu schaffen. Der Beitrag ruft zu einer gemeinsamen Reflexion aller gesellschaftlichen Akteure auf, um klare Leitlinien zu entwickeln, die den technologischen Wandel mit unseren ethischen Werten und gesellschaftlichen Zielen in Einklang bringen.<\/p>\n<p>[\/et_pb_text][\/et_pb_column][et_pb_column type=&#8220;1_2&#8243; _builder_version=&#8220;4.16&#8243; _module_preset=&#8220;default&#8220; global_colors_info=&#8220;{}&#8220; theme_builder_area=&#8220;post_content&#8220;][et_pb_video src=&#8220;https:\/\/media.hwr-berlin.de\/getMedium\/default\/b598cf498f49f21ebd1424ae93110572.mp4&#8243; image_src=&#8220;https:\/\/blog.hwr-berlin.de\/elerner\/wp-content\/uploads_elerner\/2025\/05\/KI-Gesellschaftliche-Reflexion_thumb_v2.png&#8220; _builder_version=&#8220;4.16.0&#8243; _module_preset=&#8220;default&#8220; hover_enabled=&#8220;0&#8243; border_radii=&#8220;on|20px|20px|20px|20px&#8220; box_shadow_style=&#8220;preset3&#8243; global_colors_info=&#8220;{}&#8220; theme_builder_area=&#8220;post_content&#8220; title_text=&#8220;KI &#8211; Gesellschaftliche Reflexion_thumb_v2&#8243; sticky_enabled=&#8220;0&#8243; box_shadow_blur=&#8220;30px&#8220; box_shadow_spread=&#8220;10px&#8220;][\/et_pb_video][\/et_pb_column][\/et_pb_row][et_pb_row column_structure=&#8220;1_2,1_2&#8243; make_equal=&#8220;on&#8220; _builder_version=&#8220;4.16.0&#8243; _module_preset=&#8220;default&#8220; positioning=&#8220;none&#8220; module_alignment=&#8220;center&#8220; custom_margin=&#8220;||100px||false|false&#8220; global_colors_info=&#8220;{}&#8220; theme_builder_area=&#8220;post_content&#8220;][et_pb_column type=&#8220;1_2&#8243; _builder_version=&#8220;4.16&#8243; _module_preset=&#8220;default&#8220; global_colors_info=&#8220;{}&#8220; theme_builder_area=&#8220;post_content&#8220;][et_pb_text _builder_version=&#8220;4.16.0&#8243; _module_preset=&#8220;default&#8220; global_colors_info=&#8220;{}&#8220; theme_builder_area=&#8220;post_content&#8220;]<\/p>\n<h2>Organisation und Automatisierung<\/h2>\n<p>Dieses Video zeigt, wie K\u00fcnstliche Intelligenz Organisationen und Bildungseinrichtungen unterst\u00fctzt. KI wird genutzt, um Daten zu analysieren, Prozesse zu automatisieren und Entscheidungen zu optimieren \u2013 sei es bei Wartungspl\u00e4nen, Lernpfaden oder Ressourcenverteilung. Durch maschinelles Lernen, automatisierte Bewertungen und Promptbibliotheken lassen sich Arbeitsabl\u00e4ufe deutlich effizienter gestalten. Doch mit dem technologischen Fortschritt wachsen auch die Anforderungen: neue Kompetenzen, hybride Arbeitsmodelle und agile Strukturen sind gefragt. Zudem gilt es, Herausforderungen wie Datenschutz, Datenqualit\u00e4t und Change Management zu meistern. Die enge Zusammenarbeit zwischen IT und Fachabteilungen ist dabei entscheidend. Das Video bietet einen praxisnahen Einblick, wie KI den Wandel in Wirtschaft und Bildung mitgestaltet \u2013 und wie man diesen Wandel erfolgreich und verantwortungsvoll umsetzt.<\/p>\n<p>[\/et_pb_text][\/et_pb_column][et_pb_column type=&#8220;1_2&#8243; _builder_version=&#8220;4.16&#8243; _module_preset=&#8220;default&#8220; global_colors_info=&#8220;{}&#8220; theme_builder_area=&#8220;post_content&#8220;][et_pb_video src=&#8220;https:\/\/media.hwr-berlin.de\/getMedium\/default\/87d7674f49b7b8392e99f2bccd311d96.mp4&#8243; image_src=&#8220;https:\/\/blog.hwr-berlin.de\/elerner\/wp-content\/uploads_elerner\/2025\/05\/KI-Organisation-und-Automatisierung_thumb_v2.png&#8220; _builder_version=&#8220;4.16.0&#8243; _module_preset=&#8220;default&#8220; hover_enabled=&#8220;0&#8243; border_radii=&#8220;on|20px|20px|20px|20px&#8220; box_shadow_style=&#8220;preset3&#8243; global_colors_info=&#8220;{}&#8220; theme_builder_area=&#8220;post_content&#8220; title_text=&#8220;KI &#8211; Organisation und Automatisierung_thumb_v2&#8243; sticky_enabled=&#8220;0&#8243; box_shadow_blur=&#8220;30px&#8220; box_shadow_spread=&#8220;10px&#8220;][\/et_pb_video][\/et_pb_column][\/et_pb_row][et_pb_row column_structure=&#8220;1_2,1_2&#8243; make_equal=&#8220;on&#8220; _builder_version=&#8220;4.16.0&#8243; _module_preset=&#8220;default&#8220; positioning=&#8220;none&#8220; module_alignment=&#8220;center&#8220; custom_margin=&#8220;||100px||false|false&#8220; global_colors_info=&#8220;{}&#8220; theme_builder_area=&#8220;post_content&#8220;][et_pb_column type=&#8220;1_2&#8243; _builder_version=&#8220;4.16&#8243; _module_preset=&#8220;default&#8220; global_colors_info=&#8220;{}&#8220; theme_builder_area=&#8220;post_content&#8220;][et_pb_text _builder_version=&#8220;4.16.0&#8243; _module_preset=&#8220;default&#8220; global_colors_info=&#8220;{}&#8220; theme_builder_area=&#8220;post_content&#8220;]<\/p>\n<h2>Kreative Inhalte gestalten<\/h2>\n<p>K\u00fcnstliche Intelligenz ver\u00e4ndert die kreative Arbeit. In diesem Video zeigen wir, wie KI bei der Gestaltung von Texten, Bildern, Musik und Filmen als Inspirationsquelle und Werkzeug dient. Ob durch Bildgeneratoren, Musikkomposition oder Textvorschl\u00e4ge \u2013 moderne KI-Modelle wie GANs, Transformer und Autoencoder er\u00f6ffnen neue kreative M\u00f6glichkeiten. Dabei bleibt der Mensch im Zentrum der Gestaltung. Wir beleuchten die Technologien, zeigen konkrete Anwendungsbeispiele aus Kunst, Musik, Literatur und Film und gehen auf zentrale Herausforderungen ein \u2013 von Urheberrecht \u00fcber Datenqualit\u00e4t bis zur Integration in kreative Arbeitsprozesse. Das Video bietet einen praxisnahen \u00dcberblick, wie man KI kreativ und verantwortungsvoll einsetzen kann \u2013 f\u00fcr neue Ideen, effizientere Abl\u00e4ufe und inspirierende Ergebnisse.<\/p>\n<p>[\/et_pb_text][\/et_pb_column][et_pb_column type=&#8220;1_2&#8243; _builder_version=&#8220;4.16&#8243; _module_preset=&#8220;default&#8220; global_colors_info=&#8220;{}&#8220; theme_builder_area=&#8220;post_content&#8220;][et_pb_video src=&#8220;https:\/\/media.hwr-berlin.de\/getMedium\/default\/17ead9a5060f3f91422c45c7643969a6.mp4&#8243; image_src=&#8220;https:\/\/blog.hwr-berlin.de\/elerner\/wp-content\/uploads_elerner\/2025\/05\/KI-Kreative-Inhalte-gestalten_thumb_v2.png&#8220; _builder_version=&#8220;4.16.0&#8243; _module_preset=&#8220;default&#8220; hover_enabled=&#8220;0&#8243; border_radii=&#8220;on|20px|20px|20px|20px&#8220; box_shadow_style=&#8220;preset3&#8243; global_colors_info=&#8220;{}&#8220; theme_builder_area=&#8220;post_content&#8220; sticky_enabled=&#8220;0&#8243; title_text=&#8220;KI &#8211; Kreative Inhalte gestalten_thumb_v2&#8243; box_shadow_blur=&#8220;30px&#8220; box_shadow_spread=&#8220;10px&#8220;][\/et_pb_video][\/et_pb_column][\/et_pb_row][et_pb_row column_structure=&#8220;1_2,1_2&#8243; make_equal=&#8220;on&#8220; _builder_version=&#8220;4.16.0&#8243; _module_preset=&#8220;default&#8220; positioning=&#8220;none&#8220; module_alignment=&#8220;center&#8220; custom_margin=&#8220;||100px||false|false&#8220; global_colors_info=&#8220;{}&#8220; theme_builder_area=&#8220;post_content&#8220;][et_pb_column type=&#8220;1_2&#8243; _builder_version=&#8220;4.16&#8243; _module_preset=&#8220;default&#8220; global_colors_info=&#8220;{}&#8220; theme_builder_area=&#8220;post_content&#8220;][et_pb_text _builder_version=&#8220;4.16.0&#8243; _module_preset=&#8220;default&#8220; global_colors_info=&#8220;{}&#8220; theme_builder_area=&#8220;post_content&#8220;]<\/p>\n<h2>Recherche und Datenanalyse<\/h2>\n<p>Dieses Video zeigt, wie K\u00fcnstliche Intelligenz Recherche und Datenanalyse revolutioniert. Ob in Wissenschaft, Wirtschaft oder Bildung \u2013 KI-Systeme unterst\u00fctzen bei der Informationssuche, Datenaufbereitung und Visualisierung komplexer Zusammenh\u00e4nge. Im Vergleich zu klassischen Suchmethoden liefern sie kontextbezogene, strukturierte Ergebnisse und helfen dabei, Trends oder Muster schneller zu erkennen. Die Kombination aus automatisierter Analyse und menschlicher Bewertung erm\u00f6glicht fundierte Entscheidungen. Ein besonderer Fokus liegt auf dem sogenannten \u201ePrompt Engineering\u201c: Durch gezielte Eingabeanweisungen lassen sich KI-Ergebnisse pr\u00e4zise steuern und verbessern. Zudem thematisiert das Video wichtige Aspekte wie Quellenkritik, Ergebnisvalidierung und Transparenz. So wird deutlich, wie KI als leistungsf\u00e4higes Werkzeug zur Wissensgenerierung beitragen kann \u2013 bei gleichzeitiger Wahrung wissenschaftlicher und ethischer Standards.<\/p>\n<p>[\/et_pb_text][\/et_pb_column][et_pb_column type=&#8220;1_2&#8243; _builder_version=&#8220;4.16&#8243; _module_preset=&#8220;default&#8220; global_colors_info=&#8220;{}&#8220; theme_builder_area=&#8220;post_content&#8220;][et_pb_video src=&#8220;https:\/\/media.hwr-berlin.de\/getMedium\/default\/9cb260d4fa9e424c73be140836cc5b64.mp4&#8243; image_src=&#8220;https:\/\/blog.hwr-berlin.de\/elerner\/wp-content\/uploads_elerner\/2025\/05\/KI-Recherche-und-Datenanalyse_thumb_v2.png&#8220; _builder_version=&#8220;4.16.0&#8243; _module_preset=&#8220;default&#8220; hover_enabled=&#8220;0&#8243; border_radii=&#8220;on|20px|20px|20px|20px&#8220; box_shadow_style=&#8220;preset3&#8243; global_colors_info=&#8220;{}&#8220; theme_builder_area=&#8220;post_content&#8220; title_text=&#8220;KI &#8211; Recherche und Datenanalyse_thumb_v2&#8243; sticky_enabled=&#8220;0&#8243; box_shadow_blur=&#8220;30px&#8220; box_shadow_spread=&#8220;10px&#8220;][\/et_pb_video][\/et_pb_column][\/et_pb_row][\/et_pb_section]<\/p>\n","protected":false},"excerpt":{"rendered":"<p>In dieser f\u00fcnfteiligen Videoreihe werden zentrale Aspekte K\u00fcnstlicher Intelligenz leicht verst\u00e4ndlich erkl\u00e4rt. Die Themen reichen von technischen Grundlagen \u00fcber gesellschaftliche Fragen bis hin zu praktischen Anwendungen in Organisation, Kreativit\u00e4t und Forschung.<\/p>\n<p>Im Mittelpunkt stehen nicht nur Chancen, sondern auch Herausforderungen: Wie kann KI verantwortungsvoll genutzt werden? Welche ethischen, rechtlichen und kulturellen Fragen m\u00fcssen wir dabei bedenken?<\/p>\n<p>Der begleitende Artikel bietet einen kompakten \u00dcberblick, ordnet die Inhalte der Videos ein und l\u00e4dt dazu ein, KI als gestaltbares Werkzeug unserer Zeit zu verstehen.<\/p>\n","protected":false},"author":162,"featured_media":0,"parent":0,"menu_order":0,"comment_status":"closed","ping_status":"closed","template":"","meta":{"_et_pb_use_builder":"on","_et_pb_old_content":"","_et_gb_content_width":"","inline_featured_image":false,"footnotes":""},"class_list":["post-43533","page","type-page","status-publish","hentry"],"_links":{"self":[{"href":"https:\/\/blog.hwr-berlin.de\/elerner\/wp-json\/wp\/v2\/pages\/43533","targetHints":{"allow":["GET"]}}],"collection":[{"href":"https:\/\/blog.hwr-berlin.de\/elerner\/wp-json\/wp\/v2\/pages"}],"about":[{"href":"https:\/\/blog.hwr-berlin.de\/elerner\/wp-json\/wp\/v2\/types\/page"}],"author":[{"embeddable":true,"href":"https:\/\/blog.hwr-berlin.de\/elerner\/wp-json\/wp\/v2\/users\/162"}],"replies":[{"embeddable":true,"href":"https:\/\/blog.hwr-berlin.de\/elerner\/wp-json\/wp\/v2\/comments?post=43533"}],"version-history":[{"count":20,"href":"https:\/\/blog.hwr-berlin.de\/elerner\/wp-json\/wp\/v2\/pages\/43533\/revisions"}],"predecessor-version":[{"id":43559,"href":"https:\/\/blog.hwr-berlin.de\/elerner\/wp-json\/wp\/v2\/pages\/43533\/revisions\/43559"}],"wp:attachment":[{"href":"https:\/\/blog.hwr-berlin.de\/elerner\/wp-json\/wp\/v2\/media?parent=43533"}],"curies":[{"name":"wp","href":"https:\/\/api.w.org\/{rel}","templated":true}]}}