

{"id":1049,"date":"2025-11-12T12:00:30","date_gmt":"2025-11-12T11:00:30","guid":{"rendered":"https:\/\/blog.hwr-berlin.de\/futuretourism\/?page_id=1049"},"modified":"2026-02-04T15:07:10","modified_gmt":"2026-02-04T14:07:10","slug":"intergastra","status":"publish","type":"page","link":"https:\/\/blog.hwr-berlin.de\/futuretourism\/intergastra\/","title":{"rendered":"Intergastra"},"content":{"rendered":"\t\t<div data-elementor-type=\"wp-page\" data-elementor-id=\"1049\" class=\"elementor elementor-1049\">\n\t\t\t\t<div class=\"elementor-element elementor-element-66d57f5 e-flex e-con-boxed e-con e-parent\" data-id=\"66d57f5\" data-element_type=\"container\" data-e-type=\"container\">\n\t\t\t\t\t<div class=\"e-con-inner\">\n\t\t\t\t<div class=\"elementor-element elementor-element-a1663ce elementor-widget elementor-widget-heading\" data-id=\"a1663ce\" data-element_type=\"widget\" data-e-type=\"widget\" data-widget_type=\"heading.default\">\n\t\t\t\t\t<h2 class=\"elementor-heading-title elementor-size-default\">Unser Weg zur Intergastra<\/h2>\t\t\t\t<\/div>\n\t\t\t\t\t<\/div>\n\t\t\t\t<\/div>\n\t\t<div class=\"elementor-element elementor-element-400783a e-flex e-con-boxed e-con e-parent\" data-id=\"400783a\" data-element_type=\"container\" data-e-type=\"container\">\n\t\t\t\t\t<div class=\"e-con-inner\">\n\t\t\t\t<div class=\"elementor-element elementor-element-0b75a7f elementor-widget elementor-widget-text-editor\" data-id=\"0b75a7f\" data-element_type=\"widget\" data-e-type=\"widget\" data-widget_type=\"text-editor.default\">\n\t\t\t\t\t\t\t\t\t<p>Wir sind die FokusHOTEL\/INTERGASTRA-Gruppe des dualen Studiengangs BWL \/ Tourismus an der Hochschule f\u00fcr Wirtschaft und Recht Berlin (HWR Berlin) und nehmen vom 7. bis 11. Februar 2026 an der Fachmesse INTERGASTRA in Stuttgart teil. Zu acht machen wir uns auf den Weg, um dort nicht nur Messeatmosph\u00e4re zu erleben, sondern aktiv Teil des Geschehens der FokusHOTEL zu sein.<\/p>\t\t\t\t\t\t\t\t<\/div>\n\t\t\t\t\t<\/div>\n\t\t\t\t<\/div>\n\t\t<div class=\"elementor-element elementor-element-80cb724 e-flex e-con-boxed e-con e-parent\" data-id=\"80cb724\" data-element_type=\"container\" data-e-type=\"container\">\n\t\t\t\t\t<div class=\"e-con-inner\">\n\t\t\t\t<div class=\"elementor-element elementor-element-920cb73 elementor-widget-divider--view-line elementor-widget elementor-widget-divider\" data-id=\"920cb73\" data-element_type=\"widget\" data-e-type=\"widget\" data-widget_type=\"divider.default\">\n\t\t\t\t\t\t\t<div class=\"elementor-divider\">\n\t\t\t<span class=\"elementor-divider-separator\">\n\t\t\t\t\t\t<\/span>\n\t\t<\/div>\n\t\t\t\t\t\t<\/div>\n\t\t\t\t\t<\/div>\n\t\t\t\t<\/div>\n\t\t<div class=\"elementor-element elementor-element-48d0e4c e-flex e-con-boxed e-con e-parent\" data-id=\"48d0e4c\" data-element_type=\"container\" data-e-type=\"container\">\n\t\t\t\t\t<div class=\"e-con-inner\">\n\t\t\t\t<div class=\"elementor-element elementor-element-9374b19 elementor-widget elementor-widget-heading\" data-id=\"9374b19\" data-element_type=\"widget\" data-e-type=\"widget\" data-widget_type=\"heading.default\">\n\t\t\t\t\t<h2 class=\"elementor-heading-title elementor-size-default\">Unser Intergastra-Team<\/h2>\t\t\t\t<\/div>\n\t\t\t\t\t<\/div>\n\t\t\t\t<\/div>\n\t\t<div class=\"elementor-element elementor-element-8241516 e-flex e-con-boxed e-con e-parent\" data-id=\"8241516\" data-element_type=\"container\" data-e-type=\"container\">\n\t\t\t\t\t<div class=\"e-con-inner\">\n\t\t\t\t<div class=\"elementor-element elementor-element-98cd2df elementor-widget elementor-widget-text-editor\" data-id=\"98cd2df\" data-element_type=\"widget\" data-e-type=\"widget\" data-widget_type=\"text-editor.default\">\n\t\t\t\t\t\t\t\t\t<p>Unser Praxisprojekt begleitet uns \u00fcber das f\u00fcnfte und sechste Semester hinweg und steht unter <br \/>der wissenschaftlichen Leitung von Prof. Dr. Sandra Rochnowski. Ziel ist es, aktuelle <br \/>Fragestellungen der Tourismus- und Hospitality-Branche nicht nur theoretisch zu betrachten, <br \/>sondern sie praxisnah, kritisch und aus Studierendenperspektive aufzugreifen. <br \/>Der inhaltliche Schwerpunkt unseres Projekts liegt im thematischen Messebereich <br \/>FokusHOTEL.<\/p>\t\t\t\t\t\t\t\t<\/div>\n\t\t\t\t\t<\/div>\n\t\t\t\t<\/div>\n\t\t<div class=\"elementor-element elementor-element-f432bd5 e-flex e-con-boxed e-con e-parent\" data-id=\"f432bd5\" data-element_type=\"container\" data-e-type=\"container\">\n\t\t\t\t\t<div class=\"e-con-inner\">\n\t\t\t\t<div class=\"elementor-element elementor-element-b39fded elementor-widget elementor-widget-image\" data-id=\"b39fded\" data-element_type=\"widget\" data-e-type=\"widget\" data-widget_type=\"image.default\">\n\t\t\t\t\t\t\t\t\t\t\t\t\t\t\t<img fetchpriority=\"high\" decoding=\"async\" width=\"2560\" height=\"1920\" src=\"https:\/\/blog.hwr-berlin.de\/futuretourism\/wp-content\/uploads_future\/2026\/01\/Foto-11.08.25-17-01-34-1-scaled.jpg\" class=\"attachment-full size-full wp-image-1750\" alt=\"\" srcset=\"https:\/\/blog.hwr-berlin.de\/futuretourism\/wp-content\/uploads_future\/2026\/01\/Foto-11.08.25-17-01-34-1-scaled.jpg 2560w, https:\/\/blog.hwr-berlin.de\/futuretourism\/wp-content\/uploads_future\/2026\/01\/Foto-11.08.25-17-01-34-1-300x225.jpg 300w, https:\/\/blog.hwr-berlin.de\/futuretourism\/wp-content\/uploads_future\/2026\/01\/Foto-11.08.25-17-01-34-1-1024x768.jpg 1024w, https:\/\/blog.hwr-berlin.de\/futuretourism\/wp-content\/uploads_future\/2026\/01\/Foto-11.08.25-17-01-34-1-768x576.jpg 768w, https:\/\/blog.hwr-berlin.de\/futuretourism\/wp-content\/uploads_future\/2026\/01\/Foto-11.08.25-17-01-34-1-1536x1152.jpg 1536w, https:\/\/blog.hwr-berlin.de\/futuretourism\/wp-content\/uploads_future\/2026\/01\/Foto-11.08.25-17-01-34-1-2048x1536.jpg 2048w\" sizes=\"100vw\" \/>\t\t\t\t\t\t\t\t\t\t\t\t\t\t\t<\/div>\n\t\t\t\t\t<\/div>\n\t\t\t\t<\/div>\n\t\t<div class=\"elementor-element elementor-element-205d8e1 e-flex e-con-boxed e-con e-parent\" data-id=\"205d8e1\" data-element_type=\"container\" data-e-type=\"container\">\n\t\t\t\t\t<div class=\"e-con-inner\">\n\t\t\t\t<div class=\"elementor-element elementor-element-e499557 elementor-widget elementor-widget-text-editor\" data-id=\"e499557\" data-element_type=\"widget\" data-e-type=\"widget\" data-widget_type=\"text-editor.default\">\n\t\t\t\t\t\t\t\t\t<p>Die Intergastra wird von den Studierenden <a href=\"http:\/\/linkedin.com\/in\/linus-k\u00fchle-985bb5310\">Linus K\u00fchle<\/a>, <a href=\"http:\/\/linkedin.com\/in\/anton-doll-a639a3297\">Anton Doll<\/a>, <a href=\"http:\/\/linkedin.com\/in\/lea-henseleit-83688b3a7\">Lea Henseleit<\/a>, <a href=\"http:\/\/linkedin.com\/in\/leonie-denise-kulla-22765332b\">Leonie Kulla<\/a>, <a href=\"https:\/\/www.linkedin.com\/in\/paul-petzold-10bb13306\/\">Paul Petzold<\/a>, <a href=\"https:\/\/www.linkedin.com\/in\/pichona-rebekka-brendle\/\">Pichona Brendle<\/a>, <a href=\"https:\/\/www.linkedin.com\/in\/emilia-lepel-32377b39a\/\">Emilia Lepel<\/a> und <a href=\"https:\/\/www.linkedin.com\/in\/malte-staffel-8166a21b1\/\">Malte Staffel<\/a>, unter der wissenschaftlichen Leitung von <a href=\"http:\/\/linkedin.com\/in\/prof-dr-sandra-rochnowski-413120100\">Prof. Dr. Sandra Rochnowski<\/a> betreut.<\/p>\t\t\t\t\t\t\t\t<\/div>\n\t\t\t\t\t<\/div>\n\t\t\t\t<\/div>\n\t\t<div class=\"elementor-element elementor-element-1a35151 e-flex e-con-boxed e-con e-parent\" data-id=\"1a35151\" data-element_type=\"container\" data-e-type=\"container\">\n\t\t\t\t\t<div class=\"e-con-inner\">\n\t\t\t\t<div class=\"elementor-element elementor-element-95a30aa elementor-widget-divider--view-line elementor-widget elementor-widget-divider\" data-id=\"95a30aa\" data-element_type=\"widget\" data-e-type=\"widget\" data-widget_type=\"divider.default\">\n\t\t\t\t\t\t\t<div class=\"elementor-divider\">\n\t\t\t<span class=\"elementor-divider-separator\">\n\t\t\t\t\t\t<\/span>\n\t\t<\/div>\n\t\t\t\t\t\t<\/div>\n\t\t\t\t\t<\/div>\n\t\t\t\t<\/div>\n\t\t<div class=\"elementor-element elementor-element-66fe735 e-flex e-con-boxed e-con e-parent\" data-id=\"66fe735\" data-element_type=\"container\" data-e-type=\"container\">\n\t\t\t\t\t<div class=\"e-con-inner\">\n\t\t\t\t<div class=\"elementor-element elementor-element-c239ecd elementor-widget elementor-widget-heading\" data-id=\"c239ecd\" data-element_type=\"widget\" data-e-type=\"widget\" data-widget_type=\"heading.default\">\n\t\t\t\t\t<h2 class=\"elementor-heading-title elementor-size-default\">Das erwartet euch auf der Intergastra 2026 <\/h2>\t\t\t\t<\/div>\n\t\t\t\t\t<\/div>\n\t\t\t\t<\/div>\n\t\t<div class=\"elementor-element elementor-element-c9792f8 e-flex e-con-boxed e-con e-parent\" data-id=\"c9792f8\" data-element_type=\"container\" data-e-type=\"container\">\n\t\t\t\t\t<div class=\"e-con-inner\">\n\t\t\t\t<div class=\"elementor-element elementor-element-135090e elementor-widget elementor-widget-text-editor\" data-id=\"135090e\" data-element_type=\"widget\" data-e-type=\"widget\" data-widget_type=\"text-editor.default\">\n\t\t\t\t\t\t\t\t\t<p>Im Rahmen der Intergastra 2026 FokusHOTEL erwarten Sie zwei Impulsvortr\u00e4ge zu den Themen NextGEN Hospitality und Zero Waste von Studierenden, sowie eine Podiumsdiskussion zum Thema GenClash. Au\u00dferdem wird <a href=\"http:\/\/linkedin.com\/in\/prof-dr-sandra-rochnowski-413120100\">Prof. Dr. Sandra Rochnowski<\/a> die neuesten Erkenntnisse des Arbeitgeber-Attraktivit\u00e4ts-Ratings-Gastwelt 2026 pr\u00e4sentieren. <br \/>Der Vortrag liefert Erkenntnisse aus fast 40.000 R\u00fcckmeldungen von Mitarbeitenden zu den Themenfeldern: Ansehen und Innovationskraft, Gehalt und Aufstiegsm\u00f6glichkeiten, Jobeigenschaften und New Work, Corporate Benefits und der Unternehmenskultur\/HR-Arbeitswerte. <br \/>Dar\u00fcber hinaus stellt <a href=\"http:\/\/linkedin.com\/in\/prof-dr-sandra-rochnowski-413120100\">Prof. Dr. Sandra Rochnowski<\/a> aus rund 18.000 offenen R\u00fcckmeldungen, Erwartungen an eine wirksame und ideale F\u00fchrungskraft in der Gastwelt f\u00fcr Mitarbeitende vor.\u00a0<\/p>\t\t\t\t\t\t\t\t<\/div>\n\t\t\t\t\t<\/div>\n\t\t\t\t<\/div>\n\t\t<div class=\"elementor-element elementor-element-055b97d e-flex e-con-boxed e-con e-parent\" data-id=\"055b97d\" data-element_type=\"container\" data-e-type=\"container\">\n\t\t\t\t\t<div class=\"e-con-inner\">\n\t\t\t\t<div class=\"elementor-element elementor-element-500e2ef elementor-widget elementor-widget-text-editor\" data-id=\"500e2ef\" data-element_type=\"widget\" data-e-type=\"widget\" data-widget_type=\"text-editor.default\">\n\t\t\t\t\t\t\t\t\t<p>F\u00fcr mehr Informationen sehen Sie sich gerne unser B\u00fchnenprogramm der Intergastra 2026 an.\u00a0<br \/>Wir freuen uns Ihren Besuch!<\/p>\t\t\t\t\t\t\t\t<\/div>\n\t\t\t\t<div class=\"elementor-element elementor-element-5137413 elementor-align-center elementor-widget elementor-widget-button\" data-id=\"5137413\" data-element_type=\"widget\" data-e-type=\"widget\" data-widget_type=\"button.default\">\n\t\t\t\t\t\t\t\t\t\t<a class=\"elementor-button elementor-button-link elementor-size-sm\" href=\"https:\/\/blog.hwr-berlin.de\/futuretourism\/das-buehnenprogramm\/\">\n\t\t\t\t\t\t<span class=\"elementor-button-content-wrapper\">\n\t\t\t\t\t\t\t\t\t<span class=\"elementor-button-text\">B\u00fchnenprogramm Intergastra 2026<\/span>\n\t\t\t\t\t<\/span>\n\t\t\t\t\t<\/a>\n\t\t\t\t\t\t\t\t<\/div>\n\t\t\t\t\t<\/div>\n\t\t\t\t<\/div>\n\t\t\t\t<\/div>\n\t\t","protected":false},"excerpt":{"rendered":"<p>Unser Weg zur Intergastra Wir sind die FokusHOTEL\/INTERGASTRA-Gruppe des dualen Studiengangs BWL \/ Tourismus an der Hochschule f\u00fcr Wirtschaft und Recht Berlin (HWR Berlin) und nehmen vom 7. bis 11. Februar 2026 an der Fachmesse INTERGASTRA in Stuttgart teil. Zu acht machen wir uns auf den Weg, um dort nicht nur Messeatmosph\u00e4re zu erleben, sondern &hellip; <\/p>\n<p class=\"link-more\"><a href=\"https:\/\/blog.hwr-berlin.de\/futuretourism\/intergastra\/\" class=\"more-link\"><span class=\"screen-reader-text\">\u201eIntergastra\u201c <\/span>weiterlesen<\/a><\/p>\n","protected":false},"author":9,"featured_media":0,"parent":0,"menu_order":0,"comment_status":"closed","ping_status":"closed","template":"","meta":{"footnotes":""},"class_list":["post-1049","page","type-page","status-publish","hentry"],"yoast_head":"<!-- This site is optimized with the Yoast SEO plugin v27.4 - https:\/\/yoast.com\/product\/yoast-seo-wordpress\/ -->\n<title>Intergastra - futuretourism<\/title>\n<meta name=\"robots\" content=\"index, follow, max-snippet:-1, max-image-preview:large, max-video-preview:-1\" \/>\n<link rel=\"canonical\" href=\"https:\/\/blog.hwr-berlin.de\/futuretourism\/intergastra\/\" \/>\n<meta property=\"og:locale\" content=\"de_DE\" \/>\n<meta property=\"og:type\" content=\"article\" \/>\n<meta property=\"og:title\" content=\"Intergastra - futuretourism\" \/>\n<meta property=\"og:description\" content=\"Unser Weg zur Intergastra Wir sind die FokusHOTEL\/INTERGASTRA-Gruppe des dualen Studiengangs BWL \/ Tourismus an der Hochschule f\u00fcr Wirtschaft und Recht Berlin (HWR Berlin) und nehmen vom 7. bis 11. Februar 2026 an der Fachmesse INTERGASTRA in Stuttgart teil. Zu acht machen wir uns auf den Weg, um dort nicht nur Messeatmosph\u00e4re zu erleben, sondern &hellip; \u201eIntergastra\u201c weiterlesen\" \/>\n<meta property=\"og:url\" content=\"https:\/\/blog.hwr-berlin.de\/futuretourism\/intergastra\/\" \/>\n<meta property=\"og:site_name\" content=\"futuretourism\" \/>\n<meta property=\"article:modified_time\" content=\"2026-02-04T14:07:10+00:00\" \/>\n<meta property=\"og:image\" content=\"https:\/\/blog.hwr-berlin.de\/futuretourism\/wp-content\/uploads_future\/2026\/01\/Foto-11.08.25-17-01-34-1-scaled.jpg\" \/>\n\t<meta property=\"og:image:width\" content=\"2560\" \/>\n\t<meta property=\"og:image:height\" content=\"1920\" \/>\n\t<meta property=\"og:image:type\" content=\"image\/jpeg\" \/>\n<meta name=\"twitter:card\" content=\"summary_large_image\" \/>\n<meta name=\"twitter:label1\" content=\"Gesch\u00e4tzte Lesezeit\" \/>\n\t<meta name=\"twitter:data1\" content=\"2\u00a0Minuten\" \/>\n<script type=\"application\/ld+json\" class=\"yoast-schema-graph\">{\"@context\":\"https:\\\/\\\/schema.org\",\"@graph\":[{\"@type\":\"WebPage\",\"@id\":\"https:\\\/\\\/blog.hwr-berlin.de\\\/futuretourism\\\/intergastra\\\/\",\"url\":\"https:\\\/\\\/blog.hwr-berlin.de\\\/futuretourism\\\/intergastra\\\/\",\"name\":\"Intergastra - futuretourism\",\"isPartOf\":{\"@id\":\"https:\\\/\\\/blog.hwr-berlin.de\\\/futuretourism\\\/#website\"},\"primaryImageOfPage\":{\"@id\":\"https:\\\/\\\/blog.hwr-berlin.de\\\/futuretourism\\\/intergastra\\\/#primaryimage\"},\"image\":{\"@id\":\"https:\\\/\\\/blog.hwr-berlin.de\\\/futuretourism\\\/intergastra\\\/#primaryimage\"},\"thumbnailUrl\":\"https:\\\/\\\/blog.hwr-berlin.de\\\/futuretourism\\\/wp-content\\\/uploads_future\\\/2026\\\/01\\\/Foto-11.08.25-17-01-34-1-scaled.jpg\",\"datePublished\":\"2025-11-12T11:00:30+00:00\",\"dateModified\":\"2026-02-04T14:07:10+00:00\",\"breadcrumb\":{\"@id\":\"https:\\\/\\\/blog.hwr-berlin.de\\\/futuretourism\\\/intergastra\\\/#breadcrumb\"},\"inLanguage\":\"de\",\"potentialAction\":[{\"@type\":\"ReadAction\",\"target\":[\"https:\\\/\\\/blog.hwr-berlin.de\\\/futuretourism\\\/intergastra\\\/\"]}]},{\"@type\":\"ImageObject\",\"inLanguage\":\"de\",\"@id\":\"https:\\\/\\\/blog.hwr-berlin.de\\\/futuretourism\\\/intergastra\\\/#primaryimage\",\"url\":\"https:\\\/\\\/blog.hwr-berlin.de\\\/futuretourism\\\/wp-content\\\/uploads_future\\\/2026\\\/01\\\/Foto-11.08.25-17-01-34-1-scaled.jpg\",\"contentUrl\":\"https:\\\/\\\/blog.hwr-berlin.de\\\/futuretourism\\\/wp-content\\\/uploads_future\\\/2026\\\/01\\\/Foto-11.08.25-17-01-34-1-scaled.jpg\",\"width\":2560,\"height\":1920},{\"@type\":\"BreadcrumbList\",\"@id\":\"https:\\\/\\\/blog.hwr-berlin.de\\\/futuretourism\\\/intergastra\\\/#breadcrumb\",\"itemListElement\":[{\"@type\":\"ListItem\",\"position\":1,\"name\":\"Startseite\",\"item\":\"https:\\\/\\\/blog.hwr-berlin.de\\\/futuretourism\\\/\"},{\"@type\":\"ListItem\",\"position\":2,\"name\":\"Intergastra\"}]},{\"@type\":\"WebSite\",\"@id\":\"https:\\\/\\\/blog.hwr-berlin.de\\\/futuretourism\\\/#website\",\"url\":\"https:\\\/\\\/blog.hwr-berlin.de\\\/futuretourism\\\/\",\"name\":\"futuretourism\",\"description\":\"digital, nachhaltig, wandelbar\",\"publisher\":{\"@id\":\"https:\\\/\\\/blog.hwr-berlin.de\\\/futuretourism\\\/#organization\"},\"potentialAction\":[{\"@type\":\"SearchAction\",\"target\":{\"@type\":\"EntryPoint\",\"urlTemplate\":\"https:\\\/\\\/blog.hwr-berlin.de\\\/futuretourism\\\/?s={search_term_string}\"},\"query-input\":{\"@type\":\"PropertyValueSpecification\",\"valueRequired\":true,\"valueName\":\"search_term_string\"}}],\"inLanguage\":\"de\"},{\"@type\":\"Organization\",\"@id\":\"https:\\\/\\\/blog.hwr-berlin.de\\\/futuretourism\\\/#organization\",\"name\":\"futuretourism\",\"url\":\"https:\\\/\\\/blog.hwr-berlin.de\\\/futuretourism\\\/\",\"logo\":{\"@type\":\"ImageObject\",\"inLanguage\":\"de\",\"@id\":\"https:\\\/\\\/blog.hwr-berlin.de\\\/futuretourism\\\/#\\\/schema\\\/logo\\\/image\\\/\",\"url\":\"https:\\\/\\\/blog.hwr-berlin.de\\\/futuretourism\\\/wp-content\\\/uploads_future\\\/2026\\\/01\\\/cropped-STACKED-scaled-1.jpg\",\"contentUrl\":\"https:\\\/\\\/blog.hwr-berlin.de\\\/futuretourism\\\/wp-content\\\/uploads_future\\\/2026\\\/01\\\/cropped-STACKED-scaled-1.jpg\",\"width\":562,\"height\":250,\"caption\":\"futuretourism\"},\"image\":{\"@id\":\"https:\\\/\\\/blog.hwr-berlin.de\\\/futuretourism\\\/#\\\/schema\\\/logo\\\/image\\\/\"}}]}<\/script>\n<!-- \/ Yoast SEO plugin. -->","yoast_head_json":{"title":"Intergastra - futuretourism","robots":{"index":"index","follow":"follow","max-snippet":"max-snippet:-1","max-image-preview":"max-image-preview:large","max-video-preview":"max-video-preview:-1"},"canonical":"https:\/\/blog.hwr-berlin.de\/futuretourism\/intergastra\/","og_locale":"de_DE","og_type":"article","og_title":"Intergastra - futuretourism","og_description":"Unser Weg zur Intergastra Wir sind die FokusHOTEL\/INTERGASTRA-Gruppe des dualen Studiengangs BWL \/ Tourismus an der Hochschule f\u00fcr Wirtschaft und Recht Berlin (HWR Berlin) und nehmen vom 7. bis 11. Februar 2026 an der Fachmesse INTERGASTRA in Stuttgart teil. Zu acht machen wir uns auf den Weg, um dort nicht nur Messeatmosph\u00e4re zu erleben, sondern &hellip; \u201eIntergastra\u201c weiterlesen","og_url":"https:\/\/blog.hwr-berlin.de\/futuretourism\/intergastra\/","og_site_name":"futuretourism","article_modified_time":"2026-02-04T14:07:10+00:00","og_image":[{"width":2560,"height":1920,"url":"https:\/\/blog.hwr-berlin.de\/futuretourism\/wp-content\/uploads_future\/2026\/01\/Foto-11.08.25-17-01-34-1-scaled.jpg","type":"image\/jpeg"}],"twitter_card":"summary_large_image","twitter_misc":{"Gesch\u00e4tzte Lesezeit":"2\u00a0Minuten"},"schema":{"@context":"https:\/\/schema.org","@graph":[{"@type":"WebPage","@id":"https:\/\/blog.hwr-berlin.de\/futuretourism\/intergastra\/","url":"https:\/\/blog.hwr-berlin.de\/futuretourism\/intergastra\/","name":"Intergastra - futuretourism","isPartOf":{"@id":"https:\/\/blog.hwr-berlin.de\/futuretourism\/#website"},"primaryImageOfPage":{"@id":"https:\/\/blog.hwr-berlin.de\/futuretourism\/intergastra\/#primaryimage"},"image":{"@id":"https:\/\/blog.hwr-berlin.de\/futuretourism\/intergastra\/#primaryimage"},"thumbnailUrl":"https:\/\/blog.hwr-berlin.de\/futuretourism\/wp-content\/uploads_future\/2026\/01\/Foto-11.08.25-17-01-34-1-scaled.jpg","datePublished":"2025-11-12T11:00:30+00:00","dateModified":"2026-02-04T14:07:10+00:00","breadcrumb":{"@id":"https:\/\/blog.hwr-berlin.de\/futuretourism\/intergastra\/#breadcrumb"},"inLanguage":"de","potentialAction":[{"@type":"ReadAction","target":["https:\/\/blog.hwr-berlin.de\/futuretourism\/intergastra\/"]}]},{"@type":"ImageObject","inLanguage":"de","@id":"https:\/\/blog.hwr-berlin.de\/futuretourism\/intergastra\/#primaryimage","url":"https:\/\/blog.hwr-berlin.de\/futuretourism\/wp-content\/uploads_future\/2026\/01\/Foto-11.08.25-17-01-34-1-scaled.jpg","contentUrl":"https:\/\/blog.hwr-berlin.de\/futuretourism\/wp-content\/uploads_future\/2026\/01\/Foto-11.08.25-17-01-34-1-scaled.jpg","width":2560,"height":1920},{"@type":"BreadcrumbList","@id":"https:\/\/blog.hwr-berlin.de\/futuretourism\/intergastra\/#breadcrumb","itemListElement":[{"@type":"ListItem","position":1,"name":"Startseite","item":"https:\/\/blog.hwr-berlin.de\/futuretourism\/"},{"@type":"ListItem","position":2,"name":"Intergastra"}]},{"@type":"WebSite","@id":"https:\/\/blog.hwr-berlin.de\/futuretourism\/#website","url":"https:\/\/blog.hwr-berlin.de\/futuretourism\/","name":"futuretourism","description":"digital, nachhaltig, wandelbar","publisher":{"@id":"https:\/\/blog.hwr-berlin.de\/futuretourism\/#organization"},"potentialAction":[{"@type":"SearchAction","target":{"@type":"EntryPoint","urlTemplate":"https:\/\/blog.hwr-berlin.de\/futuretourism\/?s={search_term_string}"},"query-input":{"@type":"PropertyValueSpecification","valueRequired":true,"valueName":"search_term_string"}}],"inLanguage":"de"},{"@type":"Organization","@id":"https:\/\/blog.hwr-berlin.de\/futuretourism\/#organization","name":"futuretourism","url":"https:\/\/blog.hwr-berlin.de\/futuretourism\/","logo":{"@type":"ImageObject","inLanguage":"de","@id":"https:\/\/blog.hwr-berlin.de\/futuretourism\/#\/schema\/logo\/image\/","url":"https:\/\/blog.hwr-berlin.de\/futuretourism\/wp-content\/uploads_future\/2026\/01\/cropped-STACKED-scaled-1.jpg","contentUrl":"https:\/\/blog.hwr-berlin.de\/futuretourism\/wp-content\/uploads_future\/2026\/01\/cropped-STACKED-scaled-1.jpg","width":562,"height":250,"caption":"futuretourism"},"image":{"@id":"https:\/\/blog.hwr-berlin.de\/futuretourism\/#\/schema\/logo\/image\/"}}]}},"_links":{"self":[{"href":"https:\/\/blog.hwr-berlin.de\/futuretourism\/wp-json\/wp\/v2\/pages\/1049","targetHints":{"allow":["GET"]}}],"collection":[{"href":"https:\/\/blog.hwr-berlin.de\/futuretourism\/wp-json\/wp\/v2\/pages"}],"about":[{"href":"https:\/\/blog.hwr-berlin.de\/futuretourism\/wp-json\/wp\/v2\/types\/page"}],"author":[{"embeddable":true,"href":"https:\/\/blog.hwr-berlin.de\/futuretourism\/wp-json\/wp\/v2\/users\/9"}],"replies":[{"embeddable":true,"href":"https:\/\/blog.hwr-berlin.de\/futuretourism\/wp-json\/wp\/v2\/comments?post=1049"}],"version-history":[{"count":43,"href":"https:\/\/blog.hwr-berlin.de\/futuretourism\/wp-json\/wp\/v2\/pages\/1049\/revisions"}],"predecessor-version":[{"id":2388,"href":"https:\/\/blog.hwr-berlin.de\/futuretourism\/wp-json\/wp\/v2\/pages\/1049\/revisions\/2388"}],"wp:attachment":[{"href":"https:\/\/blog.hwr-berlin.de\/futuretourism\/wp-json\/wp\/v2\/media?parent=1049"}],"curies":[{"name":"wp","href":"https:\/\/api.w.org\/{rel}","templated":true}]}}