

{"id":1060,"date":"2025-11-12T12:01:30","date_gmt":"2025-11-12T11:01:30","guid":{"rendered":"https:\/\/blog.hwr-berlin.de\/futuretourism\/?page_id=1060"},"modified":"2026-01-31T15:18:13","modified_gmt":"2026-01-31T14:18:13","slug":"itb-2-2","status":"publish","type":"page","link":"https:\/\/blog.hwr-berlin.de\/futuretourism\/itb-2-2\/","title":{"rendered":"ITB"},"content":{"rendered":"\t\t<div data-elementor-type=\"wp-page\" data-elementor-id=\"1060\" class=\"elementor elementor-1060\">\n\t\t\t\t<div class=\"elementor-element elementor-element-5b06791 e-flex e-con-boxed e-con e-parent\" data-id=\"5b06791\" data-element_type=\"container\" data-e-type=\"container\">\n\t\t\t\t\t<div class=\"e-con-inner\">\n\t\t\t\t<div class=\"elementor-element elementor-element-f3e634a elementor-widget elementor-widget-heading\" data-id=\"f3e634a\" data-element_type=\"widget\" data-e-type=\"widget\" data-widget_type=\"heading.default\">\n\t\t\t\t\t<h1 class=\"elementor-heading-title elementor-size-default\">Was ist die ITB?<\/h1>\t\t\t\t<\/div>\n\t\t\t\t<div class=\"elementor-element elementor-element-3b38477 elementor-widget elementor-widget-image\" data-id=\"3b38477\" data-element_type=\"widget\" data-e-type=\"widget\" data-widget_type=\"image.default\">\n\t\t\t\t\t\t\t\t\t\t\t\t<figure class=\"wp-caption\">\n\t\t\t\t\t\t\t\t\t\t<img fetchpriority=\"high\" decoding=\"async\" width=\"666\" height=\"292\" src=\"https:\/\/blog.hwr-berlin.de\/futuretourism\/wp-content\/uploads_future\/2026\/01\/itb_berlin_claim_eng_wordvorlage.jpg\" class=\"attachment-large size-large wp-image-1258\" alt=\"\" srcset=\"https:\/\/blog.hwr-berlin.de\/futuretourism\/wp-content\/uploads_future\/2026\/01\/itb_berlin_claim_eng_wordvorlage.jpg 666w, https:\/\/blog.hwr-berlin.de\/futuretourism\/wp-content\/uploads_future\/2026\/01\/itb_berlin_claim_eng_wordvorlage-300x132.jpg 300w\" sizes=\"100vw\" \/>\t\t\t\t\t\t\t\t\t\t\t<figcaption class=\"widget-image-caption wp-caption-text\">\u00a9 Messe Berlin GmbH<\/figcaption>\n\t\t\t\t\t\t\t\t\t\t<\/figure>\n\t\t\t\t\t\t\t\t\t<\/div>\n\t\t\t\t\t<\/div>\n\t\t\t\t<\/div>\n\t\t<div class=\"elementor-element elementor-element-c2e210b e-flex e-con-boxed e-con e-parent\" data-id=\"c2e210b\" data-element_type=\"container\" data-e-type=\"container\">\n\t\t\t\t\t<div class=\"e-con-inner\">\n\t\t\t\t<div class=\"elementor-element elementor-element-e867e7d elementor-widget elementor-widget-text-editor\" data-id=\"e867e7d\" data-element_type=\"widget\" data-e-type=\"widget\" data-widget_type=\"text-editor.default\">\n\t\t\t\t\t\t\t\t\t<p data-start=\"125\" data-end=\"418\">Die Internationale Tourismusb\u00f6rse Berlin (ITB) z\u00e4hlt zu den bedeutendsten und einflussreichsten Fachmessen der globalen Tourismusbranche. Seit ihrer Gr\u00fcndung im Jahr 1966 hat sie sich als zentrale Plattform f\u00fcr Austausch, Innovation und Vernetzung etabliert und gilt heute offiziell als <strong>\u201eThe World\u2019s Leading Travel Trade Show\u00ae\u201c<\/strong>.<\/p><p data-start=\"125\" data-end=\"418\">Jedes Jahr im M\u00e4rz wird Berlin zum internationalen Treffpunkt f\u00fcr Fachbesucher:innen aus aller Welt. Entscheidungstr\u00e4ger:innen, Branchenexpert:innen und Unternehmen kommen zusammen, um sich \u00fcber aktuelle Entwicklungen, neue Gesch\u00e4ftsmodelle, Innovationen und Zukunftstrends im Tourismus auszutauschen.<\/p><p data-start=\"125\" data-end=\"418\">Die ITB bietet einen umfassenden \u00dcberblick \u00fcber die internationale Tourismuslandschaft. Vertreten sind unter anderem Reiseveranstalter, Hotels und Hotelketten, Fluggesellschaften, Kreuzfahrtanbieter, Technologie- und Start-up-Unternehmen sowie ganze Destinationen, Regionen und L\u00e4nder. Dadurch entsteht ein einzigartiges Abbild der globalen Reiseindustrie an einem Ort.<\/p><p data-start=\"125\" data-end=\"418\">Ein besonderer Fokus der Messe liegt auf zukunftsrelevanten Themen, die die Branche nachhaltig pr\u00e4gen. Dazu z\u00e4hlen unter anderem die <em>Digitalisierung von Reiseprozessen<\/em>, <em>nachhaltige Tourismuskonzepte<\/em>, <em>innovative Hospitality-Ans\u00e4tze<\/em>, <em>ver\u00e4ndertes Kunden- und Reiseverhalten<\/em> sowie <em>der Einsatz neuer Technologien<\/em> wie K\u00fcnstliche Intelligenz und datenbasierte Services.<\/p><p data-start=\"125\" data-end=\"418\">Die Messe ist klar strukturiert und thematisch gegliedert. Neben der geografischen Aufteilung nach Destinationen werden auch spezifische Marktsegmente abgebildet, darunter Adventure Tourism, Business Travel, LGBTQ+ Travel, Luxusreisen, Medical Tourism sowie Travel Technology. Diese Segmentierung erm\u00f6glicht Fachbesucher:innen eine gezielte Orientierung und den fokussierten Austausch innerhalb ihres jeweiligen Interessens- und Arbeitsbereichs.<\/p><p data-start=\"125\" data-end=\"418\">Ein weiteres zentrales Highlight der ITB Berlin ist der <strong>ITB Berlin Kongress<\/strong>, der als f\u00fchrender Think Tank der internationalen Tourismusbranche gilt. In Panels, Keynotes und Diskussionsrunden analysieren renommierte Expert:innen, Wissenschaftler:innen und Branchenvertreter:innen die zentralen Herausforderungen und Chancen der Zukunft des Reisens.<\/p>\t\t\t\t\t\t\t\t<\/div>\n\t\t\t\t\t<\/div>\n\t\t\t\t<\/div>\n\t\t<div class=\"elementor-element elementor-element-530abef e-flex e-con-boxed e-con e-parent\" data-id=\"530abef\" data-element_type=\"container\" data-e-type=\"container\">\n\t\t\t\t\t<div class=\"e-con-inner\">\n\t\t\t\t<div class=\"elementor-element elementor-element-dd64a02 elementor-widget elementor-widget-text-editor\" data-id=\"dd64a02\" data-element_type=\"widget\" data-e-type=\"widget\" data-widget_type=\"text-editor.default\">\n\t\t\t\t\t\t\t\t\t<p><b><span data-contrast=\"auto\">Kurz gesagt:<\/span><\/b><span data-contrast=\"auto\">\u00a0Die ITB ist der Ort, an dem die Zukunft des Reisens entsteht.<\/span><span data-ccp-props=\"{&quot;201341983&quot;:0,&quot;335559740&quot;:257}\">\u00a0<\/span><\/p><p><b><span data-contrast=\"auto\">Good to Know:<\/span><\/b>\u00a0<br \/><span data-contrast=\"auto\">Die ITB Berlin feiert 2026 ihr 60-j\u00e4hriges Jubil\u00e4um!<\/span><span data-ccp-props=\"{&quot;201341983&quot;:0,&quot;335559740&quot;:257}\">\u00a0<\/span><\/p><ul><li aria-setsize=\"-1\" data-leveltext=\"-\" data-font=\"Aptos\" data-listid=\"10\" data-list-defn-props=\"{&quot;335552541&quot;:1,&quot;335559685&quot;:720,&quot;335559991&quot;:360,&quot;469769226&quot;:&quot;Aptos&quot;,&quot;469769242&quot;:[8226],&quot;469777803&quot;:&quot;left&quot;,&quot;469777804&quot;:&quot;-&quot;,&quot;469777815&quot;:&quot;hybridMultilevel&quot;}\" data-aria-posinset=\"1\" data-aria-level=\"1\"><i><span data-contrast=\"auto\">3.\u20135. M\u00e4rz 2026<\/span><\/i><span data-ccp-props=\"{&quot;201341983&quot;:0,&quot;335559740&quot;:257}\">\u00a0<\/span><\/li><li aria-setsize=\"-1\" data-leveltext=\"-\" data-font=\"Aptos\" data-listid=\"10\" data-list-defn-props=\"{&quot;335552541&quot;:1,&quot;335559685&quot;:720,&quot;335559991&quot;:360,&quot;469769226&quot;:&quot;Aptos&quot;,&quot;469769242&quot;:[8226],&quot;469777803&quot;:&quot;left&quot;,&quot;469777804&quot;:&quot;-&quot;,&quot;469777815&quot;:&quot;hybridMultilevel&quot;}\" data-aria-posinset=\"1\" data-aria-level=\"1\"><i><span data-contrast=\"auto\">T\u00e4glich 10\u201318 Uhr<\/span><\/i> \u00a0<span style=\"font-size: 1rem;\" data-ccp-props=\"{&quot;201341983&quot;:0,&quot;335559740&quot;:257}\">\u00a0<\/span><\/li><\/ul><p><span data-contrast=\"auto\">#FutureOfTravel #ITB2026<\/span><span data-ccp-props=\"{&quot;201341983&quot;:0,&quot;335559740&quot;:257}\">\u00a0<\/span><\/p><p><strong data-start=\"31\" data-end=\"72\">Weitere Informationen zur ITB Berlin:<\/strong><br data-start=\"72\" data-end=\"75\" \/><a class=\"decorated-link\" href=\"https:\/\/www.itb.com\" target=\"_new\" rel=\"noopener\" data-start=\"77\" data-end=\"96\">https:\/\/www.itb.com<\/a><br data-start=\"96\" data-end=\"99\" data-is-only-node=\"\" \/><a class=\"decorated-link\" href=\"https:\/\/www.visitberlin.de\/de\/event\/itb-berlin\" target=\"_new\" rel=\"noopener\" data-start=\"101\" data-end=\"147\">https:\/\/www.visitberlin.de\/de\/event\/itb-berlin<\/a><\/p>\t\t\t\t\t\t\t\t<\/div>\n\t\t\t\t\t<\/div>\n\t\t\t\t<\/div>\n\t\t\t\t<\/div>\n\t\t","protected":false},"excerpt":{"rendered":"<p>Was ist die ITB? \u00a9 Messe Berlin GmbH Die Internationale Tourismusb\u00f6rse Berlin (ITB) z\u00e4hlt zu den bedeutendsten und einflussreichsten Fachmessen der globalen Tourismusbranche. Seit ihrer Gr\u00fcndung im Jahr 1966 hat sie sich als zentrale Plattform f\u00fcr Austausch, Innovation und Vernetzung etabliert und gilt heute offiziell als \u201eThe World\u2019s Leading Travel Trade Show\u00ae\u201c. Jedes Jahr im &hellip; <\/p>\n<p class=\"link-more\"><a href=\"https:\/\/blog.hwr-berlin.de\/futuretourism\/itb-2-2\/\" class=\"more-link\"><span class=\"screen-reader-text\">\u201eITB\u201c <\/span>weiterlesen<\/a><\/p>\n","protected":false},"author":9,"featured_media":0,"parent":0,"menu_order":0,"comment_status":"closed","ping_status":"closed","template":"","meta":{"footnotes":""},"class_list":["post-1060","page","type-page","status-publish","hentry"],"yoast_head":"<!-- This site is optimized with the Yoast SEO plugin v27.6 - https:\/\/yoast.com\/product\/yoast-seo-wordpress\/ -->\n<title>ITB - futuretourism<\/title>\n<meta name=\"robots\" content=\"index, follow, max-snippet:-1, max-image-preview:large, max-video-preview:-1\" \/>\n<link rel=\"canonical\" href=\"https:\/\/blog.hwr-berlin.de\/futuretourism\/itb-2-2\/\" \/>\n<meta property=\"og:locale\" content=\"de_DE\" \/>\n<meta property=\"og:type\" content=\"article\" \/>\n<meta property=\"og:title\" content=\"ITB - futuretourism\" \/>\n<meta property=\"og:description\" content=\"Was ist die ITB? \u00a9 Messe Berlin GmbH Die Internationale Tourismusb\u00f6rse Berlin (ITB) z\u00e4hlt zu den bedeutendsten und einflussreichsten Fachmessen der globalen Tourismusbranche. Seit ihrer Gr\u00fcndung im Jahr 1966 hat sie sich als zentrale Plattform f\u00fcr Austausch, Innovation und Vernetzung etabliert und gilt heute offiziell als \u201eThe World\u2019s Leading Travel Trade Show\u00ae\u201c. Jedes Jahr im &hellip; \u201eITB\u201c weiterlesen\" \/>\n<meta property=\"og:url\" content=\"https:\/\/blog.hwr-berlin.de\/futuretourism\/itb-2-2\/\" \/>\n<meta property=\"og:site_name\" content=\"futuretourism\" \/>\n<meta property=\"article:modified_time\" content=\"2026-01-31T14:18:13+00:00\" \/>\n<meta property=\"og:image\" content=\"https:\/\/blog.hwr-berlin.de\/futuretourism\/wp-content\/uploads_future\/2026\/01\/itb_berlin_claim_eng_wordvorlage.jpg\" \/>\n<meta name=\"twitter:card\" content=\"summary_large_image\" \/>\n<meta name=\"twitter:label1\" content=\"Gesch\u00e4tzte Lesezeit\" \/>\n\t<meta name=\"twitter:data1\" content=\"2\u00a0Minuten\" \/>\n<script type=\"application\/ld+json\" class=\"yoast-schema-graph\">{\"@context\":\"https:\\\/\\\/schema.org\",\"@graph\":[{\"@type\":\"WebPage\",\"@id\":\"https:\\\/\\\/blog.hwr-berlin.de\\\/futuretourism\\\/itb-2-2\\\/\",\"url\":\"https:\\\/\\\/blog.hwr-berlin.de\\\/futuretourism\\\/itb-2-2\\\/\",\"name\":\"ITB - futuretourism\",\"isPartOf\":{\"@id\":\"https:\\\/\\\/blog.hwr-berlin.de\\\/futuretourism\\\/#website\"},\"primaryImageOfPage\":{\"@id\":\"https:\\\/\\\/blog.hwr-berlin.de\\\/futuretourism\\\/itb-2-2\\\/#primaryimage\"},\"image\":{\"@id\":\"https:\\\/\\\/blog.hwr-berlin.de\\\/futuretourism\\\/itb-2-2\\\/#primaryimage\"},\"thumbnailUrl\":\"https:\\\/\\\/blog.hwr-berlin.de\\\/futuretourism\\\/wp-content\\\/uploads_future\\\/2026\\\/01\\\/itb_berlin_claim_eng_wordvorlage.jpg\",\"datePublished\":\"2025-11-12T11:01:30+00:00\",\"dateModified\":\"2026-01-31T14:18:13+00:00\",\"breadcrumb\":{\"@id\":\"https:\\\/\\\/blog.hwr-berlin.de\\\/futuretourism\\\/itb-2-2\\\/#breadcrumb\"},\"inLanguage\":\"de\",\"potentialAction\":[{\"@type\":\"ReadAction\",\"target\":[\"https:\\\/\\\/blog.hwr-berlin.de\\\/futuretourism\\\/itb-2-2\\\/\"]}]},{\"@type\":\"ImageObject\",\"inLanguage\":\"de\",\"@id\":\"https:\\\/\\\/blog.hwr-berlin.de\\\/futuretourism\\\/itb-2-2\\\/#primaryimage\",\"url\":\"https:\\\/\\\/blog.hwr-berlin.de\\\/futuretourism\\\/wp-content\\\/uploads_future\\\/2026\\\/01\\\/itb_berlin_claim_eng_wordvorlage.jpg\",\"contentUrl\":\"https:\\\/\\\/blog.hwr-berlin.de\\\/futuretourism\\\/wp-content\\\/uploads_future\\\/2026\\\/01\\\/itb_berlin_claim_eng_wordvorlage.jpg\",\"width\":666,\"height\":292,\"caption\":\"\u00a9 Messe Berlin GmbH\"},{\"@type\":\"BreadcrumbList\",\"@id\":\"https:\\\/\\\/blog.hwr-berlin.de\\\/futuretourism\\\/itb-2-2\\\/#breadcrumb\",\"itemListElement\":[{\"@type\":\"ListItem\",\"position\":1,\"name\":\"Startseite\",\"item\":\"https:\\\/\\\/blog.hwr-berlin.de\\\/futuretourism\\\/\"},{\"@type\":\"ListItem\",\"position\":2,\"name\":\"ITB\"}]},{\"@type\":\"WebSite\",\"@id\":\"https:\\\/\\\/blog.hwr-berlin.de\\\/futuretourism\\\/#website\",\"url\":\"https:\\\/\\\/blog.hwr-berlin.de\\\/futuretourism\\\/\",\"name\":\"futuretourism\",\"description\":\"digital, nachhaltig, wandelbar\",\"publisher\":{\"@id\":\"https:\\\/\\\/blog.hwr-berlin.de\\\/futuretourism\\\/#organization\"},\"potentialAction\":[{\"@type\":\"SearchAction\",\"target\":{\"@type\":\"EntryPoint\",\"urlTemplate\":\"https:\\\/\\\/blog.hwr-berlin.de\\\/futuretourism\\\/?s={search_term_string}\"},\"query-input\":{\"@type\":\"PropertyValueSpecification\",\"valueRequired\":true,\"valueName\":\"search_term_string\"}}],\"inLanguage\":\"de\"},{\"@type\":\"Organization\",\"@id\":\"https:\\\/\\\/blog.hwr-berlin.de\\\/futuretourism\\\/#organization\",\"name\":\"futuretourism\",\"url\":\"https:\\\/\\\/blog.hwr-berlin.de\\\/futuretourism\\\/\",\"logo\":{\"@type\":\"ImageObject\",\"inLanguage\":\"de\",\"@id\":\"https:\\\/\\\/blog.hwr-berlin.de\\\/futuretourism\\\/#\\\/schema\\\/logo\\\/image\\\/\",\"url\":\"https:\\\/\\\/blog.hwr-berlin.de\\\/futuretourism\\\/wp-content\\\/uploads_future\\\/2026\\\/01\\\/cropped-STACKED-scaled-1.jpg\",\"contentUrl\":\"https:\\\/\\\/blog.hwr-berlin.de\\\/futuretourism\\\/wp-content\\\/uploads_future\\\/2026\\\/01\\\/cropped-STACKED-scaled-1.jpg\",\"width\":562,\"height\":250,\"caption\":\"futuretourism\"},\"image\":{\"@id\":\"https:\\\/\\\/blog.hwr-berlin.de\\\/futuretourism\\\/#\\\/schema\\\/logo\\\/image\\\/\"}}]}<\/script>\n<!-- \/ Yoast SEO plugin. -->","yoast_head_json":{"title":"ITB - futuretourism","robots":{"index":"index","follow":"follow","max-snippet":"max-snippet:-1","max-image-preview":"max-image-preview:large","max-video-preview":"max-video-preview:-1"},"canonical":"https:\/\/blog.hwr-berlin.de\/futuretourism\/itb-2-2\/","og_locale":"de_DE","og_type":"article","og_title":"ITB - futuretourism","og_description":"Was ist die ITB? \u00a9 Messe Berlin GmbH Die Internationale Tourismusb\u00f6rse Berlin (ITB) z\u00e4hlt zu den bedeutendsten und einflussreichsten Fachmessen der globalen Tourismusbranche. Seit ihrer Gr\u00fcndung im Jahr 1966 hat sie sich als zentrale Plattform f\u00fcr Austausch, Innovation und Vernetzung etabliert und gilt heute offiziell als \u201eThe World\u2019s Leading Travel Trade Show\u00ae\u201c. Jedes Jahr im &hellip; \u201eITB\u201c weiterlesen","og_url":"https:\/\/blog.hwr-berlin.de\/futuretourism\/itb-2-2\/","og_site_name":"futuretourism","article_modified_time":"2026-01-31T14:18:13+00:00","og_image":[{"url":"https:\/\/blog.hwr-berlin.de\/futuretourism\/wp-content\/uploads_future\/2026\/01\/itb_berlin_claim_eng_wordvorlage.jpg","type":"","width":"","height":""}],"twitter_card":"summary_large_image","twitter_misc":{"Gesch\u00e4tzte Lesezeit":"2\u00a0Minuten"},"schema":{"@context":"https:\/\/schema.org","@graph":[{"@type":"WebPage","@id":"https:\/\/blog.hwr-berlin.de\/futuretourism\/itb-2-2\/","url":"https:\/\/blog.hwr-berlin.de\/futuretourism\/itb-2-2\/","name":"ITB - futuretourism","isPartOf":{"@id":"https:\/\/blog.hwr-berlin.de\/futuretourism\/#website"},"primaryImageOfPage":{"@id":"https:\/\/blog.hwr-berlin.de\/futuretourism\/itb-2-2\/#primaryimage"},"image":{"@id":"https:\/\/blog.hwr-berlin.de\/futuretourism\/itb-2-2\/#primaryimage"},"thumbnailUrl":"https:\/\/blog.hwr-berlin.de\/futuretourism\/wp-content\/uploads_future\/2026\/01\/itb_berlin_claim_eng_wordvorlage.jpg","datePublished":"2025-11-12T11:01:30+00:00","dateModified":"2026-01-31T14:18:13+00:00","breadcrumb":{"@id":"https:\/\/blog.hwr-berlin.de\/futuretourism\/itb-2-2\/#breadcrumb"},"inLanguage":"de","potentialAction":[{"@type":"ReadAction","target":["https:\/\/blog.hwr-berlin.de\/futuretourism\/itb-2-2\/"]}]},{"@type":"ImageObject","inLanguage":"de","@id":"https:\/\/blog.hwr-berlin.de\/futuretourism\/itb-2-2\/#primaryimage","url":"https:\/\/blog.hwr-berlin.de\/futuretourism\/wp-content\/uploads_future\/2026\/01\/itb_berlin_claim_eng_wordvorlage.jpg","contentUrl":"https:\/\/blog.hwr-berlin.de\/futuretourism\/wp-content\/uploads_future\/2026\/01\/itb_berlin_claim_eng_wordvorlage.jpg","width":666,"height":292,"caption":"\u00a9 Messe Berlin GmbH"},{"@type":"BreadcrumbList","@id":"https:\/\/blog.hwr-berlin.de\/futuretourism\/itb-2-2\/#breadcrumb","itemListElement":[{"@type":"ListItem","position":1,"name":"Startseite","item":"https:\/\/blog.hwr-berlin.de\/futuretourism\/"},{"@type":"ListItem","position":2,"name":"ITB"}]},{"@type":"WebSite","@id":"https:\/\/blog.hwr-berlin.de\/futuretourism\/#website","url":"https:\/\/blog.hwr-berlin.de\/futuretourism\/","name":"futuretourism","description":"digital, nachhaltig, wandelbar","publisher":{"@id":"https:\/\/blog.hwr-berlin.de\/futuretourism\/#organization"},"potentialAction":[{"@type":"SearchAction","target":{"@type":"EntryPoint","urlTemplate":"https:\/\/blog.hwr-berlin.de\/futuretourism\/?s={search_term_string}"},"query-input":{"@type":"PropertyValueSpecification","valueRequired":true,"valueName":"search_term_string"}}],"inLanguage":"de"},{"@type":"Organization","@id":"https:\/\/blog.hwr-berlin.de\/futuretourism\/#organization","name":"futuretourism","url":"https:\/\/blog.hwr-berlin.de\/futuretourism\/","logo":{"@type":"ImageObject","inLanguage":"de","@id":"https:\/\/blog.hwr-berlin.de\/futuretourism\/#\/schema\/logo\/image\/","url":"https:\/\/blog.hwr-berlin.de\/futuretourism\/wp-content\/uploads_future\/2026\/01\/cropped-STACKED-scaled-1.jpg","contentUrl":"https:\/\/blog.hwr-berlin.de\/futuretourism\/wp-content\/uploads_future\/2026\/01\/cropped-STACKED-scaled-1.jpg","width":562,"height":250,"caption":"futuretourism"},"image":{"@id":"https:\/\/blog.hwr-berlin.de\/futuretourism\/#\/schema\/logo\/image\/"}}]}},"_links":{"self":[{"href":"https:\/\/blog.hwr-berlin.de\/futuretourism\/wp-json\/wp\/v2\/pages\/1060","targetHints":{"allow":["GET"]}}],"collection":[{"href":"https:\/\/blog.hwr-berlin.de\/futuretourism\/wp-json\/wp\/v2\/pages"}],"about":[{"href":"https:\/\/blog.hwr-berlin.de\/futuretourism\/wp-json\/wp\/v2\/types\/page"}],"author":[{"embeddable":true,"href":"https:\/\/blog.hwr-berlin.de\/futuretourism\/wp-json\/wp\/v2\/users\/9"}],"replies":[{"embeddable":true,"href":"https:\/\/blog.hwr-berlin.de\/futuretourism\/wp-json\/wp\/v2\/comments?post=1060"}],"version-history":[{"count":13,"href":"https:\/\/blog.hwr-berlin.de\/futuretourism\/wp-json\/wp\/v2\/pages\/1060\/revisions"}],"predecessor-version":[{"id":2088,"href":"https:\/\/blog.hwr-berlin.de\/futuretourism\/wp-json\/wp\/v2\/pages\/1060\/revisions\/2088"}],"wp:attachment":[{"href":"https:\/\/blog.hwr-berlin.de\/futuretourism\/wp-json\/wp\/v2\/media?parent=1060"}],"curies":[{"name":"wp","href":"https:\/\/api.w.org\/{rel}","templated":true}]}}