

{"id":1092,"date":"2025-12-12T16:36:02","date_gmt":"2025-12-12T15:36:02","guid":{"rendered":"https:\/\/blog.hwr-berlin.de\/futuretourism\/?page_id=1092"},"modified":"2026-02-16T14:41:13","modified_gmt":"2026-02-16T13:41:13","slug":"findet-uns-auf-der-itb","status":"publish","type":"page","link":"https:\/\/blog.hwr-berlin.de\/futuretourism\/findet-uns-auf-der-itb\/","title":{"rendered":"Findet uns auf der ITB"},"content":{"rendered":"\t\t<div data-elementor-type=\"wp-page\" data-elementor-id=\"1092\" class=\"elementor elementor-1092\">\n\t\t\t\t<div class=\"elementor-element elementor-element-3fb56d60 e-flex e-con-boxed e-con e-parent\" data-id=\"3fb56d60\" data-element_type=\"container\" data-e-type=\"container\">\n\t\t\t\t\t<div class=\"e-con-inner\">\n\t\t\t\t<div class=\"elementor-element elementor-element-1557b03 elementor-widget elementor-widget-image\" data-id=\"1557b03\" data-element_type=\"widget\" data-e-type=\"widget\" data-widget_type=\"image.default\">\n\t\t\t\t\t\t\t\t\t\t\t\t<figure class=\"wp-caption\">\n\t\t\t\t\t\t\t\t\t\t<img fetchpriority=\"high\" decoding=\"async\" width=\"740\" height=\"555\" src=\"https:\/\/blog.hwr-berlin.de\/futuretourism\/wp-content\/uploads_future\/2026\/01\/cfbLuH2g.jpeg\" class=\"attachment-large size-large wp-image-1488\" alt=\"\" srcset=\"https:\/\/blog.hwr-berlin.de\/futuretourism\/wp-content\/uploads_future\/2026\/01\/cfbLuH2g.jpeg 1024w, https:\/\/blog.hwr-berlin.de\/futuretourism\/wp-content\/uploads_future\/2026\/01\/cfbLuH2g-300x225.jpeg 300w, https:\/\/blog.hwr-berlin.de\/futuretourism\/wp-content\/uploads_future\/2026\/01\/cfbLuH2g-768x576.jpeg 768w\" sizes=\"100vw\" \/>\t\t\t\t\t\t\t\t\t\t\t<figcaption class=\"widget-image-caption wp-caption-text\">\u00a9 Messe Berlin GmbH<\/figcaption>\n\t\t\t\t\t\t\t\t\t\t<\/figure>\n\t\t\t\t\t\t\t\t\t<\/div>\n\t\t\t\t<div class=\"elementor-element elementor-element-5f5f2405 elementor-widget elementor-widget-text-editor\" data-id=\"5f5f2405\" data-element_type=\"widget\" data-e-type=\"widget\" data-widget_type=\"text-editor.default\">\n\t\t\t\t\t\t\t\t\t<h3 class=\"wp-block-heading\">Messestand des dualen Studiengangs BWL\/Tourismus der HWR Berlin auf der ITB Berlin, 3.\u2013 5. M\u00e4rz 2026<\/h3>\n<p><!-- \/wp:heading --><!-- wp:paragraph --><\/p>\n<p><!-- \/wp:paragraph --><!-- wp:paragraph --><\/p>\n<p><strong><mark class=\"has-inline-color has-black-color\" style=\"background-color: rgba(0, 0, 0, 0);\">Halle 4.1<\/mark><\/strong> | <strong><mark class=\"has-inline-color has-black-color\" style=\"background-color: rgba(0, 0, 0, 0);\">Stand 301a<\/mark><\/strong><br \/>Wir freuen uns auf Ihren Besuch und spannende Gespr\u00e4che vor Ort!<\/p>\n<p><em>Veranstaltungsort:<\/em> Messegel\u00e4nde Berlin, Messedamm 22, 14055 Berlin, Deutschland<\/p>\n<p><!-- \/wp:paragraph --><!-- wp:paragraph --><\/p>\n<p><strong>Das erwartet Sie in Halle 4.1:<\/strong><br \/>&#8211; Adventure Travel<br \/>&#8211; ITB Talent Hub<br \/>&#8211; ITB Lighthouse Stage<br \/>&#8211; LGBTQ+ Tourism<br \/>&#8211; Medical &amp; Health Tourism<br \/>&#8211; Responsible Tourism<br \/>&#8211; Youth Travel<\/p>\n<h4><span style=\"text-decoration: underline;\">Unser ITB Event-Team<\/span><\/h4>\n<p>\u00a0<\/p>\n<figure id=\"attachment_2465\" aria-describedby=\"caption-attachment-2465\" style=\"width: 1024px\" class=\"wp-caption aligncenter\"><img decoding=\"async\" class=\"wp-image-2465 size-full\" src=\"https:\/\/blog.hwr-berlin.de\/futuretourism\/wp-content\/uploads_future\/2026\/02\/RozY33SQ.jpeg\" alt=\"\u00a9 Hochschule f\u00fcr Wirtschaft und Recht Berlin\" width=\"1024\" height=\"768\" srcset=\"https:\/\/blog.hwr-berlin.de\/futuretourism\/wp-content\/uploads_future\/2026\/02\/RozY33SQ.jpeg 1024w, https:\/\/blog.hwr-berlin.de\/futuretourism\/wp-content\/uploads_future\/2026\/02\/RozY33SQ-300x225.jpeg 300w, https:\/\/blog.hwr-berlin.de\/futuretourism\/wp-content\/uploads_future\/2026\/02\/RozY33SQ-768x576.jpeg 768w\" sizes=\"(max-width: 767px) 89vw, (max-width: 1000px) 54vw, (max-width: 1071px) 543px, 580px\" \/><figcaption id=\"caption-attachment-2465\" class=\"wp-caption-text\">\u00a9 Hochschule f\u00fcr Wirtschaft und Recht Berlin<\/figcaption><\/figure>\n<p><!-- \/wp:paragraph --><!-- wp:paragraph --><\/p>\n<p><!-- \/wp:paragraph --><!-- wp:paragraph --><\/p>\n<p><!-- \/wp:paragraph --><!-- wp:paragraph --><\/p>\n<p><!-- \/wp:paragraph --><!-- wp:paragraph --><\/p>\n<p><!-- \/wp:paragraph --><!-- wp:paragraph --><\/p>\n<p><!-- \/wp:paragraph --><!-- wp:paragraph --><\/p>\n<p><!-- \/wp:paragraph --><!-- wp:paragraph --><\/p>\n<p><!-- \/wp:paragraph --><!-- wp:paragraph --><\/p>\n<p><!-- \/wp:paragraph --><!-- wp:paragraph --><\/p>\n<p><!-- \/wp:paragraph --><!-- wp:paragraph --><\/p>\n<p><!-- \/wp:paragraph --><!-- wp:paragraph --><\/p>\n<p>Die ITB wird von den Studierenden\u00a0<a href=\"http:\/\/linkedin.com\/in\/amber-hennig-447363335\">Amber Hennig<\/a>,\u00a0<a href=\"http:\/\/linkedin.com\/in\/elisabeth-schifelbein-7619bb2b5\">Elisabeth Schifelbein<\/a>,\u00a0<a href=\"http:\/\/linkedin.com\/in\/nele-bache-2803b4263\">Nele Bache<\/a>,\u00a0<a href=\"http:\/\/linkedin.com\/in\/frida-trier-a97a9535b\">Frida Trier<\/a>, <a href=\"http:\/\/linkedin.com\/in\/nguyen-hoang-quynh-anh-697b52389\">Nguyen Hoang Quynh Anh<\/a>,\u00a0<a href=\"http:\/\/linkedin.com\/in\/tanja-r\u00e4der-5636a0300\">Tanja R\u00e4der<\/a>,\u00a0<a href=\"http:\/\/linkedin.com\/in\/louis-richter-142b99384\">Louis Richter<\/a>\u00a0und\u00a0<a href=\"http:\/\/linkedin.com\/in\/philip-de-waart-462422294\">Philip de Waart<\/a>, unter der wissenschaftlichen Leitung von\u00a0<a href=\"http:\/\/linkedin.com\/in\/prof-dr-sandra-rochnowski-413120100\">Prof. Dr. Sandra Rochnowski<\/a>\u00a0betreut.<\/p>\n<p><strong>Medienvertreter*innen sind herzlich eingeladen. Interviews werden vorab und vor Ort auf Anfrage gern vermittelt.\u00a0<\/strong><\/p>\n<p><!-- \/wp:paragraph --><!-- wp:heading {\"level\":3} --><\/p>\n<h3 class=\"wp-block-heading\">Kontakt\u00a0<br \/><span style=\"color: #000000; font-weight: 400; font-size: 1rem;\"><a href=\"http:\/\/linkedin.com\/in\/prof-dr-sandra-rochnowski-413120100\">Prof. Dr. Sandra Rochnowski<\/a><\/span><\/h3>\n<p><!-- \/wp:paragraph --><!-- wp:paragraph --><\/p>\n<p>Studiengangsleiterin BWL\/Tourismus (dual), Tourismus-Expertin<br \/>E-Mail:\u00a0<a href=\"https:\/\/www.hwr-berlin.de\/presse\/pressemitteilungen\/pressemitteilung-detail\/detail\/tourismus-und-hospitality-branche-im-umbruch#\">sandra.rochnowski(at)hwr-berlin.de<\/a>\u00a0<br \/>Tel.: +49 173 662 49 80\u00a0<\/p>\n<p><!-- \/wp:paragraph --><!-- wp:paragraph --><\/p>\n<p><!-- \/wp:paragraph --><\/p>\t\t\t\t\t\t\t\t<\/div>\n\t\t\t\t\t<\/div>\n\t\t\t\t<\/div>\n\t\t<div class=\"elementor-element elementor-element-f241b07 e-flex e-con-boxed e-con e-parent\" data-id=\"f241b07\" data-element_type=\"container\" data-e-type=\"container\">\n\t\t\t\t\t<div class=\"e-con-inner\">\n\t\t\t\t\t<\/div>\n\t\t\t\t<\/div>\n\t\t<div class=\"elementor-element elementor-element-9236d31 e-flex e-con-boxed e-con e-parent\" data-id=\"9236d31\" data-element_type=\"container\" data-e-type=\"container\">\n\t\t\t\t\t<div class=\"e-con-inner\">\n\t\t\t\t<div class=\"elementor-element elementor-element-8e4326b elementor-view-default elementor-position-block-start elementor-mobile-position-block-start elementor-widget elementor-widget-icon-box\" data-id=\"8e4326b\" data-element_type=\"widget\" data-e-type=\"widget\" data-widget_type=\"icon-box.default\">\n\t\t\t\t\t\t\t<div class=\"elementor-icon-box-wrapper\">\n\n\t\t\t\t\t\t<div class=\"elementor-icon-box-icon\">\n\t\t\t\t<span  class=\"elementor-icon\">\n\t\t\t\t<svg aria-hidden=\"true\" class=\"e-font-icon-svg e-fas-star\" viewBox=\"0 0 576 512\" xmlns=\"http:\/\/www.w3.org\/2000\/svg\"><path d=\"M259.3 17.8L194 150.2 47.9 171.5c-26.2 3.8-36.7 36.1-17.7 54.6l105.7 103-25 145.5c-4.5 26.3 23.2 46 46.4 33.7L288 439.6l130.7 68.7c23.2 12.2 50.9-7.4 46.4-33.7l-25-145.5 105.7-103c19-18.5 8.5-50.8-17.7-54.6L382 150.2 316.7 17.8c-11.7-23.6-45.6-23.9-57.4 0z\"><\/path><\/svg>\t\t\t\t<\/span>\n\t\t\t<\/div>\n\t\t\t\n\t\t\t\t\t\t<div class=\"elementor-icon-box-content\">\n\n\t\t\t\t\t\t\t\t\t<h3 class=\"elementor-icon-box-title\">\n\t\t\t\t\t\t<span  >\n\t\t\t\t\t\t\tDies ist die \u00dcberschrift\t\t\t\t\t\t<\/span>\n\t\t\t\t\t<\/h3>\n\t\t\t\t\n\t\t\t\t\t\t\t\t\t<p class=\"elementor-icon-box-description\">\n\t\t\t\t\t\tLorem ipsum dolor sit amet, consectetur adipiscing elit. Ut elit tellus, luctus nec ullamcorper mattis, pulvinar dapibus leo.\t\t\t\t\t<\/p>\n\t\t\t\t\n\t\t\t<\/div>\n\t\t\t\n\t\t<\/div>\n\t\t\t\t\t\t<\/div>\n\t\t\t\t\t<\/div>\n\t\t\t\t<\/div>\n\t\t\t\t<\/div>\n\t\t","protected":false},"excerpt":{"rendered":"<p>\u00a9 Messe Berlin GmbH Messestand des dualen Studiengangs BWL\/Tourismus der HWR Berlin auf der ITB Berlin, 3.\u2013 5. M\u00e4rz 2026 Halle 4.1 | Stand 301aWir freuen uns auf Ihren Besuch und spannende Gespr\u00e4che vor Ort! Veranstaltungsort: Messegel\u00e4nde Berlin, Messedamm 22, 14055 Berlin, Deutschland Das erwartet Sie in Halle 4.1:&#8211; Adventure Travel&#8211; ITB Talent Hub&#8211; ITB &hellip; <\/p>\n<p class=\"link-more\"><a href=\"https:\/\/blog.hwr-berlin.de\/futuretourism\/findet-uns-auf-der-itb\/\" class=\"more-link\"><span class=\"screen-reader-text\">\u201eFindet uns auf der ITB\u201c <\/span>weiterlesen<\/a><\/p>\n","protected":false},"author":9,"featured_media":0,"parent":0,"menu_order":0,"comment_status":"closed","ping_status":"closed","template":"","meta":{"footnotes":""},"class_list":["post-1092","page","type-page","status-publish","hentry"],"yoast_head":"<!-- This site is optimized with the Yoast SEO plugin v27.6 - https:\/\/yoast.com\/product\/yoast-seo-wordpress\/ -->\n<title>Findet uns auf der ITB - futuretourism<\/title>\n<meta name=\"robots\" content=\"index, follow, max-snippet:-1, max-image-preview:large, max-video-preview:-1\" \/>\n<link rel=\"canonical\" href=\"https:\/\/blog.hwr-berlin.de\/futuretourism\/findet-uns-auf-der-itb\/\" \/>\n<meta property=\"og:locale\" content=\"de_DE\" \/>\n<meta property=\"og:type\" content=\"article\" \/>\n<meta property=\"og:title\" content=\"Findet uns auf der ITB - futuretourism\" \/>\n<meta property=\"og:description\" content=\"\u00a9 Messe Berlin GmbH Messestand des dualen Studiengangs BWL\/Tourismus der HWR Berlin auf der ITB Berlin, 3.\u2013 5. M\u00e4rz 2026 Halle 4.1 | Stand 301aWir freuen uns auf Ihren Besuch und spannende Gespr\u00e4che vor Ort! Veranstaltungsort: Messegel\u00e4nde Berlin, Messedamm 22, 14055 Berlin, Deutschland Das erwartet Sie in Halle 4.1:&#8211; Adventure Travel&#8211; ITB Talent Hub&#8211; ITB &hellip; \u201eFindet uns auf der ITB\u201c weiterlesen\" \/>\n<meta property=\"og:url\" content=\"https:\/\/blog.hwr-berlin.de\/futuretourism\/findet-uns-auf-der-itb\/\" \/>\n<meta property=\"og:site_name\" content=\"futuretourism\" \/>\n<meta property=\"article:modified_time\" content=\"2026-02-16T13:41:13+00:00\" \/>\n<meta property=\"og:image\" content=\"https:\/\/blog.hwr-berlin.de\/futuretourism\/wp-content\/uploads_future\/2026\/01\/cfbLuH2g.jpeg\" \/>\n\t<meta property=\"og:image:width\" content=\"1024\" \/>\n\t<meta property=\"og:image:height\" content=\"768\" \/>\n\t<meta property=\"og:image:type\" content=\"image\/jpeg\" \/>\n<meta name=\"twitter:card\" content=\"summary_large_image\" \/>\n<meta name=\"twitter:label1\" content=\"Gesch\u00e4tzte Lesezeit\" \/>\n\t<meta name=\"twitter:data1\" content=\"2\u00a0Minuten\" \/>\n<script type=\"application\/ld+json\" class=\"yoast-schema-graph\">{\"@context\":\"https:\\\/\\\/schema.org\",\"@graph\":[{\"@type\":\"WebPage\",\"@id\":\"https:\\\/\\\/blog.hwr-berlin.de\\\/futuretourism\\\/findet-uns-auf-der-itb\\\/\",\"url\":\"https:\\\/\\\/blog.hwr-berlin.de\\\/futuretourism\\\/findet-uns-auf-der-itb\\\/\",\"name\":\"Findet uns auf der ITB - futuretourism\",\"isPartOf\":{\"@id\":\"https:\\\/\\\/blog.hwr-berlin.de\\\/futuretourism\\\/#website\"},\"primaryImageOfPage\":{\"@id\":\"https:\\\/\\\/blog.hwr-berlin.de\\\/futuretourism\\\/findet-uns-auf-der-itb\\\/#primaryimage\"},\"image\":{\"@id\":\"https:\\\/\\\/blog.hwr-berlin.de\\\/futuretourism\\\/findet-uns-auf-der-itb\\\/#primaryimage\"},\"thumbnailUrl\":\"https:\\\/\\\/blog.hwr-berlin.de\\\/futuretourism\\\/wp-content\\\/uploads_future\\\/2026\\\/01\\\/cfbLuH2g.jpeg\",\"datePublished\":\"2025-12-12T15:36:02+00:00\",\"dateModified\":\"2026-02-16T13:41:13+00:00\",\"breadcrumb\":{\"@id\":\"https:\\\/\\\/blog.hwr-berlin.de\\\/futuretourism\\\/findet-uns-auf-der-itb\\\/#breadcrumb\"},\"inLanguage\":\"de\",\"potentialAction\":[{\"@type\":\"ReadAction\",\"target\":[\"https:\\\/\\\/blog.hwr-berlin.de\\\/futuretourism\\\/findet-uns-auf-der-itb\\\/\"]}]},{\"@type\":\"ImageObject\",\"inLanguage\":\"de\",\"@id\":\"https:\\\/\\\/blog.hwr-berlin.de\\\/futuretourism\\\/findet-uns-auf-der-itb\\\/#primaryimage\",\"url\":\"https:\\\/\\\/blog.hwr-berlin.de\\\/futuretourism\\\/wp-content\\\/uploads_future\\\/2026\\\/01\\\/cfbLuH2g.jpeg\",\"contentUrl\":\"https:\\\/\\\/blog.hwr-berlin.de\\\/futuretourism\\\/wp-content\\\/uploads_future\\\/2026\\\/01\\\/cfbLuH2g.jpeg\",\"width\":1024,\"height\":768,\"caption\":\"\u00a9 Messe Berlin GmbH\"},{\"@type\":\"BreadcrumbList\",\"@id\":\"https:\\\/\\\/blog.hwr-berlin.de\\\/futuretourism\\\/findet-uns-auf-der-itb\\\/#breadcrumb\",\"itemListElement\":[{\"@type\":\"ListItem\",\"position\":1,\"name\":\"Startseite\",\"item\":\"https:\\\/\\\/blog.hwr-berlin.de\\\/futuretourism\\\/\"},{\"@type\":\"ListItem\",\"position\":2,\"name\":\"Findet uns auf der ITB\"}]},{\"@type\":\"WebSite\",\"@id\":\"https:\\\/\\\/blog.hwr-berlin.de\\\/futuretourism\\\/#website\",\"url\":\"https:\\\/\\\/blog.hwr-berlin.de\\\/futuretourism\\\/\",\"name\":\"futuretourism\",\"description\":\"digital, nachhaltig, wandelbar\",\"publisher\":{\"@id\":\"https:\\\/\\\/blog.hwr-berlin.de\\\/futuretourism\\\/#organization\"},\"potentialAction\":[{\"@type\":\"SearchAction\",\"target\":{\"@type\":\"EntryPoint\",\"urlTemplate\":\"https:\\\/\\\/blog.hwr-berlin.de\\\/futuretourism\\\/?s={search_term_string}\"},\"query-input\":{\"@type\":\"PropertyValueSpecification\",\"valueRequired\":true,\"valueName\":\"search_term_string\"}}],\"inLanguage\":\"de\"},{\"@type\":\"Organization\",\"@id\":\"https:\\\/\\\/blog.hwr-berlin.de\\\/futuretourism\\\/#organization\",\"name\":\"futuretourism\",\"url\":\"https:\\\/\\\/blog.hwr-berlin.de\\\/futuretourism\\\/\",\"logo\":{\"@type\":\"ImageObject\",\"inLanguage\":\"de\",\"@id\":\"https:\\\/\\\/blog.hwr-berlin.de\\\/futuretourism\\\/#\\\/schema\\\/logo\\\/image\\\/\",\"url\":\"https:\\\/\\\/blog.hwr-berlin.de\\\/futuretourism\\\/wp-content\\\/uploads_future\\\/2026\\\/01\\\/cropped-STACKED-scaled-1.jpg\",\"contentUrl\":\"https:\\\/\\\/blog.hwr-berlin.de\\\/futuretourism\\\/wp-content\\\/uploads_future\\\/2026\\\/01\\\/cropped-STACKED-scaled-1.jpg\",\"width\":562,\"height\":250,\"caption\":\"futuretourism\"},\"image\":{\"@id\":\"https:\\\/\\\/blog.hwr-berlin.de\\\/futuretourism\\\/#\\\/schema\\\/logo\\\/image\\\/\"}}]}<\/script>\n<!-- \/ Yoast SEO plugin. -->","yoast_head_json":{"title":"Findet uns auf der ITB - futuretourism","robots":{"index":"index","follow":"follow","max-snippet":"max-snippet:-1","max-image-preview":"max-image-preview:large","max-video-preview":"max-video-preview:-1"},"canonical":"https:\/\/blog.hwr-berlin.de\/futuretourism\/findet-uns-auf-der-itb\/","og_locale":"de_DE","og_type":"article","og_title":"Findet uns auf der ITB - futuretourism","og_description":"\u00a9 Messe Berlin GmbH Messestand des dualen Studiengangs BWL\/Tourismus der HWR Berlin auf der ITB Berlin, 3.\u2013 5. M\u00e4rz 2026 Halle 4.1 | Stand 301aWir freuen uns auf Ihren Besuch und spannende Gespr\u00e4che vor Ort! Veranstaltungsort: Messegel\u00e4nde Berlin, Messedamm 22, 14055 Berlin, Deutschland Das erwartet Sie in Halle 4.1:&#8211; Adventure Travel&#8211; ITB Talent Hub&#8211; ITB &hellip; \u201eFindet uns auf der ITB\u201c weiterlesen","og_url":"https:\/\/blog.hwr-berlin.de\/futuretourism\/findet-uns-auf-der-itb\/","og_site_name":"futuretourism","article_modified_time":"2026-02-16T13:41:13+00:00","og_image":[{"width":1024,"height":768,"url":"https:\/\/blog.hwr-berlin.de\/futuretourism\/wp-content\/uploads_future\/2026\/01\/cfbLuH2g.jpeg","type":"image\/jpeg"}],"twitter_card":"summary_large_image","twitter_misc":{"Gesch\u00e4tzte Lesezeit":"2\u00a0Minuten"},"schema":{"@context":"https:\/\/schema.org","@graph":[{"@type":"WebPage","@id":"https:\/\/blog.hwr-berlin.de\/futuretourism\/findet-uns-auf-der-itb\/","url":"https:\/\/blog.hwr-berlin.de\/futuretourism\/findet-uns-auf-der-itb\/","name":"Findet uns auf der ITB - futuretourism","isPartOf":{"@id":"https:\/\/blog.hwr-berlin.de\/futuretourism\/#website"},"primaryImageOfPage":{"@id":"https:\/\/blog.hwr-berlin.de\/futuretourism\/findet-uns-auf-der-itb\/#primaryimage"},"image":{"@id":"https:\/\/blog.hwr-berlin.de\/futuretourism\/findet-uns-auf-der-itb\/#primaryimage"},"thumbnailUrl":"https:\/\/blog.hwr-berlin.de\/futuretourism\/wp-content\/uploads_future\/2026\/01\/cfbLuH2g.jpeg","datePublished":"2025-12-12T15:36:02+00:00","dateModified":"2026-02-16T13:41:13+00:00","breadcrumb":{"@id":"https:\/\/blog.hwr-berlin.de\/futuretourism\/findet-uns-auf-der-itb\/#breadcrumb"},"inLanguage":"de","potentialAction":[{"@type":"ReadAction","target":["https:\/\/blog.hwr-berlin.de\/futuretourism\/findet-uns-auf-der-itb\/"]}]},{"@type":"ImageObject","inLanguage":"de","@id":"https:\/\/blog.hwr-berlin.de\/futuretourism\/findet-uns-auf-der-itb\/#primaryimage","url":"https:\/\/blog.hwr-berlin.de\/futuretourism\/wp-content\/uploads_future\/2026\/01\/cfbLuH2g.jpeg","contentUrl":"https:\/\/blog.hwr-berlin.de\/futuretourism\/wp-content\/uploads_future\/2026\/01\/cfbLuH2g.jpeg","width":1024,"height":768,"caption":"\u00a9 Messe Berlin GmbH"},{"@type":"BreadcrumbList","@id":"https:\/\/blog.hwr-berlin.de\/futuretourism\/findet-uns-auf-der-itb\/#breadcrumb","itemListElement":[{"@type":"ListItem","position":1,"name":"Startseite","item":"https:\/\/blog.hwr-berlin.de\/futuretourism\/"},{"@type":"ListItem","position":2,"name":"Findet uns auf der ITB"}]},{"@type":"WebSite","@id":"https:\/\/blog.hwr-berlin.de\/futuretourism\/#website","url":"https:\/\/blog.hwr-berlin.de\/futuretourism\/","name":"futuretourism","description":"digital, nachhaltig, wandelbar","publisher":{"@id":"https:\/\/blog.hwr-berlin.de\/futuretourism\/#organization"},"potentialAction":[{"@type":"SearchAction","target":{"@type":"EntryPoint","urlTemplate":"https:\/\/blog.hwr-berlin.de\/futuretourism\/?s={search_term_string}"},"query-input":{"@type":"PropertyValueSpecification","valueRequired":true,"valueName":"search_term_string"}}],"inLanguage":"de"},{"@type":"Organization","@id":"https:\/\/blog.hwr-berlin.de\/futuretourism\/#organization","name":"futuretourism","url":"https:\/\/blog.hwr-berlin.de\/futuretourism\/","logo":{"@type":"ImageObject","inLanguage":"de","@id":"https:\/\/blog.hwr-berlin.de\/futuretourism\/#\/schema\/logo\/image\/","url":"https:\/\/blog.hwr-berlin.de\/futuretourism\/wp-content\/uploads_future\/2026\/01\/cropped-STACKED-scaled-1.jpg","contentUrl":"https:\/\/blog.hwr-berlin.de\/futuretourism\/wp-content\/uploads_future\/2026\/01\/cropped-STACKED-scaled-1.jpg","width":562,"height":250,"caption":"futuretourism"},"image":{"@id":"https:\/\/blog.hwr-berlin.de\/futuretourism\/#\/schema\/logo\/image\/"}}]}},"_links":{"self":[{"href":"https:\/\/blog.hwr-berlin.de\/futuretourism\/wp-json\/wp\/v2\/pages\/1092","targetHints":{"allow":["GET"]}}],"collection":[{"href":"https:\/\/blog.hwr-berlin.de\/futuretourism\/wp-json\/wp\/v2\/pages"}],"about":[{"href":"https:\/\/blog.hwr-berlin.de\/futuretourism\/wp-json\/wp\/v2\/types\/page"}],"author":[{"embeddable":true,"href":"https:\/\/blog.hwr-berlin.de\/futuretourism\/wp-json\/wp\/v2\/users\/9"}],"replies":[{"embeddable":true,"href":"https:\/\/blog.hwr-berlin.de\/futuretourism\/wp-json\/wp\/v2\/comments?post=1092"}],"version-history":[{"count":47,"href":"https:\/\/blog.hwr-berlin.de\/futuretourism\/wp-json\/wp\/v2\/pages\/1092\/revisions"}],"predecessor-version":[{"id":2475,"href":"https:\/\/blog.hwr-berlin.de\/futuretourism\/wp-json\/wp\/v2\/pages\/1092\/revisions\/2475"}],"wp:attachment":[{"href":"https:\/\/blog.hwr-berlin.de\/futuretourism\/wp-json\/wp\/v2\/media?parent=1092"}],"curies":[{"name":"wp","href":"https:\/\/api.w.org\/{rel}","templated":true}]}}