

{"id":1094,"date":"2025-12-12T16:36:20","date_gmt":"2025-12-12T15:36:20","guid":{"rendered":"https:\/\/blog.hwr-berlin.de\/futuretourism\/?page_id=1094"},"modified":"2026-02-16T14:28:52","modified_gmt":"2026-02-16T13:28:52","slug":"green-lobby-nachhaltigkeit-im-fokus","status":"publish","type":"page","link":"https:\/\/blog.hwr-berlin.de\/futuretourism\/green-lobby-nachhaltigkeit-im-fokus\/","title":{"rendered":"Green Lobby &#8211; Nachhaltigkeit im Fokus"},"content":{"rendered":"<p data-start=\"681\" data-end=\"741\"><strong data-start=\"681\" data-end=\"741\">Talk-Runde im Forum f\u00fcr Nachhaltigkeit | ITB Berlin 2026<\/strong><\/p>\n<p data-start=\"743\" data-end=\"1022\">Unter dem Titel <strong data-start=\"759\" data-end=\"806\">\u201eDer Rotstift regiert \u2013 wird ESG zu teuer?\u201c<\/strong> diskutiert die Green Lobby auf der ITB Berlin 2026, wie sich Nachhaltigkeits- und ESG-Ziele in der Tourismus- und Hospitality-Branche umsetzen lassen \u2013 trotz steigender Kosten und wirtschaftlicher Herausforderungen.<\/p>\n<ul>\n<li data-start=\"1024\" data-end=\"1094\"><strong data-start=\"1027\" data-end=\"1062\">ITB Lighthouse Stage, Halle 4.1<\/strong><\/li>\n<li data-start=\"1024\" data-end=\"1094\"><strong data-start=\"1068\" data-end=\"1094\">05.03.2026 | 12:30 Uhr<\/strong><\/li>\n<\/ul>\n<p data-start=\"1096\" data-end=\"1197\">\ud83d\udc49 <em data-start=\"1099\" data-end=\"1197\">Mehr Hintergr\u00fcnde zur Green Lobby, zu ESG und zur Diskussion finden Sie weiter unten im Beitrag.<\/em><\/p>\n<p>\u00a0<\/p>\n<h6 data-start=\"1849\" data-end=\"1887\">Was bedeutet eigentlich ESG?<\/h6>\n<p data-start=\"1889\" data-end=\"1907\"><strong data-start=\"1889\" data-end=\"1896\">ESG<\/strong> steht f\u00fcr:<\/p>\n<ul>\n<li data-start=\"1889\" data-end=\"1907\"><strong style=\"font-size: 1rem;\" data-start=\"1911\" data-end=\"1916\">E<\/strong>nvironmental (Umwelt)<\/li>\n<li data-start=\"1889\" data-end=\"1907\"><strong data-start=\"1942\" data-end=\"1947\">S<\/strong>ocial (Soziales)<\/li>\n<li data-start=\"1889\" data-end=\"1907\"><strong style=\"font-size: 1rem;\" data-start=\"1968\" data-end=\"1973\">G<\/strong>overnance (Unternehmensf\u00fchrung)<\/li>\n<\/ul>\n<p data-start=\"2006\" data-end=\"2577\">Diese drei Kriterien dienen als Rahmenwerk, um nachhaltige und verantwortungsvolle Gesch\u00e4ftspraktiken zu messen und zu bewerten. ESG geht \u00fcber klassische Umweltschutzfragen hinaus: Es umfasst etwa CO\u2082-Emissionen, Ressourceneffizienz, faire Arbeitsbedingungen, soziale Gerechtigkeit, Diversit\u00e4t, Transparenz und ethische Unternehmensf\u00fchrung. ESG-Leistungsindikatoren werden heute zunehmend von Investoren, Kund:innen und Regulierungsbeh\u00f6rden verlangt, um die langfristige Nachhaltigkeit und Resilienz eines Unternehmens zu beurteilen.<\/p>\n<p data-start=\"2579\" data-end=\"3032\">Im Tourismussektor bedeutet das konkret: Hotels, Reiseveranstalter, Destinationen und Plattformen m\u00fcssen zeigen, wie sie \u00f6kologische Verantwortung \u00fcbernehmen (z. B. Klimaschutz oder Ressourceneffizienz), wie sie sozialvertr\u00e4glich handeln (z. B. faire Arbeitsbedingungen, Inklusion) und wie ihre Governance-Strukturen transparent und zukunftsf\u00e4hig sind. ESG wird damit zum zentralen Ma\u00dfstab der Wettbewerbsf\u00e4higkeit.<\/p>\n<h3 data-start=\"279\" data-end=\"328\">Nachhaltigkeit zwischen Anspruch und Realit\u00e4t<\/h3>\n<p data-start=\"330\" data-end=\"683\">So klar die ESG-Kriterien als Orientierungsrahmen f\u00fcr nachhaltiges Wirtschaften definiert sind, so herausfordernd ist ihre Umsetzung im aktuellen wirtschaftlichen Umfeld. Gerade im Tourismussektor versch\u00e4rfen steigende Kostenfaktoren, etwa h\u00f6here Mindestl\u00f6hne, Energiepreise und allgemeine betriebliche Belastungen, den Handlungsdruck auf Unternehmen.<\/p>\n<p data-start=\"685\" data-end=\"991\">Vor diesem Hintergrund stellt sich eine zentrale Leitfrage: <strong data-start=\"745\" data-end=\"857\">Geraten Nachhaltigkeits- und ESG-Themen zunehmend in den Schatten kurzfristiger Kosten- und Effizienzfragen?<\/strong> Oder gelingt es der Branche, \u00f6kologische und soziale Verantwortung trotz wirtschaftlicher Herausforderungen langfristig zu verankern?<\/p>\n<p data-start=\"993\" data-end=\"1346\">Genau an dieser Stelle setzt die \u201e<strong>Green Lobby<\/strong>\u201c an \u2013 eine inspirierende Talk-Runde rund um die Frage, wie Nachhaltigkeit in der Tourismus- und Hospitality-Branche heute gedacht und umgesetzt werden kann. Unter dem pointierten Titel <strong><em>\u201eDer Rotstift regiert \u2013 wird ESG zu teuer?\u201c<\/em><\/strong> bringt das Format Entscheider:innen und Expert:innen zusammen, um offen dar\u00fcber zu diskutieren, wie ESG-Ziele strategisch verfolgt werden k\u00f6nnen, ohne dabei die wirtschaftliche Realit\u00e4t aus dem Blick zu verlieren. Auch in diesem Jahr ist die Green Lobby wieder Teil des <strong data-start=\"759\" data-end=\"803\">Forums f\u00fcr Nachhaltigkeit der ITB Berlin<\/strong> und bietet Raum f\u00fcr ehrlichen Austausch, unterschiedliche Perspektiven und praxisnahe Einblicke.<\/p>\n<p data-start=\"993\" data-end=\"1346\"><strong data-start=\"1351\" data-end=\"1365\">Wo &amp; Wann:<\/strong><\/p>\n<ul>\n<li aria-setsize=\"-1\" data-leveltext=\"-\" data-font=\"Aptos\" data-listid=\"10\" data-list-defn-props=\"{&quot;335552541&quot;:1,&quot;335559685&quot;:720,&quot;335559991&quot;:360,&quot;469769226&quot;:&quot;Aptos&quot;,&quot;469769242&quot;:[8226],&quot;469777803&quot;:&quot;left&quot;,&quot;469777804&quot;:&quot;-&quot;,&quot;469777815&quot;:&quot;hybridMultilevel&quot;}\" data-aria-posinset=\"1\" data-aria-level=\"1\"><strong>ITB Lighthouse Stage, Halle 4.1<\/strong><\/li>\n<li data-start=\"1024\" data-end=\"1094\"><strong data-start=\"1068\" data-end=\"1094\">05.03.2026 | 12:30 Uhr<\/strong><\/li>\n<\/ul>\n<p data-start=\"978\" data-end=\"1504\">Durch die Runde f\u00fchrt <a href=\"http:\/\/linkedin.com\/in\/prof-dr-sandra-rochnowski-413120100\"><strong data-start=\"1000\" data-end=\"1031\">Prof. Dr. Sandra Rochnowski<\/strong><\/a>, Leiterin des Fachbereichs BWL\/Tourismus an der Hochschule f\u00fcr Wirtschaft und Recht Berlin. Gemeinsam mit ihr diskutieren <a href=\"http:\/\/linkedin.com\/in\/luisa-pietschmann-4107a951\"><strong data-start=\"1154\" data-end=\"1175\">Luisa Pietschmann<\/strong><\/a>, Manager Openings &amp; Sustainability bei der tristar GmbH, <strong data-start=\"1233\" data-end=\"1250\">Ragnar Werler<\/strong>, Prokuristin der Fliegel Textilservice GmbH, <a href=\"http:\/\/linkedin.com\/in\/uta-von-dietze-b236001b\"><strong data-start=\"1296\" data-end=\"1314\">Uta von Dietze<\/strong><\/a>, VP Commercial Performance EMEA bei Wyndham Hotels &amp; Resorts, sowie <a href=\"http:\/\/linkedin.com\/in\/hakan-ardic\"><strong data-start=\"1383\" data-end=\"1398\">Hakan Ardic<\/strong><\/a>, VP Hospitality &amp; Mobility bei der Wirelane GmbH, \u00fcber Chancen, Grenzen und Kosten von ESG in der Praxis.<\/p>\n\n\n<p><\/p>\n","protected":false},"excerpt":{"rendered":"<p>Talk-Runde im Forum f\u00fcr Nachhaltigkeit | ITB Berlin 2026 Unter dem Titel \u201eDer Rotstift regiert \u2013 wird ESG zu teuer?\u201c diskutiert die Green Lobby auf der ITB Berlin 2026, wie sich Nachhaltigkeits- und ESG-Ziele in der Tourismus- und Hospitality-Branche umsetzen lassen \u2013 trotz steigender Kosten und wirtschaftlicher Herausforderungen. ITB Lighthouse Stage, Halle 4.1 05.03.2026 | &hellip; <\/p>\n<p class=\"link-more\"><a href=\"https:\/\/blog.hwr-berlin.de\/futuretourism\/green-lobby-nachhaltigkeit-im-fokus\/\" class=\"more-link\"><span class=\"screen-reader-text\">\u201eGreen Lobby &#8211; Nachhaltigkeit im Fokus\u201c <\/span>weiterlesen<\/a><\/p>\n","protected":false},"author":9,"featured_media":0,"parent":0,"menu_order":0,"comment_status":"closed","ping_status":"closed","template":"","meta":{"footnotes":""},"class_list":["post-1094","page","type-page","status-publish","hentry"],"yoast_head":"<!-- This site is optimized with the Yoast SEO plugin v27.5 - https:\/\/yoast.com\/product\/yoast-seo-wordpress\/ -->\n<title>Green Lobby - Nachhaltigkeit im Fokus - futuretourism<\/title>\n<meta name=\"robots\" content=\"index, follow, max-snippet:-1, max-image-preview:large, max-video-preview:-1\" \/>\n<link rel=\"canonical\" href=\"https:\/\/blog.hwr-berlin.de\/futuretourism\/green-lobby-nachhaltigkeit-im-fokus\/\" \/>\n<meta property=\"og:locale\" content=\"de_DE\" \/>\n<meta property=\"og:type\" content=\"article\" \/>\n<meta property=\"og:title\" content=\"Green Lobby - Nachhaltigkeit im Fokus - futuretourism\" \/>\n<meta property=\"og:description\" content=\"Talk-Runde im Forum f\u00fcr Nachhaltigkeit | ITB Berlin 2026 Unter dem Titel \u201eDer Rotstift regiert \u2013 wird ESG zu teuer?\u201c diskutiert die Green Lobby auf der ITB Berlin 2026, wie sich Nachhaltigkeits- und ESG-Ziele in der Tourismus- und Hospitality-Branche umsetzen lassen \u2013 trotz steigender Kosten und wirtschaftlicher Herausforderungen. ITB Lighthouse Stage, Halle 4.1 05.03.2026 | &hellip; \u201eGreen Lobby &#8211; Nachhaltigkeit im Fokus\u201c weiterlesen\" \/>\n<meta property=\"og:url\" content=\"https:\/\/blog.hwr-berlin.de\/futuretourism\/green-lobby-nachhaltigkeit-im-fokus\/\" \/>\n<meta property=\"og:site_name\" content=\"futuretourism\" \/>\n<meta property=\"article:modified_time\" content=\"2026-02-16T13:28:52+00:00\" \/>\n<meta name=\"twitter:card\" content=\"summary_large_image\" \/>\n<meta name=\"twitter:label1\" content=\"Gesch\u00e4tzte Lesezeit\" \/>\n\t<meta name=\"twitter:data1\" content=\"3\u00a0Minuten\" \/>\n<script type=\"application\/ld+json\" class=\"yoast-schema-graph\">{\"@context\":\"https:\\\/\\\/schema.org\",\"@graph\":[{\"@type\":\"WebPage\",\"@id\":\"https:\\\/\\\/blog.hwr-berlin.de\\\/futuretourism\\\/green-lobby-nachhaltigkeit-im-fokus\\\/\",\"url\":\"https:\\\/\\\/blog.hwr-berlin.de\\\/futuretourism\\\/green-lobby-nachhaltigkeit-im-fokus\\\/\",\"name\":\"Green Lobby - Nachhaltigkeit im Fokus - futuretourism\",\"isPartOf\":{\"@id\":\"https:\\\/\\\/blog.hwr-berlin.de\\\/futuretourism\\\/#website\"},\"datePublished\":\"2025-12-12T15:36:20+00:00\",\"dateModified\":\"2026-02-16T13:28:52+00:00\",\"breadcrumb\":{\"@id\":\"https:\\\/\\\/blog.hwr-berlin.de\\\/futuretourism\\\/green-lobby-nachhaltigkeit-im-fokus\\\/#breadcrumb\"},\"inLanguage\":\"de\",\"potentialAction\":[{\"@type\":\"ReadAction\",\"target\":[\"https:\\\/\\\/blog.hwr-berlin.de\\\/futuretourism\\\/green-lobby-nachhaltigkeit-im-fokus\\\/\"]}]},{\"@type\":\"BreadcrumbList\",\"@id\":\"https:\\\/\\\/blog.hwr-berlin.de\\\/futuretourism\\\/green-lobby-nachhaltigkeit-im-fokus\\\/#breadcrumb\",\"itemListElement\":[{\"@type\":\"ListItem\",\"position\":1,\"name\":\"Startseite\",\"item\":\"https:\\\/\\\/blog.hwr-berlin.de\\\/futuretourism\\\/\"},{\"@type\":\"ListItem\",\"position\":2,\"name\":\"Green Lobby &#8211; Nachhaltigkeit im Fokus\"}]},{\"@type\":\"WebSite\",\"@id\":\"https:\\\/\\\/blog.hwr-berlin.de\\\/futuretourism\\\/#website\",\"url\":\"https:\\\/\\\/blog.hwr-berlin.de\\\/futuretourism\\\/\",\"name\":\"futuretourism\",\"description\":\"digital, nachhaltig, wandelbar\",\"publisher\":{\"@id\":\"https:\\\/\\\/blog.hwr-berlin.de\\\/futuretourism\\\/#organization\"},\"potentialAction\":[{\"@type\":\"SearchAction\",\"target\":{\"@type\":\"EntryPoint\",\"urlTemplate\":\"https:\\\/\\\/blog.hwr-berlin.de\\\/futuretourism\\\/?s={search_term_string}\"},\"query-input\":{\"@type\":\"PropertyValueSpecification\",\"valueRequired\":true,\"valueName\":\"search_term_string\"}}],\"inLanguage\":\"de\"},{\"@type\":\"Organization\",\"@id\":\"https:\\\/\\\/blog.hwr-berlin.de\\\/futuretourism\\\/#organization\",\"name\":\"futuretourism\",\"url\":\"https:\\\/\\\/blog.hwr-berlin.de\\\/futuretourism\\\/\",\"logo\":{\"@type\":\"ImageObject\",\"inLanguage\":\"de\",\"@id\":\"https:\\\/\\\/blog.hwr-berlin.de\\\/futuretourism\\\/#\\\/schema\\\/logo\\\/image\\\/\",\"url\":\"https:\\\/\\\/blog.hwr-berlin.de\\\/futuretourism\\\/wp-content\\\/uploads_future\\\/2026\\\/01\\\/cropped-STACKED-scaled-1.jpg\",\"contentUrl\":\"https:\\\/\\\/blog.hwr-berlin.de\\\/futuretourism\\\/wp-content\\\/uploads_future\\\/2026\\\/01\\\/cropped-STACKED-scaled-1.jpg\",\"width\":562,\"height\":250,\"caption\":\"futuretourism\"},\"image\":{\"@id\":\"https:\\\/\\\/blog.hwr-berlin.de\\\/futuretourism\\\/#\\\/schema\\\/logo\\\/image\\\/\"}}]}<\/script>\n<!-- \/ Yoast SEO plugin. -->","yoast_head_json":{"title":"Green Lobby - Nachhaltigkeit im Fokus - futuretourism","robots":{"index":"index","follow":"follow","max-snippet":"max-snippet:-1","max-image-preview":"max-image-preview:large","max-video-preview":"max-video-preview:-1"},"canonical":"https:\/\/blog.hwr-berlin.de\/futuretourism\/green-lobby-nachhaltigkeit-im-fokus\/","og_locale":"de_DE","og_type":"article","og_title":"Green Lobby - Nachhaltigkeit im Fokus - futuretourism","og_description":"Talk-Runde im Forum f\u00fcr Nachhaltigkeit | ITB Berlin 2026 Unter dem Titel \u201eDer Rotstift regiert \u2013 wird ESG zu teuer?\u201c diskutiert die Green Lobby auf der ITB Berlin 2026, wie sich Nachhaltigkeits- und ESG-Ziele in der Tourismus- und Hospitality-Branche umsetzen lassen \u2013 trotz steigender Kosten und wirtschaftlicher Herausforderungen. ITB Lighthouse Stage, Halle 4.1 05.03.2026 | &hellip; \u201eGreen Lobby &#8211; Nachhaltigkeit im Fokus\u201c weiterlesen","og_url":"https:\/\/blog.hwr-berlin.de\/futuretourism\/green-lobby-nachhaltigkeit-im-fokus\/","og_site_name":"futuretourism","article_modified_time":"2026-02-16T13:28:52+00:00","twitter_card":"summary_large_image","twitter_misc":{"Gesch\u00e4tzte Lesezeit":"3\u00a0Minuten"},"schema":{"@context":"https:\/\/schema.org","@graph":[{"@type":"WebPage","@id":"https:\/\/blog.hwr-berlin.de\/futuretourism\/green-lobby-nachhaltigkeit-im-fokus\/","url":"https:\/\/blog.hwr-berlin.de\/futuretourism\/green-lobby-nachhaltigkeit-im-fokus\/","name":"Green Lobby - Nachhaltigkeit im Fokus - futuretourism","isPartOf":{"@id":"https:\/\/blog.hwr-berlin.de\/futuretourism\/#website"},"datePublished":"2025-12-12T15:36:20+00:00","dateModified":"2026-02-16T13:28:52+00:00","breadcrumb":{"@id":"https:\/\/blog.hwr-berlin.de\/futuretourism\/green-lobby-nachhaltigkeit-im-fokus\/#breadcrumb"},"inLanguage":"de","potentialAction":[{"@type":"ReadAction","target":["https:\/\/blog.hwr-berlin.de\/futuretourism\/green-lobby-nachhaltigkeit-im-fokus\/"]}]},{"@type":"BreadcrumbList","@id":"https:\/\/blog.hwr-berlin.de\/futuretourism\/green-lobby-nachhaltigkeit-im-fokus\/#breadcrumb","itemListElement":[{"@type":"ListItem","position":1,"name":"Startseite","item":"https:\/\/blog.hwr-berlin.de\/futuretourism\/"},{"@type":"ListItem","position":2,"name":"Green Lobby &#8211; Nachhaltigkeit im Fokus"}]},{"@type":"WebSite","@id":"https:\/\/blog.hwr-berlin.de\/futuretourism\/#website","url":"https:\/\/blog.hwr-berlin.de\/futuretourism\/","name":"futuretourism","description":"digital, nachhaltig, wandelbar","publisher":{"@id":"https:\/\/blog.hwr-berlin.de\/futuretourism\/#organization"},"potentialAction":[{"@type":"SearchAction","target":{"@type":"EntryPoint","urlTemplate":"https:\/\/blog.hwr-berlin.de\/futuretourism\/?s={search_term_string}"},"query-input":{"@type":"PropertyValueSpecification","valueRequired":true,"valueName":"search_term_string"}}],"inLanguage":"de"},{"@type":"Organization","@id":"https:\/\/blog.hwr-berlin.de\/futuretourism\/#organization","name":"futuretourism","url":"https:\/\/blog.hwr-berlin.de\/futuretourism\/","logo":{"@type":"ImageObject","inLanguage":"de","@id":"https:\/\/blog.hwr-berlin.de\/futuretourism\/#\/schema\/logo\/image\/","url":"https:\/\/blog.hwr-berlin.de\/futuretourism\/wp-content\/uploads_future\/2026\/01\/cropped-STACKED-scaled-1.jpg","contentUrl":"https:\/\/blog.hwr-berlin.de\/futuretourism\/wp-content\/uploads_future\/2026\/01\/cropped-STACKED-scaled-1.jpg","width":562,"height":250,"caption":"futuretourism"},"image":{"@id":"https:\/\/blog.hwr-berlin.de\/futuretourism\/#\/schema\/logo\/image\/"}}]}},"_links":{"self":[{"href":"https:\/\/blog.hwr-berlin.de\/futuretourism\/wp-json\/wp\/v2\/pages\/1094","targetHints":{"allow":["GET"]}}],"collection":[{"href":"https:\/\/blog.hwr-berlin.de\/futuretourism\/wp-json\/wp\/v2\/pages"}],"about":[{"href":"https:\/\/blog.hwr-berlin.de\/futuretourism\/wp-json\/wp\/v2\/types\/page"}],"author":[{"embeddable":true,"href":"https:\/\/blog.hwr-berlin.de\/futuretourism\/wp-json\/wp\/v2\/users\/9"}],"replies":[{"embeddable":true,"href":"https:\/\/blog.hwr-berlin.de\/futuretourism\/wp-json\/wp\/v2\/comments?post=1094"}],"version-history":[{"count":20,"href":"https:\/\/blog.hwr-berlin.de\/futuretourism\/wp-json\/wp\/v2\/pages\/1094\/revisions"}],"predecessor-version":[{"id":2462,"href":"https:\/\/blog.hwr-berlin.de\/futuretourism\/wp-json\/wp\/v2\/pages\/1094\/revisions\/2462"}],"wp:attachment":[{"href":"https:\/\/blog.hwr-berlin.de\/futuretourism\/wp-json\/wp\/v2\/media?parent=1094"}],"curies":[{"name":"wp","href":"https:\/\/api.w.org\/{rel}","templated":true}]}}