

{"id":1292,"date":"2026-01-14T15:44:44","date_gmt":"2026-01-14T14:44:44","guid":{"rendered":"https:\/\/blog.hwr-berlin.de\/futuretourism\/?page_id=1292"},"modified":"2026-02-04T12:50:12","modified_gmt":"2026-02-04T11:50:12","slug":"studierendenperspektive-lernen-erleben-vernetzen","status":"publish","type":"page","link":"https:\/\/blog.hwr-berlin.de\/futuretourism\/studierendenperspektive-lernen-erleben-vernetzen\/","title":{"rendered":"StudiPerspektive: Lernen &amp; Erleben"},"content":{"rendered":"\t\t<div data-elementor-type=\"wp-page\" data-elementor-id=\"1292\" class=\"elementor elementor-1292\">\n\t\t\t\t<div class=\"elementor-element elementor-element-583d5c2 e-flex e-con-boxed e-con e-parent\" data-id=\"583d5c2\" data-element_type=\"container\" data-e-type=\"container\">\n\t\t\t\t\t<div class=\"e-con-inner\">\n\t\t\t\t<div class=\"elementor-element elementor-element-2c459eb elementor-widget elementor-widget-image\" data-id=\"2c459eb\" data-element_type=\"widget\" data-e-type=\"widget\" data-widget_type=\"image.default\">\n\t\t\t\t\t\t\t\t\t\t\t\t<figure class=\"wp-caption\">\n\t\t\t\t\t\t\t\t\t\t<img fetchpriority=\"high\" decoding=\"async\" width=\"740\" height=\"494\" src=\"https:\/\/blog.hwr-berlin.de\/futuretourism\/wp-content\/uploads_future\/2026\/02\/2022-11-15_Image-CL_IMG_4240-1024x683.jpg\" class=\"attachment-large size-large wp-image-2177\" alt=\"\" srcset=\"https:\/\/blog.hwr-berlin.de\/futuretourism\/wp-content\/uploads_future\/2026\/02\/2022-11-15_Image-CL_IMG_4240-1024x683.jpg 1024w, https:\/\/blog.hwr-berlin.de\/futuretourism\/wp-content\/uploads_future\/2026\/02\/2022-11-15_Image-CL_IMG_4240-300x200.jpg 300w, https:\/\/blog.hwr-berlin.de\/futuretourism\/wp-content\/uploads_future\/2026\/02\/2022-11-15_Image-CL_IMG_4240-768x512.jpg 768w, https:\/\/blog.hwr-berlin.de\/futuretourism\/wp-content\/uploads_future\/2026\/02\/2022-11-15_Image-CL_IMG_4240-1536x1024.jpg 1536w, https:\/\/blog.hwr-berlin.de\/futuretourism\/wp-content\/uploads_future\/2026\/02\/2022-11-15_Image-CL_IMG_4240-2048x1366.jpg 2048w\" sizes=\"100vw\" \/>\t\t\t\t\t\t\t\t\t\t\t<figcaption class=\"widget-image-caption wp-caption-text\">\u00a9 Hochschule f\u00fcr Wirtschaft und Recht Berlin<\/figcaption>\n\t\t\t\t\t\t\t\t\t\t<\/figure>\n\t\t\t\t\t\t\t\t\t<\/div>\n\t\t\t\t<div class=\"elementor-element elementor-element-38c070e elementor-widget elementor-widget-text-editor\" data-id=\"38c070e\" data-element_type=\"widget\" data-e-type=\"widget\" data-widget_type=\"text-editor.default\">\n\t\t\t\t\t\t\t\t\t<p><b><span data-contrast=\"auto\">An der HWR Berlin pr\u00e4gen viele Facetten den Studienalltag:<\/span><span data-ccp-props=\"{&quot;134233117&quot;:false,&quot;134233118&quot;:false,&quot;201341983&quot;:0,&quot;335551550&quot;:1,&quot;335551620&quot;:1,&quot;335559738&quot;:0,&quot;335559739&quot;:160,&quot;335559740&quot;:276}\">&nbsp;<\/span><\/b><\/p>\n<ul>\n<li><b><span data-contrast=\"auto\">Professor*innen<\/span><\/b><span data-ccp-props=\"{&quot;134233117&quot;:false,&quot;134233118&quot;:false,&quot;201341983&quot;:0,&quot;335551550&quot;:1,&quot;335551620&quot;:1,&quot;335559738&quot;:0,&quot;335559739&quot;:160,&quot;335559740&quot;:276}\"> <br><\/span>Dank oft kleinerer Gruppen ist der Austausch mit Lehrenden pers\u00f6nlicher. Viele Lehrende bringen Praxiserfahrung ein, wodurch theoretische Inhalte realit\u00e4tsnah vermittelt werden. Studierende sch\u00e4tzen, dass Fragen und Diskussionen auch au\u00dferhalb der Vorlesung m\u00f6glich sind.<br><br><\/li>\n<li><b><span data-contrast=\"auto\">Exkursionen &amp; Praxis<\/span><\/b><span data-ccp-props=\"{&quot;134233117&quot;:false,&quot;134233118&quot;:false,&quot;201341983&quot;:0,&quot;335551550&quot;:1,&quot;335551620&quot;:1,&quot;335559738&quot;:0,&quot;335559739&quot;:160,&quot;335559740&quot;:276}\"> <br><\/span>In vielen Modulen werden Exkursionen, Unternehmensbesuche oder Workshops gezielt in die Lehrveranstaltungen integriert. Sie sind fester Bestandteil der Vorlesungen und dienen dazu, konkrete Lernziele zu erreichen, theoretische Inhalte praxisnah anzuwenden und Branchen hautnah kennenzulernen. So wird das im Studium Erlernte direkt auf die Arbeitswelt \u00fcbertragen.<br><br><\/li>\n<li><b><span data-contrast=\"auto\">Projektarbeit<\/span><\/b><span data-ccp-props=\"{&quot;134233117&quot;:false,&quot;134233118&quot;:false,&quot;201341983&quot;:0,&quot;335551550&quot;:1,&quot;335551620&quot;:1,&quot;335559738&quot;:0,&quot;335559739&quot;:160,&quot;335559740&quot;:276}\"> <br><\/span>An der HWR ist Projektarbeit ein zentraler Bestandteil des Studiums. Studierende bearbeiten in Teams&nbsp;reale Aufgabenstellungen, h\u00e4ufig in Kooperation mit externen Partnern aus der Wirtschaft oder Verwaltung. Dabei werden nicht nur fachliche Inhalte vertieft, sondern auch&nbsp;wichtige Schl\u00fcsselkompetenzen&nbsp;wie Teamarbeit, Zeitmanagement, Probleml\u00f6sung und Pr\u00e4sentationstechniken vermittelt. Die enge Verbindung von Theorie und Praxis bereitet Studierende gezielt auf die Anforderungen des Berufslebens vor.<span style=\"font-size: 1rem;\" data-ccp-props=\"{&quot;134233117&quot;:false,&quot;134233118&quot;:false,&quot;201341983&quot;:0,&quot;335551550&quot;:1,&quot;335551620&quot;:1,&quot;335559738&quot;:0,&quot;335559739&quot;:160,&quot;335559740&quot;:276}\">&nbsp;<\/span><\/li>\n<\/ul>\t\t\t\t\t\t\t\t<\/div>\n\t\t\t\t\t<\/div>\n\t\t\t\t<\/div>\n\t\t<div class=\"elementor-element elementor-element-7bba4ae e-flex e-con-boxed e-con e-parent\" data-id=\"7bba4ae\" data-element_type=\"container\" data-e-type=\"container\">\n\t\t\t\t\t<div class=\"e-con-inner\">\n\t\t\t\t<div class=\"elementor-element elementor-element-1388f69 elementor-widget elementor-widget-text-editor\" data-id=\"1388f69\" data-element_type=\"widget\" data-e-type=\"widget\" data-widget_type=\"text-editor.default\">\n\t\t\t\t\t\t\t\t\t<p><em>F\u00fcr weitere Informationen zur Studienorganisation und den Tools, folgen Sie gerne dem beigef\u00fcgten Link.\u00a0<\/em><\/p>\t\t\t\t\t\t\t\t<\/div>\n\t\t\t\t\t<\/div>\n\t\t\t\t<\/div>\n\t\t<div class=\"elementor-element elementor-element-96e4cb2 e-flex e-con-boxed e-con e-parent\" data-id=\"96e4cb2\" data-element_type=\"container\" data-e-type=\"container\">\n\t\t\t\t\t<div class=\"e-con-inner\">\n\t\t\t\t<div class=\"elementor-element elementor-element-da79659 elementor-align-center elementor-widget elementor-widget-button\" data-id=\"da79659\" data-element_type=\"widget\" data-e-type=\"widget\" data-widget_type=\"button.default\">\n\t\t\t\t\t\t\t\t\t\t<a class=\"elementor-button elementor-button-link elementor-size-sm\" href=\"https:\/\/www.hwr-berlin.de\/studium\/studieren-an-der-hwr-berlin\/ins-studium-starten\">\n\t\t\t\t\t\t<span class=\"elementor-button-content-wrapper\">\n\t\t\t\t\t\t\t\t\t<span class=\"elementor-button-text\">Studieren an der HWR Berlin - Studienorganisation und Tools<\/span>\n\t\t\t\t\t<\/span>\n\t\t\t\t\t<\/a>\n\t\t\t\t\t\t\t\t<\/div>\n\t\t\t\t\t<\/div>\n\t\t\t\t<\/div>\n\t\t\t\t<\/div>\n\t\t","protected":false},"excerpt":{"rendered":"<p>\u00a9 Hochschule f\u00fcr Wirtschaft und Recht Berlin An der HWR Berlin pr\u00e4gen viele Facetten den Studienalltag:&nbsp; Professor*innen Dank oft kleinerer Gruppen ist der Austausch mit Lehrenden pers\u00f6nlicher. Viele Lehrende bringen Praxiserfahrung ein, wodurch theoretische Inhalte realit\u00e4tsnah vermittelt werden. Studierende sch\u00e4tzen, dass Fragen und Diskussionen auch au\u00dferhalb der Vorlesung m\u00f6glich sind. Exkursionen &amp; Praxis In vielen &hellip; <\/p>\n<p class=\"link-more\"><a href=\"https:\/\/blog.hwr-berlin.de\/futuretourism\/studierendenperspektive-lernen-erleben-vernetzen\/\" class=\"more-link\"><span class=\"screen-reader-text\">\u201eStudiPerspektive: Lernen &amp; Erleben\u201c <\/span>weiterlesen<\/a><\/p>\n","protected":false},"author":9,"featured_media":0,"parent":0,"menu_order":0,"comment_status":"closed","ping_status":"closed","template":"","meta":{"footnotes":""},"class_list":["post-1292","page","type-page","status-publish","hentry"],"yoast_head":"<!-- This site is optimized with the Yoast SEO plugin v27.6 - https:\/\/yoast.com\/product\/yoast-seo-wordpress\/ -->\n<title>StudiPerspektive: Lernen &amp; Erleben - futuretourism<\/title>\n<meta name=\"robots\" content=\"index, follow, max-snippet:-1, max-image-preview:large, max-video-preview:-1\" \/>\n<link rel=\"canonical\" href=\"https:\/\/blog.hwr-berlin.de\/futuretourism\/studierendenperspektive-lernen-erleben-vernetzen\/\" \/>\n<meta property=\"og:locale\" content=\"de_DE\" \/>\n<meta property=\"og:type\" content=\"article\" \/>\n<meta property=\"og:title\" content=\"StudiPerspektive: Lernen &amp; Erleben - futuretourism\" \/>\n<meta property=\"og:description\" content=\"\u00a9 Hochschule f\u00fcr Wirtschaft und Recht Berlin An der HWR Berlin pr\u00e4gen viele Facetten den Studienalltag:&nbsp; Professor*innen Dank oft kleinerer Gruppen ist der Austausch mit Lehrenden pers\u00f6nlicher. Viele Lehrende bringen Praxiserfahrung ein, wodurch theoretische Inhalte realit\u00e4tsnah vermittelt werden. Studierende sch\u00e4tzen, dass Fragen und Diskussionen auch au\u00dferhalb der Vorlesung m\u00f6glich sind. Exkursionen &amp; Praxis In vielen &hellip; \u201eStudiPerspektive: Lernen &amp; Erleben\u201c weiterlesen\" \/>\n<meta property=\"og:url\" content=\"https:\/\/blog.hwr-berlin.de\/futuretourism\/studierendenperspektive-lernen-erleben-vernetzen\/\" \/>\n<meta property=\"og:site_name\" content=\"futuretourism\" \/>\n<meta property=\"article:modified_time\" content=\"2026-02-04T11:50:12+00:00\" \/>\n<meta property=\"og:image\" content=\"https:\/\/blog.hwr-berlin.de\/futuretourism\/wp-content\/uploads_future\/2026\/02\/2022-11-15_Image-CL_IMG_4240-scaled.jpg\" \/>\n\t<meta property=\"og:image:width\" content=\"2560\" \/>\n\t<meta property=\"og:image:height\" content=\"1707\" \/>\n\t<meta property=\"og:image:type\" content=\"image\/jpeg\" \/>\n<meta name=\"twitter:card\" content=\"summary_large_image\" \/>\n<meta name=\"twitter:label1\" content=\"Gesch\u00e4tzte Lesezeit\" \/>\n\t<meta name=\"twitter:data1\" content=\"2\u00a0Minuten\" \/>\n<script type=\"application\/ld+json\" class=\"yoast-schema-graph\">{\"@context\":\"https:\\\/\\\/schema.org\",\"@graph\":[{\"@type\":\"WebPage\",\"@id\":\"https:\\\/\\\/blog.hwr-berlin.de\\\/futuretourism\\\/studierendenperspektive-lernen-erleben-vernetzen\\\/\",\"url\":\"https:\\\/\\\/blog.hwr-berlin.de\\\/futuretourism\\\/studierendenperspektive-lernen-erleben-vernetzen\\\/\",\"name\":\"StudiPerspektive: Lernen &amp; Erleben - futuretourism\",\"isPartOf\":{\"@id\":\"https:\\\/\\\/blog.hwr-berlin.de\\\/futuretourism\\\/#website\"},\"primaryImageOfPage\":{\"@id\":\"https:\\\/\\\/blog.hwr-berlin.de\\\/futuretourism\\\/studierendenperspektive-lernen-erleben-vernetzen\\\/#primaryimage\"},\"image\":{\"@id\":\"https:\\\/\\\/blog.hwr-berlin.de\\\/futuretourism\\\/studierendenperspektive-lernen-erleben-vernetzen\\\/#primaryimage\"},\"thumbnailUrl\":\"https:\\\/\\\/blog.hwr-berlin.de\\\/futuretourism\\\/wp-content\\\/uploads_future\\\/2026\\\/02\\\/2022-11-15_Image-CL_IMG_4240-1024x683.jpg\",\"datePublished\":\"2026-01-14T14:44:44+00:00\",\"dateModified\":\"2026-02-04T11:50:12+00:00\",\"breadcrumb\":{\"@id\":\"https:\\\/\\\/blog.hwr-berlin.de\\\/futuretourism\\\/studierendenperspektive-lernen-erleben-vernetzen\\\/#breadcrumb\"},\"inLanguage\":\"de\",\"potentialAction\":[{\"@type\":\"ReadAction\",\"target\":[\"https:\\\/\\\/blog.hwr-berlin.de\\\/futuretourism\\\/studierendenperspektive-lernen-erleben-vernetzen\\\/\"]}]},{\"@type\":\"ImageObject\",\"inLanguage\":\"de\",\"@id\":\"https:\\\/\\\/blog.hwr-berlin.de\\\/futuretourism\\\/studierendenperspektive-lernen-erleben-vernetzen\\\/#primaryimage\",\"url\":\"https:\\\/\\\/blog.hwr-berlin.de\\\/futuretourism\\\/wp-content\\\/uploads_future\\\/2026\\\/02\\\/2022-11-15_Image-CL_IMG_4240-scaled.jpg\",\"contentUrl\":\"https:\\\/\\\/blog.hwr-berlin.de\\\/futuretourism\\\/wp-content\\\/uploads_future\\\/2026\\\/02\\\/2022-11-15_Image-CL_IMG_4240-scaled.jpg\",\"width\":2560,\"height\":1707,\"caption\":\"\u00a9 Hochschule f\u00fcr Wirtschaft und Recht Berlin\"},{\"@type\":\"BreadcrumbList\",\"@id\":\"https:\\\/\\\/blog.hwr-berlin.de\\\/futuretourism\\\/studierendenperspektive-lernen-erleben-vernetzen\\\/#breadcrumb\",\"itemListElement\":[{\"@type\":\"ListItem\",\"position\":1,\"name\":\"Startseite\",\"item\":\"https:\\\/\\\/blog.hwr-berlin.de\\\/futuretourism\\\/\"},{\"@type\":\"ListItem\",\"position\":2,\"name\":\"StudiPerspektive: Lernen &amp; Erleben\"}]},{\"@type\":\"WebSite\",\"@id\":\"https:\\\/\\\/blog.hwr-berlin.de\\\/futuretourism\\\/#website\",\"url\":\"https:\\\/\\\/blog.hwr-berlin.de\\\/futuretourism\\\/\",\"name\":\"futuretourism\",\"description\":\"digital, nachhaltig, wandelbar\",\"publisher\":{\"@id\":\"https:\\\/\\\/blog.hwr-berlin.de\\\/futuretourism\\\/#organization\"},\"potentialAction\":[{\"@type\":\"SearchAction\",\"target\":{\"@type\":\"EntryPoint\",\"urlTemplate\":\"https:\\\/\\\/blog.hwr-berlin.de\\\/futuretourism\\\/?s={search_term_string}\"},\"query-input\":{\"@type\":\"PropertyValueSpecification\",\"valueRequired\":true,\"valueName\":\"search_term_string\"}}],\"inLanguage\":\"de\"},{\"@type\":\"Organization\",\"@id\":\"https:\\\/\\\/blog.hwr-berlin.de\\\/futuretourism\\\/#organization\",\"name\":\"futuretourism\",\"url\":\"https:\\\/\\\/blog.hwr-berlin.de\\\/futuretourism\\\/\",\"logo\":{\"@type\":\"ImageObject\",\"inLanguage\":\"de\",\"@id\":\"https:\\\/\\\/blog.hwr-berlin.de\\\/futuretourism\\\/#\\\/schema\\\/logo\\\/image\\\/\",\"url\":\"https:\\\/\\\/blog.hwr-berlin.de\\\/futuretourism\\\/wp-content\\\/uploads_future\\\/2026\\\/01\\\/cropped-STACKED-scaled-1.jpg\",\"contentUrl\":\"https:\\\/\\\/blog.hwr-berlin.de\\\/futuretourism\\\/wp-content\\\/uploads_future\\\/2026\\\/01\\\/cropped-STACKED-scaled-1.jpg\",\"width\":562,\"height\":250,\"caption\":\"futuretourism\"},\"image\":{\"@id\":\"https:\\\/\\\/blog.hwr-berlin.de\\\/futuretourism\\\/#\\\/schema\\\/logo\\\/image\\\/\"}}]}<\/script>\n<!-- \/ Yoast SEO plugin. -->","yoast_head_json":{"title":"StudiPerspektive: Lernen &amp; Erleben - futuretourism","robots":{"index":"index","follow":"follow","max-snippet":"max-snippet:-1","max-image-preview":"max-image-preview:large","max-video-preview":"max-video-preview:-1"},"canonical":"https:\/\/blog.hwr-berlin.de\/futuretourism\/studierendenperspektive-lernen-erleben-vernetzen\/","og_locale":"de_DE","og_type":"article","og_title":"StudiPerspektive: Lernen &amp; Erleben - futuretourism","og_description":"\u00a9 Hochschule f\u00fcr Wirtschaft und Recht Berlin An der HWR Berlin pr\u00e4gen viele Facetten den Studienalltag:&nbsp; Professor*innen Dank oft kleinerer Gruppen ist der Austausch mit Lehrenden pers\u00f6nlicher. Viele Lehrende bringen Praxiserfahrung ein, wodurch theoretische Inhalte realit\u00e4tsnah vermittelt werden. Studierende sch\u00e4tzen, dass Fragen und Diskussionen auch au\u00dferhalb der Vorlesung m\u00f6glich sind. Exkursionen &amp; Praxis In vielen &hellip; \u201eStudiPerspektive: Lernen &amp; Erleben\u201c weiterlesen","og_url":"https:\/\/blog.hwr-berlin.de\/futuretourism\/studierendenperspektive-lernen-erleben-vernetzen\/","og_site_name":"futuretourism","article_modified_time":"2026-02-04T11:50:12+00:00","og_image":[{"width":2560,"height":1707,"url":"https:\/\/blog.hwr-berlin.de\/futuretourism\/wp-content\/uploads_future\/2026\/02\/2022-11-15_Image-CL_IMG_4240-scaled.jpg","type":"image\/jpeg"}],"twitter_card":"summary_large_image","twitter_misc":{"Gesch\u00e4tzte Lesezeit":"2\u00a0Minuten"},"schema":{"@context":"https:\/\/schema.org","@graph":[{"@type":"WebPage","@id":"https:\/\/blog.hwr-berlin.de\/futuretourism\/studierendenperspektive-lernen-erleben-vernetzen\/","url":"https:\/\/blog.hwr-berlin.de\/futuretourism\/studierendenperspektive-lernen-erleben-vernetzen\/","name":"StudiPerspektive: Lernen &amp; Erleben - futuretourism","isPartOf":{"@id":"https:\/\/blog.hwr-berlin.de\/futuretourism\/#website"},"primaryImageOfPage":{"@id":"https:\/\/blog.hwr-berlin.de\/futuretourism\/studierendenperspektive-lernen-erleben-vernetzen\/#primaryimage"},"image":{"@id":"https:\/\/blog.hwr-berlin.de\/futuretourism\/studierendenperspektive-lernen-erleben-vernetzen\/#primaryimage"},"thumbnailUrl":"https:\/\/blog.hwr-berlin.de\/futuretourism\/wp-content\/uploads_future\/2026\/02\/2022-11-15_Image-CL_IMG_4240-1024x683.jpg","datePublished":"2026-01-14T14:44:44+00:00","dateModified":"2026-02-04T11:50:12+00:00","breadcrumb":{"@id":"https:\/\/blog.hwr-berlin.de\/futuretourism\/studierendenperspektive-lernen-erleben-vernetzen\/#breadcrumb"},"inLanguage":"de","potentialAction":[{"@type":"ReadAction","target":["https:\/\/blog.hwr-berlin.de\/futuretourism\/studierendenperspektive-lernen-erleben-vernetzen\/"]}]},{"@type":"ImageObject","inLanguage":"de","@id":"https:\/\/blog.hwr-berlin.de\/futuretourism\/studierendenperspektive-lernen-erleben-vernetzen\/#primaryimage","url":"https:\/\/blog.hwr-berlin.de\/futuretourism\/wp-content\/uploads_future\/2026\/02\/2022-11-15_Image-CL_IMG_4240-scaled.jpg","contentUrl":"https:\/\/blog.hwr-berlin.de\/futuretourism\/wp-content\/uploads_future\/2026\/02\/2022-11-15_Image-CL_IMG_4240-scaled.jpg","width":2560,"height":1707,"caption":"\u00a9 Hochschule f\u00fcr Wirtschaft und Recht Berlin"},{"@type":"BreadcrumbList","@id":"https:\/\/blog.hwr-berlin.de\/futuretourism\/studierendenperspektive-lernen-erleben-vernetzen\/#breadcrumb","itemListElement":[{"@type":"ListItem","position":1,"name":"Startseite","item":"https:\/\/blog.hwr-berlin.de\/futuretourism\/"},{"@type":"ListItem","position":2,"name":"StudiPerspektive: Lernen &amp; Erleben"}]},{"@type":"WebSite","@id":"https:\/\/blog.hwr-berlin.de\/futuretourism\/#website","url":"https:\/\/blog.hwr-berlin.de\/futuretourism\/","name":"futuretourism","description":"digital, nachhaltig, wandelbar","publisher":{"@id":"https:\/\/blog.hwr-berlin.de\/futuretourism\/#organization"},"potentialAction":[{"@type":"SearchAction","target":{"@type":"EntryPoint","urlTemplate":"https:\/\/blog.hwr-berlin.de\/futuretourism\/?s={search_term_string}"},"query-input":{"@type":"PropertyValueSpecification","valueRequired":true,"valueName":"search_term_string"}}],"inLanguage":"de"},{"@type":"Organization","@id":"https:\/\/blog.hwr-berlin.de\/futuretourism\/#organization","name":"futuretourism","url":"https:\/\/blog.hwr-berlin.de\/futuretourism\/","logo":{"@type":"ImageObject","inLanguage":"de","@id":"https:\/\/blog.hwr-berlin.de\/futuretourism\/#\/schema\/logo\/image\/","url":"https:\/\/blog.hwr-berlin.de\/futuretourism\/wp-content\/uploads_future\/2026\/01\/cropped-STACKED-scaled-1.jpg","contentUrl":"https:\/\/blog.hwr-berlin.de\/futuretourism\/wp-content\/uploads_future\/2026\/01\/cropped-STACKED-scaled-1.jpg","width":562,"height":250,"caption":"futuretourism"},"image":{"@id":"https:\/\/blog.hwr-berlin.de\/futuretourism\/#\/schema\/logo\/image\/"}}]}},"_links":{"self":[{"href":"https:\/\/blog.hwr-berlin.de\/futuretourism\/wp-json\/wp\/v2\/pages\/1292","targetHints":{"allow":["GET"]}}],"collection":[{"href":"https:\/\/blog.hwr-berlin.de\/futuretourism\/wp-json\/wp\/v2\/pages"}],"about":[{"href":"https:\/\/blog.hwr-berlin.de\/futuretourism\/wp-json\/wp\/v2\/types\/page"}],"author":[{"embeddable":true,"href":"https:\/\/blog.hwr-berlin.de\/futuretourism\/wp-json\/wp\/v2\/users\/9"}],"replies":[{"embeddable":true,"href":"https:\/\/blog.hwr-berlin.de\/futuretourism\/wp-json\/wp\/v2\/comments?post=1292"}],"version-history":[{"count":19,"href":"https:\/\/blog.hwr-berlin.de\/futuretourism\/wp-json\/wp\/v2\/pages\/1292\/revisions"}],"predecessor-version":[{"id":2334,"href":"https:\/\/blog.hwr-berlin.de\/futuretourism\/wp-json\/wp\/v2\/pages\/1292\/revisions\/2334"}],"wp:attachment":[{"href":"https:\/\/blog.hwr-berlin.de\/futuretourism\/wp-json\/wp\/v2\/media?parent=1292"}],"curies":[{"name":"wp","href":"https:\/\/api.w.org\/{rel}","templated":true}]}}