

{"id":1294,"date":"2026-01-14T15:45:57","date_gmt":"2026-01-14T14:45:57","guid":{"rendered":"https:\/\/blog.hwr-berlin.de\/futuretourism\/?page_id=1294"},"modified":"2026-02-04T12:52:49","modified_gmt":"2026-02-04T11:52:49","slug":"student-life-engagement","status":"publish","type":"page","link":"https:\/\/blog.hwr-berlin.de\/futuretourism\/student-life-engagement\/","title":{"rendered":"Student Life &amp; Engagement"},"content":{"rendered":"\t\t<div data-elementor-type=\"wp-page\" data-elementor-id=\"1294\" class=\"elementor elementor-1294\">\n\t\t\t\t<div class=\"elementor-element elementor-element-8845312 e-flex e-con-boxed e-con e-parent\" data-id=\"8845312\" data-element_type=\"container\" data-e-type=\"container\">\n\t\t\t\t\t<div class=\"e-con-inner\">\n\t\t\t\t<div class=\"elementor-element elementor-element-1d69d74 elementor-widget elementor-widget-heading\" data-id=\"1d69d74\" data-element_type=\"widget\" data-e-type=\"widget\" data-widget_type=\"heading.default\">\n\t\t\t\t\t<h2 class=\"elementor-heading-title elementor-size-default\"><b>Studierendenleben bedeutet mehr als <br>Lehrveranstaltungen und Pr\u00fcfungen<\/b><\/h2>\t\t\t\t<\/div>\n\t\t\t\t\t<\/div>\n\t\t\t\t<\/div>\n\t\t<div class=\"elementor-element elementor-element-da08fe4 e-flex e-con-boxed e-con e-parent\" data-id=\"da08fe4\" data-element_type=\"container\" data-e-type=\"container\">\n\t\t\t\t\t<div class=\"e-con-inner\">\n\t\t\t\t<div class=\"elementor-element elementor-element-2dd2276 elementor-widget elementor-widget-image\" data-id=\"2dd2276\" data-element_type=\"widget\" data-e-type=\"widget\" data-widget_type=\"image.default\">\n\t\t\t\t\t\t\t\t\t\t\t\t<figure class=\"wp-caption\">\n\t\t\t\t\t\t\t\t\t\t<img fetchpriority=\"high\" decoding=\"async\" width=\"740\" height=\"493\" src=\"https:\/\/blog.hwr-berlin.de\/futuretourism\/wp-content\/uploads_future\/2026\/02\/2021-08-18_gemeinsammehrzusammen_klein_181-1024x682.jpg\" class=\"attachment-large size-large wp-image-2180\" alt=\"\" srcset=\"https:\/\/blog.hwr-berlin.de\/futuretourism\/wp-content\/uploads_future\/2026\/02\/2021-08-18_gemeinsammehrzusammen_klein_181-1024x682.jpg 1024w, https:\/\/blog.hwr-berlin.de\/futuretourism\/wp-content\/uploads_future\/2026\/02\/2021-08-18_gemeinsammehrzusammen_klein_181-300x200.jpg 300w, https:\/\/blog.hwr-berlin.de\/futuretourism\/wp-content\/uploads_future\/2026\/02\/2021-08-18_gemeinsammehrzusammen_klein_181-768x512.jpg 768w, https:\/\/blog.hwr-berlin.de\/futuretourism\/wp-content\/uploads_future\/2026\/02\/2021-08-18_gemeinsammehrzusammen_klein_181-1536x1024.jpg 1536w, https:\/\/blog.hwr-berlin.de\/futuretourism\/wp-content\/uploads_future\/2026\/02\/2021-08-18_gemeinsammehrzusammen_klein_181.jpg 2000w\" sizes=\"100vw\" \/>\t\t\t\t\t\t\t\t\t\t\t<figcaption class=\"widget-image-caption wp-caption-text\">\u00a9 Hochschule f\u00fcr Wirtschaft und Recht Berlin<\/figcaption>\n\t\t\t\t\t\t\t\t\t\t<\/figure>\n\t\t\t\t\t\t\t\t\t<\/div>\n\t\t\t\t<div class=\"elementor-element elementor-element-e6ee1ab elementor-widget elementor-widget-text-editor\" data-id=\"e6ee1ab\" data-element_type=\"widget\" data-e-type=\"widget\" data-widget_type=\"text-editor.default\">\n\t\t\t\t\t\t\t\t\t<p><b><span data-contrast=\"auto\">Die HWR Berlin bietet viele M\u00f6glichkeiten, sich einzubringen und den Studienalltag abzurunden:<\/span><span data-ccp-props=\"{&quot;134233117&quot;:false,&quot;134233118&quot;:false,&quot;201341983&quot;:0,&quot;335551550&quot;:1,&quot;335551620&quot;:1,&quot;335559738&quot;:0,&quot;335559739&quot;:160,&quot;335559740&quot;:276}\">\u00a0<\/span><\/b><\/p><p><b>Hochschulsport:<\/b><\/p><p><span data-contrast=\"auto\">Der Hochschulsport bietet vielf\u00e4ltige sportliche Angebote. Von Fitness \u00fcber Tanz bis Teamsport. Das ist ein super Ausgleich zum Studienalltag und ideal, um neue Leute kennenzulernen.<\/span><span data-ccp-props=\"{&quot;134233117&quot;:false,&quot;134233118&quot;:false,&quot;201341983&quot;:0,&quot;335551550&quot;:1,&quot;335551620&quot;:1,&quot;335559738&quot;:0,&quot;335559739&quot;:160,&quot;335559740&quot;:276}\">\u00a0<\/span><\/p><p><em>F\u00fcr weitere Informationen zum Hochschulsport, folgen Sie gerne dem beigef\u00fcgten Link.\u00a0<\/em><\/p>\t\t\t\t\t\t\t\t<\/div>\n\t\t\t\t\t<\/div>\n\t\t\t\t<\/div>\n\t\t<div class=\"elementor-element elementor-element-8a22a68 e-flex e-con-boxed e-con e-parent\" data-id=\"8a22a68\" data-element_type=\"container\" data-e-type=\"container\">\n\t\t\t\t\t<div class=\"e-con-inner\">\n\t\t\t\t<div class=\"elementor-element elementor-element-362560f elementor-align-center elementor-widget elementor-widget-button\" data-id=\"362560f\" data-element_type=\"widget\" data-e-type=\"widget\" data-widget_type=\"button.default\">\n\t\t\t\t\t\t\t\t\t\t<a class=\"elementor-button elementor-button-link elementor-size-sm\" href=\"https:\/\/www.hwr-berlin.de\/hwr-berlin\/serviceeinrichtungen\/hochschulsport\">\n\t\t\t\t\t\t<span class=\"elementor-button-content-wrapper\">\n\t\t\t\t\t\t\t\t\t<span class=\"elementor-button-text\">Hochschulsport an der HWR<\/span>\n\t\t\t\t\t<\/span>\n\t\t\t\t\t<\/a>\n\t\t\t\t\t\t\t\t<\/div>\n\t\t\t\t\t<\/div>\n\t\t\t\t<\/div>\n\t\t<div class=\"elementor-element elementor-element-1e0ae12 e-flex e-con-boxed e-con e-parent\" data-id=\"1e0ae12\" data-element_type=\"container\" data-e-type=\"container\">\n\t\t\t\t\t<div class=\"e-con-inner\">\n\t\t\t\t<div class=\"elementor-element elementor-element-cc7a814 elementor-widget elementor-widget-text-editor\" data-id=\"cc7a814\" data-element_type=\"widget\" data-e-type=\"widget\" data-widget_type=\"text-editor.default\">\n\t\t\t\t\t\t\t\t\t<p><b><span data-contrast=\"auto\">Studentische Initiativen<\/span><span data-ccp-props=\"{&quot;134233117&quot;:false,&quot;134233118&quot;:false,&quot;201341983&quot;:0,&quot;335551550&quot;:1,&quot;335551620&quot;:1,&quot;335559738&quot;:0,&quot;335559739&quot;:160,&quot;335559740&quot;:276}\">\u00a0<\/span><\/b><\/p><p><span data-contrast=\"auto\">Es gibt zahlreiche studentische Initiativen, AGs und Gruppen, in denen Studierende gemeinsam Projekte organisieren oder gesellschaftliche Themen bearbeiten. Diese Initiativen st\u00e4rken Teamarbeit, Organisation und bieten Netzwerke \u00fcber den eigenen Kurs hinaus.<\/span><span data-ccp-props=\"{&quot;134233117&quot;:false,&quot;134233118&quot;:false,&quot;201341983&quot;:0,&quot;335551550&quot;:1,&quot;335551620&quot;:1,&quot;335559738&quot;:0,&quot;335559739&quot;:160,&quot;335559740&quot;:276}\">\u00a0<\/span><\/p><p><span data-ccp-props=\"{&quot;134233117&quot;:false,&quot;134233118&quot;:false,&quot;201341983&quot;:0,&quot;335551550&quot;:1,&quot;335551620&quot;:1,&quot;335559738&quot;:0,&quot;335559739&quot;:160,&quot;335559740&quot;:276}\"><em>F\u00fcr weitere Informationen zu den Initiativen und dem Engagement via der AStA, folgen Sie gerne dem beigef\u00fcgten Link.\u00a0<\/em><\/span><\/p>\t\t\t\t\t\t\t\t<\/div>\n\t\t\t\t\t<\/div>\n\t\t\t\t<\/div>\n\t\t<div class=\"elementor-element elementor-element-6fbca74 e-flex e-con-boxed e-con e-parent\" data-id=\"6fbca74\" data-element_type=\"container\" data-e-type=\"container\">\n\t\t\t\t\t<div class=\"e-con-inner\">\n\t\t\t\t<div class=\"elementor-element elementor-element-02a08bb elementor-align-center elementor-widget elementor-widget-button\" data-id=\"02a08bb\" data-element_type=\"widget\" data-e-type=\"widget\" data-widget_type=\"button.default\">\n\t\t\t\t\t\t\t\t\t\t<a class=\"elementor-button elementor-button-link elementor-size-sm\" href=\"https:\/\/asta-hwr.de\">\n\t\t\t\t\t\t<span class=\"elementor-button-content-wrapper\">\n\t\t\t\t\t\t\t\t\t<span class=\"elementor-button-text\">Initiativen und Engagement via AStA<\/span>\n\t\t\t\t\t<\/span>\n\t\t\t\t\t<\/a>\n\t\t\t\t\t\t\t\t<\/div>\n\t\t\t\t\t<\/div>\n\t\t\t\t<\/div>\n\t\t<div class=\"elementor-element elementor-element-c6098fb e-flex e-con-boxed e-con e-parent\" data-id=\"c6098fb\" data-element_type=\"container\" data-e-type=\"container\">\n\t\t\t\t\t<div class=\"e-con-inner\">\n\t\t\t\t<div class=\"elementor-element elementor-element-9450f0b elementor-widget elementor-widget-text-editor\" data-id=\"9450f0b\" data-element_type=\"widget\" data-e-type=\"widget\" data-widget_type=\"text-editor.default\">\n\t\t\t\t\t\t\t\t\t<p><b><span data-contrast=\"auto\">AStA &amp; Fachschaften<\/span><span data-ccp-props=\"{&quot;134233117&quot;:false,&quot;134233118&quot;:false,&quot;201341983&quot;:0,&quot;335551550&quot;:1,&quot;335551620&quot;:1,&quot;335559738&quot;:0,&quot;335559739&quot;:160,&quot;335559740&quot;:276}\">&nbsp;<\/span><\/b><\/p>\n<p><span data-contrast=\"auto\">Der AStA ist die Interessenvertretung aller Studierenden und unterst\u00fctzt bei Fragen zu Studium, BAf\u00f6G, Pr\u00fcfungen oder sozialen Angelegenheiten. Fachschaften vertreten fachbezogene Interessen und organisieren Fachveranstaltungen.<\/span><span data-ccp-props=\"{&quot;134233117&quot;:false,&quot;134233118&quot;:false,&quot;201341983&quot;:0,&quot;335551550&quot;:1,&quot;335551620&quot;:1,&quot;335559738&quot;:0,&quot;335559739&quot;:160,&quot;335559740&quot;:276}\">&nbsp;<\/span><\/p>\n<p><span data-ccp-props=\"{&quot;134233117&quot;:false,&quot;134233118&quot;:false,&quot;201341983&quot;:0,&quot;335551550&quot;:1,&quot;335551620&quot;:1,&quot;335559738&quot;:0,&quot;335559739&quot;:160,&quot;335559740&quot;:276}\"><em>F\u00fcr weitere Informationen zur AStA an der HWR Berlin, folgen Sie gerne dem beigef\u00fcgten Link.&nbsp;<\/em><\/span><\/p>\t\t\t\t\t\t\t\t<\/div>\n\t\t\t\t\t<\/div>\n\t\t\t\t<\/div>\n\t\t<div class=\"elementor-element elementor-element-963d6a0 e-flex e-con-boxed e-con e-parent\" data-id=\"963d6a0\" data-element_type=\"container\" data-e-type=\"container\">\n\t\t\t\t\t<div class=\"e-con-inner\">\n\t\t\t\t<div class=\"elementor-element elementor-element-bbc4085 elementor-align-center elementor-widget elementor-widget-button\" data-id=\"bbc4085\" data-element_type=\"widget\" data-e-type=\"widget\" data-widget_type=\"button.default\">\n\t\t\t\t\t\t\t\t\t\t<a class=\"elementor-button elementor-button-link elementor-size-sm\" href=\"https:\/\/asta-hwr.de\">\n\t\t\t\t\t\t<span class=\"elementor-button-content-wrapper\">\n\t\t\t\t\t\t\t\t\t<span class=\"elementor-button-text\">AStA HWR Berlin<\/span>\n\t\t\t\t\t<\/span>\n\t\t\t\t\t<\/a>\n\t\t\t\t\t\t\t\t<\/div>\n\t\t\t\t\t<\/div>\n\t\t\t\t<\/div>\n\t\t\t\t<\/div>\n\t\t","protected":false},"excerpt":{"rendered":"<p>Studierendenleben bedeutet mehr als Lehrveranstaltungen und Pr\u00fcfungen \u00a9 Hochschule f\u00fcr Wirtschaft und Recht Berlin Die HWR Berlin bietet viele M\u00f6glichkeiten, sich einzubringen und den Studienalltag abzurunden:\u00a0 Hochschulsport: Der Hochschulsport bietet vielf\u00e4ltige sportliche Angebote. Von Fitness \u00fcber Tanz bis Teamsport. Das ist ein super Ausgleich zum Studienalltag und ideal, um neue Leute kennenzulernen.\u00a0 F\u00fcr weitere Informationen &hellip; <\/p>\n<p class=\"link-more\"><a href=\"https:\/\/blog.hwr-berlin.de\/futuretourism\/student-life-engagement\/\" class=\"more-link\"><span class=\"screen-reader-text\">\u201eStudent Life &amp; Engagement\u201c <\/span>weiterlesen<\/a><\/p>\n","protected":false},"author":9,"featured_media":0,"parent":0,"menu_order":0,"comment_status":"closed","ping_status":"closed","template":"","meta":{"footnotes":""},"class_list":["post-1294","page","type-page","status-publish","hentry"],"yoast_head":"<!-- This site is optimized with the Yoast SEO plugin v27.6 - https:\/\/yoast.com\/product\/yoast-seo-wordpress\/ -->\n<title>Student Life &amp; Engagement - futuretourism<\/title>\n<meta name=\"robots\" content=\"index, follow, max-snippet:-1, max-image-preview:large, max-video-preview:-1\" \/>\n<link rel=\"canonical\" href=\"https:\/\/blog.hwr-berlin.de\/futuretourism\/student-life-engagement\/\" \/>\n<meta property=\"og:locale\" content=\"de_DE\" \/>\n<meta property=\"og:type\" content=\"article\" \/>\n<meta property=\"og:title\" content=\"Student Life &amp; Engagement - futuretourism\" \/>\n<meta property=\"og:description\" content=\"Studierendenleben bedeutet mehr als Lehrveranstaltungen und Pr\u00fcfungen \u00a9 Hochschule f\u00fcr Wirtschaft und Recht Berlin Die HWR Berlin bietet viele M\u00f6glichkeiten, sich einzubringen und den Studienalltag abzurunden:\u00a0 Hochschulsport: Der Hochschulsport bietet vielf\u00e4ltige sportliche Angebote. Von Fitness \u00fcber Tanz bis Teamsport. Das ist ein super Ausgleich zum Studienalltag und ideal, um neue Leute kennenzulernen.\u00a0 F\u00fcr weitere Informationen &hellip; \u201eStudent Life &amp; Engagement\u201c weiterlesen\" \/>\n<meta property=\"og:url\" content=\"https:\/\/blog.hwr-berlin.de\/futuretourism\/student-life-engagement\/\" \/>\n<meta property=\"og:site_name\" content=\"futuretourism\" \/>\n<meta property=\"article:modified_time\" content=\"2026-02-04T11:52:49+00:00\" \/>\n<meta property=\"og:image\" content=\"https:\/\/blog.hwr-berlin.de\/futuretourism\/wp-content\/uploads_future\/2026\/02\/2021-08-18_gemeinsammehrzusammen_klein_181.jpg\" \/>\n\t<meta property=\"og:image:width\" content=\"2000\" \/>\n\t<meta property=\"og:image:height\" content=\"1333\" \/>\n\t<meta property=\"og:image:type\" content=\"image\/jpeg\" \/>\n<meta name=\"twitter:card\" content=\"summary_large_image\" \/>\n<meta name=\"twitter:label1\" content=\"Gesch\u00e4tzte Lesezeit\" \/>\n\t<meta name=\"twitter:data1\" content=\"2\u00a0Minuten\" \/>\n<script type=\"application\/ld+json\" class=\"yoast-schema-graph\">{\"@context\":\"https:\\\/\\\/schema.org\",\"@graph\":[{\"@type\":\"WebPage\",\"@id\":\"https:\\\/\\\/blog.hwr-berlin.de\\\/futuretourism\\\/student-life-engagement\\\/\",\"url\":\"https:\\\/\\\/blog.hwr-berlin.de\\\/futuretourism\\\/student-life-engagement\\\/\",\"name\":\"Student Life &amp; Engagement - futuretourism\",\"isPartOf\":{\"@id\":\"https:\\\/\\\/blog.hwr-berlin.de\\\/futuretourism\\\/#website\"},\"primaryImageOfPage\":{\"@id\":\"https:\\\/\\\/blog.hwr-berlin.de\\\/futuretourism\\\/student-life-engagement\\\/#primaryimage\"},\"image\":{\"@id\":\"https:\\\/\\\/blog.hwr-berlin.de\\\/futuretourism\\\/student-life-engagement\\\/#primaryimage\"},\"thumbnailUrl\":\"https:\\\/\\\/blog.hwr-berlin.de\\\/futuretourism\\\/wp-content\\\/uploads_future\\\/2026\\\/02\\\/2021-08-18_gemeinsammehrzusammen_klein_181-1024x682.jpg\",\"datePublished\":\"2026-01-14T14:45:57+00:00\",\"dateModified\":\"2026-02-04T11:52:49+00:00\",\"breadcrumb\":{\"@id\":\"https:\\\/\\\/blog.hwr-berlin.de\\\/futuretourism\\\/student-life-engagement\\\/#breadcrumb\"},\"inLanguage\":\"de\",\"potentialAction\":[{\"@type\":\"ReadAction\",\"target\":[\"https:\\\/\\\/blog.hwr-berlin.de\\\/futuretourism\\\/student-life-engagement\\\/\"]}]},{\"@type\":\"ImageObject\",\"inLanguage\":\"de\",\"@id\":\"https:\\\/\\\/blog.hwr-berlin.de\\\/futuretourism\\\/student-life-engagement\\\/#primaryimage\",\"url\":\"https:\\\/\\\/blog.hwr-berlin.de\\\/futuretourism\\\/wp-content\\\/uploads_future\\\/2026\\\/02\\\/2021-08-18_gemeinsammehrzusammen_klein_181.jpg\",\"contentUrl\":\"https:\\\/\\\/blog.hwr-berlin.de\\\/futuretourism\\\/wp-content\\\/uploads_future\\\/2026\\\/02\\\/2021-08-18_gemeinsammehrzusammen_klein_181.jpg\",\"width\":2000,\"height\":1333,\"caption\":\"\u00a9 Hochschule f\u00fcr Wirtschaft und Recht Berlin\"},{\"@type\":\"BreadcrumbList\",\"@id\":\"https:\\\/\\\/blog.hwr-berlin.de\\\/futuretourism\\\/student-life-engagement\\\/#breadcrumb\",\"itemListElement\":[{\"@type\":\"ListItem\",\"position\":1,\"name\":\"Startseite\",\"item\":\"https:\\\/\\\/blog.hwr-berlin.de\\\/futuretourism\\\/\"},{\"@type\":\"ListItem\",\"position\":2,\"name\":\"Student Life &amp; Engagement\"}]},{\"@type\":\"WebSite\",\"@id\":\"https:\\\/\\\/blog.hwr-berlin.de\\\/futuretourism\\\/#website\",\"url\":\"https:\\\/\\\/blog.hwr-berlin.de\\\/futuretourism\\\/\",\"name\":\"futuretourism\",\"description\":\"digital, nachhaltig, wandelbar\",\"publisher\":{\"@id\":\"https:\\\/\\\/blog.hwr-berlin.de\\\/futuretourism\\\/#organization\"},\"potentialAction\":[{\"@type\":\"SearchAction\",\"target\":{\"@type\":\"EntryPoint\",\"urlTemplate\":\"https:\\\/\\\/blog.hwr-berlin.de\\\/futuretourism\\\/?s={search_term_string}\"},\"query-input\":{\"@type\":\"PropertyValueSpecification\",\"valueRequired\":true,\"valueName\":\"search_term_string\"}}],\"inLanguage\":\"de\"},{\"@type\":\"Organization\",\"@id\":\"https:\\\/\\\/blog.hwr-berlin.de\\\/futuretourism\\\/#organization\",\"name\":\"futuretourism\",\"url\":\"https:\\\/\\\/blog.hwr-berlin.de\\\/futuretourism\\\/\",\"logo\":{\"@type\":\"ImageObject\",\"inLanguage\":\"de\",\"@id\":\"https:\\\/\\\/blog.hwr-berlin.de\\\/futuretourism\\\/#\\\/schema\\\/logo\\\/image\\\/\",\"url\":\"https:\\\/\\\/blog.hwr-berlin.de\\\/futuretourism\\\/wp-content\\\/uploads_future\\\/2026\\\/01\\\/cropped-STACKED-scaled-1.jpg\",\"contentUrl\":\"https:\\\/\\\/blog.hwr-berlin.de\\\/futuretourism\\\/wp-content\\\/uploads_future\\\/2026\\\/01\\\/cropped-STACKED-scaled-1.jpg\",\"width\":562,\"height\":250,\"caption\":\"futuretourism\"},\"image\":{\"@id\":\"https:\\\/\\\/blog.hwr-berlin.de\\\/futuretourism\\\/#\\\/schema\\\/logo\\\/image\\\/\"}}]}<\/script>\n<!-- \/ Yoast SEO plugin. -->","yoast_head_json":{"title":"Student Life &amp; Engagement - futuretourism","robots":{"index":"index","follow":"follow","max-snippet":"max-snippet:-1","max-image-preview":"max-image-preview:large","max-video-preview":"max-video-preview:-1"},"canonical":"https:\/\/blog.hwr-berlin.de\/futuretourism\/student-life-engagement\/","og_locale":"de_DE","og_type":"article","og_title":"Student Life &amp; Engagement - futuretourism","og_description":"Studierendenleben bedeutet mehr als Lehrveranstaltungen und Pr\u00fcfungen \u00a9 Hochschule f\u00fcr Wirtschaft und Recht Berlin Die HWR Berlin bietet viele M\u00f6glichkeiten, sich einzubringen und den Studienalltag abzurunden:\u00a0 Hochschulsport: Der Hochschulsport bietet vielf\u00e4ltige sportliche Angebote. Von Fitness \u00fcber Tanz bis Teamsport. Das ist ein super Ausgleich zum Studienalltag und ideal, um neue Leute kennenzulernen.\u00a0 F\u00fcr weitere Informationen &hellip; \u201eStudent Life &amp; Engagement\u201c weiterlesen","og_url":"https:\/\/blog.hwr-berlin.de\/futuretourism\/student-life-engagement\/","og_site_name":"futuretourism","article_modified_time":"2026-02-04T11:52:49+00:00","og_image":[{"width":2000,"height":1333,"url":"https:\/\/blog.hwr-berlin.de\/futuretourism\/wp-content\/uploads_future\/2026\/02\/2021-08-18_gemeinsammehrzusammen_klein_181.jpg","type":"image\/jpeg"}],"twitter_card":"summary_large_image","twitter_misc":{"Gesch\u00e4tzte Lesezeit":"2\u00a0Minuten"},"schema":{"@context":"https:\/\/schema.org","@graph":[{"@type":"WebPage","@id":"https:\/\/blog.hwr-berlin.de\/futuretourism\/student-life-engagement\/","url":"https:\/\/blog.hwr-berlin.de\/futuretourism\/student-life-engagement\/","name":"Student Life &amp; Engagement - futuretourism","isPartOf":{"@id":"https:\/\/blog.hwr-berlin.de\/futuretourism\/#website"},"primaryImageOfPage":{"@id":"https:\/\/blog.hwr-berlin.de\/futuretourism\/student-life-engagement\/#primaryimage"},"image":{"@id":"https:\/\/blog.hwr-berlin.de\/futuretourism\/student-life-engagement\/#primaryimage"},"thumbnailUrl":"https:\/\/blog.hwr-berlin.de\/futuretourism\/wp-content\/uploads_future\/2026\/02\/2021-08-18_gemeinsammehrzusammen_klein_181-1024x682.jpg","datePublished":"2026-01-14T14:45:57+00:00","dateModified":"2026-02-04T11:52:49+00:00","breadcrumb":{"@id":"https:\/\/blog.hwr-berlin.de\/futuretourism\/student-life-engagement\/#breadcrumb"},"inLanguage":"de","potentialAction":[{"@type":"ReadAction","target":["https:\/\/blog.hwr-berlin.de\/futuretourism\/student-life-engagement\/"]}]},{"@type":"ImageObject","inLanguage":"de","@id":"https:\/\/blog.hwr-berlin.de\/futuretourism\/student-life-engagement\/#primaryimage","url":"https:\/\/blog.hwr-berlin.de\/futuretourism\/wp-content\/uploads_future\/2026\/02\/2021-08-18_gemeinsammehrzusammen_klein_181.jpg","contentUrl":"https:\/\/blog.hwr-berlin.de\/futuretourism\/wp-content\/uploads_future\/2026\/02\/2021-08-18_gemeinsammehrzusammen_klein_181.jpg","width":2000,"height":1333,"caption":"\u00a9 Hochschule f\u00fcr Wirtschaft und Recht Berlin"},{"@type":"BreadcrumbList","@id":"https:\/\/blog.hwr-berlin.de\/futuretourism\/student-life-engagement\/#breadcrumb","itemListElement":[{"@type":"ListItem","position":1,"name":"Startseite","item":"https:\/\/blog.hwr-berlin.de\/futuretourism\/"},{"@type":"ListItem","position":2,"name":"Student Life &amp; Engagement"}]},{"@type":"WebSite","@id":"https:\/\/blog.hwr-berlin.de\/futuretourism\/#website","url":"https:\/\/blog.hwr-berlin.de\/futuretourism\/","name":"futuretourism","description":"digital, nachhaltig, wandelbar","publisher":{"@id":"https:\/\/blog.hwr-berlin.de\/futuretourism\/#organization"},"potentialAction":[{"@type":"SearchAction","target":{"@type":"EntryPoint","urlTemplate":"https:\/\/blog.hwr-berlin.de\/futuretourism\/?s={search_term_string}"},"query-input":{"@type":"PropertyValueSpecification","valueRequired":true,"valueName":"search_term_string"}}],"inLanguage":"de"},{"@type":"Organization","@id":"https:\/\/blog.hwr-berlin.de\/futuretourism\/#organization","name":"futuretourism","url":"https:\/\/blog.hwr-berlin.de\/futuretourism\/","logo":{"@type":"ImageObject","inLanguage":"de","@id":"https:\/\/blog.hwr-berlin.de\/futuretourism\/#\/schema\/logo\/image\/","url":"https:\/\/blog.hwr-berlin.de\/futuretourism\/wp-content\/uploads_future\/2026\/01\/cropped-STACKED-scaled-1.jpg","contentUrl":"https:\/\/blog.hwr-berlin.de\/futuretourism\/wp-content\/uploads_future\/2026\/01\/cropped-STACKED-scaled-1.jpg","width":562,"height":250,"caption":"futuretourism"},"image":{"@id":"https:\/\/blog.hwr-berlin.de\/futuretourism\/#\/schema\/logo\/image\/"}}]}},"_links":{"self":[{"href":"https:\/\/blog.hwr-berlin.de\/futuretourism\/wp-json\/wp\/v2\/pages\/1294","targetHints":{"allow":["GET"]}}],"collection":[{"href":"https:\/\/blog.hwr-berlin.de\/futuretourism\/wp-json\/wp\/v2\/pages"}],"about":[{"href":"https:\/\/blog.hwr-berlin.de\/futuretourism\/wp-json\/wp\/v2\/types\/page"}],"author":[{"embeddable":true,"href":"https:\/\/blog.hwr-berlin.de\/futuretourism\/wp-json\/wp\/v2\/users\/9"}],"replies":[{"embeddable":true,"href":"https:\/\/blog.hwr-berlin.de\/futuretourism\/wp-json\/wp\/v2\/comments?post=1294"}],"version-history":[{"count":19,"href":"https:\/\/blog.hwr-berlin.de\/futuretourism\/wp-json\/wp\/v2\/pages\/1294\/revisions"}],"predecessor-version":[{"id":2340,"href":"https:\/\/blog.hwr-berlin.de\/futuretourism\/wp-json\/wp\/v2\/pages\/1294\/revisions\/2340"}],"wp:attachment":[{"href":"https:\/\/blog.hwr-berlin.de\/futuretourism\/wp-json\/wp\/v2\/media?parent=1294"}],"curies":[{"name":"wp","href":"https:\/\/api.w.org\/{rel}","templated":true}]}}