

{"id":1377,"date":"2026-01-23T11:55:14","date_gmt":"2026-01-23T10:55:14","guid":{"rendered":"https:\/\/blog.hwr-berlin.de\/futuretourism\/?page_id=1377"},"modified":"2026-02-02T12:49:15","modified_gmt":"2026-02-02T11:49:15","slug":"alveni-ai","status":"publish","type":"page","link":"https:\/\/blog.hwr-berlin.de\/futuretourism\/alveni-ai\/","title":{"rendered":"Alveni AI"},"content":{"rendered":"\t\t<div data-elementor-type=\"wp-page\" data-elementor-id=\"1377\" class=\"elementor elementor-1377\">\n\t\t\t\t<div class=\"elementor-element elementor-element-7c7c801 e-con-full e-flex e-con e-parent\" data-id=\"7c7c801\" data-element_type=\"container\" data-e-type=\"container\">\n\t\t\t\t<div class=\"elementor-element elementor-element-3d604b1 elementor-widget elementor-widget-image\" data-id=\"3d604b1\" data-element_type=\"widget\" data-e-type=\"widget\" data-widget_type=\"image.default\">\n\t\t\t\t\t\t\t\t\t\t\t\t<figure class=\"wp-caption\">\n\t\t\t\t\t\t\t\t\t\t\t<a href=\"https:\/\/alveni.ai\" target=\"_blank\">\n\t\t\t\t\t\t\t<img fetchpriority=\"high\" decoding=\"async\" width=\"525\" height=\"166\" src=\"https:\/\/blog.hwr-berlin.de\/futuretourism\/wp-content\/uploads_future\/2026\/01\/NwZ4INKWmRK7CDnN8V07hkYnQ-1024x323.png\" class=\"elementor-animation-grow attachment-large size-large wp-image-1601\" alt=\"\" srcset=\"https:\/\/blog.hwr-berlin.de\/futuretourism\/wp-content\/uploads_future\/2026\/01\/NwZ4INKWmRK7CDnN8V07hkYnQ-1024x323.png 1024w, https:\/\/blog.hwr-berlin.de\/futuretourism\/wp-content\/uploads_future\/2026\/01\/NwZ4INKWmRK7CDnN8V07hkYnQ-300x95.png 300w, https:\/\/blog.hwr-berlin.de\/futuretourism\/wp-content\/uploads_future\/2026\/01\/NwZ4INKWmRK7CDnN8V07hkYnQ-768x243.png 768w, https:\/\/blog.hwr-berlin.de\/futuretourism\/wp-content\/uploads_future\/2026\/01\/NwZ4INKWmRK7CDnN8V07hkYnQ.png 1355w\" sizes=\"100vw\" \/>\t\t\t\t\t\t\t\t<\/a>\n\t\t\t\t\t\t\t\t\t\t\t<figcaption class=\"widget-image-caption wp-caption-text\">\u00a9 Alveni AG<\/figcaption>\n\t\t\t\t\t\t\t\t\t\t<\/figure>\n\t\t\t\t\t\t\t\t\t<\/div>\n\t\t\t\t<\/div>\n\t\t<div class=\"elementor-element elementor-element-1479ef7 e-flex e-con-boxed e-con e-parent\" data-id=\"1479ef7\" data-element_type=\"container\" data-e-type=\"container\">\n\t\t\t\t\t<div class=\"e-con-inner\">\n\t\t\t\t<div class=\"elementor-element elementor-element-2602bb4 elementor-widget elementor-widget-spacer\" data-id=\"2602bb4\" data-element_type=\"widget\" data-e-type=\"widget\" data-widget_type=\"spacer.default\">\n\t\t\t\t\t\t\t<div class=\"elementor-spacer\">\n\t\t\t<div class=\"elementor-spacer-inner\"><\/div>\n\t\t<\/div>\n\t\t\t\t\t\t<\/div>\n\t\t\t\t\t<\/div>\n\t\t\t\t<\/div>\n\t\t<div class=\"elementor-element elementor-element-a789d01 e-flex e-con-boxed e-con e-parent\" data-id=\"a789d01\" data-element_type=\"container\" data-e-type=\"container\">\n\t\t\t\t\t<div class=\"e-con-inner\">\n\t\t\t\t<div class=\"elementor-element elementor-element-8046345 elementor-widget elementor-widget-text-editor\" data-id=\"8046345\" data-element_type=\"widget\" data-e-type=\"widget\" data-widget_type=\"text-editor.default\">\n\t\t\t\t\t\t\t\t\t<p>Gastfreundschaft 2.0 mit Alveni AI: Die menschlichste Telefon-KI, die Hotels unterst\u00fctzt &#8211; und G\u00e4ste begeistert<\/p>\t\t\t\t\t\t\t\t<\/div>\n\t\t\t\t\t<\/div>\n\t\t\t\t<\/div>\n\t\t<div class=\"elementor-element elementor-element-ea96109 e-flex e-con-boxed e-con e-parent\" data-id=\"ea96109\" data-element_type=\"container\" data-e-type=\"container\">\n\t\t\t\t\t<div class=\"e-con-inner\">\n\t\t\t\t<div class=\"elementor-element elementor-element-b9d61c8 elementor-widget elementor-widget-image\" data-id=\"b9d61c8\" data-element_type=\"widget\" data-e-type=\"widget\" data-widget_type=\"image.default\">\n\t\t\t\t\t\t\t\t\t\t\t\t<figure class=\"wp-caption\">\n\t\t\t\t\t\t\t\t\t\t\t<a href=\"https:\/\/alveni.ai\">\n\t\t\t\t\t\t\t<img decoding=\"async\" width=\"525\" height=\"525\" src=\"https:\/\/blog.hwr-berlin.de\/futuretourism\/wp-content\/uploads_future\/2026\/01\/Alveni-AI-Advertorial-Stimme-11-1024x1024.jpg\" class=\"attachment-large size-large wp-image-1589\" alt=\"\" srcset=\"https:\/\/blog.hwr-berlin.de\/futuretourism\/wp-content\/uploads_future\/2026\/01\/Alveni-AI-Advertorial-Stimme-11-1024x1024.jpg 1024w, https:\/\/blog.hwr-berlin.de\/futuretourism\/wp-content\/uploads_future\/2026\/01\/Alveni-AI-Advertorial-Stimme-11-300x300.jpg 300w, https:\/\/blog.hwr-berlin.de\/futuretourism\/wp-content\/uploads_future\/2026\/01\/Alveni-AI-Advertorial-Stimme-11-150x150.jpg 150w, https:\/\/blog.hwr-berlin.de\/futuretourism\/wp-content\/uploads_future\/2026\/01\/Alveni-AI-Advertorial-Stimme-11-768x768.jpg 768w, https:\/\/blog.hwr-berlin.de\/futuretourism\/wp-content\/uploads_future\/2026\/01\/Alveni-AI-Advertorial-Stimme-11-1536x1536.jpg 1536w, https:\/\/blog.hwr-berlin.de\/futuretourism\/wp-content\/uploads_future\/2026\/01\/Alveni-AI-Advertorial-Stimme-11-2048x2048.jpg 2048w, https:\/\/blog.hwr-berlin.de\/futuretourism\/wp-content\/uploads_future\/2026\/01\/Alveni-AI-Advertorial-Stimme-11-100x100.jpg 100w\" sizes=\"100vw\" \/>\t\t\t\t\t\t\t\t<\/a>\n\t\t\t\t\t\t\t\t\t\t\t<figcaption class=\"widget-image-caption wp-caption-text\">\u00a9 Alveni AG<\/figcaption>\n\t\t\t\t\t\t\t\t\t\t<\/figure>\n\t\t\t\t\t\t\t\t\t<\/div>\n\t\t\t\t<div class=\"elementor-element elementor-element-ed995a5 elementor-widget elementor-widget-text-editor\" data-id=\"ed995a5\" data-element_type=\"widget\" data-e-type=\"widget\" data-widget_type=\"text-editor.default\">\n\t\t\t\t\t\t\t\t\t<div><p><span style=\"font-family: var( --e-global-typography-text-font-family ), Sans-serif; text-align: var(--text-align); font-size: 1rem;\">Der erste Eindruck z\u00e4hlt. Doch in vielen Hotels beginnt dieser mit einer Warteschleife am Telefon. G\u00e4ste rufen an, um eine Reservierung zu t\u00e4tigen, eine Frage zu stellen oder<\/span><span class=\"apple-converted-space\" style=\"font-family: var( --e-global-typography-text-font-family ), Sans-serif; text-align: var(--text-align); font-size: 1rem;\">\u00a0<\/span><i style=\"font-family: var( --e-global-typography-text-font-family ), Sans-serif; text-align: var(--text-align); font-size: 1rem;\">einfach nur eine freundliche Stimme zu h\u00f6ren<\/i><span style=\"font-family: var( --e-global-typography-text-font-family ), Sans-serif; text-align: var(--text-align); font-size: 1rem;\">. Doch wie sieht es in der Realit\u00e4t oftmals aus? Das Personal ist \u00fcberlastet, die Anrufe stapeln sich, und potenzielle G\u00e4ste springen ab.<\/span><\/p><\/div><div><p>Und wie viel Umsatz verliert Ihr Hotel, wenn Anrufe unbeantwortet bleiben, weil das Team gerade alle H\u00e4nde voll zu tun hat?<\/p><\/div><div><p>Genau hier setzt Alveni AI an. Die Telefon-KI nimmt Anrufe in Echtzeit entgegen, beantwortet h\u00e4ufig gestellte Fragen und nimmt Reservierungsanfragen auf \u2013 rund um die Uhr. Die KI wurde auf Gastfreundlichkeit programmiert. Keine monotonen Bandansagen, kein \u201eDr\u00fccken Sie die 1\u201c, sondern eine nat\u00fcrliche, intelligente Unterhaltung, die G\u00e4sten das Gef\u00fchl gibt, geh\u00f6rt zu werden. So gelingt Service, der begeistert.<\/p><\/div><div><p>Digitalisierung mit Herz: Das Hotel der Zukunft ist immer erreichbar.<\/p><\/div><div><p>Die Zukunft der Hotellerie ist digital &#8211; aber sie bleibt menschlich. Moderne Technologien nehmen dem Hotelteam die repetitive Arbeit ab, damit es sich voll und ganz den G\u00e4sten widmen kann. Alveni AI ist ein Beispiel daf\u00fcr, wie Digitalisierung Hotels nicht unpers\u00f6nlicher macht, sondern ihnen mehr Zeit f\u00fcr echte Gastfreundschaft schenkt.\u00a0 Ein Hotel der Zukunft setzt auf intelligente, automatisierte Prozesse, ohne dabei den pers\u00f6nlichen Kontakt zu verlieren. Von der reibungslosen Buchung \u00fcber die individuelle G\u00e4steansprache in mehreren Sprachen bis hin zu personalisierten Empfehlungen &#8211; solche Technologien schaffen eine neue Art von Service: effizient, zuverl\u00e4ssig und zugleich herzlich.\u00a0<\/p><\/div><div><p>Denn ein Anruf ist oft mehr als nur eine Frage &#8211; er ist ein entscheidender Moment in der Guest Journey und liefert wertvolle Erkenntnisse: Wann kommen die meisten Anrufe? Welche Fragen werden am h\u00e4ufigsten gestellt? Welche Angebote interessieren die G\u00e4ste wirklich? Wo gibt es das Potenzial, das Hotelerlebnis noch weiter zu verbessern? Alveni AI macht diese Daten sichtbar.\u00a0<\/p><\/div><div><p>Mit Alveni AI wird dieses Level an Service m\u00f6glich. F\u00fcr Hotels, die verstehen, dass die Zukunft nicht nur digital ist \u2013 sondern pers\u00f6nlich, intelligent und immer einen Schritt voraus.<\/p><\/div>\t\t\t\t\t\t\t\t<\/div>\n\t\t\t\t\t<\/div>\n\t\t\t\t<\/div>\n\t\t<div class=\"elementor-element elementor-element-52f45e0 e-flex e-con-boxed e-con e-parent\" data-id=\"52f45e0\" data-element_type=\"container\" data-e-type=\"container\">\n\t\t\t\t\t<div class=\"e-con-inner\">\n\t\t\t\t\t<\/div>\n\t\t\t\t<\/div>\n\t\t\t\t<\/div>\n\t\t","protected":false},"excerpt":{"rendered":"<p>\u00a9 Alveni AG Gastfreundschaft 2.0 mit Alveni AI: Die menschlichste Telefon-KI, die Hotels unterst\u00fctzt &#8211; und G\u00e4ste begeistert \u00a9 Alveni AG Der erste Eindruck z\u00e4hlt. Doch in vielen Hotels beginnt dieser mit einer Warteschleife am Telefon. G\u00e4ste rufen an, um eine Reservierung zu t\u00e4tigen, eine Frage zu stellen oder\u00a0einfach nur eine freundliche Stimme zu h\u00f6ren. &hellip; <\/p>\n<p class=\"link-more\"><a href=\"https:\/\/blog.hwr-berlin.de\/futuretourism\/alveni-ai\/\" class=\"more-link\"><span class=\"screen-reader-text\">\u201eAlveni AI\u201c <\/span>weiterlesen<\/a><\/p>\n","protected":false},"author":9,"featured_media":0,"parent":0,"menu_order":0,"comment_status":"closed","ping_status":"closed","template":"","meta":{"footnotes":""},"class_list":["post-1377","page","type-page","status-publish","hentry"],"yoast_head":"<!-- This site is optimized with the Yoast SEO plugin v27.4 - https:\/\/yoast.com\/product\/yoast-seo-wordpress\/ -->\n<title>Alveni AI - futuretourism<\/title>\n<meta name=\"robots\" content=\"index, follow, max-snippet:-1, max-image-preview:large, max-video-preview:-1\" \/>\n<link rel=\"canonical\" href=\"https:\/\/blog.hwr-berlin.de\/futuretourism\/alveni-ai\/\" \/>\n<meta property=\"og:locale\" content=\"de_DE\" \/>\n<meta property=\"og:type\" content=\"article\" \/>\n<meta property=\"og:title\" content=\"Alveni AI - futuretourism\" \/>\n<meta property=\"og:description\" content=\"\u00a9 Alveni AG Gastfreundschaft 2.0 mit Alveni AI: Die menschlichste Telefon-KI, die Hotels unterst\u00fctzt &#8211; und G\u00e4ste begeistert \u00a9 Alveni AG Der erste Eindruck z\u00e4hlt. Doch in vielen Hotels beginnt dieser mit einer Warteschleife am Telefon. G\u00e4ste rufen an, um eine Reservierung zu t\u00e4tigen, eine Frage zu stellen oder\u00a0einfach nur eine freundliche Stimme zu h\u00f6ren. &hellip; \u201eAlveni AI\u201c weiterlesen\" \/>\n<meta property=\"og:url\" content=\"https:\/\/blog.hwr-berlin.de\/futuretourism\/alveni-ai\/\" \/>\n<meta property=\"og:site_name\" content=\"futuretourism\" \/>\n<meta property=\"article:modified_time\" content=\"2026-02-02T11:49:15+00:00\" \/>\n<meta property=\"og:image\" content=\"https:\/\/blog.hwr-berlin.de\/futuretourism\/wp-content\/uploads_future\/2026\/01\/NwZ4INKWmRK7CDnN8V07hkYnQ.png\" \/>\n\t<meta property=\"og:image:width\" content=\"1355\" \/>\n\t<meta property=\"og:image:height\" content=\"428\" \/>\n\t<meta property=\"og:image:type\" content=\"image\/png\" \/>\n<meta name=\"twitter:card\" content=\"summary_large_image\" \/>\n<meta name=\"twitter:label1\" content=\"Gesch\u00e4tzte Lesezeit\" \/>\n\t<meta name=\"twitter:data1\" content=\"3\u00a0Minuten\" \/>\n<script type=\"application\/ld+json\" class=\"yoast-schema-graph\">{\"@context\":\"https:\\\/\\\/schema.org\",\"@graph\":[{\"@type\":\"WebPage\",\"@id\":\"https:\\\/\\\/blog.hwr-berlin.de\\\/futuretourism\\\/alveni-ai\\\/\",\"url\":\"https:\\\/\\\/blog.hwr-berlin.de\\\/futuretourism\\\/alveni-ai\\\/\",\"name\":\"Alveni AI - futuretourism\",\"isPartOf\":{\"@id\":\"https:\\\/\\\/blog.hwr-berlin.de\\\/futuretourism\\\/#website\"},\"primaryImageOfPage\":{\"@id\":\"https:\\\/\\\/blog.hwr-berlin.de\\\/futuretourism\\\/alveni-ai\\\/#primaryimage\"},\"image\":{\"@id\":\"https:\\\/\\\/blog.hwr-berlin.de\\\/futuretourism\\\/alveni-ai\\\/#primaryimage\"},\"thumbnailUrl\":\"https:\\\/\\\/blog.hwr-berlin.de\\\/futuretourism\\\/wp-content\\\/uploads_future\\\/2026\\\/01\\\/NwZ4INKWmRK7CDnN8V07hkYnQ-1024x323.png\",\"datePublished\":\"2026-01-23T10:55:14+00:00\",\"dateModified\":\"2026-02-02T11:49:15+00:00\",\"breadcrumb\":{\"@id\":\"https:\\\/\\\/blog.hwr-berlin.de\\\/futuretourism\\\/alveni-ai\\\/#breadcrumb\"},\"inLanguage\":\"de\",\"potentialAction\":[{\"@type\":\"ReadAction\",\"target\":[\"https:\\\/\\\/blog.hwr-berlin.de\\\/futuretourism\\\/alveni-ai\\\/\"]}]},{\"@type\":\"ImageObject\",\"inLanguage\":\"de\",\"@id\":\"https:\\\/\\\/blog.hwr-berlin.de\\\/futuretourism\\\/alveni-ai\\\/#primaryimage\",\"url\":\"https:\\\/\\\/blog.hwr-berlin.de\\\/futuretourism\\\/wp-content\\\/uploads_future\\\/2026\\\/01\\\/NwZ4INKWmRK7CDnN8V07hkYnQ.png\",\"contentUrl\":\"https:\\\/\\\/blog.hwr-berlin.de\\\/futuretourism\\\/wp-content\\\/uploads_future\\\/2026\\\/01\\\/NwZ4INKWmRK7CDnN8V07hkYnQ.png\",\"width\":1355,\"height\":428,\"caption\":\"\u00a9 Alveni AG\"},{\"@type\":\"BreadcrumbList\",\"@id\":\"https:\\\/\\\/blog.hwr-berlin.de\\\/futuretourism\\\/alveni-ai\\\/#breadcrumb\",\"itemListElement\":[{\"@type\":\"ListItem\",\"position\":1,\"name\":\"Startseite\",\"item\":\"https:\\\/\\\/blog.hwr-berlin.de\\\/futuretourism\\\/\"},{\"@type\":\"ListItem\",\"position\":2,\"name\":\"Alveni AI\"}]},{\"@type\":\"WebSite\",\"@id\":\"https:\\\/\\\/blog.hwr-berlin.de\\\/futuretourism\\\/#website\",\"url\":\"https:\\\/\\\/blog.hwr-berlin.de\\\/futuretourism\\\/\",\"name\":\"futuretourism\",\"description\":\"digital, nachhaltig, wandelbar\",\"publisher\":{\"@id\":\"https:\\\/\\\/blog.hwr-berlin.de\\\/futuretourism\\\/#organization\"},\"potentialAction\":[{\"@type\":\"SearchAction\",\"target\":{\"@type\":\"EntryPoint\",\"urlTemplate\":\"https:\\\/\\\/blog.hwr-berlin.de\\\/futuretourism\\\/?s={search_term_string}\"},\"query-input\":{\"@type\":\"PropertyValueSpecification\",\"valueRequired\":true,\"valueName\":\"search_term_string\"}}],\"inLanguage\":\"de\"},{\"@type\":\"Organization\",\"@id\":\"https:\\\/\\\/blog.hwr-berlin.de\\\/futuretourism\\\/#organization\",\"name\":\"futuretourism\",\"url\":\"https:\\\/\\\/blog.hwr-berlin.de\\\/futuretourism\\\/\",\"logo\":{\"@type\":\"ImageObject\",\"inLanguage\":\"de\",\"@id\":\"https:\\\/\\\/blog.hwr-berlin.de\\\/futuretourism\\\/#\\\/schema\\\/logo\\\/image\\\/\",\"url\":\"https:\\\/\\\/blog.hwr-berlin.de\\\/futuretourism\\\/wp-content\\\/uploads_future\\\/2026\\\/01\\\/cropped-STACKED-scaled-1.jpg\",\"contentUrl\":\"https:\\\/\\\/blog.hwr-berlin.de\\\/futuretourism\\\/wp-content\\\/uploads_future\\\/2026\\\/01\\\/cropped-STACKED-scaled-1.jpg\",\"width\":562,\"height\":250,\"caption\":\"futuretourism\"},\"image\":{\"@id\":\"https:\\\/\\\/blog.hwr-berlin.de\\\/futuretourism\\\/#\\\/schema\\\/logo\\\/image\\\/\"}}]}<\/script>\n<!-- \/ Yoast SEO plugin. -->","yoast_head_json":{"title":"Alveni AI - futuretourism","robots":{"index":"index","follow":"follow","max-snippet":"max-snippet:-1","max-image-preview":"max-image-preview:large","max-video-preview":"max-video-preview:-1"},"canonical":"https:\/\/blog.hwr-berlin.de\/futuretourism\/alveni-ai\/","og_locale":"de_DE","og_type":"article","og_title":"Alveni AI - futuretourism","og_description":"\u00a9 Alveni AG Gastfreundschaft 2.0 mit Alveni AI: Die menschlichste Telefon-KI, die Hotels unterst\u00fctzt &#8211; und G\u00e4ste begeistert \u00a9 Alveni AG Der erste Eindruck z\u00e4hlt. Doch in vielen Hotels beginnt dieser mit einer Warteschleife am Telefon. G\u00e4ste rufen an, um eine Reservierung zu t\u00e4tigen, eine Frage zu stellen oder\u00a0einfach nur eine freundliche Stimme zu h\u00f6ren. &hellip; \u201eAlveni AI\u201c weiterlesen","og_url":"https:\/\/blog.hwr-berlin.de\/futuretourism\/alveni-ai\/","og_site_name":"futuretourism","article_modified_time":"2026-02-02T11:49:15+00:00","og_image":[{"width":1355,"height":428,"url":"https:\/\/blog.hwr-berlin.de\/futuretourism\/wp-content\/uploads_future\/2026\/01\/NwZ4INKWmRK7CDnN8V07hkYnQ.png","type":"image\/png"}],"twitter_card":"summary_large_image","twitter_misc":{"Gesch\u00e4tzte Lesezeit":"3\u00a0Minuten"},"schema":{"@context":"https:\/\/schema.org","@graph":[{"@type":"WebPage","@id":"https:\/\/blog.hwr-berlin.de\/futuretourism\/alveni-ai\/","url":"https:\/\/blog.hwr-berlin.de\/futuretourism\/alveni-ai\/","name":"Alveni AI - futuretourism","isPartOf":{"@id":"https:\/\/blog.hwr-berlin.de\/futuretourism\/#website"},"primaryImageOfPage":{"@id":"https:\/\/blog.hwr-berlin.de\/futuretourism\/alveni-ai\/#primaryimage"},"image":{"@id":"https:\/\/blog.hwr-berlin.de\/futuretourism\/alveni-ai\/#primaryimage"},"thumbnailUrl":"https:\/\/blog.hwr-berlin.de\/futuretourism\/wp-content\/uploads_future\/2026\/01\/NwZ4INKWmRK7CDnN8V07hkYnQ-1024x323.png","datePublished":"2026-01-23T10:55:14+00:00","dateModified":"2026-02-02T11:49:15+00:00","breadcrumb":{"@id":"https:\/\/blog.hwr-berlin.de\/futuretourism\/alveni-ai\/#breadcrumb"},"inLanguage":"de","potentialAction":[{"@type":"ReadAction","target":["https:\/\/blog.hwr-berlin.de\/futuretourism\/alveni-ai\/"]}]},{"@type":"ImageObject","inLanguage":"de","@id":"https:\/\/blog.hwr-berlin.de\/futuretourism\/alveni-ai\/#primaryimage","url":"https:\/\/blog.hwr-berlin.de\/futuretourism\/wp-content\/uploads_future\/2026\/01\/NwZ4INKWmRK7CDnN8V07hkYnQ.png","contentUrl":"https:\/\/blog.hwr-berlin.de\/futuretourism\/wp-content\/uploads_future\/2026\/01\/NwZ4INKWmRK7CDnN8V07hkYnQ.png","width":1355,"height":428,"caption":"\u00a9 Alveni AG"},{"@type":"BreadcrumbList","@id":"https:\/\/blog.hwr-berlin.de\/futuretourism\/alveni-ai\/#breadcrumb","itemListElement":[{"@type":"ListItem","position":1,"name":"Startseite","item":"https:\/\/blog.hwr-berlin.de\/futuretourism\/"},{"@type":"ListItem","position":2,"name":"Alveni AI"}]},{"@type":"WebSite","@id":"https:\/\/blog.hwr-berlin.de\/futuretourism\/#website","url":"https:\/\/blog.hwr-berlin.de\/futuretourism\/","name":"futuretourism","description":"digital, nachhaltig, wandelbar","publisher":{"@id":"https:\/\/blog.hwr-berlin.de\/futuretourism\/#organization"},"potentialAction":[{"@type":"SearchAction","target":{"@type":"EntryPoint","urlTemplate":"https:\/\/blog.hwr-berlin.de\/futuretourism\/?s={search_term_string}"},"query-input":{"@type":"PropertyValueSpecification","valueRequired":true,"valueName":"search_term_string"}}],"inLanguage":"de"},{"@type":"Organization","@id":"https:\/\/blog.hwr-berlin.de\/futuretourism\/#organization","name":"futuretourism","url":"https:\/\/blog.hwr-berlin.de\/futuretourism\/","logo":{"@type":"ImageObject","inLanguage":"de","@id":"https:\/\/blog.hwr-berlin.de\/futuretourism\/#\/schema\/logo\/image\/","url":"https:\/\/blog.hwr-berlin.de\/futuretourism\/wp-content\/uploads_future\/2026\/01\/cropped-STACKED-scaled-1.jpg","contentUrl":"https:\/\/blog.hwr-berlin.de\/futuretourism\/wp-content\/uploads_future\/2026\/01\/cropped-STACKED-scaled-1.jpg","width":562,"height":250,"caption":"futuretourism"},"image":{"@id":"https:\/\/blog.hwr-berlin.de\/futuretourism\/#\/schema\/logo\/image\/"}}]}},"_links":{"self":[{"href":"https:\/\/blog.hwr-berlin.de\/futuretourism\/wp-json\/wp\/v2\/pages\/1377","targetHints":{"allow":["GET"]}}],"collection":[{"href":"https:\/\/blog.hwr-berlin.de\/futuretourism\/wp-json\/wp\/v2\/pages"}],"about":[{"href":"https:\/\/blog.hwr-berlin.de\/futuretourism\/wp-json\/wp\/v2\/types\/page"}],"author":[{"embeddable":true,"href":"https:\/\/blog.hwr-berlin.de\/futuretourism\/wp-json\/wp\/v2\/users\/9"}],"replies":[{"embeddable":true,"href":"https:\/\/blog.hwr-berlin.de\/futuretourism\/wp-json\/wp\/v2\/comments?post=1377"}],"version-history":[{"count":37,"href":"https:\/\/blog.hwr-berlin.de\/futuretourism\/wp-json\/wp\/v2\/pages\/1377\/revisions"}],"predecessor-version":[{"id":2151,"href":"https:\/\/blog.hwr-berlin.de\/futuretourism\/wp-json\/wp\/v2\/pages\/1377\/revisions\/2151"}],"wp:attachment":[{"href":"https:\/\/blog.hwr-berlin.de\/futuretourism\/wp-json\/wp\/v2\/media?parent=1377"}],"curies":[{"name":"wp","href":"https:\/\/api.w.org\/{rel}","templated":true}]}}