

{"id":1382,"date":"2026-01-23T12:08:35","date_gmt":"2026-01-23T11:08:35","guid":{"rendered":"https:\/\/blog.hwr-berlin.de\/futuretourism\/?page_id=1382"},"modified":"2026-01-30T16:07:33","modified_gmt":"2026-01-30T15:07:33","slug":"flesensee","status":"publish","type":"page","link":"https:\/\/blog.hwr-berlin.de\/futuretourism\/flesensee\/","title":{"rendered":"Flesensee"},"content":{"rendered":"\t\t<div data-elementor-type=\"wp-page\" data-elementor-id=\"1382\" class=\"elementor elementor-1382\">\n\t\t\t\t<div class=\"elementor-element elementor-element-54731a8 e-flex e-con-boxed e-con e-parent\" data-id=\"54731a8\" data-element_type=\"container\" data-e-type=\"container\">\n\t\t\t\t\t<div class=\"e-con-inner\">\n\t\t\t\t<div class=\"elementor-element elementor-element-8b02b2f elementor-widget elementor-widget-image\" data-id=\"8b02b2f\" data-element_type=\"widget\" data-e-type=\"widget\" data-widget_type=\"image.default\">\n\t\t\t\t\t\t\t\t\t\t\t\t<figure class=\"wp-caption\">\n\t\t\t\t\t\t\t\t\t\t\t<a href=\"https:\/\/www.goehren-lebbin.com\" target=\"_blank\">\n\t\t\t\t\t\t\t<img fetchpriority=\"high\" decoding=\"async\" width=\"525\" height=\"181\" src=\"https:\/\/blog.hwr-berlin.de\/futuretourism\/wp-content\/uploads_future\/2026\/01\/logo-land-fleesensee-1024x354.png\" class=\"elementor-animation-grow attachment-large size-large wp-image-1607\" alt=\"\" srcset=\"https:\/\/blog.hwr-berlin.de\/futuretourism\/wp-content\/uploads_future\/2026\/01\/logo-land-fleesensee-1024x354.png 1024w, https:\/\/blog.hwr-berlin.de\/futuretourism\/wp-content\/uploads_future\/2026\/01\/logo-land-fleesensee-300x104.png 300w, https:\/\/blog.hwr-berlin.de\/futuretourism\/wp-content\/uploads_future\/2026\/01\/logo-land-fleesensee-768x265.png 768w, https:\/\/blog.hwr-berlin.de\/futuretourism\/wp-content\/uploads_future\/2026\/01\/logo-land-fleesensee.png 1120w\" sizes=\"100vw\" \/>\t\t\t\t\t\t\t\t<\/a>\n\t\t\t\t\t\t\t\t\t\t\t<figcaption class=\"widget-image-caption wp-caption-text\">\u00a9 Kur- und Tourismus GmbH G\u00f6hren-Lebbin<\/figcaption>\n\t\t\t\t\t\t\t\t\t\t<\/figure>\n\t\t\t\t\t\t\t\t\t<\/div>\n\t\t\t\t\t<\/div>\n\t\t\t\t<\/div>\n\t\t<div class=\"elementor-element elementor-element-01a2717 e-flex e-con-boxed e-con e-parent\" data-id=\"01a2717\" data-element_type=\"container\" data-e-type=\"container\">\n\t\t\t\t\t<div class=\"e-con-inner\">\n\t\t\t\t<div class=\"elementor-element elementor-element-9dc9873 elementor-widget elementor-widget-spacer\" data-id=\"9dc9873\" data-element_type=\"widget\" data-e-type=\"widget\" data-widget_type=\"spacer.default\">\n\t\t\t\t\t\t\t<div class=\"elementor-spacer\">\n\t\t\t<div class=\"elementor-spacer-inner\"><\/div>\n\t\t<\/div>\n\t\t\t\t\t\t<\/div>\n\t\t\t\t\t<\/div>\n\t\t\t\t<\/div>\n\t\t<div class=\"elementor-element elementor-element-fee77d8 e-flex e-con-boxed e-con e-parent\" data-id=\"fee77d8\" data-element_type=\"container\" data-e-type=\"container\">\n\t\t\t\t\t<div class=\"e-con-inner\">\n\t\t\t\t<div class=\"elementor-element elementor-element-f67dd0d elementor-widget elementor-widget-text-editor\" data-id=\"f67dd0d\" data-element_type=\"widget\" data-e-type=\"widget\" data-widget_type=\"text-editor.default\">\n\t\t\t\t\t\t\t\t\t<p style=\"font-weight: 400;\">Die Fleesensee Holding steht f\u00fcr eine der sch\u00f6nsten Urlaubsregionen Deutschlands \u2013 ein Ort, an dem modernes Design, hervorragender Service und Nachhaltigkeit zu einem stimmigen Konzept verschmelzen. Unter der Leitung von Mario Reincke entsteht ein Angebot, das Innovation mit pers\u00f6nlichem Touch verbindet und G\u00e4sten ein unverwechselbares Erlebnis bietet.<\/p><p style=\"font-weight: 400;\"><strong>SCHLOSS Hotel Fleesensee \u2013 Eleganz mit Charakter<\/strong><br \/>Das SCHLOSS Fleesensee vereint historische Architektur mit modernem Komfort. In stilvollen Zimmern und Suiten genie\u00dfen G\u00e4ste entspannte Tage, w\u00e4hrend regionale K\u00fcche und eine malerische Terrasse f\u00fcr kulinarische Highlights sorgen. Wellness im Spa und sportliche Herausforderungen auf dem Golfplatz machen den Aufenthalt rundum perfekt.<\/p><p style=\"font-weight: 400;\"><strong>BEECH Resort \u2013 Gemeinsam Zeit genie\u00dfen<\/strong><br \/>Das BEECH Resort ist der ideale R\u00fcckzugsort f\u00fcr Familien. Ger\u00e4umige Apartments bieten viel Platz, und ein buntes Freizeitangebot sorgt f\u00fcr Spa\u00df bei Gro\u00df und Klein. Ob bei gemeinsamen Mahlzeiten, Spiel und Bewegung oder Ausfl\u00fcgen in die Natur, hier steht das Miteinander im Fokus.<\/p><p style=\"font-weight: 400;\"><strong>Marem\u00fcritz \u2013 Entspannung am Wasser<\/strong><br \/>Das Marem\u00fcritz Yachthafen Resort begeistert mit seiner Lage an der M\u00fcritz. Die modernen Apartments mit Seeblick, ein Pool und das hauseigene Restaurant laden zum Abschalten ein. Die Marina ist der perfekte Ausgangspunkt f\u00fcr Abenteuer auf dem Wasser.<\/p><p style=\"font-weight: 400;\"><strong>Golf und Wellness \u2013 eine perfekte Symbiose<\/strong><br \/>In Fleesensee erwarten Golfliebhaber und Wellnessfans vielseitige M\u00f6glichkeiten. Die Golfpl\u00e4tze und modernen Spa-Bereiche bieten die ideale Kombination aus Aktivit\u00e4t und Erholung f\u00fcr unvergessliche Momente.<\/p><p style=\"font-weight: 400;\"><strong>Fleesensee erleben<\/strong><br \/>Ob Erholung, Aktivit\u00e4t oder Genuss: die Fleesensee Holding schafft einen Ort, an dem jeder Urlaub etwas Besonderes wird.<\/p>\t\t\t\t\t\t\t\t<\/div>\n\t\t\t\t<div class=\"elementor-element elementor-element-2b2ed6c elementor-widget elementor-widget-spacer\" data-id=\"2b2ed6c\" data-element_type=\"widget\" data-e-type=\"widget\" data-widget_type=\"spacer.default\">\n\t\t\t\t\t\t\t<div class=\"elementor-spacer\">\n\t\t\t<div class=\"elementor-spacer-inner\"><\/div>\n\t\t<\/div>\n\t\t\t\t\t\t<\/div>\n\t\t\t\t\t<\/div>\n\t\t\t\t<\/div>\n\t\t<div class=\"elementor-element elementor-element-fdfce71 e-flex e-con-boxed e-con e-parent\" data-id=\"fdfce71\" data-element_type=\"container\" data-e-type=\"container\">\n\t\t\t\t\t<div class=\"e-con-inner\">\n\t\t\t\t<div class=\"elementor-element elementor-element-c1429bc elementor-widget elementor-widget-heading\" data-id=\"c1429bc\" data-element_type=\"widget\" data-e-type=\"widget\" data-widget_type=\"heading.default\">\n\t\t\t\t\t<h2 class=\"elementor-heading-title elementor-size-default\">Entdecken Sie jetzt die Vielfalt des Fleesensee!<\/h2>\t\t\t\t<\/div>\n\t\t\t\t<div class=\"elementor-element elementor-element-fe80b10 elementor-widget elementor-widget-image\" data-id=\"fe80b10\" data-element_type=\"widget\" data-e-type=\"widget\" data-widget_type=\"image.default\">\n\t\t\t\t\t\t\t\t\t\t\t\t<figure class=\"wp-caption\">\n\t\t\t\t\t\t\t\t\t\t\t<a href=\"https:\/\/onepagebooking.com\/schlosshotel-fleesensee\">\n\t\t\t\t\t\t\t<img decoding=\"async\" src=\"https:\/\/blog.hwr-berlin.de\/futuretourism\/wp-content\/uploads_future\/2026\/01\/2025-Fleesensee-Anzeige-Mecklenburg-Vorpommern-Magazin_NEU-3-2.pdf\" title=\"\" alt=\"\" class=\"elementor-animation-grow\" loading=\"lazy\" \/>\t\t\t\t\t\t\t\t<\/a>\n\t\t\t\t\t\t\t\t\t\t\t<figcaption class=\"widget-image-caption wp-caption-text\">\u00a9 Schlosshotel Flesensee<\/figcaption>\n\t\t\t\t\t\t\t\t\t\t<\/figure>\n\t\t\t\t\t\t\t\t\t<\/div>\n\t\t\t\t<div class=\"elementor-element elementor-element-4b077a1 elementor-widget elementor-widget-image\" data-id=\"4b077a1\" data-element_type=\"widget\" data-e-type=\"widget\" data-widget_type=\"image.default\">\n\t\t\t\t\t\t\t\t\t\t\t\t<figure class=\"wp-caption\">\n\t\t\t\t\t\t\t\t\t\t\t<a href=\"https:\/\/onepagebooking.com\/beech-resort-fleesensee\">\n\t\t\t\t\t\t\t<img decoding=\"async\" src=\"https:\/\/blog.hwr-berlin.de\/futuretourism\/wp-content\/uploads_future\/2026\/01\/2025-Fleesensee-Anzeige-Mecklenburg-Vorpommern-Magazin_NEU-3-1.pdf\" title=\"\" alt=\"\" class=\"elementor-animation-grow\" loading=\"lazy\" \/>\t\t\t\t\t\t\t\t<\/a>\n\t\t\t\t\t\t\t\t\t\t\t<figcaption class=\"widget-image-caption wp-caption-text\">\u00a9 Beach Resort Flesensee<\/figcaption>\n\t\t\t\t\t\t\t\t\t\t<\/figure>\n\t\t\t\t\t\t\t\t\t<\/div>\n\t\t\t\t\t<\/div>\n\t\t\t\t<\/div>\n\t\t\t\t<\/div>\n\t\t","protected":false},"excerpt":{"rendered":"<p>\u00a9 Kur- und Tourismus GmbH G\u00f6hren-Lebbin Die Fleesensee Holding steht f\u00fcr eine der sch\u00f6nsten Urlaubsregionen Deutschlands \u2013 ein Ort, an dem modernes Design, hervorragender Service und Nachhaltigkeit zu einem stimmigen Konzept verschmelzen. Unter der Leitung von Mario Reincke entsteht ein Angebot, das Innovation mit pers\u00f6nlichem Touch verbindet und G\u00e4sten ein unverwechselbares Erlebnis bietet. SCHLOSS Hotel &hellip; <\/p>\n<p class=\"link-more\"><a href=\"https:\/\/blog.hwr-berlin.de\/futuretourism\/flesensee\/\" class=\"more-link\"><span class=\"screen-reader-text\">\u201eFlesensee\u201c <\/span>weiterlesen<\/a><\/p>\n","protected":false},"author":9,"featured_media":0,"parent":0,"menu_order":0,"comment_status":"closed","ping_status":"closed","template":"","meta":{"footnotes":""},"class_list":["post-1382","page","type-page","status-publish","hentry"],"yoast_head":"<!-- This site is optimized with the Yoast SEO plugin v27.4 - https:\/\/yoast.com\/product\/yoast-seo-wordpress\/ -->\n<title>Flesensee - futuretourism<\/title>\n<meta name=\"robots\" content=\"index, follow, max-snippet:-1, max-image-preview:large, max-video-preview:-1\" \/>\n<link rel=\"canonical\" href=\"https:\/\/blog.hwr-berlin.de\/futuretourism\/flesensee\/\" \/>\n<meta property=\"og:locale\" content=\"de_DE\" \/>\n<meta property=\"og:type\" content=\"article\" \/>\n<meta property=\"og:title\" content=\"Flesensee - futuretourism\" \/>\n<meta property=\"og:description\" content=\"\u00a9 Kur- und Tourismus GmbH G\u00f6hren-Lebbin Die Fleesensee Holding steht f\u00fcr eine der sch\u00f6nsten Urlaubsregionen Deutschlands \u2013 ein Ort, an dem modernes Design, hervorragender Service und Nachhaltigkeit zu einem stimmigen Konzept verschmelzen. Unter der Leitung von Mario Reincke entsteht ein Angebot, das Innovation mit pers\u00f6nlichem Touch verbindet und G\u00e4sten ein unverwechselbares Erlebnis bietet. SCHLOSS Hotel &hellip; \u201eFlesensee\u201c weiterlesen\" \/>\n<meta property=\"og:url\" content=\"https:\/\/blog.hwr-berlin.de\/futuretourism\/flesensee\/\" \/>\n<meta property=\"og:site_name\" content=\"futuretourism\" \/>\n<meta property=\"article:modified_time\" content=\"2026-01-30T15:07:33+00:00\" \/>\n<meta property=\"og:image\" content=\"https:\/\/blog.hwr-berlin.de\/futuretourism\/wp-content\/uploads_future\/2026\/01\/logo-land-fleesensee.png\" \/>\n\t<meta property=\"og:image:width\" content=\"1120\" \/>\n\t<meta property=\"og:image:height\" content=\"387\" \/>\n\t<meta property=\"og:image:type\" content=\"image\/png\" \/>\n<meta name=\"twitter:card\" content=\"summary_large_image\" \/>\n<meta name=\"twitter:label1\" content=\"Gesch\u00e4tzte Lesezeit\" \/>\n\t<meta name=\"twitter:data1\" content=\"3\u00a0Minuten\" \/>\n<script type=\"application\/ld+json\" class=\"yoast-schema-graph\">{\"@context\":\"https:\\\/\\\/schema.org\",\"@graph\":[{\"@type\":\"WebPage\",\"@id\":\"https:\\\/\\\/blog.hwr-berlin.de\\\/futuretourism\\\/flesensee\\\/\",\"url\":\"https:\\\/\\\/blog.hwr-berlin.de\\\/futuretourism\\\/flesensee\\\/\",\"name\":\"Flesensee - futuretourism\",\"isPartOf\":{\"@id\":\"https:\\\/\\\/blog.hwr-berlin.de\\\/futuretourism\\\/#website\"},\"primaryImageOfPage\":{\"@id\":\"https:\\\/\\\/blog.hwr-berlin.de\\\/futuretourism\\\/flesensee\\\/#primaryimage\"},\"image\":{\"@id\":\"https:\\\/\\\/blog.hwr-berlin.de\\\/futuretourism\\\/flesensee\\\/#primaryimage\"},\"thumbnailUrl\":\"https:\\\/\\\/blog.hwr-berlin.de\\\/futuretourism\\\/wp-content\\\/uploads_future\\\/2026\\\/01\\\/logo-land-fleesensee-1024x354.png\",\"datePublished\":\"2026-01-23T11:08:35+00:00\",\"dateModified\":\"2026-01-30T15:07:33+00:00\",\"breadcrumb\":{\"@id\":\"https:\\\/\\\/blog.hwr-berlin.de\\\/futuretourism\\\/flesensee\\\/#breadcrumb\"},\"inLanguage\":\"de\",\"potentialAction\":[{\"@type\":\"ReadAction\",\"target\":[\"https:\\\/\\\/blog.hwr-berlin.de\\\/futuretourism\\\/flesensee\\\/\"]}]},{\"@type\":\"ImageObject\",\"inLanguage\":\"de\",\"@id\":\"https:\\\/\\\/blog.hwr-berlin.de\\\/futuretourism\\\/flesensee\\\/#primaryimage\",\"url\":\"https:\\\/\\\/blog.hwr-berlin.de\\\/futuretourism\\\/wp-content\\\/uploads_future\\\/2026\\\/01\\\/logo-land-fleesensee.png\",\"contentUrl\":\"https:\\\/\\\/blog.hwr-berlin.de\\\/futuretourism\\\/wp-content\\\/uploads_future\\\/2026\\\/01\\\/logo-land-fleesensee.png\",\"width\":1120,\"height\":387,\"caption\":\"\u00a9 KUR- UND TOURISMUS GMBH G\u00d6HREN-LEBBIN\"},{\"@type\":\"BreadcrumbList\",\"@id\":\"https:\\\/\\\/blog.hwr-berlin.de\\\/futuretourism\\\/flesensee\\\/#breadcrumb\",\"itemListElement\":[{\"@type\":\"ListItem\",\"position\":1,\"name\":\"Startseite\",\"item\":\"https:\\\/\\\/blog.hwr-berlin.de\\\/futuretourism\\\/\"},{\"@type\":\"ListItem\",\"position\":2,\"name\":\"Flesensee\"}]},{\"@type\":\"WebSite\",\"@id\":\"https:\\\/\\\/blog.hwr-berlin.de\\\/futuretourism\\\/#website\",\"url\":\"https:\\\/\\\/blog.hwr-berlin.de\\\/futuretourism\\\/\",\"name\":\"futuretourism\",\"description\":\"digital, nachhaltig, wandelbar\",\"publisher\":{\"@id\":\"https:\\\/\\\/blog.hwr-berlin.de\\\/futuretourism\\\/#organization\"},\"potentialAction\":[{\"@type\":\"SearchAction\",\"target\":{\"@type\":\"EntryPoint\",\"urlTemplate\":\"https:\\\/\\\/blog.hwr-berlin.de\\\/futuretourism\\\/?s={search_term_string}\"},\"query-input\":{\"@type\":\"PropertyValueSpecification\",\"valueRequired\":true,\"valueName\":\"search_term_string\"}}],\"inLanguage\":\"de\"},{\"@type\":\"Organization\",\"@id\":\"https:\\\/\\\/blog.hwr-berlin.de\\\/futuretourism\\\/#organization\",\"name\":\"futuretourism\",\"url\":\"https:\\\/\\\/blog.hwr-berlin.de\\\/futuretourism\\\/\",\"logo\":{\"@type\":\"ImageObject\",\"inLanguage\":\"de\",\"@id\":\"https:\\\/\\\/blog.hwr-berlin.de\\\/futuretourism\\\/#\\\/schema\\\/logo\\\/image\\\/\",\"url\":\"https:\\\/\\\/blog.hwr-berlin.de\\\/futuretourism\\\/wp-content\\\/uploads_future\\\/2026\\\/01\\\/cropped-STACKED-scaled-1.jpg\",\"contentUrl\":\"https:\\\/\\\/blog.hwr-berlin.de\\\/futuretourism\\\/wp-content\\\/uploads_future\\\/2026\\\/01\\\/cropped-STACKED-scaled-1.jpg\",\"width\":562,\"height\":250,\"caption\":\"futuretourism\"},\"image\":{\"@id\":\"https:\\\/\\\/blog.hwr-berlin.de\\\/futuretourism\\\/#\\\/schema\\\/logo\\\/image\\\/\"}}]}<\/script>\n<!-- \/ Yoast SEO plugin. -->","yoast_head_json":{"title":"Flesensee - futuretourism","robots":{"index":"index","follow":"follow","max-snippet":"max-snippet:-1","max-image-preview":"max-image-preview:large","max-video-preview":"max-video-preview:-1"},"canonical":"https:\/\/blog.hwr-berlin.de\/futuretourism\/flesensee\/","og_locale":"de_DE","og_type":"article","og_title":"Flesensee - futuretourism","og_description":"\u00a9 Kur- und Tourismus GmbH G\u00f6hren-Lebbin Die Fleesensee Holding steht f\u00fcr eine der sch\u00f6nsten Urlaubsregionen Deutschlands \u2013 ein Ort, an dem modernes Design, hervorragender Service und Nachhaltigkeit zu einem stimmigen Konzept verschmelzen. Unter der Leitung von Mario Reincke entsteht ein Angebot, das Innovation mit pers\u00f6nlichem Touch verbindet und G\u00e4sten ein unverwechselbares Erlebnis bietet. SCHLOSS Hotel &hellip; \u201eFlesensee\u201c weiterlesen","og_url":"https:\/\/blog.hwr-berlin.de\/futuretourism\/flesensee\/","og_site_name":"futuretourism","article_modified_time":"2026-01-30T15:07:33+00:00","og_image":[{"width":1120,"height":387,"url":"https:\/\/blog.hwr-berlin.de\/futuretourism\/wp-content\/uploads_future\/2026\/01\/logo-land-fleesensee.png","type":"image\/png"}],"twitter_card":"summary_large_image","twitter_misc":{"Gesch\u00e4tzte Lesezeit":"3\u00a0Minuten"},"schema":{"@context":"https:\/\/schema.org","@graph":[{"@type":"WebPage","@id":"https:\/\/blog.hwr-berlin.de\/futuretourism\/flesensee\/","url":"https:\/\/blog.hwr-berlin.de\/futuretourism\/flesensee\/","name":"Flesensee - futuretourism","isPartOf":{"@id":"https:\/\/blog.hwr-berlin.de\/futuretourism\/#website"},"primaryImageOfPage":{"@id":"https:\/\/blog.hwr-berlin.de\/futuretourism\/flesensee\/#primaryimage"},"image":{"@id":"https:\/\/blog.hwr-berlin.de\/futuretourism\/flesensee\/#primaryimage"},"thumbnailUrl":"https:\/\/blog.hwr-berlin.de\/futuretourism\/wp-content\/uploads_future\/2026\/01\/logo-land-fleesensee-1024x354.png","datePublished":"2026-01-23T11:08:35+00:00","dateModified":"2026-01-30T15:07:33+00:00","breadcrumb":{"@id":"https:\/\/blog.hwr-berlin.de\/futuretourism\/flesensee\/#breadcrumb"},"inLanguage":"de","potentialAction":[{"@type":"ReadAction","target":["https:\/\/blog.hwr-berlin.de\/futuretourism\/flesensee\/"]}]},{"@type":"ImageObject","inLanguage":"de","@id":"https:\/\/blog.hwr-berlin.de\/futuretourism\/flesensee\/#primaryimage","url":"https:\/\/blog.hwr-berlin.de\/futuretourism\/wp-content\/uploads_future\/2026\/01\/logo-land-fleesensee.png","contentUrl":"https:\/\/blog.hwr-berlin.de\/futuretourism\/wp-content\/uploads_future\/2026\/01\/logo-land-fleesensee.png","width":1120,"height":387,"caption":"\u00a9 KUR- UND TOURISMUS GMBH G\u00d6HREN-LEBBIN"},{"@type":"BreadcrumbList","@id":"https:\/\/blog.hwr-berlin.de\/futuretourism\/flesensee\/#breadcrumb","itemListElement":[{"@type":"ListItem","position":1,"name":"Startseite","item":"https:\/\/blog.hwr-berlin.de\/futuretourism\/"},{"@type":"ListItem","position":2,"name":"Flesensee"}]},{"@type":"WebSite","@id":"https:\/\/blog.hwr-berlin.de\/futuretourism\/#website","url":"https:\/\/blog.hwr-berlin.de\/futuretourism\/","name":"futuretourism","description":"digital, nachhaltig, wandelbar","publisher":{"@id":"https:\/\/blog.hwr-berlin.de\/futuretourism\/#organization"},"potentialAction":[{"@type":"SearchAction","target":{"@type":"EntryPoint","urlTemplate":"https:\/\/blog.hwr-berlin.de\/futuretourism\/?s={search_term_string}"},"query-input":{"@type":"PropertyValueSpecification","valueRequired":true,"valueName":"search_term_string"}}],"inLanguage":"de"},{"@type":"Organization","@id":"https:\/\/blog.hwr-berlin.de\/futuretourism\/#organization","name":"futuretourism","url":"https:\/\/blog.hwr-berlin.de\/futuretourism\/","logo":{"@type":"ImageObject","inLanguage":"de","@id":"https:\/\/blog.hwr-berlin.de\/futuretourism\/#\/schema\/logo\/image\/","url":"https:\/\/blog.hwr-berlin.de\/futuretourism\/wp-content\/uploads_future\/2026\/01\/cropped-STACKED-scaled-1.jpg","contentUrl":"https:\/\/blog.hwr-berlin.de\/futuretourism\/wp-content\/uploads_future\/2026\/01\/cropped-STACKED-scaled-1.jpg","width":562,"height":250,"caption":"futuretourism"},"image":{"@id":"https:\/\/blog.hwr-berlin.de\/futuretourism\/#\/schema\/logo\/image\/"}}]}},"_links":{"self":[{"href":"https:\/\/blog.hwr-berlin.de\/futuretourism\/wp-json\/wp\/v2\/pages\/1382","targetHints":{"allow":["GET"]}}],"collection":[{"href":"https:\/\/blog.hwr-berlin.de\/futuretourism\/wp-json\/wp\/v2\/pages"}],"about":[{"href":"https:\/\/blog.hwr-berlin.de\/futuretourism\/wp-json\/wp\/v2\/types\/page"}],"author":[{"embeddable":true,"href":"https:\/\/blog.hwr-berlin.de\/futuretourism\/wp-json\/wp\/v2\/users\/9"}],"replies":[{"embeddable":true,"href":"https:\/\/blog.hwr-berlin.de\/futuretourism\/wp-json\/wp\/v2\/comments?post=1382"}],"version-history":[{"count":22,"href":"https:\/\/blog.hwr-berlin.de\/futuretourism\/wp-json\/wp\/v2\/pages\/1382\/revisions"}],"predecessor-version":[{"id":1999,"href":"https:\/\/blog.hwr-berlin.de\/futuretourism\/wp-json\/wp\/v2\/pages\/1382\/revisions\/1999"}],"wp:attachment":[{"href":"https:\/\/blog.hwr-berlin.de\/futuretourism\/wp-json\/wp\/v2\/media?parent=1382"}],"curies":[{"name":"wp","href":"https:\/\/api.w.org\/{rel}","templated":true}]}}