

{"id":1387,"date":"2026-01-23T12:24:20","date_gmt":"2026-01-23T11:24:20","guid":{"rendered":"https:\/\/blog.hwr-berlin.de\/futuretourism\/?page_id=1387"},"modified":"2026-01-30T16:38:22","modified_gmt":"2026-01-30T15:38:22","slug":"hotelpartner","status":"publish","type":"page","link":"https:\/\/blog.hwr-berlin.de\/futuretourism\/hotelpartner\/","title":{"rendered":"HotelPartner"},"content":{"rendered":"\t\t<div data-elementor-type=\"wp-page\" data-elementor-id=\"1387\" class=\"elementor elementor-1387\">\n\t\t\t\t<div class=\"elementor-element elementor-element-a162b06 e-flex e-con-boxed e-con e-parent\" data-id=\"a162b06\" data-element_type=\"container\" data-e-type=\"container\">\n\t\t\t\t\t<div class=\"e-con-inner\">\n\t\t\t\t<div class=\"elementor-element elementor-element-ad42eec elementor-widget elementor-widget-image\" data-id=\"ad42eec\" data-element_type=\"widget\" data-e-type=\"widget\" data-widget_type=\"image.default\">\n\t\t\t\t\t\t\t\t\t\t\t\t<figure class=\"wp-caption\">\n\t\t\t\t\t\t\t\t\t\t\t<a href=\"https:\/\/hotelpartner.com\/de\/\" target=\"_blank\">\n\t\t\t\t\t\t\t<img fetchpriority=\"high\" decoding=\"async\" width=\"740\" height=\"740\" src=\"https:\/\/blog.hwr-berlin.de\/futuretourism\/wp-content\/uploads_future\/2026\/01\/HP_Logo-1024x1024.png\" class=\"elementor-animation-grow attachment-large size-large wp-image-1833\" alt=\"\" srcset=\"https:\/\/blog.hwr-berlin.de\/futuretourism\/wp-content\/uploads_future\/2026\/01\/HP_Logo-1024x1024.png 1024w, https:\/\/blog.hwr-berlin.de\/futuretourism\/wp-content\/uploads_future\/2026\/01\/HP_Logo-300x300.png 300w, https:\/\/blog.hwr-berlin.de\/futuretourism\/wp-content\/uploads_future\/2026\/01\/HP_Logo-150x150.png 150w, https:\/\/blog.hwr-berlin.de\/futuretourism\/wp-content\/uploads_future\/2026\/01\/HP_Logo-768x768.png 768w, https:\/\/blog.hwr-berlin.de\/futuretourism\/wp-content\/uploads_future\/2026\/01\/HP_Logo-100x100.png 100w, https:\/\/blog.hwr-berlin.de\/futuretourism\/wp-content\/uploads_future\/2026\/01\/HP_Logo.png 1042w\" sizes=\"100vw\" \/>\t\t\t\t\t\t\t\t<\/a>\n\t\t\t\t\t\t\t\t\t\t\t<figcaption class=\"widget-image-caption wp-caption-text\">\u00a9 Hotelpartner Revenue Management<\/figcaption>\n\t\t\t\t\t\t\t\t\t\t<\/figure>\n\t\t\t\t\t\t\t\t\t<\/div>\n\t\t\t\t<div class=\"elementor-element elementor-element-d6e00d7 elementor-widget elementor-widget-spacer\" data-id=\"d6e00d7\" data-element_type=\"widget\" data-e-type=\"widget\" data-widget_type=\"spacer.default\">\n\t\t\t\t\t\t\t<div class=\"elementor-spacer\">\n\t\t\t<div class=\"elementor-spacer-inner\"><\/div>\n\t\t<\/div>\n\t\t\t\t\t\t<\/div>\n\t\t\t\t\t<\/div>\n\t\t\t\t<\/div>\n\t\t<div class=\"elementor-element elementor-element-1d18c4c e-flex e-con-boxed e-con e-parent\" data-id=\"1d18c4c\" data-element_type=\"container\" data-e-type=\"container\">\n\t\t\t\t\t<div class=\"e-con-inner\">\n\t\t\t\t<div class=\"elementor-element elementor-element-69fa1d0 elementor-widget elementor-widget-text-editor\" data-id=\"69fa1d0\" data-element_type=\"widget\" data-e-type=\"widget\" data-widget_type=\"text-editor.default\">\n\t\t\t\t\t\t\t\t\t<p style=\"font-weight: 400;\">Hotelpartner: Bionic Revenue Management <br \/>Die optimale Verbindung von Mensch und Technologie<\/p>\t\t\t\t\t\t\t\t<\/div>\n\t\t\t\t<div class=\"elementor-element elementor-element-726637d elementor-widget elementor-widget-text-editor\" data-id=\"726637d\" data-element_type=\"widget\" data-e-type=\"widget\" data-widget_type=\"text-editor.default\">\n\t\t\t\t\t\t\t\t\t<p style=\"font-weight: 400;\">In der Hotellerie ist der Einsatz modernster Technologien im Revenue Management unverzichtbar. Doch es ist die Kombination aus menschlicher Expertise und technischer Innovation, die den entscheidenden Unterschied macht. Hotelpartner, als Vorreiter in diesem Bereich, lebt das Konzept des Bionic Revenue Managements, bei dem Mensch und Maschine Hand in Hand arbeiten, um optimale Ergebnisse zu erzielen.<\/p><p style=\"font-weight: 400;\"><strong>Warum Bionic Revenue Management der Schl\u00fcssel zum Erfolg ist<br \/><\/strong>Dank der von Hotelpartner eingesetzten Technologie k\u00f6nnen riesige Datenmengen in Echtzeit analysiert und daraus fundierte Entscheidungen abgeleitet werden. Systeme zur Nachfrageprognose, Preisoptimierung und Wettbewerbsanalyse spielen eine zentrale Rolle bei der dynamischen und profitablen Preisgestaltung. Doch trotz der technologischen Fortschritte bleibt der Mensch unverzichtbar.<\/p><p style=\"font-weight: 400;\">Algorithmen sind zwar in der Lage, Daten effizient zu verarbeiten, doch sie k\u00f6nnen spezifische Marktbedingungen oder unvorhersehbare Ereignisse, wie etwa Konzerte oder politische Entwicklungen, oft nicht ausreichend ber\u00fccksichtigen. Hier greift die menschliche Intuition: Bei Hotelpartner wird die Kraft der Technologie mit dem Wissen erfahrener Revenue Manager kombiniert, die diese Daten im jeweiligen Marktumfeld interpretieren und anpassen.<\/p><p style=\"font-weight: 400;\"><strong>Hotelpartner \u2013 Das System hinter Bionic Revenue Management<br \/><\/strong>Hotelpartner setzt als innovativer Branchenf\u00fchrer auf ein ausgekl\u00fcgeltes System, das Bionic Revenue Management in den Mittelpunkt stellt. Automatisierte Systeme k\u00f6nnen zwar Daten in Echtzeit verarbeiten, doch der Erfolg liegt darin, diese Ergebnisse durch erfahrene Revenue Manager zu erg\u00e4nzen. Bei Hotelpartner wird dies durch die optimale Nutzung von Schnittstellen zwischen Property Management Systemen (PMS) und Revenue Management Systemen (RMS) erreicht, um einen reibungslosen und effektiven Betrieb sicherzustellen.<\/p><p style=\"font-weight: 400;\">Bionic Revenue Management bei Hotelpartner bedeutet, historische Daten und Algorithmen mit der menschlichen Expertise zu verkn\u00fcpfen in die Zukunft zu antizipieren, um nicht nur den besten Preis f\u00fcr die G\u00e4ste zu finden, sondern auch die langfristige Rentabilit\u00e4t des Hotels zu sichern.<\/p>\t\t\t\t\t\t\t\t<\/div>\n\t\t\t\t<div class=\"elementor-element elementor-element-db7f257 elementor-widget elementor-widget-spacer\" data-id=\"db7f257\" data-element_type=\"widget\" data-e-type=\"widget\" data-widget_type=\"spacer.default\">\n\t\t\t\t\t\t\t<div class=\"elementor-spacer\">\n\t\t\t<div class=\"elementor-spacer-inner\"><\/div>\n\t\t<\/div>\n\t\t\t\t\t\t<\/div>\n\t\t\t\t\t<\/div>\n\t\t\t\t<\/div>\n\t\t<div class=\"elementor-element elementor-element-745dc53 e-flex e-con-boxed e-con e-parent\" data-id=\"745dc53\" data-element_type=\"container\" data-e-type=\"container\">\n\t\t\t\t\t<div class=\"e-con-inner\">\n\t\t<div class=\"elementor-element elementor-element-34fb044 e-con-full e-flex e-con e-child\" data-id=\"34fb044\" data-element_type=\"container\" data-e-type=\"container\">\n\t\t\t\t<div class=\"elementor-element elementor-element-c782949 elementor-widget elementor-widget-image\" data-id=\"c782949\" data-element_type=\"widget\" data-e-type=\"widget\" data-widget_type=\"image.default\">\n\t\t\t\t\t\t\t\t\t\t\t\t<figure class=\"wp-caption\">\n\t\t\t\t\t\t\t\t\t\t\t<a href=\"https:\/\/www.linkedin.com\/in\/sascha-dalig\/\" target=\"_blank\">\n\t\t\t\t\t\t\t<img decoding=\"async\" width=\"500\" height=\"500\" src=\"https:\/\/blog.hwr-berlin.de\/futuretourism\/wp-content\/uploads_future\/2026\/01\/Sascha-HoPa.png\" class=\"elementor-animation-grow attachment-large size-large wp-image-1840\" alt=\"\" srcset=\"https:\/\/blog.hwr-berlin.de\/futuretourism\/wp-content\/uploads_future\/2026\/01\/Sascha-HoPa.png 500w, https:\/\/blog.hwr-berlin.de\/futuretourism\/wp-content\/uploads_future\/2026\/01\/Sascha-HoPa-300x300.png 300w, https:\/\/blog.hwr-berlin.de\/futuretourism\/wp-content\/uploads_future\/2026\/01\/Sascha-HoPa-150x150.png 150w, https:\/\/blog.hwr-berlin.de\/futuretourism\/wp-content\/uploads_future\/2026\/01\/Sascha-HoPa-100x100.png 100w\" sizes=\"100vw\" \/>\t\t\t\t\t\t\t\t<\/a>\n\t\t\t\t\t\t\t\t\t\t\t<figcaption class=\"widget-image-caption wp-caption-text\">Sascha Dalig, Managing Director Germany<\/figcaption>\n\t\t\t\t\t\t\t\t\t\t<\/figure>\n\t\t\t\t\t\t\t\t\t<\/div>\n\t\t\t\t<\/div>\n\t\t\t\t<div class=\"elementor-element elementor-element-06b1f6e elementor-widget elementor-widget-text-editor\" data-id=\"06b1f6e\" data-element_type=\"widget\" data-e-type=\"widget\" data-widget_type=\"text-editor.default\">\n\t\t\t\t\t\t\t\t\t<p><i>&#8222;Karrieren wie wir sie heute kennen, linear in Unternehmen, werden zunehmend weniger und diverse Lebensl\u00e4ufe sichtbar. Wissen aus unterschiedlichen Bereichen f\u00f6rdert die pers\u00f6nliche Karriere.&#8220;<\/i><\/p>\t\t\t\t\t\t\t\t<\/div>\n\t\t\t\t\t<\/div>\n\t\t\t\t<\/div>\n\t\t<div class=\"elementor-element elementor-element-e8c1afc e-flex e-con-boxed e-con e-parent\" data-id=\"e8c1afc\" data-element_type=\"container\" data-e-type=\"container\">\n\t\t\t\t\t<div class=\"e-con-inner\">\n\t\t\t\t<div class=\"elementor-element elementor-element-4beb483 elementor-widget elementor-widget-spacer\" data-id=\"4beb483\" data-element_type=\"widget\" data-e-type=\"widget\" data-widget_type=\"spacer.default\">\n\t\t\t\t\t\t\t<div class=\"elementor-spacer\">\n\t\t\t<div class=\"elementor-spacer-inner\"><\/div>\n\t\t<\/div>\n\t\t\t\t\t\t<\/div>\n\t\t\t\t\t<\/div>\n\t\t\t\t<\/div>\n\t\t<div class=\"elementor-element elementor-element-ee1d012 e-flex e-con-boxed e-con e-parent\" data-id=\"ee1d012\" data-element_type=\"container\" data-e-type=\"container\">\n\t\t\t\t\t<div class=\"e-con-inner\">\n\t\t\t\t<div class=\"elementor-element elementor-element-37d593e elementor-widget elementor-widget-image\" data-id=\"37d593e\" data-element_type=\"widget\" data-e-type=\"widget\" data-widget_type=\"image.default\">\n\t\t\t\t\t\t\t\t\t\t\t\t<figure class=\"wp-caption\">\n\t\t\t\t\t\t\t\t\t\t<img decoding=\"async\" width=\"740\" height=\"422\" src=\"https:\/\/blog.hwr-berlin.de\/futuretourism\/wp-content\/uploads_future\/2026\/01\/image001-1-1024x584.png\" class=\"attachment-large size-large wp-image-1850\" alt=\"\" srcset=\"https:\/\/blog.hwr-berlin.de\/futuretourism\/wp-content\/uploads_future\/2026\/01\/image001-1-1024x584.png 1024w, https:\/\/blog.hwr-berlin.de\/futuretourism\/wp-content\/uploads_future\/2026\/01\/image001-1-300x171.png 300w, https:\/\/blog.hwr-berlin.de\/futuretourism\/wp-content\/uploads_future\/2026\/01\/image001-1-768x438.png 768w, https:\/\/blog.hwr-berlin.de\/futuretourism\/wp-content\/uploads_future\/2026\/01\/image001-1-1536x876.png 1536w, https:\/\/blog.hwr-berlin.de\/futuretourism\/wp-content\/uploads_future\/2026\/01\/image001-1.png 1608w\" sizes=\"100vw\" \/>\t\t\t\t\t\t\t\t\t\t\t<figcaption class=\"widget-image-caption wp-caption-text\">\u00a9 Hotelpartner Revenue Management<\/figcaption>\n\t\t\t\t\t\t\t\t\t\t<\/figure>\n\t\t\t\t\t\t\t\t\t<\/div>\n\t\t\t\t\t<\/div>\n\t\t\t\t<\/div>\n\t\t<div class=\"elementor-element elementor-element-59375fc e-flex e-con-boxed e-con e-parent\" data-id=\"59375fc\" data-element_type=\"container\" data-e-type=\"container\">\n\t\t\t\t\t<div class=\"e-con-inner\">\n\t\t\t\t<div class=\"elementor-element elementor-element-badb4cd elementor-widget elementor-widget-text-editor\" data-id=\"badb4cd\" data-element_type=\"widget\" data-e-type=\"widget\" data-widget_type=\"text-editor.default\">\n\t\t\t\t\t\t\t\t\t<p style=\"font-weight: 400;\"><strong>Partnerschaften f\u00fcr Innovation: ITB und HWR Berlin<br \/><\/strong>Hotelpartner setzt nicht nur auf die interne St\u00e4rke von Technologie und Mensch, sondern erweitert auch sein Netzwerk durch wichtige Partnerschaften. Gemeinsam mit der ITB, der weltweit f\u00fchrenden Reisemesse, und der Hochschule f\u00fcr Wirtschaft und Recht Berlin (HWR), die wertvolle wissenschaftliche Impulse liefert, gestaltet Hotelpartner die Zukunft des Revenue Managements aktiv mit.<\/p><p style=\"font-weight: 400;\">Die ITB bietet eine Plattform f\u00fcr den Austausch innovativer Ideen und die Pr\u00e4sentation neuer Technologien in der Hotellerie. In Zusammenarbeit mit der HWR Berlin wird zus\u00e4tzlich akademisches Know-how eingebracht, um die neuesten Erkenntnisse der Forschung in die Praxis umzusetzen.<\/p><p style=\"font-weight: 400;\"><strong>Wettbewerbsvorteile durch intelligentes Zusammenspiel von Mensch, Technologie und Partnern<br \/><\/strong>Bei Hotelpartner verstehen Revenue Manager nicht nur die Systeme, mit denen sie arbeiten, sondern wissen auch, wie sie diese nutzen, um strategische Entscheidungen zu treffen. Diese Kombination, verst\u00e4rkt durch starke Partnerschaften mit der ITB und der HWR Berlin, schafft entscheidende Wettbewerbsvorteile in einem hart umk\u00e4mpften Markt.<\/p>\t\t\t\t\t\t\t\t<\/div>\n\t\t\t\t\t<\/div>\n\t\t\t\t<\/div>\n\t\t<div class=\"elementor-element elementor-element-a268975 e-flex e-con-boxed e-con e-parent\" data-id=\"a268975\" data-element_type=\"container\" data-e-type=\"container\">\n\t\t\t\t\t<div class=\"e-con-inner\">\n\t\t\t\t<div class=\"elementor-element elementor-element-f86ddcf elementor-widget elementor-widget-text-editor\" data-id=\"f86ddcf\" data-element_type=\"widget\" data-e-type=\"widget\" data-widget_type=\"text-editor.default\">\n\t\t\t\t\t\t\t\t\t<p style=\"font-weight: 400;\"><strong>Fazit: Die Zukunft des Revenue Managements mit Hotelpartner, ITB und HWR Berlin<br \/><\/strong>Hotelpartner zeigt, wie Bionic Revenue Management funktioniert \u2013 durch die enge Zusammenarbeit von Mensch und Maschine, erg\u00e4nzt durch strategische Partnerschaften. Die ITB und die HWR Berlin spielen dabei eine zentrale Rolle, um Innovationen in das Revenue Management zu tragen. Gemeinsam gestalten wir die Zukunft der Hotellerie \u2013 mit einem intelligenten Zusammenspiel von Technologie, Expertise und Forschung.<\/p><p style=\"font-weight: 400;\">Entdecken Sie mit Hotelpartner, wie Bionic Revenue Management dynamische und profitable Preise erm\u00f6glicht und dabei langfristige Wettbewerbsvorteile sichert.<\/p>\t\t\t\t\t\t\t\t<\/div>\n\t\t\t\t\t<\/div>\n\t\t\t\t<\/div>\n\t\t\t\t<\/div>\n\t\t","protected":false},"excerpt":{"rendered":"<p>\u00a9 Hotelpartner Revenue Management Hotelpartner: Bionic Revenue Management Die optimale Verbindung von Mensch und Technologie In der Hotellerie ist der Einsatz modernster Technologien im Revenue Management unverzichtbar. Doch es ist die Kombination aus menschlicher Expertise und technischer Innovation, die den entscheidenden Unterschied macht. Hotelpartner, als Vorreiter in diesem Bereich, lebt das Konzept des Bionic Revenue &hellip; <\/p>\n<p class=\"link-more\"><a href=\"https:\/\/blog.hwr-berlin.de\/futuretourism\/hotelpartner\/\" class=\"more-link\"><span class=\"screen-reader-text\">\u201eHotelPartner\u201c <\/span>weiterlesen<\/a><\/p>\n","protected":false},"author":9,"featured_media":0,"parent":0,"menu_order":0,"comment_status":"closed","ping_status":"closed","template":"","meta":{"footnotes":""},"class_list":["post-1387","page","type-page","status-publish","hentry"],"yoast_head":"<!-- This site is optimized with the Yoast SEO plugin v27.3 - https:\/\/yoast.com\/product\/yoast-seo-wordpress\/ -->\n<title>HotelPartner - futuretourism<\/title>\n<meta name=\"robots\" content=\"index, follow, max-snippet:-1, max-image-preview:large, max-video-preview:-1\" \/>\n<link rel=\"canonical\" href=\"https:\/\/blog.hwr-berlin.de\/futuretourism\/hotelpartner\/\" \/>\n<meta property=\"og:locale\" content=\"de_DE\" \/>\n<meta property=\"og:type\" content=\"article\" \/>\n<meta property=\"og:title\" content=\"HotelPartner - futuretourism\" \/>\n<meta property=\"og:description\" content=\"\u00a9 Hotelpartner Revenue Management Hotelpartner: Bionic Revenue Management Die optimale Verbindung von Mensch und Technologie In der Hotellerie ist der Einsatz modernster Technologien im Revenue Management unverzichtbar. Doch es ist die Kombination aus menschlicher Expertise und technischer Innovation, die den entscheidenden Unterschied macht. Hotelpartner, als Vorreiter in diesem Bereich, lebt das Konzept des Bionic Revenue &hellip; \u201eHotelPartner\u201c weiterlesen\" \/>\n<meta property=\"og:url\" content=\"https:\/\/blog.hwr-berlin.de\/futuretourism\/hotelpartner\/\" \/>\n<meta property=\"og:site_name\" content=\"futuretourism\" \/>\n<meta property=\"article:modified_time\" content=\"2026-01-30T15:38:22+00:00\" \/>\n<meta property=\"og:image\" content=\"https:\/\/blog.hwr-berlin.de\/futuretourism\/wp-content\/uploads_future\/2026\/01\/HP_Logo.png\" \/>\n\t<meta property=\"og:image:width\" content=\"1042\" \/>\n\t<meta property=\"og:image:height\" content=\"1042\" \/>\n\t<meta property=\"og:image:type\" content=\"image\/png\" \/>\n<meta name=\"twitter:card\" content=\"summary_large_image\" \/>\n<meta name=\"twitter:label1\" content=\"Gesch\u00e4tzte Lesezeit\" \/>\n\t<meta name=\"twitter:data1\" content=\"4\u00a0Minuten\" \/>\n<script type=\"application\/ld+json\" class=\"yoast-schema-graph\">{\"@context\":\"https:\\\/\\\/schema.org\",\"@graph\":[{\"@type\":\"WebPage\",\"@id\":\"https:\\\/\\\/blog.hwr-berlin.de\\\/futuretourism\\\/hotelpartner\\\/\",\"url\":\"https:\\\/\\\/blog.hwr-berlin.de\\\/futuretourism\\\/hotelpartner\\\/\",\"name\":\"HotelPartner - futuretourism\",\"isPartOf\":{\"@id\":\"https:\\\/\\\/blog.hwr-berlin.de\\\/futuretourism\\\/#website\"},\"primaryImageOfPage\":{\"@id\":\"https:\\\/\\\/blog.hwr-berlin.de\\\/futuretourism\\\/hotelpartner\\\/#primaryimage\"},\"image\":{\"@id\":\"https:\\\/\\\/blog.hwr-berlin.de\\\/futuretourism\\\/hotelpartner\\\/#primaryimage\"},\"thumbnailUrl\":\"https:\\\/\\\/blog.hwr-berlin.de\\\/futuretourism\\\/wp-content\\\/uploads_future\\\/2026\\\/01\\\/HP_Logo-1024x1024.png\",\"datePublished\":\"2026-01-23T11:24:20+00:00\",\"dateModified\":\"2026-01-30T15:38:22+00:00\",\"breadcrumb\":{\"@id\":\"https:\\\/\\\/blog.hwr-berlin.de\\\/futuretourism\\\/hotelpartner\\\/#breadcrumb\"},\"inLanguage\":\"de\",\"potentialAction\":[{\"@type\":\"ReadAction\",\"target\":[\"https:\\\/\\\/blog.hwr-berlin.de\\\/futuretourism\\\/hotelpartner\\\/\"]}]},{\"@type\":\"ImageObject\",\"inLanguage\":\"de\",\"@id\":\"https:\\\/\\\/blog.hwr-berlin.de\\\/futuretourism\\\/hotelpartner\\\/#primaryimage\",\"url\":\"https:\\\/\\\/blog.hwr-berlin.de\\\/futuretourism\\\/wp-content\\\/uploads_future\\\/2026\\\/01\\\/HP_Logo.png\",\"contentUrl\":\"https:\\\/\\\/blog.hwr-berlin.de\\\/futuretourism\\\/wp-content\\\/uploads_future\\\/2026\\\/01\\\/HP_Logo.png\",\"width\":1042,\"height\":1042,\"caption\":\"\u00a9 Hotelpartner Revenue Management\"},{\"@type\":\"BreadcrumbList\",\"@id\":\"https:\\\/\\\/blog.hwr-berlin.de\\\/futuretourism\\\/hotelpartner\\\/#breadcrumb\",\"itemListElement\":[{\"@type\":\"ListItem\",\"position\":1,\"name\":\"Startseite\",\"item\":\"https:\\\/\\\/blog.hwr-berlin.de\\\/futuretourism\\\/\"},{\"@type\":\"ListItem\",\"position\":2,\"name\":\"HotelPartner\"}]},{\"@type\":\"WebSite\",\"@id\":\"https:\\\/\\\/blog.hwr-berlin.de\\\/futuretourism\\\/#website\",\"url\":\"https:\\\/\\\/blog.hwr-berlin.de\\\/futuretourism\\\/\",\"name\":\"futuretourism\",\"description\":\"digital, nachhaltig, wandelbar\",\"publisher\":{\"@id\":\"https:\\\/\\\/blog.hwr-berlin.de\\\/futuretourism\\\/#organization\"},\"potentialAction\":[{\"@type\":\"SearchAction\",\"target\":{\"@type\":\"EntryPoint\",\"urlTemplate\":\"https:\\\/\\\/blog.hwr-berlin.de\\\/futuretourism\\\/?s={search_term_string}\"},\"query-input\":{\"@type\":\"PropertyValueSpecification\",\"valueRequired\":true,\"valueName\":\"search_term_string\"}}],\"inLanguage\":\"de\"},{\"@type\":\"Organization\",\"@id\":\"https:\\\/\\\/blog.hwr-berlin.de\\\/futuretourism\\\/#organization\",\"name\":\"futuretourism\",\"url\":\"https:\\\/\\\/blog.hwr-berlin.de\\\/futuretourism\\\/\",\"logo\":{\"@type\":\"ImageObject\",\"inLanguage\":\"de\",\"@id\":\"https:\\\/\\\/blog.hwr-berlin.de\\\/futuretourism\\\/#\\\/schema\\\/logo\\\/image\\\/\",\"url\":\"https:\\\/\\\/blog.hwr-berlin.de\\\/futuretourism\\\/wp-content\\\/uploads_future\\\/2026\\\/01\\\/cropped-STACKED-scaled-1.jpg\",\"contentUrl\":\"https:\\\/\\\/blog.hwr-berlin.de\\\/futuretourism\\\/wp-content\\\/uploads_future\\\/2026\\\/01\\\/cropped-STACKED-scaled-1.jpg\",\"width\":562,\"height\":250,\"caption\":\"futuretourism\"},\"image\":{\"@id\":\"https:\\\/\\\/blog.hwr-berlin.de\\\/futuretourism\\\/#\\\/schema\\\/logo\\\/image\\\/\"}}]}<\/script>\n<!-- \/ Yoast SEO plugin. -->","yoast_head_json":{"title":"HotelPartner - futuretourism","robots":{"index":"index","follow":"follow","max-snippet":"max-snippet:-1","max-image-preview":"max-image-preview:large","max-video-preview":"max-video-preview:-1"},"canonical":"https:\/\/blog.hwr-berlin.de\/futuretourism\/hotelpartner\/","og_locale":"de_DE","og_type":"article","og_title":"HotelPartner - futuretourism","og_description":"\u00a9 Hotelpartner Revenue Management Hotelpartner: Bionic Revenue Management Die optimale Verbindung von Mensch und Technologie In der Hotellerie ist der Einsatz modernster Technologien im Revenue Management unverzichtbar. Doch es ist die Kombination aus menschlicher Expertise und technischer Innovation, die den entscheidenden Unterschied macht. Hotelpartner, als Vorreiter in diesem Bereich, lebt das Konzept des Bionic Revenue &hellip; \u201eHotelPartner\u201c weiterlesen","og_url":"https:\/\/blog.hwr-berlin.de\/futuretourism\/hotelpartner\/","og_site_name":"futuretourism","article_modified_time":"2026-01-30T15:38:22+00:00","og_image":[{"width":1042,"height":1042,"url":"https:\/\/blog.hwr-berlin.de\/futuretourism\/wp-content\/uploads_future\/2026\/01\/HP_Logo.png","type":"image\/png"}],"twitter_card":"summary_large_image","twitter_misc":{"Gesch\u00e4tzte Lesezeit":"4\u00a0Minuten"},"schema":{"@context":"https:\/\/schema.org","@graph":[{"@type":"WebPage","@id":"https:\/\/blog.hwr-berlin.de\/futuretourism\/hotelpartner\/","url":"https:\/\/blog.hwr-berlin.de\/futuretourism\/hotelpartner\/","name":"HotelPartner - futuretourism","isPartOf":{"@id":"https:\/\/blog.hwr-berlin.de\/futuretourism\/#website"},"primaryImageOfPage":{"@id":"https:\/\/blog.hwr-berlin.de\/futuretourism\/hotelpartner\/#primaryimage"},"image":{"@id":"https:\/\/blog.hwr-berlin.de\/futuretourism\/hotelpartner\/#primaryimage"},"thumbnailUrl":"https:\/\/blog.hwr-berlin.de\/futuretourism\/wp-content\/uploads_future\/2026\/01\/HP_Logo-1024x1024.png","datePublished":"2026-01-23T11:24:20+00:00","dateModified":"2026-01-30T15:38:22+00:00","breadcrumb":{"@id":"https:\/\/blog.hwr-berlin.de\/futuretourism\/hotelpartner\/#breadcrumb"},"inLanguage":"de","potentialAction":[{"@type":"ReadAction","target":["https:\/\/blog.hwr-berlin.de\/futuretourism\/hotelpartner\/"]}]},{"@type":"ImageObject","inLanguage":"de","@id":"https:\/\/blog.hwr-berlin.de\/futuretourism\/hotelpartner\/#primaryimage","url":"https:\/\/blog.hwr-berlin.de\/futuretourism\/wp-content\/uploads_future\/2026\/01\/HP_Logo.png","contentUrl":"https:\/\/blog.hwr-berlin.de\/futuretourism\/wp-content\/uploads_future\/2026\/01\/HP_Logo.png","width":1042,"height":1042,"caption":"\u00a9 Hotelpartner Revenue Management"},{"@type":"BreadcrumbList","@id":"https:\/\/blog.hwr-berlin.de\/futuretourism\/hotelpartner\/#breadcrumb","itemListElement":[{"@type":"ListItem","position":1,"name":"Startseite","item":"https:\/\/blog.hwr-berlin.de\/futuretourism\/"},{"@type":"ListItem","position":2,"name":"HotelPartner"}]},{"@type":"WebSite","@id":"https:\/\/blog.hwr-berlin.de\/futuretourism\/#website","url":"https:\/\/blog.hwr-berlin.de\/futuretourism\/","name":"futuretourism","description":"digital, nachhaltig, wandelbar","publisher":{"@id":"https:\/\/blog.hwr-berlin.de\/futuretourism\/#organization"},"potentialAction":[{"@type":"SearchAction","target":{"@type":"EntryPoint","urlTemplate":"https:\/\/blog.hwr-berlin.de\/futuretourism\/?s={search_term_string}"},"query-input":{"@type":"PropertyValueSpecification","valueRequired":true,"valueName":"search_term_string"}}],"inLanguage":"de"},{"@type":"Organization","@id":"https:\/\/blog.hwr-berlin.de\/futuretourism\/#organization","name":"futuretourism","url":"https:\/\/blog.hwr-berlin.de\/futuretourism\/","logo":{"@type":"ImageObject","inLanguage":"de","@id":"https:\/\/blog.hwr-berlin.de\/futuretourism\/#\/schema\/logo\/image\/","url":"https:\/\/blog.hwr-berlin.de\/futuretourism\/wp-content\/uploads_future\/2026\/01\/cropped-STACKED-scaled-1.jpg","contentUrl":"https:\/\/blog.hwr-berlin.de\/futuretourism\/wp-content\/uploads_future\/2026\/01\/cropped-STACKED-scaled-1.jpg","width":562,"height":250,"caption":"futuretourism"},"image":{"@id":"https:\/\/blog.hwr-berlin.de\/futuretourism\/#\/schema\/logo\/image\/"}}]}},"_links":{"self":[{"href":"https:\/\/blog.hwr-berlin.de\/futuretourism\/wp-json\/wp\/v2\/pages\/1387","targetHints":{"allow":["GET"]}}],"collection":[{"href":"https:\/\/blog.hwr-berlin.de\/futuretourism\/wp-json\/wp\/v2\/pages"}],"about":[{"href":"https:\/\/blog.hwr-berlin.de\/futuretourism\/wp-json\/wp\/v2\/types\/page"}],"author":[{"embeddable":true,"href":"https:\/\/blog.hwr-berlin.de\/futuretourism\/wp-json\/wp\/v2\/users\/9"}],"replies":[{"embeddable":true,"href":"https:\/\/blog.hwr-berlin.de\/futuretourism\/wp-json\/wp\/v2\/comments?post=1387"}],"version-history":[{"count":19,"href":"https:\/\/blog.hwr-berlin.de\/futuretourism\/wp-json\/wp\/v2\/pages\/1387\/revisions"}],"predecessor-version":[{"id":2008,"href":"https:\/\/blog.hwr-berlin.de\/futuretourism\/wp-json\/wp\/v2\/pages\/1387\/revisions\/2008"}],"wp:attachment":[{"href":"https:\/\/blog.hwr-berlin.de\/futuretourism\/wp-json\/wp\/v2\/media?parent=1387"}],"curies":[{"name":"wp","href":"https:\/\/api.w.org\/{rel}","templated":true}]}}