

{"id":1391,"date":"2026-01-23T12:27:59","date_gmt":"2026-01-23T11:27:59","guid":{"rendered":"https:\/\/blog.hwr-berlin.de\/futuretourism\/?page_id=1391"},"modified":"2026-02-03T08:35:32","modified_gmt":"2026-02-03T07:35:32","slug":"rolf-benz","status":"publish","type":"page","link":"https:\/\/blog.hwr-berlin.de\/futuretourism\/rolf-benz\/","title":{"rendered":"Rolf Benz"},"content":{"rendered":"\t\t<div data-elementor-type=\"wp-page\" data-elementor-id=\"1391\" class=\"elementor elementor-1391\">\n\t\t\t\t<div class=\"elementor-element elementor-element-adb18cc e-flex e-con-boxed e-con e-parent\" data-id=\"adb18cc\" data-element_type=\"container\" data-e-type=\"container\">\n\t\t\t\t\t<div class=\"e-con-inner\">\n\t\t\t\t<div class=\"elementor-element elementor-element-0487eb3 elementor-widget elementor-widget-image\" data-id=\"0487eb3\" data-element_type=\"widget\" data-e-type=\"widget\" data-widget_type=\"image.default\">\n\t\t\t\t\t\t\t\t\t\t\t\t<figure class=\"wp-caption\">\n\t\t\t\t\t\t\t\t\t\t\t<a href=\"https:\/\/www.rolf-benz.com\/de_DE\/\" target=\"_blank\">\n\t\t\t\t\t\t\t<img fetchpriority=\"high\" decoding=\"async\" width=\"308\" height=\"276\" src=\"https:\/\/blog.hwr-berlin.de\/futuretourism\/wp-content\/uploads_future\/2026\/01\/rolfbenz-contract-logo.png\" class=\"elementor-animation-grow attachment-large size-large wp-image-1879\" alt=\"\" srcset=\"https:\/\/blog.hwr-berlin.de\/futuretourism\/wp-content\/uploads_future\/2026\/01\/rolfbenz-contract-logo.png 308w, https:\/\/blog.hwr-berlin.de\/futuretourism\/wp-content\/uploads_future\/2026\/01\/rolfbenz-contract-logo-300x269.png 300w\" sizes=\"100vw\" \/>\t\t\t\t\t\t\t\t<\/a>\n\t\t\t\t\t\t\t\t\t\t\t<figcaption class=\"widget-image-caption wp-caption-text\">\u00a9 ROLF BENZ<\/figcaption>\n\t\t\t\t\t\t\t\t\t\t<\/figure>\n\t\t\t\t\t\t\t\t\t<\/div>\n\t\t\t\t<div class=\"elementor-element elementor-element-d9919c3 elementor-widget elementor-widget-spacer\" data-id=\"d9919c3\" data-element_type=\"widget\" data-e-type=\"widget\" data-widget_type=\"spacer.default\">\n\t\t\t\t\t\t\t<div class=\"elementor-spacer\">\n\t\t\t<div class=\"elementor-spacer-inner\"><\/div>\n\t\t<\/div>\n\t\t\t\t\t\t<\/div>\n\t\t\t\t\t<\/div>\n\t\t\t\t<\/div>\n\t\t<div class=\"elementor-element elementor-element-861d187 e-flex e-con-boxed e-con e-parent\" data-id=\"861d187\" data-element_type=\"container\" data-e-type=\"container\">\n\t\t\t\t\t<div class=\"e-con-inner\">\n\t\t\t\t<div class=\"elementor-element elementor-element-96a7084 elementor-widget elementor-widget-text-editor\" data-id=\"96a7084\" data-element_type=\"widget\" data-e-type=\"widget\" data-widget_type=\"text-editor.default\">\n\t\t\t\t\t\t\t\t\t<p style=\"font-weight: 400;\">MADE FOR YOU.<\/p>\t\t\t\t\t\t\t\t<\/div>\n\t\t\t\t\t<\/div>\n\t\t\t\t<\/div>\n\t\t<div class=\"elementor-element elementor-element-ff36b6d e-flex e-con-boxed e-con e-parent\" data-id=\"ff36b6d\" data-element_type=\"container\" data-e-type=\"container\">\n\t\t\t\t\t<div class=\"e-con-inner\">\n\t\t<div class=\"elementor-element elementor-element-3fdd5ad e-con-full e-flex e-con e-child\" data-id=\"3fdd5ad\" data-element_type=\"container\" data-e-type=\"container\">\n\t\t\t\t<div class=\"elementor-element elementor-element-e671272 elementor-widget elementor-widget-image\" data-id=\"e671272\" data-element_type=\"widget\" data-e-type=\"widget\" data-widget_type=\"image.default\">\n\t\t\t\t\t\t\t\t\t\t\t\t<figure class=\"wp-caption\">\n\t\t\t\t\t\t\t\t\t\t<img decoding=\"async\" width=\"525\" height=\"398\" src=\"https:\/\/blog.hwr-berlin.de\/futuretourism\/wp-content\/uploads_future\/2026\/01\/rolfbenz_zipper2024_07_060-1024x776.jpg\" class=\"attachment-large size-large wp-image-1881\" alt=\"\" srcset=\"https:\/\/blog.hwr-berlin.de\/futuretourism\/wp-content\/uploads_future\/2026\/01\/rolfbenz_zipper2024_07_060-1024x776.jpg 1024w, https:\/\/blog.hwr-berlin.de\/futuretourism\/wp-content\/uploads_future\/2026\/01\/rolfbenz_zipper2024_07_060-300x227.jpg 300w, https:\/\/blog.hwr-berlin.de\/futuretourism\/wp-content\/uploads_future\/2026\/01\/rolfbenz_zipper2024_07_060-768x582.jpg 768w, https:\/\/blog.hwr-berlin.de\/futuretourism\/wp-content\/uploads_future\/2026\/01\/rolfbenz_zipper2024_07_060-1536x1164.jpg 1536w, https:\/\/blog.hwr-berlin.de\/futuretourism\/wp-content\/uploads_future\/2026\/01\/rolfbenz_zipper2024_07_060.jpg 1600w\" sizes=\"100vw\" \/>\t\t\t\t\t\t\t\t\t\t\t<figcaption class=\"widget-image-caption wp-caption-text\">\u00a9 ROLF BENZ<\/figcaption>\n\t\t\t\t\t\t\t\t\t\t<\/figure>\n\t\t\t\t\t\t\t\t\t<\/div>\n\t\t\t\t<\/div>\n\t\t<div class=\"elementor-element elementor-element-d37794a e-con-full e-flex e-con e-child\" data-id=\"d37794a\" data-element_type=\"container\" data-e-type=\"container\">\n\t\t\t\t<div class=\"elementor-element elementor-element-aa1094a elementor-widget elementor-widget-text-editor\" data-id=\"aa1094a\" data-element_type=\"widget\" data-e-type=\"widget\" data-widget_type=\"text-editor.default\">\n\t\t\t\t\t\t\t\t\t<p style=\"font-weight: 400;\">Wir machen mehr als M\u00f6bel. Wir kreieren L\u00f6sungen, passend f\u00fcr Ihr individuelles hospitality-Projekt. Daf\u00fcr gestalten wir den gesamten Prozess als Dialog: von der ersten Idee \u00fcber die Planung bis zur Produktion. Zusammen mit Ihnen, im Team mit internationalen Designern und einem modernen Supplier-Netzwerk, schaffen wir das optimale Ambiente f\u00fcr Ihre R\u00e4ume \u2013 unser gemeinsames Project wunderbar.<\/p>\t\t\t\t\t\t\t\t<\/div>\n\t\t\t\t<\/div>\n\t\t\t\t\t<\/div>\n\t\t\t\t<\/div>\n\t\t<div class=\"elementor-element elementor-element-42631d1 e-flex e-con-boxed e-con e-parent\" data-id=\"42631d1\" data-element_type=\"container\" data-e-type=\"container\">\n\t\t\t\t\t<div class=\"e-con-inner\">\n\t\t<div class=\"elementor-element elementor-element-088e70d e-con-full e-flex e-con e-child\" data-id=\"088e70d\" data-element_type=\"container\" data-e-type=\"container\">\n\t\t\t\t<div class=\"elementor-element elementor-element-dccf0c9 elementor-widget elementor-widget-text-editor\" data-id=\"dccf0c9\" data-element_type=\"widget\" data-e-type=\"widget\" data-widget_type=\"text-editor.default\">\n\t\t\t\t\t\t\t\t\t<p style=\"font-weight: 400;\">THE ZIPPER zeichnet sich durch eine au\u00dfergew\u00f6hnliche Architektur aus, die an das Design eines Rei\u00dfverschlusses erin\u00adnert. Insgesamt umfasst das Geb\u00e4ude 168 hochwertig ausgestattete Premium-Apart\u00adments, die sowohl f\u00fcr kurzzeitige als auch f\u00fcr langfristige Aufenthalte konzipiert sind.<\/p><p style=\"font-weight: 400;\">Exklusiv f\u00fcr dieses Projekt hat Rolf Benz Contract gemeinsam mit dem THE ZIPPER Team ein individuell angepasstes Sofa mit markantem neuen Design entwickelt, das passend zur Geb\u00e4ude Architektur einen Zier-Rei\u00dfverschluss an der Seite des Sofas tr\u00e4gt. Der Erholungsfaktor spielte hier eine wichtige Rolle.<\/p><p style=\"font-weight: 400;\">Durch seinen Komfort und der dadurch entstandenen Gem\u00fctlichkeit tr\u00e4gt das M\u00f6bel nun zum besonderen Lebensfeeling von THE ZIPPER bei.<\/p>\t\t\t\t\t\t\t\t<\/div>\n\t\t\t\t<\/div>\n\t\t<div class=\"elementor-element elementor-element-5108260 e-con-full e-flex e-con e-child\" data-id=\"5108260\" data-element_type=\"container\" data-e-type=\"container\">\n\t\t\t\t<div class=\"elementor-element elementor-element-4a651cf elementor-widget elementor-widget-image\" data-id=\"4a651cf\" data-element_type=\"widget\" data-e-type=\"widget\" data-widget_type=\"image.default\">\n\t\t\t\t\t\t\t\t\t\t\t\t<figure class=\"wp-caption\">\n\t\t\t\t\t\t\t\t\t\t<img decoding=\"async\" width=\"525\" height=\"394\" src=\"https:\/\/blog.hwr-berlin.de\/futuretourism\/wp-content\/uploads_future\/2026\/01\/rolfbenz_zipper2024_07_001-1024x768.jpg\" class=\"attachment-large size-large wp-image-1882\" alt=\"\" srcset=\"https:\/\/blog.hwr-berlin.de\/futuretourism\/wp-content\/uploads_future\/2026\/01\/rolfbenz_zipper2024_07_001-1024x768.jpg 1024w, https:\/\/blog.hwr-berlin.de\/futuretourism\/wp-content\/uploads_future\/2026\/01\/rolfbenz_zipper2024_07_001-300x225.jpg 300w, https:\/\/blog.hwr-berlin.de\/futuretourism\/wp-content\/uploads_future\/2026\/01\/rolfbenz_zipper2024_07_001-768x576.jpg 768w, https:\/\/blog.hwr-berlin.de\/futuretourism\/wp-content\/uploads_future\/2026\/01\/rolfbenz_zipper2024_07_001-1536x1152.jpg 1536w, https:\/\/blog.hwr-berlin.de\/futuretourism\/wp-content\/uploads_future\/2026\/01\/rolfbenz_zipper2024_07_001.jpg 1600w\" sizes=\"100vw\" \/>\t\t\t\t\t\t\t\t\t\t\t<figcaption class=\"widget-image-caption wp-caption-text\">\u00a9 ROLF BENZ<\/figcaption>\n\t\t\t\t\t\t\t\t\t\t<\/figure>\n\t\t\t\t\t\t\t\t\t<\/div>\n\t\t\t\t<\/div>\n\t\t\t\t\t<\/div>\n\t\t\t\t<\/div>\n\t\t<div class=\"elementor-element elementor-element-dea38dd e-flex e-con-boxed e-con e-parent\" data-id=\"dea38dd\" data-element_type=\"container\" data-e-type=\"container\">\n\t\t\t\t\t<div class=\"e-con-inner\">\n\t\t<div class=\"elementor-element elementor-element-304a1b1 e-con-full e-flex e-con e-child\" data-id=\"304a1b1\" data-element_type=\"container\" data-e-type=\"container\">\n\t\t\t\t<div class=\"elementor-element elementor-element-401c22f elementor-widget elementor-widget-image\" data-id=\"401c22f\" data-element_type=\"widget\" data-e-type=\"widget\" data-widget_type=\"image.default\">\n\t\t\t\t\t\t\t\t\t\t\t\t<figure class=\"wp-caption\">\n\t\t\t\t\t\t\t\t\t\t<img loading=\"lazy\" decoding=\"async\" width=\"525\" height=\"341\" src=\"https:\/\/blog.hwr-berlin.de\/futuretourism\/wp-content\/uploads_future\/2026\/01\/hotel_amrei_F_21_019-1024x666.jpg\" class=\"attachment-large size-large wp-image-1884\" alt=\"\" srcset=\"https:\/\/blog.hwr-berlin.de\/futuretourism\/wp-content\/uploads_future\/2026\/01\/hotel_amrei_F_21_019-1024x666.jpg 1024w, https:\/\/blog.hwr-berlin.de\/futuretourism\/wp-content\/uploads_future\/2026\/01\/hotel_amrei_F_21_019-300x195.jpg 300w, https:\/\/blog.hwr-berlin.de\/futuretourism\/wp-content\/uploads_future\/2026\/01\/hotel_amrei_F_21_019-768x500.jpg 768w, https:\/\/blog.hwr-berlin.de\/futuretourism\/wp-content\/uploads_future\/2026\/01\/hotel_amrei_F_21_019-1536x999.jpg 1536w, https:\/\/blog.hwr-berlin.de\/futuretourism\/wp-content\/uploads_future\/2026\/01\/hotel_amrei_F_21_019.jpg 1600w\" sizes=\"100vw\" \/>\t\t\t\t\t\t\t\t\t\t\t<figcaption class=\"widget-image-caption wp-caption-text\">\u00a9 ROLF BENZ<\/figcaption>\n\t\t\t\t\t\t\t\t\t\t<\/figure>\n\t\t\t\t\t\t\t\t\t<\/div>\n\t\t\t\t<\/div>\n\t\t<div class=\"elementor-element elementor-element-a6ea68c e-con-full e-flex e-con e-child\" data-id=\"a6ea68c\" data-element_type=\"container\" data-e-type=\"container\">\n\t\t\t\t<div class=\"elementor-element elementor-element-1cab029 elementor-widget elementor-widget-image\" data-id=\"1cab029\" data-element_type=\"widget\" data-e-type=\"widget\" data-widget_type=\"image.default\">\n\t\t\t\t\t\t\t\t\t\t\t\t<figure class=\"wp-caption\">\n\t\t\t\t\t\t\t\t\t\t<img loading=\"lazy\" decoding=\"async\" width=\"525\" height=\"332\" src=\"https:\/\/blog.hwr-berlin.de\/futuretourism\/wp-content\/uploads_future\/2026\/01\/hotel_amrei_F_21_013-1024x648.jpg\" class=\"attachment-large size-large wp-image-1885\" alt=\"\" srcset=\"https:\/\/blog.hwr-berlin.de\/futuretourism\/wp-content\/uploads_future\/2026\/01\/hotel_amrei_F_21_013-1024x648.jpg 1024w, https:\/\/blog.hwr-berlin.de\/futuretourism\/wp-content\/uploads_future\/2026\/01\/hotel_amrei_F_21_013-300x190.jpg 300w, https:\/\/blog.hwr-berlin.de\/futuretourism\/wp-content\/uploads_future\/2026\/01\/hotel_amrei_F_21_013-768x486.jpg 768w, https:\/\/blog.hwr-berlin.de\/futuretourism\/wp-content\/uploads_future\/2026\/01\/hotel_amrei_F_21_013-1536x972.jpg 1536w, https:\/\/blog.hwr-berlin.de\/futuretourism\/wp-content\/uploads_future\/2026\/01\/hotel_amrei_F_21_013.jpg 1600w\" sizes=\"100vw\" \/>\t\t\t\t\t\t\t\t\t\t\t<figcaption class=\"widget-image-caption wp-caption-text\">\u00a9 ROLF BENZ<\/figcaption>\n\t\t\t\t\t\t\t\t\t\t<\/figure>\n\t\t\t\t\t\t\t\t\t<\/div>\n\t\t\t\t<\/div>\n\t\t\t\t\t<\/div>\n\t\t\t\t<\/div>\n\t\t<div class=\"elementor-element elementor-element-523bd40 e-flex e-con-boxed e-con e-parent\" data-id=\"523bd40\" data-element_type=\"container\" data-e-type=\"container\">\n\t\t\t\t\t<div class=\"e-con-inner\">\n\t\t\t\t<div class=\"elementor-element elementor-element-0a934ee elementor-widget elementor-widget-text-editor\" data-id=\"0a934ee\" data-element_type=\"widget\" data-e-type=\"widget\" data-widget_type=\"text-editor.default\">\n\t\t\t\t\t\t\t\t\t<p style=\"font-weight: 400;\">Amrai ist ein traditioneller M\u00e4dchenname im Montafon und die Namensgeberin f\u00fcr das in eine herrliche Naturkulisse eingebettete Hotel. Die Liebe zur Heimat steht hier auch durchaus auf dem Programm. Doch Architekt Felix Sch\u00e4dler interpretierte sie nicht als Alpenkitsch, sondern mit einer feinen Balance aus luftig-leichter Moderne und vielen materiellen Ankl\u00e4ngen an die Region wie Schafswolle, Kupfer und lokale H\u00f6lzer.<\/p><p style=\"font-weight: 400;\">Das kommt auch der inneren Mitte der G\u00e4ste zugute, die hier nach den Ausfl\u00fcgen in die majest\u00e4tische Bergwelt im Spa entspannen oder kulinarische Montafon-Klassiker genie\u00dfen. Bei der Innenausstattung fiel die Wahl auf einen Partner, der den Anspruch des Hauses an hochwertige<\/p><p style=\"font-weight: 400;\">Materialien und Casual Elegance auf vielf\u00e4ltige Weise erf\u00fcllen konnte. Die M\u00f6bel von Rolf Benz schaffen im Zusammenspiel mit ihrer Umgebung eine wohlausgeglichene Atmosph\u00e4re zwischen puristischer Eleganz und purem Komfort.<\/p>\t\t\t\t\t\t\t\t<\/div>\n\t\t\t\t\t<\/div>\n\t\t\t\t<\/div>\n\t\t<div class=\"elementor-element elementor-element-e824d28 e-flex e-con-boxed e-con e-parent\" data-id=\"e824d28\" data-element_type=\"container\" data-e-type=\"container\">\n\t\t\t\t\t<div class=\"e-con-inner\">\n\t\t\t\t<div class=\"elementor-element elementor-element-14b92f4 elementor-widget elementor-widget-image\" data-id=\"14b92f4\" data-element_type=\"widget\" data-e-type=\"widget\" data-widget_type=\"image.default\">\n\t\t\t\t\t\t\t\t\t\t\t\t<figure class=\"wp-caption\">\n\t\t\t\t\t\t\t\t\t\t<img loading=\"lazy\" decoding=\"async\" width=\"525\" height=\"296\" src=\"https:\/\/blog.hwr-berlin.de\/futuretourism\/wp-content\/uploads_future\/2026\/01\/csm_slider5_524bbcd87c-1024x577.jpg\" class=\"attachment-large size-large wp-image-1883\" alt=\"\" srcset=\"https:\/\/blog.hwr-berlin.de\/futuretourism\/wp-content\/uploads_future\/2026\/01\/csm_slider5_524bbcd87c-1024x577.jpg 1024w, https:\/\/blog.hwr-berlin.de\/futuretourism\/wp-content\/uploads_future\/2026\/01\/csm_slider5_524bbcd87c-300x169.jpg 300w, https:\/\/blog.hwr-berlin.de\/futuretourism\/wp-content\/uploads_future\/2026\/01\/csm_slider5_524bbcd87c-768x433.jpg 768w, https:\/\/blog.hwr-berlin.de\/futuretourism\/wp-content\/uploads_future\/2026\/01\/csm_slider5_524bbcd87c.jpg 1534w\" sizes=\"100vw\" \/>\t\t\t\t\t\t\t\t\t\t\t<figcaption class=\"widget-image-caption wp-caption-text\">\u00a9 ROLF BENZ<\/figcaption>\n\t\t\t\t\t\t\t\t\t\t<\/figure>\n\t\t\t\t\t\t\t\t\t<\/div>\n\t\t\t\t\t<\/div>\n\t\t\t\t<\/div>\n\t\t<div class=\"elementor-element elementor-element-e8f897e e-flex e-con-boxed e-con e-parent\" data-id=\"e8f897e\" data-element_type=\"container\" data-e-type=\"container\">\n\t\t\t\t\t<div class=\"e-con-inner\">\n\t\t\t\t<div class=\"elementor-element elementor-element-a4220b8 elementor-widget elementor-widget-text-editor\" data-id=\"a4220b8\" data-element_type=\"widget\" data-e-type=\"widget\" data-widget_type=\"text-editor.default\">\n\t\t\t\t\t\t\t\t\t<p><a href=\"https:\/\/www.linkedin.com\/in\/brian-therkelsen-9541926\/\" target=\"_blank\" rel=\"noopener\">Kontakt: Brian Therkelsen (Head of Contract)<\/a><\/p><p>\u00a0<\/p><p>Mail: Brian.Therkelsen@rolf-benz.com<\/p><p>Telefon: +4917665120027<\/p>\t\t\t\t\t\t\t\t<\/div>\n\t\t\t\t\t<\/div>\n\t\t\t\t<\/div>\n\t\t\t\t<\/div>\n\t\t","protected":false},"excerpt":{"rendered":"<p>\u00a9 ROLF BENZ MADE FOR YOU. \u00a9 ROLF BENZ Wir machen mehr als M\u00f6bel. Wir kreieren L\u00f6sungen, passend f\u00fcr Ihr individuelles hospitality-Projekt. Daf\u00fcr gestalten wir den gesamten Prozess als Dialog: von der ersten Idee \u00fcber die Planung bis zur Produktion. Zusammen mit Ihnen, im Team mit internationalen Designern und einem modernen Supplier-Netzwerk, schaffen wir das &hellip; <\/p>\n<p class=\"link-more\"><a href=\"https:\/\/blog.hwr-berlin.de\/futuretourism\/rolf-benz\/\" class=\"more-link\"><span class=\"screen-reader-text\">\u201eRolf Benz\u201c <\/span>weiterlesen<\/a><\/p>\n","protected":false},"author":9,"featured_media":0,"parent":0,"menu_order":0,"comment_status":"closed","ping_status":"closed","template":"","meta":{"footnotes":""},"class_list":["post-1391","page","type-page","status-publish","hentry"],"yoast_head":"<!-- This site is optimized with the Yoast SEO plugin v27.4 - https:\/\/yoast.com\/product\/yoast-seo-wordpress\/ -->\n<title>Rolf Benz - futuretourism<\/title>\n<meta name=\"robots\" content=\"index, follow, max-snippet:-1, max-image-preview:large, max-video-preview:-1\" \/>\n<link rel=\"canonical\" href=\"https:\/\/blog.hwr-berlin.de\/futuretourism\/rolf-benz\/\" \/>\n<meta property=\"og:locale\" content=\"de_DE\" \/>\n<meta property=\"og:type\" content=\"article\" \/>\n<meta property=\"og:title\" content=\"Rolf Benz - futuretourism\" \/>\n<meta property=\"og:description\" content=\"\u00a9 ROLF BENZ MADE FOR YOU. \u00a9 ROLF BENZ Wir machen mehr als M\u00f6bel. Wir kreieren L\u00f6sungen, passend f\u00fcr Ihr individuelles hospitality-Projekt. Daf\u00fcr gestalten wir den gesamten Prozess als Dialog: von der ersten Idee \u00fcber die Planung bis zur Produktion. Zusammen mit Ihnen, im Team mit internationalen Designern und einem modernen Supplier-Netzwerk, schaffen wir das &hellip; \u201eRolf Benz\u201c weiterlesen\" \/>\n<meta property=\"og:url\" content=\"https:\/\/blog.hwr-berlin.de\/futuretourism\/rolf-benz\/\" \/>\n<meta property=\"og:site_name\" content=\"futuretourism\" \/>\n<meta property=\"article:modified_time\" content=\"2026-02-03T07:35:32+00:00\" \/>\n<meta property=\"og:image\" content=\"https:\/\/blog.hwr-berlin.de\/futuretourism\/wp-content\/uploads_future\/2026\/01\/rolfbenz-contract-logo.png\" \/>\n\t<meta property=\"og:image:width\" content=\"308\" \/>\n\t<meta property=\"og:image:height\" content=\"276\" \/>\n\t<meta property=\"og:image:type\" content=\"image\/png\" \/>\n<meta name=\"twitter:card\" content=\"summary_large_image\" \/>\n<meta name=\"twitter:label1\" content=\"Gesch\u00e4tzte Lesezeit\" \/>\n\t<meta name=\"twitter:data1\" content=\"3\u00a0Minuten\" \/>\n<script type=\"application\/ld+json\" class=\"yoast-schema-graph\">{\"@context\":\"https:\\\/\\\/schema.org\",\"@graph\":[{\"@type\":\"WebPage\",\"@id\":\"https:\\\/\\\/blog.hwr-berlin.de\\\/futuretourism\\\/rolf-benz\\\/\",\"url\":\"https:\\\/\\\/blog.hwr-berlin.de\\\/futuretourism\\\/rolf-benz\\\/\",\"name\":\"Rolf Benz - futuretourism\",\"isPartOf\":{\"@id\":\"https:\\\/\\\/blog.hwr-berlin.de\\\/futuretourism\\\/#website\"},\"primaryImageOfPage\":{\"@id\":\"https:\\\/\\\/blog.hwr-berlin.de\\\/futuretourism\\\/rolf-benz\\\/#primaryimage\"},\"image\":{\"@id\":\"https:\\\/\\\/blog.hwr-berlin.de\\\/futuretourism\\\/rolf-benz\\\/#primaryimage\"},\"thumbnailUrl\":\"https:\\\/\\\/blog.hwr-berlin.de\\\/futuretourism\\\/wp-content\\\/uploads_future\\\/2026\\\/01\\\/rolfbenz-contract-logo.png\",\"datePublished\":\"2026-01-23T11:27:59+00:00\",\"dateModified\":\"2026-02-03T07:35:32+00:00\",\"breadcrumb\":{\"@id\":\"https:\\\/\\\/blog.hwr-berlin.de\\\/futuretourism\\\/rolf-benz\\\/#breadcrumb\"},\"inLanguage\":\"de\",\"potentialAction\":[{\"@type\":\"ReadAction\",\"target\":[\"https:\\\/\\\/blog.hwr-berlin.de\\\/futuretourism\\\/rolf-benz\\\/\"]}]},{\"@type\":\"ImageObject\",\"inLanguage\":\"de\",\"@id\":\"https:\\\/\\\/blog.hwr-berlin.de\\\/futuretourism\\\/rolf-benz\\\/#primaryimage\",\"url\":\"https:\\\/\\\/blog.hwr-berlin.de\\\/futuretourism\\\/wp-content\\\/uploads_future\\\/2026\\\/01\\\/rolfbenz-contract-logo.png\",\"contentUrl\":\"https:\\\/\\\/blog.hwr-berlin.de\\\/futuretourism\\\/wp-content\\\/uploads_future\\\/2026\\\/01\\\/rolfbenz-contract-logo.png\",\"width\":308,\"height\":276,\"caption\":\"\u00a9 ROLF BENZ\"},{\"@type\":\"BreadcrumbList\",\"@id\":\"https:\\\/\\\/blog.hwr-berlin.de\\\/futuretourism\\\/rolf-benz\\\/#breadcrumb\",\"itemListElement\":[{\"@type\":\"ListItem\",\"position\":1,\"name\":\"Startseite\",\"item\":\"https:\\\/\\\/blog.hwr-berlin.de\\\/futuretourism\\\/\"},{\"@type\":\"ListItem\",\"position\":2,\"name\":\"Rolf Benz\"}]},{\"@type\":\"WebSite\",\"@id\":\"https:\\\/\\\/blog.hwr-berlin.de\\\/futuretourism\\\/#website\",\"url\":\"https:\\\/\\\/blog.hwr-berlin.de\\\/futuretourism\\\/\",\"name\":\"futuretourism\",\"description\":\"digital, nachhaltig, wandelbar\",\"publisher\":{\"@id\":\"https:\\\/\\\/blog.hwr-berlin.de\\\/futuretourism\\\/#organization\"},\"potentialAction\":[{\"@type\":\"SearchAction\",\"target\":{\"@type\":\"EntryPoint\",\"urlTemplate\":\"https:\\\/\\\/blog.hwr-berlin.de\\\/futuretourism\\\/?s={search_term_string}\"},\"query-input\":{\"@type\":\"PropertyValueSpecification\",\"valueRequired\":true,\"valueName\":\"search_term_string\"}}],\"inLanguage\":\"de\"},{\"@type\":\"Organization\",\"@id\":\"https:\\\/\\\/blog.hwr-berlin.de\\\/futuretourism\\\/#organization\",\"name\":\"futuretourism\",\"url\":\"https:\\\/\\\/blog.hwr-berlin.de\\\/futuretourism\\\/\",\"logo\":{\"@type\":\"ImageObject\",\"inLanguage\":\"de\",\"@id\":\"https:\\\/\\\/blog.hwr-berlin.de\\\/futuretourism\\\/#\\\/schema\\\/logo\\\/image\\\/\",\"url\":\"https:\\\/\\\/blog.hwr-berlin.de\\\/futuretourism\\\/wp-content\\\/uploads_future\\\/2026\\\/01\\\/cropped-STACKED-scaled-1.jpg\",\"contentUrl\":\"https:\\\/\\\/blog.hwr-berlin.de\\\/futuretourism\\\/wp-content\\\/uploads_future\\\/2026\\\/01\\\/cropped-STACKED-scaled-1.jpg\",\"width\":562,\"height\":250,\"caption\":\"futuretourism\"},\"image\":{\"@id\":\"https:\\\/\\\/blog.hwr-berlin.de\\\/futuretourism\\\/#\\\/schema\\\/logo\\\/image\\\/\"}}]}<\/script>\n<!-- \/ Yoast SEO plugin. -->","yoast_head_json":{"title":"Rolf Benz - futuretourism","robots":{"index":"index","follow":"follow","max-snippet":"max-snippet:-1","max-image-preview":"max-image-preview:large","max-video-preview":"max-video-preview:-1"},"canonical":"https:\/\/blog.hwr-berlin.de\/futuretourism\/rolf-benz\/","og_locale":"de_DE","og_type":"article","og_title":"Rolf Benz - futuretourism","og_description":"\u00a9 ROLF BENZ MADE FOR YOU. \u00a9 ROLF BENZ Wir machen mehr als M\u00f6bel. Wir kreieren L\u00f6sungen, passend f\u00fcr Ihr individuelles hospitality-Projekt. Daf\u00fcr gestalten wir den gesamten Prozess als Dialog: von der ersten Idee \u00fcber die Planung bis zur Produktion. Zusammen mit Ihnen, im Team mit internationalen Designern und einem modernen Supplier-Netzwerk, schaffen wir das &hellip; \u201eRolf Benz\u201c weiterlesen","og_url":"https:\/\/blog.hwr-berlin.de\/futuretourism\/rolf-benz\/","og_site_name":"futuretourism","article_modified_time":"2026-02-03T07:35:32+00:00","og_image":[{"width":308,"height":276,"url":"https:\/\/blog.hwr-berlin.de\/futuretourism\/wp-content\/uploads_future\/2026\/01\/rolfbenz-contract-logo.png","type":"image\/png"}],"twitter_card":"summary_large_image","twitter_misc":{"Gesch\u00e4tzte Lesezeit":"3\u00a0Minuten"},"schema":{"@context":"https:\/\/schema.org","@graph":[{"@type":"WebPage","@id":"https:\/\/blog.hwr-berlin.de\/futuretourism\/rolf-benz\/","url":"https:\/\/blog.hwr-berlin.de\/futuretourism\/rolf-benz\/","name":"Rolf Benz - futuretourism","isPartOf":{"@id":"https:\/\/blog.hwr-berlin.de\/futuretourism\/#website"},"primaryImageOfPage":{"@id":"https:\/\/blog.hwr-berlin.de\/futuretourism\/rolf-benz\/#primaryimage"},"image":{"@id":"https:\/\/blog.hwr-berlin.de\/futuretourism\/rolf-benz\/#primaryimage"},"thumbnailUrl":"https:\/\/blog.hwr-berlin.de\/futuretourism\/wp-content\/uploads_future\/2026\/01\/rolfbenz-contract-logo.png","datePublished":"2026-01-23T11:27:59+00:00","dateModified":"2026-02-03T07:35:32+00:00","breadcrumb":{"@id":"https:\/\/blog.hwr-berlin.de\/futuretourism\/rolf-benz\/#breadcrumb"},"inLanguage":"de","potentialAction":[{"@type":"ReadAction","target":["https:\/\/blog.hwr-berlin.de\/futuretourism\/rolf-benz\/"]}]},{"@type":"ImageObject","inLanguage":"de","@id":"https:\/\/blog.hwr-berlin.de\/futuretourism\/rolf-benz\/#primaryimage","url":"https:\/\/blog.hwr-berlin.de\/futuretourism\/wp-content\/uploads_future\/2026\/01\/rolfbenz-contract-logo.png","contentUrl":"https:\/\/blog.hwr-berlin.de\/futuretourism\/wp-content\/uploads_future\/2026\/01\/rolfbenz-contract-logo.png","width":308,"height":276,"caption":"\u00a9 ROLF BENZ"},{"@type":"BreadcrumbList","@id":"https:\/\/blog.hwr-berlin.de\/futuretourism\/rolf-benz\/#breadcrumb","itemListElement":[{"@type":"ListItem","position":1,"name":"Startseite","item":"https:\/\/blog.hwr-berlin.de\/futuretourism\/"},{"@type":"ListItem","position":2,"name":"Rolf Benz"}]},{"@type":"WebSite","@id":"https:\/\/blog.hwr-berlin.de\/futuretourism\/#website","url":"https:\/\/blog.hwr-berlin.de\/futuretourism\/","name":"futuretourism","description":"digital, nachhaltig, wandelbar","publisher":{"@id":"https:\/\/blog.hwr-berlin.de\/futuretourism\/#organization"},"potentialAction":[{"@type":"SearchAction","target":{"@type":"EntryPoint","urlTemplate":"https:\/\/blog.hwr-berlin.de\/futuretourism\/?s={search_term_string}"},"query-input":{"@type":"PropertyValueSpecification","valueRequired":true,"valueName":"search_term_string"}}],"inLanguage":"de"},{"@type":"Organization","@id":"https:\/\/blog.hwr-berlin.de\/futuretourism\/#organization","name":"futuretourism","url":"https:\/\/blog.hwr-berlin.de\/futuretourism\/","logo":{"@type":"ImageObject","inLanguage":"de","@id":"https:\/\/blog.hwr-berlin.de\/futuretourism\/#\/schema\/logo\/image\/","url":"https:\/\/blog.hwr-berlin.de\/futuretourism\/wp-content\/uploads_future\/2026\/01\/cropped-STACKED-scaled-1.jpg","contentUrl":"https:\/\/blog.hwr-berlin.de\/futuretourism\/wp-content\/uploads_future\/2026\/01\/cropped-STACKED-scaled-1.jpg","width":562,"height":250,"caption":"futuretourism"},"image":{"@id":"https:\/\/blog.hwr-berlin.de\/futuretourism\/#\/schema\/logo\/image\/"}}]}},"_links":{"self":[{"href":"https:\/\/blog.hwr-berlin.de\/futuretourism\/wp-json\/wp\/v2\/pages\/1391","targetHints":{"allow":["GET"]}}],"collection":[{"href":"https:\/\/blog.hwr-berlin.de\/futuretourism\/wp-json\/wp\/v2\/pages"}],"about":[{"href":"https:\/\/blog.hwr-berlin.de\/futuretourism\/wp-json\/wp\/v2\/types\/page"}],"author":[{"embeddable":true,"href":"https:\/\/blog.hwr-berlin.de\/futuretourism\/wp-json\/wp\/v2\/users\/9"}],"replies":[{"embeddable":true,"href":"https:\/\/blog.hwr-berlin.de\/futuretourism\/wp-json\/wp\/v2\/comments?post=1391"}],"version-history":[{"count":19,"href":"https:\/\/blog.hwr-berlin.de\/futuretourism\/wp-json\/wp\/v2\/pages\/1391\/revisions"}],"predecessor-version":[{"id":2173,"href":"https:\/\/blog.hwr-berlin.de\/futuretourism\/wp-json\/wp\/v2\/pages\/1391\/revisions\/2173"}],"wp:attachment":[{"href":"https:\/\/blog.hwr-berlin.de\/futuretourism\/wp-json\/wp\/v2\/media?parent=1391"}],"curies":[{"name":"wp","href":"https:\/\/api.w.org\/{rel}","templated":true}]}}