

{"id":1422,"date":"2026-01-23T15:59:04","date_gmt":"2026-01-23T14:59:04","guid":{"rendered":"https:\/\/blog.hwr-berlin.de\/futuretourism\/?page_id=1422"},"modified":"2026-02-04T16:50:24","modified_gmt":"2026-02-04T15:50:24","slug":"startseite","status":"publish","type":"page","link":"https:\/\/blog.hwr-berlin.de\/futuretourism\/","title":{"rendered":"Startseite"},"content":{"rendered":"\n<h1 class=\"wp-block-heading\">Future Tourism <mark style=\"background-color:rgba(0, 0, 0, 0);color:#d50a2b\" class=\"has-inline-color\">\u2013<\/mark> <em><mark style=\"background-color:rgba(0, 0, 0, 0);color:#d50a2b\" class=\"has-inline-color\">How We Reshape Tourism<\/mark><\/em><\/h1>\n\n\n\n<p class=\"has-text-align-left\"><br>Sie interessieren sich f\u00fcr den Tourismus der Zukunft und m\u00f6chten erfahren, welche Perspektiven die n\u00e4chste Generation in die Branche einbringt? Dann sind Sie bei FutureTourism, dem Blog der Tourismusstudierenden des Jahrgangs 2023 an der Hochschule f\u00fcr Wirtschaft und Recht Berlin, genau richtig.<\/p>\n\n\n\n<p><\/p>\n\n\n\n<p>Hier erhalten Sie einen alle Informationen \u00fcber die zentralen Inhalte und Aktivit\u00e4ten unseres Projektjahres. Im Fokus stehen Themen wie Digitalisierung, K\u00fcnstliche Intelligenz, innovative Ans\u00e4tze und nachhaltige Entwicklungen im Tourismus. Diese Schwerpunkte pr\u00e4gen auch unsere Projektstationen \u2013 von der Hochschulpr\u00e4senz auf der ITB Berlin 2026 und der Intergastra \u2013 FokusHOTEL 2026 in Stuttgart bis hin zu Interviews mit Branchenexpert*innen, die wir in Kooperation mit der AHGZ f\u00fchren und ver\u00f6ffentlichen.<\/p>\n\n\n\n<p>Geleitet wird das Projekt von Prof. Dr. Sandra Rochnowski (Fachleitung BWL\/ Tourismus) mit Unterst\u00fctzung von Jan Kronenberger (Lehrbeauftragter und Kommunikationsberater). Beide begleiten uns fachlich wie organisatorisch durch das Projektjahr und unterst\u00fctzen die inhaltliche Weiterentwicklung des Blogs.<\/p>\n\n\n\n<p>FutureTourism ist ein studentisches Projekt des Studiengangs Tourismusmanagement an der Hochschule f\u00fcr Wirtschaft und Recht Berlin. Wir besch\u00e4ftigen uns damit, wie die n\u00e4chste Generation die Zukunft des Reisens gestaltet und welche Rolle Innovation, Nachhaltigkeit und neue Technologien dabei spielen.<\/p>\n\n\n\n<h3 class=\"wp-block-heading\">Unsere Mission<\/h3>\n\n\n\n<p>Wir machen zentrale Entwicklungen der Tourismusbranche aus studentischer Perspektive sichtbar und bereiten Zukunftsthemen verst\u00e4ndlich und praxisnah auf.<\/p>\n\n\n\n<h3 class=\"wp-block-heading\">Unsere Vision<\/h3>\n\n\n\n<p>Wir stehen f\u00fcr einen Tourismus, der innovativ, verantwortungsvoll und menschlich ist \u2013 und aktiv von jungen Talenten mitgestaltet wird.<\/p>\n\n\n\n<p><\/p>\n\n\n\n<div class=\"wp-block-group is-vertical is-layout-flex wp-container-core-group-is-layout-8cf370e7 wp-block-group-is-layout-flex\">\n<h3 class=\"wp-block-heading\">Unsere Werte<\/h3>\n\n\n\n<p><strong>Innovation \u2013 Nachhaltigkeit \u2013 Praxisn\u00e4he \u2013 Bildung \u2013 Community<\/strong><br><\/p>\n\n\n\n<p><\/p>\n\n\n\n<p>Erfahren Sie in den folgenden Beitr\u00e4gen mehr \u00fcber uns, alle Termine und Highlights, \u00fcber unsere Unterst\u00fctzer und Partner, die wesentlich zur Realisierung dieses Projektes beigetragen haben und nicht zu vergessen, wie es ist an der Hochschule f\u00fcr Wirtschaft und Recht Berlin zu studieren.<\/p>\n<\/div>\n\n\n\n<p><\/p>\n","protected":false},"excerpt":{"rendered":"<p>Future Tourism \u2013 How We Reshape Tourism Sie interessieren sich f\u00fcr den Tourismus der Zukunft und m\u00f6chten erfahren, welche Perspektiven die n\u00e4chste Generation in die Branche einbringt? Dann sind Sie bei FutureTourism, dem Blog der Tourismusstudierenden des Jahrgangs 2023 an der Hochschule f\u00fcr Wirtschaft und Recht Berlin, genau richtig. Hier erhalten Sie einen alle Informationen &hellip; <\/p>\n<p class=\"link-more\"><a href=\"https:\/\/blog.hwr-berlin.de\/futuretourism\/\" class=\"more-link\"><span class=\"screen-reader-text\">\u201eStartseite\u201c <\/span>weiterlesen<\/a><\/p>\n","protected":false},"author":9,"featured_media":2362,"parent":0,"menu_order":0,"comment_status":"closed","ping_status":"closed","template":"","meta":{"footnotes":""},"class_list":["post-1422","page","type-page","status-publish","has-post-thumbnail","hentry"],"yoast_head":"<!-- This site is optimized with the Yoast SEO plugin v27.4 - https:\/\/yoast.com\/product\/yoast-seo-wordpress\/ -->\n<title>Startseite - futuretourism<\/title>\n<meta name=\"description\" content=\"Sie interessieren sich f\u00fcr den Tourismus der Zukunft und m\u00f6chten erfahren, welche Perspektiven die n\u00e4chste Generation in die Branche einbringt? Dann sind Sie bei FutureTourism, dem Blog der Tourismusstudierenden des Jahrgangs 2023 an der Hochschule f\u00fcr Wirtschaft und Recht Berlin, genau richtig.\" \/>\n<meta name=\"robots\" content=\"index, follow, max-snippet:-1, max-image-preview:large, max-video-preview:-1\" \/>\n<link rel=\"canonical\" href=\"https:\/\/blog.hwr-berlin.de\/futuretourism\/\" \/>\n<meta property=\"og:locale\" content=\"de_DE\" \/>\n<meta property=\"og:type\" content=\"article\" \/>\n<meta property=\"og:title\" content=\"Startseite - futuretourism\" \/>\n<meta property=\"og:description\" content=\"Sie interessieren sich f\u00fcr den Tourismus der Zukunft und m\u00f6chten erfahren, welche Perspektiven die n\u00e4chste Generation in die Branche einbringt? Dann sind Sie bei FutureTourism, dem Blog der Tourismusstudierenden des Jahrgangs 2023 an der Hochschule f\u00fcr Wirtschaft und Recht Berlin, genau richtig.\" \/>\n<meta property=\"og:url\" content=\"https:\/\/blog.hwr-berlin.de\/futuretourism\/\" \/>\n<meta property=\"og:site_name\" content=\"futuretourism\" \/>\n<meta property=\"article:modified_time\" content=\"2026-02-04T15:50:24+00:00\" \/>\n<meta property=\"og:image\" content=\"https:\/\/blog.hwr-berlin.de\/futuretourism\/wp-content\/uploads_future\/2026\/02\/Facetune_16-10-2025-08-50-59-scaled.jpeg\" \/>\n\t<meta property=\"og:image:width\" content=\"2560\" \/>\n\t<meta property=\"og:image:height\" content=\"1267\" \/>\n\t<meta property=\"og:image:type\" content=\"image\/jpeg\" \/>\n<meta name=\"twitter:card\" content=\"summary_large_image\" \/>\n<meta name=\"twitter:label1\" content=\"Gesch\u00e4tzte Lesezeit\" \/>\n\t<meta name=\"twitter:data1\" content=\"2\u00a0Minuten\" \/>\n<script type=\"application\/ld+json\" class=\"yoast-schema-graph\">{\"@context\":\"https:\\\/\\\/schema.org\",\"@graph\":[{\"@type\":\"WebPage\",\"@id\":\"https:\\\/\\\/blog.hwr-berlin.de\\\/futuretourism\\\/\",\"url\":\"https:\\\/\\\/blog.hwr-berlin.de\\\/futuretourism\\\/\",\"name\":\"Startseite - futuretourism\",\"isPartOf\":{\"@id\":\"https:\\\/\\\/blog.hwr-berlin.de\\\/futuretourism\\\/#website\"},\"primaryImageOfPage\":{\"@id\":\"https:\\\/\\\/blog.hwr-berlin.de\\\/futuretourism\\\/#primaryimage\"},\"image\":{\"@id\":\"https:\\\/\\\/blog.hwr-berlin.de\\\/futuretourism\\\/#primaryimage\"},\"thumbnailUrl\":\"https:\\\/\\\/blog.hwr-berlin.de\\\/futuretourism\\\/wp-content\\\/uploads_future\\\/2026\\\/02\\\/Facetune_16-10-2025-08-50-59-scaled.jpeg\",\"datePublished\":\"2026-01-23T14:59:04+00:00\",\"dateModified\":\"2026-02-04T15:50:24+00:00\",\"description\":\"Sie interessieren sich f\u00fcr den Tourismus der Zukunft und m\u00f6chten erfahren, welche Perspektiven die n\u00e4chste Generation in die Branche einbringt? Dann sind Sie bei FutureTourism, dem Blog der Tourismusstudierenden des Jahrgangs 2023 an der Hochschule f\u00fcr Wirtschaft und Recht Berlin, genau richtig.\",\"breadcrumb\":{\"@id\":\"https:\\\/\\\/blog.hwr-berlin.de\\\/futuretourism\\\/#breadcrumb\"},\"inLanguage\":\"de\",\"potentialAction\":[{\"@type\":\"ReadAction\",\"target\":[\"https:\\\/\\\/blog.hwr-berlin.de\\\/futuretourism\\\/\"]}]},{\"@type\":\"ImageObject\",\"inLanguage\":\"de\",\"@id\":\"https:\\\/\\\/blog.hwr-berlin.de\\\/futuretourism\\\/#primaryimage\",\"url\":\"https:\\\/\\\/blog.hwr-berlin.de\\\/futuretourism\\\/wp-content\\\/uploads_future\\\/2026\\\/02\\\/Facetune_16-10-2025-08-50-59-scaled.jpeg\",\"contentUrl\":\"https:\\\/\\\/blog.hwr-berlin.de\\\/futuretourism\\\/wp-content\\\/uploads_future\\\/2026\\\/02\\\/Facetune_16-10-2025-08-50-59-scaled.jpeg\",\"width\":2560,\"height\":1267},{\"@type\":\"BreadcrumbList\",\"@id\":\"https:\\\/\\\/blog.hwr-berlin.de\\\/futuretourism\\\/#breadcrumb\",\"itemListElement\":[{\"@type\":\"ListItem\",\"position\":1,\"name\":\"Startseite\",\"item\":\"https:\\\/\\\/blog.hwr-berlin.de\\\/futuretourism\\\/\"},{\"@type\":\"ListItem\",\"position\":2,\"name\":\"Startseite\"}]},{\"@type\":\"WebSite\",\"@id\":\"https:\\\/\\\/blog.hwr-berlin.de\\\/futuretourism\\\/#website\",\"url\":\"https:\\\/\\\/blog.hwr-berlin.de\\\/futuretourism\\\/\",\"name\":\"futuretourism\",\"description\":\"digital, nachhaltig, wandelbar\",\"publisher\":{\"@id\":\"https:\\\/\\\/blog.hwr-berlin.de\\\/futuretourism\\\/#organization\"},\"potentialAction\":[{\"@type\":\"SearchAction\",\"target\":{\"@type\":\"EntryPoint\",\"urlTemplate\":\"https:\\\/\\\/blog.hwr-berlin.de\\\/futuretourism\\\/?s={search_term_string}\"},\"query-input\":{\"@type\":\"PropertyValueSpecification\",\"valueRequired\":true,\"valueName\":\"search_term_string\"}}],\"inLanguage\":\"de\"},{\"@type\":\"Organization\",\"@id\":\"https:\\\/\\\/blog.hwr-berlin.de\\\/futuretourism\\\/#organization\",\"name\":\"futuretourism\",\"url\":\"https:\\\/\\\/blog.hwr-berlin.de\\\/futuretourism\\\/\",\"logo\":{\"@type\":\"ImageObject\",\"inLanguage\":\"de\",\"@id\":\"https:\\\/\\\/blog.hwr-berlin.de\\\/futuretourism\\\/#\\\/schema\\\/logo\\\/image\\\/\",\"url\":\"https:\\\/\\\/blog.hwr-berlin.de\\\/futuretourism\\\/wp-content\\\/uploads_future\\\/2026\\\/01\\\/cropped-STACKED-scaled-1.jpg\",\"contentUrl\":\"https:\\\/\\\/blog.hwr-berlin.de\\\/futuretourism\\\/wp-content\\\/uploads_future\\\/2026\\\/01\\\/cropped-STACKED-scaled-1.jpg\",\"width\":562,\"height\":250,\"caption\":\"futuretourism\"},\"image\":{\"@id\":\"https:\\\/\\\/blog.hwr-berlin.de\\\/futuretourism\\\/#\\\/schema\\\/logo\\\/image\\\/\"}}]}<\/script>\n<!-- \/ Yoast SEO plugin. -->","yoast_head_json":{"title":"Startseite - futuretourism","description":"Sie interessieren sich f\u00fcr den Tourismus der Zukunft und m\u00f6chten erfahren, welche Perspektiven die n\u00e4chste Generation in die Branche einbringt? Dann sind Sie bei FutureTourism, dem Blog der Tourismusstudierenden des Jahrgangs 2023 an der Hochschule f\u00fcr Wirtschaft und Recht Berlin, genau richtig.","robots":{"index":"index","follow":"follow","max-snippet":"max-snippet:-1","max-image-preview":"max-image-preview:large","max-video-preview":"max-video-preview:-1"},"canonical":"https:\/\/blog.hwr-berlin.de\/futuretourism\/","og_locale":"de_DE","og_type":"article","og_title":"Startseite - futuretourism","og_description":"Sie interessieren sich f\u00fcr den Tourismus der Zukunft und m\u00f6chten erfahren, welche Perspektiven die n\u00e4chste Generation in die Branche einbringt? Dann sind Sie bei FutureTourism, dem Blog der Tourismusstudierenden des Jahrgangs 2023 an der Hochschule f\u00fcr Wirtschaft und Recht Berlin, genau richtig.","og_url":"https:\/\/blog.hwr-berlin.de\/futuretourism\/","og_site_name":"futuretourism","article_modified_time":"2026-02-04T15:50:24+00:00","og_image":[{"width":2560,"height":1267,"url":"https:\/\/blog.hwr-berlin.de\/futuretourism\/wp-content\/uploads_future\/2026\/02\/Facetune_16-10-2025-08-50-59-scaled.jpeg","type":"image\/jpeg"}],"twitter_card":"summary_large_image","twitter_misc":{"Gesch\u00e4tzte Lesezeit":"2\u00a0Minuten"},"schema":{"@context":"https:\/\/schema.org","@graph":[{"@type":"WebPage","@id":"https:\/\/blog.hwr-berlin.de\/futuretourism\/","url":"https:\/\/blog.hwr-berlin.de\/futuretourism\/","name":"Startseite - futuretourism","isPartOf":{"@id":"https:\/\/blog.hwr-berlin.de\/futuretourism\/#website"},"primaryImageOfPage":{"@id":"https:\/\/blog.hwr-berlin.de\/futuretourism\/#primaryimage"},"image":{"@id":"https:\/\/blog.hwr-berlin.de\/futuretourism\/#primaryimage"},"thumbnailUrl":"https:\/\/blog.hwr-berlin.de\/futuretourism\/wp-content\/uploads_future\/2026\/02\/Facetune_16-10-2025-08-50-59-scaled.jpeg","datePublished":"2026-01-23T14:59:04+00:00","dateModified":"2026-02-04T15:50:24+00:00","description":"Sie interessieren sich f\u00fcr den Tourismus der Zukunft und m\u00f6chten erfahren, welche Perspektiven die n\u00e4chste Generation in die Branche einbringt? Dann sind Sie bei FutureTourism, dem Blog der Tourismusstudierenden des Jahrgangs 2023 an der Hochschule f\u00fcr Wirtschaft und Recht Berlin, genau richtig.","breadcrumb":{"@id":"https:\/\/blog.hwr-berlin.de\/futuretourism\/#breadcrumb"},"inLanguage":"de","potentialAction":[{"@type":"ReadAction","target":["https:\/\/blog.hwr-berlin.de\/futuretourism\/"]}]},{"@type":"ImageObject","inLanguage":"de","@id":"https:\/\/blog.hwr-berlin.de\/futuretourism\/#primaryimage","url":"https:\/\/blog.hwr-berlin.de\/futuretourism\/wp-content\/uploads_future\/2026\/02\/Facetune_16-10-2025-08-50-59-scaled.jpeg","contentUrl":"https:\/\/blog.hwr-berlin.de\/futuretourism\/wp-content\/uploads_future\/2026\/02\/Facetune_16-10-2025-08-50-59-scaled.jpeg","width":2560,"height":1267},{"@type":"BreadcrumbList","@id":"https:\/\/blog.hwr-berlin.de\/futuretourism\/#breadcrumb","itemListElement":[{"@type":"ListItem","position":1,"name":"Startseite","item":"https:\/\/blog.hwr-berlin.de\/futuretourism\/"},{"@type":"ListItem","position":2,"name":"Startseite"}]},{"@type":"WebSite","@id":"https:\/\/blog.hwr-berlin.de\/futuretourism\/#website","url":"https:\/\/blog.hwr-berlin.de\/futuretourism\/","name":"futuretourism","description":"digital, nachhaltig, wandelbar","publisher":{"@id":"https:\/\/blog.hwr-berlin.de\/futuretourism\/#organization"},"potentialAction":[{"@type":"SearchAction","target":{"@type":"EntryPoint","urlTemplate":"https:\/\/blog.hwr-berlin.de\/futuretourism\/?s={search_term_string}"},"query-input":{"@type":"PropertyValueSpecification","valueRequired":true,"valueName":"search_term_string"}}],"inLanguage":"de"},{"@type":"Organization","@id":"https:\/\/blog.hwr-berlin.de\/futuretourism\/#organization","name":"futuretourism","url":"https:\/\/blog.hwr-berlin.de\/futuretourism\/","logo":{"@type":"ImageObject","inLanguage":"de","@id":"https:\/\/blog.hwr-berlin.de\/futuretourism\/#\/schema\/logo\/image\/","url":"https:\/\/blog.hwr-berlin.de\/futuretourism\/wp-content\/uploads_future\/2026\/01\/cropped-STACKED-scaled-1.jpg","contentUrl":"https:\/\/blog.hwr-berlin.de\/futuretourism\/wp-content\/uploads_future\/2026\/01\/cropped-STACKED-scaled-1.jpg","width":562,"height":250,"caption":"futuretourism"},"image":{"@id":"https:\/\/blog.hwr-berlin.de\/futuretourism\/#\/schema\/logo\/image\/"}}]}},"_links":{"self":[{"href":"https:\/\/blog.hwr-berlin.de\/futuretourism\/wp-json\/wp\/v2\/pages\/1422","targetHints":{"allow":["GET"]}}],"collection":[{"href":"https:\/\/blog.hwr-berlin.de\/futuretourism\/wp-json\/wp\/v2\/pages"}],"about":[{"href":"https:\/\/blog.hwr-berlin.de\/futuretourism\/wp-json\/wp\/v2\/types\/page"}],"author":[{"embeddable":true,"href":"https:\/\/blog.hwr-berlin.de\/futuretourism\/wp-json\/wp\/v2\/users\/9"}],"replies":[{"embeddable":true,"href":"https:\/\/blog.hwr-berlin.de\/futuretourism\/wp-json\/wp\/v2\/comments?post=1422"}],"version-history":[{"count":13,"href":"https:\/\/blog.hwr-berlin.de\/futuretourism\/wp-json\/wp\/v2\/pages\/1422\/revisions"}],"predecessor-version":[{"id":1877,"href":"https:\/\/blog.hwr-berlin.de\/futuretourism\/wp-json\/wp\/v2\/pages\/1422\/revisions\/1877"}],"wp:featuredmedia":[{"embeddable":true,"href":"https:\/\/blog.hwr-berlin.de\/futuretourism\/wp-json\/wp\/v2\/media\/2362"}],"wp:attachment":[{"href":"https:\/\/blog.hwr-berlin.de\/futuretourism\/wp-json\/wp\/v2\/media?parent=1422"}],"curies":[{"name":"wp","href":"https:\/\/api.w.org\/{rel}","templated":true}]}}