

{"id":1443,"date":"2026-01-23T16:31:06","date_gmt":"2026-01-23T15:31:06","guid":{"rendered":"https:\/\/blog.hwr-berlin.de\/futuretourism\/?page_id=1443"},"modified":"2026-01-23T17:01:22","modified_gmt":"2026-01-23T16:01:22","slug":"termine-und-highlights-save-the-dates","status":"publish","type":"page","link":"https:\/\/blog.hwr-berlin.de\/futuretourism\/termine-und-highlights-save-the-dates\/","title":{"rendered":"Termine und Highlights \u2013 Save the dates!"},"content":{"rendered":"\n<p id=\"block-b492be6b-749c-4226-bbde-666f85294844\">Bleiben Sie \u00fcber aktuelle Termine und Highlights im Zusammenhang und rund um das Projekt <mark>\u201eFuturetourism \u2013 How We Reshape Tourism<\/mark>\u201c des Studienjahrgangs 2023 der Tourismusstudierenden der Hochschule f\u00fcr Wirtschaft und Recht Berlin unter der Leitung von Prof. Dr. Sandra Rochnowksi und Jan Kronenberger informiert.<\/p>\n\n\n\n<h2 class=\"wp-block-heading\" id=\"block-c5f49718-0260-4c1e-9814-12f64c627ee8\"><em><a href=\"https:\/\/www.arbeitgeberattraktivitaets-rating-gastwelt.de\/\">Bekanntgabe der Studie \u201cAusgezeichneter Arbeitgeber in der Gastwelt\u201d<\/a><\/em><\/h2>\n\n\n\n<h3 class=\"wp-block-heading\" id=\"block-88b87447-7812-4a2a-8003-fe232e25bdaa\">Datum: 22. Januar 2026<\/h3>\n\n\n\n<h5 class=\"wp-block-heading\" id=\"block-7dee39de-1d5f-4924-aa3c-7cb48cc0e1e0\">ORT: DEUTSCHER HOTELKONGRESS MAINZ<\/h5>\n\n\n\n<p id=\"block-bbc0247b-2068-4ac8-8e65-1a82455d3326\">Prof. Dr. Sandra Rochnowski f\u00fchrt in Kooperation mit der AHGZ die Branchenstudie zur Ermittlung der \u201cAusgezeichneten Arbeitgeber in der Gastwelt\u201d durch, macht Best Practices in der Gastwelt sichtbar und schafft sowie st\u00e4rkt die Community der einzigartigen Branche. Auf dem Deutschen Hotelkongress in Mainz werden am 22. Januar die Ergebnisse bekanntgegeben und die Ausgezeichneten Arbeitgeber gek\u00fcrt.<\/p>\n\n\n\n<hr class=\"wp-block-separator has-alpha-channel-opacity\" id=\"block-976ecc3a-2097-4e3c-9216-a7b22210d790\"\/>\n\n\n\n<h2 class=\"wp-block-heading\" id=\"block-21bf446e-6c4e-4562-a2ba-3ca76fde6eab\"><em><a href=\"https:\/\/blog.hwr-berlin.de\/futuretourism\/intergastra\/\">INTERGASTRA \u2013 FokusHOTEL 2026<\/a><\/em><\/h2>\n\n\n\n<h3 class=\"wp-block-heading\" id=\"block-1fa701dd-73a5-49c3-bd83-cbac8b423d52\">Datum: 7. \u2013 11. Februar 2026<\/h3>\n\n\n\n<h5 class=\"wp-block-heading\" id=\"block-2e5e6cdd-43d2-4dc1-88b2-0fa8036326f3\">ORT: STUTTGART<\/h5>\n\n\n\n<p id=\"block-2dd47bf7-c76e-40f8-8e46-36520156e68b\">Die Hochschule f\u00fcr Wirtschaft und Recht Berlin pr\u00e4sentiert sich auf einer der f\u00fchrenden Fachmessen f\u00fcr Hotellerie und Gastronomie in Deutschland. Besucherinnen erhalten Einblicke in Projekte und Entwicklungen der Hochschule und k\u00f6nnen sich mit Vertreterinnen aus Hotellerie, Gastronomie und Bildungseinrichtungen vernetzen.<\/p>\n\n\n\n<hr class=\"wp-block-separator has-alpha-channel-opacity\" id=\"block-a3f79d48-658f-46df-b5a4-435f672c53dd\"\/>\n\n\n\n<h2 class=\"wp-block-heading\" id=\"block-51ce16d1-4407-412a-8d8b-bbc6c32c0e7e\"><em><a href=\"https:\/\/blog.hwr-berlin.de\/futuretourism\/itb-2\/\">ITB Berlin 2026<\/a><\/em><\/h2>\n\n\n\n<h3 class=\"wp-block-heading\" id=\"block-a865d280-5f48-45c2-b6a6-97d661f1dc52\">Datum: 03. &#8211; 05. M\u00e4rz 2026<\/h3>\n\n\n\n<h5 class=\"wp-block-heading\" id=\"block-18376f6a-9050-496a-9e8f-a7ead1025fb1\">ORT: MESSE BERLIN, EXPOCENTER CITY<\/h5>\n\n\n\n<p id=\"block-b38cffab-ce99-4f51-b1be-226bd7adc30e\">Die HWR ist auf der weltweit f\u00fchrenden Fachmesse f\u00fcr Tourismus vertreten. Schwerpunkte sind Business, Networking und aktuelle Branchentrends. Im Rahmen des ITB Transition Labs werden praxisorientierte Einblicke und aktuelle Projekte der Hochschule pr\u00e4sentiert. Die Messe feiert 2026 ihr 60-j\u00e4hriges Jubil\u00e4um. Findet uns in der Halle 4.1 am Gemeinschaftsstand der DGT Youth Talent Hub<br><\/p>\n\n\n\n<hr class=\"wp-block-separator has-alpha-channel-opacity\" id=\"block-841a27a0-4c07-4257-89c2-4b52f28267f8\"\/>\n","protected":false},"excerpt":{"rendered":"<p>Bleiben Sie \u00fcber aktuelle Termine und Highlights im Zusammenhang und rund um das Projekt \u201eFuturetourism \u2013 How We Reshape Tourism\u201c des Studienjahrgangs 2023 der Tourismusstudierenden der Hochschule f\u00fcr Wirtschaft und Recht Berlin unter der Leitung von Prof. Dr. Sandra Rochnowksi und Jan Kronenberger informiert. Bekanntgabe der Studie \u201cAusgezeichneter Arbeitgeber in der Gastwelt\u201d Datum: 22. Januar &hellip; <\/p>\n<p class=\"link-more\"><a href=\"https:\/\/blog.hwr-berlin.de\/futuretourism\/termine-und-highlights-save-the-dates\/\" class=\"more-link\"><span class=\"screen-reader-text\">\u201eTermine und Highlights \u2013 Save the dates!\u201c <\/span>weiterlesen<\/a><\/p>\n","protected":false},"author":9,"featured_media":1132,"parent":0,"menu_order":0,"comment_status":"closed","ping_status":"closed","template":"","meta":{"footnotes":""},"class_list":["post-1443","page","type-page","status-publish","has-post-thumbnail","hentry"],"yoast_head":"<!-- This site is optimized with the Yoast SEO plugin v27.4 - https:\/\/yoast.com\/product\/yoast-seo-wordpress\/ -->\n<title>Termine und Highlights \u2013 Save the dates! - futuretourism<\/title>\n<meta name=\"robots\" content=\"index, follow, max-snippet:-1, max-image-preview:large, max-video-preview:-1\" \/>\n<link rel=\"canonical\" href=\"https:\/\/blog.hwr-berlin.de\/futuretourism\/termine-und-highlights-save-the-dates\/\" \/>\n<meta property=\"og:locale\" content=\"de_DE\" \/>\n<meta property=\"og:type\" content=\"article\" \/>\n<meta property=\"og:title\" content=\"Termine und Highlights \u2013 Save the dates! - futuretourism\" \/>\n<meta property=\"og:description\" content=\"Bleiben Sie \u00fcber aktuelle Termine und Highlights im Zusammenhang und rund um das Projekt \u201eFuturetourism \u2013 How We Reshape Tourism\u201c des Studienjahrgangs 2023 der Tourismusstudierenden der Hochschule f\u00fcr Wirtschaft und Recht Berlin unter der Leitung von Prof. Dr. Sandra Rochnowksi und Jan Kronenberger informiert. Bekanntgabe der Studie \u201cAusgezeichneter Arbeitgeber in der Gastwelt\u201d Datum: 22. Januar &hellip; \u201eTermine und Highlights \u2013 Save the dates!\u201c weiterlesen\" \/>\n<meta property=\"og:url\" content=\"https:\/\/blog.hwr-berlin.de\/futuretourism\/termine-und-highlights-save-the-dates\/\" \/>\n<meta property=\"og:site_name\" content=\"futuretourism\" \/>\n<meta property=\"article:modified_time\" content=\"2026-01-23T16:01:22+00:00\" \/>\n<meta property=\"og:image\" content=\"https:\/\/blog.hwr-berlin.de\/futuretourism\/wp-content\/uploads_future\/2025\/12\/Foto-11.08.25-16-43-42-scaled.jpg\" \/>\n\t<meta property=\"og:image:width\" content=\"2560\" \/>\n\t<meta property=\"og:image:height\" content=\"1920\" \/>\n\t<meta property=\"og:image:type\" content=\"image\/jpeg\" \/>\n<meta name=\"twitter:card\" content=\"summary_large_image\" \/>\n<meta name=\"twitter:label1\" content=\"Gesch\u00e4tzte Lesezeit\" \/>\n\t<meta name=\"twitter:data1\" content=\"2\u00a0Minuten\" \/>\n<script type=\"application\/ld+json\" class=\"yoast-schema-graph\">{\"@context\":\"https:\\\/\\\/schema.org\",\"@graph\":[{\"@type\":\"WebPage\",\"@id\":\"https:\\\/\\\/blog.hwr-berlin.de\\\/futuretourism\\\/termine-und-highlights-save-the-dates\\\/\",\"url\":\"https:\\\/\\\/blog.hwr-berlin.de\\\/futuretourism\\\/termine-und-highlights-save-the-dates\\\/\",\"name\":\"Termine und Highlights \u2013 Save the dates! - futuretourism\",\"isPartOf\":{\"@id\":\"https:\\\/\\\/blog.hwr-berlin.de\\\/futuretourism\\\/#website\"},\"primaryImageOfPage\":{\"@id\":\"https:\\\/\\\/blog.hwr-berlin.de\\\/futuretourism\\\/termine-und-highlights-save-the-dates\\\/#primaryimage\"},\"image\":{\"@id\":\"https:\\\/\\\/blog.hwr-berlin.de\\\/futuretourism\\\/termine-und-highlights-save-the-dates\\\/#primaryimage\"},\"thumbnailUrl\":\"https:\\\/\\\/blog.hwr-berlin.de\\\/futuretourism\\\/wp-content\\\/uploads_future\\\/2025\\\/12\\\/Foto-11.08.25-16-43-42-scaled.jpg\",\"datePublished\":\"2026-01-23T15:31:06+00:00\",\"dateModified\":\"2026-01-23T16:01:22+00:00\",\"breadcrumb\":{\"@id\":\"https:\\\/\\\/blog.hwr-berlin.de\\\/futuretourism\\\/termine-und-highlights-save-the-dates\\\/#breadcrumb\"},\"inLanguage\":\"de\",\"potentialAction\":[{\"@type\":\"ReadAction\",\"target\":[\"https:\\\/\\\/blog.hwr-berlin.de\\\/futuretourism\\\/termine-und-highlights-save-the-dates\\\/\"]}]},{\"@type\":\"ImageObject\",\"inLanguage\":\"de\",\"@id\":\"https:\\\/\\\/blog.hwr-berlin.de\\\/futuretourism\\\/termine-und-highlights-save-the-dates\\\/#primaryimage\",\"url\":\"https:\\\/\\\/blog.hwr-berlin.de\\\/futuretourism\\\/wp-content\\\/uploads_future\\\/2025\\\/12\\\/Foto-11.08.25-16-43-42-scaled.jpg\",\"contentUrl\":\"https:\\\/\\\/blog.hwr-berlin.de\\\/futuretourism\\\/wp-content\\\/uploads_future\\\/2025\\\/12\\\/Foto-11.08.25-16-43-42-scaled.jpg\",\"width\":2560,\"height\":1920},{\"@type\":\"BreadcrumbList\",\"@id\":\"https:\\\/\\\/blog.hwr-berlin.de\\\/futuretourism\\\/termine-und-highlights-save-the-dates\\\/#breadcrumb\",\"itemListElement\":[{\"@type\":\"ListItem\",\"position\":1,\"name\":\"Startseite\",\"item\":\"https:\\\/\\\/blog.hwr-berlin.de\\\/futuretourism\\\/\"},{\"@type\":\"ListItem\",\"position\":2,\"name\":\"Termine und Highlights \u2013 Save the dates!\"}]},{\"@type\":\"WebSite\",\"@id\":\"https:\\\/\\\/blog.hwr-berlin.de\\\/futuretourism\\\/#website\",\"url\":\"https:\\\/\\\/blog.hwr-berlin.de\\\/futuretourism\\\/\",\"name\":\"futuretourism\",\"description\":\"digital, nachhaltig, wandelbar\",\"publisher\":{\"@id\":\"https:\\\/\\\/blog.hwr-berlin.de\\\/futuretourism\\\/#organization\"},\"potentialAction\":[{\"@type\":\"SearchAction\",\"target\":{\"@type\":\"EntryPoint\",\"urlTemplate\":\"https:\\\/\\\/blog.hwr-berlin.de\\\/futuretourism\\\/?s={search_term_string}\"},\"query-input\":{\"@type\":\"PropertyValueSpecification\",\"valueRequired\":true,\"valueName\":\"search_term_string\"}}],\"inLanguage\":\"de\"},{\"@type\":\"Organization\",\"@id\":\"https:\\\/\\\/blog.hwr-berlin.de\\\/futuretourism\\\/#organization\",\"name\":\"futuretourism\",\"url\":\"https:\\\/\\\/blog.hwr-berlin.de\\\/futuretourism\\\/\",\"logo\":{\"@type\":\"ImageObject\",\"inLanguage\":\"de\",\"@id\":\"https:\\\/\\\/blog.hwr-berlin.de\\\/futuretourism\\\/#\\\/schema\\\/logo\\\/image\\\/\",\"url\":\"https:\\\/\\\/blog.hwr-berlin.de\\\/futuretourism\\\/wp-content\\\/uploads_future\\\/2026\\\/01\\\/cropped-STACKED-scaled-1.jpg\",\"contentUrl\":\"https:\\\/\\\/blog.hwr-berlin.de\\\/futuretourism\\\/wp-content\\\/uploads_future\\\/2026\\\/01\\\/cropped-STACKED-scaled-1.jpg\",\"width\":562,\"height\":250,\"caption\":\"futuretourism\"},\"image\":{\"@id\":\"https:\\\/\\\/blog.hwr-berlin.de\\\/futuretourism\\\/#\\\/schema\\\/logo\\\/image\\\/\"}}]}<\/script>\n<!-- \/ Yoast SEO plugin. -->","yoast_head_json":{"title":"Termine und Highlights \u2013 Save the dates! - futuretourism","robots":{"index":"index","follow":"follow","max-snippet":"max-snippet:-1","max-image-preview":"max-image-preview:large","max-video-preview":"max-video-preview:-1"},"canonical":"https:\/\/blog.hwr-berlin.de\/futuretourism\/termine-und-highlights-save-the-dates\/","og_locale":"de_DE","og_type":"article","og_title":"Termine und Highlights \u2013 Save the dates! - futuretourism","og_description":"Bleiben Sie \u00fcber aktuelle Termine und Highlights im Zusammenhang und rund um das Projekt \u201eFuturetourism \u2013 How We Reshape Tourism\u201c des Studienjahrgangs 2023 der Tourismusstudierenden der Hochschule f\u00fcr Wirtschaft und Recht Berlin unter der Leitung von Prof. Dr. Sandra Rochnowksi und Jan Kronenberger informiert. Bekanntgabe der Studie \u201cAusgezeichneter Arbeitgeber in der Gastwelt\u201d Datum: 22. Januar &hellip; \u201eTermine und Highlights \u2013 Save the dates!\u201c weiterlesen","og_url":"https:\/\/blog.hwr-berlin.de\/futuretourism\/termine-und-highlights-save-the-dates\/","og_site_name":"futuretourism","article_modified_time":"2026-01-23T16:01:22+00:00","og_image":[{"width":2560,"height":1920,"url":"https:\/\/blog.hwr-berlin.de\/futuretourism\/wp-content\/uploads_future\/2025\/12\/Foto-11.08.25-16-43-42-scaled.jpg","type":"image\/jpeg"}],"twitter_card":"summary_large_image","twitter_misc":{"Gesch\u00e4tzte Lesezeit":"2\u00a0Minuten"},"schema":{"@context":"https:\/\/schema.org","@graph":[{"@type":"WebPage","@id":"https:\/\/blog.hwr-berlin.de\/futuretourism\/termine-und-highlights-save-the-dates\/","url":"https:\/\/blog.hwr-berlin.de\/futuretourism\/termine-und-highlights-save-the-dates\/","name":"Termine und Highlights \u2013 Save the dates! - futuretourism","isPartOf":{"@id":"https:\/\/blog.hwr-berlin.de\/futuretourism\/#website"},"primaryImageOfPage":{"@id":"https:\/\/blog.hwr-berlin.de\/futuretourism\/termine-und-highlights-save-the-dates\/#primaryimage"},"image":{"@id":"https:\/\/blog.hwr-berlin.de\/futuretourism\/termine-und-highlights-save-the-dates\/#primaryimage"},"thumbnailUrl":"https:\/\/blog.hwr-berlin.de\/futuretourism\/wp-content\/uploads_future\/2025\/12\/Foto-11.08.25-16-43-42-scaled.jpg","datePublished":"2026-01-23T15:31:06+00:00","dateModified":"2026-01-23T16:01:22+00:00","breadcrumb":{"@id":"https:\/\/blog.hwr-berlin.de\/futuretourism\/termine-und-highlights-save-the-dates\/#breadcrumb"},"inLanguage":"de","potentialAction":[{"@type":"ReadAction","target":["https:\/\/blog.hwr-berlin.de\/futuretourism\/termine-und-highlights-save-the-dates\/"]}]},{"@type":"ImageObject","inLanguage":"de","@id":"https:\/\/blog.hwr-berlin.de\/futuretourism\/termine-und-highlights-save-the-dates\/#primaryimage","url":"https:\/\/blog.hwr-berlin.de\/futuretourism\/wp-content\/uploads_future\/2025\/12\/Foto-11.08.25-16-43-42-scaled.jpg","contentUrl":"https:\/\/blog.hwr-berlin.de\/futuretourism\/wp-content\/uploads_future\/2025\/12\/Foto-11.08.25-16-43-42-scaled.jpg","width":2560,"height":1920},{"@type":"BreadcrumbList","@id":"https:\/\/blog.hwr-berlin.de\/futuretourism\/termine-und-highlights-save-the-dates\/#breadcrumb","itemListElement":[{"@type":"ListItem","position":1,"name":"Startseite","item":"https:\/\/blog.hwr-berlin.de\/futuretourism\/"},{"@type":"ListItem","position":2,"name":"Termine und Highlights \u2013 Save the dates!"}]},{"@type":"WebSite","@id":"https:\/\/blog.hwr-berlin.de\/futuretourism\/#website","url":"https:\/\/blog.hwr-berlin.de\/futuretourism\/","name":"futuretourism","description":"digital, nachhaltig, wandelbar","publisher":{"@id":"https:\/\/blog.hwr-berlin.de\/futuretourism\/#organization"},"potentialAction":[{"@type":"SearchAction","target":{"@type":"EntryPoint","urlTemplate":"https:\/\/blog.hwr-berlin.de\/futuretourism\/?s={search_term_string}"},"query-input":{"@type":"PropertyValueSpecification","valueRequired":true,"valueName":"search_term_string"}}],"inLanguage":"de"},{"@type":"Organization","@id":"https:\/\/blog.hwr-berlin.de\/futuretourism\/#organization","name":"futuretourism","url":"https:\/\/blog.hwr-berlin.de\/futuretourism\/","logo":{"@type":"ImageObject","inLanguage":"de","@id":"https:\/\/blog.hwr-berlin.de\/futuretourism\/#\/schema\/logo\/image\/","url":"https:\/\/blog.hwr-berlin.de\/futuretourism\/wp-content\/uploads_future\/2026\/01\/cropped-STACKED-scaled-1.jpg","contentUrl":"https:\/\/blog.hwr-berlin.de\/futuretourism\/wp-content\/uploads_future\/2026\/01\/cropped-STACKED-scaled-1.jpg","width":562,"height":250,"caption":"futuretourism"},"image":{"@id":"https:\/\/blog.hwr-berlin.de\/futuretourism\/#\/schema\/logo\/image\/"}}]}},"_links":{"self":[{"href":"https:\/\/blog.hwr-berlin.de\/futuretourism\/wp-json\/wp\/v2\/pages\/1443","targetHints":{"allow":["GET"]}}],"collection":[{"href":"https:\/\/blog.hwr-berlin.de\/futuretourism\/wp-json\/wp\/v2\/pages"}],"about":[{"href":"https:\/\/blog.hwr-berlin.de\/futuretourism\/wp-json\/wp\/v2\/types\/page"}],"author":[{"embeddable":true,"href":"https:\/\/blog.hwr-berlin.de\/futuretourism\/wp-json\/wp\/v2\/users\/9"}],"replies":[{"embeddable":true,"href":"https:\/\/blog.hwr-berlin.de\/futuretourism\/wp-json\/wp\/v2\/comments?post=1443"}],"version-history":[{"count":1,"href":"https:\/\/blog.hwr-berlin.de\/futuretourism\/wp-json\/wp\/v2\/pages\/1443\/revisions"}],"predecessor-version":[{"id":1446,"href":"https:\/\/blog.hwr-berlin.de\/futuretourism\/wp-json\/wp\/v2\/pages\/1443\/revisions\/1446"}],"wp:featuredmedia":[{"embeddable":true,"href":"https:\/\/blog.hwr-berlin.de\/futuretourism\/wp-json\/wp\/v2\/media\/1132"}],"wp:attachment":[{"href":"https:\/\/blog.hwr-berlin.de\/futuretourism\/wp-json\/wp\/v2\/media?parent=1443"}],"curies":[{"name":"wp","href":"https:\/\/api.w.org\/{rel}","templated":true}]}}