

{"id":1650,"date":"2026-01-27T13:48:30","date_gmt":"2026-01-27T12:48:30","guid":{"rendered":"https:\/\/blog.hwr-berlin.de\/futuretourism\/?page_id=1650"},"modified":"2026-02-02T10:27:18","modified_gmt":"2026-02-02T09:27:18","slug":"fokushotel","status":"publish","type":"page","link":"https:\/\/blog.hwr-berlin.de\/futuretourism\/fokushotel\/","title":{"rendered":"FokusHOTEL"},"content":{"rendered":"\t\t<div data-elementor-type=\"wp-page\" data-elementor-id=\"1650\" class=\"elementor elementor-1650\">\n\t\t\t\t<div class=\"elementor-element elementor-element-11bb10b e-flex e-con-boxed e-con e-parent\" data-id=\"11bb10b\" data-element_type=\"container\" data-e-type=\"container\">\n\t\t\t\t\t<div class=\"e-con-inner\">\n\t\t\t\t<div class=\"elementor-element elementor-element-724b31d elementor-widget elementor-widget-heading\" data-id=\"724b31d\" data-element_type=\"widget\" data-e-type=\"widget\" data-widget_type=\"heading.default\">\n\t\t\t\t\t<h2 class=\"elementor-heading-title elementor-size-default\">FokusHOTEL<\/h2>\t\t\t\t<\/div>\n\t\t\t\t\t<\/div>\n\t\t\t\t<\/div>\n\t\t<div class=\"elementor-element elementor-element-c2e2590 e-flex e-con-boxed e-con e-parent\" data-id=\"c2e2590\" data-element_type=\"container\" data-e-type=\"container\">\n\t\t\t\t\t<div class=\"e-con-inner\">\n\t\t\t\t<div class=\"elementor-element elementor-element-7a12715 elementor-widget elementor-widget-text-editor\" data-id=\"7a12715\" data-element_type=\"widget\" data-e-type=\"widget\" data-widget_type=\"text-editor.default\">\n\t\t\t\t\t\t\t\t\t<p>Im Bereich FokusHOTEL dreht sich alles um aktuelle Entwicklungen, neue Konzepte und Trends in der Hotellerie. Themen wie Digitalisierung, Nachhaltigkeit, Green Hospitality, Wellness- und Wohlf\u00fchlkonzepte, Design sowie innovative Nutzungsideen stehen hier im Mittelpunkt. Hotels und Aussteller pr\u00e4sentieren praxisnahe L\u00f6sungen f\u00fcr Einrichtung, Ausstattung, Service und G\u00e4steerlebnis. Genau hier bringen wir uns ein: organisatorisch vor Ort und inhaltlich auf der B\u00fchne, indem wir eigene Vortr\u00e4ge zu Zukunftsthemen der Hotellerie gestalten und spannende Einblicke mit den Besucher:innen teilen.<\/p>\t\t\t\t\t\t\t\t<\/div>\n\t\t\t\t\t<\/div>\n\t\t\t\t<\/div>\n\t\t<div class=\"elementor-element elementor-element-fc7b388 e-flex e-con-boxed e-con e-parent\" data-id=\"fc7b388\" data-element_type=\"container\" data-e-type=\"container\">\n\t\t\t\t\t<div class=\"e-con-inner\">\n\t\t\t\t<div class=\"elementor-element elementor-element-ad4be61 elementor-widget elementor-widget-text-editor\" data-id=\"ad4be61\" data-element_type=\"widget\" data-e-type=\"widget\" data-widget_type=\"text-editor.default\">\n\t\t\t\t\t\t\t\t\t<p>Sie sind interessiert an unserem Projekt und daran, was wir f\u00fcr ein Programm geplant und organisiert haben, dann schaue gerne bei unserer \u00dcbersicht &#8222;Das B\u00fchnenprogramm&#8220; vorbei.<\/p>\t\t\t\t\t\t\t\t<\/div>\n\t\t\t\t\t<\/div>\n\t\t\t\t<\/div>\n\t\t<div class=\"elementor-element elementor-element-68437a6 e-flex e-con-boxed e-con e-parent\" data-id=\"68437a6\" data-element_type=\"container\" data-e-type=\"container\">\n\t\t\t\t\t<div class=\"e-con-inner\">\n\t\t\t\t<div class=\"elementor-element elementor-element-9b8e827 elementor-widget elementor-widget-button\" data-id=\"9b8e827\" data-element_type=\"widget\" data-e-type=\"widget\" data-widget_type=\"button.default\">\n\t\t\t\t\t\t\t\t\t\t<a class=\"elementor-button elementor-button-link elementor-size-sm\" href=\"https:\/\/blog.hwr-berlin.de\/futuretourism\/das-buehnenprogramm\/\">\n\t\t\t\t\t\t<span class=\"elementor-button-content-wrapper\">\n\t\t\t\t\t\t\t\t\t<span class=\"elementor-button-text\">Das B\u00fchnenprogramm<\/span>\n\t\t\t\t\t<\/span>\n\t\t\t\t\t<\/a>\n\t\t\t\t\t\t\t\t<\/div>\n\t\t\t\t\t<\/div>\n\t\t\t\t<\/div>\n\t\t\t\t<\/div>\n\t\t","protected":false},"excerpt":{"rendered":"<p>FokusHOTEL Im Bereich FokusHOTEL dreht sich alles um aktuelle Entwicklungen, neue Konzepte und Trends in der Hotellerie. Themen wie Digitalisierung, Nachhaltigkeit, Green Hospitality, Wellness- und Wohlf\u00fchlkonzepte, Design sowie innovative Nutzungsideen stehen hier im Mittelpunkt. Hotels und Aussteller pr\u00e4sentieren praxisnahe L\u00f6sungen f\u00fcr Einrichtung, Ausstattung, Service und G\u00e4steerlebnis. Genau hier bringen wir uns ein: organisatorisch vor Ort &hellip; <\/p>\n<p class=\"link-more\"><a href=\"https:\/\/blog.hwr-berlin.de\/futuretourism\/fokushotel\/\" class=\"more-link\"><span class=\"screen-reader-text\">\u201eFokusHOTEL\u201c <\/span>weiterlesen<\/a><\/p>\n","protected":false},"author":9,"featured_media":0,"parent":0,"menu_order":0,"comment_status":"closed","ping_status":"closed","template":"","meta":{"footnotes":""},"class_list":["post-1650","page","type-page","status-publish","hentry"],"yoast_head":"<!-- This site is optimized with the Yoast SEO plugin v27.4 - https:\/\/yoast.com\/product\/yoast-seo-wordpress\/ -->\n<title>FokusHOTEL - futuretourism<\/title>\n<meta name=\"robots\" content=\"index, follow, max-snippet:-1, max-image-preview:large, max-video-preview:-1\" \/>\n<link rel=\"canonical\" href=\"https:\/\/blog.hwr-berlin.de\/futuretourism\/fokushotel\/\" \/>\n<meta property=\"og:locale\" content=\"de_DE\" \/>\n<meta property=\"og:type\" content=\"article\" \/>\n<meta property=\"og:title\" content=\"FokusHOTEL - futuretourism\" \/>\n<meta property=\"og:description\" content=\"FokusHOTEL Im Bereich FokusHOTEL dreht sich alles um aktuelle Entwicklungen, neue Konzepte und Trends in der Hotellerie. Themen wie Digitalisierung, Nachhaltigkeit, Green Hospitality, Wellness- und Wohlf\u00fchlkonzepte, Design sowie innovative Nutzungsideen stehen hier im Mittelpunkt. Hotels und Aussteller pr\u00e4sentieren praxisnahe L\u00f6sungen f\u00fcr Einrichtung, Ausstattung, Service und G\u00e4steerlebnis. Genau hier bringen wir uns ein: organisatorisch vor Ort &hellip; \u201eFokusHOTEL\u201c weiterlesen\" \/>\n<meta property=\"og:url\" content=\"https:\/\/blog.hwr-berlin.de\/futuretourism\/fokushotel\/\" \/>\n<meta property=\"og:site_name\" content=\"futuretourism\" \/>\n<meta property=\"article:modified_time\" content=\"2026-02-02T09:27:18+00:00\" \/>\n<meta name=\"twitter:card\" content=\"summary_large_image\" \/>\n<meta name=\"twitter:label1\" content=\"Gesch\u00e4tzte Lesezeit\" \/>\n\t<meta name=\"twitter:data1\" content=\"1\u00a0Minute\" \/>\n<script type=\"application\/ld+json\" class=\"yoast-schema-graph\">{\"@context\":\"https:\\\/\\\/schema.org\",\"@graph\":[{\"@type\":\"WebPage\",\"@id\":\"https:\\\/\\\/blog.hwr-berlin.de\\\/futuretourism\\\/fokushotel\\\/\",\"url\":\"https:\\\/\\\/blog.hwr-berlin.de\\\/futuretourism\\\/fokushotel\\\/\",\"name\":\"FokusHOTEL - futuretourism\",\"isPartOf\":{\"@id\":\"https:\\\/\\\/blog.hwr-berlin.de\\\/futuretourism\\\/#website\"},\"datePublished\":\"2026-01-27T12:48:30+00:00\",\"dateModified\":\"2026-02-02T09:27:18+00:00\",\"breadcrumb\":{\"@id\":\"https:\\\/\\\/blog.hwr-berlin.de\\\/futuretourism\\\/fokushotel\\\/#breadcrumb\"},\"inLanguage\":\"de\",\"potentialAction\":[{\"@type\":\"ReadAction\",\"target\":[\"https:\\\/\\\/blog.hwr-berlin.de\\\/futuretourism\\\/fokushotel\\\/\"]}]},{\"@type\":\"BreadcrumbList\",\"@id\":\"https:\\\/\\\/blog.hwr-berlin.de\\\/futuretourism\\\/fokushotel\\\/#breadcrumb\",\"itemListElement\":[{\"@type\":\"ListItem\",\"position\":1,\"name\":\"Startseite\",\"item\":\"https:\\\/\\\/blog.hwr-berlin.de\\\/futuretourism\\\/\"},{\"@type\":\"ListItem\",\"position\":2,\"name\":\"FokusHOTEL\"}]},{\"@type\":\"WebSite\",\"@id\":\"https:\\\/\\\/blog.hwr-berlin.de\\\/futuretourism\\\/#website\",\"url\":\"https:\\\/\\\/blog.hwr-berlin.de\\\/futuretourism\\\/\",\"name\":\"futuretourism\",\"description\":\"digital, nachhaltig, wandelbar\",\"publisher\":{\"@id\":\"https:\\\/\\\/blog.hwr-berlin.de\\\/futuretourism\\\/#organization\"},\"potentialAction\":[{\"@type\":\"SearchAction\",\"target\":{\"@type\":\"EntryPoint\",\"urlTemplate\":\"https:\\\/\\\/blog.hwr-berlin.de\\\/futuretourism\\\/?s={search_term_string}\"},\"query-input\":{\"@type\":\"PropertyValueSpecification\",\"valueRequired\":true,\"valueName\":\"search_term_string\"}}],\"inLanguage\":\"de\"},{\"@type\":\"Organization\",\"@id\":\"https:\\\/\\\/blog.hwr-berlin.de\\\/futuretourism\\\/#organization\",\"name\":\"futuretourism\",\"url\":\"https:\\\/\\\/blog.hwr-berlin.de\\\/futuretourism\\\/\",\"logo\":{\"@type\":\"ImageObject\",\"inLanguage\":\"de\",\"@id\":\"https:\\\/\\\/blog.hwr-berlin.de\\\/futuretourism\\\/#\\\/schema\\\/logo\\\/image\\\/\",\"url\":\"https:\\\/\\\/blog.hwr-berlin.de\\\/futuretourism\\\/wp-content\\\/uploads_future\\\/2026\\\/01\\\/cropped-STACKED-scaled-1.jpg\",\"contentUrl\":\"https:\\\/\\\/blog.hwr-berlin.de\\\/futuretourism\\\/wp-content\\\/uploads_future\\\/2026\\\/01\\\/cropped-STACKED-scaled-1.jpg\",\"width\":562,\"height\":250,\"caption\":\"futuretourism\"},\"image\":{\"@id\":\"https:\\\/\\\/blog.hwr-berlin.de\\\/futuretourism\\\/#\\\/schema\\\/logo\\\/image\\\/\"}}]}<\/script>\n<!-- \/ Yoast SEO plugin. -->","yoast_head_json":{"title":"FokusHOTEL - futuretourism","robots":{"index":"index","follow":"follow","max-snippet":"max-snippet:-1","max-image-preview":"max-image-preview:large","max-video-preview":"max-video-preview:-1"},"canonical":"https:\/\/blog.hwr-berlin.de\/futuretourism\/fokushotel\/","og_locale":"de_DE","og_type":"article","og_title":"FokusHOTEL - futuretourism","og_description":"FokusHOTEL Im Bereich FokusHOTEL dreht sich alles um aktuelle Entwicklungen, neue Konzepte und Trends in der Hotellerie. Themen wie Digitalisierung, Nachhaltigkeit, Green Hospitality, Wellness- und Wohlf\u00fchlkonzepte, Design sowie innovative Nutzungsideen stehen hier im Mittelpunkt. Hotels und Aussteller pr\u00e4sentieren praxisnahe L\u00f6sungen f\u00fcr Einrichtung, Ausstattung, Service und G\u00e4steerlebnis. Genau hier bringen wir uns ein: organisatorisch vor Ort &hellip; \u201eFokusHOTEL\u201c weiterlesen","og_url":"https:\/\/blog.hwr-berlin.de\/futuretourism\/fokushotel\/","og_site_name":"futuretourism","article_modified_time":"2026-02-02T09:27:18+00:00","twitter_card":"summary_large_image","twitter_misc":{"Gesch\u00e4tzte Lesezeit":"1\u00a0Minute"},"schema":{"@context":"https:\/\/schema.org","@graph":[{"@type":"WebPage","@id":"https:\/\/blog.hwr-berlin.de\/futuretourism\/fokushotel\/","url":"https:\/\/blog.hwr-berlin.de\/futuretourism\/fokushotel\/","name":"FokusHOTEL - futuretourism","isPartOf":{"@id":"https:\/\/blog.hwr-berlin.de\/futuretourism\/#website"},"datePublished":"2026-01-27T12:48:30+00:00","dateModified":"2026-02-02T09:27:18+00:00","breadcrumb":{"@id":"https:\/\/blog.hwr-berlin.de\/futuretourism\/fokushotel\/#breadcrumb"},"inLanguage":"de","potentialAction":[{"@type":"ReadAction","target":["https:\/\/blog.hwr-berlin.de\/futuretourism\/fokushotel\/"]}]},{"@type":"BreadcrumbList","@id":"https:\/\/blog.hwr-berlin.de\/futuretourism\/fokushotel\/#breadcrumb","itemListElement":[{"@type":"ListItem","position":1,"name":"Startseite","item":"https:\/\/blog.hwr-berlin.de\/futuretourism\/"},{"@type":"ListItem","position":2,"name":"FokusHOTEL"}]},{"@type":"WebSite","@id":"https:\/\/blog.hwr-berlin.de\/futuretourism\/#website","url":"https:\/\/blog.hwr-berlin.de\/futuretourism\/","name":"futuretourism","description":"digital, nachhaltig, wandelbar","publisher":{"@id":"https:\/\/blog.hwr-berlin.de\/futuretourism\/#organization"},"potentialAction":[{"@type":"SearchAction","target":{"@type":"EntryPoint","urlTemplate":"https:\/\/blog.hwr-berlin.de\/futuretourism\/?s={search_term_string}"},"query-input":{"@type":"PropertyValueSpecification","valueRequired":true,"valueName":"search_term_string"}}],"inLanguage":"de"},{"@type":"Organization","@id":"https:\/\/blog.hwr-berlin.de\/futuretourism\/#organization","name":"futuretourism","url":"https:\/\/blog.hwr-berlin.de\/futuretourism\/","logo":{"@type":"ImageObject","inLanguage":"de","@id":"https:\/\/blog.hwr-berlin.de\/futuretourism\/#\/schema\/logo\/image\/","url":"https:\/\/blog.hwr-berlin.de\/futuretourism\/wp-content\/uploads_future\/2026\/01\/cropped-STACKED-scaled-1.jpg","contentUrl":"https:\/\/blog.hwr-berlin.de\/futuretourism\/wp-content\/uploads_future\/2026\/01\/cropped-STACKED-scaled-1.jpg","width":562,"height":250,"caption":"futuretourism"},"image":{"@id":"https:\/\/blog.hwr-berlin.de\/futuretourism\/#\/schema\/logo\/image\/"}}]}},"_links":{"self":[{"href":"https:\/\/blog.hwr-berlin.de\/futuretourism\/wp-json\/wp\/v2\/pages\/1650","targetHints":{"allow":["GET"]}}],"collection":[{"href":"https:\/\/blog.hwr-berlin.de\/futuretourism\/wp-json\/wp\/v2\/pages"}],"about":[{"href":"https:\/\/blog.hwr-berlin.de\/futuretourism\/wp-json\/wp\/v2\/types\/page"}],"author":[{"embeddable":true,"href":"https:\/\/blog.hwr-berlin.de\/futuretourism\/wp-json\/wp\/v2\/users\/9"}],"replies":[{"embeddable":true,"href":"https:\/\/blog.hwr-berlin.de\/futuretourism\/wp-json\/wp\/v2\/comments?post=1650"}],"version-history":[{"count":31,"href":"https:\/\/blog.hwr-berlin.de\/futuretourism\/wp-json\/wp\/v2\/pages\/1650\/revisions"}],"predecessor-version":[{"id":2120,"href":"https:\/\/blog.hwr-berlin.de\/futuretourism\/wp-json\/wp\/v2\/pages\/1650\/revisions\/2120"}],"wp:attachment":[{"href":"https:\/\/blog.hwr-berlin.de\/futuretourism\/wp-json\/wp\/v2\/media?parent=1650"}],"curies":[{"name":"wp","href":"https:\/\/api.w.org\/{rel}","templated":true}]}}