

{"id":1653,"date":"2026-01-27T13:50:48","date_gmt":"2026-01-27T12:50:48","guid":{"rendered":"https:\/\/blog.hwr-berlin.de\/futuretourism\/?page_id=1653"},"modified":"2026-01-28T11:20:39","modified_gmt":"2026-01-28T10:20:39","slug":"das-buehnenprogramm","status":"publish","type":"page","link":"https:\/\/blog.hwr-berlin.de\/futuretourism\/das-buehnenprogramm\/","title":{"rendered":"Das B\u00fchnenprogramm"},"content":{"rendered":"\t\t<div data-elementor-type=\"wp-page\" data-elementor-id=\"1653\" class=\"elementor elementor-1653\">\n\t\t\t\t<div class=\"elementor-element elementor-element-2f5ecbe e-flex e-con-boxed e-con e-parent\" data-id=\"2f5ecbe\" data-element_type=\"container\" data-e-type=\"container\">\n\t\t\t\t\t<div class=\"e-con-inner\">\n\t\t\t\t<div class=\"elementor-element elementor-element-db14317 elementor-widget elementor-widget-heading\" data-id=\"db14317\" data-element_type=\"widget\" data-e-type=\"widget\" data-widget_type=\"heading.default\">\n\t\t\t\t\t<h2 class=\"elementor-heading-title elementor-size-default\">Das B\u00fchnenprogramm im Bereich FokusHOTEL<\/h2>\t\t\t\t<\/div>\n\t\t\t\t\t<\/div>\n\t\t\t\t<\/div>\n\t\t<div class=\"elementor-element elementor-element-fc36c22 e-flex e-con-boxed e-con e-parent\" data-id=\"fc36c22\" data-element_type=\"container\" data-e-type=\"container\">\n\t\t\t\t\t<div class=\"e-con-inner\">\n\t\t\t\t<div class=\"elementor-element elementor-element-611b719 elementor-widget elementor-widget-text-editor\" data-id=\"611b719\" data-element_type=\"widget\" data-e-type=\"widget\" data-widget_type=\"text-editor.default\">\n\t\t\t\t\t\t\t\t\t<p>Im Rahmen des offiziellen B\u00fchnenprogramms halten wir drei eigene Vortr\u00e4ge, in denen wir zentrale Branchenthemen aufgreifen, die uns als Studierende \u2013 und zuk\u00fcnftige Fachkr\u00e4fte \u2013 besonders besch\u00e4ftigen:&nbsp;<\/p>\n<p><b>NextGen Hospitality \u2013 Junge Talente, neue Wege und echte Chancen <br><\/b><a href=\"http:\/\/linkedin.com\/in\/pichona-rebekka-brendle\">Pichona Brendle&nbsp;<\/a>und <a href=\"http:\/\/linkedin.com\/in\/anton-doll-a639a3297\">Anton Doll<\/a> haben einen spannenden Vortrag vorbereitet, wo sie sich mit Fragen wie dieser auseinandersetzen werden: Welche Erwartungen bringt die n\u00e4chste Generation mit \u2013 und wie lassen sich daraus echte Chancen f\u00fcr Unternehmen entwickeln?<span style=\"font-size: 1rem;\">&nbsp;<\/span><\/p>\n<p><b>Generation Clash \u2013 Wenn Erfahrung auf die Erwartungen der GenZ trifft <br><\/b>Unterschiedliche Generationen, unterschiedliche Werte, unterschiedliche Arbeitsweisen. <a href=\"http:\/\/linkedin.com\/in\/anton-doll-a639a3297\">Anton Doll<\/a>&nbsp;und <a href=\"http:\/\/linkedin.com\/in\/linus-k\u00fchle-985bb5310\">Linus K\u00fchle<\/a> beleuchten in ihrem Vortrag, wo Konflikte entstehen, aber vor allem, wie gegenseitiges Verst\u00e4ndnis und Zusammenarbeit gelingen k\u00f6nnen.<span style=\"font-size: 1rem;\">&nbsp;<\/span><\/p>\n<p><b>Kreislaufhotel &#8211; Zero Waste, Full Experience &#8211; Das Kreislaufhotel als Gamechanger <br><\/b>Nachhaltigkeit neu gedacht: Kann ein Kreislaufhotel mehr sein als ein Trend? <a href=\"http:\/\/linkedin.com\/in\/paul-petzold-10bb13306\">Paul Petzold<\/a> und <a href=\"http:\/\/linkedin.com\/in\/malte-staffel-8166a21b1\">Malte Staffel<\/a> diskutieren in ihrem Impulsvortrag das Konzept als m\u00f6glichen Gamechanger f\u00fcr die Branche. Neben unseren eigenen Slots freuen wir uns auf zahlreiche weitere Referent:innen, spannende Diskussionen und den Austausch mit Branchenexpert:innen und Interessierten.<\/p>\t\t\t\t\t\t\t\t<\/div>\n\t\t\t\t\t<\/div>\n\t\t\t\t<\/div>\n\t\t<div class=\"elementor-element elementor-element-e56183d e-flex e-con-boxed e-con e-parent\" data-id=\"e56183d\" data-element_type=\"container\" data-e-type=\"container\">\n\t\t\t\t\t<div class=\"e-con-inner\">\n\t\t\t\t<div class=\"elementor-element elementor-element-229694f elementor-widget elementor-widget-heading\" data-id=\"229694f\" data-element_type=\"widget\" data-e-type=\"widget\" data-widget_type=\"heading.default\">\n\t\t\t\t\t<h2 class=\"elementor-heading-title elementor-size-default\">Was uns unter anderem erwartet<\/h2>\t\t\t\t<\/div>\n\t\t\t\t\t<\/div>\n\t\t\t\t<\/div>\n\t\t<div class=\"elementor-element elementor-element-618be85 e-flex e-con-boxed e-con e-parent\" data-id=\"618be85\" data-element_type=\"container\" data-e-type=\"container\">\n\t\t\t\t\t<div class=\"e-con-inner\">\n\t\t\t\t<div class=\"elementor-element elementor-element-aa80fbe elementor-widget elementor-widget-text-editor\" data-id=\"aa80fbe\" data-element_type=\"widget\" data-e-type=\"widget\" data-widget_type=\"text-editor.default\">\n\t\t\t\t\t\t\t\t\t<ul>\n<li><span style=\"font-size: 1rem;\"><i>Prof. Dr. Sandra Rochnowski (HWR Berlin)<\/i> <br>\u2013 Vorstellung der umfangreichsten Erhebung zu Attraktivit\u00e4tsfaktoren in der Gastwelt aus der Perspektive von Mitarbeitenden im deutschsprachigen Raum <\/span><\/li>\n<li><span style=\"font-size: 1rem;\"><i>Prof. Dr. Sandra Rochnowski (HWR Berlin)<\/i> <br>\u2013 Pr\u00e4sentation \u00fcber das Zielbild einer idealen\/wirksamen F\u00fchrungskraft in der Gastwelt <\/span><\/li>\n<li><span style=\"font-size: 1rem;\"><i>Prof. Sandra Rochnowski (Moderation); Homeira Amiri (DZG), Alexander D\u00fcrr (Minor Hotels), Thomas Edelkamp (Vorstandsvorsitzender Romantik Hotels &amp; Restaurants)<\/i> <br>\u2013 Podiumsdiskussion zur Frage \u201eWie gestalten \u201eAusgezeichnete Arbeitgeber\u201c das Recruiting, die Nachwuchsf\u00f6rderung und Mitarbeitendenbindung in der Gastwelt?\u201c <\/span><\/li>\n<li><span style=\"font-size: 1rem;\"><i>Prof. Dr. Sandra Rochnowski und Christine Reinhardt (CSO Ada Cosmetics)<\/i> <br>\u2013 Einblicke in strategische F\u00fchrungskonzepte und Zukunftsans\u00e4tze f\u00fcr die Wertsch\u00f6pfungskette der Hotellerie <\/span><\/li>\n<li><span style=\"font-size: 1rem;\"><i>Prof. Dr. Sandra Rochnowski (Moderation); Christine Reinhardt (ADA Cosmetics), Philipp Hangartner (SWISSFEEL) &amp; Rolf Slickers (Servitex)<\/i> <br>\u2013 Podiumsdiskussion zur Frage \u201eWie kann Kreislaufwirtschaft zukunftsf\u00e4hig und wirtschaftlich im Hotel gestaltet werden?\u201c <\/span><\/li>\n<li><span style=\"font-size: 1rem;\"><i>Annett Gregorius (Gr\u00fcnderin und Inhaberin Apartmentservice)<\/i> <br>\u2013 Keynote zum Thema \u201eZwischen Zuhause und Hotel &#8211; das Erfolgsmodell Serviced Apartments im Faktencheck\u201c <\/span><\/li>\n<li><span style=\"font-size: 1rem;\"><i>Prof. Dr. Sandra Rochnowski (HWR Berlin)<\/i> <br>\u2013 Diskussion \u00fcber die Wirksamkeit &amp; Notwendigkeit von Nachhaltigkeitssiegeln in der Hotellerie unter aktuellen Regularien <\/span><\/li>\n<li><span style=\"font-size: 1rem;\"><i>Christian Hiller (CEO Konzept Haus Collective GmbH) und Annett Gregorius (Gr\u00fcnderin und Inhaberin Apartmentservice)<\/i> <br>\u2013 Impuls zum Thema \u201eCradle to Cradle &#8211; Apartment Living im Kreislauf gedacht\u201c <\/span><\/li>\n<li><span style=\"font-size: 1rem;\"><i>RedSpa Media<\/i>&nbsp;<br><span style=\"text-indent: -34.8px;\">\u2013&nbsp;<\/span>mit spannenden Themen wie beispielsweise Immersive Wellness oder Wellness meets Nachhaltigkeit <\/span><\/li>\n<li><span style=\"font-size: 1rem;\"><i>Hans Amrein, Chefredakteur Hotel Inside Schweiz (Moderation)<\/i> <br>\u2013 Podiumsdiskussion zum Thema \u201eSWISS Hotel Dialog: Eine Analyse der Schweizer Hotellerie\u201c <\/span><\/li>\n<li><span style=\"font-size: 1rem;\"><i>Hans Amrein, Chefredakteur Hotel Inside Schweiz (Moderation)<\/i> <br>\u2013 Podiumsdiskussion zum Thema \u201eDie Zukunft des privat gef\u00fchrten Gastgewerbes in der DACH-Region: Kosten, Kosten, Kosten &#8211; wie soll es weitergehen?\u201c <\/span><\/li>\n<li><span style=\"font-size: 1rem;\"><i>Wilhelm K. Weber, Chief Strategy &amp; Digital Officer Grand Metropolitan Hotels<\/i>&nbsp;<br><span style=\"text-indent: -34.8px;\">\u2013<\/span>&nbsp;Keynote: Krise oder Chance? 2026 wird f\u00fcr die Hotellerie kein Wachstumsjahr: Die Konjunktur schw\u00e4chelt, Kosten bleiben hoch, Insolvenzen nehmen zu.<\/span><\/li>\n<\/ul>\t\t\t\t\t\t\t\t<\/div>\n\t\t\t\t\t<\/div>\n\t\t\t\t<\/div>\n\t\t<div class=\"elementor-element elementor-element-94a5bd0 e-flex e-con-boxed e-con e-parent\" data-id=\"94a5bd0\" data-element_type=\"container\" data-e-type=\"container\">\n\t\t\t\t\t<div class=\"e-con-inner\">\n\t\t\t\t<div class=\"elementor-element elementor-element-9c796e1 elementor-widget elementor-widget-heading\" data-id=\"9c796e1\" data-element_type=\"widget\" data-e-type=\"widget\" data-widget_type=\"heading.default\">\n\t\t\t\t\t<h2 class=\"elementor-heading-title elementor-size-default\">Das Kaminzimmer <\/h2>\t\t\t\t<\/div>\n\t\t\t\t\t<\/div>\n\t\t\t\t<\/div>\n\t\t<div class=\"elementor-element elementor-element-4752b03 e-flex e-con-boxed e-con e-parent\" data-id=\"4752b03\" data-element_type=\"container\" data-e-type=\"container\">\n\t\t\t\t\t<div class=\"e-con-inner\">\n\t\t\t\t<div class=\"elementor-element elementor-element-0b4ff40 elementor-widget elementor-widget-text-editor\" data-id=\"0b4ff40\" data-element_type=\"widget\" data-e-type=\"widget\" data-widget_type=\"text-editor.default\">\n\t\t\t\t\t\t\t\t\t<p>Erg\u00e4nzend zur B\u00fchne gibt es das Kaminzimmer, das f\u00fcr direkten Austausch, Speed-Dating und kleinere Diskussionsrunden genutzt wird. <br \/>Am letzten Tag erwarten uns dort folgende Themen in verschiedenen Panels von Opensmjle, Hotelkit, und Betterspace:<\/p>\t\t\t\t\t\t\t\t<\/div>\n\t\t\t\t\t<\/div>\n\t\t\t\t<\/div>\n\t\t<div class=\"elementor-element elementor-element-f31e507 e-flex e-con-boxed e-con e-parent\" data-id=\"f31e507\" data-element_type=\"container\" data-e-type=\"container\">\n\t\t\t\t\t<div class=\"e-con-inner\">\n\t\t\t\t<div class=\"elementor-element elementor-element-10c48f2 elementor-widget elementor-widget-text-editor\" data-id=\"10c48f2\" data-element_type=\"widget\" data-e-type=\"widget\" data-widget_type=\"text-editor.default\">\n\t\t\t\t\t\t\t\t\t<ul>\n<li><i>Praxis Insights<\/i>&nbsp;<br><span style=\"text-indent: -34.8px;\">\u2013&nbsp;<\/span>Digitale Kommunikation &amp; SOPs im Le M\u00e9ridien Stuttgart<\/li>\n<li>Zwei Hotels, klare Ergebnisse&nbsp;<br><span style=\"text-indent: -34.8px;\">\u2013<\/span>&nbsp;CouCou &amp; stuub sparen Heizenergie messbar &#8211; ohne <br>Baustelle<\/li>\n<li><i>Weniger Tools, mehr Wirkung&nbsp;<br><\/i><span style=\"text-indent: -34.8px;\">\u2013&nbsp;<\/span>Wie integrierte Systeme Hotels wieder handlungsf\u00e4hig <br>machen<\/li>\n<li><i>Hotel-Tech-Stack im Wandel<\/i>&nbsp;<br><span style=\"text-indent: -34.8px;\">\u2013<\/span>&nbsp;Was f\u00fchrt wirklich zur sicheren System-Migration?<\/li>\n<li><i>Mitarbeiter entlasten statt ersetzen<\/i>&nbsp;<br><span style=\"text-indent: -34.8px;\">\u2013&nbsp;<\/span>Wie Digitalisierung den Fachkr\u00e4ftemangel wirklich <br>abfedert<\/li>\n<\/ul>\t\t\t\t\t\t\t\t<\/div>\n\t\t\t\t\t<\/div>\n\t\t\t\t<\/div>\n\t\t<div class=\"elementor-element elementor-element-a552031 e-flex e-con-boxed e-con e-parent\" data-id=\"a552031\" data-element_type=\"container\" data-e-type=\"container\">\n\t\t\t\t\t<div class=\"e-con-inner\">\n\t\t\t\t<div class=\"elementor-element elementor-element-6113005 elementor-widget elementor-widget-heading\" data-id=\"6113005\" data-element_type=\"widget\" data-e-type=\"widget\" data-widget_type=\"heading.default\">\n\t\t\t\t\t<h2 class=\"elementor-heading-title elementor-size-default\">Programmplan FokusHOTEL<\/h2>\t\t\t\t<\/div>\n\t\t\t\t\t<\/div>\n\t\t\t\t<\/div>\n\t\t<div class=\"elementor-element elementor-element-5718ada e-flex e-con-boxed e-con e-parent\" data-id=\"5718ada\" data-element_type=\"container\" data-e-type=\"container\">\n\t\t\t\t\t<div class=\"e-con-inner\">\n\t\t\t\t<div class=\"elementor-element elementor-element-fb0f75d elementor-widget elementor-widget-text-editor\" data-id=\"fb0f75d\" data-element_type=\"widget\" data-e-type=\"widget\" data-widget_type=\"text-editor.default\">\n\t\t\t\t\t\t\t\t\t<p>F\u00fcr weitere Informationen zur FokusHOTEL sowie zum Programmplan folgen Sie bitte dem Link zur Website der Messe Stuttgart.<\/p>\t\t\t\t\t\t\t\t<\/div>\n\t\t\t\t\t<\/div>\n\t\t\t\t<\/div>\n\t\t<div class=\"elementor-element elementor-element-6984600 e-flex e-con-boxed e-con e-parent\" data-id=\"6984600\" data-element_type=\"container\" data-e-type=\"container\">\n\t\t\t\t\t<div class=\"e-con-inner\">\n\t\t\t\t<div class=\"elementor-element elementor-element-f8c45c4 elementor-widget elementor-widget-button\" data-id=\"f8c45c4\" data-element_type=\"widget\" data-e-type=\"widget\" data-widget_type=\"button.default\">\n\t\t\t\t\t\t\t\t\t\t<a class=\"elementor-button elementor-button-link elementor-size-sm\" href=\"https:\/\/www.messe-stuttgart.de\/intergastra\/programm\/foren\/fokushotel\/#stage5\">\n\t\t\t\t\t\t<span class=\"elementor-button-content-wrapper\">\n\t\t\t\t\t\t\t\t\t<span class=\"elementor-button-text\">FokusHOTEL<\/span>\n\t\t\t\t\t<\/span>\n\t\t\t\t\t<\/a>\n\t\t\t\t\t\t\t\t<\/div>\n\t\t\t\t\t<\/div>\n\t\t\t\t<\/div>\n\t\t\t\t<\/div>\n\t\t","protected":false},"excerpt":{"rendered":"<p>Das B\u00fchnenprogramm im Bereich FokusHOTEL Im Rahmen des offiziellen B\u00fchnenprogramms halten wir drei eigene Vortr\u00e4ge, in denen wir zentrale Branchenthemen aufgreifen, die uns als Studierende \u2013 und zuk\u00fcnftige Fachkr\u00e4fte \u2013 besonders besch\u00e4ftigen:&nbsp; NextGen Hospitality \u2013 Junge Talente, neue Wege und echte Chancen Pichona Brendle&nbsp;und Anton Doll haben einen spannenden Vortrag vorbereitet, wo sie sich mit &hellip; <\/p>\n<p class=\"link-more\"><a href=\"https:\/\/blog.hwr-berlin.de\/futuretourism\/das-buehnenprogramm\/\" class=\"more-link\"><span class=\"screen-reader-text\">\u201eDas B\u00fchnenprogramm\u201c <\/span>weiterlesen<\/a><\/p>\n","protected":false},"author":9,"featured_media":0,"parent":0,"menu_order":0,"comment_status":"closed","ping_status":"closed","template":"","meta":{"footnotes":""},"class_list":["post-1653","page","type-page","status-publish","hentry"],"yoast_head":"<!-- This site is optimized with the Yoast SEO plugin v27.4 - https:\/\/yoast.com\/product\/yoast-seo-wordpress\/ -->\n<title>Das B\u00fchnenprogramm - futuretourism<\/title>\n<meta name=\"robots\" content=\"index, follow, max-snippet:-1, max-image-preview:large, max-video-preview:-1\" \/>\n<link rel=\"canonical\" href=\"https:\/\/blog.hwr-berlin.de\/futuretourism\/das-buehnenprogramm\/\" \/>\n<meta property=\"og:locale\" content=\"de_DE\" \/>\n<meta property=\"og:type\" content=\"article\" \/>\n<meta property=\"og:title\" content=\"Das B\u00fchnenprogramm - futuretourism\" \/>\n<meta property=\"og:description\" content=\"Das B\u00fchnenprogramm im Bereich FokusHOTEL Im Rahmen des offiziellen B\u00fchnenprogramms halten wir drei eigene Vortr\u00e4ge, in denen wir zentrale Branchenthemen aufgreifen, die uns als Studierende \u2013 und zuk\u00fcnftige Fachkr\u00e4fte \u2013 besonders besch\u00e4ftigen:&nbsp; NextGen Hospitality \u2013 Junge Talente, neue Wege und echte Chancen Pichona Brendle&nbsp;und Anton Doll haben einen spannenden Vortrag vorbereitet, wo sie sich mit &hellip; \u201eDas B\u00fchnenprogramm\u201c weiterlesen\" \/>\n<meta property=\"og:url\" content=\"https:\/\/blog.hwr-berlin.de\/futuretourism\/das-buehnenprogramm\/\" \/>\n<meta property=\"og:site_name\" content=\"futuretourism\" \/>\n<meta property=\"article:modified_time\" content=\"2026-01-28T10:20:39+00:00\" \/>\n<meta name=\"twitter:card\" content=\"summary_large_image\" \/>\n<meta name=\"twitter:label1\" content=\"Gesch\u00e4tzte Lesezeit\" \/>\n\t<meta name=\"twitter:data1\" content=\"4\u00a0Minuten\" \/>\n<script type=\"application\/ld+json\" class=\"yoast-schema-graph\">{\"@context\":\"https:\\\/\\\/schema.org\",\"@graph\":[{\"@type\":\"WebPage\",\"@id\":\"https:\\\/\\\/blog.hwr-berlin.de\\\/futuretourism\\\/das-buehnenprogramm\\\/\",\"url\":\"https:\\\/\\\/blog.hwr-berlin.de\\\/futuretourism\\\/das-buehnenprogramm\\\/\",\"name\":\"Das B\u00fchnenprogramm - futuretourism\",\"isPartOf\":{\"@id\":\"https:\\\/\\\/blog.hwr-berlin.de\\\/futuretourism\\\/#website\"},\"datePublished\":\"2026-01-27T12:50:48+00:00\",\"dateModified\":\"2026-01-28T10:20:39+00:00\",\"breadcrumb\":{\"@id\":\"https:\\\/\\\/blog.hwr-berlin.de\\\/futuretourism\\\/das-buehnenprogramm\\\/#breadcrumb\"},\"inLanguage\":\"de\",\"potentialAction\":[{\"@type\":\"ReadAction\",\"target\":[\"https:\\\/\\\/blog.hwr-berlin.de\\\/futuretourism\\\/das-buehnenprogramm\\\/\"]}]},{\"@type\":\"BreadcrumbList\",\"@id\":\"https:\\\/\\\/blog.hwr-berlin.de\\\/futuretourism\\\/das-buehnenprogramm\\\/#breadcrumb\",\"itemListElement\":[{\"@type\":\"ListItem\",\"position\":1,\"name\":\"Startseite\",\"item\":\"https:\\\/\\\/blog.hwr-berlin.de\\\/futuretourism\\\/\"},{\"@type\":\"ListItem\",\"position\":2,\"name\":\"Das B\u00fchnenprogramm\"}]},{\"@type\":\"WebSite\",\"@id\":\"https:\\\/\\\/blog.hwr-berlin.de\\\/futuretourism\\\/#website\",\"url\":\"https:\\\/\\\/blog.hwr-berlin.de\\\/futuretourism\\\/\",\"name\":\"futuretourism\",\"description\":\"digital, nachhaltig, wandelbar\",\"publisher\":{\"@id\":\"https:\\\/\\\/blog.hwr-berlin.de\\\/futuretourism\\\/#organization\"},\"potentialAction\":[{\"@type\":\"SearchAction\",\"target\":{\"@type\":\"EntryPoint\",\"urlTemplate\":\"https:\\\/\\\/blog.hwr-berlin.de\\\/futuretourism\\\/?s={search_term_string}\"},\"query-input\":{\"@type\":\"PropertyValueSpecification\",\"valueRequired\":true,\"valueName\":\"search_term_string\"}}],\"inLanguage\":\"de\"},{\"@type\":\"Organization\",\"@id\":\"https:\\\/\\\/blog.hwr-berlin.de\\\/futuretourism\\\/#organization\",\"name\":\"futuretourism\",\"url\":\"https:\\\/\\\/blog.hwr-berlin.de\\\/futuretourism\\\/\",\"logo\":{\"@type\":\"ImageObject\",\"inLanguage\":\"de\",\"@id\":\"https:\\\/\\\/blog.hwr-berlin.de\\\/futuretourism\\\/#\\\/schema\\\/logo\\\/image\\\/\",\"url\":\"https:\\\/\\\/blog.hwr-berlin.de\\\/futuretourism\\\/wp-content\\\/uploads_future\\\/2026\\\/01\\\/cropped-STACKED-scaled-1.jpg\",\"contentUrl\":\"https:\\\/\\\/blog.hwr-berlin.de\\\/futuretourism\\\/wp-content\\\/uploads_future\\\/2026\\\/01\\\/cropped-STACKED-scaled-1.jpg\",\"width\":562,\"height\":250,\"caption\":\"futuretourism\"},\"image\":{\"@id\":\"https:\\\/\\\/blog.hwr-berlin.de\\\/futuretourism\\\/#\\\/schema\\\/logo\\\/image\\\/\"}}]}<\/script>\n<!-- \/ Yoast SEO plugin. -->","yoast_head_json":{"title":"Das B\u00fchnenprogramm - futuretourism","robots":{"index":"index","follow":"follow","max-snippet":"max-snippet:-1","max-image-preview":"max-image-preview:large","max-video-preview":"max-video-preview:-1"},"canonical":"https:\/\/blog.hwr-berlin.de\/futuretourism\/das-buehnenprogramm\/","og_locale":"de_DE","og_type":"article","og_title":"Das B\u00fchnenprogramm - futuretourism","og_description":"Das B\u00fchnenprogramm im Bereich FokusHOTEL Im Rahmen des offiziellen B\u00fchnenprogramms halten wir drei eigene Vortr\u00e4ge, in denen wir zentrale Branchenthemen aufgreifen, die uns als Studierende \u2013 und zuk\u00fcnftige Fachkr\u00e4fte \u2013 besonders besch\u00e4ftigen:&nbsp; NextGen Hospitality \u2013 Junge Talente, neue Wege und echte Chancen Pichona Brendle&nbsp;und Anton Doll haben einen spannenden Vortrag vorbereitet, wo sie sich mit &hellip; \u201eDas B\u00fchnenprogramm\u201c weiterlesen","og_url":"https:\/\/blog.hwr-berlin.de\/futuretourism\/das-buehnenprogramm\/","og_site_name":"futuretourism","article_modified_time":"2026-01-28T10:20:39+00:00","twitter_card":"summary_large_image","twitter_misc":{"Gesch\u00e4tzte Lesezeit":"4\u00a0Minuten"},"schema":{"@context":"https:\/\/schema.org","@graph":[{"@type":"WebPage","@id":"https:\/\/blog.hwr-berlin.de\/futuretourism\/das-buehnenprogramm\/","url":"https:\/\/blog.hwr-berlin.de\/futuretourism\/das-buehnenprogramm\/","name":"Das B\u00fchnenprogramm - futuretourism","isPartOf":{"@id":"https:\/\/blog.hwr-berlin.de\/futuretourism\/#website"},"datePublished":"2026-01-27T12:50:48+00:00","dateModified":"2026-01-28T10:20:39+00:00","breadcrumb":{"@id":"https:\/\/blog.hwr-berlin.de\/futuretourism\/das-buehnenprogramm\/#breadcrumb"},"inLanguage":"de","potentialAction":[{"@type":"ReadAction","target":["https:\/\/blog.hwr-berlin.de\/futuretourism\/das-buehnenprogramm\/"]}]},{"@type":"BreadcrumbList","@id":"https:\/\/blog.hwr-berlin.de\/futuretourism\/das-buehnenprogramm\/#breadcrumb","itemListElement":[{"@type":"ListItem","position":1,"name":"Startseite","item":"https:\/\/blog.hwr-berlin.de\/futuretourism\/"},{"@type":"ListItem","position":2,"name":"Das B\u00fchnenprogramm"}]},{"@type":"WebSite","@id":"https:\/\/blog.hwr-berlin.de\/futuretourism\/#website","url":"https:\/\/blog.hwr-berlin.de\/futuretourism\/","name":"futuretourism","description":"digital, nachhaltig, wandelbar","publisher":{"@id":"https:\/\/blog.hwr-berlin.de\/futuretourism\/#organization"},"potentialAction":[{"@type":"SearchAction","target":{"@type":"EntryPoint","urlTemplate":"https:\/\/blog.hwr-berlin.de\/futuretourism\/?s={search_term_string}"},"query-input":{"@type":"PropertyValueSpecification","valueRequired":true,"valueName":"search_term_string"}}],"inLanguage":"de"},{"@type":"Organization","@id":"https:\/\/blog.hwr-berlin.de\/futuretourism\/#organization","name":"futuretourism","url":"https:\/\/blog.hwr-berlin.de\/futuretourism\/","logo":{"@type":"ImageObject","inLanguage":"de","@id":"https:\/\/blog.hwr-berlin.de\/futuretourism\/#\/schema\/logo\/image\/","url":"https:\/\/blog.hwr-berlin.de\/futuretourism\/wp-content\/uploads_future\/2026\/01\/cropped-STACKED-scaled-1.jpg","contentUrl":"https:\/\/blog.hwr-berlin.de\/futuretourism\/wp-content\/uploads_future\/2026\/01\/cropped-STACKED-scaled-1.jpg","width":562,"height":250,"caption":"futuretourism"},"image":{"@id":"https:\/\/blog.hwr-berlin.de\/futuretourism\/#\/schema\/logo\/image\/"}}]}},"_links":{"self":[{"href":"https:\/\/blog.hwr-berlin.de\/futuretourism\/wp-json\/wp\/v2\/pages\/1653","targetHints":{"allow":["GET"]}}],"collection":[{"href":"https:\/\/blog.hwr-berlin.de\/futuretourism\/wp-json\/wp\/v2\/pages"}],"about":[{"href":"https:\/\/blog.hwr-berlin.de\/futuretourism\/wp-json\/wp\/v2\/types\/page"}],"author":[{"embeddable":true,"href":"https:\/\/blog.hwr-berlin.de\/futuretourism\/wp-json\/wp\/v2\/users\/9"}],"replies":[{"embeddable":true,"href":"https:\/\/blog.hwr-berlin.de\/futuretourism\/wp-json\/wp\/v2\/comments?post=1653"}],"version-history":[{"count":25,"href":"https:\/\/blog.hwr-berlin.de\/futuretourism\/wp-json\/wp\/v2\/pages\/1653\/revisions"}],"predecessor-version":[{"id":1876,"href":"https:\/\/blog.hwr-berlin.de\/futuretourism\/wp-json\/wp\/v2\/pages\/1653\/revisions\/1876"}],"wp:attachment":[{"href":"https:\/\/blog.hwr-berlin.de\/futuretourism\/wp-json\/wp\/v2\/media?parent=1653"}],"curies":[{"name":"wp","href":"https:\/\/api.w.org\/{rel}","templated":true}]}}