

{"id":2481,"date":"2026-02-08T11:24:58","date_gmt":"2026-02-08T10:24:58","guid":{"rendered":"https:\/\/blog.hwr-berlin.de\/futuretourism\/?page_id=2481"},"modified":"2026-02-26T10:13:53","modified_gmt":"2026-02-26T09:13:53","slug":"messeberichte","status":"publish","type":"page","link":"https:\/\/blog.hwr-berlin.de\/futuretourism\/messeberichte\/","title":{"rendered":"Messeberichte"},"content":{"rendered":"\t\t<div data-elementor-type=\"wp-page\" data-elementor-id=\"2481\" class=\"elementor elementor-2481\">\n\t\t\t\t<div class=\"elementor-element elementor-element-faa8fdd e-flex e-con-boxed e-con e-parent\" data-id=\"faa8fdd\" data-element_type=\"container\" data-e-type=\"container\">\n\t\t\t\t\t<div class=\"e-con-inner\">\n\t\t\t\t<div class=\"elementor-element elementor-element-9c4201a elementor-widget elementor-widget-heading\" data-id=\"9c4201a\" data-element_type=\"widget\" data-e-type=\"widget\" data-widget_type=\"heading.default\">\n\t\t\t\t\t<h2 class=\"elementor-heading-title elementor-size-default\">Messeberichte der INTERGASTRA 2026 <\/h2>\t\t\t\t<\/div>\n\t\t\t\t\t<\/div>\n\t\t\t\t<\/div>\n\t\t<div class=\"elementor-element elementor-element-a6950ec e-flex e-con-boxed e-con e-parent\" data-id=\"a6950ec\" data-element_type=\"container\" data-e-type=\"container\">\n\t\t\t\t\t<div class=\"e-con-inner\">\n\t\t\t\t<div class=\"elementor-element elementor-element-32e3026 elementor-widget elementor-widget-text-editor\" data-id=\"32e3026\" data-element_type=\"widget\" data-e-type=\"widget\" data-widget_type=\"text-editor.default\">\n\t\t\t\t\t\t\t\t\t<p>F\u00fcnf Tage voller Impulse, Begegnungen und echter B\u00fchnenmomente auf der INTERGASTRA.<\/p>\n<p>Wir waren live auf der FokusHOTEL&nbsp;<span style=\"font-size: 1rem;\">\u2013<\/span><span style=\"font-size: 1rem;\">&nbsp;B\u00fchne \u2013 zwischen Leadership, Generationendialog und nachhaltiger Zukunft der Hospitality&nbsp;<\/span><span style=\"font-size: 1rem;\">dabei<\/span><span style=\"font-size: 1rem;\">.<\/span><\/p>\n<p>Aber schaut selber und lasst euch inspirieren! <br>Hier geht es zu unseren Tagebuch-Einblicken direkt vom Messegeschehen.<br><\/p>\n<p>Eure INTERGASTRA Gruppe&nbsp;<\/p>\t\t\t\t\t\t\t\t<\/div>\n\t\t\t\t\t<\/div>\n\t\t\t\t<\/div>\n\t\t<div class=\"elementor-element elementor-element-16d628c e-flex e-con-boxed e-con e-parent\" data-id=\"16d628c\" data-element_type=\"container\" data-e-type=\"container\">\n\t\t\t\t\t<div class=\"e-con-inner\">\n\t\t\t\t<div class=\"elementor-element elementor-element-18a5ae1 elementor-widget elementor-widget-spacer\" data-id=\"18a5ae1\" data-element_type=\"widget\" data-e-type=\"widget\" data-widget_type=\"spacer.default\">\n\t\t\t\t\t\t\t<div class=\"elementor-spacer\">\n\t\t\t<div class=\"elementor-spacer-inner\"><\/div>\n\t\t<\/div>\n\t\t\t\t\t\t<\/div>\n\t\t\t\t\t<\/div>\n\t\t\t\t<\/div>\n\t\t<div class=\"elementor-element elementor-element-77f193f e-flex e-con-boxed e-con e-parent\" data-id=\"77f193f\" data-element_type=\"container\" data-e-type=\"container\">\n\t\t\t\t\t<div class=\"e-con-inner\">\n\t\t\t\t<div class=\"elementor-element elementor-element-552c948 elementor-widget-divider--view-line elementor-widget elementor-widget-divider\" data-id=\"552c948\" data-element_type=\"widget\" data-e-type=\"widget\" data-widget_type=\"divider.default\">\n\t\t\t\t\t\t\t<div class=\"elementor-divider\">\n\t\t\t<span class=\"elementor-divider-separator\">\n\t\t\t\t\t\t<\/span>\n\t\t<\/div>\n\t\t\t\t\t\t<\/div>\n\t\t\t\t\t<\/div>\n\t\t\t\t<\/div>\n\t\t<div class=\"elementor-element elementor-element-aa53d16 e-flex e-con-boxed e-con e-parent\" data-id=\"aa53d16\" data-element_type=\"container\" data-e-type=\"container\">\n\t\t\t\t\t<div class=\"e-con-inner\">\n\t\t\t\t<div class=\"elementor-element elementor-element-55c19f0 elementor-widget elementor-widget-spacer\" data-id=\"55c19f0\" data-element_type=\"widget\" data-e-type=\"widget\" data-widget_type=\"spacer.default\">\n\t\t\t\t\t\t\t<div class=\"elementor-spacer\">\n\t\t\t<div class=\"elementor-spacer-inner\"><\/div>\n\t\t<\/div>\n\t\t\t\t\t\t<\/div>\n\t\t\t\t\t<\/div>\n\t\t\t\t<\/div>\n\t\t<div class=\"elementor-element elementor-element-83c3273 e-flex e-con-boxed e-con e-parent\" data-id=\"83c3273\" data-element_type=\"container\" data-e-type=\"container\">\n\t\t\t\t\t<div class=\"e-con-inner\">\n\t\t\t\t<div class=\"elementor-element elementor-element-5e7e39c elementor-widget elementor-widget-heading\" data-id=\"5e7e39c\" data-element_type=\"widget\" data-e-type=\"widget\" data-widget_type=\"heading.default\">\n\t\t\t\t\t<h2 class=\"elementor-heading-title elementor-size-default\"><b>Tag 1 auf der INTERGASTRA - FokusHOTEl <\/b><\/h2>\t\t\t\t<\/div>\n\t\t\t\t\t<\/div>\n\t\t\t\t<\/div>\n\t\t<div class=\"elementor-element elementor-element-bb4fd35 e-flex e-con-boxed e-con e-parent\" data-id=\"bb4fd35\" data-element_type=\"container\" data-e-type=\"container\">\n\t\t\t\t\t<div class=\"e-con-inner\">\n\t\t\t\t<div class=\"elementor-element elementor-element-fb40113 elementor-widget elementor-widget-text-editor\" data-id=\"fb40113\" data-element_type=\"widget\" data-e-type=\"widget\" data-widget_type=\"text-editor.default\">\n\t\t\t\t\t\t\t\t\t<p><span style=\"text-decoration: underline;\"><strong>Hospitality 2026: Mehr als nur Benefits \u2013 Ein R\u00fcckblick auf Tag 1<\/strong><\/span><\/p><p>Der Auftakt auf der <strong>INTERGASTRA<\/strong> war ein voller Erfolg und hat direkt gezeigt, wie viel Bewegung aktuell in unserer Branche steckt. Wir nehmen dich mit hinter die Kulissen der <strong>FokusHOTEL-Halle<\/strong>: Erfahre, warum echte Arbeitgeberattraktivit\u00e4t heute vor allem durch <strong>Haltung und F\u00fchrung<\/strong> entsteht und nicht blo\u00df durch einzelne Extras.<\/p><p><strong>Das erwartet dich im Blogartikel zu Tag 1:<\/strong><\/p><ul><li><strong>Insights zur NextGen:<\/strong> Warum es jungen Talenten nicht am Interesse mangelt, sondern an den richtigen Rahmenbedingungen.<\/li><li><strong>Highlight \u201eGen Clash\u201c:<\/strong> Ein ehrlicher und l\u00f6sungsorientierter Dialog zwischen den Generationen \u00fcber die Realit\u00e4t im Betriebsalltag.<\/li><li><strong>Networking &amp; Impulse:<\/strong> Spannende Einblicke aus der \u201eTaste &amp; Talk\u201c-Lounge und die ersten gro\u00dfen Learnings der Messe.<\/li><\/ul>\t\t\t\t\t\t\t\t<\/div>\n\t\t\t\t\t<\/div>\n\t\t\t\t<\/div>\n\t\t<div class=\"elementor-element elementor-element-f5403dc e-flex e-con-boxed e-con e-parent\" data-id=\"f5403dc\" data-element_type=\"container\" data-e-type=\"container\">\n\t\t\t\t\t<div class=\"e-con-inner\">\n\t\t\t\t<div class=\"elementor-element elementor-element-e251c3c elementor-align-center elementor-widget elementor-widget-button\" data-id=\"e251c3c\" data-element_type=\"widget\" data-e-type=\"widget\" data-widget_type=\"button.default\">\n\t\t\t\t\t\t\t\t\t\t<a class=\"elementor-button elementor-button-link elementor-size-sm\" href=\"https:\/\/blog.hwr-berlin.de\/futuretourism\/tag-1-07-02-2026\/\">\n\t\t\t\t\t\t<span class=\"elementor-button-content-wrapper\">\n\t\t\t\t\t\t\t\t\t<span class=\"elementor-button-text\">Jetzt den vollen Beitrag lesen und die Zukunft entdecken<\/span>\n\t\t\t\t\t<\/span>\n\t\t\t\t\t<\/a>\n\t\t\t\t\t\t\t\t<\/div>\n\t\t\t\t\t<\/div>\n\t\t\t\t<\/div>\n\t\t<div class=\"elementor-element elementor-element-944f9cf e-flex e-con-boxed e-con e-parent\" data-id=\"944f9cf\" data-element_type=\"container\" data-e-type=\"container\">\n\t\t\t\t\t<div class=\"e-con-inner\">\n\t\t\t\t<div class=\"elementor-element elementor-element-0fde27a elementor-widget elementor-widget-spacer\" data-id=\"0fde27a\" data-element_type=\"widget\" data-e-type=\"widget\" data-widget_type=\"spacer.default\">\n\t\t\t\t\t\t\t<div class=\"elementor-spacer\">\n\t\t\t<div class=\"elementor-spacer-inner\"><\/div>\n\t\t<\/div>\n\t\t\t\t\t\t<\/div>\n\t\t\t\t\t<\/div>\n\t\t\t\t<\/div>\n\t\t<div class=\"elementor-element elementor-element-f8d484c e-flex e-con-boxed e-con e-parent\" data-id=\"f8d484c\" data-element_type=\"container\" data-e-type=\"container\">\n\t\t\t\t\t<div class=\"e-con-inner\">\n\t\t\t\t<div class=\"elementor-element elementor-element-4e281f3 elementor-widget-divider--view-line elementor-widget elementor-widget-divider\" data-id=\"4e281f3\" data-element_type=\"widget\" data-e-type=\"widget\" data-widget_type=\"divider.default\">\n\t\t\t\t\t\t\t<div class=\"elementor-divider\">\n\t\t\t<span class=\"elementor-divider-separator\">\n\t\t\t\t\t\t<\/span>\n\t\t<\/div>\n\t\t\t\t\t\t<\/div>\n\t\t\t\t\t<\/div>\n\t\t\t\t<\/div>\n\t\t<div class=\"elementor-element elementor-element-0045677 e-flex e-con-boxed e-con e-parent\" data-id=\"0045677\" data-element_type=\"container\" data-e-type=\"container\">\n\t\t\t\t\t<div class=\"e-con-inner\">\n\t\t\t\t<div class=\"elementor-element elementor-element-179686c elementor-widget elementor-widget-spacer\" data-id=\"179686c\" data-element_type=\"widget\" data-e-type=\"widget\" data-widget_type=\"spacer.default\">\n\t\t\t\t\t\t\t<div class=\"elementor-spacer\">\n\t\t\t<div class=\"elementor-spacer-inner\"><\/div>\n\t\t<\/div>\n\t\t\t\t\t\t<\/div>\n\t\t\t\t\t<\/div>\n\t\t\t\t<\/div>\n\t\t<div class=\"elementor-element elementor-element-81ec01f e-flex e-con-boxed e-con e-parent\" data-id=\"81ec01f\" data-element_type=\"container\" data-e-type=\"container\">\n\t\t\t\t\t<div class=\"e-con-inner\">\n\t\t\t\t<div class=\"elementor-element elementor-element-ff0405d elementor-widget elementor-widget-heading\" data-id=\"ff0405d\" data-element_type=\"widget\" data-e-type=\"widget\" data-widget_type=\"heading.default\">\n\t\t\t\t\t<h2 class=\"elementor-heading-title elementor-size-default\"><b>Tag 2 auf der INTERGASTRA Fokus-HOTEL <\/b><\/h2>\t\t\t\t<\/div>\n\t\t\t\t\t<\/div>\n\t\t\t\t<\/div>\n\t\t<div class=\"elementor-element elementor-element-b6afc94 e-flex e-con-boxed e-con e-parent\" data-id=\"b6afc94\" data-element_type=\"container\" data-e-type=\"container\">\n\t\t\t\t\t<div class=\"e-con-inner\">\n\t\t\t\t<div class=\"elementor-element elementor-element-a288534 elementor-widget elementor-widget-text-editor\" data-id=\"a288534\" data-element_type=\"widget\" data-e-type=\"widget\" data-widget_type=\"text-editor.default\">\n\t\t\t\t\t\t\t\t\t<p><strong><u>Leadership &amp; Nachhaltigkeit: So wird die Hospitality-Zukunft gestaltet!<\/u><\/strong><\/p>\n<p>Nach einem gelungenem Auftakt ging es am zweiten Tag auf der INTERGASTRA ans Eingemachte. In der FokusHOTEL-Halle drehte sich alles um die Frage, wie moderne F\u00fchrung und echte Verantwortung die Branche langfristig ver\u00e4ndern. Von inspirierenden Keynotes bis zur ausgelassenen Messeparty, dieser Tag hatte vieles zu bieten.<\/p>\n<p><strong>Das erwartet dich im Blogartikel zu Tag 2:<\/strong><\/p>\n<ul>\n<li><b>Female Leadership:<\/b> Warum Erfolg kein Aufzug, sondern eine Treppe ist und welche Kompetenzen F\u00fchrungskr\u00e4fte heute wirklich brauchen.<\/li>\n<li><b>Sustainable Leadership:<\/b> Wie nachhaltige F\u00fchrung bei der eigenen Haltung beginnt und weit \u00fcber \u00f6kologische Zertifizierungen hinausgeht.<\/li>\n<li><b>Messe-Feeling pur:<\/b> Einblicke in den Morning Talk und den stimmungsvollen Ausklang des Tages in der Partyzone.<\/li>\n<\/ul>\t\t\t\t\t\t\t\t<\/div>\n\t\t\t\t\t<\/div>\n\t\t\t\t<\/div>\n\t\t<div class=\"elementor-element elementor-element-0be60ab e-flex e-con-boxed e-con e-parent\" data-id=\"0be60ab\" data-element_type=\"container\" data-e-type=\"container\">\n\t\t\t\t\t<div class=\"e-con-inner\">\n\t\t\t\t<div class=\"elementor-element elementor-element-65c0693 elementor-align-center elementor-widget elementor-widget-button\" data-id=\"65c0693\" data-element_type=\"widget\" data-e-type=\"widget\" data-widget_type=\"button.default\">\n\t\t\t\t\t\t\t\t\t\t<a class=\"elementor-button elementor-button-link elementor-size-sm\" href=\"https:\/\/blog.hwr-berlin.de\/futuretourism\/tag-2-08-02-2026\/\">\n\t\t\t\t\t\t<span class=\"elementor-button-content-wrapper\">\n\t\t\t\t\t\t\t\t\t<span class=\"elementor-button-text\">Jetzt den vollen Beitrag lesen und die Zukunft entdecken<\/span>\n\t\t\t\t\t<\/span>\n\t\t\t\t\t<\/a>\n\t\t\t\t\t\t\t\t<\/div>\n\t\t\t\t\t<\/div>\n\t\t\t\t<\/div>\n\t\t<div class=\"elementor-element elementor-element-a13fd5e e-flex e-con-boxed e-con e-parent\" data-id=\"a13fd5e\" data-element_type=\"container\" data-e-type=\"container\">\n\t\t\t\t\t<div class=\"e-con-inner\">\n\t\t\t\t<div class=\"elementor-element elementor-element-afcb364 elementor-widget elementor-widget-spacer\" data-id=\"afcb364\" data-element_type=\"widget\" data-e-type=\"widget\" data-widget_type=\"spacer.default\">\n\t\t\t\t\t\t\t<div class=\"elementor-spacer\">\n\t\t\t<div class=\"elementor-spacer-inner\"><\/div>\n\t\t<\/div>\n\t\t\t\t\t\t<\/div>\n\t\t\t\t\t<\/div>\n\t\t\t\t<\/div>\n\t\t<div class=\"elementor-element elementor-element-6b33109 e-flex e-con-boxed e-con e-parent\" data-id=\"6b33109\" data-element_type=\"container\" data-e-type=\"container\">\n\t\t\t\t\t<div class=\"e-con-inner\">\n\t\t\t\t<div class=\"elementor-element elementor-element-f7736e7 elementor-widget-divider--view-line elementor-widget elementor-widget-divider\" data-id=\"f7736e7\" data-element_type=\"widget\" data-e-type=\"widget\" data-widget_type=\"divider.default\">\n\t\t\t\t\t\t\t<div class=\"elementor-divider\">\n\t\t\t<span class=\"elementor-divider-separator\">\n\t\t\t\t\t\t<\/span>\n\t\t<\/div>\n\t\t\t\t\t\t<\/div>\n\t\t\t\t\t<\/div>\n\t\t\t\t<\/div>\n\t\t\t\t<\/div>\n\t\t","protected":false},"excerpt":{"rendered":"<p>Messeberichte der INTERGASTRA 2026 F\u00fcnf Tage voller Impulse, Begegnungen und echter B\u00fchnenmomente auf der INTERGASTRA. Wir waren live auf der FokusHOTEL&nbsp;\u2013&nbsp;B\u00fchne \u2013 zwischen Leadership, Generationendialog und nachhaltiger Zukunft der Hospitality&nbsp;dabei. Aber schaut selber und lasst euch inspirieren! Hier geht es zu unseren Tagebuch-Einblicken direkt vom Messegeschehen. Eure INTERGASTRA Gruppe&nbsp; Tag 1 auf der INTERGASTRA &#8211; &hellip; <\/p>\n<p class=\"link-more\"><a href=\"https:\/\/blog.hwr-berlin.de\/futuretourism\/messeberichte\/\" class=\"more-link\"><span class=\"screen-reader-text\">\u201eMesseberichte\u201c <\/span>weiterlesen<\/a><\/p>\n","protected":false},"author":9,"featured_media":0,"parent":0,"menu_order":0,"comment_status":"closed","ping_status":"closed","template":"","meta":{"footnotes":""},"class_list":["post-2481","page","type-page","status-publish","hentry"],"yoast_head":"<!-- This site is optimized with the Yoast SEO plugin v27.4 - https:\/\/yoast.com\/product\/yoast-seo-wordpress\/ -->\n<title>Messeberichte - futuretourism<\/title>\n<meta name=\"robots\" content=\"index, follow, max-snippet:-1, max-image-preview:large, max-video-preview:-1\" \/>\n<link rel=\"canonical\" href=\"https:\/\/blog.hwr-berlin.de\/futuretourism\/messeberichte\/\" \/>\n<meta property=\"og:locale\" content=\"de_DE\" \/>\n<meta property=\"og:type\" content=\"article\" \/>\n<meta property=\"og:title\" content=\"Messeberichte - futuretourism\" \/>\n<meta property=\"og:description\" content=\"Messeberichte der INTERGASTRA 2026 F\u00fcnf Tage voller Impulse, Begegnungen und echter B\u00fchnenmomente auf der INTERGASTRA. Wir waren live auf der FokusHOTEL&nbsp;\u2013&nbsp;B\u00fchne \u2013 zwischen Leadership, Generationendialog und nachhaltiger Zukunft der Hospitality&nbsp;dabei. Aber schaut selber und lasst euch inspirieren! Hier geht es zu unseren Tagebuch-Einblicken direkt vom Messegeschehen. Eure INTERGASTRA Gruppe&nbsp; Tag 1 auf der INTERGASTRA &#8211; &hellip; \u201eMesseberichte\u201c weiterlesen\" \/>\n<meta property=\"og:url\" content=\"https:\/\/blog.hwr-berlin.de\/futuretourism\/messeberichte\/\" \/>\n<meta property=\"og:site_name\" content=\"futuretourism\" \/>\n<meta property=\"article:modified_time\" content=\"2026-02-26T09:13:53+00:00\" \/>\n<meta name=\"twitter:card\" content=\"summary_large_image\" \/>\n<meta name=\"twitter:label1\" content=\"Gesch\u00e4tzte Lesezeit\" \/>\n\t<meta name=\"twitter:data1\" content=\"2\u00a0Minuten\" \/>\n<script type=\"application\/ld+json\" class=\"yoast-schema-graph\">{\"@context\":\"https:\\\/\\\/schema.org\",\"@graph\":[{\"@type\":\"WebPage\",\"@id\":\"https:\\\/\\\/blog.hwr-berlin.de\\\/futuretourism\\\/messeberichte\\\/\",\"url\":\"https:\\\/\\\/blog.hwr-berlin.de\\\/futuretourism\\\/messeberichte\\\/\",\"name\":\"Messeberichte - futuretourism\",\"isPartOf\":{\"@id\":\"https:\\\/\\\/blog.hwr-berlin.de\\\/futuretourism\\\/#website\"},\"datePublished\":\"2026-02-08T10:24:58+00:00\",\"dateModified\":\"2026-02-26T09:13:53+00:00\",\"breadcrumb\":{\"@id\":\"https:\\\/\\\/blog.hwr-berlin.de\\\/futuretourism\\\/messeberichte\\\/#breadcrumb\"},\"inLanguage\":\"de\",\"potentialAction\":[{\"@type\":\"ReadAction\",\"target\":[\"https:\\\/\\\/blog.hwr-berlin.de\\\/futuretourism\\\/messeberichte\\\/\"]}]},{\"@type\":\"BreadcrumbList\",\"@id\":\"https:\\\/\\\/blog.hwr-berlin.de\\\/futuretourism\\\/messeberichte\\\/#breadcrumb\",\"itemListElement\":[{\"@type\":\"ListItem\",\"position\":1,\"name\":\"Startseite\",\"item\":\"https:\\\/\\\/blog.hwr-berlin.de\\\/futuretourism\\\/\"},{\"@type\":\"ListItem\",\"position\":2,\"name\":\"Messeberichte\"}]},{\"@type\":\"WebSite\",\"@id\":\"https:\\\/\\\/blog.hwr-berlin.de\\\/futuretourism\\\/#website\",\"url\":\"https:\\\/\\\/blog.hwr-berlin.de\\\/futuretourism\\\/\",\"name\":\"futuretourism\",\"description\":\"digital, nachhaltig, wandelbar\",\"publisher\":{\"@id\":\"https:\\\/\\\/blog.hwr-berlin.de\\\/futuretourism\\\/#organization\"},\"potentialAction\":[{\"@type\":\"SearchAction\",\"target\":{\"@type\":\"EntryPoint\",\"urlTemplate\":\"https:\\\/\\\/blog.hwr-berlin.de\\\/futuretourism\\\/?s={search_term_string}\"},\"query-input\":{\"@type\":\"PropertyValueSpecification\",\"valueRequired\":true,\"valueName\":\"search_term_string\"}}],\"inLanguage\":\"de\"},{\"@type\":\"Organization\",\"@id\":\"https:\\\/\\\/blog.hwr-berlin.de\\\/futuretourism\\\/#organization\",\"name\":\"futuretourism\",\"url\":\"https:\\\/\\\/blog.hwr-berlin.de\\\/futuretourism\\\/\",\"logo\":{\"@type\":\"ImageObject\",\"inLanguage\":\"de\",\"@id\":\"https:\\\/\\\/blog.hwr-berlin.de\\\/futuretourism\\\/#\\\/schema\\\/logo\\\/image\\\/\",\"url\":\"https:\\\/\\\/blog.hwr-berlin.de\\\/futuretourism\\\/wp-content\\\/uploads_future\\\/2026\\\/01\\\/cropped-STACKED-scaled-1.jpg\",\"contentUrl\":\"https:\\\/\\\/blog.hwr-berlin.de\\\/futuretourism\\\/wp-content\\\/uploads_future\\\/2026\\\/01\\\/cropped-STACKED-scaled-1.jpg\",\"width\":562,\"height\":250,\"caption\":\"futuretourism\"},\"image\":{\"@id\":\"https:\\\/\\\/blog.hwr-berlin.de\\\/futuretourism\\\/#\\\/schema\\\/logo\\\/image\\\/\"}}]}<\/script>\n<!-- \/ Yoast SEO plugin. -->","yoast_head_json":{"title":"Messeberichte - futuretourism","robots":{"index":"index","follow":"follow","max-snippet":"max-snippet:-1","max-image-preview":"max-image-preview:large","max-video-preview":"max-video-preview:-1"},"canonical":"https:\/\/blog.hwr-berlin.de\/futuretourism\/messeberichte\/","og_locale":"de_DE","og_type":"article","og_title":"Messeberichte - futuretourism","og_description":"Messeberichte der INTERGASTRA 2026 F\u00fcnf Tage voller Impulse, Begegnungen und echter B\u00fchnenmomente auf der INTERGASTRA. Wir waren live auf der FokusHOTEL&nbsp;\u2013&nbsp;B\u00fchne \u2013 zwischen Leadership, Generationendialog und nachhaltiger Zukunft der Hospitality&nbsp;dabei. Aber schaut selber und lasst euch inspirieren! Hier geht es zu unseren Tagebuch-Einblicken direkt vom Messegeschehen. Eure INTERGASTRA Gruppe&nbsp; Tag 1 auf der INTERGASTRA &#8211; &hellip; \u201eMesseberichte\u201c weiterlesen","og_url":"https:\/\/blog.hwr-berlin.de\/futuretourism\/messeberichte\/","og_site_name":"futuretourism","article_modified_time":"2026-02-26T09:13:53+00:00","twitter_card":"summary_large_image","twitter_misc":{"Gesch\u00e4tzte Lesezeit":"2\u00a0Minuten"},"schema":{"@context":"https:\/\/schema.org","@graph":[{"@type":"WebPage","@id":"https:\/\/blog.hwr-berlin.de\/futuretourism\/messeberichte\/","url":"https:\/\/blog.hwr-berlin.de\/futuretourism\/messeberichte\/","name":"Messeberichte - futuretourism","isPartOf":{"@id":"https:\/\/blog.hwr-berlin.de\/futuretourism\/#website"},"datePublished":"2026-02-08T10:24:58+00:00","dateModified":"2026-02-26T09:13:53+00:00","breadcrumb":{"@id":"https:\/\/blog.hwr-berlin.de\/futuretourism\/messeberichte\/#breadcrumb"},"inLanguage":"de","potentialAction":[{"@type":"ReadAction","target":["https:\/\/blog.hwr-berlin.de\/futuretourism\/messeberichte\/"]}]},{"@type":"BreadcrumbList","@id":"https:\/\/blog.hwr-berlin.de\/futuretourism\/messeberichte\/#breadcrumb","itemListElement":[{"@type":"ListItem","position":1,"name":"Startseite","item":"https:\/\/blog.hwr-berlin.de\/futuretourism\/"},{"@type":"ListItem","position":2,"name":"Messeberichte"}]},{"@type":"WebSite","@id":"https:\/\/blog.hwr-berlin.de\/futuretourism\/#website","url":"https:\/\/blog.hwr-berlin.de\/futuretourism\/","name":"futuretourism","description":"digital, nachhaltig, wandelbar","publisher":{"@id":"https:\/\/blog.hwr-berlin.de\/futuretourism\/#organization"},"potentialAction":[{"@type":"SearchAction","target":{"@type":"EntryPoint","urlTemplate":"https:\/\/blog.hwr-berlin.de\/futuretourism\/?s={search_term_string}"},"query-input":{"@type":"PropertyValueSpecification","valueRequired":true,"valueName":"search_term_string"}}],"inLanguage":"de"},{"@type":"Organization","@id":"https:\/\/blog.hwr-berlin.de\/futuretourism\/#organization","name":"futuretourism","url":"https:\/\/blog.hwr-berlin.de\/futuretourism\/","logo":{"@type":"ImageObject","inLanguage":"de","@id":"https:\/\/blog.hwr-berlin.de\/futuretourism\/#\/schema\/logo\/image\/","url":"https:\/\/blog.hwr-berlin.de\/futuretourism\/wp-content\/uploads_future\/2026\/01\/cropped-STACKED-scaled-1.jpg","contentUrl":"https:\/\/blog.hwr-berlin.de\/futuretourism\/wp-content\/uploads_future\/2026\/01\/cropped-STACKED-scaled-1.jpg","width":562,"height":250,"caption":"futuretourism"},"image":{"@id":"https:\/\/blog.hwr-berlin.de\/futuretourism\/#\/schema\/logo\/image\/"}}]}},"_links":{"self":[{"href":"https:\/\/blog.hwr-berlin.de\/futuretourism\/wp-json\/wp\/v2\/pages\/2481","targetHints":{"allow":["GET"]}}],"collection":[{"href":"https:\/\/blog.hwr-berlin.de\/futuretourism\/wp-json\/wp\/v2\/pages"}],"about":[{"href":"https:\/\/blog.hwr-berlin.de\/futuretourism\/wp-json\/wp\/v2\/types\/page"}],"author":[{"embeddable":true,"href":"https:\/\/blog.hwr-berlin.de\/futuretourism\/wp-json\/wp\/v2\/users\/9"}],"replies":[{"embeddable":true,"href":"https:\/\/blog.hwr-berlin.de\/futuretourism\/wp-json\/wp\/v2\/comments?post=2481"}],"version-history":[{"count":26,"href":"https:\/\/blog.hwr-berlin.de\/futuretourism\/wp-json\/wp\/v2\/pages\/2481\/revisions"}],"predecessor-version":[{"id":2606,"href":"https:\/\/blog.hwr-berlin.de\/futuretourism\/wp-json\/wp\/v2\/pages\/2481\/revisions\/2606"}],"wp:attachment":[{"href":"https:\/\/blog.hwr-berlin.de\/futuretourism\/wp-json\/wp\/v2\/media?parent=2481"}],"curies":[{"name":"wp","href":"https:\/\/api.w.org\/{rel}","templated":true}]}}