

{"id":2500,"date":"2026-02-25T12:04:40","date_gmt":"2026-02-25T11:04:40","guid":{"rendered":"https:\/\/blog.hwr-berlin.de\/futuretourism\/?page_id=2500"},"modified":"2026-03-10T18:45:48","modified_gmt":"2026-03-10T17:45:48","slug":"tag-2-08-02-2026","status":"publish","type":"page","link":"https:\/\/blog.hwr-berlin.de\/futuretourism\/tag-2-08-02-2026\/","title":{"rendered":"Tag 2 &#8211; 08.02.2026"},"content":{"rendered":"\t\t<div data-elementor-type=\"wp-page\" data-elementor-id=\"2500\" class=\"elementor elementor-2500\">\n\t\t\t\t<div class=\"elementor-element elementor-element-7b24225 e-flex e-con-boxed e-con e-parent\" data-id=\"7b24225\" data-element_type=\"container\" data-e-type=\"container\">\n\t\t\t\t\t<div class=\"e-con-inner\">\n\t\t\t\t<div class=\"elementor-element elementor-element-0bb39a8 elementor-widget elementor-widget-heading\" data-id=\"0bb39a8\" data-element_type=\"widget\" data-e-type=\"widget\" data-widget_type=\"heading.default\">\n\t\t\t\t\t<h2 class=\"elementor-heading-title elementor-size-default\"><b>Tag 2 auf der INTERGASTRA - FokusHOTEL <\/b><\/h2>\t\t\t\t<\/div>\n\t\t\t\t\t<\/div>\n\t\t\t\t<\/div>\n\t\t<div class=\"elementor-element elementor-element-e0dad7a e-flex e-con-boxed e-con e-parent\" data-id=\"e0dad7a\" data-element_type=\"container\" data-e-type=\"container\">\n\t\t\t\t\t<div class=\"e-con-inner\">\n\t\t\t\t<div class=\"elementor-element elementor-element-d555164 elementor-widget elementor-widget-text-editor\" data-id=\"d555164\" data-element_type=\"widget\" data-e-type=\"widget\" data-widget_type=\"text-editor.default\">\n\t\t\t\t\t\t\t\t\t<p style=\"color: #000000;\"><em style=\"font-size: 1rem;\"><span style=\"font-family: Aptos, sans-serif;\">Sonntag, 08.02.2026<\/span><\/em><\/p><p style=\"color: #000000;\"><span style=\"font-family: Aptos, sans-serif;\">Der zweite Messetag startete stark: mit Leadership, Nachhaltigkeit und vielen neuen Impulsen. Gleichzeitig wurde sp\u00fcrbar, wie intensiv und vielf\u00e4ltig die Themen sind, die die Hospitality-Branche aktuell bewegen.<\/span><\/p><p style=\"color: #000000;\"><span style=\"font-family: Aptos, sans-serif;\">Den Auftakt des Tages \u00fcbernahmen\u00a0<a href=\"https:\/\/www.linkedin.com\/in\/pichona-rebekka-brendle\/?lipi=urn%3Ali%3Apage%3Ad_flagship3_profile_view_base_contact_details%3BzoxdKYI4SJO0adm3I34tOw%3D%3D\">Pichona Rebekka Brendle<\/a>\u00a0und\u00a0<a href=\"https:\/\/www.linkedin.com\/in\/leonie-denise-kulla-22765332b\/?lipi=urn%3Ali%3Apage%3Ad_flagship3_profile_view_base_contact_details%3Bx5Kgb269SZSfM5P7XJVRRQ%3D%3D\">Leonie Denise Kulla<\/a>\u00a0im Morning Talk. Sie blickten noch einmal auf den Vortag zur\u00fcck, griffen zentrale Learnings auf und gaben einen Ausblick auf die Programmpunkte des Tages.\u00a0<\/span><\/p>\t\t\t\t\t\t\t\t<\/div>\n\t\t\t\t\t<\/div>\n\t\t\t\t<\/div>\n\t\t<div class=\"elementor-element elementor-element-bd82f8c e-flex e-con-boxed e-con e-parent\" data-id=\"bd82f8c\" data-element_type=\"container\" data-e-type=\"container\">\n\t\t\t\t\t<div class=\"e-con-inner\">\n\t\t\t\t<div class=\"elementor-element elementor-element-e7f77df elementor-widget elementor-widget-text-editor\" data-id=\"e7f77df\" data-element_type=\"widget\" data-e-type=\"widget\" data-widget_type=\"text-editor.default\">\n\t\t\t\t\t\t\t\t\t<p><span style=\"font-size: 1rem;\"><span style=\"font-family: Aptos, sans-serif;\"><b>Was ging auf der B\u00fchne ab?\u00a0<\/b><\/span><\/span><\/p><p><span style=\"font-family: Aptos, sans-serif; font-size: 1rem;\">Messetag 2 stand ganz im Zeichen moderner F\u00fchrung und nachhaltiger Verantwortung.<\/span><\/p><p><u style=\"font-size: 1rem;\"><span style=\"font-family: 'Aptos',sans-serif;\">Female Leadership<\/span><\/u><span style=\"font-family: Aptos, sans-serif; font-size: 1rem;\"><b><br \/><\/b><\/span><\/p><p><span style=\"font-family: 'Aptos',sans-serif;\">Im ersten Slot widmeten sich <a href=\"https:\/\/www.linkedin.com\/in\/prof-dr-sandra-rochnowski-413120100\/?lipi=urn%3Ali%3Apage%3Ad_flagship3_profile_view_base_contact_details%3BU6pNvBFvS%2FOEK9NTTFal4w%3D%3D\">Prof. Dr. Sandra Rochnowski<\/a> und <a href=\"https:\/\/www.linkedin.com\/in\/claudia-willig-84955435a\/?lipi=urn%3Ali%3Apage%3Ad_flagship3_profile_view_base_contact_details%3BdF2C2qrnRkKGf4O%2FvKCBZA%3D%3D\">Claudia Willig<\/a> dem Thema Female Leadership und zeitgem\u00e4\u00dfer F\u00fchrung.<\/span><\/p>\t\t\t\t\t\t\t\t<\/div>\n\t\t\t\t\t<\/div>\n\t\t\t\t<\/div>\n\t\t<div class=\"elementor-element elementor-element-c6acf0c e-flex e-con-boxed e-con e-parent\" data-id=\"c6acf0c\" data-element_type=\"container\" data-e-type=\"container\">\n\t\t\t\t\t<div class=\"e-con-inner\">\n\t\t\t\t<div class=\"elementor-element elementor-element-7db88d0 elementor-widget elementor-widget-image-gallery\" data-id=\"7db88d0\" data-element_type=\"widget\" data-e-type=\"widget\" data-widget_type=\"image-gallery.default\">\n\t\t\t\t\t\t\t<div class=\"elementor-image-gallery\">\n\t\t\t<div id='gallery-1' class='gallery galleryid-2500 gallery-columns-4 gallery-size-thumbnail'><figure class='gallery-item'>\n\t\t\t<div class='gallery-icon landscape'>\n\t\t\t\t<a data-elementor-open-lightbox=\"yes\" data-elementor-lightbox-slideshow=\"7db88d0\" data-elementor-lightbox-title=\"IMG_2775\" data-e-action-hash=\"#elementor-action%3Aaction%3Dlightbox%26settings%3DeyJpZCI6MjUxNiwidXJsIjoiaHR0cHM6XC9cL2Jsb2cuaHdyLWJlcmxpbi5kZVwvZnV0dXJldG91cmlzbVwvd3AtY29udGVudFwvdXBsb2Fkc19mdXR1cmVcLzIwMjZcLzAyXC9JTUdfMjc3NS5qcGVnIiwic2xpZGVzaG93IjoiN2RiODhkMCJ9\" href='https:\/\/blog.hwr-berlin.de\/futuretourism\/wp-content\/uploads_future\/2026\/02\/IMG_2775.jpeg'><img decoding=\"async\" width=\"150\" height=\"150\" src=\"https:\/\/blog.hwr-berlin.de\/futuretourism\/wp-content\/uploads_future\/2026\/02\/IMG_2775-150x150.jpeg\" class=\"attachment-thumbnail size-thumbnail\" alt=\"\" aria-describedby=\"gallery-1-2516\" srcset=\"https:\/\/blog.hwr-berlin.de\/futuretourism\/wp-content\/uploads_future\/2026\/02\/IMG_2775-150x150.jpeg 150w, https:\/\/blog.hwr-berlin.de\/futuretourism\/wp-content\/uploads_future\/2026\/02\/IMG_2775-100x100.jpeg 100w\" sizes=\"100vw\" \/><\/a>\n\t\t\t<\/div>\n\t\t\t\t<figcaption class='wp-caption-text gallery-caption' id='gallery-1-2516'>\n\t\t\t\tKlicke auf das Foto, um Prof. Dr. Sandra Rochnowski und Claudia Willig zu sehen.\n\t\t\t\t<\/figcaption><\/figure>\n\t\t<\/div>\n\t\t<\/div>\n\t\t\t\t\t\t<\/div>\n\t\t\t\t\t<\/div>\n\t\t\t\t<\/div>\n\t\t<div class=\"elementor-element elementor-element-8ee55f7 e-flex e-con-boxed e-con e-parent\" data-id=\"8ee55f7\" data-element_type=\"container\" data-e-type=\"container\">\n\t\t\t\t\t<div class=\"e-con-inner\">\n\t\t\t\t<div class=\"elementor-element elementor-element-187f29d elementor-widget elementor-widget-text-editor\" data-id=\"187f29d\" data-element_type=\"widget\" data-e-type=\"widget\" data-widget_type=\"text-editor.default\">\n\t\t\t\t\t\t\t\t\t<p style=\"color: #000000;\"><span style=\"text-decoration-line: underline;\"><span style=\"font-family: Aptos, sans-serif;\">Zentrale Fragen der Keynote waren:<\/span><\/span><\/p><ul style=\"color: #000000;\"><li style=\"counter-increment: ul-li 1;\"><span style=\"font-family: Aptos, sans-serif;\">Was bedeutet F\u00fchrung heute wirklich?<\/span><\/li><li style=\"counter-increment: ul-li 1;\">Welche Kompetenzen sind entscheidend?<\/li><li style=\"counter-increment: ul-li 1;\">Wie k\u00f6nnen pers\u00f6nliche Entwicklung und Leistung zusammengedacht werden?<\/li><\/ul><p style=\"color: #000000;\"><span style=\"font-family: Aptos, sans-serif;\"><span style=\"text-decoration-line: underline;\">Ein pr\u00e4gender Gedanke der Runde:<\/span><br \/><\/span><\/p><pre style=\"color: #000000;\"><i><span style=\"font-family: Aptos, sans-serif;\">Erfolg ist kein Aufzug, sondern eine Treppe.<\/span><\/i><\/pre><p style=\"color: #000000;\"><span style=\"font-family: Aptos, sans-serif;\">F\u00fchrung verl\u00e4uft selten geradlinig. Es braucht Mut, Verantwortungsbereitschaft und die F\u00e4higkeit, aus Erfahrungen zu lernen. Gerade im Kontext von Female Leadership wurde deutlich, wie wichtig Sichtbarkeit, Selbstf\u00fchrung und das aktive Ergreifen von Chancen sind.<\/span><\/p><p style=\"color: #000000;\"><span style=\"font-family: Aptos, sans-serif;\">Stressresistenz, Kommunikationsf\u00e4higkeit und Reflexionsverm\u00f6gen wurden als zentrale Kompetenzen hervorgehoben \u2013 nicht als perfekte Voraussetzungen, sondern als F\u00e4higkeiten, die sich entwickeln lassen.<\/span><\/p><p style=\"color: #000000;\"><span style=\"font-family: Aptos, sans-serif;\">F\u00fcr uns war es ein inspirierender Auftakt in den Tag und eine Erinnerung daran, dass gute F\u00fchrung menschlich und reflektiert sein darf.<\/span><\/p><p style=\"color: #000000;\"><u>Sustainable Leadership<\/u><\/p><p style=\"color: #000000;\">Im zweiten Slot ging es um nachhaltige F\u00fchrung und Verantwortung entlang der gesamten Wertsch\u00f6pfungskette. <a href=\"https:\/\/www.linkedin.com\/in\/christine-r-39b20987\/?lipi=urn%3Ali%3Apage%3Ad_flagship3_profile_view_base_contact_details%3BlZptu4OASr6jmTA12BULPg%3D%3D\">Christine Reinhardt<\/a> und\u00a0<a href=\"https:\/\/www.linkedin.com\/in\/prof-dr-sandra-rochnowski-413120100\/?lipi=urn%3Ali%3Apage%3Ad_flagship3_profile_view_base_contact_details%3BU6pNvBFvS%2FOEK9NTTFal4w%3D%3D\">Prof. Dr. Sandra Rochnowski<\/a>\u00a0zeigten auf, dass Nachhaltigkeit weit mehr ist als einzelne Ma\u00dfnahmen.<\/p>\t\t\t\t\t\t\t\t<\/div>\n\t\t\t\t\t<\/div>\n\t\t\t\t<\/div>\n\t\t<div class=\"elementor-element elementor-element-e4a9b57 e-flex e-con-boxed e-con e-parent\" data-id=\"e4a9b57\" data-element_type=\"container\" data-e-type=\"container\">\n\t\t\t\t\t<div class=\"e-con-inner\">\n\t\t\t\t<div class=\"elementor-element elementor-element-0b6e492 elementor-widget elementor-widget-image-gallery\" data-id=\"0b6e492\" data-element_type=\"widget\" data-e-type=\"widget\" data-widget_type=\"image-gallery.default\">\n\t\t\t\t\t\t\t<div class=\"elementor-image-gallery\">\n\t\t\t<div id='gallery-2' class='gallery galleryid-2500 gallery-columns-4 gallery-size-thumbnail'><figure class='gallery-item'>\n\t\t\t<div class='gallery-icon portrait'>\n\t\t\t\t<a data-elementor-open-lightbox=\"yes\" data-elementor-lightbox-slideshow=\"0b6e492\" data-elementor-lightbox-title=\"IMG_2763\" data-e-action-hash=\"#elementor-action%3Aaction%3Dlightbox%26settings%3DeyJpZCI6MjUxNSwidXJsIjoiaHR0cHM6XC9cL2Jsb2cuaHdyLWJlcmxpbi5kZVwvZnV0dXJldG91cmlzbVwvd3AtY29udGVudFwvdXBsb2Fkc19mdXR1cmVcLzIwMjZcLzAyXC9JTUdfMjc2My1zY2FsZWQuanBlZyIsInNsaWRlc2hvdyI6IjBiNmU0OTIifQ%3D%3D\" href='https:\/\/blog.hwr-berlin.de\/futuretourism\/wp-content\/uploads_future\/2026\/02\/IMG_2763-scaled.jpeg'><img decoding=\"async\" width=\"150\" height=\"150\" src=\"https:\/\/blog.hwr-berlin.de\/futuretourism\/wp-content\/uploads_future\/2026\/02\/IMG_2763-150x150.jpeg\" class=\"attachment-thumbnail size-thumbnail\" alt=\"\" aria-describedby=\"gallery-2-2515\" srcset=\"https:\/\/blog.hwr-berlin.de\/futuretourism\/wp-content\/uploads_future\/2026\/02\/IMG_2763-150x150.jpeg 150w, https:\/\/blog.hwr-berlin.de\/futuretourism\/wp-content\/uploads_future\/2026\/02\/IMG_2763-100x100.jpeg 100w\" sizes=\"100vw\" \/><\/a>\n\t\t\t<\/div>\n\t\t\t\t<figcaption class='wp-caption-text gallery-caption' id='gallery-2-2515'>\n\t\t\t\tKlicke auf das Foto, um Prof. Dr. Sandra Rochnowski und Christine Reinhardt zu sehen.\n\t\t\t\t<\/figcaption><\/figure>\n\t\t<\/div>\n\t\t<\/div>\n\t\t\t\t\t\t<\/div>\n\t\t\t\t\t<\/div>\n\t\t\t\t<\/div>\n\t\t<div class=\"elementor-element elementor-element-69c9ca2 e-flex e-con-boxed e-con e-parent\" data-id=\"69c9ca2\" data-element_type=\"container\" data-e-type=\"container\">\n\t\t\t\t\t<div class=\"e-con-inner\">\n\t\t\t\t<div class=\"elementor-element elementor-element-e2caf6b elementor-widget elementor-widget-text-editor\" data-id=\"e2caf6b\" data-element_type=\"widget\" data-e-type=\"widget\" data-widget_type=\"text-editor.default\">\n\t\t\t\t\t\t\t\t\t<p style=\"color: #000000;\"><span style=\"text-decoration-line: underline;\">Der Kern der Botschaft:<\/span><\/p><pre style=\"color: #000000;\">Nachhaltige F\u00fchrung beginnt bei der Haltung. Sie zeigt sich darin, wie Verantwortung \u00fcbernommen, \nMenschen mitgenommen und Entscheidungen konsequent getroffen werden.<\/pre><p style=\"color: #000000;\">Anhand praxisnaher Beispiele wurde deutlich, dass CSR und Nachhaltigkeit sowohl \u00f6kologische als auch soziale Dimensionen haben. Recyclingmaterialien oder Zertifizierungen sind wichtige Bausteine. Entscheidend ist jedoch ein ganzheitlicher Ansatz, der langfristig wirkt.<\/p><p style=\"color: #000000;\">Sustainable Leadership bedeutet, Verantwortung zu \u00fcbernehmen und gleichzeitig Anpassungsf\u00e4higkeit zu zeigen.<\/p><p style=\"color: #000000;\"><u>Ein Impuls, der zeigt:<br \/><\/u><i>Nachhaltigkeit ist kein Zusatz, sondern Teil moderner Unternehmensf\u00fchrung.<\/i><\/p>\t\t\t\t\t\t\t\t<\/div>\n\t\t\t\t\t<\/div>\n\t\t\t\t<\/div>\n\t\t<div class=\"elementor-element elementor-element-03d18cd e-flex e-con-boxed e-con e-parent\" data-id=\"03d18cd\" data-element_type=\"container\" data-e-type=\"container\">\n\t\t\t\t\t<div class=\"e-con-inner\">\n\t\t\t\t<div class=\"elementor-element elementor-element-2fddda9 elementor-widget elementor-widget-text-editor\" data-id=\"2fddda9\" data-element_type=\"widget\" data-e-type=\"widget\" data-widget_type=\"text-editor.default\">\n\t\t\t\t\t\t\t\t\t<p><strong>Abendprogramm<\/strong><\/p><p>Nach einem inhaltlich dichten Tag wurde die Messehalle am Abend zur Partyzone. Musik, Gespr\u00e4che und eine lockere Atmosph\u00e4re bildeten den Abschluss eines intensiven Messetages.<\/p><p>Es war spannend zu sehen, wie sich die Stimmung von tiefen Fachdiskussionen zu gemeinsamer Feierlaune wandelte. Ein sch\u00f6ner Reminder, dass Messe nicht nur Arbeit, sondern auch Begegnung ist.<\/p><p><strong>Unsere Highlights<\/strong><\/p><ul><li>Der Fokus auf zeitgem\u00e4\u00dfe F\u00fchrung im Female Leadership-Slot<\/li><li>Die klaren Impulse zu nachhaltiger Verantwortung<\/li><li>Der Austausch auf der B\u00fchne und zwischen den Sessions<\/li><li>Die Messeparty als lockerer Ausklang des Tages<\/li><\/ul>\t\t\t\t\t\t\t\t<\/div>\n\t\t\t\t\t<\/div>\n\t\t\t\t<\/div>\n\t\t<div class=\"elementor-element elementor-element-e163bfc e-flex e-con-boxed e-con e-parent\" data-id=\"e163bfc\" data-element_type=\"container\" data-e-type=\"container\">\n\t\t\t\t\t<div class=\"e-con-inner\">\n\t\t\t\t<div class=\"elementor-element elementor-element-44981c8 elementor-widget elementor-widget-text-editor\" data-id=\"44981c8\" data-element_type=\"widget\" data-e-type=\"widget\" data-widget_type=\"text-editor.default\">\n\t\t\t\t\t\t\t\t\t<pre>Tag 2 hat gezeigt, dass Leadership und Nachhaltigkeit keine Randthemen sind, \nsondern zentrale Bausteine f\u00fcr die Zukunft der Hospitality. \nWir freuen uns darauf, die gewonnenen Impulse weiter mitzunehmen und in unsere Projekte \neinflie\u00dfen zu lassen.<\/pre>\t\t\t\t\t\t\t\t<\/div>\n\t\t\t\t\t<\/div>\n\t\t\t\t<\/div>\n\t\t<div class=\"elementor-element elementor-element-935b458 e-flex e-con-boxed e-con e-parent\" data-id=\"935b458\" data-element_type=\"container\" data-e-type=\"container\">\n\t\t\t\t\t<div class=\"e-con-inner\">\n\t\t\t\t<div class=\"elementor-element elementor-element-029933d elementor-widget elementor-widget-text-editor\" data-id=\"029933d\" data-element_type=\"widget\" data-e-type=\"widget\" data-widget_type=\"text-editor.default\">\n\t\t\t\t\t\t\t\t\t<p><i style=\"color: #000000;\">Eure INTERGASTRA-Gruppe<\/i><\/p>\t\t\t\t\t\t\t\t<\/div>\n\t\t\t\t\t<\/div>\n\t\t\t\t<\/div>\n\t\t\t\t<\/div>\n\t\t","protected":false},"excerpt":{"rendered":"<p>Tag 2 auf der INTERGASTRA &#8211; FokusHOTEL Sonntag, 08.02.2026 Der zweite Messetag startete stark: mit Leadership, Nachhaltigkeit und vielen neuen Impulsen. Gleichzeitig wurde sp\u00fcrbar, wie intensiv und vielf\u00e4ltig die Themen sind, die die Hospitality-Branche aktuell bewegen. Den Auftakt des Tages \u00fcbernahmen\u00a0Pichona Rebekka Brendle\u00a0und\u00a0Leonie Denise Kulla\u00a0im Morning Talk. Sie blickten noch einmal auf den Vortag zur\u00fcck, &hellip; <\/p>\n<p class=\"link-more\"><a href=\"https:\/\/blog.hwr-berlin.de\/futuretourism\/tag-2-08-02-2026\/\" class=\"more-link\"><span class=\"screen-reader-text\">\u201eTag 2 &#8211; 08.02.2026\u201c <\/span>weiterlesen<\/a><\/p>\n","protected":false},"author":9,"featured_media":0,"parent":0,"menu_order":0,"comment_status":"closed","ping_status":"closed","template":"","meta":{"footnotes":""},"class_list":["post-2500","page","type-page","status-publish","hentry"],"yoast_head":"<!-- This site is optimized with the Yoast SEO plugin v27.4 - https:\/\/yoast.com\/product\/yoast-seo-wordpress\/ -->\n<title>Tag 2 - 08.02.2026 - futuretourism<\/title>\n<meta name=\"robots\" content=\"index, follow, max-snippet:-1, max-image-preview:large, max-video-preview:-1\" \/>\n<link rel=\"canonical\" href=\"https:\/\/blog.hwr-berlin.de\/futuretourism\/tag-2-08-02-2026\/\" \/>\n<meta property=\"og:locale\" content=\"de_DE\" \/>\n<meta property=\"og:type\" content=\"article\" \/>\n<meta property=\"og:title\" content=\"Tag 2 - 08.02.2026 - futuretourism\" \/>\n<meta property=\"og:description\" content=\"Tag 2 auf der INTERGASTRA &#8211; FokusHOTEL Sonntag, 08.02.2026 Der zweite Messetag startete stark: mit Leadership, Nachhaltigkeit und vielen neuen Impulsen. Gleichzeitig wurde sp\u00fcrbar, wie intensiv und vielf\u00e4ltig die Themen sind, die die Hospitality-Branche aktuell bewegen. Den Auftakt des Tages \u00fcbernahmen\u00a0Pichona Rebekka Brendle\u00a0und\u00a0Leonie Denise Kulla\u00a0im Morning Talk. Sie blickten noch einmal auf den Vortag zur\u00fcck, &hellip; \u201eTag 2 &#8211; 08.02.2026\u201c weiterlesen\" \/>\n<meta property=\"og:url\" content=\"https:\/\/blog.hwr-berlin.de\/futuretourism\/tag-2-08-02-2026\/\" \/>\n<meta property=\"og:site_name\" content=\"futuretourism\" \/>\n<meta property=\"article:modified_time\" content=\"2026-03-10T17:45:48+00:00\" \/>\n<meta property=\"og:image\" content=\"https:\/\/blog.hwr-berlin.de\/futuretourism\/wp-content\/uploads_future\/2026\/02\/IMG_2775-150x150.jpeg\" \/>\n<meta name=\"twitter:card\" content=\"summary_large_image\" \/>\n<meta name=\"twitter:label1\" content=\"Gesch\u00e4tzte Lesezeit\" \/>\n\t<meta name=\"twitter:data1\" content=\"3\u00a0Minuten\" \/>\n<script type=\"application\/ld+json\" class=\"yoast-schema-graph\">{\"@context\":\"https:\\\/\\\/schema.org\",\"@graph\":[{\"@type\":\"WebPage\",\"@id\":\"https:\\\/\\\/blog.hwr-berlin.de\\\/futuretourism\\\/tag-2-08-02-2026\\\/\",\"url\":\"https:\\\/\\\/blog.hwr-berlin.de\\\/futuretourism\\\/tag-2-08-02-2026\\\/\",\"name\":\"Tag 2 - 08.02.2026 - futuretourism\",\"isPartOf\":{\"@id\":\"https:\\\/\\\/blog.hwr-berlin.de\\\/futuretourism\\\/#website\"},\"primaryImageOfPage\":{\"@id\":\"https:\\\/\\\/blog.hwr-berlin.de\\\/futuretourism\\\/tag-2-08-02-2026\\\/#primaryimage\"},\"image\":{\"@id\":\"https:\\\/\\\/blog.hwr-berlin.de\\\/futuretourism\\\/tag-2-08-02-2026\\\/#primaryimage\"},\"thumbnailUrl\":\"https:\\\/\\\/blog.hwr-berlin.de\\\/futuretourism\\\/wp-content\\\/uploads_future\\\/2026\\\/02\\\/IMG_2775-150x150.jpeg\",\"datePublished\":\"2026-02-25T11:04:40+00:00\",\"dateModified\":\"2026-03-10T17:45:48+00:00\",\"breadcrumb\":{\"@id\":\"https:\\\/\\\/blog.hwr-berlin.de\\\/futuretourism\\\/tag-2-08-02-2026\\\/#breadcrumb\"},\"inLanguage\":\"de\",\"potentialAction\":[{\"@type\":\"ReadAction\",\"target\":[\"https:\\\/\\\/blog.hwr-berlin.de\\\/futuretourism\\\/tag-2-08-02-2026\\\/\"]}]},{\"@type\":\"ImageObject\",\"inLanguage\":\"de\",\"@id\":\"https:\\\/\\\/blog.hwr-berlin.de\\\/futuretourism\\\/tag-2-08-02-2026\\\/#primaryimage\",\"url\":\"https:\\\/\\\/blog.hwr-berlin.de\\\/futuretourism\\\/wp-content\\\/uploads_future\\\/2026\\\/02\\\/IMG_2775-150x150.jpeg\",\"contentUrl\":\"https:\\\/\\\/blog.hwr-berlin.de\\\/futuretourism\\\/wp-content\\\/uploads_future\\\/2026\\\/02\\\/IMG_2775-150x150.jpeg\"},{\"@type\":\"BreadcrumbList\",\"@id\":\"https:\\\/\\\/blog.hwr-berlin.de\\\/futuretourism\\\/tag-2-08-02-2026\\\/#breadcrumb\",\"itemListElement\":[{\"@type\":\"ListItem\",\"position\":1,\"name\":\"Startseite\",\"item\":\"https:\\\/\\\/blog.hwr-berlin.de\\\/futuretourism\\\/\"},{\"@type\":\"ListItem\",\"position\":2,\"name\":\"Tag 2 &#8211; 08.02.2026\"}]},{\"@type\":\"WebSite\",\"@id\":\"https:\\\/\\\/blog.hwr-berlin.de\\\/futuretourism\\\/#website\",\"url\":\"https:\\\/\\\/blog.hwr-berlin.de\\\/futuretourism\\\/\",\"name\":\"futuretourism\",\"description\":\"digital, nachhaltig, wandelbar\",\"publisher\":{\"@id\":\"https:\\\/\\\/blog.hwr-berlin.de\\\/futuretourism\\\/#organization\"},\"potentialAction\":[{\"@type\":\"SearchAction\",\"target\":{\"@type\":\"EntryPoint\",\"urlTemplate\":\"https:\\\/\\\/blog.hwr-berlin.de\\\/futuretourism\\\/?s={search_term_string}\"},\"query-input\":{\"@type\":\"PropertyValueSpecification\",\"valueRequired\":true,\"valueName\":\"search_term_string\"}}],\"inLanguage\":\"de\"},{\"@type\":\"Organization\",\"@id\":\"https:\\\/\\\/blog.hwr-berlin.de\\\/futuretourism\\\/#organization\",\"name\":\"futuretourism\",\"url\":\"https:\\\/\\\/blog.hwr-berlin.de\\\/futuretourism\\\/\",\"logo\":{\"@type\":\"ImageObject\",\"inLanguage\":\"de\",\"@id\":\"https:\\\/\\\/blog.hwr-berlin.de\\\/futuretourism\\\/#\\\/schema\\\/logo\\\/image\\\/\",\"url\":\"https:\\\/\\\/blog.hwr-berlin.de\\\/futuretourism\\\/wp-content\\\/uploads_future\\\/2026\\\/01\\\/cropped-STACKED-scaled-1.jpg\",\"contentUrl\":\"https:\\\/\\\/blog.hwr-berlin.de\\\/futuretourism\\\/wp-content\\\/uploads_future\\\/2026\\\/01\\\/cropped-STACKED-scaled-1.jpg\",\"width\":562,\"height\":250,\"caption\":\"futuretourism\"},\"image\":{\"@id\":\"https:\\\/\\\/blog.hwr-berlin.de\\\/futuretourism\\\/#\\\/schema\\\/logo\\\/image\\\/\"}}]}<\/script>\n<!-- \/ Yoast SEO plugin. -->","yoast_head_json":{"title":"Tag 2 - 08.02.2026 - futuretourism","robots":{"index":"index","follow":"follow","max-snippet":"max-snippet:-1","max-image-preview":"max-image-preview:large","max-video-preview":"max-video-preview:-1"},"canonical":"https:\/\/blog.hwr-berlin.de\/futuretourism\/tag-2-08-02-2026\/","og_locale":"de_DE","og_type":"article","og_title":"Tag 2 - 08.02.2026 - futuretourism","og_description":"Tag 2 auf der INTERGASTRA &#8211; FokusHOTEL Sonntag, 08.02.2026 Der zweite Messetag startete stark: mit Leadership, Nachhaltigkeit und vielen neuen Impulsen. Gleichzeitig wurde sp\u00fcrbar, wie intensiv und vielf\u00e4ltig die Themen sind, die die Hospitality-Branche aktuell bewegen. Den Auftakt des Tages \u00fcbernahmen\u00a0Pichona Rebekka Brendle\u00a0und\u00a0Leonie Denise Kulla\u00a0im Morning Talk. Sie blickten noch einmal auf den Vortag zur\u00fcck, &hellip; \u201eTag 2 &#8211; 08.02.2026\u201c weiterlesen","og_url":"https:\/\/blog.hwr-berlin.de\/futuretourism\/tag-2-08-02-2026\/","og_site_name":"futuretourism","article_modified_time":"2026-03-10T17:45:48+00:00","og_image":[{"url":"https:\/\/blog.hwr-berlin.de\/futuretourism\/wp-content\/uploads_future\/2026\/02\/IMG_2775-150x150.jpeg","type":"","width":"","height":""}],"twitter_card":"summary_large_image","twitter_misc":{"Gesch\u00e4tzte Lesezeit":"3\u00a0Minuten"},"schema":{"@context":"https:\/\/schema.org","@graph":[{"@type":"WebPage","@id":"https:\/\/blog.hwr-berlin.de\/futuretourism\/tag-2-08-02-2026\/","url":"https:\/\/blog.hwr-berlin.de\/futuretourism\/tag-2-08-02-2026\/","name":"Tag 2 - 08.02.2026 - futuretourism","isPartOf":{"@id":"https:\/\/blog.hwr-berlin.de\/futuretourism\/#website"},"primaryImageOfPage":{"@id":"https:\/\/blog.hwr-berlin.de\/futuretourism\/tag-2-08-02-2026\/#primaryimage"},"image":{"@id":"https:\/\/blog.hwr-berlin.de\/futuretourism\/tag-2-08-02-2026\/#primaryimage"},"thumbnailUrl":"https:\/\/blog.hwr-berlin.de\/futuretourism\/wp-content\/uploads_future\/2026\/02\/IMG_2775-150x150.jpeg","datePublished":"2026-02-25T11:04:40+00:00","dateModified":"2026-03-10T17:45:48+00:00","breadcrumb":{"@id":"https:\/\/blog.hwr-berlin.de\/futuretourism\/tag-2-08-02-2026\/#breadcrumb"},"inLanguage":"de","potentialAction":[{"@type":"ReadAction","target":["https:\/\/blog.hwr-berlin.de\/futuretourism\/tag-2-08-02-2026\/"]}]},{"@type":"ImageObject","inLanguage":"de","@id":"https:\/\/blog.hwr-berlin.de\/futuretourism\/tag-2-08-02-2026\/#primaryimage","url":"https:\/\/blog.hwr-berlin.de\/futuretourism\/wp-content\/uploads_future\/2026\/02\/IMG_2775-150x150.jpeg","contentUrl":"https:\/\/blog.hwr-berlin.de\/futuretourism\/wp-content\/uploads_future\/2026\/02\/IMG_2775-150x150.jpeg"},{"@type":"BreadcrumbList","@id":"https:\/\/blog.hwr-berlin.de\/futuretourism\/tag-2-08-02-2026\/#breadcrumb","itemListElement":[{"@type":"ListItem","position":1,"name":"Startseite","item":"https:\/\/blog.hwr-berlin.de\/futuretourism\/"},{"@type":"ListItem","position":2,"name":"Tag 2 &#8211; 08.02.2026"}]},{"@type":"WebSite","@id":"https:\/\/blog.hwr-berlin.de\/futuretourism\/#website","url":"https:\/\/blog.hwr-berlin.de\/futuretourism\/","name":"futuretourism","description":"digital, nachhaltig, wandelbar","publisher":{"@id":"https:\/\/blog.hwr-berlin.de\/futuretourism\/#organization"},"potentialAction":[{"@type":"SearchAction","target":{"@type":"EntryPoint","urlTemplate":"https:\/\/blog.hwr-berlin.de\/futuretourism\/?s={search_term_string}"},"query-input":{"@type":"PropertyValueSpecification","valueRequired":true,"valueName":"search_term_string"}}],"inLanguage":"de"},{"@type":"Organization","@id":"https:\/\/blog.hwr-berlin.de\/futuretourism\/#organization","name":"futuretourism","url":"https:\/\/blog.hwr-berlin.de\/futuretourism\/","logo":{"@type":"ImageObject","inLanguage":"de","@id":"https:\/\/blog.hwr-berlin.de\/futuretourism\/#\/schema\/logo\/image\/","url":"https:\/\/blog.hwr-berlin.de\/futuretourism\/wp-content\/uploads_future\/2026\/01\/cropped-STACKED-scaled-1.jpg","contentUrl":"https:\/\/blog.hwr-berlin.de\/futuretourism\/wp-content\/uploads_future\/2026\/01\/cropped-STACKED-scaled-1.jpg","width":562,"height":250,"caption":"futuretourism"},"image":{"@id":"https:\/\/blog.hwr-berlin.de\/futuretourism\/#\/schema\/logo\/image\/"}}]}},"_links":{"self":[{"href":"https:\/\/blog.hwr-berlin.de\/futuretourism\/wp-json\/wp\/v2\/pages\/2500","targetHints":{"allow":["GET"]}}],"collection":[{"href":"https:\/\/blog.hwr-berlin.de\/futuretourism\/wp-json\/wp\/v2\/pages"}],"about":[{"href":"https:\/\/blog.hwr-berlin.de\/futuretourism\/wp-json\/wp\/v2\/types\/page"}],"author":[{"embeddable":true,"href":"https:\/\/blog.hwr-berlin.de\/futuretourism\/wp-json\/wp\/v2\/users\/9"}],"replies":[{"embeddable":true,"href":"https:\/\/blog.hwr-berlin.de\/futuretourism\/wp-json\/wp\/v2\/comments?post=2500"}],"version-history":[{"count":46,"href":"https:\/\/blog.hwr-berlin.de\/futuretourism\/wp-json\/wp\/v2\/pages\/2500\/revisions"}],"predecessor-version":[{"id":2689,"href":"https:\/\/blog.hwr-berlin.de\/futuretourism\/wp-json\/wp\/v2\/pages\/2500\/revisions\/2689"}],"wp:attachment":[{"href":"https:\/\/blog.hwr-berlin.de\/futuretourism\/wp-json\/wp\/v2\/media?parent=2500"}],"curies":[{"name":"wp","href":"https:\/\/api.w.org\/{rel}","templated":true}]}}