

{"id":3,"date":"2020-09-01T10:08:02","date_gmt":"2020-09-01T08:08:02","guid":{"rendered":"https:\/\/blog.hwr-berlin.de\/futuretourism\/?page_id=3"},"modified":"2026-01-15T14:46:15","modified_gmt":"2026-01-15T13:46:15","slug":"datenschutzerklaerung","status":"publish","type":"page","link":"https:\/\/blog.hwr-berlin.de\/futuretourism\/impressum\/datenschutzerklaerung\/","title":{"rendered":"Datenschutzerkl\u00e4rung nach DSGVO"},"content":{"rendered":"\n<h2 class=\"wp-block-heading\">Name und Anschrift des Verantwortlichen<\/h2>\n\n\n\n<p>Der Verantwortliche im Sinne der Datenschutz\u2010Grundverordnung und anderer nationaler Datenschutzgesetze der Mitgliedsstaaten sowie sonstiger datenschutzrechtlicher Bestimmungen lautet:<\/p>\n\n\n\n<p>HWR Berlin<br>Projektteam im \u201eITB-Projekt\u201c<br>Campus Lichtenberg<br>Haus 1<br>Alt-Friedrichsfelde 60<br>10315 Berlin<br>futuretourism@hwr-berlin.de <\/p>\n\n\n\n<h2 class=\"wp-block-heading\">Name und Anschrift des beh\u00f6rdlichen Datenschutzbeauftragten<\/h2>\n\n\n\n<p>HiSolutions AG<br>Vitali Dick<br>(Datenschutzbeauftragter)<br>Bouch\u00e9stra\u00dfe 12<br>12435 Berlin<br>datenschutz@hwr-berlin.de<\/p>\n\n\n\n<p>HWR Berlin<br>Prof. Dr. Markus Schaal <br>(stellv. Datenschutzbeauftragter)<br>Badensche Str. 50\/51<br>10825 Berlin<br>markus.schaal@hwr-berlin.de<\/p>\n\n\n\n<h2 class=\"wp-block-heading\">Datenverarbeitung im ITB-Projekt der HWR 2021<\/h2>\n\n\n\n<h3 class=\"wp-block-heading\">Zwecke der Verarbeitung<\/h3>\n\n\n\n<p>Die Verarbeitung der personenbezogenen Daten erfolgt zu folgenden Zwecken:<\/p>\n\n\n\n<ul class=\"wp-block-list\"><li>Annahme von Nachrichten \u00fcber das Kontaktformular<\/li><li>Annahme der Anmeldungen f\u00fcr den Sektempfang der HWR auf der ITB 2021<\/li><li>Im Falle einer Anmeldung: Informations\u00fcbermittlung bez\u00fcglich Sektempfang<\/li><\/ul>\n\n\n\n<h3 class=\"wp-block-heading\">Rechtsgrundlage f\u00fcr die Verarbeitung<\/h3>\n\n\n\n<p>Rechtsgrundlage f\u00fcr die Verarbeitung ist die Einwilligung in die Datenverarbeitung nach Art. 6 Abs. 1 lit. a DSGVO. Es besteht weder eine vertragliche noch eine gesetzliche Verpflichtung die Daten bereit zu stellen. Die Einwilligung ist freiwillig und kann jederzeit mit Wirkung f\u00fcr die Zukunft widerrufen werden. Die Rechtm\u00e4\u00dfigkeit der Verarbeitung auf Grundlage der Einwilligung bleibt bis zum Widerruf unber\u00fchrt.<\/p>\n\n\n\n<h3 class=\"wp-block-heading\">Arten und Kategorien von personenbezogenen Daten<\/h3>\n\n\n\n<p>Wir verarbeiten von den Einwilligenden zu den oben genannten Zwecken folgende Kategorien und Arten von Daten:<\/p>\n\n\n\n<figure class=\"wp-block-table\"><table><tbody><tr><td>Kategorie Stammdaten<\/td><td>Erforderliche Angabe<\/td><td>Erforderlich f\u00fcr<\/td><\/tr><tr><td>Name<\/td><td>x<\/td><td>Zur Zuordnung der Anmeldung und ggfs. zur pers\u00f6nlichen Einladung zum Sektempfang der HWR an der ITB 2021<\/td><\/tr><tr><td>E-Mail-Adresse<\/td><td>x<\/td><td>Zur Kontaktaufnahme f\u00fcr Informationen zum Sektempfang\/ Zur Beantwortung von Fragen \u00fcber das Kontaktformular<\/td><\/tr><tr><td>Unternehmen<\/td><td>&#8211;<\/td><td>Zur Zuordnung der Anmeldung<\/td><\/tr><\/tbody><\/table><\/figure>\n\n\n\n<h3 class=\"wp-block-heading\">Speicherung der Daten und L\u00f6schfristen<\/h3>\n\n\n\n<p>Die Daten werden ausschlie\u00dflich in Deutschland bzw. der HWR Berlin gespeichert. Die Daten werden nach Stattfinden der ITB 2021 gel\u00f6scht. Daneben werden die Daten gel\u00f6scht, sobald die Teilnehmerin\/der Teilnehmer die Einwilligung widerruft oder von ihrem\/seinem Recht zur L\u00f6schung nach Art. 13 (2) b DSGVO der Daten Gebrauch macht.<\/p>\n\n\n\n<h2 class=\"wp-block-heading\">Datenschutz Webseite<\/h2>\n\n\n\n<p>Der Datenschutz zur Nutzung der Webseite ist&nbsp;<a href=\"https:\/\/www.hwr-berlin.de\/footer\/datenschutz\/\">HIER<\/a>&nbsp;geregelt.<\/p>\n\n\n\n<h2 class=\"wp-block-heading\">Kommentare<\/h2>\n\n\n\n<p>Wenn Besucher Kommentare auf der Website schreiben, sammeln wir die Daten, die im Kommentar-Formular angezeigt werden, au\u00dferdem die IP-Adresse des Besuchers und den User-Agent-String (damit wird der Browser identifiziert), um die Erkennung von Spam zu unterst\u00fctzen.<\/p>\n\n\n\n<h2 class=\"wp-block-heading\">Allgemeines zur Datenverarbeitung<\/h2>\n\n\n\n<h3 class=\"wp-block-heading\">Anwendungsbereich Datenverarbeitung<\/h3>\n\n\n\n<p>Diese Datenschutzerkl\u00e4rung gilt f\u00fcr die Verarbeitung von personenbezogenen Daten im Zusammenhang mit dem ITB-Projekt der HWR Berlin.<\/p>\n\n\n\n<h3 class=\"wp-block-heading\">Umfang der Verarbeitung personenbezogener Daten<\/h3>\n\n\n\n<p>Wir verarbeiten personenbezogene Daten der Nutzerinnen und Nutzer grunds\u00e4tzlich nur, soweit dies erforderlich ist.<\/p>\n\n\n\n<ul class=\"wp-block-list\"><li><strong>Empf\u00e4nger oder Kategorien von Empf\u00e4ngern der personenbezogenen Daten<\/strong><\/li><\/ul>\n\n\n\n<p>Eine \u00dcbermittlung von Verbindungsdaten an Dritte au\u00dferhalb der Hochschule (externe Empf\u00e4nger) erfolgt nicht. Innerhalb der Hochschule (interne Empf\u00e4nger) k\u00f6nnen die Daten vom Projektteam im ITB-Projekt und den IT-Administratoren verarbeitet werden.<\/p>\n\n\n\n<ul class=\"wp-block-list\"><li><strong>\u00dcbermittlung der Daten in ein Drittland oder eine int. Organisation<\/strong><\/li><\/ul>\n\n\n\n<p>Eine \u00dcbermittlung von Verbindungsdaten an ein Drittland oder eine internationale Organisation erfolgt nicht.<\/p>\n\n\n\n<h3 class=\"wp-block-heading\">Rechte der von der Verarbeitung betroffenen Person<\/h3>\n\n\n\n<p>Die von der Verarbeitung betroffene Person verf\u00fcgt gem\u00e4\u00df Art. 13 \u2013 23 DSGVO \u00fcber Rechte, welche gegen\u00fcber der HWR Berlin geltend gemacht werden k\u00f6nnen. Eine \u00dcbersicht der wichtigsten Rechte ist nachfolgend aufgef\u00fchrt:<\/p>\n\n\n\n<ul class=\"wp-block-list\"><li>Informationspflicht bei Erhebung von personenbezogenen Daten nach Art. 13 DSGVO<\/li><li>Informationspflicht, wenn die personenbezogenen Daten nicht bei der betroffenen Person erhoben wurden nach Art. 14 DSGVO<\/li><li>Recht auf Auskunft \u00fcber beim Verantwortlichen (HWR Berlin) gespeicherte Daten nach Art. 15 DSGVO<\/li><li>Recht auf Berichtigung \u00fcber beim Verantwortlichen (HWR Berlin) gespeicherte Daten nach Art. 16 DSGVO<\/li><li>Recht auf L\u00f6schung \u00fcber beim Verantwortlichen (HWR Berlin) gespeicherte Daten nach Art. 17 DSGVO<\/li><li>Recht auf Einschr\u00e4nkung der Verarbeitung \u00fcber beim Verantwortlichen (HWR Berlin) gespeicherte Daten nach Art. 18 DSGVO<\/li><li>Mitteilungspflicht im Zusammenhang mit der Berichtigung oder L\u00f6schung personenbezogener Daten oder der Einschr\u00e4nkung der Verarbeitung nach Art. 19 DSGVO<\/li><li>Recht auf Daten\u00fcbertragbarkeit nach Art. 20 DSGVO<\/li><li>Recht gegen die Datenverarbeitung zu widersprechen, sofern die Verarbeitung nach Art. 6 (1) e DSGVO f\u00fcr die Wahrnehmung einer Aufgabe erforderlich ist, die im \u00f6ffentlichen Interesse liegt oder in Aus\u00fcbung \u00f6ffentlicher Gewalt erfolgt oder die Verarbeitung nach Art. 6 (1) f DSGVO zur Wahrung der berechtigten Interessen des Verantwortlichen oder eines Dritten erforderlich ist.<\/li><li>Recht nicht einer ausschlie\u00dflich auf einer automatisierten Verarbeitung \u2013 einschlie\u00dflich Profiling \u2013 beruhenden Entscheidung unterworfen zu werden, die ihr gegen\u00fcber rechtliche Wirkung entfaltet oder sie in \u00e4hnlicher Weise erheblich beeintr\u00e4chtigt.<\/li><li>Recht auf Benachrichtigung nach Art. 34 DSGVO der von einer Verletzung des Schutzes personenbezogener Daten betroffenen Person.<\/li><\/ul>\n\n\n\n<h3 class=\"wp-block-heading\">Auskunftsrecht<\/h3>\n\n\n\n<p>Sie k\u00f6nnen von der HWR eine Best\u00e4tigung dar\u00fcber verlangen, ob personenbezogene Daten, die Sie betreffen, von uns verarbeitet werden.<\/p>\n\n\n\n<h3 class=\"wp-block-heading\">Aus\u00fcbung der Rechte<\/h3>\n\n\n\n<p>Sie haben das Recht, Ihre datenschutzrechtliche Einwilligungserkl\u00e4rung jederzeit mit Wirkung f\u00fcr die Zukunft zu widerrufen, wobei der Widerruf die Rechtm\u00e4\u00dfigkeit der aufgrund der Einwilligung bis zum Widerruf erfolgten Datenverarbeitung nicht ber\u00fchrt.<\/p>\n\n\n\n<p>Hierf\u00fcr schickt die Nutzerin\/der Nutzer eine E\u2010Mail an kontakt@futuretourism.de.<\/p>\n\n\n\n<p>Die\/der Betroffene hat ferner das Recht sich bei einer Aufsichtsbeh\u00f6rde \u00fcber die HWR Berlin zu beschweren. Die zust\u00e4ndige Aufsichtsbeh\u00f6rde im Land Berlin ist<\/p>\n\n\n\n<p>Berliner Beauftragte f\u00fcr Datenschutz und Informationsfreiheit<br>Friedrichstr. 219<br>10969 Berlin<br>mailbox@datenschutz-berlin.de<\/p>\n\n\n\n<h3 class=\"wp-block-heading\">Datensicherheit<\/h3>\n\n\n\n<p>Um die Sicherheit Ihrer Daten angemessen und umfassend bei der Verarbeitung und insbesondere der \u00dcbertragung zu sch\u00fctzen, verwenden wir, soweit erforderlich und orientiert am aktuellen Stand der Technik, entsprechende technische und organisatorische Ma\u00dfnahmen zur Gew\u00e4hrleistung der Sicherheit Ihrer personenbezogenen Daten.<\/p>\n\n\n\n<h2 class=\"wp-block-heading\">Stand, \u00c4nderungen und Geltung der allgemeinen Datenschutzerkl\u00e4rung<\/h2>\n\n\n\n<p>Diese allgemeine Datenschutzerkl\u00e4rung hat den Stand 09\/2020. Wir behalten uns vor, diese Datenschutzerkl\u00e4rung regelm\u00e4\u00dfig zu aktualisieren, um den aktuellen rechtlichen Anforderungen und technischen \u00c4nderungen Rechnung zu tragen sowie um unsere Dienstleistungen und Angebote datenschutzkonform umzusetzen. Wir informieren Sie bei wesentlichen \u00c4nderungen der rechtlichen Rahmenbedingungen.<\/p>\n","protected":false},"excerpt":{"rendered":"<p>Name und Anschrift des Verantwortlichen Der Verantwortliche im Sinne der Datenschutz\u2010Grundverordnung und anderer nationaler Datenschutzgesetze der Mitgliedsstaaten sowie sonstiger datenschutzrechtlicher Bestimmungen lautet: HWR BerlinProjektteam im \u201eITB-Projekt\u201cCampus LichtenbergHaus 1Alt-Friedrichsfelde 6010315 Berlinfuturetourism@hwr-berlin.de Name und Anschrift des beh\u00f6rdlichen Datenschutzbeauftragten HiSolutions AGVitali Dick(Datenschutzbeauftragter)Bouch\u00e9stra\u00dfe 1212435 Berlindatenschutz@hwr-berlin.de HWR BerlinProf. Dr. Markus Schaal (stellv. Datenschutzbeauftragter)Badensche Str. 50\/5110825 Berlinmarkus.schaal@hwr-berlin.de Datenverarbeitung im ITB-Projekt der &hellip; <\/p>\n<p class=\"link-more\"><a href=\"https:\/\/blog.hwr-berlin.de\/futuretourism\/impressum\/datenschutzerklaerung\/\" class=\"more-link\"><span class=\"screen-reader-text\">\u201eDatenschutzerkl\u00e4rung nach DSGVO\u201c <\/span>weiterlesen<\/a><\/p>\n","protected":false},"author":9,"featured_media":0,"parent":63,"menu_order":0,"comment_status":"closed","ping_status":"closed","template":"","meta":{"footnotes":""},"class_list":["post-3","page","type-page","status-publish","hentry"],"yoast_head":"<!-- This site is optimized with the Yoast SEO plugin v27.6 - https:\/\/yoast.com\/product\/yoast-seo-wordpress\/ -->\n<title>Datenschutzerkl\u00e4rung nach DSGVO - futuretourism<\/title>\n<meta name=\"robots\" content=\"index, follow, max-snippet:-1, max-image-preview:large, max-video-preview:-1\" \/>\n<link rel=\"canonical\" href=\"https:\/\/blog.hwr-berlin.de\/futuretourism\/impressum\/datenschutzerklaerung\/\" \/>\n<meta property=\"og:locale\" content=\"de_DE\" \/>\n<meta property=\"og:type\" content=\"article\" \/>\n<meta property=\"og:title\" content=\"Datenschutzerkl\u00e4rung nach DSGVO - futuretourism\" \/>\n<meta property=\"og:description\" content=\"Name und Anschrift des Verantwortlichen Der Verantwortliche im Sinne der Datenschutz\u2010Grundverordnung und anderer nationaler Datenschutzgesetze der Mitgliedsstaaten sowie sonstiger datenschutzrechtlicher Bestimmungen lautet: HWR BerlinProjektteam im \u201eITB-Projekt\u201cCampus LichtenbergHaus 1Alt-Friedrichsfelde 6010315 Berlinfuturetourism@hwr-berlin.de Name und Anschrift des beh\u00f6rdlichen Datenschutzbeauftragten HiSolutions AGVitali Dick(Datenschutzbeauftragter)Bouch\u00e9stra\u00dfe 1212435 Berlindatenschutz@hwr-berlin.de HWR BerlinProf. Dr. Markus Schaal (stellv. Datenschutzbeauftragter)Badensche Str. 50\/5110825 Berlinmarkus.schaal@hwr-berlin.de Datenverarbeitung im ITB-Projekt der &hellip; \u201eDatenschutzerkl\u00e4rung nach DSGVO\u201c weiterlesen\" \/>\n<meta property=\"og:url\" content=\"https:\/\/blog.hwr-berlin.de\/futuretourism\/impressum\/datenschutzerklaerung\/\" \/>\n<meta property=\"og:site_name\" content=\"futuretourism\" \/>\n<meta property=\"article:modified_time\" content=\"2026-01-15T13:46:15+00:00\" \/>\n<meta name=\"twitter:card\" content=\"summary_large_image\" \/>\n<meta name=\"twitter:label1\" content=\"Gesch\u00e4tzte Lesezeit\" \/>\n\t<meta name=\"twitter:data1\" content=\"5\u00a0Minuten\" \/>\n<script type=\"application\/ld+json\" class=\"yoast-schema-graph\">{\"@context\":\"https:\\\/\\\/schema.org\",\"@graph\":[{\"@type\":\"WebPage\",\"@id\":\"https:\\\/\\\/blog.hwr-berlin.de\\\/futuretourism\\\/impressum\\\/datenschutzerklaerung\\\/\",\"url\":\"https:\\\/\\\/blog.hwr-berlin.de\\\/futuretourism\\\/impressum\\\/datenschutzerklaerung\\\/\",\"name\":\"Datenschutzerkl\u00e4rung nach DSGVO - futuretourism\",\"isPartOf\":{\"@id\":\"https:\\\/\\\/blog.hwr-berlin.de\\\/futuretourism\\\/#website\"},\"datePublished\":\"2020-09-01T08:08:02+00:00\",\"dateModified\":\"2026-01-15T13:46:15+00:00\",\"breadcrumb\":{\"@id\":\"https:\\\/\\\/blog.hwr-berlin.de\\\/futuretourism\\\/impressum\\\/datenschutzerklaerung\\\/#breadcrumb\"},\"inLanguage\":\"de\",\"potentialAction\":[{\"@type\":\"ReadAction\",\"target\":[\"https:\\\/\\\/blog.hwr-berlin.de\\\/futuretourism\\\/impressum\\\/datenschutzerklaerung\\\/\"]}]},{\"@type\":\"BreadcrumbList\",\"@id\":\"https:\\\/\\\/blog.hwr-berlin.de\\\/futuretourism\\\/impressum\\\/datenschutzerklaerung\\\/#breadcrumb\",\"itemListElement\":[{\"@type\":\"ListItem\",\"position\":1,\"name\":\"Startseite\",\"item\":\"https:\\\/\\\/blog.hwr-berlin.de\\\/futuretourism\\\/\"},{\"@type\":\"ListItem\",\"position\":2,\"name\":\"Impressum\",\"item\":\"https:\\\/\\\/blog.hwr-berlin.de\\\/futuretourism\\\/impressum\\\/\"},{\"@type\":\"ListItem\",\"position\":3,\"name\":\"Datenschutzerkl\u00e4rung nach DSGVO\"}]},{\"@type\":\"WebSite\",\"@id\":\"https:\\\/\\\/blog.hwr-berlin.de\\\/futuretourism\\\/#website\",\"url\":\"https:\\\/\\\/blog.hwr-berlin.de\\\/futuretourism\\\/\",\"name\":\"futuretourism\",\"description\":\"digital, nachhaltig, wandelbar\",\"publisher\":{\"@id\":\"https:\\\/\\\/blog.hwr-berlin.de\\\/futuretourism\\\/#organization\"},\"potentialAction\":[{\"@type\":\"SearchAction\",\"target\":{\"@type\":\"EntryPoint\",\"urlTemplate\":\"https:\\\/\\\/blog.hwr-berlin.de\\\/futuretourism\\\/?s={search_term_string}\"},\"query-input\":{\"@type\":\"PropertyValueSpecification\",\"valueRequired\":true,\"valueName\":\"search_term_string\"}}],\"inLanguage\":\"de\"},{\"@type\":\"Organization\",\"@id\":\"https:\\\/\\\/blog.hwr-berlin.de\\\/futuretourism\\\/#organization\",\"name\":\"futuretourism\",\"url\":\"https:\\\/\\\/blog.hwr-berlin.de\\\/futuretourism\\\/\",\"logo\":{\"@type\":\"ImageObject\",\"inLanguage\":\"de\",\"@id\":\"https:\\\/\\\/blog.hwr-berlin.de\\\/futuretourism\\\/#\\\/schema\\\/logo\\\/image\\\/\",\"url\":\"https:\\\/\\\/blog.hwr-berlin.de\\\/futuretourism\\\/wp-content\\\/uploads_future\\\/2026\\\/01\\\/cropped-STACKED-scaled-1.jpg\",\"contentUrl\":\"https:\\\/\\\/blog.hwr-berlin.de\\\/futuretourism\\\/wp-content\\\/uploads_future\\\/2026\\\/01\\\/cropped-STACKED-scaled-1.jpg\",\"width\":562,\"height\":250,\"caption\":\"futuretourism\"},\"image\":{\"@id\":\"https:\\\/\\\/blog.hwr-berlin.de\\\/futuretourism\\\/#\\\/schema\\\/logo\\\/image\\\/\"}}]}<\/script>\n<!-- \/ Yoast SEO plugin. -->","yoast_head_json":{"title":"Datenschutzerkl\u00e4rung nach DSGVO - futuretourism","robots":{"index":"index","follow":"follow","max-snippet":"max-snippet:-1","max-image-preview":"max-image-preview:large","max-video-preview":"max-video-preview:-1"},"canonical":"https:\/\/blog.hwr-berlin.de\/futuretourism\/impressum\/datenschutzerklaerung\/","og_locale":"de_DE","og_type":"article","og_title":"Datenschutzerkl\u00e4rung nach DSGVO - futuretourism","og_description":"Name und Anschrift des Verantwortlichen Der Verantwortliche im Sinne der Datenschutz\u2010Grundverordnung und anderer nationaler Datenschutzgesetze der Mitgliedsstaaten sowie sonstiger datenschutzrechtlicher Bestimmungen lautet: HWR BerlinProjektteam im \u201eITB-Projekt\u201cCampus LichtenbergHaus 1Alt-Friedrichsfelde 6010315 Berlinfuturetourism@hwr-berlin.de Name und Anschrift des beh\u00f6rdlichen Datenschutzbeauftragten HiSolutions AGVitali Dick(Datenschutzbeauftragter)Bouch\u00e9stra\u00dfe 1212435 Berlindatenschutz@hwr-berlin.de HWR BerlinProf. Dr. Markus Schaal (stellv. Datenschutzbeauftragter)Badensche Str. 50\/5110825 Berlinmarkus.schaal@hwr-berlin.de Datenverarbeitung im ITB-Projekt der &hellip; \u201eDatenschutzerkl\u00e4rung nach DSGVO\u201c weiterlesen","og_url":"https:\/\/blog.hwr-berlin.de\/futuretourism\/impressum\/datenschutzerklaerung\/","og_site_name":"futuretourism","article_modified_time":"2026-01-15T13:46:15+00:00","twitter_card":"summary_large_image","twitter_misc":{"Gesch\u00e4tzte Lesezeit":"5\u00a0Minuten"},"schema":{"@context":"https:\/\/schema.org","@graph":[{"@type":"WebPage","@id":"https:\/\/blog.hwr-berlin.de\/futuretourism\/impressum\/datenschutzerklaerung\/","url":"https:\/\/blog.hwr-berlin.de\/futuretourism\/impressum\/datenschutzerklaerung\/","name":"Datenschutzerkl\u00e4rung nach DSGVO - futuretourism","isPartOf":{"@id":"https:\/\/blog.hwr-berlin.de\/futuretourism\/#website"},"datePublished":"2020-09-01T08:08:02+00:00","dateModified":"2026-01-15T13:46:15+00:00","breadcrumb":{"@id":"https:\/\/blog.hwr-berlin.de\/futuretourism\/impressum\/datenschutzerklaerung\/#breadcrumb"},"inLanguage":"de","potentialAction":[{"@type":"ReadAction","target":["https:\/\/blog.hwr-berlin.de\/futuretourism\/impressum\/datenschutzerklaerung\/"]}]},{"@type":"BreadcrumbList","@id":"https:\/\/blog.hwr-berlin.de\/futuretourism\/impressum\/datenschutzerklaerung\/#breadcrumb","itemListElement":[{"@type":"ListItem","position":1,"name":"Startseite","item":"https:\/\/blog.hwr-berlin.de\/futuretourism\/"},{"@type":"ListItem","position":2,"name":"Impressum","item":"https:\/\/blog.hwr-berlin.de\/futuretourism\/impressum\/"},{"@type":"ListItem","position":3,"name":"Datenschutzerkl\u00e4rung nach DSGVO"}]},{"@type":"WebSite","@id":"https:\/\/blog.hwr-berlin.de\/futuretourism\/#website","url":"https:\/\/blog.hwr-berlin.de\/futuretourism\/","name":"futuretourism","description":"digital, nachhaltig, wandelbar","publisher":{"@id":"https:\/\/blog.hwr-berlin.de\/futuretourism\/#organization"},"potentialAction":[{"@type":"SearchAction","target":{"@type":"EntryPoint","urlTemplate":"https:\/\/blog.hwr-berlin.de\/futuretourism\/?s={search_term_string}"},"query-input":{"@type":"PropertyValueSpecification","valueRequired":true,"valueName":"search_term_string"}}],"inLanguage":"de"},{"@type":"Organization","@id":"https:\/\/blog.hwr-berlin.de\/futuretourism\/#organization","name":"futuretourism","url":"https:\/\/blog.hwr-berlin.de\/futuretourism\/","logo":{"@type":"ImageObject","inLanguage":"de","@id":"https:\/\/blog.hwr-berlin.de\/futuretourism\/#\/schema\/logo\/image\/","url":"https:\/\/blog.hwr-berlin.de\/futuretourism\/wp-content\/uploads_future\/2026\/01\/cropped-STACKED-scaled-1.jpg","contentUrl":"https:\/\/blog.hwr-berlin.de\/futuretourism\/wp-content\/uploads_future\/2026\/01\/cropped-STACKED-scaled-1.jpg","width":562,"height":250,"caption":"futuretourism"},"image":{"@id":"https:\/\/blog.hwr-berlin.de\/futuretourism\/#\/schema\/logo\/image\/"}}]}},"_links":{"self":[{"href":"https:\/\/blog.hwr-berlin.de\/futuretourism\/wp-json\/wp\/v2\/pages\/3","targetHints":{"allow":["GET"]}}],"collection":[{"href":"https:\/\/blog.hwr-berlin.de\/futuretourism\/wp-json\/wp\/v2\/pages"}],"about":[{"href":"https:\/\/blog.hwr-berlin.de\/futuretourism\/wp-json\/wp\/v2\/types\/page"}],"author":[{"embeddable":true,"href":"https:\/\/blog.hwr-berlin.de\/futuretourism\/wp-json\/wp\/v2\/users\/9"}],"replies":[{"embeddable":true,"href":"https:\/\/blog.hwr-berlin.de\/futuretourism\/wp-json\/wp\/v2\/comments?post=3"}],"version-history":[{"count":14,"href":"https:\/\/blog.hwr-berlin.de\/futuretourism\/wp-json\/wp\/v2\/pages\/3\/revisions"}],"predecessor-version":[{"id":343,"href":"https:\/\/blog.hwr-berlin.de\/futuretourism\/wp-json\/wp\/v2\/pages\/3\/revisions\/343"}],"up":[{"embeddable":true,"href":"https:\/\/blog.hwr-berlin.de\/futuretourism\/wp-json\/wp\/v2\/pages\/63"}],"wp:attachment":[{"href":"https:\/\/blog.hwr-berlin.de\/futuretourism\/wp-json\/wp\/v2\/media?parent=3"}],"curies":[{"name":"wp","href":"https:\/\/api.w.org\/{rel}","templated":true}]}}