

{"id":63,"date":"2020-09-07T14:45:38","date_gmt":"2020-09-07T12:45:38","guid":{"rendered":"https:\/\/blog.hwr-berlin.de\/futuretourism\/?page_id=63"},"modified":"2026-02-02T18:11:11","modified_gmt":"2026-02-02T17:11:11","slug":"impressum","status":"publish","type":"page","link":"https:\/\/blog.hwr-berlin.de\/futuretourism\/impressum\/","title":{"rendered":"Impressum"},"content":{"rendered":"\t\t<div data-elementor-type=\"wp-page\" data-elementor-id=\"63\" class=\"elementor elementor-63\">\n\t\t\t\t<div class=\"elementor-element elementor-element-1a1573dc e-flex e-con-boxed e-con e-parent\" data-id=\"1a1573dc\" data-element_type=\"container\" data-e-type=\"container\">\n\t\t\t\t\t<div class=\"e-con-inner\">\n\t\t\t\t<div class=\"elementor-element elementor-element-774772a3 elementor-widget elementor-widget-text-editor\" data-id=\"774772a3\" data-element_type=\"widget\" data-e-type=\"widget\" data-widget_type=\"text-editor.default\">\n\t\t\t\t\t\t\t\t\t\n<h3 class=\"wp-block-heading\">Rechtlicher Sitz<\/h3>\n\n<p>Hochschule f\u00fcr Wirtschaft und Recht Berlin<\/p>\n\n<h3 class=\"wp-block-heading\">Anschrift<\/h3>\n\n<p>Hochschule f\u00fcr Wirtschaft und Recht Berlin<br \/>Badensche Stra\u00dfe 52<br \/>10825 Berlin<\/p>\n\n<p>Telefon: +49 (0)30 30877-0<\/p>\n\n<p>Vertretungsberechtigt: Prof. Dr. Jens Hermsdorf (Pr\u00e4sident)<br \/>Verantwortlich f\u00fcr den Inhalt: Frau Prof. Dr. Sandra Rochnowski (Koordination Projektteam ITB)<br \/>Anfragen zum Inhalt: sandra.rochnowski@hwr-berlin.de<\/p>\n\n<h3 class=\"wp-block-heading\">Rechtsform<\/h3>\n\n<p>Die Hochschule f\u00fcr Wirtschaft und Recht Berlin ist eine K\u00f6rperschaft des \u00f6ffentlichen Rechts gem. \u00a7\u00a7 1 und 2 Berliner Hochschulgesetz (BerlHG).<\/p>\n\n<p>Informationen zum Thema Datenschutz an der HWR Berlin: <a href=\"https:\/\/www.hwr-berlin.de\/service\/impressum-und-sitemap\/datenschutz\/\" target=\"_blank\" rel=\"noreferrer noopener\">Hinweise zum Datenschutz<\/a><br \/>Das Webangebot der HWR Berlin unterliegt dem geltenden Urheberrecht.<br \/>Beachten Sie bitte auch unseren Haftungsausschluss\/Disclaimer.<\/p>\n\n<p><strong>Umsatzsteueridentifikationsnummer:<\/strong> DE263545251<\/p>\n\n<h2 class=\"wp-block-heading\">Urheberrecht \/ Copyright<\/h2>\n\n<p>Alle Rechte vorbehalten, all rights reserved, Hochschule f\u00fcr Wirtschaft und Recht Berlin, 10825 Berlin.<\/p>\n\n<p>Die Online-Dokumente und Webseiten einschlie\u00dflich ihrer Teile sind urheberrechtlich gesch\u00fctzt. Sie d\u00fcrfen nur zum privaten, wissenschaftlichen und nichtgewerblichen Gebrauch zum Zweck der Information kopiert und ausgedruckt werden, wenn sie den Copyright-Hinweis enthalten. Die Hochschule f\u00fcr Wirtschaft und Recht Berlin beh\u00e4lt sich das Recht vor, diese Erlaubnis jederzeit zu widerrufen. Ohne vorherige schriftliche Genehmigung der HWR Berlin d\u00fcrfen diese Dokumente\/Webseiten nicht vervielf\u00e4ltigt, archiviert, auf einem anderen Server gespeichert, in Newsgruppen einbezogen, in Online-Diensten benutzt oder auf einer CD-ROM gespeichert werden. Sie d\u00fcrfen jedoch in einen Cache oder einen Proxy-Server zur Optimierung der Zugriffsgeschwindigkeit kopiert werden.<\/p>\n\n<p>Wir erlauben ausdr\u00fccklich und begr\u00fc\u00dfen das Zitieren unserer Dokumente und Webseiten sowie das Setzen von Links auf unsere Website.<\/p>\n\n<h2 class=\"wp-block-heading\">Haftungsausschluss &#8211; Disclaimer<\/h2>\n\n<h3 class=\"wp-block-heading\">Inhalt des Onlineangebotes<\/h3>\n\n<p>Das Webteam der HWR Berlin \u00fcbernimmt keinerlei Gew\u00e4hr f\u00fcr die Aktualit\u00e4t, Korrektheit, Vollst\u00e4ndigkeit oder Qualit\u00e4t der bereitgestellten Informationen. Haftungsanspr\u00fcche gegen das Webteam, welche sich auf Sch\u00e4den materieller oder ideeller Art beziehen, die durch die Nutzung oder Nichtnutzung der dargebotenen Informationen bzw. durch die Nutzung fehlerhafter und unvollst\u00e4ndiger Informationen verursacht wurden sind grunds\u00e4tzlich ausgeschlossen, sofern seitens des Webteams kein nachweislich vors\u00e4tzliches oder grob fahrl\u00e4ssiges Verschulden vorliegt.<\/p>\n\n<p>Alle Angebote sind freibleibend und unverbindlich. Das Webteam der HWR Berlin beh\u00e4lt es sich ausdr\u00fccklich vor, Teile der Seiten oder das gesamte Angebot ohne gesonderte Ank\u00fcndigung zu ver\u00e4ndern, zu erg\u00e4nzen, zu l\u00f6schen oder die Ver\u00f6ffentlichung zeitweise oder endg\u00fcltig einzustellen.<\/p>\n\n<h3 class=\"wp-block-heading\">Verweise und Links<\/h3>\n\n<p>Bei direkten oder indirekten Verweisen auf fremde Internetseiten (&#8222;Links&#8220;), die au\u00dferhalb des Verantwortungsbereiches des Webteams der HWR Berlin liegen, w\u00fcrde eine Haftungsverpflichtung ausschlie\u00dflich in dem Fall in Kraft treten, in dem das Webteam von den Inhalten Kenntnis hat und es ihm technisch m\u00f6glich und zumutbar w\u00e4re, die Nutzung im Falle rechtswidriger Inhalte zu verhindern.<\/p>\n\n<p>Das Webteam der HWR Berlin erkl\u00e4rt hiermit ausdr\u00fccklich, dass zum Zeitpunkt der Linksetzung keine illegalen Inhalte auf den zu verlinkenden Seiten erkennbar waren. Auf die aktuelle und zuk\u00fcnftige Gestaltung, die Inhalte oder die Urheberschaft der gelinkten\/verkn\u00fcpften Seiten hat das Webteam keinerlei Einfluss. Deshalb distanziert es sich hiermit ausdr\u00fccklich von allen Inhalten aller gelinkten\/verkn\u00fcpften Seiten, die nach der Linksetzung ver\u00e4ndert wurden. Diese Feststellung gilt f\u00fcr alle innerhalb des eigenen Internetangebotes gesetzten Links und Verweise sowie f\u00fcr Fremdeintr\u00e4ge in vom Webteam eingerichteten G\u00e4steb\u00fcchern, Diskussionsforen und Mailinglisten. F\u00fcr illegale, fehlerhafte oder unvollst\u00e4ndige Inhalte und insbesondere f\u00fcr Sch\u00e4den, die aus der Nutzung oder Nichtnutzung solcherart dargebotener Informationen entstehen, haftet allein der Anbieter der Seite, auf welche verwiesen wurde, nicht derjenige, der \u00fcber Links auf die jeweilige Ver\u00f6ffentlichung lediglich verweist.<\/p>\n\n<h3 class=\"wp-block-heading\">Urheber- und Kennzeichenrecht<\/h3>\n\n<p>Das Webteam der HWR Berlin ist bestrebt, in allen Publikationen die Urheberrechte der verwendeten Grafiken, Tondokumente, Videosequenzen und Texte zu beachten, von ihm selbst erstellte Grafiken, Tondokumente, Videosequenzen und Texte zu nutzen oder auf lizenzfreie Grafiken, Tondokumente, Videosequenzen und Texte zur\u00fcckzugreifen.<\/p>\n\n<p>Alle innerhalb des Internetangebotes genannten und ggf. durch Dritte gesch\u00fctzten Marken- und Warenzeichen unterliegen uneingeschr\u00e4nkt den Bestimmungen des jeweils g\u00fcltigen Kennzeichenrechts und den Besitzrechten der jeweiligen eingetragenen Eigent\u00fcmer. Allein aufgrund der blo\u00dfen Nennung ist nicht der Schluss zu ziehen, dass Markenzeichen nicht durch Rechte Dritter gesch\u00fctzt sind!<\/p>\n\n<p>Das Copyright f\u00fcr ver\u00f6ffentlichte, vom Webteam der HWR Berlin selbst erstellte Objekte bleibt allein bei der HWR Berlin. Eine Vervielf\u00e4ltigung oder Verwendung solcher Grafiken, Tondokumente, Videosequenzen und Texte in anderen elektronischen oder gedruckten Publikationen ist ohne ausdr\u00fcckliche Zustimmung des Webteams der HWR Berlin nicht gestattet.<\/p>\n\n<h3 class=\"wp-block-heading\">Datenschutz<\/h3>\n\n<p>Sofern innerhalb des Internetangebotes die M\u00f6glichkeit zur Eingabe pers\u00f6nlicher oder gesch\u00e4ftlicher Daten (E-Mail-Adressen, Namen, Anschriften) besteht, so erfolgt die Preisgabe dieser Daten seitens des Nutzers auf ausdr\u00fccklich freiwilliger Basis. Die Inanspruchnahme und Bezahlung aller angebotenen Dienste ist &#8211; soweit technisch m\u00f6glich und zumutbar &#8211; auch ohne Angabe solcher Daten bzw. unter Angabe anonymisierter Daten oder eines Pseudonyms gestattet.<\/p>\n\n<ul class=\"wp-block-list\">\n<li><a href=\"https:\/\/www.hwr-berlin.de\/footer\/datenschutz\/\">Weitere Informationen zum Datenschutz<\/a><\/li>\n<\/ul>\n\n<h3 class=\"wp-block-heading\">Rechtswirksamkeit dieses Haftungsausschlusses<\/h3>\n\n<p>Dieser Haftungsausschluss ist als Teil des Internetangebotes zu betrachten, von dem aus auf diese Seite verwiesen wurde. Sofern Teile oder einzelne Formulierungen dieses Textes der geltenden Rechtslage nicht, nicht mehr oder nicht vollst\u00e4ndig entsprechen sollten, bleiben die \u00fcbrigen Teile des Dokumentes in ihrem Inhalt und ihrer G\u00fcltigkeit davon unber\u00fchrt.<\/p>\n\n<h3 class=\"wp-block-heading\">Analysedienste<\/h3>\n\n<p>Um das Webangebot der Domain <a href=\"https:\/\/www.hwr-berlin.de\/\" target=\"_blank\" rel=\"noreferrer noopener\">www.hwr-berlin.de<\/a> zu optimieren und unzul\u00e4ssige Zugriffsversuche auf die o.g. Webseite zu identifizieren und nachzuverfolgen, speichert die HWR Berlin Nutzungsdaten. Diese Daten werden zur Erstellung anonymisierter Zugriffsstatistiken genutzt.<\/p>\n\n<p>Bei der Nutzung des Webangebots der HWR Berlin werden in den vom Server automatisch erstellten Log-Files verschiedene Informationen gespeichert: die von Ihnen besuchte Webseite, die Webseite, von der aus Sie zu dieser Seite gelangen (bei Suchmaschinen au\u00dferdem die eingegebenen Begriffe), Datum und Uhrzeit des Aufrufs, das von Ihnen verwendete Betriebssystem und der Browser (Firefox, Internet Explorer, etc.) sowie Merkmale des verwendeten Displays. Dar\u00fcber hinaus werden die Gr\u00f6\u00dfe der \u00fcbertragenen Datenmenge, ein so genannter HTTP-Statuscode und die IP-Adresse des zugreifenden Rechners gespeichert. Diese wird jedoch durch das L\u00f6schen des letzten Oktetts dieser Adresse sofort anonymisiert.<\/p>\n\n<p>Bei diesen Informationen handelt es sich um Daten ohne unmittelbaren Personenbezug. Das Webteam der HWR Berlin erhebt und nutzt diese Daten ausschlie\u00dflich f\u00fcr die anonymisierte Auswertung zu statistischen Zwecken (z.B. zur Analyse des Nutzungsverhaltens), um seine digitalen Angebote zu verbessern. Dabei ist es nicht m\u00f6glich, die Auswertungsergebnisse einer bestimmten IP-Adresse zuzuordnen.<\/p>\n\n<p>Zur Erhebung und Nutzung der o.g. Daten wird Matomo (ehem. Piwik), eine Open-Source-Anwendung f\u00fcr Webanalytik, eingesetzt. Die Daten werden nicht an Dritte weitergegeben oder au\u00dferhalb der HWR Berlin genutzt.<\/p>\n\n<p>Wenn Sie mit der Spei\u00adche\u00adrung und Aus\u00adwer\u00adtung die\u00adser Daten aus Ihrem Besuch nicht ein\u00adver\u00adstan\u00adden sind, k\u00f6n\u00adnen Sie der Spei\u00adche\u00adrung und Nut\u00adzung nachfolgend per Maus\u00adklick jederzeit wider\u00adspre\u00adchen. In diesem Fall wird in Ihrem Browser ein sogenannter Opt-Out-Cookie abgelegt, was zur Folge hat, dass Matomo kei\u00adner\u00adlei Sit\u00adzungs\u00adda\u00adten erhebt. Achtung: Wenn Sie Ihre Cookies l\u00f6schen, wird auch das Opt-Out-Cookie gel\u00f6scht. Sie m\u00fcssten diesen dann ggf. erneut aktivieren.<\/p>\n\t\t\t\t\t\t\t\t<\/div>\n\t\t\t\t\t<\/div>\n\t\t\t\t<\/div>\n\t\t\t\t<\/div>\n\t\t","protected":false},"excerpt":{"rendered":"<p>Rechtlicher Sitz Hochschule f\u00fcr Wirtschaft und Recht Berlin Anschrift Hochschule f\u00fcr Wirtschaft und Recht BerlinBadensche Stra\u00dfe 5210825 Berlin Telefon: +49 (0)30 30877-0 Vertretungsberechtigt: Prof. Dr. Jens Hermsdorf (Pr\u00e4sident)Verantwortlich f\u00fcr den Inhalt: Frau Prof. Dr. Sandra Rochnowski (Koordination Projektteam ITB)Anfragen zum Inhalt: sandra.rochnowski@hwr-berlin.de Rechtsform Die Hochschule f\u00fcr Wirtschaft und Recht Berlin ist eine K\u00f6rperschaft des \u00f6ffentlichen &hellip; <\/p>\n<p class=\"link-more\"><a href=\"https:\/\/blog.hwr-berlin.de\/futuretourism\/impressum\/\" class=\"more-link\"><span class=\"screen-reader-text\">\u201eImpressum\u201c <\/span>weiterlesen<\/a><\/p>\n","protected":false},"author":9,"featured_media":0,"parent":0,"menu_order":0,"comment_status":"closed","ping_status":"closed","template":"","meta":{"footnotes":""},"class_list":["post-63","page","type-page","status-publish","hentry"],"yoast_head":"<!-- This site is optimized with the Yoast SEO plugin v27.4 - https:\/\/yoast.com\/product\/yoast-seo-wordpress\/ -->\n<title>Impressum - futuretourism<\/title>\n<meta name=\"robots\" content=\"index, follow, max-snippet:-1, max-image-preview:large, max-video-preview:-1\" \/>\n<link rel=\"canonical\" href=\"https:\/\/blog.hwr-berlin.de\/futuretourism\/impressum\/\" \/>\n<meta property=\"og:locale\" content=\"de_DE\" \/>\n<meta property=\"og:type\" content=\"article\" \/>\n<meta property=\"og:title\" content=\"Impressum - futuretourism\" \/>\n<meta property=\"og:description\" content=\"Rechtlicher Sitz Hochschule f\u00fcr Wirtschaft und Recht Berlin Anschrift Hochschule f\u00fcr Wirtschaft und Recht BerlinBadensche Stra\u00dfe 5210825 Berlin Telefon: +49 (0)30 30877-0 Vertretungsberechtigt: Prof. Dr. Jens Hermsdorf (Pr\u00e4sident)Verantwortlich f\u00fcr den Inhalt: Frau Prof. Dr. Sandra Rochnowski (Koordination Projektteam ITB)Anfragen zum Inhalt: sandra.rochnowski@hwr-berlin.de Rechtsform Die Hochschule f\u00fcr Wirtschaft und Recht Berlin ist eine K\u00f6rperschaft des \u00f6ffentlichen &hellip; \u201eImpressum\u201c weiterlesen\" \/>\n<meta property=\"og:url\" content=\"https:\/\/blog.hwr-berlin.de\/futuretourism\/impressum\/\" \/>\n<meta property=\"og:site_name\" content=\"futuretourism\" \/>\n<meta property=\"article:modified_time\" content=\"2026-02-02T17:11:11+00:00\" \/>\n<meta name=\"twitter:card\" content=\"summary_large_image\" \/>\n<meta name=\"twitter:label1\" content=\"Gesch\u00e4tzte Lesezeit\" \/>\n\t<meta name=\"twitter:data1\" content=\"6\u00a0Minuten\" \/>\n<script type=\"application\/ld+json\" class=\"yoast-schema-graph\">{\"@context\":\"https:\\\/\\\/schema.org\",\"@graph\":[{\"@type\":\"WebPage\",\"@id\":\"https:\\\/\\\/blog.hwr-berlin.de\\\/futuretourism\\\/impressum\\\/\",\"url\":\"https:\\\/\\\/blog.hwr-berlin.de\\\/futuretourism\\\/impressum\\\/\",\"name\":\"Impressum - futuretourism\",\"isPartOf\":{\"@id\":\"https:\\\/\\\/blog.hwr-berlin.de\\\/futuretourism\\\/#website\"},\"datePublished\":\"2020-09-07T12:45:38+00:00\",\"dateModified\":\"2026-02-02T17:11:11+00:00\",\"breadcrumb\":{\"@id\":\"https:\\\/\\\/blog.hwr-berlin.de\\\/futuretourism\\\/impressum\\\/#breadcrumb\"},\"inLanguage\":\"de\",\"potentialAction\":[{\"@type\":\"ReadAction\",\"target\":[\"https:\\\/\\\/blog.hwr-berlin.de\\\/futuretourism\\\/impressum\\\/\"]}]},{\"@type\":\"BreadcrumbList\",\"@id\":\"https:\\\/\\\/blog.hwr-berlin.de\\\/futuretourism\\\/impressum\\\/#breadcrumb\",\"itemListElement\":[{\"@type\":\"ListItem\",\"position\":1,\"name\":\"Startseite\",\"item\":\"https:\\\/\\\/blog.hwr-berlin.de\\\/futuretourism\\\/\"},{\"@type\":\"ListItem\",\"position\":2,\"name\":\"Impressum\"}]},{\"@type\":\"WebSite\",\"@id\":\"https:\\\/\\\/blog.hwr-berlin.de\\\/futuretourism\\\/#website\",\"url\":\"https:\\\/\\\/blog.hwr-berlin.de\\\/futuretourism\\\/\",\"name\":\"futuretourism\",\"description\":\"digital, nachhaltig, wandelbar\",\"publisher\":{\"@id\":\"https:\\\/\\\/blog.hwr-berlin.de\\\/futuretourism\\\/#organization\"},\"potentialAction\":[{\"@type\":\"SearchAction\",\"target\":{\"@type\":\"EntryPoint\",\"urlTemplate\":\"https:\\\/\\\/blog.hwr-berlin.de\\\/futuretourism\\\/?s={search_term_string}\"},\"query-input\":{\"@type\":\"PropertyValueSpecification\",\"valueRequired\":true,\"valueName\":\"search_term_string\"}}],\"inLanguage\":\"de\"},{\"@type\":\"Organization\",\"@id\":\"https:\\\/\\\/blog.hwr-berlin.de\\\/futuretourism\\\/#organization\",\"name\":\"futuretourism\",\"url\":\"https:\\\/\\\/blog.hwr-berlin.de\\\/futuretourism\\\/\",\"logo\":{\"@type\":\"ImageObject\",\"inLanguage\":\"de\",\"@id\":\"https:\\\/\\\/blog.hwr-berlin.de\\\/futuretourism\\\/#\\\/schema\\\/logo\\\/image\\\/\",\"url\":\"https:\\\/\\\/blog.hwr-berlin.de\\\/futuretourism\\\/wp-content\\\/uploads_future\\\/2026\\\/01\\\/cropped-STACKED-scaled-1.jpg\",\"contentUrl\":\"https:\\\/\\\/blog.hwr-berlin.de\\\/futuretourism\\\/wp-content\\\/uploads_future\\\/2026\\\/01\\\/cropped-STACKED-scaled-1.jpg\",\"width\":562,\"height\":250,\"caption\":\"futuretourism\"},\"image\":{\"@id\":\"https:\\\/\\\/blog.hwr-berlin.de\\\/futuretourism\\\/#\\\/schema\\\/logo\\\/image\\\/\"}}]}<\/script>\n<!-- \/ Yoast SEO plugin. -->","yoast_head_json":{"title":"Impressum - futuretourism","robots":{"index":"index","follow":"follow","max-snippet":"max-snippet:-1","max-image-preview":"max-image-preview:large","max-video-preview":"max-video-preview:-1"},"canonical":"https:\/\/blog.hwr-berlin.de\/futuretourism\/impressum\/","og_locale":"de_DE","og_type":"article","og_title":"Impressum - futuretourism","og_description":"Rechtlicher Sitz Hochschule f\u00fcr Wirtschaft und Recht Berlin Anschrift Hochschule f\u00fcr Wirtschaft und Recht BerlinBadensche Stra\u00dfe 5210825 Berlin Telefon: +49 (0)30 30877-0 Vertretungsberechtigt: Prof. Dr. Jens Hermsdorf (Pr\u00e4sident)Verantwortlich f\u00fcr den Inhalt: Frau Prof. Dr. Sandra Rochnowski (Koordination Projektteam ITB)Anfragen zum Inhalt: sandra.rochnowski@hwr-berlin.de Rechtsform Die Hochschule f\u00fcr Wirtschaft und Recht Berlin ist eine K\u00f6rperschaft des \u00f6ffentlichen &hellip; \u201eImpressum\u201c weiterlesen","og_url":"https:\/\/blog.hwr-berlin.de\/futuretourism\/impressum\/","og_site_name":"futuretourism","article_modified_time":"2026-02-02T17:11:11+00:00","twitter_card":"summary_large_image","twitter_misc":{"Gesch\u00e4tzte Lesezeit":"6\u00a0Minuten"},"schema":{"@context":"https:\/\/schema.org","@graph":[{"@type":"WebPage","@id":"https:\/\/blog.hwr-berlin.de\/futuretourism\/impressum\/","url":"https:\/\/blog.hwr-berlin.de\/futuretourism\/impressum\/","name":"Impressum - futuretourism","isPartOf":{"@id":"https:\/\/blog.hwr-berlin.de\/futuretourism\/#website"},"datePublished":"2020-09-07T12:45:38+00:00","dateModified":"2026-02-02T17:11:11+00:00","breadcrumb":{"@id":"https:\/\/blog.hwr-berlin.de\/futuretourism\/impressum\/#breadcrumb"},"inLanguage":"de","potentialAction":[{"@type":"ReadAction","target":["https:\/\/blog.hwr-berlin.de\/futuretourism\/impressum\/"]}]},{"@type":"BreadcrumbList","@id":"https:\/\/blog.hwr-berlin.de\/futuretourism\/impressum\/#breadcrumb","itemListElement":[{"@type":"ListItem","position":1,"name":"Startseite","item":"https:\/\/blog.hwr-berlin.de\/futuretourism\/"},{"@type":"ListItem","position":2,"name":"Impressum"}]},{"@type":"WebSite","@id":"https:\/\/blog.hwr-berlin.de\/futuretourism\/#website","url":"https:\/\/blog.hwr-berlin.de\/futuretourism\/","name":"futuretourism","description":"digital, nachhaltig, wandelbar","publisher":{"@id":"https:\/\/blog.hwr-berlin.de\/futuretourism\/#organization"},"potentialAction":[{"@type":"SearchAction","target":{"@type":"EntryPoint","urlTemplate":"https:\/\/blog.hwr-berlin.de\/futuretourism\/?s={search_term_string}"},"query-input":{"@type":"PropertyValueSpecification","valueRequired":true,"valueName":"search_term_string"}}],"inLanguage":"de"},{"@type":"Organization","@id":"https:\/\/blog.hwr-berlin.de\/futuretourism\/#organization","name":"futuretourism","url":"https:\/\/blog.hwr-berlin.de\/futuretourism\/","logo":{"@type":"ImageObject","inLanguage":"de","@id":"https:\/\/blog.hwr-berlin.de\/futuretourism\/#\/schema\/logo\/image\/","url":"https:\/\/blog.hwr-berlin.de\/futuretourism\/wp-content\/uploads_future\/2026\/01\/cropped-STACKED-scaled-1.jpg","contentUrl":"https:\/\/blog.hwr-berlin.de\/futuretourism\/wp-content\/uploads_future\/2026\/01\/cropped-STACKED-scaled-1.jpg","width":562,"height":250,"caption":"futuretourism"},"image":{"@id":"https:\/\/blog.hwr-berlin.de\/futuretourism\/#\/schema\/logo\/image\/"}}]}},"_links":{"self":[{"href":"https:\/\/blog.hwr-berlin.de\/futuretourism\/wp-json\/wp\/v2\/pages\/63","targetHints":{"allow":["GET"]}}],"collection":[{"href":"https:\/\/blog.hwr-berlin.de\/futuretourism\/wp-json\/wp\/v2\/pages"}],"about":[{"href":"https:\/\/blog.hwr-berlin.de\/futuretourism\/wp-json\/wp\/v2\/types\/page"}],"author":[{"embeddable":true,"href":"https:\/\/blog.hwr-berlin.de\/futuretourism\/wp-json\/wp\/v2\/users\/9"}],"replies":[{"embeddable":true,"href":"https:\/\/blog.hwr-berlin.de\/futuretourism\/wp-json\/wp\/v2\/comments?post=63"}],"version-history":[{"count":8,"href":"https:\/\/blog.hwr-berlin.de\/futuretourism\/wp-json\/wp\/v2\/pages\/63\/revisions"}],"predecessor-version":[{"id":2170,"href":"https:\/\/blog.hwr-berlin.de\/futuretourism\/wp-json\/wp\/v2\/pages\/63\/revisions\/2170"}],"wp:attachment":[{"href":"https:\/\/blog.hwr-berlin.de\/futuretourism\/wp-json\/wp\/v2\/media?parent=63"}],"curies":[{"name":"wp","href":"https:\/\/api.w.org\/{rel}","templated":true}]}}