

{"id":8,"date":"2022-07-11T10:12:09","date_gmt":"2022-07-11T08:12:09","guid":{"rendered":"https:\/\/blog.hwr-berlin.de\/glienicker-gespraeche\/?page_id=8"},"modified":"2022-07-25T14:31:38","modified_gmt":"2022-07-25T12:31:38","slug":"startseite","status":"publish","type":"page","link":"https:\/\/blog.hwr-berlin.de\/glienicker-gespraeche\/","title":{"rendered":"Glienicker Gespr\u00e4che"},"content":{"rendered":"\n<p>Seit 1987 f\u00fchrt die ehemalige FHVR Berlin, seit 1.4.2009 fusioniert zur Hochschule f\u00fcr Wirtschaft und Recht Berlin (HWR Berlin), j\u00e4hrlich die sogenannten &#8222;Glienicker Gespr\u00e4che&#8220; durch. Der Name f\u00fchrt zur\u00fcck auf den urspr\u00fcnglichen Tagungsort &#8222;Jagdschloss Glienicke&#8220; in Berlin-Zehlendorf.<\/p>\n\n\n\n<p><\/p>\n","protected":false},"excerpt":{"rendered":"<p>Seit 1987 f\u00fchrt die ehemalige FHVR Berlin, seit 1.4.2009 fusioniert zur Hochschule f\u00fcr Wirtschaft und Recht Berlin (HWR Berlin), j\u00e4hrlich die sogenannten &#8222;Glienicker Gespr\u00e4che&#8220; durch. Der Name f\u00fchrt zur\u00fcck auf den urspr\u00fcnglichen Tagungsort &#8222;Jagdschloss Glienicke&#8220; in Berlin-Zehlendorf.<\/p>\n","protected":false},"author":1,"featured_media":51,"parent":0,"menu_order":0,"comment_status":"closed","ping_status":"closed","template":"","meta":{"footnotes":""},"class_list":["post-8","page","type-page","status-publish","has-post-thumbnail","hentry"],"_links":{"self":[{"href":"https:\/\/blog.hwr-berlin.de\/glienicker-gespraeche\/wp-json\/wp\/v2\/pages\/8","targetHints":{"allow":["GET"]}}],"collection":[{"href":"https:\/\/blog.hwr-berlin.de\/glienicker-gespraeche\/wp-json\/wp\/v2\/pages"}],"about":[{"href":"https:\/\/blog.hwr-berlin.de\/glienicker-gespraeche\/wp-json\/wp\/v2\/types\/page"}],"author":[{"embeddable":true,"href":"https:\/\/blog.hwr-berlin.de\/glienicker-gespraeche\/wp-json\/wp\/v2\/users\/1"}],"replies":[{"embeddable":true,"href":"https:\/\/blog.hwr-berlin.de\/glienicker-gespraeche\/wp-json\/wp\/v2\/comments?post=8"}],"version-history":[{"count":4,"href":"https:\/\/blog.hwr-berlin.de\/glienicker-gespraeche\/wp-json\/wp\/v2\/pages\/8\/revisions"}],"predecessor-version":[{"id":63,"href":"https:\/\/blog.hwr-berlin.de\/glienicker-gespraeche\/wp-json\/wp\/v2\/pages\/8\/revisions\/63"}],"wp:featuredmedia":[{"embeddable":true,"href":"https:\/\/blog.hwr-berlin.de\/glienicker-gespraeche\/wp-json\/wp\/v2\/media\/51"}],"wp:attachment":[{"href":"https:\/\/blog.hwr-berlin.de\/glienicker-gespraeche\/wp-json\/wp\/v2\/media?parent=8"}],"curies":[{"name":"wp","href":"https:\/\/api.w.org\/{rel}","templated":true}]}}