

{"id":34,"date":"2022-09-12T10:05:19","date_gmt":"2022-09-12T08:05:19","guid":{"rendered":"https:\/\/blog.hwr-berlin.de\/gremieninfo\/?page_id=34"},"modified":"2025-11-17T11:17:05","modified_gmt":"2025-11-17T10:17:05","slug":"allgemeines","status":"publish","type":"page","link":"https:\/\/blog.hwr-berlin.de\/gremieninfo\/haeufig-gestellte-fragen-faq\/allgemeines\/","title":{"rendered":"Allgemeines"},"content":{"rendered":"\n<h3 class=\"wp-block-heading has-vivid-red-color has-text-color\"><strong><em>Wo sind die wesentlichen Vorgaben zur Vorbereitung und Durchf\u00fchrung einer Sitzung zu finden?<\/em><\/strong><\/h3>\n\n\n\n<p>Grundlegende Regelungen, z. B. zu Stimmrecht, Beschlussfassung, Wahlen, Amtszeiten oder \u00d6ffentlichkeit, sind im <a href=\"https:\/\/gesetze.berlin.de\/bsbe\/document\/jlr-HSchulGBE2011rahmen\" target=\"_blank\" rel=\"noreferrer noopener\">Berliner Hochschulgesetz<\/a> (BerlHG) in den \u00a7\u00a7 46-50 zu finden.<\/p>\n\n\n\n<p>Details zur Vorbereitung und Durchf\u00fchrungen von Sitzungen sind in der <a href=\"https:\/\/www.hwr-berlin.de\/fileadmin\/portal\/Dokumente\/HWR-Berlin\/Mitteilungsbl%C3%A4tter\/2023\/Mitteilungsblatt_61-2023_ZHV_Gesch%C3%A4ftsordnung_Akademischer_Senat.pdf\" target=\"_blank\" rel=\"noreferrer noopener\">Gesch\u00e4ftsordnung des AS<\/a> (soweit sich das jeweilige Gremium nicht eine eigene Gesch\u00e4ftsordnung gegeben hat) geregelt. Dazu geh\u00f6ren beispielsweise auch Einladungsfristen, Regelungen zum Ablauf und zum Protokoll. Diese Informationen sind insbesondere f\u00fcr Vorsitzende der zentralen Gremien wichtig.<\/p>\n\n\n\n<h3 class=\"wp-block-heading has-vivid-red-color has-text-color\"><strong><em>Wo finde ich eine \u00dcbersicht \u00fcber die Mitglieder und stellvertretenden Mitglieder meines Gremiums?<\/em><\/strong><\/h3>\n\n\n\n<p>Die aktuellen Mitglieder und ihre Stellvertreter*innen sind \u00fcber die Gremienverwaltungssoftware Allris zu finden: <a href=\"https:\/\/gremieninfo.hwr-berlin.de\" target=\"_blank\" rel=\"noreferrer noopener\">https:\/\/gremieninfo.hwr-berlin.de<\/a> (auf \u201aInformationen\u2018 klicken). In der Navigationsleiste oben links k\u00f6nnen Sie unter \u201eGremieninfo\u201c das gew\u00fcnschte Gremium ausw\u00e4hlen. Mit erneuten Klick auf &nbsp;das Gremium erscheint eine \u00dcbersicht der Mitglieder und ihrer Stellvertreter*innen.<\/p>\n\n\n\n<h3 class=\"wp-block-heading has-vivid-red-color has-text-color\"><strong><em>Wo finde ich Sitzungstermine und Protokolle vergangener Sitzungen?<\/em><\/strong><\/h3>\n\n\n\n<p>Auch diese Informationen finden sich in <a href=\"https:\/\/gremieninfo.hwr-berlin.de\/\" target=\"_blank\" rel=\"noreferrer noopener\">Allris<\/a>. In der Navigationsleiste gibt es den Punkt \u201eSitzungen\u201c mit dem Unterpunkt \u201e\u00dcbersicht\u201c. Hier k\u00f6nnen Sie \u00fcber das Dropdown-Men\u00fc das entsprechende Gremium ausw\u00e4hlen und dann auf die Lupe klicken. Vergangene und bereits geplante zuk\u00fcnftige Sitzungstermine werden nun eingeblendet; die entsprechenden Tagesordnungen (TO) und Protokolle (Pro) k\u00f6nnen \u00fcber einen Mausklick ge\u00f6ffnet werden. Protokollinformationen zu nicht-\u00f6ffentlich behandelten Tagesordnungspunkten sind nur den Mitgliedern des jeweiligen Gremiums zug\u00e4nglich (\u00fcber Login in Allris).<\/p>\n\n\n\n<h3 class=\"wp-block-heading has-vivid-red-color has-text-color\"><strong><em>Wen kann ich ansprechen, wenn ich Fragen habe, die hier nicht beantwortet werden?<\/em><\/strong><\/h3>\n\n\n\n<p>F\u00fcr die zentralen Gremien gibt es im Pr\u00e4sidialbereich das Arbeitsgebiet \u201eGremien und Wahlen\u201c, das per E-Mail unter <a href=\"mailto:gremienreferat@hwr-berlin.de\">gremienreferat@hwr-berlin.de<\/a> erreichbar ist. Wenn es um ein Fachbereichsgremium geht, informieren Sie sich bitte an dem jeweiligen Fachbereich, wer mit der Gremienbetreuung betraut ist.<\/p>\n","protected":false},"excerpt":{"rendered":"<p>Wo sind die wesentlichen Vorgaben zur Vorbereitung und Durchf\u00fchrung einer Sitzung zu finden? Grundlegende Regelungen, z. B. zu Stimmrecht, Beschlussfassung, Wahlen, Amtszeiten oder \u00d6ffentlichkeit, sind im Berliner Hochschulgesetz (BerlHG) in den \u00a7\u00a7 46-50 zu finden. Details zur Vorbereitung und Durchf\u00fchrungen von Sitzungen sind in der Gesch\u00e4ftsordnung des AS (soweit sich das jeweilige Gremium nicht eine &hellip; <\/p>\n<p class=\"link-more\"><a href=\"https:\/\/blog.hwr-berlin.de\/gremieninfo\/haeufig-gestellte-fragen-faq\/allgemeines\/\" class=\"more-link\"><span class=\"screen-reader-text\">\u201eAllgemeines\u201c <\/span>weiterlesen<\/a><\/p>\n","protected":false},"author":2,"featured_media":0,"parent":30,"menu_order":1,"comment_status":"closed","ping_status":"closed","template":"","meta":{"footnotes":""},"class_list":["post-34","page","type-page","status-publish","hentry"],"_links":{"self":[{"href":"https:\/\/blog.hwr-berlin.de\/gremieninfo\/wp-json\/wp\/v2\/pages\/34","targetHints":{"allow":["GET"]}}],"collection":[{"href":"https:\/\/blog.hwr-berlin.de\/gremieninfo\/wp-json\/wp\/v2\/pages"}],"about":[{"href":"https:\/\/blog.hwr-berlin.de\/gremieninfo\/wp-json\/wp\/v2\/types\/page"}],"author":[{"embeddable":true,"href":"https:\/\/blog.hwr-berlin.de\/gremieninfo\/wp-json\/wp\/v2\/users\/2"}],"replies":[{"embeddable":true,"href":"https:\/\/blog.hwr-berlin.de\/gremieninfo\/wp-json\/wp\/v2\/comments?post=34"}],"version-history":[{"count":8,"href":"https:\/\/blog.hwr-berlin.de\/gremieninfo\/wp-json\/wp\/v2\/pages\/34\/revisions"}],"predecessor-version":[{"id":106,"href":"https:\/\/blog.hwr-berlin.de\/gremieninfo\/wp-json\/wp\/v2\/pages\/34\/revisions\/106"}],"up":[{"embeddable":true,"href":"https:\/\/blog.hwr-berlin.de\/gremieninfo\/wp-json\/wp\/v2\/pages\/30"}],"wp:attachment":[{"href":"https:\/\/blog.hwr-berlin.de\/gremieninfo\/wp-json\/wp\/v2\/media?parent=34"}],"curies":[{"name":"wp","href":"https:\/\/api.w.org\/{rel}","templated":true}]}}