

{"id":38,"date":"2022-09-12T09:45:54","date_gmt":"2022-09-12T07:45:54","guid":{"rendered":"https:\/\/blog.hwr-berlin.de\/gremieninfo\/?page_id=38"},"modified":"2025-11-17T11:20:55","modified_gmt":"2025-11-17T10:20:55","slug":"antraege","status":"publish","type":"page","link":"https:\/\/blog.hwr-berlin.de\/gremieninfo\/haeufig-gestellte-fragen-faq\/antraege\/","title":{"rendered":"Antr\u00e4ge"},"content":{"rendered":"\n<h3 class=\"wp-block-heading has-vivid-red-color has-text-color\"><strong><em>Wer kann Antr\u00e4ge in einem Gremium stellen?<\/em><\/strong><\/h3>\n\n\n\n<p>Antragsberechtigt sind die Mitglieder des jeweiligen Gremiums sowie die Personen mit Antrags- und Rederecht (in der Regel die Frauen-\/Gleichstellungsbeauftragte, der AStA und der Personalrat, ggf. weitere \u2013 dazu mehr in der <a href=\"https:\/\/www.hwr-berlin.de\/fileadmin\/portal\/Dokumente\/HWR-Berlin\/Mitteilungsbl%C3%A4tter\/2023\/Mitteilungsblatt_61-2023_ZHV_Gesch%C3%A4ftsordnung_Akademischer_Senat.pdf\" target=\"_blank\" rel=\"noreferrer noopener\">Gesch\u00e4ftsordnung <\/a>und der <a href=\"https:\/\/www.hwr-berlin.de\/fileadmin\/portal\/Dokumente\/HWR-Berlin\/Mitteilungsbl%C3%A4tter\/2023\/Mitteilungsblatt_50-2023_ZHV_Grundordnung_der_HWR_Berlin_d_e.pdf\" target=\"_blank\" rel=\"noreferrer noopener\">Grundordnung<\/a>).<\/p>\n\n\n\n<h3 class=\"wp-block-heading has-vivid-red-color has-text-color\"><strong><em>Wie erfolgt die Antragstellung?<\/em><\/strong><\/h3>\n\n\n\n<p>In der Regel wird ein Antrag mit einer schriftlichen Vorlage eingereicht. Musterformulare f\u00fcr Vorlagen (Beschlussvorlage\/Berichtsvorlage) finden Sie im <a href=\"https:\/\/intranet.hwr-berlin.de\/hochschule\/hochschule-im-ueberblick\/gremien\/\" target=\"_blank\" rel=\"noreferrer noopener\">Intranet<\/a>. Sie sind f\u00fcr das jeweilige Gremium anzupassen. Diese lassen Sie ausgef\u00fcllt dem <a href=\"mailto:gremienreferat@hwr-berlin.de\">Gremienreferat <\/a>(bei dezentralen Gremien der\/dem zust\u00e4ndige*n Sachbearbeiter*in f\u00fcr das Gremium) bis zum Vorlagenschluss zukommen. Vorlagenschluss ist in der Regel ca. zwei Wochen vor der n\u00e4chsten Sitzung. In einzelnen F\u00e4llen kann in der Sitzung auch m\u00fcndlich ein Antrag gestellt werden.<\/p>\n\n\n\n<p><\/p>\n","protected":false},"excerpt":{"rendered":"<p>Wer kann Antr\u00e4ge in einem Gremium stellen? Antragsberechtigt sind die Mitglieder des jeweiligen Gremiums sowie die Personen mit Antrags- und Rederecht (in der Regel die Frauen-\/Gleichstellungsbeauftragte, der AStA und der Personalrat, ggf. weitere \u2013 dazu mehr in der Gesch\u00e4ftsordnung und der Grundordnung). Wie erfolgt die Antragstellung? In der Regel wird ein Antrag mit einer schriftlichen &hellip; <\/p>\n<p class=\"link-more\"><a href=\"https:\/\/blog.hwr-berlin.de\/gremieninfo\/haeufig-gestellte-fragen-faq\/antraege\/\" class=\"more-link\"><span class=\"screen-reader-text\">\u201eAntr\u00e4ge\u201c <\/span>weiterlesen<\/a><\/p>\n","protected":false},"author":2,"featured_media":0,"parent":30,"menu_order":2,"comment_status":"closed","ping_status":"closed","template":"","meta":{"footnotes":""},"class_list":["post-38","page","type-page","status-publish","hentry"],"_links":{"self":[{"href":"https:\/\/blog.hwr-berlin.de\/gremieninfo\/wp-json\/wp\/v2\/pages\/38","targetHints":{"allow":["GET"]}}],"collection":[{"href":"https:\/\/blog.hwr-berlin.de\/gremieninfo\/wp-json\/wp\/v2\/pages"}],"about":[{"href":"https:\/\/blog.hwr-berlin.de\/gremieninfo\/wp-json\/wp\/v2\/types\/page"}],"author":[{"embeddable":true,"href":"https:\/\/blog.hwr-berlin.de\/gremieninfo\/wp-json\/wp\/v2\/users\/2"}],"replies":[{"embeddable":true,"href":"https:\/\/blog.hwr-berlin.de\/gremieninfo\/wp-json\/wp\/v2\/comments?post=38"}],"version-history":[{"count":6,"href":"https:\/\/blog.hwr-berlin.de\/gremieninfo\/wp-json\/wp\/v2\/pages\/38\/revisions"}],"predecessor-version":[{"id":128,"href":"https:\/\/blog.hwr-berlin.de\/gremieninfo\/wp-json\/wp\/v2\/pages\/38\/revisions\/128"}],"up":[{"embeddable":true,"href":"https:\/\/blog.hwr-berlin.de\/gremieninfo\/wp-json\/wp\/v2\/pages\/30"}],"wp:attachment":[{"href":"https:\/\/blog.hwr-berlin.de\/gremieninfo\/wp-json\/wp\/v2\/media?parent=38"}],"curies":[{"name":"wp","href":"https:\/\/api.w.org\/{rel}","templated":true}]}}