

{"id":5,"date":"2022-09-08T11:10:24","date_gmt":"2022-09-08T09:10:24","guid":{"rendered":"https:\/\/blog.hwr-berlin.de\/gremieninfo\/?page_id=5"},"modified":"2025-11-17T11:13:53","modified_gmt":"2025-11-17T10:13:53","slug":"startseite","status":"publish","type":"page","link":"https:\/\/blog.hwr-berlin.de\/gremieninfo\/","title":{"rendered":"Gremieninformationen"},"content":{"rendered":"\n<p>Willkommen auf den Informationsseiten f\u00fcr Gremienmitglieder der zentralen Gremien der HWR Berlin. Hier finden Sie Antworten auf h\u00e4ufig gestellte Fragen. Sollten Sie dar\u00fcber hinausgehende Fragen haben, wenden Sie sich gerne an uns unter <a href=\"mailto:gremienreferat@hwr-berlin.de\">gremienreferat@hwr-berlin.de<\/a>. Wir bem\u00fchen uns, Ihnen so schnell wie m\u00f6glich weiterzuhelfen.<\/p>\n\n\n\n<p>Ihr Team Gremien &amp; Wahlen des Pr\u00e4sidialbereichs<\/p>\n","protected":false},"excerpt":{"rendered":"<p>Willkommen auf den Informationsseiten f\u00fcr Gremienmitglieder der zentralen Gremien der HWR Berlin. Hier finden Sie Antworten auf h\u00e4ufig gestellte Fragen. Sollten Sie dar\u00fcber hinausgehende Fragen haben, wenden Sie sich gerne an uns unter gremienreferat@hwr-berlin.de. Wir bem\u00fchen uns, Ihnen so schnell wie m\u00f6glich weiterzuhelfen. Ihr Team Gremien &amp; Wahlen des Pr\u00e4sidialbereichs<\/p>\n","protected":false},"author":1,"featured_media":0,"parent":0,"menu_order":0,"comment_status":"closed","ping_status":"closed","template":"","meta":{"footnotes":""},"class_list":["post-5","page","type-page","status-publish","hentry"],"_links":{"self":[{"href":"https:\/\/blog.hwr-berlin.de\/gremieninfo\/wp-json\/wp\/v2\/pages\/5","targetHints":{"allow":["GET"]}}],"collection":[{"href":"https:\/\/blog.hwr-berlin.de\/gremieninfo\/wp-json\/wp\/v2\/pages"}],"about":[{"href":"https:\/\/blog.hwr-berlin.de\/gremieninfo\/wp-json\/wp\/v2\/types\/page"}],"author":[{"embeddable":true,"href":"https:\/\/blog.hwr-berlin.de\/gremieninfo\/wp-json\/wp\/v2\/users\/1"}],"replies":[{"embeddable":true,"href":"https:\/\/blog.hwr-berlin.de\/gremieninfo\/wp-json\/wp\/v2\/comments?post=5"}],"version-history":[{"count":3,"href":"https:\/\/blog.hwr-berlin.de\/gremieninfo\/wp-json\/wp\/v2\/pages\/5\/revisions"}],"predecessor-version":[{"id":78,"href":"https:\/\/blog.hwr-berlin.de\/gremieninfo\/wp-json\/wp\/v2\/pages\/5\/revisions\/78"}],"wp:attachment":[{"href":"https:\/\/blog.hwr-berlin.de\/gremieninfo\/wp-json\/wp\/v2\/media?parent=5"}],"curies":[{"name":"wp","href":"https:\/\/api.w.org\/{rel}","templated":true}]}}