

{"id":89,"date":"2023-02-16T13:31:49","date_gmt":"2023-02-16T12:31:49","guid":{"rendered":"https:\/\/blog.hwr-berlin.de\/gremieninfo\/?page_id=89"},"modified":"2025-11-17T11:23:34","modified_gmt":"2025-11-17T10:23:34","slug":"sitzungsleitung","status":"publish","type":"page","link":"https:\/\/blog.hwr-berlin.de\/gremieninfo\/hinweise-fuer-vorsitzende-zentraler-gremien\/sitzungsleitung\/","title":{"rendered":"Sitzungsleitung"},"content":{"rendered":"\n<p>Der Ablauf der Sitzung ist im Detail in \u00a7 4 der <a href=\"https:\/\/www.hwr-berlin.de\/fileadmin\/portal\/Dokumente\/HWR-Berlin\/Mitteilungsbl%C3%A4tter\/2023\/Mitteilungsblatt_61-2023_ZHV_Gesch%C3%A4ftsordnung_Akademischer_Senat.pdf\" target=\"_blank\" rel=\"noreferrer noopener\">Gesch\u00e4ftsordnung <\/a>beschrieben.<\/p>\n\n\n\n<p>Zu Beginn der Sitzung wird die Beschlussf\u00e4higkeit festgestellt. Sie ist gegeben, wenn mindestens die H\u00e4lfte der stimmberechtigten Mitglieder des Gremiums anwesend ist (vgl. <a href=\"https:\/\/gesetze.berlin.de\/bsbe\/document\/jlr-HSchulGBE2011V27P47\">\u00a7 47 BerlHG<\/a>).<\/p>\n\n\n\n<p><\/p>\n","protected":false},"excerpt":{"rendered":"<p>Der Ablauf der Sitzung ist im Detail in \u00a7 4 der Gesch\u00e4ftsordnung beschrieben. Zu Beginn der Sitzung wird die Beschlussf\u00e4higkeit festgestellt. Sie ist gegeben, wenn mindestens die H\u00e4lfte der stimmberechtigten Mitglieder des Gremiums anwesend ist (vgl. \u00a7 47 BerlHG).<\/p>\n","protected":false},"author":2,"featured_media":0,"parent":80,"menu_order":3,"comment_status":"closed","ping_status":"closed","template":"","meta":{"footnotes":""},"class_list":["post-89","page","type-page","status-publish","hentry"],"_links":{"self":[{"href":"https:\/\/blog.hwr-berlin.de\/gremieninfo\/wp-json\/wp\/v2\/pages\/89","targetHints":{"allow":["GET"]}}],"collection":[{"href":"https:\/\/blog.hwr-berlin.de\/gremieninfo\/wp-json\/wp\/v2\/pages"}],"about":[{"href":"https:\/\/blog.hwr-berlin.de\/gremieninfo\/wp-json\/wp\/v2\/types\/page"}],"author":[{"embeddable":true,"href":"https:\/\/blog.hwr-berlin.de\/gremieninfo\/wp-json\/wp\/v2\/users\/2"}],"replies":[{"embeddable":true,"href":"https:\/\/blog.hwr-berlin.de\/gremieninfo\/wp-json\/wp\/v2\/comments?post=89"}],"version-history":[{"count":4,"href":"https:\/\/blog.hwr-berlin.de\/gremieninfo\/wp-json\/wp\/v2\/pages\/89\/revisions"}],"predecessor-version":[{"id":129,"href":"https:\/\/blog.hwr-berlin.de\/gremieninfo\/wp-json\/wp\/v2\/pages\/89\/revisions\/129"}],"up":[{"embeddable":true,"href":"https:\/\/blog.hwr-berlin.de\/gremieninfo\/wp-json\/wp\/v2\/pages\/80"}],"wp:attachment":[{"href":"https:\/\/blog.hwr-berlin.de\/gremieninfo\/wp-json\/wp\/v2\/media?parent=89"}],"curies":[{"name":"wp","href":"https:\/\/api.w.org\/{rel}","templated":true}]}}