

{"id":93,"date":"2023-02-16T13:34:52","date_gmt":"2023-02-16T12:34:52","guid":{"rendered":"https:\/\/blog.hwr-berlin.de\/gremieninfo\/?page_id=93"},"modified":"2025-11-17T11:19:31","modified_gmt":"2025-11-17T10:19:31","slug":"umlaufverfahren","status":"publish","type":"page","link":"https:\/\/blog.hwr-berlin.de\/gremieninfo\/hinweise-fuer-vorsitzende-zentraler-gremien\/umlaufverfahren\/","title":{"rendered":"Abstimmungen und Umlaufverfahren"},"content":{"rendered":"\n<h3 class=\"wp-block-heading has-vivid-red-color has-text-color\"><strong><em>Abstimmungen<\/em><\/strong><\/h3>\n\n\n\n<p>In der Regel erfolgen Abstimmungen \u00f6ffentlich. Sollte eine geheime Abstimmung erforderlich sein (z. B. bei Wahl des Vorsitzes oder anderen Personalangelegenheiten), muss bei Online- oder Hybridsitzungen die Abstimmung aller Mitglieder digital erfolgen (\u00a7 4 (6) der <a href=\"https:\/\/www.hwr-berlin.de\/fileadmin\/portal\/Dokumente\/HWR-Berlin\/Mitteilungsbl%C3%A4tter\/2023\/Mitteilungsblatt_61-2023_ZHV_Gesch%C3%A4ftsordnung_Akademischer_Senat.pdf\">Gesch\u00e4ftsordnung<\/a>).<\/p>\n\n\n\n<h3 class=\"wp-block-heading has-vivid-red-color has-text-color\"><strong><em>Umlaufverfahren<\/em><\/strong><\/h3>\n\n\n\n<p>In Ausnahmef\u00e4llen k\u00f6nnen Beschl\u00fcsse eines Gremiums auch im Umlaufverfahren erfolgen. Genaueres dazu finden Sie in \u00a7 2 (4) der Gesch\u00e4ftsordnung. Wichtig ist, eine Frist f\u00fcr die R\u00fcckantwort anzugeben (i. d. R. 14 Tage). Zu empfehlen ist au\u00dferdem, die Mitglieder darauf hinzuweisen, dass das Umlaufverfahren unwirksam wird, wenn ein Mitglied des Gremiums diesem innerhalb der Frist f\u00fcr die R\u00fcckantwort widerspricht.<\/p>\n\n\n\n<p>Nicht oder versp\u00e4tet abgegebene Stimmen werden als Enthaltung gez\u00e4hlt.<\/p>\n","protected":false},"excerpt":{"rendered":"<p>Abstimmungen In der Regel erfolgen Abstimmungen \u00f6ffentlich. Sollte eine geheime Abstimmung erforderlich sein (z. B. bei Wahl des Vorsitzes oder anderen Personalangelegenheiten), muss bei Online- oder Hybridsitzungen die Abstimmung aller Mitglieder digital erfolgen (\u00a7 4 (6) der Gesch\u00e4ftsordnung). Umlaufverfahren In Ausnahmef\u00e4llen k\u00f6nnen Beschl\u00fcsse eines Gremiums auch im Umlaufverfahren erfolgen. Genaueres dazu finden Sie in \u00a7 &hellip; <\/p>\n<p class=\"link-more\"><a href=\"https:\/\/blog.hwr-berlin.de\/gremieninfo\/hinweise-fuer-vorsitzende-zentraler-gremien\/umlaufverfahren\/\" class=\"more-link\"><span class=\"screen-reader-text\">\u201eAbstimmungen und Umlaufverfahren\u201c <\/span>weiterlesen<\/a><\/p>\n","protected":false},"author":2,"featured_media":0,"parent":80,"menu_order":4,"comment_status":"closed","ping_status":"closed","template":"","meta":{"footnotes":""},"class_list":["post-93","page","type-page","status-publish","hentry"],"_links":{"self":[{"href":"https:\/\/blog.hwr-berlin.de\/gremieninfo\/wp-json\/wp\/v2\/pages\/93","targetHints":{"allow":["GET"]}}],"collection":[{"href":"https:\/\/blog.hwr-berlin.de\/gremieninfo\/wp-json\/wp\/v2\/pages"}],"about":[{"href":"https:\/\/blog.hwr-berlin.de\/gremieninfo\/wp-json\/wp\/v2\/types\/page"}],"author":[{"embeddable":true,"href":"https:\/\/blog.hwr-berlin.de\/gremieninfo\/wp-json\/wp\/v2\/users\/2"}],"replies":[{"embeddable":true,"href":"https:\/\/blog.hwr-berlin.de\/gremieninfo\/wp-json\/wp\/v2\/comments?post=93"}],"version-history":[{"count":5,"href":"https:\/\/blog.hwr-berlin.de\/gremieninfo\/wp-json\/wp\/v2\/pages\/93\/revisions"}],"predecessor-version":[{"id":127,"href":"https:\/\/blog.hwr-berlin.de\/gremieninfo\/wp-json\/wp\/v2\/pages\/93\/revisions\/127"}],"up":[{"embeddable":true,"href":"https:\/\/blog.hwr-berlin.de\/gremieninfo\/wp-json\/wp\/v2\/pages\/80"}],"wp:attachment":[{"href":"https:\/\/blog.hwr-berlin.de\/gremieninfo\/wp-json\/wp\/v2\/media?parent=93"}],"curies":[{"name":"wp","href":"https:\/\/api.w.org\/{rel}","templated":true}]}}