

{"id":649,"date":"2015-07-07T11:13:51","date_gmt":"2015-07-07T09:13:51","guid":{"rendered":"https:\/\/blog.hwr-berlin.de\/leitbild\/?page_id=649"},"modified":"2018-07-16T10:33:20","modified_gmt":"2018-07-16T08:33:20","slug":"denkanstoesse","status":"publish","type":"page","link":"https:\/\/blog.hwr-berlin.de\/leitbild\/umsetzung\/denkanstoesse\/","title":{"rendered":"Denkanst\u00f6\u00dfe"},"content":{"rendered":"<p>Hier k\u00f6nnen Ideen und Anregungen gepostet werden, die im Zusammenhang mit der Anwendung des Leitbilds stehen.<\/p>\n","protected":false},"excerpt":{"rendered":"<p>Hier k\u00f6nnen Ideen und Anregungen gepostet werden, die im Zusammenhang mit der Anwendung des Leitbilds stehen.<\/p>\n","protected":false},"author":4,"featured_media":0,"parent":968,"menu_order":2,"comment_status":"open","ping_status":"open","template":"","meta":{"footnotes":""},"class_list":["post-649","page","type-page","status-publish","hentry"],"_links":{"self":[{"href":"https:\/\/blog.hwr-berlin.de\/leitbild\/wp-json\/wp\/v2\/pages\/649","targetHints":{"allow":["GET"]}}],"collection":[{"href":"https:\/\/blog.hwr-berlin.de\/leitbild\/wp-json\/wp\/v2\/pages"}],"about":[{"href":"https:\/\/blog.hwr-berlin.de\/leitbild\/wp-json\/wp\/v2\/types\/page"}],"author":[{"embeddable":true,"href":"https:\/\/blog.hwr-berlin.de\/leitbild\/wp-json\/wp\/v2\/users\/4"}],"replies":[{"embeddable":true,"href":"https:\/\/blog.hwr-berlin.de\/leitbild\/wp-json\/wp\/v2\/comments?post=649"}],"version-history":[{"count":2,"href":"https:\/\/blog.hwr-berlin.de\/leitbild\/wp-json\/wp\/v2\/pages\/649\/revisions"}],"predecessor-version":[{"id":654,"href":"https:\/\/blog.hwr-berlin.de\/leitbild\/wp-json\/wp\/v2\/pages\/649\/revisions\/654"}],"up":[{"embeddable":true,"href":"https:\/\/blog.hwr-berlin.de\/leitbild\/wp-json\/wp\/v2\/pages\/968"}],"wp:attachment":[{"href":"https:\/\/blog.hwr-berlin.de\/leitbild\/wp-json\/wp\/v2\/media?parent=649"}],"curies":[{"name":"wp","href":"https:\/\/api.w.org\/{rel}","templated":true}]}}