

{"id":968,"date":"2018-07-16T10:32:41","date_gmt":"2018-07-16T08:32:41","guid":{"rendered":"https:\/\/blog.hwr-berlin.de\/leitbild\/?page_id=968"},"modified":"2018-07-16T10:42:13","modified_gmt":"2018-07-16T08:42:13","slug":"umsetzung","status":"publish","type":"page","link":"https:\/\/blog.hwr-berlin.de\/leitbild\/umsetzung\/","title":{"rendered":"Umsetzung des Leitbilds"},"content":{"rendered":"<p>In diesem Bereich k\u00f6nnen Sie alle Beitr\u00e4ge zu Good Practice und zu Denkanst\u00f6\u00dfen aus den Aktivit\u00e4ten zur Umsetzung einsehen.<\/p>\n","protected":false},"excerpt":{"rendered":"<p>In diesem Bereich k\u00f6nnen Sie alle Beitr\u00e4ge zu Good Practice und zu Denkanst\u00f6\u00dfen aus den Aktivit\u00e4ten zur Umsetzung einsehen.<\/p>\n","protected":false},"author":4,"featured_media":0,"parent":0,"menu_order":0,"comment_status":"closed","ping_status":"closed","template":"","meta":{"footnotes":""},"class_list":["post-968","page","type-page","status-publish","hentry"],"_links":{"self":[{"href":"https:\/\/blog.hwr-berlin.de\/leitbild\/wp-json\/wp\/v2\/pages\/968","targetHints":{"allow":["GET"]}}],"collection":[{"href":"https:\/\/blog.hwr-berlin.de\/leitbild\/wp-json\/wp\/v2\/pages"}],"about":[{"href":"https:\/\/blog.hwr-berlin.de\/leitbild\/wp-json\/wp\/v2\/types\/page"}],"author":[{"embeddable":true,"href":"https:\/\/blog.hwr-berlin.de\/leitbild\/wp-json\/wp\/v2\/users\/4"}],"replies":[{"embeddable":true,"href":"https:\/\/blog.hwr-berlin.de\/leitbild\/wp-json\/wp\/v2\/comments?post=968"}],"version-history":[{"count":2,"href":"https:\/\/blog.hwr-berlin.de\/leitbild\/wp-json\/wp\/v2\/pages\/968\/revisions"}],"predecessor-version":[{"id":979,"href":"https:\/\/blog.hwr-berlin.de\/leitbild\/wp-json\/wp\/v2\/pages\/968\/revisions\/979"}],"wp:attachment":[{"href":"https:\/\/blog.hwr-berlin.de\/leitbild\/wp-json\/wp\/v2\/media?parent=968"}],"curies":[{"name":"wp","href":"https:\/\/api.w.org\/{rel}","templated":true}]}}