

{"id":224,"date":"2024-07-23T23:07:33","date_gmt":"2024-07-23T21:07:33","guid":{"rendered":"https:\/\/blog.hwr-berlin.de\/menosupport\/?page_id=224"},"modified":"2024-08-15T16:12:53","modified_gmt":"2024-08-15T14:12:53","slug":"dialog-mit-der-wirtschaft","status":"publish","type":"page","link":"https:\/\/blog.hwr-berlin.de\/menosupport\/dialog-mit-der-wirtschaft\/","title":{"rendered":"Dialog mit der Wirtschaft"},"content":{"rendered":"\n<p>Am 05.07. veranstaltete die Hochschule f\u00fcr Wirtschaft und Recht Berlin einen Dialog mit der Wirtschaft, bei dem das Thema &#8222;Frauen in den Wechseljahren besser unterst\u00fctzen&#8220; im Mittelpunkt stand. Die Veranstaltung richtete sich an Mitarbeitende der Personalentwicklung und des Betrieblichen Gesundheitsmanagements sowie Wechseljahre-Expertinnen und -Experten. Gemeinsam wurde diskutiert, wie die Situation von Frauen in den Wechseljahren in Unternehmen verbessert und das Thema weiter auf die politische Agenda gebracht werden kann. Wir haben uns sehr \u00fcber den regen Austausch gefreut!<\/p>\n\n\n\n<figure class=\"wp-block-image size-large\"><img loading=\"lazy\" decoding=\"async\" width=\"1024\" height=\"639\" src=\"https:\/\/blog.hwr-berlin.de\/menosupport\/wp-content\/uploads_menosupport\/2024\/07\/Gruppenfoto_Dialog-mit-der-Wirtschaft_Projekt-MenoSupport-2-1-1024x639.jpg\" alt=\"Gruppenfoto Dialog mit der Wirtschaft\" class=\"wp-image-222\" srcset=\"https:\/\/blog.hwr-berlin.de\/menosupport\/wp-content\/uploads_menosupport\/2024\/07\/Gruppenfoto_Dialog-mit-der-Wirtschaft_Projekt-MenoSupport-2-1-1024x639.jpg 1024w, https:\/\/blog.hwr-berlin.de\/menosupport\/wp-content\/uploads_menosupport\/2024\/07\/Gruppenfoto_Dialog-mit-der-Wirtschaft_Projekt-MenoSupport-2-1-300x187.jpg 300w, https:\/\/blog.hwr-berlin.de\/menosupport\/wp-content\/uploads_menosupport\/2024\/07\/Gruppenfoto_Dialog-mit-der-Wirtschaft_Projekt-MenoSupport-2-1-768x479.jpg 768w, https:\/\/blog.hwr-berlin.de\/menosupport\/wp-content\/uploads_menosupport\/2024\/07\/Gruppenfoto_Dialog-mit-der-Wirtschaft_Projekt-MenoSupport-2-1-1536x958.jpg 1536w, https:\/\/blog.hwr-berlin.de\/menosupport\/wp-content\/uploads_menosupport\/2024\/07\/Gruppenfoto_Dialog-mit-der-Wirtschaft_Projekt-MenoSupport-2-1-2048x1278.jpg 2048w\" sizes=\"auto, (max-width: 706px) 89vw, (max-width: 767px) 82vw, 740px\" \/><\/figure>\n\n\n\n<div class=\"wp-block-columns is-layout-flex wp-container-core-columns-is-layout-9d6595d7 wp-block-columns-is-layout-flex\">\n<div class=\"wp-block-column is-layout-flow wp-block-column-is-layout-flow\" style=\"flex-basis:50%\">\n<figure class=\"wp-block-image size-large\"><img loading=\"lazy\" decoding=\"async\" width=\"768\" height=\"1024\" src=\"https:\/\/blog.hwr-berlin.de\/menosupport\/wp-content\/uploads_menosupport\/2024\/07\/DSC05277_B-1-768x1024.jpg\" alt=\"\" class=\"wp-image-241\" srcset=\"https:\/\/blog.hwr-berlin.de\/menosupport\/wp-content\/uploads_menosupport\/2024\/07\/DSC05277_B-1-768x1024.jpg 768w, https:\/\/blog.hwr-berlin.de\/menosupport\/wp-content\/uploads_menosupport\/2024\/07\/DSC05277_B-1-225x300.jpg 225w, https:\/\/blog.hwr-berlin.de\/menosupport\/wp-content\/uploads_menosupport\/2024\/07\/DSC05277_B-1-1152x1536.jpg 1152w, https:\/\/blog.hwr-berlin.de\/menosupport\/wp-content\/uploads_menosupport\/2024\/07\/DSC05277_B-1-1536x2048.jpg 1536w, https:\/\/blog.hwr-berlin.de\/menosupport\/wp-content\/uploads_menosupport\/2024\/07\/DSC05277_B-1-scaled.jpg 1920w\" sizes=\"auto, (max-width: 706px) 89vw, (max-width: 767px) 82vw, 740px\" \/><\/figure>\n<\/div>\n\n\n\n<div class=\"wp-block-column is-layout-flow wp-block-column-is-layout-flow\" style=\"flex-basis:50%\">\n<figure class=\"wp-block-image size-large\"><img loading=\"lazy\" decoding=\"async\" width=\"1920\" height=\"2560\" src=\"https:\/\/blog.hwr-berlin.de\/menosupport\/wp-content\/uploads_menosupport\/2024\/07\/DSC05198_B-1-2-edited-scaled.jpg\" alt=\"\" class=\"wp-image-243\" srcset=\"https:\/\/blog.hwr-berlin.de\/menosupport\/wp-content\/uploads_menosupport\/2024\/07\/DSC05198_B-1-2-edited-scaled.jpg 1920w, https:\/\/blog.hwr-berlin.de\/menosupport\/wp-content\/uploads_menosupport\/2024\/07\/DSC05198_B-1-2-edited-225x300.jpg 225w, https:\/\/blog.hwr-berlin.de\/menosupport\/wp-content\/uploads_menosupport\/2024\/07\/DSC05198_B-1-2-edited-768x1024.jpg 768w, https:\/\/blog.hwr-berlin.de\/menosupport\/wp-content\/uploads_menosupport\/2024\/07\/DSC05198_B-1-2-edited-1152x1536.jpg 1152w, https:\/\/blog.hwr-berlin.de\/menosupport\/wp-content\/uploads_menosupport\/2024\/07\/DSC05198_B-1-2-edited-1536x2048.jpg 1536w\" sizes=\"auto, (max-width: 706px) 89vw, (max-width: 767px) 82vw, 740px\" \/><\/figure>\n<\/div>\n<\/div>\n","protected":false},"excerpt":{"rendered":"<p>Am 05.07. veranstaltete die Hochschule f\u00fcr Wirtschaft und Recht Berlin einen Dialog mit der Wirtschaft, bei dem das Thema &#8222;Frauen in den Wechseljahren besser unterst\u00fctzen&#8220; im Mittelpunkt stand. Die Veranstaltung richtete sich an Mitarbeitende der Personalentwicklung und des Betrieblichen Gesundheitsmanagements sowie Wechseljahre-Expertinnen und -Experten. Gemeinsam wurde diskutiert, wie die Situation von Frauen in den Wechseljahren &hellip; <\/p>\n<p class=\"link-more\"><a href=\"https:\/\/blog.hwr-berlin.de\/menosupport\/dialog-mit-der-wirtschaft\/\" class=\"more-link\"><span class=\"screen-reader-text\">\u201eDialog mit der Wirtschaft\u201c <\/span>weiterlesen<\/a><\/p>\n","protected":false},"author":2,"featured_media":0,"parent":0,"menu_order":0,"comment_status":"closed","ping_status":"closed","template":"","meta":{"footnotes":""},"class_list":["post-224","page","type-page","status-publish","hentry"],"yoast_head":"<!-- This site is optimized with the Yoast SEO plugin v27.3 - https:\/\/yoast.com\/product\/yoast-seo-wordpress\/ -->\n<title>Dialog mit der Wirtschaft - Entwicklung innovativer BGM-Ma\u00dfnahmen f\u00fcr Frauen in der Menopause<\/title>\n<meta name=\"robots\" content=\"index, follow, max-snippet:-1, max-image-preview:large, max-video-preview:-1\" \/>\n<link rel=\"canonical\" href=\"https:\/\/blog.hwr-berlin.de\/menosupport\/dialog-mit-der-wirtschaft\/\" \/>\n<meta property=\"og:locale\" content=\"de_DE\" \/>\n<meta property=\"og:type\" content=\"article\" \/>\n<meta property=\"og:title\" content=\"Dialog mit der Wirtschaft - Entwicklung innovativer BGM-Ma\u00dfnahmen f\u00fcr Frauen in der Menopause\" \/>\n<meta property=\"og:description\" content=\"Am 05.07. veranstaltete die Hochschule f\u00fcr Wirtschaft und Recht Berlin einen Dialog mit der Wirtschaft, bei dem das Thema &#8222;Frauen in den Wechseljahren besser unterst\u00fctzen&#8220; im Mittelpunkt stand. Die Veranstaltung richtete sich an Mitarbeitende der Personalentwicklung und des Betrieblichen Gesundheitsmanagements sowie Wechseljahre-Expertinnen und -Experten. Gemeinsam wurde diskutiert, wie die Situation von Frauen in den Wechseljahren &hellip; \u201eDialog mit der Wirtschaft\u201c weiterlesen\" \/>\n<meta property=\"og:url\" content=\"https:\/\/blog.hwr-berlin.de\/menosupport\/dialog-mit-der-wirtschaft\/\" \/>\n<meta property=\"og:site_name\" content=\"Entwicklung innovativer BGM-Ma\u00dfnahmen f\u00fcr Frauen in der Menopause\" \/>\n<meta property=\"article:modified_time\" content=\"2024-08-15T14:12:53+00:00\" \/>\n<meta property=\"og:image\" content=\"https:\/\/blog.hwr-berlin.de\/menosupport\/wp-content\/uploads_menosupport\/2024\/07\/Gruppenfoto_Dialog-mit-der-Wirtschaft_Projekt-MenoSupport-2-1-1024x639.jpg\" \/>\n<meta name=\"twitter:card\" content=\"summary_large_image\" \/>\n<meta name=\"twitter:label1\" content=\"Gesch\u00e4tzte Lesezeit\" \/>\n\t<meta name=\"twitter:data1\" content=\"2\u00a0Minuten\" \/>\n<script type=\"application\/ld+json\" class=\"yoast-schema-graph\">{\"@context\":\"https:\\\/\\\/schema.org\",\"@graph\":[{\"@type\":\"WebPage\",\"@id\":\"https:\\\/\\\/blog.hwr-berlin.de\\\/menosupport\\\/dialog-mit-der-wirtschaft\\\/\",\"url\":\"https:\\\/\\\/blog.hwr-berlin.de\\\/menosupport\\\/dialog-mit-der-wirtschaft\\\/\",\"name\":\"Dialog mit der Wirtschaft - Entwicklung innovativer BGM-Ma\u00dfnahmen f\u00fcr Frauen in der Menopause\",\"isPartOf\":{\"@id\":\"https:\\\/\\\/blog.hwr-berlin.de\\\/menosupport\\\/#website\"},\"primaryImageOfPage\":{\"@id\":\"https:\\\/\\\/blog.hwr-berlin.de\\\/menosupport\\\/dialog-mit-der-wirtschaft\\\/#primaryimage\"},\"image\":{\"@id\":\"https:\\\/\\\/blog.hwr-berlin.de\\\/menosupport\\\/dialog-mit-der-wirtschaft\\\/#primaryimage\"},\"thumbnailUrl\":\"https:\\\/\\\/blog.hwr-berlin.de\\\/menosupport\\\/wp-content\\\/uploads_menosupport\\\/2024\\\/07\\\/Gruppenfoto_Dialog-mit-der-Wirtschaft_Projekt-MenoSupport-2-1-1024x639.jpg\",\"datePublished\":\"2024-07-23T21:07:33+00:00\",\"dateModified\":\"2024-08-15T14:12:53+00:00\",\"breadcrumb\":{\"@id\":\"https:\\\/\\\/blog.hwr-berlin.de\\\/menosupport\\\/dialog-mit-der-wirtschaft\\\/#breadcrumb\"},\"inLanguage\":\"de\",\"potentialAction\":[{\"@type\":\"ReadAction\",\"target\":[\"https:\\\/\\\/blog.hwr-berlin.de\\\/menosupport\\\/dialog-mit-der-wirtschaft\\\/\"]}]},{\"@type\":\"ImageObject\",\"inLanguage\":\"de\",\"@id\":\"https:\\\/\\\/blog.hwr-berlin.de\\\/menosupport\\\/dialog-mit-der-wirtschaft\\\/#primaryimage\",\"url\":\"https:\\\/\\\/blog.hwr-berlin.de\\\/menosupport\\\/wp-content\\\/uploads_menosupport\\\/2024\\\/07\\\/Gruppenfoto_Dialog-mit-der-Wirtschaft_Projekt-MenoSupport-2-1-scaled.jpg\",\"contentUrl\":\"https:\\\/\\\/blog.hwr-berlin.de\\\/menosupport\\\/wp-content\\\/uploads_menosupport\\\/2024\\\/07\\\/Gruppenfoto_Dialog-mit-der-Wirtschaft_Projekt-MenoSupport-2-1-scaled.jpg\",\"width\":2560,\"height\":1597,\"caption\":\"Gruppenfoto Dialog mit der Wirtschaft\"},{\"@type\":\"BreadcrumbList\",\"@id\":\"https:\\\/\\\/blog.hwr-berlin.de\\\/menosupport\\\/dialog-mit-der-wirtschaft\\\/#breadcrumb\",\"itemListElement\":[{\"@type\":\"ListItem\",\"position\":1,\"name\":\"Startseite\",\"item\":\"https:\\\/\\\/blog.hwr-berlin.de\\\/menosupport\\\/\"},{\"@type\":\"ListItem\",\"position\":2,\"name\":\"Dialog mit der Wirtschaft\"}]},{\"@type\":\"WebSite\",\"@id\":\"https:\\\/\\\/blog.hwr-berlin.de\\\/menosupport\\\/#website\",\"url\":\"https:\\\/\\\/blog.hwr-berlin.de\\\/menosupport\\\/\",\"name\":\"Entwicklung innovativer BGM-Ma\u00dfnahmen f\u00fcr Frauen in der Menopause\",\"description\":\"MenoSupport - ein Forschungsprojekt der HWR Berlin und HTW Berlin\",\"potentialAction\":[{\"@type\":\"SearchAction\",\"target\":{\"@type\":\"EntryPoint\",\"urlTemplate\":\"https:\\\/\\\/blog.hwr-berlin.de\\\/menosupport\\\/?s={search_term_string}\"},\"query-input\":{\"@type\":\"PropertyValueSpecification\",\"valueRequired\":true,\"valueName\":\"search_term_string\"}}],\"inLanguage\":\"de\"}]}<\/script>\n<!-- \/ Yoast SEO plugin. -->","yoast_head_json":{"title":"Dialog mit der Wirtschaft - Entwicklung innovativer BGM-Ma\u00dfnahmen f\u00fcr Frauen in der Menopause","robots":{"index":"index","follow":"follow","max-snippet":"max-snippet:-1","max-image-preview":"max-image-preview:large","max-video-preview":"max-video-preview:-1"},"canonical":"https:\/\/blog.hwr-berlin.de\/menosupport\/dialog-mit-der-wirtschaft\/","og_locale":"de_DE","og_type":"article","og_title":"Dialog mit der Wirtschaft - Entwicklung innovativer BGM-Ma\u00dfnahmen f\u00fcr Frauen in der Menopause","og_description":"Am 05.07. veranstaltete die Hochschule f\u00fcr Wirtschaft und Recht Berlin einen Dialog mit der Wirtschaft, bei dem das Thema &#8222;Frauen in den Wechseljahren besser unterst\u00fctzen&#8220; im Mittelpunkt stand. Die Veranstaltung richtete sich an Mitarbeitende der Personalentwicklung und des Betrieblichen Gesundheitsmanagements sowie Wechseljahre-Expertinnen und -Experten. Gemeinsam wurde diskutiert, wie die Situation von Frauen in den Wechseljahren &hellip; \u201eDialog mit der Wirtschaft\u201c weiterlesen","og_url":"https:\/\/blog.hwr-berlin.de\/menosupport\/dialog-mit-der-wirtschaft\/","og_site_name":"Entwicklung innovativer BGM-Ma\u00dfnahmen f\u00fcr Frauen in der Menopause","article_modified_time":"2024-08-15T14:12:53+00:00","og_image":[{"url":"https:\/\/blog.hwr-berlin.de\/menosupport\/wp-content\/uploads_menosupport\/2024\/07\/Gruppenfoto_Dialog-mit-der-Wirtschaft_Projekt-MenoSupport-2-1-1024x639.jpg","type":"","width":"","height":""}],"twitter_card":"summary_large_image","twitter_misc":{"Gesch\u00e4tzte Lesezeit":"2\u00a0Minuten"},"schema":{"@context":"https:\/\/schema.org","@graph":[{"@type":"WebPage","@id":"https:\/\/blog.hwr-berlin.de\/menosupport\/dialog-mit-der-wirtschaft\/","url":"https:\/\/blog.hwr-berlin.de\/menosupport\/dialog-mit-der-wirtschaft\/","name":"Dialog mit der Wirtschaft - Entwicklung innovativer BGM-Ma\u00dfnahmen f\u00fcr Frauen in der Menopause","isPartOf":{"@id":"https:\/\/blog.hwr-berlin.de\/menosupport\/#website"},"primaryImageOfPage":{"@id":"https:\/\/blog.hwr-berlin.de\/menosupport\/dialog-mit-der-wirtschaft\/#primaryimage"},"image":{"@id":"https:\/\/blog.hwr-berlin.de\/menosupport\/dialog-mit-der-wirtschaft\/#primaryimage"},"thumbnailUrl":"https:\/\/blog.hwr-berlin.de\/menosupport\/wp-content\/uploads_menosupport\/2024\/07\/Gruppenfoto_Dialog-mit-der-Wirtschaft_Projekt-MenoSupport-2-1-1024x639.jpg","datePublished":"2024-07-23T21:07:33+00:00","dateModified":"2024-08-15T14:12:53+00:00","breadcrumb":{"@id":"https:\/\/blog.hwr-berlin.de\/menosupport\/dialog-mit-der-wirtschaft\/#breadcrumb"},"inLanguage":"de","potentialAction":[{"@type":"ReadAction","target":["https:\/\/blog.hwr-berlin.de\/menosupport\/dialog-mit-der-wirtschaft\/"]}]},{"@type":"ImageObject","inLanguage":"de","@id":"https:\/\/blog.hwr-berlin.de\/menosupport\/dialog-mit-der-wirtschaft\/#primaryimage","url":"https:\/\/blog.hwr-berlin.de\/menosupport\/wp-content\/uploads_menosupport\/2024\/07\/Gruppenfoto_Dialog-mit-der-Wirtschaft_Projekt-MenoSupport-2-1-scaled.jpg","contentUrl":"https:\/\/blog.hwr-berlin.de\/menosupport\/wp-content\/uploads_menosupport\/2024\/07\/Gruppenfoto_Dialog-mit-der-Wirtschaft_Projekt-MenoSupport-2-1-scaled.jpg","width":2560,"height":1597,"caption":"Gruppenfoto Dialog mit der Wirtschaft"},{"@type":"BreadcrumbList","@id":"https:\/\/blog.hwr-berlin.de\/menosupport\/dialog-mit-der-wirtschaft\/#breadcrumb","itemListElement":[{"@type":"ListItem","position":1,"name":"Startseite","item":"https:\/\/blog.hwr-berlin.de\/menosupport\/"},{"@type":"ListItem","position":2,"name":"Dialog mit der Wirtschaft"}]},{"@type":"WebSite","@id":"https:\/\/blog.hwr-berlin.de\/menosupport\/#website","url":"https:\/\/blog.hwr-berlin.de\/menosupport\/","name":"Entwicklung innovativer BGM-Ma\u00dfnahmen f\u00fcr Frauen in der Menopause","description":"MenoSupport - ein Forschungsprojekt der HWR Berlin und HTW Berlin","potentialAction":[{"@type":"SearchAction","target":{"@type":"EntryPoint","urlTemplate":"https:\/\/blog.hwr-berlin.de\/menosupport\/?s={search_term_string}"},"query-input":{"@type":"PropertyValueSpecification","valueRequired":true,"valueName":"search_term_string"}}],"inLanguage":"de"}]}},"_links":{"self":[{"href":"https:\/\/blog.hwr-berlin.de\/menosupport\/wp-json\/wp\/v2\/pages\/224","targetHints":{"allow":["GET"]}}],"collection":[{"href":"https:\/\/blog.hwr-berlin.de\/menosupport\/wp-json\/wp\/v2\/pages"}],"about":[{"href":"https:\/\/blog.hwr-berlin.de\/menosupport\/wp-json\/wp\/v2\/types\/page"}],"author":[{"embeddable":true,"href":"https:\/\/blog.hwr-berlin.de\/menosupport\/wp-json\/wp\/v2\/users\/2"}],"replies":[{"embeddable":true,"href":"https:\/\/blog.hwr-berlin.de\/menosupport\/wp-json\/wp\/v2\/comments?post=224"}],"version-history":[{"count":6,"href":"https:\/\/blog.hwr-berlin.de\/menosupport\/wp-json\/wp\/v2\/pages\/224\/revisions"}],"predecessor-version":[{"id":256,"href":"https:\/\/blog.hwr-berlin.de\/menosupport\/wp-json\/wp\/v2\/pages\/224\/revisions\/256"}],"wp:attachment":[{"href":"https:\/\/blog.hwr-berlin.de\/menosupport\/wp-json\/wp\/v2\/media?parent=224"}],"curies":[{"name":"wp","href":"https:\/\/api.w.org\/{rel}","templated":true}]}}