

{"id":3,"date":"2023-05-08T13:42:01","date_gmt":"2023-05-08T11:42:01","guid":{"rendered":"https:\/\/blog.hwr-berlin.de\/menosupport\/?page_id=3"},"modified":"2023-06-21T13:17:40","modified_gmt":"2023-06-21T11:17:40","slug":"datenschutzerklaerung","status":"publish","type":"page","link":"https:\/\/blog.hwr-berlin.de\/menosupport\/datenschutzerklaerung\/","title":{"rendered":"Datenschutz"},"content":{"rendered":"\n<p>Es gilt die <a rel=\"noreferrer noopener\" href=\"https:\/\/www.hwr-berlin.de\/footer\/datenschutz\/\" target=\"_blank\">Datenschutzerkl\u00e4rung der HWR Berlin<\/a>.<\/p>\n","protected":false},"excerpt":{"rendered":"<p>Es gilt die Datenschutzerkl\u00e4rung der HWR Berlin.<\/p>\n","protected":false},"author":1,"featured_media":0,"parent":0,"menu_order":0,"comment_status":"closed","ping_status":"open","template":"","meta":{"footnotes":""},"class_list":["post-3","page","type-page","status-publish","hentry"],"yoast_head":"<!-- This site is optimized with the Yoast SEO plugin v27.3 - https:\/\/yoast.com\/product\/yoast-seo-wordpress\/ -->\n<title>Datenschutz - Entwicklung innovativer BGM-Ma\u00dfnahmen f\u00fcr Frauen in der Menopause<\/title>\n<meta name=\"robots\" content=\"index, follow, max-snippet:-1, max-image-preview:large, max-video-preview:-1\" \/>\n<link rel=\"canonical\" href=\"https:\/\/blog.hwr-berlin.de\/menosupport\/datenschutzerklaerung\/\" \/>\n<meta property=\"og:locale\" content=\"de_DE\" \/>\n<meta property=\"og:type\" content=\"article\" \/>\n<meta property=\"og:title\" content=\"Datenschutz - Entwicklung innovativer BGM-Ma\u00dfnahmen f\u00fcr Frauen in der Menopause\" \/>\n<meta property=\"og:description\" content=\"Es gilt die Datenschutzerkl\u00e4rung der HWR Berlin.\" \/>\n<meta property=\"og:url\" content=\"https:\/\/blog.hwr-berlin.de\/menosupport\/datenschutzerklaerung\/\" \/>\n<meta property=\"og:site_name\" content=\"Entwicklung innovativer BGM-Ma\u00dfnahmen f\u00fcr Frauen in der Menopause\" \/>\n<meta property=\"article:modified_time\" content=\"2023-06-21T11:17:40+00:00\" \/>\n<meta name=\"twitter:card\" content=\"summary_large_image\" \/>\n<script type=\"application\/ld+json\" class=\"yoast-schema-graph\">{\"@context\":\"https:\\\/\\\/schema.org\",\"@graph\":[{\"@type\":\"WebPage\",\"@id\":\"https:\\\/\\\/blog.hwr-berlin.de\\\/menosupport\\\/datenschutzerklaerung\\\/\",\"url\":\"https:\\\/\\\/blog.hwr-berlin.de\\\/menosupport\\\/datenschutzerklaerung\\\/\",\"name\":\"Datenschutz - Entwicklung innovativer BGM-Ma\u00dfnahmen f\u00fcr Frauen in der Menopause\",\"isPartOf\":{\"@id\":\"https:\\\/\\\/blog.hwr-berlin.de\\\/menosupport\\\/#website\"},\"datePublished\":\"2023-05-08T11:42:01+00:00\",\"dateModified\":\"2023-06-21T11:17:40+00:00\",\"breadcrumb\":{\"@id\":\"https:\\\/\\\/blog.hwr-berlin.de\\\/menosupport\\\/datenschutzerklaerung\\\/#breadcrumb\"},\"inLanguage\":\"de\",\"potentialAction\":[{\"@type\":\"ReadAction\",\"target\":[\"https:\\\/\\\/blog.hwr-berlin.de\\\/menosupport\\\/datenschutzerklaerung\\\/\"]}]},{\"@type\":\"BreadcrumbList\",\"@id\":\"https:\\\/\\\/blog.hwr-berlin.de\\\/menosupport\\\/datenschutzerklaerung\\\/#breadcrumb\",\"itemListElement\":[{\"@type\":\"ListItem\",\"position\":1,\"name\":\"Startseite\",\"item\":\"https:\\\/\\\/blog.hwr-berlin.de\\\/menosupport\\\/\"},{\"@type\":\"ListItem\",\"position\":2,\"name\":\"Datenschutz\"}]},{\"@type\":\"WebSite\",\"@id\":\"https:\\\/\\\/blog.hwr-berlin.de\\\/menosupport\\\/#website\",\"url\":\"https:\\\/\\\/blog.hwr-berlin.de\\\/menosupport\\\/\",\"name\":\"Entwicklung innovativer BGM-Ma\u00dfnahmen f\u00fcr Frauen in der Menopause\",\"description\":\"MenoSupport - ein Forschungsprojekt der HWR Berlin und HTW Berlin\",\"potentialAction\":[{\"@type\":\"SearchAction\",\"target\":{\"@type\":\"EntryPoint\",\"urlTemplate\":\"https:\\\/\\\/blog.hwr-berlin.de\\\/menosupport\\\/?s={search_term_string}\"},\"query-input\":{\"@type\":\"PropertyValueSpecification\",\"valueRequired\":true,\"valueName\":\"search_term_string\"}}],\"inLanguage\":\"de\"}]}<\/script>\n<!-- \/ Yoast SEO plugin. -->","yoast_head_json":{"title":"Datenschutz - Entwicklung innovativer BGM-Ma\u00dfnahmen f\u00fcr Frauen in der Menopause","robots":{"index":"index","follow":"follow","max-snippet":"max-snippet:-1","max-image-preview":"max-image-preview:large","max-video-preview":"max-video-preview:-1"},"canonical":"https:\/\/blog.hwr-berlin.de\/menosupport\/datenschutzerklaerung\/","og_locale":"de_DE","og_type":"article","og_title":"Datenschutz - Entwicklung innovativer BGM-Ma\u00dfnahmen f\u00fcr Frauen in der Menopause","og_description":"Es gilt die Datenschutzerkl\u00e4rung der HWR Berlin.","og_url":"https:\/\/blog.hwr-berlin.de\/menosupport\/datenschutzerklaerung\/","og_site_name":"Entwicklung innovativer BGM-Ma\u00dfnahmen f\u00fcr Frauen in der Menopause","article_modified_time":"2023-06-21T11:17:40+00:00","twitter_card":"summary_large_image","schema":{"@context":"https:\/\/schema.org","@graph":[{"@type":"WebPage","@id":"https:\/\/blog.hwr-berlin.de\/menosupport\/datenschutzerklaerung\/","url":"https:\/\/blog.hwr-berlin.de\/menosupport\/datenschutzerklaerung\/","name":"Datenschutz - Entwicklung innovativer BGM-Ma\u00dfnahmen f\u00fcr Frauen in der Menopause","isPartOf":{"@id":"https:\/\/blog.hwr-berlin.de\/menosupport\/#website"},"datePublished":"2023-05-08T11:42:01+00:00","dateModified":"2023-06-21T11:17:40+00:00","breadcrumb":{"@id":"https:\/\/blog.hwr-berlin.de\/menosupport\/datenschutzerklaerung\/#breadcrumb"},"inLanguage":"de","potentialAction":[{"@type":"ReadAction","target":["https:\/\/blog.hwr-berlin.de\/menosupport\/datenschutzerklaerung\/"]}]},{"@type":"BreadcrumbList","@id":"https:\/\/blog.hwr-berlin.de\/menosupport\/datenschutzerklaerung\/#breadcrumb","itemListElement":[{"@type":"ListItem","position":1,"name":"Startseite","item":"https:\/\/blog.hwr-berlin.de\/menosupport\/"},{"@type":"ListItem","position":2,"name":"Datenschutz"}]},{"@type":"WebSite","@id":"https:\/\/blog.hwr-berlin.de\/menosupport\/#website","url":"https:\/\/blog.hwr-berlin.de\/menosupport\/","name":"Entwicklung innovativer BGM-Ma\u00dfnahmen f\u00fcr Frauen in der Menopause","description":"MenoSupport - ein Forschungsprojekt der HWR Berlin und HTW Berlin","potentialAction":[{"@type":"SearchAction","target":{"@type":"EntryPoint","urlTemplate":"https:\/\/blog.hwr-berlin.de\/menosupport\/?s={search_term_string}"},"query-input":{"@type":"PropertyValueSpecification","valueRequired":true,"valueName":"search_term_string"}}],"inLanguage":"de"}]}},"_links":{"self":[{"href":"https:\/\/blog.hwr-berlin.de\/menosupport\/wp-json\/wp\/v2\/pages\/3","targetHints":{"allow":["GET"]}}],"collection":[{"href":"https:\/\/blog.hwr-berlin.de\/menosupport\/wp-json\/wp\/v2\/pages"}],"about":[{"href":"https:\/\/blog.hwr-berlin.de\/menosupport\/wp-json\/wp\/v2\/types\/page"}],"author":[{"embeddable":true,"href":"https:\/\/blog.hwr-berlin.de\/menosupport\/wp-json\/wp\/v2\/users\/1"}],"replies":[{"embeddable":true,"href":"https:\/\/blog.hwr-berlin.de\/menosupport\/wp-json\/wp\/v2\/comments?post=3"}],"version-history":[{"count":1,"href":"https:\/\/blog.hwr-berlin.de\/menosupport\/wp-json\/wp\/v2\/pages\/3\/revisions"}],"predecessor-version":[{"id":74,"href":"https:\/\/blog.hwr-berlin.de\/menosupport\/wp-json\/wp\/v2\/pages\/3\/revisions\/74"}],"wp:attachment":[{"href":"https:\/\/blog.hwr-berlin.de\/menosupport\/wp-json\/wp\/v2\/media?parent=3"}],"curies":[{"name":"wp","href":"https:\/\/api.w.org\/{rel}","templated":true}]}}