

{"id":31,"date":"2023-06-13T09:46:47","date_gmt":"2023-06-13T07:46:47","guid":{"rendered":"https:\/\/blog.hwr-berlin.de\/menosupport\/?page_id=31"},"modified":"2023-06-13T09:46:47","modified_gmt":"2023-06-13T07:46:47","slug":"impressum","status":"publish","type":"page","link":"https:\/\/blog.hwr-berlin.de\/menosupport\/impressum\/","title":{"rendered":"Impressum"},"content":{"rendered":"\n<p style=\"line-height:0\"><strong>Rechtlicher Sitz<\/strong> <\/p>\n\n\n\n<p style=\"line-height:1.5\">Hochschule f\u00fcr Wirtschaft und Rech Berlin <\/p>\n\n\n\n<div style=\"height:25px\" aria-hidden=\"true\" class=\"wp-block-spacer\"><\/div>\n\n\n\n<p style=\"line-height:0\"><strong>Anschrift<\/strong> <\/p>\n\n\n\n<p>Hochschule f\u00fcr Wirtschaft und Recht Berlin <br>Badensche Stra\u00dfe 52<br>10825 Berlin<\/p>\n\n\n\n<div style=\"height:25px\" aria-hidden=\"true\" class=\"wp-block-spacer\"><\/div>\n\n\n\n<p style=\"line-height:0\"><strong>Rechtsform<\/strong><\/p>\n\n\n\n<p>Die Hochschule f\u00fcr Wirtschaft und Recht Berlin ist eine K\u00f6rperschaft des \u00f6ffentlichen Rechts gem. \u00a7\u00a7 1 und 2 Berliner Hochschulgesetz (BerlHG)<\/p>\n\n\n\n<div style=\"height:25px\" aria-hidden=\"true\" class=\"wp-block-spacer\"><\/div>\n\n\n\n<p style=\"line-height:0\"><strong>Verantwortlich f\u00fcr den Inhalt<\/strong><\/p>\n\n\n\n<p>Prof. Dr. Andrea Rumler <br><a href=\"mailto:Andrea.rumler@hwr-berlin.de\">andrea.rumler@hwr-berlin.de<\/a><\/p>\n\n\n\n<div style=\"height:25px\" aria-hidden=\"true\" class=\"wp-block-spacer\"><\/div>\n\n\n\n<p style=\"line-height:0\"><strong>Umsatzsteueridentifikationsnummer:<\/strong>&nbsp;DE263545251<\/p>\n","protected":false},"excerpt":{"rendered":"<p>Rechtlicher Sitz Hochschule f\u00fcr Wirtschaft und Rech Berlin Anschrift Hochschule f\u00fcr Wirtschaft und Recht Berlin Badensche Stra\u00dfe 5210825 Berlin Rechtsform Die Hochschule f\u00fcr Wirtschaft und Recht Berlin ist eine K\u00f6rperschaft des \u00f6ffentlichen Rechts gem. \u00a7\u00a7 1 und 2 Berliner Hochschulgesetz (BerlHG) Verantwortlich f\u00fcr den Inhalt Prof. Dr. Andrea Rumler andrea.rumler@hwr-berlin.de Umsatzsteueridentifikationsnummer:&nbsp;DE263545251<\/p>\n","protected":false},"author":2,"featured_media":0,"parent":0,"menu_order":0,"comment_status":"closed","ping_status":"closed","template":"","meta":{"footnotes":""},"class_list":["post-31","page","type-page","status-publish","hentry"],"yoast_head":"<!-- This site is optimized with the Yoast SEO plugin v27.3 - https:\/\/yoast.com\/product\/yoast-seo-wordpress\/ -->\n<title>Impressum - Entwicklung innovativer BGM-Ma\u00dfnahmen f\u00fcr Frauen in der Menopause<\/title>\n<meta name=\"robots\" content=\"index, follow, max-snippet:-1, max-image-preview:large, max-video-preview:-1\" \/>\n<link rel=\"canonical\" href=\"https:\/\/blog.hwr-berlin.de\/menosupport\/impressum\/\" \/>\n<meta property=\"og:locale\" content=\"de_DE\" \/>\n<meta property=\"og:type\" content=\"article\" \/>\n<meta property=\"og:title\" content=\"Impressum - Entwicklung innovativer BGM-Ma\u00dfnahmen f\u00fcr Frauen in der Menopause\" \/>\n<meta property=\"og:description\" content=\"Rechtlicher Sitz Hochschule f\u00fcr Wirtschaft und Rech Berlin Anschrift Hochschule f\u00fcr Wirtschaft und Recht Berlin Badensche Stra\u00dfe 5210825 Berlin Rechtsform Die Hochschule f\u00fcr Wirtschaft und Recht Berlin ist eine K\u00f6rperschaft des \u00f6ffentlichen Rechts gem. \u00a7\u00a7 1 und 2 Berliner Hochschulgesetz (BerlHG) Verantwortlich f\u00fcr den Inhalt Prof. Dr. Andrea Rumler andrea.rumler@hwr-berlin.de Umsatzsteueridentifikationsnummer:&nbsp;DE263545251\" \/>\n<meta property=\"og:url\" content=\"https:\/\/blog.hwr-berlin.de\/menosupport\/impressum\/\" \/>\n<meta property=\"og:site_name\" content=\"Entwicklung innovativer BGM-Ma\u00dfnahmen f\u00fcr Frauen in der Menopause\" \/>\n<meta name=\"twitter:card\" content=\"summary_large_image\" \/>\n<script type=\"application\/ld+json\" class=\"yoast-schema-graph\">{\"@context\":\"https:\\\/\\\/schema.org\",\"@graph\":[{\"@type\":\"WebPage\",\"@id\":\"https:\\\/\\\/blog.hwr-berlin.de\\\/menosupport\\\/impressum\\\/\",\"url\":\"https:\\\/\\\/blog.hwr-berlin.de\\\/menosupport\\\/impressum\\\/\",\"name\":\"Impressum - Entwicklung innovativer BGM-Ma\u00dfnahmen f\u00fcr Frauen in der Menopause\",\"isPartOf\":{\"@id\":\"https:\\\/\\\/blog.hwr-berlin.de\\\/menosupport\\\/#website\"},\"datePublished\":\"2023-06-13T07:46:47+00:00\",\"breadcrumb\":{\"@id\":\"https:\\\/\\\/blog.hwr-berlin.de\\\/menosupport\\\/impressum\\\/#breadcrumb\"},\"inLanguage\":\"de\",\"potentialAction\":[{\"@type\":\"ReadAction\",\"target\":[\"https:\\\/\\\/blog.hwr-berlin.de\\\/menosupport\\\/impressum\\\/\"]}]},{\"@type\":\"BreadcrumbList\",\"@id\":\"https:\\\/\\\/blog.hwr-berlin.de\\\/menosupport\\\/impressum\\\/#breadcrumb\",\"itemListElement\":[{\"@type\":\"ListItem\",\"position\":1,\"name\":\"Startseite\",\"item\":\"https:\\\/\\\/blog.hwr-berlin.de\\\/menosupport\\\/\"},{\"@type\":\"ListItem\",\"position\":2,\"name\":\"Impressum\"}]},{\"@type\":\"WebSite\",\"@id\":\"https:\\\/\\\/blog.hwr-berlin.de\\\/menosupport\\\/#website\",\"url\":\"https:\\\/\\\/blog.hwr-berlin.de\\\/menosupport\\\/\",\"name\":\"Entwicklung innovativer BGM-Ma\u00dfnahmen f\u00fcr Frauen in der Menopause\",\"description\":\"MenoSupport - ein Forschungsprojekt der HWR Berlin und HTW Berlin\",\"potentialAction\":[{\"@type\":\"SearchAction\",\"target\":{\"@type\":\"EntryPoint\",\"urlTemplate\":\"https:\\\/\\\/blog.hwr-berlin.de\\\/menosupport\\\/?s={search_term_string}\"},\"query-input\":{\"@type\":\"PropertyValueSpecification\",\"valueRequired\":true,\"valueName\":\"search_term_string\"}}],\"inLanguage\":\"de\"}]}<\/script>\n<!-- \/ Yoast SEO plugin. -->","yoast_head_json":{"title":"Impressum - Entwicklung innovativer BGM-Ma\u00dfnahmen f\u00fcr Frauen in der Menopause","robots":{"index":"index","follow":"follow","max-snippet":"max-snippet:-1","max-image-preview":"max-image-preview:large","max-video-preview":"max-video-preview:-1"},"canonical":"https:\/\/blog.hwr-berlin.de\/menosupport\/impressum\/","og_locale":"de_DE","og_type":"article","og_title":"Impressum - Entwicklung innovativer BGM-Ma\u00dfnahmen f\u00fcr Frauen in der Menopause","og_description":"Rechtlicher Sitz Hochschule f\u00fcr Wirtschaft und Rech Berlin Anschrift Hochschule f\u00fcr Wirtschaft und Recht Berlin Badensche Stra\u00dfe 5210825 Berlin Rechtsform Die Hochschule f\u00fcr Wirtschaft und Recht Berlin ist eine K\u00f6rperschaft des \u00f6ffentlichen Rechts gem. \u00a7\u00a7 1 und 2 Berliner Hochschulgesetz (BerlHG) Verantwortlich f\u00fcr den Inhalt Prof. Dr. Andrea Rumler andrea.rumler@hwr-berlin.de Umsatzsteueridentifikationsnummer:&nbsp;DE263545251","og_url":"https:\/\/blog.hwr-berlin.de\/menosupport\/impressum\/","og_site_name":"Entwicklung innovativer BGM-Ma\u00dfnahmen f\u00fcr Frauen in der Menopause","twitter_card":"summary_large_image","schema":{"@context":"https:\/\/schema.org","@graph":[{"@type":"WebPage","@id":"https:\/\/blog.hwr-berlin.de\/menosupport\/impressum\/","url":"https:\/\/blog.hwr-berlin.de\/menosupport\/impressum\/","name":"Impressum - Entwicklung innovativer BGM-Ma\u00dfnahmen f\u00fcr Frauen in der Menopause","isPartOf":{"@id":"https:\/\/blog.hwr-berlin.de\/menosupport\/#website"},"datePublished":"2023-06-13T07:46:47+00:00","breadcrumb":{"@id":"https:\/\/blog.hwr-berlin.de\/menosupport\/impressum\/#breadcrumb"},"inLanguage":"de","potentialAction":[{"@type":"ReadAction","target":["https:\/\/blog.hwr-berlin.de\/menosupport\/impressum\/"]}]},{"@type":"BreadcrumbList","@id":"https:\/\/blog.hwr-berlin.de\/menosupport\/impressum\/#breadcrumb","itemListElement":[{"@type":"ListItem","position":1,"name":"Startseite","item":"https:\/\/blog.hwr-berlin.de\/menosupport\/"},{"@type":"ListItem","position":2,"name":"Impressum"}]},{"@type":"WebSite","@id":"https:\/\/blog.hwr-berlin.de\/menosupport\/#website","url":"https:\/\/blog.hwr-berlin.de\/menosupport\/","name":"Entwicklung innovativer BGM-Ma\u00dfnahmen f\u00fcr Frauen in der Menopause","description":"MenoSupport - ein Forschungsprojekt der HWR Berlin und HTW Berlin","potentialAction":[{"@type":"SearchAction","target":{"@type":"EntryPoint","urlTemplate":"https:\/\/blog.hwr-berlin.de\/menosupport\/?s={search_term_string}"},"query-input":{"@type":"PropertyValueSpecification","valueRequired":true,"valueName":"search_term_string"}}],"inLanguage":"de"}]}},"_links":{"self":[{"href":"https:\/\/blog.hwr-berlin.de\/menosupport\/wp-json\/wp\/v2\/pages\/31","targetHints":{"allow":["GET"]}}],"collection":[{"href":"https:\/\/blog.hwr-berlin.de\/menosupport\/wp-json\/wp\/v2\/pages"}],"about":[{"href":"https:\/\/blog.hwr-berlin.de\/menosupport\/wp-json\/wp\/v2\/types\/page"}],"author":[{"embeddable":true,"href":"https:\/\/blog.hwr-berlin.de\/menosupport\/wp-json\/wp\/v2\/users\/2"}],"replies":[{"embeddable":true,"href":"https:\/\/blog.hwr-berlin.de\/menosupport\/wp-json\/wp\/v2\/comments?post=31"}],"version-history":[{"count":1,"href":"https:\/\/blog.hwr-berlin.de\/menosupport\/wp-json\/wp\/v2\/pages\/31\/revisions"}],"predecessor-version":[{"id":32,"href":"https:\/\/blog.hwr-berlin.de\/menosupport\/wp-json\/wp\/v2\/pages\/31\/revisions\/32"}],"wp:attachment":[{"href":"https:\/\/blog.hwr-berlin.de\/menosupport\/wp-json\/wp\/v2\/media?parent=31"}],"curies":[{"name":"wp","href":"https:\/\/api.w.org\/{rel}","templated":true}]}}