

{"id":54,"date":"2023-06-13T16:27:28","date_gmt":"2023-06-13T14:27:28","guid":{"rendered":"https:\/\/blog.hwr-berlin.de\/menosupport\/?page_id=54"},"modified":"2024-09-30T16:10:52","modified_gmt":"2024-09-30T14:10:52","slug":"projektbeschreibung","status":"publish","type":"page","link":"https:\/\/blog.hwr-berlin.de\/menosupport\/projektbeschreibung\/","title":{"rendered":"Projektbeschreibung"},"content":{"rendered":"\n<h3 class=\"wp-block-heading\">Wechseljahre am Arbeitsplatz<\/h3>\n\n\n\n<p>Viele erwerbst\u00e4tige Frauen&nbsp;sind in ihrem Arbeitsalltag mit Wechseljahresbeschwerden konfrontiert. Die hormonellen Umstellungen, welche f\u00fcr die Wechseljahresbeschwerden verantwortlich sind, beginnen oft bereits Anfang\/Mitte Vierzig in der sogenannten Perimenopause und dauern im Schnitt zwischen 10 und 15 Jahren.<\/p>\n\n\n\n<p>Die Wechseljahre betreffen somit meist einen gro\u00dfen Teil der Belegschaft deutscher Unternehmen. Allerdings wird das Thema im betrieblichen Gesundheitsmanagement deutscher Unternehmen bisher kaum ber\u00fccksichtigt. Die Wechseljahre sind bis heute tabuisiert und&nbsp;auch die Frauen selbst trauen sich h\u00e4ufig aus Angst vor Stigmatisierung nicht, \u00fcber ihre Beschwerden am Arbeitsplatz zu sprechen.<\/p>\n\n\n\n<p>Jedoch k\u00f6nnen die Wechseljahre das pers\u00f6nliche Wohlbefinden, die Arbeitsf\u00e4higkeit und die Karriereentscheidungen der betroffenen Frauen beeinflussen. So k\u00f6nnen beispielsweise dazu f\u00fchren, dass Bef\u00f6rderungen ausgeschlagen oder Stunden reduziert werden und Frauen fr\u00fchzeitig in Rente gehen. Das Thema ist somit sowohl f\u00fcr die Gleichstellung der Geschlechter im Arbeitsleben als auch auch aus volkswirtschaftlicher Perspektive \u00e4u\u00dferst relevant.<\/p>\n\n\n\n<h3 class=\"wp-block-heading\">Das Forschungsprojekt<\/h3>\n\n\n\n<p>Das Ziel des Forschungsprojekt MenoSupport war es, innovative Ma\u00dfnahmen f\u00fcr das betriebliche Gesundheitsmanagement zu entwickeln, mit denen Frauen in den Wechseljahren im Arbeitskontext effektiv unterst\u00fctzt werden k\u00f6nnen.<\/p>\n\n\n\n<p>Um die Bed\u00fcrfnisse der Frauen zu analysieren, wurde im ersten Halbjahr 2023 vom Forscherinnenteam der HWR Berlin eine deutschlandweite Befragung von \u00fcber 2.000 Frauen zum Thema Wechseljahre am Arbeitsplatz durchgef\u00fchrt. Die Ergebnisse zeigten Handlungsbedarf f\u00fcr Unternehmen auf und schufen eine Datengrundlage, um Unterst\u00fctzungsangebote im Rahmen des betrieblichen Gesundheitsmanagements zu entwickeln.<\/p>\n\n\n\n<p>Neben der Online-Befragung wurden an der HWR Berlin die Beitr\u00e4ge eines gro\u00dfen deutschsprachigen Online-Forums zum Thema Wechseljahre analysiert. Auf Seite der Partnerhochschule <a href=\"https:\/\/www.htw-berlin.de\/\">HTW Berlin<\/a> wurden \u00fcberdies Interviews mit Wechseljahre-Expertinnen gef\u00fchrt und ein Gesundheitskonzept f\u00fcr Frauen in den Wechseljahren erarbeitet.<\/p>\n\n\n\n<p>Die Ergebnisse des Forschungsprojektes finden Sie <a href=\"https:\/\/blog.hwr-berlin.de\/menosupport\/ergebnisse\/\">hier<\/a>.<\/p>\n\n\n\n<p>Das Projekt wurde gef\u00f6rdert durch das <a href=\"https:\/\/www.ifaf-berlin.de\/\">Institut f\u00fcr angewandte Forschung Berlin<\/a>. Weitere Informationen \u00fcber das Forschungsprojekt k\u00f6nnen Sie unserem\u00a0<a href=\"https:\/\/www.ifaf-berlin.de\/media\/ifaf_menosupport_expose.pdf\" target=\"_blank\" rel=\"noreferrer noopener\">Projektflyer<\/a>\u00a0entnehmen.<\/p>\n\n\n\n<p>Die Online-Befragung zum Thema Wechseljahre am Arbeitsplatz wurde 2024 in \u00d6sterreich repliziert. Mehr Infos dazu <a href=\"https:\/\/blog.hwr-berlin.de\/menosupportaustria\/\">hier<\/a>.<\/p>\n\n\n\n<h3 class=\"wp-block-heading\">Projektlaufzeit<\/h3>\n\n\n\n<p>01.10.2022 &#8211; 30.09.2024<\/p>\n\n\n\n<h3 class=\"wp-block-heading\">Praxispartner\/innen<\/h3>\n\n\n\n<ul class=\"wp-block-list\">\n<li><a href=\"https:\/\/www.xbyx.de\/\" target=\"_blank\" rel=\"noreferrer noopener\">chowa GmbH<\/a><\/li>\n\n\n\n<li><a href=\"https:\/\/smeo-now.de\/\" target=\"_blank\" rel=\"noreferrer noopener\">SMEO GmbH<\/a><\/li>\n\n\n\n<li><a href=\"https:\/\/www.ffgz.de\/\" target=\"_blank\" rel=\"noreferrer noopener\">Feministisches Frauen Gesundheits Zentrum e.V. Berlin<\/a><\/li>\n<\/ul>\n","protected":false},"excerpt":{"rendered":"<p>Wechseljahre am Arbeitsplatz Viele erwerbst\u00e4tige Frauen&nbsp;sind in ihrem Arbeitsalltag mit Wechseljahresbeschwerden konfrontiert. Die hormonellen Umstellungen, welche f\u00fcr die Wechseljahresbeschwerden verantwortlich sind, beginnen oft bereits Anfang\/Mitte Vierzig in der sogenannten Perimenopause und dauern im Schnitt zwischen 10 und 15 Jahren. Die Wechseljahre betreffen somit meist einen gro\u00dfen Teil der Belegschaft deutscher Unternehmen. Allerdings wird das Thema &hellip; <\/p>\n<p class=\"link-more\"><a href=\"https:\/\/blog.hwr-berlin.de\/menosupport\/projektbeschreibung\/\" class=\"more-link\"><span class=\"screen-reader-text\">\u201eProjektbeschreibung\u201c <\/span>weiterlesen<\/a><\/p>\n","protected":false},"author":2,"featured_media":0,"parent":0,"menu_order":0,"comment_status":"closed","ping_status":"closed","template":"","meta":{"footnotes":""},"class_list":["post-54","page","type-page","status-publish","hentry"],"yoast_head":"<!-- This site is optimized with the Yoast SEO plugin v27.3 - https:\/\/yoast.com\/product\/yoast-seo-wordpress\/ -->\n<title>Projektbeschreibung - Entwicklung innovativer BGM-Ma\u00dfnahmen f\u00fcr Frauen in der Menopause<\/title>\n<meta name=\"robots\" content=\"index, follow, max-snippet:-1, max-image-preview:large, max-video-preview:-1\" \/>\n<link rel=\"canonical\" href=\"https:\/\/blog.hwr-berlin.de\/menosupport\/projektbeschreibung\/\" \/>\n<meta property=\"og:locale\" content=\"de_DE\" \/>\n<meta property=\"og:type\" content=\"article\" \/>\n<meta property=\"og:title\" content=\"Projektbeschreibung - Entwicklung innovativer BGM-Ma\u00dfnahmen f\u00fcr Frauen in der Menopause\" \/>\n<meta property=\"og:description\" content=\"Wechseljahre am Arbeitsplatz Viele erwerbst\u00e4tige Frauen&nbsp;sind in ihrem Arbeitsalltag mit Wechseljahresbeschwerden konfrontiert. Die hormonellen Umstellungen, welche f\u00fcr die Wechseljahresbeschwerden verantwortlich sind, beginnen oft bereits Anfang\/Mitte Vierzig in der sogenannten Perimenopause und dauern im Schnitt zwischen 10 und 15 Jahren. Die Wechseljahre betreffen somit meist einen gro\u00dfen Teil der Belegschaft deutscher Unternehmen. Allerdings wird das Thema &hellip; \u201eProjektbeschreibung\u201c weiterlesen\" \/>\n<meta property=\"og:url\" content=\"https:\/\/blog.hwr-berlin.de\/menosupport\/projektbeschreibung\/\" \/>\n<meta property=\"og:site_name\" content=\"Entwicklung innovativer BGM-Ma\u00dfnahmen f\u00fcr Frauen in der Menopause\" \/>\n<meta property=\"article:modified_time\" content=\"2024-09-30T14:10:52+00:00\" \/>\n<meta name=\"twitter:card\" content=\"summary_large_image\" \/>\n<meta name=\"twitter:label1\" content=\"Gesch\u00e4tzte Lesezeit\" \/>\n\t<meta name=\"twitter:data1\" content=\"2\u00a0Minuten\" \/>\n<script type=\"application\/ld+json\" class=\"yoast-schema-graph\">{\"@context\":\"https:\\\/\\\/schema.org\",\"@graph\":[{\"@type\":\"WebPage\",\"@id\":\"https:\\\/\\\/blog.hwr-berlin.de\\\/menosupport\\\/projektbeschreibung\\\/\",\"url\":\"https:\\\/\\\/blog.hwr-berlin.de\\\/menosupport\\\/projektbeschreibung\\\/\",\"name\":\"Projektbeschreibung - Entwicklung innovativer BGM-Ma\u00dfnahmen f\u00fcr Frauen in der Menopause\",\"isPartOf\":{\"@id\":\"https:\\\/\\\/blog.hwr-berlin.de\\\/menosupport\\\/#website\"},\"datePublished\":\"2023-06-13T14:27:28+00:00\",\"dateModified\":\"2024-09-30T14:10:52+00:00\",\"breadcrumb\":{\"@id\":\"https:\\\/\\\/blog.hwr-berlin.de\\\/menosupport\\\/projektbeschreibung\\\/#breadcrumb\"},\"inLanguage\":\"de\",\"potentialAction\":[{\"@type\":\"ReadAction\",\"target\":[\"https:\\\/\\\/blog.hwr-berlin.de\\\/menosupport\\\/projektbeschreibung\\\/\"]}]},{\"@type\":\"BreadcrumbList\",\"@id\":\"https:\\\/\\\/blog.hwr-berlin.de\\\/menosupport\\\/projektbeschreibung\\\/#breadcrumb\",\"itemListElement\":[{\"@type\":\"ListItem\",\"position\":1,\"name\":\"Startseite\",\"item\":\"https:\\\/\\\/blog.hwr-berlin.de\\\/menosupport\\\/\"},{\"@type\":\"ListItem\",\"position\":2,\"name\":\"Projektbeschreibung\"}]},{\"@type\":\"WebSite\",\"@id\":\"https:\\\/\\\/blog.hwr-berlin.de\\\/menosupport\\\/#website\",\"url\":\"https:\\\/\\\/blog.hwr-berlin.de\\\/menosupport\\\/\",\"name\":\"Entwicklung innovativer BGM-Ma\u00dfnahmen f\u00fcr Frauen in der Menopause\",\"description\":\"MenoSupport - ein Forschungsprojekt der HWR Berlin und HTW Berlin\",\"potentialAction\":[{\"@type\":\"SearchAction\",\"target\":{\"@type\":\"EntryPoint\",\"urlTemplate\":\"https:\\\/\\\/blog.hwr-berlin.de\\\/menosupport\\\/?s={search_term_string}\"},\"query-input\":{\"@type\":\"PropertyValueSpecification\",\"valueRequired\":true,\"valueName\":\"search_term_string\"}}],\"inLanguage\":\"de\"}]}<\/script>\n<!-- \/ Yoast SEO plugin. -->","yoast_head_json":{"title":"Projektbeschreibung - Entwicklung innovativer BGM-Ma\u00dfnahmen f\u00fcr Frauen in der Menopause","robots":{"index":"index","follow":"follow","max-snippet":"max-snippet:-1","max-image-preview":"max-image-preview:large","max-video-preview":"max-video-preview:-1"},"canonical":"https:\/\/blog.hwr-berlin.de\/menosupport\/projektbeschreibung\/","og_locale":"de_DE","og_type":"article","og_title":"Projektbeschreibung - Entwicklung innovativer BGM-Ma\u00dfnahmen f\u00fcr Frauen in der Menopause","og_description":"Wechseljahre am Arbeitsplatz Viele erwerbst\u00e4tige Frauen&nbsp;sind in ihrem Arbeitsalltag mit Wechseljahresbeschwerden konfrontiert. Die hormonellen Umstellungen, welche f\u00fcr die Wechseljahresbeschwerden verantwortlich sind, beginnen oft bereits Anfang\/Mitte Vierzig in der sogenannten Perimenopause und dauern im Schnitt zwischen 10 und 15 Jahren. Die Wechseljahre betreffen somit meist einen gro\u00dfen Teil der Belegschaft deutscher Unternehmen. Allerdings wird das Thema &hellip; \u201eProjektbeschreibung\u201c weiterlesen","og_url":"https:\/\/blog.hwr-berlin.de\/menosupport\/projektbeschreibung\/","og_site_name":"Entwicklung innovativer BGM-Ma\u00dfnahmen f\u00fcr Frauen in der Menopause","article_modified_time":"2024-09-30T14:10:52+00:00","twitter_card":"summary_large_image","twitter_misc":{"Gesch\u00e4tzte Lesezeit":"2\u00a0Minuten"},"schema":{"@context":"https:\/\/schema.org","@graph":[{"@type":"WebPage","@id":"https:\/\/blog.hwr-berlin.de\/menosupport\/projektbeschreibung\/","url":"https:\/\/blog.hwr-berlin.de\/menosupport\/projektbeschreibung\/","name":"Projektbeschreibung - Entwicklung innovativer BGM-Ma\u00dfnahmen f\u00fcr Frauen in der Menopause","isPartOf":{"@id":"https:\/\/blog.hwr-berlin.de\/menosupport\/#website"},"datePublished":"2023-06-13T14:27:28+00:00","dateModified":"2024-09-30T14:10:52+00:00","breadcrumb":{"@id":"https:\/\/blog.hwr-berlin.de\/menosupport\/projektbeschreibung\/#breadcrumb"},"inLanguage":"de","potentialAction":[{"@type":"ReadAction","target":["https:\/\/blog.hwr-berlin.de\/menosupport\/projektbeschreibung\/"]}]},{"@type":"BreadcrumbList","@id":"https:\/\/blog.hwr-berlin.de\/menosupport\/projektbeschreibung\/#breadcrumb","itemListElement":[{"@type":"ListItem","position":1,"name":"Startseite","item":"https:\/\/blog.hwr-berlin.de\/menosupport\/"},{"@type":"ListItem","position":2,"name":"Projektbeschreibung"}]},{"@type":"WebSite","@id":"https:\/\/blog.hwr-berlin.de\/menosupport\/#website","url":"https:\/\/blog.hwr-berlin.de\/menosupport\/","name":"Entwicklung innovativer BGM-Ma\u00dfnahmen f\u00fcr Frauen in der Menopause","description":"MenoSupport - ein Forschungsprojekt der HWR Berlin und HTW Berlin","potentialAction":[{"@type":"SearchAction","target":{"@type":"EntryPoint","urlTemplate":"https:\/\/blog.hwr-berlin.de\/menosupport\/?s={search_term_string}"},"query-input":{"@type":"PropertyValueSpecification","valueRequired":true,"valueName":"search_term_string"}}],"inLanguage":"de"}]}},"_links":{"self":[{"href":"https:\/\/blog.hwr-berlin.de\/menosupport\/wp-json\/wp\/v2\/pages\/54","targetHints":{"allow":["GET"]}}],"collection":[{"href":"https:\/\/blog.hwr-berlin.de\/menosupport\/wp-json\/wp\/v2\/pages"}],"about":[{"href":"https:\/\/blog.hwr-berlin.de\/menosupport\/wp-json\/wp\/v2\/types\/page"}],"author":[{"embeddable":true,"href":"https:\/\/blog.hwr-berlin.de\/menosupport\/wp-json\/wp\/v2\/users\/2"}],"replies":[{"embeddable":true,"href":"https:\/\/blog.hwr-berlin.de\/menosupport\/wp-json\/wp\/v2\/comments?post=54"}],"version-history":[{"count":27,"href":"https:\/\/blog.hwr-berlin.de\/menosupport\/wp-json\/wp\/v2\/pages\/54\/revisions"}],"predecessor-version":[{"id":293,"href":"https:\/\/blog.hwr-berlin.de\/menosupport\/wp-json\/wp\/v2\/pages\/54\/revisions\/293"}],"wp:attachment":[{"href":"https:\/\/blog.hwr-berlin.de\/menosupport\/wp-json\/wp\/v2\/media?parent=54"}],"curies":[{"name":"wp","href":"https:\/\/api.w.org\/{rel}","templated":true}]}}