

{"id":8,"date":"2023-05-08T13:49:56","date_gmt":"2023-05-08T11:49:56","guid":{"rendered":"https:\/\/blog.hwr-berlin.de\/menosupport\/?page_id=8"},"modified":"2024-09-30T16:09:05","modified_gmt":"2024-09-30T14:09:05","slug":"8-2-startseite","status":"publish","type":"page","link":"https:\/\/blog.hwr-berlin.de\/menosupport\/","title":{"rendered":"MenoSupport &#8211; ein Forschungsprojekt der HWR Berlin und HTW Berlin"},"content":{"rendered":"<div class=\"wp-block-image\">\n<figure class=\"alignleft size-large is-resized\"><img loading=\"lazy\" decoding=\"async\" width=\"1024\" height=\"684\" src=\"https:\/\/blog.hwr-berlin.de\/menosupport\/wp-content\/uploads_menosupport\/2023\/06\/EBM1403-1024x684.jpg\" alt=\"\" class=\"wp-image-48\" style=\"width:594px;height:397px\" srcset=\"https:\/\/blog.hwr-berlin.de\/menosupport\/wp-content\/uploads_menosupport\/2023\/06\/EBM1403-1024x684.jpg 1024w, https:\/\/blog.hwr-berlin.de\/menosupport\/wp-content\/uploads_menosupport\/2023\/06\/EBM1403-300x200.jpg 300w, https:\/\/blog.hwr-berlin.de\/menosupport\/wp-content\/uploads_menosupport\/2023\/06\/EBM1403-768x513.jpg 768w, https:\/\/blog.hwr-berlin.de\/menosupport\/wp-content\/uploads_menosupport\/2023\/06\/EBM1403-1536x1026.jpg 1536w, https:\/\/blog.hwr-berlin.de\/menosupport\/wp-content\/uploads_menosupport\/2023\/06\/EBM1403.jpg 2000w\" sizes=\"auto, (max-width: 706px) 89vw, (max-width: 767px) 82vw, 740px\" \/><\/figure>\n<\/div>\n\n\n<h1 class=\"wp-block-heading\"><strong>Wechseljahre am Arbeitsplatz<\/strong><\/h1>\n\n\n\n<p>Viele erwerbst\u00e4tige Frauen&nbsp;sind in ihrem Arbeitsalltag mit Wechseljahresbeschwerden konfrontiert. Allerdings wird das Thema im betrieblichen Gesundheitsmanagement deutscher Unternehmen bisher kaum ber\u00fccksichtigt. Das Thema ist bis heute tabuisiert und&nbsp;die betroffenen Frauen trauen sich h\u00e4ufig aus Angst vor Stigmatisierung nicht \u00fcber ihre Beschwerden am Arbeitsplatz zu sprechen. Jedoch beeinflussen die Wechseljahressymptome immer wieder die Karriereentscheidungen der betroffenen Frauen. So f\u00fchren sie h\u00e4ufig dazu, dass Bef\u00f6rderungen ausgeschlagen, Stunden reduziert oder die Rente fr\u00fchzeitig angetreten wird. Das Thema ist somit sowohl f\u00fcr die Gleichstellung der Geschlechter im Arbeitsleben als auch auch aus volkswirtschaftlicher Perspektive \u00e4u\u00dferst relevant.<\/p>\n\n\n\n<h1 class=\"wp-block-heading\"><strong>Das Forschungsprojekt<\/strong><\/h1>\n\n\n\n<p>Das Forschungsprojekt zielte darauf ab, erstmals Daten zum Erleben der Wechseljahre im Arbeitskontext zu sammeln und m\u00f6gliche Unterst\u00fctzungsma\u00dfnahmen aufzuzeigen. Diese Ma\u00dfnahmen sollen Unternehmen dabei helfen, geeignete Angebote in ihr betriebliches Gesundheitsmanagement zu integrieren, um Frauen in den Wechseljahren am Arbeitsplatz effektiv zu unterst\u00fctzen.<br><\/p>\n\n\n\n<p>Das Projekt wurde gef\u00f6rdert durch das <a href=\"https:\/\/www.ifaf-berlin.de\/\">Institut f\u00fcr angewandte Forschung Berlin<\/a>.<\/p>\n\n\n\n<p><strong>Projektlaufzeit<\/strong><\/p>\n\n\n\n<p>01.10.2022 \u2013 30.09.2024<\/p>\n\n\n\n<p><strong>Praxispartner\/innen<\/strong><\/p>\n\n\n\n<ul class=\"wp-block-list\">\n<li><a href=\"https:\/\/www.xbyx.de\/\" target=\"_blank\" rel=\"noreferrer noopener\">chowa GmbH<\/a><\/li>\n\n\n\n<li><a href=\"https:\/\/smeo-now.de\/\" target=\"_blank\" rel=\"noreferrer noopener\">SMEO GmbH<\/a><\/li>\n\n\n\n<li><a href=\"https:\/\/www.ffgz.de\/\" target=\"_blank\" rel=\"noreferrer noopener\">Feministisches Frauen Gesundheits Zentrum e.V. Berlin<\/a><\/li>\n<\/ul>\n\n\n\n<h2 class=\"wp-block-heading\"><\/h2>\n","protected":false},"excerpt":{"rendered":"<p>Wechseljahre am Arbeitsplatz Viele erwerbst\u00e4tige Frauen&nbsp;sind in ihrem Arbeitsalltag mit Wechseljahresbeschwerden konfrontiert. Allerdings wird das Thema im betrieblichen Gesundheitsmanagement deutscher Unternehmen bisher kaum ber\u00fccksichtigt. Das Thema ist bis heute tabuisiert und&nbsp;die betroffenen Frauen trauen sich h\u00e4ufig aus Angst vor Stigmatisierung nicht \u00fcber ihre Beschwerden am Arbeitsplatz zu sprechen. Jedoch beeinflussen die Wechseljahressymptome immer wieder die &hellip; <\/p>\n<p class=\"link-more\"><a href=\"https:\/\/blog.hwr-berlin.de\/menosupport\/\" class=\"more-link\"><span class=\"screen-reader-text\">\u201eMenoSupport &#8211; ein Forschungsprojekt der HWR Berlin und HTW Berlin\u201c <\/span>weiterlesen<\/a><\/p>\n","protected":false},"author":1,"featured_media":0,"parent":0,"menu_order":0,"comment_status":"closed","ping_status":"closed","template":"","meta":{"footnotes":""},"class_list":["post-8","page","type-page","status-publish","hentry"],"yoast_head":"<!-- This site is optimized with the Yoast SEO plugin v27.3 - https:\/\/yoast.com\/product\/yoast-seo-wordpress\/ -->\n<title>MenoSupport - ein Forschungsprojekt der HWR Berlin und HTW Berlin - Entwicklung innovativer BGM-Ma\u00dfnahmen f\u00fcr Frauen in der Menopause<\/title>\n<meta name=\"robots\" content=\"index, follow, max-snippet:-1, max-image-preview:large, max-video-preview:-1\" \/>\n<link rel=\"canonical\" href=\"https:\/\/blog.hwr-berlin.de\/menosupport\/\" \/>\n<meta property=\"og:locale\" content=\"de_DE\" \/>\n<meta property=\"og:type\" content=\"article\" \/>\n<meta property=\"og:title\" content=\"MenoSupport - ein Forschungsprojekt der HWR Berlin und HTW Berlin - Entwicklung innovativer BGM-Ma\u00dfnahmen f\u00fcr Frauen in der Menopause\" \/>\n<meta property=\"og:description\" content=\"Wechseljahre am Arbeitsplatz Viele erwerbst\u00e4tige Frauen&nbsp;sind in ihrem Arbeitsalltag mit Wechseljahresbeschwerden konfrontiert. Allerdings wird das Thema im betrieblichen Gesundheitsmanagement deutscher Unternehmen bisher kaum ber\u00fccksichtigt. Das Thema ist bis heute tabuisiert und&nbsp;die betroffenen Frauen trauen sich h\u00e4ufig aus Angst vor Stigmatisierung nicht \u00fcber ihre Beschwerden am Arbeitsplatz zu sprechen. Jedoch beeinflussen die Wechseljahressymptome immer wieder die &hellip; \u201eMenoSupport &#8211; ein Forschungsprojekt der HWR Berlin und HTW Berlin\u201c weiterlesen\" \/>\n<meta property=\"og:url\" content=\"https:\/\/blog.hwr-berlin.de\/menosupport\/\" \/>\n<meta property=\"og:site_name\" content=\"Entwicklung innovativer BGM-Ma\u00dfnahmen f\u00fcr Frauen in der Menopause\" \/>\n<meta property=\"article:modified_time\" content=\"2024-09-30T14:09:05+00:00\" \/>\n<meta property=\"og:image\" content=\"https:\/\/blog.hwr-berlin.de\/menosupport\/wp-content\/uploads_menosupport\/2023\/06\/EBM1403-1024x684.jpg\" \/>\n<meta name=\"twitter:card\" content=\"summary_large_image\" \/>\n<meta name=\"twitter:label1\" content=\"Gesch\u00e4tzte Lesezeit\" \/>\n\t<meta name=\"twitter:data1\" content=\"2\u00a0Minuten\" \/>\n<script type=\"application\/ld+json\" class=\"yoast-schema-graph\">{\"@context\":\"https:\\\/\\\/schema.org\",\"@graph\":[{\"@type\":\"WebPage\",\"@id\":\"https:\\\/\\\/blog.hwr-berlin.de\\\/menosupport\\\/\",\"url\":\"https:\\\/\\\/blog.hwr-berlin.de\\\/menosupport\\\/\",\"name\":\"MenoSupport - ein Forschungsprojekt der HWR Berlin und HTW Berlin - Entwicklung innovativer BGM-Ma\u00dfnahmen f\u00fcr Frauen in der Menopause\",\"isPartOf\":{\"@id\":\"https:\\\/\\\/blog.hwr-berlin.de\\\/menosupport\\\/#website\"},\"primaryImageOfPage\":{\"@id\":\"https:\\\/\\\/blog.hwr-berlin.de\\\/menosupport\\\/#primaryimage\"},\"image\":{\"@id\":\"https:\\\/\\\/blog.hwr-berlin.de\\\/menosupport\\\/#primaryimage\"},\"thumbnailUrl\":\"https:\\\/\\\/blog.hwr-berlin.de\\\/menosupport\\\/wp-content\\\/uploads_menosupport\\\/2023\\\/06\\\/EBM1403-1024x684.jpg\",\"datePublished\":\"2023-05-08T11:49:56+00:00\",\"dateModified\":\"2024-09-30T14:09:05+00:00\",\"breadcrumb\":{\"@id\":\"https:\\\/\\\/blog.hwr-berlin.de\\\/menosupport\\\/#breadcrumb\"},\"inLanguage\":\"de\",\"potentialAction\":[{\"@type\":\"ReadAction\",\"target\":[\"https:\\\/\\\/blog.hwr-berlin.de\\\/menosupport\\\/\"]}]},{\"@type\":\"ImageObject\",\"inLanguage\":\"de\",\"@id\":\"https:\\\/\\\/blog.hwr-berlin.de\\\/menosupport\\\/#primaryimage\",\"url\":\"https:\\\/\\\/blog.hwr-berlin.de\\\/menosupport\\\/wp-content\\\/uploads_menosupport\\\/2023\\\/06\\\/EBM1403.jpg\",\"contentUrl\":\"https:\\\/\\\/blog.hwr-berlin.de\\\/menosupport\\\/wp-content\\\/uploads_menosupport\\\/2023\\\/06\\\/EBM1403.jpg\",\"width\":2000,\"height\":1336},{\"@type\":\"BreadcrumbList\",\"@id\":\"https:\\\/\\\/blog.hwr-berlin.de\\\/menosupport\\\/#breadcrumb\",\"itemListElement\":[{\"@type\":\"ListItem\",\"position\":1,\"name\":\"Startseite\",\"item\":\"https:\\\/\\\/blog.hwr-berlin.de\\\/menosupport\\\/\"},{\"@type\":\"ListItem\",\"position\":2,\"name\":\"MenoSupport &#8211; ein Forschungsprojekt der HWR Berlin und HTW Berlin\"}]},{\"@type\":\"WebSite\",\"@id\":\"https:\\\/\\\/blog.hwr-berlin.de\\\/menosupport\\\/#website\",\"url\":\"https:\\\/\\\/blog.hwr-berlin.de\\\/menosupport\\\/\",\"name\":\"Entwicklung innovativer BGM-Ma\u00dfnahmen f\u00fcr Frauen in der Menopause\",\"description\":\"MenoSupport - ein Forschungsprojekt der HWR Berlin und HTW Berlin\",\"potentialAction\":[{\"@type\":\"SearchAction\",\"target\":{\"@type\":\"EntryPoint\",\"urlTemplate\":\"https:\\\/\\\/blog.hwr-berlin.de\\\/menosupport\\\/?s={search_term_string}\"},\"query-input\":{\"@type\":\"PropertyValueSpecification\",\"valueRequired\":true,\"valueName\":\"search_term_string\"}}],\"inLanguage\":\"de\"}]}<\/script>\n<!-- \/ Yoast SEO plugin. -->","yoast_head_json":{"title":"MenoSupport - ein Forschungsprojekt der HWR Berlin und HTW Berlin - Entwicklung innovativer BGM-Ma\u00dfnahmen f\u00fcr Frauen in der Menopause","robots":{"index":"index","follow":"follow","max-snippet":"max-snippet:-1","max-image-preview":"max-image-preview:large","max-video-preview":"max-video-preview:-1"},"canonical":"https:\/\/blog.hwr-berlin.de\/menosupport\/","og_locale":"de_DE","og_type":"article","og_title":"MenoSupport - ein Forschungsprojekt der HWR Berlin und HTW Berlin - Entwicklung innovativer BGM-Ma\u00dfnahmen f\u00fcr Frauen in der Menopause","og_description":"Wechseljahre am Arbeitsplatz Viele erwerbst\u00e4tige Frauen&nbsp;sind in ihrem Arbeitsalltag mit Wechseljahresbeschwerden konfrontiert. Allerdings wird das Thema im betrieblichen Gesundheitsmanagement deutscher Unternehmen bisher kaum ber\u00fccksichtigt. Das Thema ist bis heute tabuisiert und&nbsp;die betroffenen Frauen trauen sich h\u00e4ufig aus Angst vor Stigmatisierung nicht \u00fcber ihre Beschwerden am Arbeitsplatz zu sprechen. Jedoch beeinflussen die Wechseljahressymptome immer wieder die &hellip; \u201eMenoSupport &#8211; ein Forschungsprojekt der HWR Berlin und HTW Berlin\u201c weiterlesen","og_url":"https:\/\/blog.hwr-berlin.de\/menosupport\/","og_site_name":"Entwicklung innovativer BGM-Ma\u00dfnahmen f\u00fcr Frauen in der Menopause","article_modified_time":"2024-09-30T14:09:05+00:00","og_image":[{"url":"https:\/\/blog.hwr-berlin.de\/menosupport\/wp-content\/uploads_menosupport\/2023\/06\/EBM1403-1024x684.jpg","type":"","width":"","height":""}],"twitter_card":"summary_large_image","twitter_misc":{"Gesch\u00e4tzte Lesezeit":"2\u00a0Minuten"},"schema":{"@context":"https:\/\/schema.org","@graph":[{"@type":"WebPage","@id":"https:\/\/blog.hwr-berlin.de\/menosupport\/","url":"https:\/\/blog.hwr-berlin.de\/menosupport\/","name":"MenoSupport - ein Forschungsprojekt der HWR Berlin und HTW Berlin - Entwicklung innovativer BGM-Ma\u00dfnahmen f\u00fcr Frauen in der Menopause","isPartOf":{"@id":"https:\/\/blog.hwr-berlin.de\/menosupport\/#website"},"primaryImageOfPage":{"@id":"https:\/\/blog.hwr-berlin.de\/menosupport\/#primaryimage"},"image":{"@id":"https:\/\/blog.hwr-berlin.de\/menosupport\/#primaryimage"},"thumbnailUrl":"https:\/\/blog.hwr-berlin.de\/menosupport\/wp-content\/uploads_menosupport\/2023\/06\/EBM1403-1024x684.jpg","datePublished":"2023-05-08T11:49:56+00:00","dateModified":"2024-09-30T14:09:05+00:00","breadcrumb":{"@id":"https:\/\/blog.hwr-berlin.de\/menosupport\/#breadcrumb"},"inLanguage":"de","potentialAction":[{"@type":"ReadAction","target":["https:\/\/blog.hwr-berlin.de\/menosupport\/"]}]},{"@type":"ImageObject","inLanguage":"de","@id":"https:\/\/blog.hwr-berlin.de\/menosupport\/#primaryimage","url":"https:\/\/blog.hwr-berlin.de\/menosupport\/wp-content\/uploads_menosupport\/2023\/06\/EBM1403.jpg","contentUrl":"https:\/\/blog.hwr-berlin.de\/menosupport\/wp-content\/uploads_menosupport\/2023\/06\/EBM1403.jpg","width":2000,"height":1336},{"@type":"BreadcrumbList","@id":"https:\/\/blog.hwr-berlin.de\/menosupport\/#breadcrumb","itemListElement":[{"@type":"ListItem","position":1,"name":"Startseite","item":"https:\/\/blog.hwr-berlin.de\/menosupport\/"},{"@type":"ListItem","position":2,"name":"MenoSupport &#8211; ein Forschungsprojekt der HWR Berlin und HTW Berlin"}]},{"@type":"WebSite","@id":"https:\/\/blog.hwr-berlin.de\/menosupport\/#website","url":"https:\/\/blog.hwr-berlin.de\/menosupport\/","name":"Entwicklung innovativer BGM-Ma\u00dfnahmen f\u00fcr Frauen in der Menopause","description":"MenoSupport - ein Forschungsprojekt der HWR Berlin und HTW Berlin","potentialAction":[{"@type":"SearchAction","target":{"@type":"EntryPoint","urlTemplate":"https:\/\/blog.hwr-berlin.de\/menosupport\/?s={search_term_string}"},"query-input":{"@type":"PropertyValueSpecification","valueRequired":true,"valueName":"search_term_string"}}],"inLanguage":"de"}]}},"_links":{"self":[{"href":"https:\/\/blog.hwr-berlin.de\/menosupport\/wp-json\/wp\/v2\/pages\/8","targetHints":{"allow":["GET"]}}],"collection":[{"href":"https:\/\/blog.hwr-berlin.de\/menosupport\/wp-json\/wp\/v2\/pages"}],"about":[{"href":"https:\/\/blog.hwr-berlin.de\/menosupport\/wp-json\/wp\/v2\/types\/page"}],"author":[{"embeddable":true,"href":"https:\/\/blog.hwr-berlin.de\/menosupport\/wp-json\/wp\/v2\/users\/1"}],"replies":[{"embeddable":true,"href":"https:\/\/blog.hwr-berlin.de\/menosupport\/wp-json\/wp\/v2\/comments?post=8"}],"version-history":[{"count":49,"href":"https:\/\/blog.hwr-berlin.de\/menosupport\/wp-json\/wp\/v2\/pages\/8\/revisions"}],"predecessor-version":[{"id":291,"href":"https:\/\/blog.hwr-berlin.de\/menosupport\/wp-json\/wp\/v2\/pages\/8\/revisions\/291"}],"wp:attachment":[{"href":"https:\/\/blog.hwr-berlin.de\/menosupport\/wp-json\/wp\/v2\/media?parent=8"}],"curies":[{"name":"wp","href":"https:\/\/api.w.org\/{rel}","templated":true}]}}