

{"id":9,"date":"2023-05-08T13:49:56","date_gmt":"2023-05-08T11:49:56","guid":{"rendered":"https:\/\/blog.hwr-berlin.de\/menosupport\/?page_id=9"},"modified":"2024-09-30T16:11:17","modified_gmt":"2024-09-30T14:11:17","slug":"ueber-uns","status":"publish","type":"page","link":"https:\/\/blog.hwr-berlin.de\/menosupport\/ueber-uns\/","title":{"rendered":"\u00dcber uns"},"content":{"rendered":"\n<p class=\"has-text-align-left\">MenoSupport war ein Forschungsprojekt der Hochschule f\u00fcr Wirtschaft und Recht<br>Berlin (HWR Berlin) und Hochschule f\u00fcr Technik und Wirtschaft Berlin (HTW Berlin).<\/p>\n\n\n<div class=\"wp-block-image\">\n<figure class=\"alignleft size-large is-resized\"><img loading=\"lazy\" decoding=\"async\" width=\"1024\" height=\"684\" src=\"https:\/\/blog.hwr-berlin.de\/menosupport\/wp-content\/uploads_menosupport\/2023\/07\/EBM1500-1024x684.jpg\" alt=\"\" class=\"wp-image-99\" style=\"width:617px;height:412px\" srcset=\"https:\/\/blog.hwr-berlin.de\/menosupport\/wp-content\/uploads_menosupport\/2023\/07\/EBM1500-1024x684.jpg 1024w, https:\/\/blog.hwr-berlin.de\/menosupport\/wp-content\/uploads_menosupport\/2023\/07\/EBM1500-300x200.jpg 300w, https:\/\/blog.hwr-berlin.de\/menosupport\/wp-content\/uploads_menosupport\/2023\/07\/EBM1500-768x513.jpg 768w, https:\/\/blog.hwr-berlin.de\/menosupport\/wp-content\/uploads_menosupport\/2023\/07\/EBM1500-1536x1026.jpg 1536w, https:\/\/blog.hwr-berlin.de\/menosupport\/wp-content\/uploads_menosupport\/2023\/07\/EBM1500.jpg 2000w\" sizes=\"auto, (max-width: 706px) 89vw, (max-width: 767px) 82vw, 740px\" \/><figcaption class=\"wp-element-caption\">V.l.n.r.: Prof. Dr. Andrea Rumler, Prof. Dr. Sabine Nitsche, Dr. Jennifer Ailed Chan de Avila, Julia Memmert<\/figcaption><\/figure>\n<\/div>\n\n\n<h3 class=\"wp-block-heading\" id=\"projektleitung\">Projektleitung<\/h3>\n\n\n\n<div class=\"wp-block-columns are-vertically-aligned-top is-layout-flex wp-container-core-columns-is-layout-9d6595d7 wp-block-columns-is-layout-flex\">\n<div class=\"wp-block-column is-vertically-aligned-top is-layout-flow wp-block-column-is-layout-flow\">\n<p>Prof. Dr. Andrea Rumler <br>HWR Berlin<\/p>\n<\/div>\n\n\n\n<div class=\"wp-block-column is-vertically-aligned-top is-layout-flow wp-block-column-is-layout-flow\">\n<p>Prof. Dr. Sabine Nitsche<br>HTW Berlin<\/p>\n<\/div>\n<\/div>\n\n\n\n<h3 class=\"wp-block-heading\" id=\"wissenschaftliche-r-mitarbeiter-in\">Wissenschaftliche Mitarbeiterinnen<\/h3>\n\n\n\n<div class=\"wp-block-columns is-layout-flex wp-container-core-columns-is-layout-9d6595d7 wp-block-columns-is-layout-flex\">\n<div class=\"wp-block-column is-layout-flow wp-block-column-is-layout-flow\">\n<p>Julia Memmert<br><a href=\"mailto:Julia.memmert@hwr-berlin.de\">Julia.Memmert@hwr-berlin.de<\/a><\/p>\n<\/div>\n\n\n\n<div class=\"wp-block-column is-layout-flow wp-block-column-is-layout-flow\">\n<p>Dr. Jennifer Ailed Chan de Avila<br><a href=\"mailto:Jennifer.Chan@HTW-Berlin.de\">Jennifer.Chan@htw-berlin.de<\/a><\/p>\n<\/div>\n<\/div>\n\n\n\n<div style=\"height:10px\" aria-hidden=\"true\" class=\"wp-block-spacer\"><\/div>\n\n\n\n<div class=\"wp-block-columns is-layout-flex wp-container-core-columns-is-layout-9d6595d7 wp-block-columns-is-layout-flex\">\n<div class=\"wp-block-column is-layout-flow wp-block-column-is-layout-flow\">\n<figure class=\"wp-block-image size-full\"><img decoding=\"async\" src=\"https:\/\/blog.hwr-berlin.de\/mieterstromplus\/wp-content\/uploads_mieterstromplus\/2020\/05\/800px-Hochschule_f\u00fcr_Wirtschaft_und_Recht_Berlin_logo.svg_.png\" alt=\"\" class=\"wp-image-32\"\/><\/figure>\n<\/div>\n\n\n\n<div class=\"wp-block-column is-layout-flow wp-block-column-is-layout-flow\">\n<figure class=\"wp-block-image size-full\"><img decoding=\"async\" src=\"https:\/\/blog.hwr-berlin.de\/mieterstromplus\/wp-content\/uploads_mieterstromplus\/2020\/05\/HTW_Berlin_Logo_quer_pos_FARBIG_RGB.jpg\" alt=\"\" class=\"wp-image-31\"\/><\/figure>\n<\/div>\n<\/div>\n\n\n\n<p>Gef\u00f6rdert durch das Institut f\u00fcr angewandte Forschung Berlin<\/p>\n\n\n\n<figure class=\"wp-block-image size-full is-resized is-style-default\"><img decoding=\"async\" src=\"https:\/\/blog.hwr-berlin.de\/mieterstromplus\/wp-content\/uploads_mieterstromplus\/2021\/07\/ifaf_logo.jpg\" alt=\"\" class=\"wp-image-344\" style=\"width:197px;height:444px\"\/><\/figure>\n","protected":false},"excerpt":{"rendered":"<p>MenoSupport war ein Forschungsprojekt der Hochschule f\u00fcr Wirtschaft und RechtBerlin (HWR Berlin) und Hochschule f\u00fcr Technik und Wirtschaft Berlin (HTW Berlin). Projektleitung Prof. Dr. Andrea Rumler HWR Berlin Prof. Dr. Sabine NitscheHTW Berlin Wissenschaftliche Mitarbeiterinnen Julia MemmertJulia.Memmert@hwr-berlin.de Dr. Jennifer Ailed Chan de AvilaJennifer.Chan@htw-berlin.de Gef\u00f6rdert durch das Institut f\u00fcr angewandte Forschung Berlin<\/p>\n","protected":false},"author":1,"featured_media":0,"parent":0,"menu_order":0,"comment_status":"closed","ping_status":"closed","template":"","meta":{"footnotes":""},"class_list":["post-9","page","type-page","status-publish","hentry"],"yoast_head":"<!-- This site is optimized with the Yoast SEO plugin v27.4 - https:\/\/yoast.com\/product\/yoast-seo-wordpress\/ -->\n<title>\u00dcber uns - Entwicklung innovativer BGM-Ma\u00dfnahmen f\u00fcr Frauen in der Menopause<\/title>\n<meta name=\"robots\" content=\"index, follow, max-snippet:-1, max-image-preview:large, max-video-preview:-1\" \/>\n<link rel=\"canonical\" href=\"https:\/\/blog.hwr-berlin.de\/menosupport\/ueber-uns\/\" \/>\n<meta property=\"og:locale\" content=\"de_DE\" \/>\n<meta property=\"og:type\" content=\"article\" \/>\n<meta property=\"og:title\" content=\"\u00dcber uns - Entwicklung innovativer BGM-Ma\u00dfnahmen f\u00fcr Frauen in der Menopause\" \/>\n<meta property=\"og:description\" content=\"MenoSupport war ein Forschungsprojekt der Hochschule f\u00fcr Wirtschaft und RechtBerlin (HWR Berlin) und Hochschule f\u00fcr Technik und Wirtschaft Berlin (HTW Berlin). Projektleitung Prof. Dr. Andrea Rumler HWR Berlin Prof. Dr. Sabine NitscheHTW Berlin Wissenschaftliche Mitarbeiterinnen Julia MemmertJulia.Memmert@hwr-berlin.de Dr. Jennifer Ailed Chan de AvilaJennifer.Chan@htw-berlin.de Gef\u00f6rdert durch das Institut f\u00fcr angewandte Forschung Berlin\" \/>\n<meta property=\"og:url\" content=\"https:\/\/blog.hwr-berlin.de\/menosupport\/ueber-uns\/\" \/>\n<meta property=\"og:site_name\" content=\"Entwicklung innovativer BGM-Ma\u00dfnahmen f\u00fcr Frauen in der Menopause\" \/>\n<meta property=\"article:modified_time\" content=\"2024-09-30T14:11:17+00:00\" \/>\n<meta property=\"og:image\" content=\"https:\/\/blog.hwr-berlin.de\/menosupport\/wp-content\/uploads_menosupport\/2023\/07\/EBM1500-1024x684.jpg\" \/>\n<meta name=\"twitter:card\" content=\"summary_large_image\" \/>\n<meta name=\"twitter:label1\" content=\"Gesch\u00e4tzte Lesezeit\" \/>\n\t<meta name=\"twitter:data1\" content=\"2\u00a0Minuten\" \/>\n<script type=\"application\/ld+json\" class=\"yoast-schema-graph\">{\"@context\":\"https:\\\/\\\/schema.org\",\"@graph\":[{\"@type\":\"WebPage\",\"@id\":\"https:\\\/\\\/blog.hwr-berlin.de\\\/menosupport\\\/ueber-uns\\\/\",\"url\":\"https:\\\/\\\/blog.hwr-berlin.de\\\/menosupport\\\/ueber-uns\\\/\",\"name\":\"\u00dcber uns - Entwicklung innovativer BGM-Ma\u00dfnahmen f\u00fcr Frauen in der Menopause\",\"isPartOf\":{\"@id\":\"https:\\\/\\\/blog.hwr-berlin.de\\\/menosupport\\\/#website\"},\"primaryImageOfPage\":{\"@id\":\"https:\\\/\\\/blog.hwr-berlin.de\\\/menosupport\\\/ueber-uns\\\/#primaryimage\"},\"image\":{\"@id\":\"https:\\\/\\\/blog.hwr-berlin.de\\\/menosupport\\\/ueber-uns\\\/#primaryimage\"},\"thumbnailUrl\":\"https:\\\/\\\/blog.hwr-berlin.de\\\/menosupport\\\/wp-content\\\/uploads_menosupport\\\/2023\\\/07\\\/EBM1500-1024x684.jpg\",\"datePublished\":\"2023-05-08T11:49:56+00:00\",\"dateModified\":\"2024-09-30T14:11:17+00:00\",\"breadcrumb\":{\"@id\":\"https:\\\/\\\/blog.hwr-berlin.de\\\/menosupport\\\/ueber-uns\\\/#breadcrumb\"},\"inLanguage\":\"de\",\"potentialAction\":[{\"@type\":\"ReadAction\",\"target\":[\"https:\\\/\\\/blog.hwr-berlin.de\\\/menosupport\\\/ueber-uns\\\/\"]}]},{\"@type\":\"ImageObject\",\"inLanguage\":\"de\",\"@id\":\"https:\\\/\\\/blog.hwr-berlin.de\\\/menosupport\\\/ueber-uns\\\/#primaryimage\",\"url\":\"https:\\\/\\\/blog.hwr-berlin.de\\\/menosupport\\\/wp-content\\\/uploads_menosupport\\\/2023\\\/07\\\/EBM1500.jpg\",\"contentUrl\":\"https:\\\/\\\/blog.hwr-berlin.de\\\/menosupport\\\/wp-content\\\/uploads_menosupport\\\/2023\\\/07\\\/EBM1500.jpg\",\"width\":2000,\"height\":1336},{\"@type\":\"BreadcrumbList\",\"@id\":\"https:\\\/\\\/blog.hwr-berlin.de\\\/menosupport\\\/ueber-uns\\\/#breadcrumb\",\"itemListElement\":[{\"@type\":\"ListItem\",\"position\":1,\"name\":\"Startseite\",\"item\":\"https:\\\/\\\/blog.hwr-berlin.de\\\/menosupport\\\/\"},{\"@type\":\"ListItem\",\"position\":2,\"name\":\"\u00dcber uns\"}]},{\"@type\":\"WebSite\",\"@id\":\"https:\\\/\\\/blog.hwr-berlin.de\\\/menosupport\\\/#website\",\"url\":\"https:\\\/\\\/blog.hwr-berlin.de\\\/menosupport\\\/\",\"name\":\"Entwicklung innovativer BGM-Ma\u00dfnahmen f\u00fcr Frauen in der Menopause\",\"description\":\"MenoSupport - ein Forschungsprojekt der HWR Berlin und HTW Berlin\",\"potentialAction\":[{\"@type\":\"SearchAction\",\"target\":{\"@type\":\"EntryPoint\",\"urlTemplate\":\"https:\\\/\\\/blog.hwr-berlin.de\\\/menosupport\\\/?s={search_term_string}\"},\"query-input\":{\"@type\":\"PropertyValueSpecification\",\"valueRequired\":true,\"valueName\":\"search_term_string\"}}],\"inLanguage\":\"de\"}]}<\/script>\n<!-- \/ Yoast SEO plugin. -->","yoast_head_json":{"title":"\u00dcber uns - Entwicklung innovativer BGM-Ma\u00dfnahmen f\u00fcr Frauen in der Menopause","robots":{"index":"index","follow":"follow","max-snippet":"max-snippet:-1","max-image-preview":"max-image-preview:large","max-video-preview":"max-video-preview:-1"},"canonical":"https:\/\/blog.hwr-berlin.de\/menosupport\/ueber-uns\/","og_locale":"de_DE","og_type":"article","og_title":"\u00dcber uns - Entwicklung innovativer BGM-Ma\u00dfnahmen f\u00fcr Frauen in der Menopause","og_description":"MenoSupport war ein Forschungsprojekt der Hochschule f\u00fcr Wirtschaft und RechtBerlin (HWR Berlin) und Hochschule f\u00fcr Technik und Wirtschaft Berlin (HTW Berlin). Projektleitung Prof. Dr. Andrea Rumler HWR Berlin Prof. Dr. Sabine NitscheHTW Berlin Wissenschaftliche Mitarbeiterinnen Julia MemmertJulia.Memmert@hwr-berlin.de Dr. Jennifer Ailed Chan de AvilaJennifer.Chan@htw-berlin.de Gef\u00f6rdert durch das Institut f\u00fcr angewandte Forschung Berlin","og_url":"https:\/\/blog.hwr-berlin.de\/menosupport\/ueber-uns\/","og_site_name":"Entwicklung innovativer BGM-Ma\u00dfnahmen f\u00fcr Frauen in der Menopause","article_modified_time":"2024-09-30T14:11:17+00:00","og_image":[{"url":"https:\/\/blog.hwr-berlin.de\/menosupport\/wp-content\/uploads_menosupport\/2023\/07\/EBM1500-1024x684.jpg","type":"","width":"","height":""}],"twitter_card":"summary_large_image","twitter_misc":{"Gesch\u00e4tzte Lesezeit":"2\u00a0Minuten"},"schema":{"@context":"https:\/\/schema.org","@graph":[{"@type":"WebPage","@id":"https:\/\/blog.hwr-berlin.de\/menosupport\/ueber-uns\/","url":"https:\/\/blog.hwr-berlin.de\/menosupport\/ueber-uns\/","name":"\u00dcber uns - Entwicklung innovativer BGM-Ma\u00dfnahmen f\u00fcr Frauen in der Menopause","isPartOf":{"@id":"https:\/\/blog.hwr-berlin.de\/menosupport\/#website"},"primaryImageOfPage":{"@id":"https:\/\/blog.hwr-berlin.de\/menosupport\/ueber-uns\/#primaryimage"},"image":{"@id":"https:\/\/blog.hwr-berlin.de\/menosupport\/ueber-uns\/#primaryimage"},"thumbnailUrl":"https:\/\/blog.hwr-berlin.de\/menosupport\/wp-content\/uploads_menosupport\/2023\/07\/EBM1500-1024x684.jpg","datePublished":"2023-05-08T11:49:56+00:00","dateModified":"2024-09-30T14:11:17+00:00","breadcrumb":{"@id":"https:\/\/blog.hwr-berlin.de\/menosupport\/ueber-uns\/#breadcrumb"},"inLanguage":"de","potentialAction":[{"@type":"ReadAction","target":["https:\/\/blog.hwr-berlin.de\/menosupport\/ueber-uns\/"]}]},{"@type":"ImageObject","inLanguage":"de","@id":"https:\/\/blog.hwr-berlin.de\/menosupport\/ueber-uns\/#primaryimage","url":"https:\/\/blog.hwr-berlin.de\/menosupport\/wp-content\/uploads_menosupport\/2023\/07\/EBM1500.jpg","contentUrl":"https:\/\/blog.hwr-berlin.de\/menosupport\/wp-content\/uploads_menosupport\/2023\/07\/EBM1500.jpg","width":2000,"height":1336},{"@type":"BreadcrumbList","@id":"https:\/\/blog.hwr-berlin.de\/menosupport\/ueber-uns\/#breadcrumb","itemListElement":[{"@type":"ListItem","position":1,"name":"Startseite","item":"https:\/\/blog.hwr-berlin.de\/menosupport\/"},{"@type":"ListItem","position":2,"name":"\u00dcber uns"}]},{"@type":"WebSite","@id":"https:\/\/blog.hwr-berlin.de\/menosupport\/#website","url":"https:\/\/blog.hwr-berlin.de\/menosupport\/","name":"Entwicklung innovativer BGM-Ma\u00dfnahmen f\u00fcr Frauen in der Menopause","description":"MenoSupport - ein Forschungsprojekt der HWR Berlin und HTW Berlin","potentialAction":[{"@type":"SearchAction","target":{"@type":"EntryPoint","urlTemplate":"https:\/\/blog.hwr-berlin.de\/menosupport\/?s={search_term_string}"},"query-input":{"@type":"PropertyValueSpecification","valueRequired":true,"valueName":"search_term_string"}}],"inLanguage":"de"}]}},"_links":{"self":[{"href":"https:\/\/blog.hwr-berlin.de\/menosupport\/wp-json\/wp\/v2\/pages\/9","targetHints":{"allow":["GET"]}}],"collection":[{"href":"https:\/\/blog.hwr-berlin.de\/menosupport\/wp-json\/wp\/v2\/pages"}],"about":[{"href":"https:\/\/blog.hwr-berlin.de\/menosupport\/wp-json\/wp\/v2\/types\/page"}],"author":[{"embeddable":true,"href":"https:\/\/blog.hwr-berlin.de\/menosupport\/wp-json\/wp\/v2\/users\/1"}],"replies":[{"embeddable":true,"href":"https:\/\/blog.hwr-berlin.de\/menosupport\/wp-json\/wp\/v2\/comments?post=9"}],"version-history":[{"count":19,"href":"https:\/\/blog.hwr-berlin.de\/menosupport\/wp-json\/wp\/v2\/pages\/9\/revisions"}],"predecessor-version":[{"id":294,"href":"https:\/\/blog.hwr-berlin.de\/menosupport\/wp-json\/wp\/v2\/pages\/9\/revisions\/294"}],"wp:attachment":[{"href":"https:\/\/blog.hwr-berlin.de\/menosupport\/wp-json\/wp\/v2\/media?parent=9"}],"curies":[{"name":"wp","href":"https:\/\/api.w.org\/{rel}","templated":true}]}}