

{"id":2,"date":"2025-02-11T10:06:40","date_gmt":"2025-02-11T09:06:40","guid":{"rendered":"https:\/\/blog.hwr-berlin.de\/menosupportsuisse\/?page_id=2"},"modified":"2025-10-10T09:57:12","modified_gmt":"2025-10-10T07:57:12","slug":"beispiel-seite","status":"publish","type":"page","link":"https:\/\/blog.hwr-berlin.de\/menosupportsuisse\/","title":{"rendered":"MenoSupport Suisse"},"content":{"rendered":"\n<h1 style=\"font-size: 26px;\">Schweizweite Befragung zum Thema Wechseljahre am Arbeitsplatz<\/h1>\n\n\n\n<p>Im Rahmen des Forschungsprojekts MenoSupport Suisse wurden im Fr\u00fchjahr 2025 die pers\u00f6nlichen Erfahrungen von 2.259 Frauen in den Wechseljahren im Arbeitskontext untersucht. Ziel der Untersuchung war es, den Einfluss der Wechseljahre auf Arbeitsf\u00e4higkeit und Karriereentscheidungen zu evaluieren. Die erhobenen Daten unterst\u00fctzen Schweizer Unternehmen dabei, geeignete Ma\u00dfnahmen f\u00fcr das betriebliche Gesundheitsmanagement von Frauen in den Wechseljahren am Arbeitsplatz zu entwickeln.<\/p>\n\n\n\n<p>Das Forscherinnenteam der Hochschule f\u00fcr Wirtschaft und Recht Berlin und des Menopausenzentrums des Inselspitals Bern replizierten in der Schweiz mit Projektpartnern von The Women Circle die Befragung zu den Wechseljahren im Arbeitskontext aus Deutschland, die im Projekt MenoSupport entwickelt wurde.<\/p>\n\n\n\n<p><\/p>\n\n\n\n<p><\/p>\n\n\n\n<p><\/p>\n\n\n\n\n\n<p><\/p>\n\n\n\n<p><br><p><strong>PROJEKTLAUFZEIT<\/strong><\/p><\/p>\n\n\n\n<p>01.04.2025 \u2013 30.06.2025<\/p>\n\n\n\n<style>\n  .link-block-5 {\n    text-decoration: none !important;\n    border: none !important;\n    box-shadow: none !important;\n    -webkit-box-shadow: none !important;\n  }\n<\/style>\n\n<div class=\"logobannersection\"><a href=\"https:\/\/www.hwr-berlin.de\/\" target=\"_blank\" class=\"link-block-5 w-inline-block\"><div class=\"div-block-156\"><img decoding=\"async\" src=\"https:\/\/cdn.prod.website-files.com\/651adda8bdcf7f22afcb68d8\/67c1fe059fd4f58ddfffc6d4_Hogschule2.png\" loading=\"lazy\" alt=\"\" class=\"image-78\"><\/div><\/a><a href=\"https:\/\/www.insel.ch\/de\/\" target=\"_blank\" class=\"link-block-5 w-inline-block\"><div class=\"div-block-156\"><img decoding=\"async\" src=\"https:\/\/cdn.prod.website-files.com\/651adda8bdcf7f22afcb68d8\/67c1fe05dd2efc1344a40533_Inselspital.png\" loading=\"lazy\" alt=\"\" class=\"image-78\"><\/div><\/a><a href=\"https:\/\/thewomencircle.ch\/\" target=\"_blank\" class=\"link-block-5 w-inline-block\"><div class=\"div-block-156\"><img decoding=\"async\" src=\"https:\/\/cdn.prod.website-files.com\/651adda8bdcf7f22afcb68d8\/67c1fe05829beb9be44941fb_twc%20(1).png\" loading=\"lazy\" alt=\"\" class=\"image-78\"><\/div><\/a><\/div>\n\n\n\n<p><\/p>\n\n\n\n<p><\/p>\n\n\n\n<p><strong>PROBLEMSTELLUNG<\/strong><\/p>\n\n\n\n<p>Viele erwerbst\u00e4tige Frauen sind mit Beschwerden durch die Wechseljahre konfrontiert. Die hormonellen Umstellungen vor dem Einsetzen der Menopause (meist Anfang 50) beginnen oft bereits Anfang 40 in der sog. Perimenopause. Symptome der Betroffenen reichen von Hitzewallungen und Schlafst\u00f6rungen bis zu Konzentrationsschw\u00e4che und Stimmungsschwankungen. Studien aus Deutschland, \u00d6sterreich und Grossbritannien zeigen, dass Wechseljahresbeschwerden einen erheblichen Einfluss auf die Karriereentscheidungen von Frauen haben k\u00f6nnen. Viele betroffene Frauen sprechen allerdings aus Angst vor Stigmatisierung und Benachteiligung am Arbeitsplatz nicht \u00fcber ihre Symptome.<\/p>\n\n\n\n<p>Obwohl Frauen in den Wechseljahren in vielen Unternehmen einen bedeutenden Teil der Belegschaft ausmachen und mit ihrer Berufserfahrung sowie Fachexpertise wertvolles Humankapital darstellen, fehlen in der Schweiz Unterst\u00fctzungsangebote zur betrieblichen Gesundheitsf\u00f6rderung f\u00fcr diese Phase der hormonellen Umstellung.<\/p>\n\n\n\n<p><\/p>\n\n\n\n<p><\/p>\n\n\n\n<p><br><p><strong>ERGEBNISSE<\/strong><\/p><\/p>\n\n\n\n<p><a href=\"https:\/\/blog.hwr-berlin.de\/menosupportsuisse\/wp-content\/uploads_menosupportsuisse\/2025\/10\/MenoSupportSuisse_2025.pdf\">Ergebnispr\u00e4sentation zur landesweiten Befragung in der Schweiz<\/a><\/p>\n\n\n\n\n\n<p><\/p>\n\n\n\n<p><\/p>\n\n\n\n<p><br><p><strong><strong>KONTAKT<\/strong><\/strong><\/p><\/p>\n\n\n\n<p><strong>Projektleitung<\/strong><\/p>\n\n\n\n<div class=\"personcard\"><div class=\"div-block-157\"><img decoding=\"async\" src=\"https:\/\/cdn.prod.website-files.com\/651adda8bdcf7f22afcb68d8\/67c88315b2b00ea0cccc69fc_Andrea.jpg\" loading=\"lazy\" sizes=\"100vw\" srcset=\"https:\/\/cdn.prod.website-files.com\/651adda8bdcf7f22afcb68d8\/67c88315b2b00ea0cccc69fc_Andrea-p-500.jpg 500w, https:\/\/cdn.prod.website-files.com\/651adda8bdcf7f22afcb68d8\/67c88315b2b00ea0cccc69fc_Andrea.jpg 700w\" alt=\"\" class=\"image-79\"><\/div><div class=\"div-block-158\"><div class=\"div-block-159\"><div class=\"text-block-56\">Prof. Dr. Andrea Rumler<\/div><a href=\"https:\/\/www.linkedin.com\/in\/andrea-rumler-02291476\/\" target=\"_blank\" class=\"link-block-5 w-inline-block\"><img decoding=\"async\" src=\"https:\/\/cdn.prod.website-files.com\/651adda8bdcf7f22afcb68d8\/67c88315301045af65cc523e_Linked%20icon-03.svg\" loading=\"lazy\" alt=\"\" class=\"image-80\"><\/a><\/div><div class=\"text-block-58\">Professorin f\u00fcr allgemeine BWL und Marketing,<br>Hochschule f\u00fcr Wirtschaft und Recht Berlin,<\/div><a href=\"mailto:andrea.rumler@hwr-berlin.de\" class=\"link-block-6 w-inline-block\"><div class=\"text-block-57\">andrea.rumler@hwr-berlin.de<\/div><\/a><\/div><\/div>\n\n\n\n<p><strong>Medizinische Leitung<\/strong><\/p>\n\n\n\n<div class=\"personcard\"><div class=\"div-block-157\"><img decoding=\"async\" src=\"https:\/\/cdn.prod.website-files.com\/651adda8bdcf7f22afcb68d8\/67c883152151ebaeed24efc2_Petra%20Stute.jpg\" loading=\"lazy\" sizes=\"100vw\" srcset=\"https:\/\/cdn.prod.website-files.com\/651adda8bdcf7f22afcb68d8\/67c883152151ebaeed24efc2_Petra%20Stute-p-500.jpg 500w, https:\/\/cdn.prod.website-files.com\/651adda8bdcf7f22afcb68d8\/67c883152151ebaeed24efc2_Petra%20Stute.jpg 700w\" alt=\"\" class=\"image-79\"><\/div><div class=\"div-block-158\"><div class=\"div-block-159\"><div class=\"text-block-56\"><strong>Prof. Dr. med. Petra Stute<\/strong><\/div><a href=\"https:\/\/www.linkedin.com\/in\/petra-stute\/\" target=\"_blank\" class=\"link-block-5 w-inline-block\"><img decoding=\"async\" src=\"https:\/\/cdn.prod.website-files.com\/651adda8bdcf7f22afcb68d8\/67c88315301045af65cc523e_Linked%20icon-03.svg\" loading=\"lazy\" alt=\"\" class=\"image-80\"><\/a><\/div><div class=\"text-block-58\">Leitende \u00c4rztin und Stv. Chef\u00e4rztin Gyn\u00e4kologische Endokrinologie und Reproduktionsmedizin, Frauenklinik Inselspital Bern,<\/div><a href=\"mailto:petra.stute@insel.ch\" class=\"link-block-6 w-inline-block\"><div class=\"text-block-57\">petra.stute@insel.ch<\/div><\/a><\/div><\/div>\n\n<div class=\"personcard\"><div class=\"div-block-157\"><img decoding=\"async\" src=\"https:\/\/cdn.prod.website-files.com\/651adda8bdcf7f22afcb68d8\/67c883154b7d69fb16868f0b_Pavicic.jpg\" loading=\"lazy\" sizes=\"100vw\" srcset=\"https:\/\/cdn.prod.website-files.com\/651adda8bdcf7f22afcb68d8\/67c883154b7d69fb16868f0b_Pavicic-p-500.jpg 500w, https:\/\/cdn.prod.website-files.com\/651adda8bdcf7f22afcb68d8\/67c883154b7d69fb16868f0b_Pavicic.jpg 700w\" alt=\"\" class=\"image-79\"><\/div><div class=\"div-block-158\"><div class=\"div-block-159\"><div class=\"text-block-56\"><strong>Dr. med. Elena Pavicic<\/strong><\/div><a href=\"https:\/\/www.linkedin.com\/in\/elena-pavicic-650547218\/\" target=\"_blank\" class=\"link-block-5 w-inline-block\"><img decoding=\"async\" src=\"https:\/\/cdn.prod.website-files.com\/651adda8bdcf7f22afcb68d8\/67c88315301045af65cc523e_Linked%20icon-03.svg\" loading=\"lazy\" alt=\"\" class=\"image-80\"><\/a><\/div><div class=\"text-block-58\">PhD Research Fellow, Gyn\u00e4kologische Endokrinologie und Reproduktionsmedizin, Frauenklinik Inselspital Bern,<\/div><a href=\"mailto:elena.pavicic@insel.ch\" class=\"link-block-6 w-inline-block\"><div class=\"text-block-57\">elena.pavicic@insel.ch<\/div><\/a><\/div><\/div>\n<div class=\"personcard\"><div class=\"div-block-157\"><img decoding=\"async\" src=\"https:\/\/cdn.prod.website-files.com\/651adda8bdcf7f22afcb68d8\/67c8831cfe33233a89db22d8_Salome.jpg\" loading=\"lazy\" sizes=\"100vw\" srcset=\"https:\/\/cdn.prod.website-files.com\/651adda8bdcf7f22afcb68d8\/67c8831cfe33233a89db22d8_Salome-p-500.jpg 500w, https:\/\/cdn.prod.website-files.com\/651adda8bdcf7f22afcb68d8\/67c8831cfe33233a89db22d8_Salome.jpg 700w\" alt=\"\" class=\"image-79\"><\/div><div class=\"div-block-158\"><div class=\"div-block-159\"><div class=\"text-block-56\"><strong>Salome Kr\u00e4nzlin<\/strong><\/div><a href=\"https:\/\/www.linkedin.com\/in\/salome-kr%C3%A4nzlin-798ab52b5\/\" target=\"_blank\" class=\"link-block-5 w-inline-block\"><img decoding=\"async\" src=\"https:\/\/cdn.prod.website-files.com\/651adda8bdcf7f22afcb68d8\/67c88315301045af65cc523e_Linked%20icon-03.svg\" loading=\"lazy\" alt=\"\" class=\"image-80\"><\/a><\/div><div class=\"text-block-58\">Master of Medicine, Frauenklinik Inselspital Bern,<\/div><a href=\"mailto:salome.kraenzlin@students.unibe.ch\" class=\"link-block-6 w-inline-block\"><div class=\"text-block-57\">salome.kraenzlin@students.unibe.ch<\/div><\/a><\/div><\/div>\n\n\n\n<p><strong>Projektpartner<\/strong><\/p>\n\n\n\n<div class=\"personcard\"><div class=\"div-block-157\"><img decoding=\"async\" src=\"https:\/\/cdn.prod.website-files.com\/651adda8bdcf7f22afcb68d8\/67c8844d034eae85f4933bfd_Joelle.png\" loading=\"lazy\" sizes=\"100vw\" srcset=\"https:\/\/cdn.prod.website-files.com\/651adda8bdcf7f22afcb68d8\/67c8844d034eae85f4933bfd_Joelle-p-500.png 500w, https:\/\/cdn.prod.website-files.com\/651adda8bdcf7f22afcb68d8\/67c8844d034eae85f4933bfd_Joelle.png 700w\" alt=\"\" class=\"image-79\"><\/div><div class=\"div-block-158\"><div class=\"div-block-159\"><div class=\"text-block-56\"><strong>Dr. Jo\u00eblle Zingraff<\/strong><\/div><a href=\"https:\/\/www.linkedin.com\/in\/joellezingraff\" target=\"_blank\" class=\"link-block-5 w-inline-block\"><img decoding=\"async\" src=\"https:\/\/cdn.prod.website-files.com\/651adda8bdcf7f22afcb68d8\/67c88315301045af65cc523e_Linked%20icon-03.svg\" loading=\"lazy\" alt=\"\" class=\"image-80\"><\/a><\/div><div class=\"text-block-58\">Co-CEO The Women Circle AG, Rotkreuz,<\/div><a href=\"mailto:joelle.zingraff@thewomencircle.ch\" class=\"link-block-6 w-inline-block\"><div class=\"text-block-57\">joelle.zingraff@thewomencircle.ch<\/div><\/a><\/div><\/div>\n\n<div class=\"personcard\"><div class=\"div-block-157\"><img decoding=\"async\" src=\"https:\/\/cdn.prod.website-files.com\/651adda8bdcf7f22afcb68d8\/67c88441e9c777f1eed6d60f_Adrian.png\" loading=\"lazy\" sizes=\"100vw\" srcset=\"https:\/\/cdn.prod.website-files.com\/651adda8bdcf7f22afcb68d8\/67c88441e9c777f1eed6d60f_Adrian-p-500.png 500w, https:\/\/cdn.prod.website-files.com\/651adda8bdcf7f22afcb68d8\/67c88441e9c777f1eed6d60f_Adrian.png 700w\" alt=\"\" class=\"image-79\"><\/div><div class=\"div-block-158\"><div class=\"div-block-159\"><div class=\"text-block-56\"><strong>Dr. Adrian Krahn<\/strong><\/div><a href=\"https:\/\/www.linkedin.com\/in\/adrian-krahn\" target=\"_blank\" class=\"link-block-5 w-inline-block\"><img decoding=\"async\" src=\"https:\/\/cdn.prod.website-files.com\/651adda8bdcf7f22afcb68d8\/67c88315301045af65cc523e_Linked%20icon-03.svg\" loading=\"lazy\" alt=\"\" class=\"image-80\"><\/a><\/div><div class=\"text-block-58\">Co-CEO The Women Circle AG, Rotkreuz,<\/div><a href=\"mailto:adrian.krahn@thewomencircle.ch\" class=\"link-block-6 w-inline-block\"><div class=\"text-block-57\">adrian.krahn@thewomencircle.ch<\/div><\/a><\/div><\/div>\n\n\n\n<p><\/p>\n\n\n\n<p><\/p>\n\n\n\n<html>\n<style>\n html {\n            scroll-behavior: smooth;\n        }\n<\/style>\n<div id=\"section\">\n  \n    <\/div>\n<\/html>\n\n\n\n<figure class=\"wp-block-gallery has-nested-images columns-default is-cropped wp-block-gallery-1 is-layout-flex wp-block-gallery-is-layout-flex\">\n<figure class=\"wp-block-image size-full\"><img loading=\"lazy\" decoding=\"async\" width=\"2560\" height=\"1710\" data-id=\"77\" src=\"https:\/\/blog.hwr-berlin.de\/menosupportsuisse\/wp-content\/uploads_menosupportsuisse\/2025\/02\/wekseljare-scaled.jpg\" alt=\"\" class=\"wp-image-77\" srcset=\"https:\/\/blog.hwr-berlin.de\/menosupportsuisse\/wp-content\/uploads_menosupportsuisse\/2025\/02\/wekseljare-scaled.jpg 2560w, https:\/\/blog.hwr-berlin.de\/menosupportsuisse\/wp-content\/uploads_menosupportsuisse\/2025\/02\/wekseljare-300x200.jpg 300w, https:\/\/blog.hwr-berlin.de\/menosupportsuisse\/wp-content\/uploads_menosupportsuisse\/2025\/02\/wekseljare-1024x684.jpg 1024w, https:\/\/blog.hwr-berlin.de\/menosupportsuisse\/wp-content\/uploads_menosupportsuisse\/2025\/02\/wekseljare-768x513.jpg 768w, https:\/\/blog.hwr-berlin.de\/menosupportsuisse\/wp-content\/uploads_menosupportsuisse\/2025\/02\/wekseljare-1536x1026.jpg 1536w, https:\/\/blog.hwr-berlin.de\/menosupportsuisse\/wp-content\/uploads_menosupportsuisse\/2025\/02\/wekseljare-2048x1368.jpg 2048w\" sizes=\"auto, (max-width: 767px) 89vw, (max-width: 1000px) 54vw, (max-width: 1071px) 543px, 580px\" \/><\/figure>\n<\/figure>\n\n\n\n<p><\/p>\n\n\n\n<p><br><p><strong>LINKS<\/strong><\/p><\/p>\n\n\n\n<p><a href=\"https:\/\/www.hwr-berlin.de\/\">Hochschule f\u00fcr Wirtschaft und Recht Berlin<\/a><\/p>\n\n\n\n<p><a href=\"https:\/\/www.insel.ch\/de\/\" data-type=\"link\" data-id=\"https:\/\/www.insel.ch\/de\/\">Inselspital<\/a><\/p>\n\n\n\n<p><a href=\"https:\/\/thewomencircle.ch\/\" data-type=\"link\" data-id=\"https:\/\/thewomencircle.ch\/\">The Women Circle<\/a><\/p>\n\n\n\n<style>\n.site-title{\ntext-transform: none !important;\n}\n.ctabutton.buy2.lading.specialcta{\nfont-family: 'RobotoCondensed', sans-serif !important;\nfont-weight: 700 !important;\nbackground-color: #D50C2F;\ntext-transform: uppercase !important;\n}\n\n.ctabutton.buy2.lading.specialcta:hover{\n\n}\n\n<\/style>\n<link href=\"https:\/\/cdn.prod.website-files.com\/651adda8bdcf7f22afcb68d8\/css\/the-women-circle.webflow.9da69f028.css\" rel=\"stylesheet\" type=\"text\/css\">\n\n\n\n<p><\/p>\n\n\n\n\n\n<p><\/p>\n","protected":false},"excerpt":{"rendered":"<p>Schweizweite Befragung zum Thema Wechseljahre am Arbeitsplatz Im Rahmen des Forschungsprojekts MenoSupport Suisse wurden im Fr\u00fchjahr 2025 die pers\u00f6nlichen Erfahrungen von 2.259 Frauen in den Wechseljahren im Arbeitskontext untersucht. Ziel der Untersuchung war es, den Einfluss der Wechseljahre auf Arbeitsf\u00e4higkeit und Karriereentscheidungen zu evaluieren. Die erhobenen Daten unterst\u00fctzen Schweizer Unternehmen dabei, geeignete Ma\u00dfnahmen f\u00fcr das &hellip; <\/p>\n<p class=\"link-more\"><a href=\"https:\/\/blog.hwr-berlin.de\/menosupportsuisse\/\" class=\"more-link\"><span class=\"screen-reader-text\">\u201eMenoSupport Suisse\u201c <\/span>weiterlesen<\/a><\/p>\n","protected":false},"author":1,"featured_media":0,"parent":0,"menu_order":0,"comment_status":"closed","ping_status":"open","template":"","meta":{"footnotes":""},"class_list":["post-2","page","type-page","status-publish","hentry"],"_links":{"self":[{"href":"https:\/\/blog.hwr-berlin.de\/menosupportsuisse\/wp-json\/wp\/v2\/pages\/2","targetHints":{"allow":["GET"]}}],"collection":[{"href":"https:\/\/blog.hwr-berlin.de\/menosupportsuisse\/wp-json\/wp\/v2\/pages"}],"about":[{"href":"https:\/\/blog.hwr-berlin.de\/menosupportsuisse\/wp-json\/wp\/v2\/types\/page"}],"author":[{"embeddable":true,"href":"https:\/\/blog.hwr-berlin.de\/menosupportsuisse\/wp-json\/wp\/v2\/users\/1"}],"replies":[{"embeddable":true,"href":"https:\/\/blog.hwr-berlin.de\/menosupportsuisse\/wp-json\/wp\/v2\/comments?post=2"}],"version-history":[{"count":92,"href":"https:\/\/blog.hwr-berlin.de\/menosupportsuisse\/wp-json\/wp\/v2\/pages\/2\/revisions"}],"predecessor-version":[{"id":214,"href":"https:\/\/blog.hwr-berlin.de\/menosupportsuisse\/wp-json\/wp\/v2\/pages\/2\/revisions\/214"}],"wp:attachment":[{"href":"https:\/\/blog.hwr-berlin.de\/menosupportsuisse\/wp-json\/wp\/v2\/media?parent=2"}],"curies":[{"name":"wp","href":"https:\/\/api.w.org\/{rel}","templated":true}]}}